{"id":241,"date":"2022-06-15T22:17:14","date_gmt":"2022-06-15T22:17:14","guid":{"rendered":"https:\/\/betting.com\/de\/?page_id=241"},"modified":"2023-08-02T12:31:07","modified_gmt":"2023-08-02T12:31:07","slug":"tipps","status":"publish","type":"page","link":"https:\/\/betting.com\/de\/norwegen-eliteserien\/tipps","title":{"rendered":"Eliteserien Wett Tipps"},"content":{"rendered":"<div class=\" container-white py-8\">\n\t<div class=\"wp-block-container-toc  \">\n\t\t\t<div class=\"bg-white\">\n\t<div class=\"flex flex-col-reverse lg:flex-row lg:gap-8 py-10\">\n\t\t<article class=\"max-w-[960px] flex-grow\" data-bt-content>\n\t\t\t\n<h2 class=\"wp-block-heading\" id=\"eliteserien-wett-tipps-fur-die-heutigen-veranstaltungen\">Eliteserien-Wett Tipps f\u00fcr die heutigen Veranstaltungen<\/h2>\n\n\n\n<p>Norwegens h\u00f6chste Fu\u00dfballliga, die Eliteserien, hat in den letzten Jahren sowohl in der Popularit\u00e4t als auch in der Qualit\u00e4t au\u00dfergew\u00f6hnlich stark zugelegt.&nbsp;<\/p>\n\n\n\n<p>Die norwegische Nationalmannschaft hat sich in den letzten Jahren bei gro\u00dfen Turnieren sehr gut geschlagen, was zu einem gro\u00dfen Teil auf die kontinuierliche Verbesserung der eigenen Liga zur\u00fcckzuf\u00fchren ist.&nbsp;<\/p>\n\n\n\n<p>Nur wenige Spieler haben den Weltfu\u00dfball aus norwegischer Sicht so sehr beeindruckt wie der derzeitige Manager von Manchester United, Ole Gunnar Solskjaer, und Wunderkind Erling Haaland &#8211; beide sind Ausnahmetalente. Mit der steigenden Anzahl an hochkar\u00e4tigen Importspielern zieht die Liga auch immer mehr internationale Wettende an, die versuchen, einen Vorteil gegen\u00fcber den Wettb\u00fcros zu erzielen.&nbsp;<\/p>\n\n\n\n<p>Die 100% verifizierten Tippgeber von Betting.com haben dies ebenfalls bemerkt, und das Angebot und die Nachfrage nach Eliteserien-Tipps beginnen zu wachsen.<\/p>\n\n\n\n<h2 class=\"wp-block-heading\" id=\"welcher-bonus-ist-der-beste-fur-meine-eliteserien-wetten\">Welcher Bonus ist der Beste f\u00fcr meine Eliteserien-Wetten?<\/h2>\n\n\n\n<p>Mit dem fantastischen Neukundenangebot von Bet365 erh\u00e4ltst du bis zu 100 \u20ac gutgeschrieben. Bei diesem Angebot musst du mindestens 5 \u20ac oder maximal 100 \u20ac einzahlen, und der Buchmacher verdoppelt den eingezahlten Betrag. Das bedeutet, dass du so viel oder so wenig von deinem Neukunden-Bonus bekommst, wie du willst, was bedeutet, dass sowohl Spieler mit gro\u00dfen als auch mit kleinen Geldbetr\u00e4gen auf ihre Kosten kommen.<\/p>\n\n\n\n<p>Nat\u00fcrlich gibt es noch eine Reihe anderer Buchmacher, die mit gro\u00dfz\u00fcgigen Angeboten f\u00fcr Neu- und Bestandskunden aufwarten: Gratiswetten, Acca-Versicherung, risikofreie Wetten und vieles mehr werden angeboten.<\/p>\n\n\n\n<h2 class=\"wp-block-heading\" id=\"wie-werden-unsere-wetttipps-erstellt\">Wie werden unsere Wetttipps erstellt?<\/h2>\n\n\n\n<p>Unsere Wetttipps werden mit einer gro\u00dfen Menge an Recherche und Wissen erstellt. Wenn es darum geht, auf Eliteserien-Wett Tipps zu setzen, solltest du sicherstellen, dass du zuerst der Wettseite und ihren Tippern vertraust, und darauf kannst du dich bei Betting.com verlassen.<\/p>\n\n\n\n<p>Wir geben alle unsere Wett Tipps im guten Glauben ab, was bedeutet, dass wir keine Wett Tipps ver\u00f6ffentlichen, die wir nicht selbst unterst\u00fctzen w\u00fcrden.&nbsp;<\/p>\n\n\n\n<p>Nat\u00fcrlich k\u00f6nnen wir nicht versprechen, dass jeder einzelne unserer Eliteserien-Tipps gewinnen wird, aber du wei\u00dft, dass du Tipps bekommst, die von Experten stammen, die den Eliteserien-Fu\u00dfball leben und die \u00fcber jahrelange Erfahrung und Wissen verf\u00fcgen, das hinter jedem einzelnen kostenlosen Wett Tipp und jeder Vorhersage steht.<\/p>\n\n\n\n<h2 class=\"wp-block-heading\" id=\"fur-welche-eliteserien-spiele-bieten-wir-tipps-an\">F\u00fcr welche Eliteserien-Spiele bieten wir Tipps an?<\/h2>\n\n\n\n<p>Du kannst Eliteserien-Wett Tipps und Vorhersagen f\u00fcr fast jedes einzelne Spiel der Saison finden. Die Eliteserien-Wetttipps und Prognosen stammen aus unserem Netzwerk von Expertentippern, wobei die Erfolgsquote bei unseren Wettvorhersagen au\u00dfergew\u00f6hnlich hoch ist.<\/p>\n\n\n\n<p>Du findest also Wett Tipps und Empfehlungen f\u00fcr Spitzenspiele, Abstiegsk\u00e4mpfe und auch f\u00fcr Begegnungen im Mittelfeld, nahezu alle Spiele der norwegischen Spitzenklasse werden abgedeckt.<\/p>\n\n\n\n<h2 class=\"wp-block-heading\" id=\"wie-oft-veroffentlichen-wir-unsere-eliteserien-wett-tipps\">Wie oft ver\u00f6ffentlichen wir unsere Eliteserien-Wett Tipps?<\/h2>\n\n\n\n<p>Du findest t\u00e4glich Tipps f\u00fcr eine Vielzahl von verschiedenen Ligen, darunter auch f\u00fcr die Eliteserien. Unsere Wett Tipps und Vorhersagen werden in der Regel am Tag vor dem Spiel ver\u00f6ffentlicht, einige jedoch auch noch am selben Tag, abh\u00e4ngig vom Spiel selbst. Das liegt daran, dass unsere Tipper dir die aktuellsten und fundiertesten Tipps geben wollen, die sie abgeben k\u00f6nnen.<\/p>\n\n\n\n<h2 class=\"wp-block-heading\" id=\"alles-was-du-uber-eliteserien-wetten-wissen-muss\">Alles, was du \u00fcber Eliteserien-Wetten wissen muss<\/h2>\n\n\n\n<p>Wenn du auf Eliteserien-Wett Tipps oder andere Wett Tipps setzt, kannst du deine Wette auf ein ganz neues Niveau anheben. Mit Hilfe von Experten-Tippgebern kannst du sicherstellen, dass du keine Wetten abschlie\u00dft, die ein Unwissender machen w\u00fcrde.<\/p>\n\n\n\n<p>Du wirst sehen, dass die beliebtesten Wetten in der Regel Matchwinner und Torwetten sind. Matchwinner ist der einfachste aller M\u00e4rkte, da du einfach auf einen Sieg von Mannschaft A, Mannschaft B oder ein Unentschieden wettest.<\/p>\n\n\n\n<p>Bei den Torsch\u00fctzenm\u00e4rkten handelt es sich in der Regel um &#8222;Jederzeitiger Torsch\u00fctze&#8220;, &#8222;Erster Torsch\u00fctze&#8220; und &#8222;Letzter Torsch\u00fctze&#8220;. Bei &#8222;Jederzeitiger Torsch\u00fctze&#8220; gewinnst du, wenn der von dir gew\u00e4hlte Spieler zu einem beliebigen Zeitpunkt einsetzt.&nbsp;<\/p>\n\n\n\n<p>Beim ersten und letzten Torsch\u00fctzen setzt man auf den Spieler, von dem man annimmt, dass er als Erster bzw. Letzter trifft, d.h. man verliert, wenn der Spieler zwar trifft, aber nicht zum richtigen Zeitpunkt.<\/p>\n\n\n\n<h2 class=\"wp-block-heading\" id=\"welche-buchmacher-gelten-als-die-besten-fur-eliteserien\">Welche Buchmacher gelten als die besten f\u00fcr Eliteserien<\/h2>\n\n\n\n<p>Der beste Buchmacher f\u00fcr Eliteserien-Wetten ist zweifelsohne bet365. Der Buchmacher r\u00fchmt sich, der beste Buchmacher der Welt zu sein, und er entt\u00e4uscht nicht, wenn es um Wetten auf Norwegens h\u00f6chste Fu\u00dfballliga geht.&nbsp;<\/p>\n\n\n\n<p>Das Angebot an Quoten f\u00fcr offene und spielspezifische M\u00e4rkte ist unglaublich beeindruckend, w\u00e4hrend sie auch hervorragende Funktionen und gro\u00dfz\u00fcgige Werbeaktionen sowie attraktive Quoten anbieten.<\/p>\n\n\n\n<p>Nat\u00fcrlich kannst du auch auf eine Reihe anderer Buchmacher zur\u00fcckgreifen, aber bet365 bietet dir das umfassendste Angebot.<\/p>\n\n\t\t<\/article>\n\t\t<div class=\"lg:w-[300px] lg:flex-shrink-0 relative\" x-data=\"{show_toc: false}\">\n\t\t\t<div class=\"lg:sticky lg:top-4 z-30\">\n\t\t\t\t<div class=\"fixed -top-64 left-0 w-full z-50 lg:static transition-all hidden lg:block\" id=\"fixed-toc\">\n\t\t\t\t\t<div>\n\t\t\t\t<div class=\"border-b border-solid border-gray-30 text-lg font-bold lg:pt-7 max-lg:px-4 py-3 flex items-center justify-between bg-white lg:bg-transparent\">\n\t\t\tWas gibt es auf dieser Seite\n\t\t\t<button @click=\"show_toc = true\" class=\"btn btn-red-outline-white block lg:hidden\">Jump to<\/button>\n\t\t<\/div>\n\t\t\t\t<div\n\t\t\tclass=\"max-lg:fixed max-lg:top-0 max-lg:left-0 max-lg:w-screen max-lg:h-screen max-lg:bg-gray-70 max-lg:bg-opacity-75 max-lg:hidden\"\n\t\t\t:class=\"{'max-lg:hidden': !show_toc}\"\n\t\t\t@click=\"show_toc = false\"\n\t\t>\n\t\t\t<div class=\"max-lg:absolute max-lg:bottom-0 max-lg:left-0 max-lg:w-screen bg-white lg:bg-transparent\">\n\t\t\t\t\t\t\t\t<div class=\"flex lg:hidden items-center justify-between mx-4 border-b border-solid border-gray-30 pt-6 pb-2 font-bold\">\n\n\t\t\t\t\tAuf dieser Seite\n\t\t\t\t\t<button @click=\"show_toc = false\">\n\t\t\t\t\t\t<svg class=\"w-5 h-5 text-gray-100\" xmlns=\"http:\/\/www.w3.org\/2000\/svg\" fill=\"none\" stroke=\"currentColor\" stroke-width=\"1.5\" class=\"w-6 h-6\" viewBox=\"0 0 24 24\"><path stroke-linecap=\"round\" stroke-linejoin=\"round\" d=\"M6 18 18 6M6 6l12 12\"\/><\/svg>\t\t\t\t\t<\/button>\n\t\t\t\t<\/div>\n\t\t\t\t<ul id=\"toc\" class=\"mt-5 max-h-[85vh] overflow-y-auto list-none bt-scrollbars\">\n\n\t\t\t\t\t\t\t\t\t\t\t<li>\n\t\t\t\t\t\t\t<a href=\"#eliteserien-wett-tipps-fur-die-heutigen-veranstaltungen\" data-bt-toc-item=\"eliteserien-wett-tipps-fur-die-heutigen-veranstaltungen\"\n\t\t\t\t\t\t\t\t @click=\"show_toc = false\"\n\t\t\t\t\t\t\t\t class=\"block px-4 py-2 text-black border-l-4 border-solid border-transparent hover:border-red-100 transition-all hover:!border-b-0 hover:font-bold\">\nEliteserien-Wett Tipps f\u00fcr die heutigen Veranstaltungen\n<\/a>\n\t\t\t\t\t\t<\/li>\n\t\t\t\t\t\t\t\t\t\t\t<li>\n\t\t\t\t\t\t\t<a href=\"#welcher-bonus-ist-der-beste-fur-meine-eliteserien-wetten\" data-bt-toc-item=\"welcher-bonus-ist-der-beste-fur-meine-eliteserien-wetten\"\n\t\t\t\t\t\t\t\t @click=\"show_toc = false\"\n\t\t\t\t\t\t\t\t class=\"block px-4 py-2 text-black border-l-4 border-solid border-transparent hover:border-red-100 transition-all hover:!border-b-0 hover:font-bold\">\nWelcher Bonus ist der Beste f\u00fcr meine Eliteserien-Wetten?\n<\/a>\n\t\t\t\t\t\t<\/li>\n\t\t\t\t\t\t\t\t\t\t\t<li>\n\t\t\t\t\t\t\t<a href=\"#wie-werden-unsere-wetttipps-erstellt\" data-bt-toc-item=\"wie-werden-unsere-wetttipps-erstellt\"\n\t\t\t\t\t\t\t\t @click=\"show_toc = false\"\n\t\t\t\t\t\t\t\t class=\"block px-4 py-2 text-black border-l-4 border-solid border-transparent hover:border-red-100 transition-all hover:!border-b-0 hover:font-bold\">\nWie werden unsere Wetttipps erstellt?\n<\/a>\n\t\t\t\t\t\t<\/li>\n\t\t\t\t\t\t\t\t\t\t\t<li>\n\t\t\t\t\t\t\t<a href=\"#fur-welche-eliteserien-spiele-bieten-wir-tipps-an\" data-bt-toc-item=\"fur-welche-eliteserien-spiele-bieten-wir-tipps-an\"\n\t\t\t\t\t\t\t\t @click=\"show_toc = false\"\n\t\t\t\t\t\t\t\t class=\"block px-4 py-2 text-black border-l-4 border-solid border-transparent hover:border-red-100 transition-all hover:!border-b-0 hover:font-bold\">\nF\u00fcr welche Eliteserien-Spiele bieten wir Tipps an?\n<\/a>\n\t\t\t\t\t\t<\/li>\n\t\t\t\t\t\t\t\t\t\t\t<li>\n\t\t\t\t\t\t\t<a href=\"#wie-oft-veroffentlichen-wir-unsere-eliteserien-wett-tipps\" data-bt-toc-item=\"wie-oft-veroffentlichen-wir-unsere-eliteserien-wett-tipps\"\n\t\t\t\t\t\t\t\t @click=\"show_toc = false\"\n\t\t\t\t\t\t\t\t class=\"block px-4 py-2 text-black border-l-4 border-solid border-transparent hover:border-red-100 transition-all hover:!border-b-0 hover:font-bold\">\nWie oft ver\u00f6ffentlichen wir unsere Eliteserien-Wett Tipps?\n<\/a>\n\t\t\t\t\t\t<\/li>\n\t\t\t\t\t\t\t\t\t\t\t<li>\n\t\t\t\t\t\t\t<a href=\"#alles-was-du-uber-eliteserien-wetten-wissen-muss\" data-bt-toc-item=\"alles-was-du-uber-eliteserien-wetten-wissen-muss\"\n\t\t\t\t\t\t\t\t @click=\"show_toc = false\"\n\t\t\t\t\t\t\t\t class=\"block px-4 py-2 text-black border-l-4 border-solid border-transparent hover:border-red-100 transition-all hover:!border-b-0 hover:font-bold\">\nAlles, was du \u00fcber Eliteserien-Wetten wissen muss\n<\/a>\n\t\t\t\t\t\t<\/li>\n\t\t\t\t\t\t\t\t\t\t\t<li>\n\t\t\t\t\t\t\t<a href=\"#welche-buchmacher-gelten-als-die-besten-fur-eliteserien\" data-bt-toc-item=\"welche-buchmacher-gelten-als-die-besten-fur-eliteserien\"\n\t\t\t\t\t\t\t\t @click=\"show_toc = false\"\n\t\t\t\t\t\t\t\t class=\"block px-4 py-2 text-black border-l-4 border-solid border-transparent hover:border-red-100 transition-all hover:!border-b-0 hover:font-bold\">\nWelche Buchmacher gelten als die besten f\u00fcr Eliteserien\n<\/a>\n\t\t\t\t\t\t<\/li>\n\t\t\t\t\t\t\t\t\t<\/ul>\n\t\t\t\t\t\t\t\t\t\t\t<\/div>\n\t\t<\/div>\n\t<\/div>\n\t\t\t\t\t<\/div>\n\t\t\t<\/div>\n\t\t<\/div>\n\t<\/div>\n<\/div>\n\t<\/div>\n<\/div>\n\n","protected":false},"excerpt":{"rendered":"","protected":false},"author":6,"featured_media":449,"parent":908,"menu_order":1000,"comment_status":"closed","ping_status":"closed","template":"","meta":{"footnotes":""},"tags":[],"acf":[],"_links":{"self":[{"href":"https:\/\/betting.com\/de\/wp-json\/wp\/v2\/pages\/241"}],"collection":[{"href":"https:\/\/betting.com\/de\/wp-json\/wp\/v2\/pages"}],"about":[{"href":"https:\/\/betting.com\/de\/wp-json\/wp\/v2\/types\/page"}],"author":[{"embeddable":true,"href":"https:\/\/betting.com\/de\/wp-json\/wp\/v2\/users\/6"}],"replies":[{"embeddable":true,"href":"https:\/\/betting.com\/de\/wp-json\/wp\/v2\/comments?post=241"}],"version-history":[{"count":6,"href":"https:\/\/betting.com\/de\/wp-json\/wp\/v2\/pages\/241\/revisions"}],"predecessor-version":[{"id":6184,"href":"https:\/\/betting.com\/de\/wp-json\/wp\/v2\/pages\/241\/revisions\/6184"}],"up":[{"embeddable":true,"href":"https:\/\/betting.com\/de\/wp-json\/wp\/v2\/pages\/908"}],"wp:featuredmedia":[{"embeddable":true,"href":"https:\/\/betting.com\/de\/wp-json\/wp\/v2\/media\/449"}],"wp:attachment":[{"href":"https:\/\/betting.com\/de\/wp-json\/wp\/v2\/media?parent=241"}],"wp:term":[{"taxonomy":"post_tag","embeddable":true,"href":"https:\/\/betting.com\/de\/wp-json\/wp\/v2\/tags?post=241"}],"curies":[{"name":"wp","href":"https:\/\/api.w.org\/{rel}","templated":true}]}}