{"id":238,"date":"2022-06-15T22:04:35","date_gmt":"2022-06-15T22:04:35","guid":{"rendered":"https:\/\/betting.com\/de\/?page_id=238"},"modified":"2023-08-02T12:31:07","modified_gmt":"2023-08-02T12:31:07","slug":"tipps","status":"publish","type":"page","link":"https:\/\/betting.com\/de\/mls\/tipps","title":{"rendered":"MLS Wett Tipps"},"content":{"rendered":"<div class=\" container-white py-8\">\n\t<div class=\"wp-block-container-toc  \">\n\t\t\t<div class=\"bg-white\">\n\t<div class=\"flex flex-col-reverse lg:flex-row lg:gap-8 py-10\">\n\t\t<article class=\"max-w-[960px] flex-grow\" data-bt-content>\n\t\t\t\n<h2 class=\"wp-block-heading\" id=\"mls-wett-tipps-fur-die-heutigen-veranstaltungen\">MLS-Wett Tipps f\u00fcr die heutigen Veranstaltungen<\/h2>\n\n\n\n<p>Obwohl der Fu\u00dfball in Amerika nicht so gro\u00df ist wie in anderen L\u00e4ndern, w\u00e4chst im Vereinigten K\u00f6nigreich und in Europa langsam der Wunsch, Amerikas gr\u00f6\u00dfte Liga zu sehen und darauf zu wetten. Ein Beispiel daf\u00fcr sind die Transfers einer Reihe gro\u00dfer Namen aus Europa in die MLS (Major League Soccer).<\/p>\n\n\n\n<p>Obwohl sich viele dieser Spieler dem Ende ihrer Karriere n\u00e4hern, ziehen sie immer noch viele Fans an und sorgen f\u00fcr Aufmerksamkeit. Das bedeutet ganz einfach, dass es noch nie einen besseren Zeitpunkt gab, um auf die MLS zu wetten.&nbsp;<\/p>\n\n\n\n<p>Daher brauchst du einen Raum, in dem du die besten MLS-Wett Tipps und -Vorhersagen bekommst, und da bist du bei uns an der richtigen Adresse.&nbsp;<\/p>\n\n\n\n<p>Betting.com verf\u00fcgt \u00fcber eine Reihe hervorragender MLS-Tipper, die auf jahrelange Erfahrung zur\u00fcckblicken k\u00f6nnen und die F\u00e4higkeit besitzen, sich intensiv mit den Statistiken und Daten auseinanderzusetzen. Sie wollen dir helfen, die besten Wett Tipps abzugeben.<\/p>\n\n\n\n<h2 class=\"wp-block-heading\" id=\"welche-buchmacher-sind-die-besten-fur-mls\">Welche Buchmacher sind die besten f\u00fcr MLS?<\/h2>\n\n\n\n<p>Wie immer h\u00e4ngt dies von deinen pers\u00f6nlichen Vorlieben ab. Wir sind jedoch der Meinung, dass 888sport und bet365 die besten MLS-Wettanbieter auf dem Markt sind. Ihr exzellentes Angebot an Boni und attraktiven Quoten hat dazu beigetragen, dass sie sich an die Spitze der Buchmacher gesetzt haben.<\/p>\n\n\n\n<p><em>\u201cNeben unserer Auswahl der besten Buchmacher findest du eine ganze Reihe weiterer M\u00f6glichkeiten. Ehrlich gesagt, solltest du versuchen, einen Buchmacher zu w\u00e4hlen, der die von dir gew\u00fcnschten M\u00e4rkte anbietet und dir gleichzeitig einen Bonus gew\u00e4hrt, den du auch nutzen m\u00f6chtest.\u201d<\/em><\/p>\n\n\n\n<h2 class=\"wp-block-heading\" id=\"wie-erstellen-wir-unsere-wett-tipps\">Wie erstellen wir unsere Wett Tipps?<\/h2>\n\n\n\n<p>Um dir die besten Wett Tipps geben zu k\u00f6nnen, stellen unsere Tipp-Experten sicher, dass sie f\u00fcr jeden einzelnen MLS-Wett Tipp, den sie dir geben, eine unglaubliche Menge an Recherche betreiben.&nbsp;<\/p>\n\n\n\n<p>Die M\u00f6glichkeit einen Blick auf Kopf-an-Kopf-Rennen, historische Ergebnisse, aktuelle Ereignisse bei den Vereinen, Tor- und Assist-Tabellen und Defensiv-Rekorde zu werfen, bedeutet, dass wir in der Lage sind, uns ein sehr abgerundetes Bild davon zu machen, wie das Spiel verlaufen k\u00f6nnte.<\/p>\n\n\n\n<p>Von hier aus durchsuchen unsere Tipper jeden einzelnen Wettmarkt, um die besten Tipps f\u00fcr diese Runde der MLS-Spiele zu finden.<\/p>\n\n\n\n<p>Wichtig ist, dass wir dir niemals einen Tipp geben werden, den wir nicht auch selbst geben w\u00fcrden. Wir wissen, dass Vertrauen unglaublich wichtig ist, wenn es um eine Wetttipp-Seite geht, und hier bei betting.com werden wir dir niemals einen Wett Tipp geben, den wir nicht unterst\u00fctzen oder an den wir nicht glauben w\u00fcrden.<\/p>\n\n\n\n<p>Wir k\u00f6nnen zwar nicht garantieren, dass alle MLS-Wett Tipps und -Vorhersagen zu Gewinnern werden, aber die Tipper geben alle Tipps in gutem Glauben ab.<\/p>\n\n\n\n<h2 class=\"wp-block-heading\" id=\"fur-welche-mls-spiele-bieten-wir-tipps-an\">F\u00fcr welche MLS-Spiele bieten wir Tipps an?<\/h2>\n\n\n\n<p>Wie bereits erw\u00e4hnt, gewinnt die MLS sowohl in Amerika als auch auf der ganzen Welt schnell an Beliebtheit. Dies bedeutet, dass wir in der Lage sind, Tipps und Vorhersagen f\u00fcr eine Vielzahl von Spielen in der Liga anzubieten.&nbsp;<\/p>\n\n\n\n<p>Unsere MLS-Wetttipps von unseren Tippern stammen ausschlie\u00dflich von echten Experten, wobei die Quote der erfolgreichen Wetten sehr hoch ist. Egal, ob du auf ein gro\u00dfes Derby, ein Duell an der Tabellenspitze oder ein Kellerduell tippst, wir versorgen dich mit fachkundigen MLS-Vorhersagen und Tipps.<\/p>\n\n\n\n<h2 class=\"wp-block-heading\" id=\"wie-oft-veroffentlichen-wir-unsere-mls-wett-tipps\">Wie oft ver\u00f6ffentlichen wir unsere MLS-Wett Tipps?<\/h2>\n\n\n\n<p>Wir versuchen sicherzustellen, dass du unsere MLS-Wett Tipps und -Vorhersagen rechtzeitig erh\u00e4ltst, damit du dich nicht in letzter Sekunde auf unsere Tipps st\u00fcrzen musst.&nbsp;<\/p>\n\n\n\n<p>In der Regel ver\u00f6ffentlichen wir unsere MLS-Tipps am Tag vor dem Spiel, obwohl sie auch am Tag des Spiels ver\u00f6ffentlicht werden k\u00f6nnen, je nach dem Spiel selbst und je nachdem, ob es vor dem Spiel selbst gr\u00f6\u00dfere \u00c4nderungen gegeben hat.<\/p>\n\n\n\n<p>Schau regelm\u00e4\u00dfig vorbei, um die besten MLS-Wett Tipps von unseren Tippern zu erhalten.<\/p>\n\n\n\n<h2 class=\"wp-block-heading\" id=\"alles-was-man-uber-mls-wetten-wissen-muss\">Alles, was man \u00fcber MLS-Wetten wissen muss<\/h2>\n\n\n\n<p>Wett Tipps k\u00f6nnen, unabh\u00e4ngig von der jeweiligen Sportart, den Unterschied ausmachen zwischen einer gut informierten Wette, die von einem Experten ausgearbeitet wurde, und einer Wette, die niemals eintreffen wird.<\/p>\n\n\n\n<p>In der MLS sind die gr\u00f6\u00dften M\u00e4rkte in der Regel die M\u00e4rkte f\u00fcr den ersten Torsch\u00fctzen und den Torsch\u00fctzen zu jeder Zeit. Ersterer bietet dir die M\u00f6glichkeit, eine anst\u00e4ndige Rendite zu erzielen, wenn du darauf tippst, wer das erste Tor schie\u00dft, allerdings bedeutet dies, dass dein Spieler zuerst ins Netz treffen muss, und du deine Wette auch dann verlierst, wenn er das zweite Tor schie\u00dft.<\/p>\n\n\n\n<p>Die &#8222;Jederzeit&#8220;-Wette bietet dagegen ein geringeres Gewinnpotenzial, aber deine Wette geht auch dann auf, wenn dein Spieler zum Beispiel das sechste Tor des Spiels erzielt.<\/p>\n\n\n\n<p>Generell solltest du einen Blick auf die Top-Torj\u00e4ger der Liga werfen, um herauszufinden, auf wen du setzen solltest. Wenn du dir ansiehst, wie ein Spieler gegen bestimmte Mannschaften oder auf bestimmten Pl\u00e4tzen abschneidet und ob er gerade eine Pechstr\u00e4hne hat, kannst du herausfinden, wer die besten Chancen hat, ein Tor zu erzielen. Ein weiterer beliebter Markt f\u00fcr Fu\u00dfballwetten ist der Markt f\u00fcr den Sieger und beide Mannschaften erzielen ein Tor.<\/p>\n\n\n\n<p>Hier kannst du darauf wetten, wer gewinnt und ob du glaubst, dass beide Teams ein Tor erzielen werden oder nicht. Dieser Markt fasst zwei andere M\u00e4rkte zusammen (den Markt f\u00fcr den Sieger des Spiels und den Markt f\u00fcr beide Mannschaften, die ein Tor erzielen), so dass du auf deine Entscheidung zu etwas h\u00f6heren Quoten setzen kannst, als wenn du auf jede einzelne Entscheidung in den einzelnen M\u00e4rkten setzt.<\/p>\n\n\n\n<p>Wenn du das Gef\u00fchl hast, dass du mehr von unseren Tippern h\u00f6ren m\u00f6chtest, kannst du ihnen folgen, um zu lernen, wie du auf MLS wetten kannst. Auf diese Weise kannst du sicherstellen, dass du keinen der hei\u00dfen neuen MLS-Wett Tipps unserer Experten von betting.com verpasst.<\/p>\n\n\n\n<h2 class=\"wp-block-heading\" id=\"welcher-bonus-ist-der-beste-fur-meine-mls-wetten\">Welcher Bonus ist der Beste f\u00fcr meine MLS-Wetten?<\/h2>\n\n\n\n<p>Es gibt so viele verschiedene Boni, dass es ziemlich schwierig werden kann, genau zu wissen, welcher der Beste f\u00fcr dich ist. Diese Boni reichen von Gratiswetten, abgestimmten Einzahlungen, Akkreditivversicherungen, risikofreien Wetten und allem, was dazwischen liegt.<\/p>\n\n\n\n<p>Von den derzeit verf\u00fcgbaren Bonusangeboten sollten Sie jedoch das Beste aus dem bet365-Bonus f\u00fcr Einzahlungen bis zu 100 \u20ac herausholen (bei dem du einen bestimmten Betrag von bet365 erh\u00e4ltst), je nachdem, wie viel du bis zu 100 \u20ac eingezahlt hast.&nbsp;<\/p>\n\n\n\n<p>Diese Art von Bonus kann etwas verwirrend sein, aber sie bietet sowohl Anf\u00e4ngern als auch erfahrenen Wettern die M\u00f6glichkeit, so wenig oder so viel einzuzahlen, wie sie wollen, und gibt dir eine gute Kontrollm\u00f6glichkeit dar\u00fcber, was du bekommst, wenn du dich anmeldest.<\/p>\n\n\t\t<\/article>\n\t\t<div class=\"lg:w-[300px] lg:flex-shrink-0 relative\" x-data=\"{show_toc: false}\">\n\t\t\t<div class=\"lg:sticky lg:top-4 z-30\">\n\t\t\t\t<div class=\"fixed -top-64 left-0 w-full z-50 lg:static transition-all hidden lg:block\" id=\"fixed-toc\">\n\t\t\t\t\t<div>\n\t\t\t\t<div class=\"border-b border-solid border-gray-30 text-lg font-bold lg:pt-7 max-lg:px-4 py-3 flex items-center justify-between bg-white lg:bg-transparent\">\n\t\t\tWas gibt es auf dieser Seite\n\t\t\t<button @click=\"show_toc = true\" class=\"btn btn-red-outline-white block lg:hidden\">Jump to<\/button>\n\t\t<\/div>\n\t\t\t\t<div\n\t\t\tclass=\"max-lg:fixed max-lg:top-0 max-lg:left-0 max-lg:w-screen max-lg:h-screen max-lg:bg-gray-70 max-lg:bg-opacity-75 max-lg:hidden\"\n\t\t\t:class=\"{'max-lg:hidden': !show_toc}\"\n\t\t\t@click=\"show_toc = false\"\n\t\t>\n\t\t\t<div class=\"max-lg:absolute max-lg:bottom-0 max-lg:left-0 max-lg:w-screen bg-white lg:bg-transparent\">\n\t\t\t\t\t\t\t\t<div class=\"flex lg:hidden items-center justify-between mx-4 border-b border-solid border-gray-30 pt-6 pb-2 font-bold\">\n\n\t\t\t\t\tAuf dieser Seite\n\t\t\t\t\t<button @click=\"show_toc = false\">\n\t\t\t\t\t\t<svg class=\"w-5 h-5 text-gray-100\" xmlns=\"http:\/\/www.w3.org\/2000\/svg\" fill=\"none\" stroke=\"currentColor\" stroke-width=\"1.5\" class=\"w-6 h-6\" viewBox=\"0 0 24 24\"><path stroke-linecap=\"round\" stroke-linejoin=\"round\" d=\"M6 18 18 6M6 6l12 12\"\/><\/svg>\t\t\t\t\t<\/button>\n\t\t\t\t<\/div>\n\t\t\t\t<ul id=\"toc\" class=\"mt-5 max-h-[85vh] overflow-y-auto list-none bt-scrollbars\">\n\n\t\t\t\t\t\t\t\t\t\t\t<li>\n\t\t\t\t\t\t\t<a href=\"#mls-wett-tipps-fur-die-heutigen-veranstaltungen\" data-bt-toc-item=\"mls-wett-tipps-fur-die-heutigen-veranstaltungen\"\n\t\t\t\t\t\t\t\t @click=\"show_toc = false\"\n\t\t\t\t\t\t\t\t class=\"block px-4 py-2 text-black border-l-4 border-solid border-transparent hover:border-red-100 transition-all hover:!border-b-0 hover:font-bold\">\nMLS-Wett Tipps f\u00fcr die heutigen Veranstaltungen\n<\/a>\n\t\t\t\t\t\t<\/li>\n\t\t\t\t\t\t\t\t\t\t\t<li>\n\t\t\t\t\t\t\t<a href=\"#welche-buchmacher-sind-die-besten-fur-mls\" data-bt-toc-item=\"welche-buchmacher-sind-die-besten-fur-mls\"\n\t\t\t\t\t\t\t\t @click=\"show_toc = false\"\n\t\t\t\t\t\t\t\t class=\"block px-4 py-2 text-black border-l-4 border-solid border-transparent hover:border-red-100 transition-all hover:!border-b-0 hover:font-bold\">\nWelche Buchmacher sind die besten f\u00fcr MLS?\n<\/a>\n\t\t\t\t\t\t<\/li>\n\t\t\t\t\t\t\t\t\t\t\t<li>\n\t\t\t\t\t\t\t<a href=\"#wie-erstellen-wir-unsere-wett-tipps\" data-bt-toc-item=\"wie-erstellen-wir-unsere-wett-tipps\"\n\t\t\t\t\t\t\t\t @click=\"show_toc = false\"\n\t\t\t\t\t\t\t\t class=\"block px-4 py-2 text-black border-l-4 border-solid border-transparent hover:border-red-100 transition-all hover:!border-b-0 hover:font-bold\">\nWie erstellen wir unsere Wett Tipps?\n<\/a>\n\t\t\t\t\t\t<\/li>\n\t\t\t\t\t\t\t\t\t\t\t<li>\n\t\t\t\t\t\t\t<a href=\"#fur-welche-mls-spiele-bieten-wir-tipps-an\" data-bt-toc-item=\"fur-welche-mls-spiele-bieten-wir-tipps-an\"\n\t\t\t\t\t\t\t\t @click=\"show_toc = false\"\n\t\t\t\t\t\t\t\t class=\"block px-4 py-2 text-black border-l-4 border-solid border-transparent hover:border-red-100 transition-all hover:!border-b-0 hover:font-bold\">\nF\u00fcr welche MLS-Spiele bieten wir Tipps an?\n<\/a>\n\t\t\t\t\t\t<\/li>\n\t\t\t\t\t\t\t\t\t\t\t<li>\n\t\t\t\t\t\t\t<a href=\"#wie-oft-veroffentlichen-wir-unsere-mls-wett-tipps\" data-bt-toc-item=\"wie-oft-veroffentlichen-wir-unsere-mls-wett-tipps\"\n\t\t\t\t\t\t\t\t @click=\"show_toc = false\"\n\t\t\t\t\t\t\t\t class=\"block px-4 py-2 text-black border-l-4 border-solid border-transparent hover:border-red-100 transition-all hover:!border-b-0 hover:font-bold\">\nWie oft ver\u00f6ffentlichen wir unsere MLS-Wett Tipps?\n<\/a>\n\t\t\t\t\t\t<\/li>\n\t\t\t\t\t\t\t\t\t\t\t<li>\n\t\t\t\t\t\t\t<a href=\"#alles-was-man-uber-mls-wetten-wissen-muss\" data-bt-toc-item=\"alles-was-man-uber-mls-wetten-wissen-muss\"\n\t\t\t\t\t\t\t\t @click=\"show_toc = false\"\n\t\t\t\t\t\t\t\t class=\"block px-4 py-2 text-black border-l-4 border-solid border-transparent hover:border-red-100 transition-all hover:!border-b-0 hover:font-bold\">\nAlles, was man \u00fcber MLS-Wetten wissen muss\n<\/a>\n\t\t\t\t\t\t<\/li>\n\t\t\t\t\t\t\t\t\t\t\t<li>\n\t\t\t\t\t\t\t<a href=\"#welcher-bonus-ist-der-beste-fur-meine-mls-wetten\" data-bt-toc-item=\"welcher-bonus-ist-der-beste-fur-meine-mls-wetten\"\n\t\t\t\t\t\t\t\t @click=\"show_toc = false\"\n\t\t\t\t\t\t\t\t class=\"block px-4 py-2 text-black border-l-4 border-solid border-transparent hover:border-red-100 transition-all hover:!border-b-0 hover:font-bold\">\nWelcher Bonus ist der Beste f\u00fcr meine MLS-Wetten?\n<\/a>\n\t\t\t\t\t\t<\/li>\n\t\t\t\t\t\t\t\t\t<\/ul>\n\t\t\t\t\t\t\t\t\t\t\t<\/div>\n\t\t<\/div>\n\t<\/div>\n\t\t\t\t\t<\/div>\n\t\t\t<\/div>\n\t\t<\/div>\n\t<\/div>\n<\/div>\n\t<\/div>\n<\/div>\n\n","protected":false},"excerpt":{"rendered":"","protected":false},"author":6,"featured_media":460,"parent":985,"menu_order":1000,"comment_status":"closed","ping_status":"closed","template":"","meta":{"footnotes":""},"tags":[],"acf":[],"_links":{"self":[{"href":"https:\/\/betting.com\/de\/wp-json\/wp\/v2\/pages\/238"}],"collection":[{"href":"https:\/\/betting.com\/de\/wp-json\/wp\/v2\/pages"}],"about":[{"href":"https:\/\/betting.com\/de\/wp-json\/wp\/v2\/types\/page"}],"author":[{"embeddable":true,"href":"https:\/\/betting.com\/de\/wp-json\/wp\/v2\/users\/6"}],"replies":[{"embeddable":true,"href":"https:\/\/betting.com\/de\/wp-json\/wp\/v2\/comments?post=238"}],"version-history":[{"count":5,"href":"https:\/\/betting.com\/de\/wp-json\/wp\/v2\/pages\/238\/revisions"}],"predecessor-version":[{"id":6183,"href":"https:\/\/betting.com\/de\/wp-json\/wp\/v2\/pages\/238\/revisions\/6183"}],"up":[{"embeddable":true,"href":"https:\/\/betting.com\/de\/wp-json\/wp\/v2\/pages\/985"}],"wp:featuredmedia":[{"embeddable":true,"href":"https:\/\/betting.com\/de\/wp-json\/wp\/v2\/media\/460"}],"wp:attachment":[{"href":"https:\/\/betting.com\/de\/wp-json\/wp\/v2\/media?parent=238"}],"wp:term":[{"taxonomy":"post_tag","embeddable":true,"href":"https:\/\/betting.com\/de\/wp-json\/wp\/v2\/tags?post=238"}],"curies":[{"name":"wp","href":"https:\/\/api.w.org\/{rel}","templated":true}]}}