{"id":236,"date":"2022-06-15T21:59:35","date_gmt":"2022-06-15T21:59:35","guid":{"rendered":"https:\/\/betting.com\/de\/?page_id=236"},"modified":"2023-08-02T12:31:07","modified_gmt":"2023-08-02T12:31:07","slug":"tipps","status":"publish","type":"page","link":"https:\/\/betting.com\/de\/ligue-1\/tipps","title":{"rendered":"Ligue 1 Wett Tipps"},"content":{"rendered":"<div class=\" container-white py-8\">\n\t<div class=\"wp-block-container-toc  \">\n\t\t\t<div class=\"bg-white\">\n\t<div class=\"flex flex-col-reverse lg:flex-row lg:gap-8 py-10\">\n\t\t<article class=\"max-w-[960px] flex-grow\" data-bt-content>\n\t\t\t\n<h2 class=\"wp-block-heading\" id=\"ligue-1-wett-tipps-fur-die-heutigen-veranstaltungen\">Ligue 1-Wett Tipps f\u00fcr die heutigen Veranstaltungen<\/h2>\n\n\n\n<p>Die franz\u00f6sische Profi-Fu\u00dfball-Liga Ligue 1 hat sich insgesamt sehr langsam entwickelt, weil Fu\u00dfball in Frankreich lange Zeit nicht der beliebteste Sport war. Deshalb ist der Markt f\u00fcr Ligue-1-Prognosen noch relativ unerforscht und bietet somit gute Voraussetzungen zum Einsteigen.<\/p>\n\n\n\n<p>Die beliebtesten Sportarten in Frankreich waren lange Zeit der Radsport, Boule und Rugby. Diese Sportarten sind weiterhin in Frankreich sehr beliebt, aber langsam l\u00f6st der Fu\u00dfball diese alten Sportarten ab und seit der Jahrtausendwende geh\u00f6rt die franz\u00f6sische Ligue 1 auf jeden Fall zu den Top-5 der europ\u00e4ischen Fu\u00dfball-Ligen.<\/p>\n\n\n\n<h3 class=\"wp-block-heading\" id=\"datengestutzte-prognosen-fur-die-franzosische-ligue-1\">Datengest\u00fctzte Prognosen f\u00fcr die Franz\u00f6sische Ligue 1<\/h3>\n\n\n\n<p>Wir haben einen eigenen Algorithmus entwickelt, der datengest\u00fctzte Prognosen f\u00fcr die Ligue 1 berechnet. F\u00fcr diese Berechnungen stehen dem Algorithmus eine Vielzahl verschiedener Daten zur Verf\u00fcgung.&nbsp;<\/p>\n\n\n\n<p>Dazu z\u00e4hlen nat\u00fcrlich s\u00e4mtliche Spielergebnisse und Statistiken der Liga, aber auch viele weitere Spieldaten, wie beispielsweise Ballbesitz der Vereine, erteilte Strafkarten, erlittene Verletzungen, Anzahl der Torsch\u00fcsse uvm. Der Algorithmus erstellt auf Basis dieser Daten exzellente Prognosen f\u00fcr die franz\u00f6sische Ligue 1 und wird dabei mit jedem Spiel besser.&nbsp;<\/p>\n\n\n\n<p>Sie sollten aber nicht noch l\u00e4nger warten, da auch die Algorithmen der Buchmacher immer besser werden. Unser Vorteil ist real und Sie k\u00f6nnen ihn einfach und ganz legal nutzen und so den Heimvorteil der Buchmacher zu Ihren Gunsten umwandeln.<\/p>\n\n\n\n<p>Die Vergangenheit hat gezeigt, dass unser Algorithmus mit seinen Prognosen den Prognosen der Buchmacher f\u00fcr die Ligue 1 deutlich \u00fcberlegen ist. Sehen Sie sich einfach unsere Erfolgshistorie an und Sie werden schnell merken, dass unser Algorithmus \u00fcberdurchschnittlich oft richtig liegt. Bemerkenswert ist hierbei, dass unser Algorithmus f\u00fcr die Ligue-1-Prognosen 100 % datengest\u00fctzt funktioniert, nicht durch Menschen beeinflussbar ist und somit auch nicht manipuliert werden kann. Somit sind alle Prognosen authentisch und vollkommen nachvollziehbar und \u00fcberpr\u00fcfbar.<\/p>\n\n\n\n<h2 class=\"wp-block-heading\" id=\"das-sollten-sie-bei-prognosen-fur-die-ligue-1-beachten\">Das sollten Sie bei Prognosen f\u00fcr die Ligue 1 beachten<\/h2>\n\n\n\n<p>Frankreich ist keine klassische Fu\u00dfball-Nation und deshalb in diesem Bereich noch etwas unterentwickelt, obwohl in den letzten Jahren ein extrem starker Anstieg zu sp\u00fcren ist. Nicht nur die Fu\u00dfballer, sondern auch die Trainer, die Angeh\u00f6rigen und nicht zuletzt die Fans fiebern mittlerweile bei jedem Spiel begeistert mit.&nbsp;<\/p>\n\n\n\n<p>Davon sollten Sie sich aber nicht anstecken lassen, denn nichts ist gef\u00e4hrlicher als emotional fehlgeleitete Prognosen f\u00fcr die franz\u00f6sische Ligue 1. Des Weiteren sollten Sie sich folgende Dinge f\u00fcr das erfolgreiche Wetten mit Prognosen der Ligue 1 merken:<\/p>\n\n\n\n<p>Seien Sie geduldig: Da sich die franz\u00f6sische Ligue 1, wie gesagt, mittlerweile auf einem hohen Niveau befindet, sollten Sie mit Ihren Prognosen f\u00fcr Ligue 1 sehr vorsichtig sein, da auch die Buchmacher ausgezeichnete Analysen der dortigen Spiele vornehmen.&nbsp;<\/p>\n\n\n\n<p>Manchmal kann es sein, dass es \u00fcber einen kleinen Zeitraum hinweg keine guten Value-Wetten f\u00fcr die Ligue 1 gibt. Dann m\u00fcssen Sie geduldig sein und auf das richtige Angebot von einem Buchmacher warten. Machen Sie nicht den Fehler einfach irgendwo und irgendwie Ihr Gl\u00fcck zu versuchen.<\/p>\n\n\n\n<p>Bleiben Sie cool: Auch mit den besten Prognosen f\u00fcr die Ligue 1 kann es immer mal wieder vorkommen, dass Sie einen Verlust einstecken m\u00fcssen. Lassen Sie sich davon nicht beunruhigen und lassen Sie sich auf keinen Fall zu voreiligen Wetten verleiten.&nbsp;<\/p>\n\n\n\n<p>Viele Spieler versuchen nach einem gro\u00dfen Verlust, das Geld schnellstm\u00f6glich wieder reinzuholen. Wenn es dann aber gerade kein gutes Angebot gibt, geht der Schuss h\u00e4ufig nach hinten los und sie verlieren noch mehr Geld. Seien Sie schlauer und warten Sie auf die richtige Gelegenheit um Ihren Verlust wieder gut zu machen.<\/p>\n\n\n\n<p>Verschiedene Wetten abschlie\u00dfen: Bei den einfachen Wetten auf den Endsieger werden Sie bei den Prognosen f\u00fcr Ligue 1 selten richtig gute Quoten finden. Seien Sie offen f\u00fcr Neues und probieren Sie auch die anderen vielf\u00e4ltigen M\u00f6glichkeiten f\u00fcr Wetten in der franz\u00f6sischen Ligue 1 aus.<\/p>\n\n\n\n<p>Die richtige Einsatzh\u00f6he w\u00e4hlen: Es ist wichtig, dass Sie einen guten \u00dcberblick \u00fcber Ihr Geld und Ihre Eins\u00e4tze haben. Finden Sie das richtige Einsatzniveau, bei dem Sie nicht nach wenigen Verlusten ohne Geld dastehen.&nbsp;<\/p>\n\n\n\n<p>Sie sollten aber auch nicht zu geizig sein und bei guten Prognosen f\u00fcr die Ligue 1 auch hohe Eins\u00e4tze wagen, denn sonst gewinnen Sie nat\u00fcrlich auch kaum etwas.<\/p>\n\n\t\t<\/article>\n\t\t<div class=\"lg:w-[300px] lg:flex-shrink-0 relative\" x-data=\"{show_toc: false}\">\n\t\t\t<div class=\"lg:sticky lg:top-4 z-30\">\n\t\t\t\t<div class=\"fixed -top-64 left-0 w-full z-50 lg:static transition-all hidden lg:block\" id=\"fixed-toc\">\n\t\t\t\t\t<div>\n\t\t\t\t<div class=\"border-b border-solid border-gray-30 text-lg font-bold lg:pt-7 max-lg:px-4 py-3 flex items-center justify-between bg-white lg:bg-transparent\">\n\t\t\tWas gibt es auf dieser Seite\n\t\t\t<button @click=\"show_toc = true\" class=\"btn btn-red-outline-white block lg:hidden\">Jump to<\/button>\n\t\t<\/div>\n\t\t\t\t<div\n\t\t\tclass=\"max-lg:fixed max-lg:top-0 max-lg:left-0 max-lg:w-screen max-lg:h-screen max-lg:bg-gray-70 max-lg:bg-opacity-75 max-lg:hidden\"\n\t\t\t:class=\"{'max-lg:hidden': !show_toc}\"\n\t\t\t@click=\"show_toc = false\"\n\t\t>\n\t\t\t<div class=\"max-lg:absolute max-lg:bottom-0 max-lg:left-0 max-lg:w-screen bg-white lg:bg-transparent\">\n\t\t\t\t\t\t\t\t<div class=\"flex lg:hidden items-center justify-between mx-4 border-b border-solid border-gray-30 pt-6 pb-2 font-bold\">\n\n\t\t\t\t\tAuf dieser Seite\n\t\t\t\t\t<button @click=\"show_toc = false\">\n\t\t\t\t\t\t<svg class=\"w-5 h-5 text-gray-100\" xmlns=\"http:\/\/www.w3.org\/2000\/svg\" fill=\"none\" stroke=\"currentColor\" stroke-width=\"1.5\" class=\"w-6 h-6\" viewBox=\"0 0 24 24\"><path stroke-linecap=\"round\" stroke-linejoin=\"round\" d=\"M6 18 18 6M6 6l12 12\"\/><\/svg>\t\t\t\t\t<\/button>\n\t\t\t\t<\/div>\n\t\t\t\t<ul id=\"toc\" class=\"mt-5 max-h-[85vh] overflow-y-auto list-none bt-scrollbars\">\n\n\t\t\t\t\t\t\t\t\t\t\t<li>\n\t\t\t\t\t\t\t<a href=\"#ligue-1-wett-tipps-fur-die-heutigen-veranstaltungen\" data-bt-toc-item=\"ligue-1-wett-tipps-fur-die-heutigen-veranstaltungen\"\n\t\t\t\t\t\t\t\t @click=\"show_toc = false\"\n\t\t\t\t\t\t\t\t class=\"block px-4 py-2 text-black border-l-4 border-solid border-transparent hover:border-red-100 transition-all hover:!border-b-0 hover:font-bold\">\nLigue 1-Wett Tipps f\u00fcr die heutigen Veranstaltungen\n<\/a>\n\t\t\t\t\t\t<\/li>\n\t\t\t\t\t\t\t\t\t\t\t<li>\n\t\t\t\t\t\t\t<a href=\"#das-sollten-sie-bei-prognosen-fur-die-ligue-1-beachten\" data-bt-toc-item=\"das-sollten-sie-bei-prognosen-fur-die-ligue-1-beachten\"\n\t\t\t\t\t\t\t\t @click=\"show_toc = false\"\n\t\t\t\t\t\t\t\t class=\"block px-4 py-2 text-black border-l-4 border-solid border-transparent hover:border-red-100 transition-all hover:!border-b-0 hover:font-bold\">\nDas sollten Sie bei Prognosen f\u00fcr die Ligue 1 beachten\n<\/a>\n\t\t\t\t\t\t<\/li>\n\t\t\t\t\t\t\t\t\t<\/ul>\n\t\t\t\t\t\t\t\t\t\t\t<\/div>\n\t\t<\/div>\n\t<\/div>\n\t\t\t\t\t<\/div>\n\t\t\t<\/div>\n\t\t<\/div>\n\t<\/div>\n<\/div>\n\t<\/div>\n<\/div>\n\n","protected":false},"excerpt":{"rendered":"","protected":false},"author":6,"featured_media":459,"parent":953,"menu_order":1000,"comment_status":"closed","ping_status":"closed","template":"","meta":{"footnotes":""},"tags":[],"acf":[],"_links":{"self":[{"href":"https:\/\/betting.com\/de\/wp-json\/wp\/v2\/pages\/236"}],"collection":[{"href":"https:\/\/betting.com\/de\/wp-json\/wp\/v2\/pages"}],"about":[{"href":"https:\/\/betting.com\/de\/wp-json\/wp\/v2\/types\/page"}],"author":[{"embeddable":true,"href":"https:\/\/betting.com\/de\/wp-json\/wp\/v2\/users\/6"}],"replies":[{"embeddable":true,"href":"https:\/\/betting.com\/de\/wp-json\/wp\/v2\/comments?post=236"}],"version-history":[{"count":4,"href":"https:\/\/betting.com\/de\/wp-json\/wp\/v2\/pages\/236\/revisions"}],"predecessor-version":[{"id":6182,"href":"https:\/\/betting.com\/de\/wp-json\/wp\/v2\/pages\/236\/revisions\/6182"}],"up":[{"embeddable":true,"href":"https:\/\/betting.com\/de\/wp-json\/wp\/v2\/pages\/953"}],"wp:featuredmedia":[{"embeddable":true,"href":"https:\/\/betting.com\/de\/wp-json\/wp\/v2\/media\/459"}],"wp:attachment":[{"href":"https:\/\/betting.com\/de\/wp-json\/wp\/v2\/media?parent=236"}],"wp:term":[{"taxonomy":"post_tag","embeddable":true,"href":"https:\/\/betting.com\/de\/wp-json\/wp\/v2\/tags?post=236"}],"curies":[{"name":"wp","href":"https:\/\/api.w.org\/{rel}","templated":true}]}}