{"id":234,"date":"2022-06-15T21:52:38","date_gmt":"2022-06-15T21:52:38","guid":{"rendered":"https:\/\/betting.com\/de\/?page_id=234"},"modified":"2023-08-02T12:31:07","modified_gmt":"2023-08-02T12:31:07","slug":"tipps","status":"publish","type":"page","link":"https:\/\/betting.com\/de\/englischen-league-two\/tipps","title":{"rendered":"League Two Wett Tipps"},"content":{"rendered":"<div class=\" container-white py-8\">\n\t<div class=\"wp-block-container-toc  \">\n\t\t\t<div class=\"bg-white\">\n\t<div class=\"flex flex-col-reverse lg:flex-row lg:gap-8 py-10\">\n\t\t<article class=\"max-w-[960px] flex-grow\" data-bt-content>\n\t\t\t\n<h2 class=\"wp-block-heading\" id=\"league-two-wettipps-fur-die-heutigen-veranstaltungen\">League Two-Wettipps f\u00fcr die heutigen Veranstaltungen<\/h2>\n\n\n\n<p>Mit 24 Mannschaften in der League Two gibt es w\u00e4hrend der Saison immer eine gro\u00dfe Auswahl an Wettm\u00f6glichkeiten und Betting.com hat ein gro\u00dfes Angebot von 100% verifizierte Tipper, die ihr Wettwissen t\u00e4glich mit unseren Nutzern teilen.<\/p>\n\n\n\n<p>Dank unseres st\u00e4ndig wachsenden Teams an Tippern kannst du vom ersten Wochenende der Saison bis zum Playoff-Finale im darauffolgenden Mai hochwertige Tipps f\u00fcr die EFL League Two erwarten, und wenn es ein Spiel gibt, das es wert ist, getippt zu werden, wirst du auf unserer Website f\u00fcndig.<\/p>\n\n\n\n<h2 class=\"wp-block-heading\" id=\"fussball-wett-tipps-fur-league-two-2022-23\">Fu\u00dfball-Wett Tipps f\u00fcr League Two 2022\/23<\/h2>\n\n\n\n<p>Bist du hei\u00df auf ein paar EFL League Two Wett Tipps? Dann bist du hier genau richtig, denn Betting.com ist eine Plattform, die sowohl f\u00fcr Tipper als auch f\u00fcr Wettende gedacht ist, die ihre Wetten langfristig verbessern wollen.<\/p>\n\n\n\n<p>Von den vier englischen Profiligen ist die League Two die niedrigste Stufe des Quartetts. Da sie den Aufstieg in die dar\u00fcber liegende League One oder den Abstieg in die darunter liegende National League erm\u00f6glicht, gilt sie stets als umk\u00e4mpfte Liga.<\/p>\n\n\n\n<p>Es ist aber auch ein Wettbewerb, der als recht unbest\u00e4ndig gilt, da zwischen den Mannschaften an der Spitze und am Ende der Liga in der Regel ein Qualit\u00e4tsgef\u00e4lle besteht. Das bedeutet auch, dass der Heimvorteil im Vergleich zu anderen englischen Spielklassen gr\u00f6\u00dfer sein kann.<\/p>\n\n\n\n<p>Ganz zu schweigen davon, dass solche Faktoren in Bezug auf die Zusammensetzung der League Two auch einen betr\u00e4chtlichen Einfluss auf die Wett Tipps haben, die f\u00fcr Englands vierte Liga verf\u00fcgbar sind, und das ist auch der Grund, warum es ein so beliebter Wettbewerb zum Wetten ist.<\/p>\n\n\n\n<p>Unsere Tipper sind erfahrene Branchenexperten, die ihre Zeit darauf verwendet haben, neuen und erfahrenen Tippern zu helfen, bessere Ergebnisse beim Wetten zu erzielen. Zusammen sind sie das perfekte Team, um die Buchmacher t\u00e4glich zu schlagen.<\/p>\n\n\n\n<p>Wenn du ein Fu\u00dfballfan und ein Tipper bist, empfehlen wir dir, regelm\u00e4\u00dfig in unserem Bereich f\u00fcr Wett Tipps vorbeizuschauen, da wir eine riesige Menge an League Two-Wett Tipps f\u00fcr dich bereithalten und du keine der Informationen verpassen solltest, die wir w\u00e4hrend der Saison anbieten.<\/p>\n\n\n\n<h2 class=\"wp-block-heading\" id=\"wer-sind-die-besten-buchmacher-fur-die-league-two\">Wer sind die besten Buchmacher f\u00fcr die League Two?<\/h2>\n\n\n\n<p>Bei der Wahl des besten Buchmachers f\u00fcr Ihre EFL League Two-Wetten spielen viele Variablen eine Rolle. Dinge wie Ihr Standort, die Art der Boni und Sonderangebote, die du bevorzugst, und deine Pr\u00e4ferenzen in Bezug auf die Benutzerfreundlichkeit sind Dinge, die wir nicht f\u00fcr dich ausw\u00e4hlen k\u00f6nnen.<\/p>\n\n\n\n<p>Deshalb ist es schwierig, einen bestimmten Anbieter f\u00fcr deine Wetten auf die englische Liga zu bestimmen. Aber da wir hier sind, um dir zu helfen, haben wir einige Optionen zur Verf\u00fcgung gestellt. Wir haben diese Buchmacher f\u00fcr unsere EFL League Two-Wetten genutzt und k\u00f6nnen sie auch f\u00fcr dich empfehlen:<\/p>\n\n\n\n<ul><li>ComeOn<\/li><li>LeoVegas<\/li><\/ul>\n\n\n\n<h2 class=\"wp-block-heading\" id=\"wie-erstellen-wir-unsere-wett-tipps\">Wie erstellen wir unsere Wett Tipps?<\/h2>\n\n\n\n<p>Die Erstellung von Wett Tipps ist ein eher unkomplizierter Prozess, der aber auch sehr zeitaufwendig und anspruchsvoll sein kann. F\u00fcr die Zeit, die in die Durchf\u00fchrung der notwendigen Recherchen investiert wird, soll am Ende immer eine Belohnung stehen.<\/p>\n\n\n\n<p>Eine Belohnung, die sich daraus ergibt, dass man den Wettanbietern ein St\u00fcck voraus ist, und da unsere Tipper sehr viel recherchiert haben, sind sie zuversichtlich, dass jeder Tipp, den sie abgeben, ein Gewinner sein wird.<\/p>\n\n\n\n<p>Nat\u00fcrlich gibt es ein paar wichtige Faktoren, wenn es um Wetten oder das Teilen von Tipps geht, und wenn du diese Dinge im Hinterkopf beh\u00e4ltst, kann es dein eigenes Streben nach Wettreichtum unterst\u00fctzen:<\/p>\n\n\n\n<p><strong>J\u00fcngste Mannschafts-\/Spielerleistungen<\/strong> &#8211; wie war die Formkurve in den letzten Wochen? In der Regel sind die letzten sechs Spiele der beiden Vereine ein guter Anhaltspunkt. Ein besserer Indikator f\u00fcr die aktuelle Form sind jedoch die letzten sechs Heimergebnisse im Vergleich zu den letzten sechs Ausw\u00e4rtsergebnissen der beiden jeweiligen Vereine.<\/p>\n\n\n\n<p><strong>Verletzungslisten<\/strong> &#8211; Ist eine Mannschaft in letzter Zeit von einer Flut von Verletzungen betroffen, gibt es sp\u00e4te Mannschaftsmeldungen, die du irgendwie mitbekommen hast? Eine \u00c4nderung in der Startelf k\u00f6nnte einen gro\u00dfen Unterschied bei deinen Tipps ausmachen.<\/p>\n\n\n\n<p><strong>H2H-Statistiken<\/strong> &#8211; Hat ein Team immer einen Vorteil gegen\u00fcber seinem Gegner? Fr\u00fchere Ergebnisse sind zwar nicht immer ein Indikator f\u00fcr zuk\u00fcnftige Ereignisse, aber sie k\u00f6nnen zumindest einen Hinweis darauf geben, wie ein bevorstehendes Spiel verlaufen k\u00f6nnte.<\/p>\n\n\n\n<p><strong>In einem bestimmten Zeitraum geschossene\/zugelassene Tore<\/strong> &#8211; Erzielen bestimmte Mannschaften vor der Pause mehr Tore? Wenn dies der Fall ist, solltest du in Erw\u00e4gung ziehen, deinen Wettschwerpunkt auf Tore in der ersten Halbzeit zu legen, anstatt auf den Gesamttor-Markt zu wetten.<\/p>\n\n\n\n<p>Das Durcharbeiten der Datenmenge, die f\u00fcr rentable Wetten erforderlich ist, kann man nicht einfach so nebenbei erledigen, sondern braucht jede Woche viel Zeit. Daher sind Wett Tipps oft sehr wertvoll, da man stattdessen auf die Erfahrung und das Wissen von Profis zur\u00fcckgreifen kann.<\/p>\n\n\n\n<h2 class=\"wp-block-heading\" id=\"fur-welche-league-two-spiele-bieten-wir-tipps-an\">F\u00fcr welche League Two Spiele bieten wir Tipps an?<\/h2>\n\n\n\n<p>Wie bereits erw\u00e4hnt, erfordern Wett Tipps ein hohes Ma\u00df an Arbeit, bevor sie mit der \u00d6ffentlichkeit geteilt werden. Alle verifizierten Tipper von Betting.com sind frei, Tipps zu jeder Sportart, jedem Turnier, Spiel oder Ereignis zu geben, das sie m\u00f6chten, daher k\u00f6nnen wir nicht im Voraus festlegen, welche Spiele der EFL League Two von Wett Tipps abgedeckt werden und welche nicht.<\/p>\n\n\n\n<p>Was wir jedoch versprechen k\u00f6nnen, ist Folgendes: Es wird das ganze Jahr \u00fcber immer Wett Tipps f\u00fcr Fu\u00dfball geben. 24\/7 f\u00fcr verschiedene Ligen und Turniere in verschiedenen L\u00e4ndern. Die League Two ist da keine Ausnahme und meistens haben wir f\u00fcr jede Spielrunde Wett Tipps parat.<\/p>\n\n\n\n<h2 class=\"wp-block-heading\" id=\"wie-oft-bieten-wir-tipps-aus-league-two-an\">Wie oft bieten wir Tipps aus League Two an?<\/h2>\n\n\n\n<p>Wir k\u00f6nnen dir so gut wie versichern, dass es f\u00fcr alle Runden der EFL League 2 Wett Tipps geben wird. Das bedeutet, dass wir vom ersten Tag der Saison bis zur Kr\u00f6nung des Meisters Ende Mai Wett Tipps f\u00fcr die gesamte Dauer der Saison zur Verf\u00fcgung stellen.<\/p>\n\n\n\n<p>Bei einem so gro\u00dfen Angebot an Tipps solltest du deinen Lieblingstippern folgen und dich \u00fcber alle neuen Wett Tipps informieren lassen, sobald sie live ver\u00f6ffentlicht werden. Auf diese Weise verpasst du keinen der tollen Wett Tipps, die w\u00e4hrend der Saison angeboten werden.<\/p>\n\n\n\n<h2 class=\"wp-block-heading\" id=\"alles-was-du-uber-league-two-wetten-wissen-solltest\">Alles, was du \u00fcber League Two-Wetten wissen solltest<\/h2>\n\n\n\n<p>Wenn du mit dem Platzieren von Wetten auf Spiele der englischen League Two beginnen m\u00f6chtest, ist es eine gute M\u00f6glichkeit, sich mit den Mannschaften und ihren j\u00fcngsten Leistungen in den letzten Jahren vertraut zu machen. Ein guter Ausgangspunkt ist die Frage, wie sich der Kader ver\u00e4ndert hat oder wie die Platzierungen in der Liga in den letzten Jahren waren.<\/p>\n\n\n\n<p>Die Frage, ob die Mannschaft in der Vorsaison st\u00e4rker geworden ist oder mehr verloren als gewonnen hat, sollte dir die Entscheidung f\u00fcr deine eigenen Wetten leichter machen.<\/p>\n\n\n\n<p>Allerdings kann eine solche Recherche sehr zeitaufw\u00e4ndig und anstrengend sein, und wenn du bereits einen Vollzeitjob hast, hast du vielleicht nicht die Zeit daf\u00fcr. Zum Gl\u00fcck gibt es eine andere M\u00f6glichkeit, sich an das Wetten auf neue Ligen zu gew\u00f6hnen, und das sind unsere Wett Tipps.<\/p>\n\n\n\n<p>Die meisten Wett Tipps, die auf der Plattform Betting.com geteilt werden, werden mit einer detaillierten Erkl\u00e4rung und Beschreibung geliefert, wie der Wett Tipp erstellt wurde und auf welchen Daten er basiert. Das bedeutet, dass du bei uns mit vollem Vertrauen wetten kannst.<\/p>\n\n\n\n<p>Wenn du also die Beschreibung aufmerksam liest, wirst du etwas \u00fcber die Liga und die Trends lernen und gleichzeitig Gewinne erzielen. Das hei\u00dft, es ist nicht nur lehrreich, sondern sollte auch gleichzeitig dein Wettkonto aufbessern.<\/p>\n\n\n\n<h2 class=\"wp-block-heading\" id=\"welcher-bonus-ist-der-beste-fur-meine-league-two-wetten\">Welcher Bonus ist der beste f\u00fcr meine League Two-Wetten?<\/h2>\n\n\n\n<p>Es gibt viele Arten von Boni, wenn du auf League Two wettest und es genie\u00dft, zu wetten. Wir haben die Mehrheit der verf\u00fcgbaren Boni getestet und die beliebtesten sind jene, die erh\u00f6hte Quoten, Gratiswetten und Geld-zur\u00fcck-Aktionen anbieten.<\/p>\n\n\n\n<p>Die meisten League Two-Boni sind mit leicht zu erf\u00fcllenden Bedingungen verbunden (z. B. maximaler Einsatz oder Mindestquoten), so dass du deine Wetten jedes Wochenende und im Laufe der Saison in vollen Z\u00fcgen genie\u00dfen kannst.<\/p>\n\n\t\t<\/article>\n\t\t<div class=\"lg:w-[300px] lg:flex-shrink-0 relative\" x-data=\"{show_toc: false}\">\n\t\t\t<div class=\"lg:sticky lg:top-4 z-30\">\n\t\t\t\t<div class=\"fixed -top-64 left-0 w-full z-50 lg:static transition-all hidden lg:block\" id=\"fixed-toc\">\n\t\t\t\t\t<div>\n\t\t\t\t<div class=\"border-b border-solid border-gray-30 text-lg font-bold lg:pt-7 max-lg:px-4 py-3 flex items-center justify-between bg-white lg:bg-transparent\">\n\t\t\tWas gibt es auf dieser Seite\n\t\t\t<button @click=\"show_toc = true\" class=\"btn btn-red-outline-white block lg:hidden\">Jump to<\/button>\n\t\t<\/div>\n\t\t\t\t<div\n\t\t\tclass=\"max-lg:fixed max-lg:top-0 max-lg:left-0 max-lg:w-screen max-lg:h-screen max-lg:bg-gray-70 max-lg:bg-opacity-75 max-lg:hidden\"\n\t\t\t:class=\"{'max-lg:hidden': !show_toc}\"\n\t\t\t@click=\"show_toc = false\"\n\t\t>\n\t\t\t<div class=\"max-lg:absolute max-lg:bottom-0 max-lg:left-0 max-lg:w-screen bg-white lg:bg-transparent\">\n\t\t\t\t\t\t\t\t<div class=\"flex lg:hidden items-center justify-between mx-4 border-b border-solid border-gray-30 pt-6 pb-2 font-bold\">\n\n\t\t\t\t\tAuf dieser Seite\n\t\t\t\t\t<button @click=\"show_toc = false\">\n\t\t\t\t\t\t<svg class=\"w-5 h-5 text-gray-100\" xmlns=\"http:\/\/www.w3.org\/2000\/svg\" fill=\"none\" stroke=\"currentColor\" stroke-width=\"1.5\" class=\"w-6 h-6\" viewBox=\"0 0 24 24\"><path stroke-linecap=\"round\" stroke-linejoin=\"round\" d=\"M6 18 18 6M6 6l12 12\"\/><\/svg>\t\t\t\t\t<\/button>\n\t\t\t\t<\/div>\n\t\t\t\t<ul id=\"toc\" class=\"mt-5 max-h-[85vh] overflow-y-auto list-none bt-scrollbars\">\n\n\t\t\t\t\t\t\t\t\t\t\t<li>\n\t\t\t\t\t\t\t<a href=\"#league-two-wettipps-fur-die-heutigen-veranstaltungen\" data-bt-toc-item=\"league-two-wettipps-fur-die-heutigen-veranstaltungen\"\n\t\t\t\t\t\t\t\t @click=\"show_toc = false\"\n\t\t\t\t\t\t\t\t class=\"block px-4 py-2 text-black border-l-4 border-solid border-transparent hover:border-red-100 transition-all hover:!border-b-0 hover:font-bold\">\nLeague Two-Wettipps f\u00fcr die heutigen Veranstaltungen\n<\/a>\n\t\t\t\t\t\t<\/li>\n\t\t\t\t\t\t\t\t\t\t\t<li>\n\t\t\t\t\t\t\t<a href=\"#fussball-wett-tipps-fur-league-two-2022-23\" data-bt-toc-item=\"fussball-wett-tipps-fur-league-two-2022-23\"\n\t\t\t\t\t\t\t\t @click=\"show_toc = false\"\n\t\t\t\t\t\t\t\t class=\"block px-4 py-2 text-black border-l-4 border-solid border-transparent hover:border-red-100 transition-all hover:!border-b-0 hover:font-bold\">\nFu\u00dfball-Wett Tipps f\u00fcr League Two 2022\/23\n<\/a>\n\t\t\t\t\t\t<\/li>\n\t\t\t\t\t\t\t\t\t\t\t<li>\n\t\t\t\t\t\t\t<a href=\"#wer-sind-die-besten-buchmacher-fur-die-league-two\" data-bt-toc-item=\"wer-sind-die-besten-buchmacher-fur-die-league-two\"\n\t\t\t\t\t\t\t\t @click=\"show_toc = false\"\n\t\t\t\t\t\t\t\t class=\"block px-4 py-2 text-black border-l-4 border-solid border-transparent hover:border-red-100 transition-all hover:!border-b-0 hover:font-bold\">\nWer sind die besten Buchmacher f\u00fcr die League Two?\n<\/a>\n\t\t\t\t\t\t<\/li>\n\t\t\t\t\t\t\t\t\t\t\t<li>\n\t\t\t\t\t\t\t<a href=\"#wie-erstellen-wir-unsere-wett-tipps\" data-bt-toc-item=\"wie-erstellen-wir-unsere-wett-tipps\"\n\t\t\t\t\t\t\t\t @click=\"show_toc = false\"\n\t\t\t\t\t\t\t\t class=\"block px-4 py-2 text-black border-l-4 border-solid border-transparent hover:border-red-100 transition-all hover:!border-b-0 hover:font-bold\">\nWie erstellen wir unsere Wett Tipps?\n<\/a>\n\t\t\t\t\t\t<\/li>\n\t\t\t\t\t\t\t\t\t\t\t<li>\n\t\t\t\t\t\t\t<a href=\"#fur-welche-league-two-spiele-bieten-wir-tipps-an\" data-bt-toc-item=\"fur-welche-league-two-spiele-bieten-wir-tipps-an\"\n\t\t\t\t\t\t\t\t @click=\"show_toc = false\"\n\t\t\t\t\t\t\t\t class=\"block px-4 py-2 text-black border-l-4 border-solid border-transparent hover:border-red-100 transition-all hover:!border-b-0 hover:font-bold\">\nF\u00fcr welche League Two Spiele bieten wir Tipps an?\n<\/a>\n\t\t\t\t\t\t<\/li>\n\t\t\t\t\t\t\t\t\t\t\t<li>\n\t\t\t\t\t\t\t<a href=\"#wie-oft-bieten-wir-tipps-aus-league-two-an\" data-bt-toc-item=\"wie-oft-bieten-wir-tipps-aus-league-two-an\"\n\t\t\t\t\t\t\t\t @click=\"show_toc = false\"\n\t\t\t\t\t\t\t\t class=\"block px-4 py-2 text-black border-l-4 border-solid border-transparent hover:border-red-100 transition-all hover:!border-b-0 hover:font-bold\">\nWie oft bieten wir Tipps aus League Two an?\n<\/a>\n\t\t\t\t\t\t<\/li>\n\t\t\t\t\t\t\t\t\t\t\t<li>\n\t\t\t\t\t\t\t<a href=\"#alles-was-du-uber-league-two-wetten-wissen-solltest\" data-bt-toc-item=\"alles-was-du-uber-league-two-wetten-wissen-solltest\"\n\t\t\t\t\t\t\t\t @click=\"show_toc = false\"\n\t\t\t\t\t\t\t\t class=\"block px-4 py-2 text-black border-l-4 border-solid border-transparent hover:border-red-100 transition-all hover:!border-b-0 hover:font-bold\">\nAlles, was du \u00fcber League Two-Wetten wissen solltest\n<\/a>\n\t\t\t\t\t\t<\/li>\n\t\t\t\t\t\t\t\t\t\t\t<li>\n\t\t\t\t\t\t\t<a href=\"#welcher-bonus-ist-der-beste-fur-meine-league-two-wetten\" data-bt-toc-item=\"welcher-bonus-ist-der-beste-fur-meine-league-two-wetten\"\n\t\t\t\t\t\t\t\t @click=\"show_toc = false\"\n\t\t\t\t\t\t\t\t class=\"block px-4 py-2 text-black border-l-4 border-solid border-transparent hover:border-red-100 transition-all hover:!border-b-0 hover:font-bold\">\nWelcher Bonus ist der beste f\u00fcr meine League Two-Wetten?\n<\/a>\n\t\t\t\t\t\t<\/li>\n\t\t\t\t\t\t\t\t\t<\/ul>\n\t\t\t\t\t\t\t\t\t\t\t<\/div>\n\t\t<\/div>\n\t<\/div>\n\t\t\t\t\t<\/div>\n\t\t\t<\/div>\n\t\t<\/div>\n\t<\/div>\n<\/div>\n\t<\/div>\n<\/div>\n\n","protected":false},"excerpt":{"rendered":"","protected":false},"author":6,"featured_media":451,"parent":927,"menu_order":1000,"comment_status":"closed","ping_status":"closed","template":"","meta":{"footnotes":""},"tags":[],"acf":[],"_links":{"self":[{"href":"https:\/\/betting.com\/de\/wp-json\/wp\/v2\/pages\/234"}],"collection":[{"href":"https:\/\/betting.com\/de\/wp-json\/wp\/v2\/pages"}],"about":[{"href":"https:\/\/betting.com\/de\/wp-json\/wp\/v2\/types\/page"}],"author":[{"embeddable":true,"href":"https:\/\/betting.com\/de\/wp-json\/wp\/v2\/users\/6"}],"replies":[{"embeddable":true,"href":"https:\/\/betting.com\/de\/wp-json\/wp\/v2\/comments?post=234"}],"version-history":[{"count":4,"href":"https:\/\/betting.com\/de\/wp-json\/wp\/v2\/pages\/234\/revisions"}],"predecessor-version":[{"id":6181,"href":"https:\/\/betting.com\/de\/wp-json\/wp\/v2\/pages\/234\/revisions\/6181"}],"up":[{"embeddable":true,"href":"https:\/\/betting.com\/de\/wp-json\/wp\/v2\/pages\/927"}],"wp:featuredmedia":[{"embeddable":true,"href":"https:\/\/betting.com\/de\/wp-json\/wp\/v2\/media\/451"}],"wp:attachment":[{"href":"https:\/\/betting.com\/de\/wp-json\/wp\/v2\/media?parent=234"}],"wp:term":[{"taxonomy":"post_tag","embeddable":true,"href":"https:\/\/betting.com\/de\/wp-json\/wp\/v2\/tags?post=234"}],"curies":[{"name":"wp","href":"https:\/\/api.w.org\/{rel}","templated":true}]}}