{"id":232,"date":"2022-06-15T21:47:40","date_gmt":"2022-06-15T21:47:40","guid":{"rendered":"https:\/\/betting.com\/de\/?page_id=232"},"modified":"2023-08-02T12:31:07","modified_gmt":"2023-08-02T12:31:07","slug":"league-one","status":"publish","type":"page","link":"https:\/\/betting.com\/de\/league-one","title":{"rendered":"League One Wett Tipps"},"content":{"rendered":"<div class=\" container-white py-8\">\n\t<div class=\"wp-block-container-toc  \">\n\t\t\t<div class=\"bg-white\">\n\t<div class=\"flex flex-col-reverse lg:flex-row lg:gap-8 py-10\">\n\t\t<article class=\"max-w-[960px] flex-grow\" data-bt-content>\n\t\t\t\n<p>Wenn du diese Website besucht hast, dann bist du wahrscheinlich ein gro\u00dfer Fu\u00dfballfan, oder ein Anh\u00e4nger des englischen Fu\u00dfballs, denn es gibt viele Ligen innerhalb der englischen Fu\u00dfball Pyramide, die deine Aufmerksamkeit erregen.<\/p>\n\n\n\n<p>Darunter befindet sich auch die League One und falls du auf der Suche nach wertvollen Tipps f\u00fcr diesen Wettbewerb bist, dann hast du hier mit Sicherheit die richtige Adresse gefunden. Auf dieser Seite findest du alles, was dir helfen wird, eine hoffentlich erfolgreiche Wette zu platzieren.<\/p>\n\n\n\n<p>Mit den hochwertigen Wett Tipps unserer gepr\u00fcften Tipper wollen wir dir helfen, fundierte Entscheidungen zu treffen, sodass du mit den zahlreichen Informationen, die dir zur Verf\u00fcgung stehen, in einer noch nie dagewesenen Position bist, um die Buchmacher zu schlagen.<\/p>\n\n\n\n<h2 class=\"wp-block-heading\" id=\"fussball-wett-tipps-fur-league-one-der-saison-22-23\">Fu\u00dfball-Wett Tipps f\u00fcr League One der Saison 22\/23<\/h2>\n\n\n\n<p>Was die League One betrifft, so zieht sie sicherlich mehr Aufmerksamkeit auf sich als die meisten dritten Ligen in Europa, und das nicht ganz zu Unrecht. Das liegt daran, dass es hier sowohl ehemalige Meister als auch Au\u00dfenseiter gibt, die alle um den Aufstieg im englischen Fu\u00dfball k\u00e4mpfen.<\/p>\n\n\n\n<p><em>\u201cWeil die League One so viel Aufmerksamkeit erfordert, ist Betting.com bereit, dich mit allen Tipps f\u00fcr die dritte Liga zu versorgen, die du brauchst. Zum Gl\u00fcck kannst du dich auf uns verlassen, denn wir sind 24 Stunden am Tag und 7 Tage die Woche f\u00fcr dich da.\u201d<\/em><\/p>\n\n\n\n<p>Die englische Fu\u00dfballpyramide ist wahrscheinlich der einzige Fall, in dem sogar die dritte Liga die Aufmerksamkeit von Wettenden auf internationaler Ebene auf sich zieht. Viele Tipper wollen auf die League One wetten, w\u00e4hrend unsere Expertentippgeber t\u00e4glich Dutzende von Wett Tipps abgeben.<\/p>\n\n\n\n<p>Die League One ist die dritth\u00f6chste Spielklasse im englischen Fu\u00dfballsystem. Von August bis Mai laufen die Spielzeiten, in denen 24 Vereine gegeneinander antreten. Jeder Verein spielt zweimal gegen jeden anderen Verein (Heim- und Ausw\u00e4rtsspiel) und hat somit insgesamt 46 Ligaspiele zu absolvieren.<\/p>\n\n\n\n<p>In jeder Saison steigen die beiden besten Mannschaften der Abschlusstabelle der League One in die Championship auf, w\u00e4hrend die Mannschaften, die die Saison auf den Pl\u00e4tzen 3 bis 6 abschlie\u00dfen, in die Play-offs einziehen, und genau diese Phase des Wettbewerbs ist die dramatischste.<\/p>\n\n\n\n<p>Von den vier Mannschaften, die an der Play-off-Lotterie teilnehmen, erh\u00e4lt nur eine Mannschaft das Ticket f\u00fcr Wembley, das ihr in der folgenden Saison den Aufstieg in die Championship erm\u00f6glicht.<\/p>\n\n\n\n<p>Ein anderer Gesichtspunkt, der die League One so interessant macht, ist die Tatsache, dass jede Saison vier Vereine in die League Two absteigen, was bedeutet, dass es von Jahr zu Jahr eine weitaus gr\u00f6\u00dfere Fluktuation bei den Mannschaften gibt, w\u00e4hrend gleichzeitig das Potenzial f\u00fcr Dramatik im Verlauf der Saison steigt.<\/p>\n\n\n\n<p>Bei Betting.com findet man viele Tipper, die bereit sind, hochwertige Wett Tipps mit den Besuchern unserer Website zu teilen. Deshalb raten wir dir, die vergangenen Ergebnisse deiner Tipper zu \u00fcberpr\u00fcfen und die Benachrichtigungen f\u00fcr jeden Tipp, der live geht, zu aktivieren.<\/p>\n\n\n\n<h2 class=\"wp-block-heading\" id=\"wer-sind-die-besten-buchmacher-fur-league-one\">Wer sind die besten Buchmacher f\u00fcr League One?<\/h2>\n\n\n\n<p>Die meisten Buchmacher bieten regelm\u00e4\u00dfig Quoten f\u00fcr League One an. Allerdings decken nicht alle von ihnen jeden Markt ab, was die Platzierung schwieriger macht als bei den beiden englischen Ligen dar\u00fcber.<\/p>\n\n\n\n<p>Deshalb raten wir dir, den von den Tippern vorgeschlagenen Buchmacher zu nutzen oder zu \u00fcberpr\u00fcfen, bevor du eine Wette bei deinem Lieblingsbuchmacher platzierst.<\/p>\n\n\n\n<p>Da wir jedoch immer bestrebt sind, dir die besten zu zeigen, haben wir die besten Buchmacher f\u00fcr Wetten f\u00fcr die League One zusammengestellt:<\/p>\n\n\n\n<ul><li>ComeOn<\/li><li>LeoVegas<\/li><\/ul>\n\n\n\n<h2 class=\"wp-block-heading\" id=\"wie-werden-unsere-wett-tipps-erstellt\">Wie werden unsere Wett Tipps erstellt?<\/h2>\n\n\n\n<p>Bevor unsere Tipper bei Betting.com ihre Wettipps abgeben, f\u00fchren sie umfangreiche Nachforschungen durch und verwenden eine Menge detaillierter Statistiken, die heutzutage immer leichter verf\u00fcgbar sind. Anhand dieser Informationen k\u00f6nnen sie noch fundiertere Entscheidungen bez\u00fcglich ihrer Tipps treffen.<\/p>\n\n\n\n<p>Dank unseres cleveren Algorithmus wird jeder ihrer Wett Tipps schnell von Betting.com \u00fcberpr\u00fcft &#8211; ein Algorithmus, der die Tipps in nur 30 Sekunden aktualisiert. Dar\u00fcber hinaus k\u00f6nnen wir dadurch best\u00e4tigen, dass der Tipp inhaltlich richtig ist, sowie die vorgeschlagenen Quoten und M\u00e4rkte.<\/p>\n\n\n\n<p>Zugegeben, die Erstellung von qualitativen Wett Tipps erfordert eine Menge Zeit, Daten und exzellentes Wissen. Die Expertentipper von Betting.com arbeiten rund um die Uhr, mit einer Menge Software und zus\u00e4tzlichen Tools, um die besten Wett Tipps und M\u00e4rkte f\u00fcr Sie auszuw\u00e4hlen.<\/p>\n\n\n\n<h2 class=\"wp-block-heading\" id=\"fur-welche-spiele-der-league-one-werden-tipps-angeboten\">F\u00fcr welche Spiele der League One werden Tipps angeboten?<\/h2>\n\n\n\n<p>Das Beste an der Nutzung von Betting.com ist, dass du nicht auf ein einziges Spiel oder einen einzigen Tipp beschr\u00e4nkt bist. Mit 12 Spielen der League One pro Runde ist das Angebot an Wett Tipps viel gr\u00f6\u00dfer als in anderen Ligen.<\/p>\n\n\n\n<p>Unsere Tipper sind sehr erfahren in der Welt der Fu\u00dfballwetten und ihre Tipps sind solche, die Wert, hohe Quoten und spezielle M\u00e4rkte bieten. Deshalb kannst du manchmal nicht f\u00fcr jedes Spiel einen Tipp finden, aber du wirst immer etwas finden, das dir hilft, die Buchmacher zu schlagen.<\/p>\n\n\n\n<p>Die meisten Wett Tipps beziehen sich sowohl auf die Mannschaften an der Tabellenspitze als auch auf die Mannschaften, die um den Abstieg k\u00e4mpfen. Diese Logik legt nahe, dass die Tabellenf\u00fchrer in der Regel die meisten Punkte holen und gleichzeitig Ihr Bankkonto aufbessern werden.<\/p>\n\n\n\n<p>In der League One gibt es w\u00e4hrend der gesamten Saison immer viele hart umk\u00e4mpfte Spiele, wobei Sie bei Betting.com immer auf die wichtigsten Begegnungen tippen k\u00f6nnen.<\/p>\n\n\n\n<h2 class=\"wp-block-heading\" id=\"wie-oft-bieten-wir-tipps-aus-der-league-one-an\">Wie oft bieten wir Tipps aus der League One an?<\/h2>\n\n\n\n<p>Unsere Tipper arbeiten rund um die Uhr, um Ihnen die besten Wett Tipps zu pr\u00e4sentieren. Die meisten von ihnen sind einen Tag vor den Spielen verf\u00fcgbar, aber einige der erfahrensten Tipper geben ihre Tipps erst kurz vor dem Spiel ab.<\/p>\n\n\n\n<p>Dabei verwenden sie die neuesten Nachrichten, recherchieren die aktuellsten Verletzungsinformationen und in einigen F\u00e4llen sogar sinkende Quoten, was f\u00fcr Qualit\u00e4t statt Quantit\u00e4t spricht, wenn es um die besten Tipps geht.<\/p>\n\n\n\n<p>Nat\u00fcrlich ist das Volumen der Wett Tipps an den Wochenenden, wenn die meisten Ligaspiele ausgetragen werden, viel gr\u00f6\u00dfer. Aber auch die Spiele unter der Woche sind gut abgedeckt und auch hier findet man im Laufe der Saison hilfreiche Wett Tipps.<\/p>\n\n\n\n<p>Allerdings gibt es etwas, das du beachten solltest. So hilfreich unsere Wett Tipps auch sind, sie garantieren dir nicht unbedingt einen Gewinn. Du solltest immer zweimal nachdenken, bevor du eine Entscheidung aus den Wett Tipps triffst.<\/p>\n\n\n\n<p>Fehler passieren in unserer Welt immer, also darf man nicht denken, dass Tippgeber diese stets vermeiden. Denn so sehr sie sich auch bem\u00fchen, perfekt zu sein, es gibt immer einen oder zwei Fehler hinter der n\u00e4chsten Ecke. Zudem solltest du versuchen, mit einem Betrag zu spielen, den du dir leisten kannst zu verlieren, denn das hilft dir, dein Bankroll-Management zu strukturieren.<\/p>\n\n\n\n<h2 class=\"wp-block-heading\" id=\"alles-was-man-uber-wetten-in-der-league-one-wissen-muss\">Alles, was man \u00fcber Wetten in der League One wissen muss<\/h2>\n\n\n\n<p>Wenn man 2010 jemandem gesagt h\u00e4tte, dass Wigan, Portsmouth, Charlton und Sunderland im Jahr 2020 in der League One spielen werden, w\u00e4re man h\u00f6chstwahrscheinlich noch am selben Tag eingewiesen worden.<\/p>\n\n\n\n<p>Da diese Liga immer eine interessante Mischung aus ehemaligen Nicht-Liga-Klubs und gefallenen Giganten ist, macht sie diese Liga zu einem erstaunlichen Wettbewerb, auf den man wetten kann. Statistisch gesehen ist die Liga zwar unbest\u00e4ndiger als die Premier League, aber weniger unbest\u00e4ndig als die Championship.<\/p>\n\n\n\n<p>Du wirst au\u00dferdem feststellen, dass es League One-Wett Tipps auch f\u00fcr asiatische Handicaps, Match-Quoten, BTTS und andere weniger beliebte M\u00e4rkte gibt.<\/p>\n\n\n\n<p>Und das, obwohl es sich um die wahrscheinlich beste dritte Liga der Welt handelt, die wohl sogar die beste ist. Wir glauben, dass die Spielerzusammensetzung der Liga der Hauptgrund f\u00fcr das \u00dcberangebot an Spannung in den letzten Jahren ist.<\/p>\n\n\n\n<p>Zwar gibt es auch Ausnahmen von dieser Regel, aber die meisten Fu\u00dfballer in der League One lassen sich in eine dieser beiden Gruppen einordnen:<\/p>\n\n\n\n<p>Veteranen. Bei Vorhersagen f\u00fcr die League One solltest du die Mannschaftsaufstellungen immer daraufhin \u00fcberpr\u00fcfen, ob in der Startelf alte, ehemalige Premier-League-Spieler stehen. In den meisten F\u00e4llen werden die Leistungen dieser Spieler einen gro\u00dfen Einfluss auf Ihren Tippschein haben.<\/p>\n\n\n\n<p>Junge Spieler. Wenn die Championship der Ort ist, an den die Teams der Premier League ihre \u00fcberz\u00e4hligen Spieler ausleihen, dann ist die League One der Ort, an dem alle talentierten Teenager wertvolle Erfahrungen sammeln k\u00f6nnen.<\/p>\n\n\n\n<h2 class=\"wp-block-heading\" id=\"welcher-bonus-ist-der-beste-fur-wetten-in-der-league-one\">Welcher Bonus ist der beste f\u00fcr Wetten in der League One?<\/h2>\n\n\n\n<p>Es gibt zahlreiche Arten von Boni, wenn du auf League One wettest und das Wetten genie\u00dfen m\u00f6chtest. Wir haben die meisten der verf\u00fcgbaren Boni getestet und die beliebtesten sind all jene, die erh\u00f6hte Quoten, Gratiswetten und Geld-zur\u00fcck-Aktionen anbieten.<\/p>\n\n\n\n<p>Die meisten League One-Boni sind mit leicht zu erf\u00fcllenden Bedingungen verbunden (z. B. maximaler Einsatz oder Mindestquoten), so dass du deine Wetten jedes Wochenende und im Laufe der Saison voll und ganz genie\u00dfen kannst.<\/p>\n\n\t\t<\/article>\n\t\t<div class=\"lg:w-[300px] lg:flex-shrink-0 relative\" x-data=\"{show_toc: false}\">\n\t\t\t<div class=\"lg:sticky lg:top-4 z-30\">\n\t\t\t\t<div class=\"fixed -top-64 left-0 w-full z-50 lg:static transition-all hidden lg:block\" id=\"fixed-toc\">\n\t\t\t\t\t<div>\n\t\t\t\t<div class=\"border-b border-solid border-gray-30 text-lg font-bold lg:pt-7 max-lg:px-4 py-3 flex items-center justify-between bg-white lg:bg-transparent\">\n\t\t\tWas gibt es auf dieser Seite\n\t\t\t<button @click=\"show_toc = true\" class=\"btn btn-red-outline-white block lg:hidden\">Jump to<\/button>\n\t\t<\/div>\n\t\t\t\t<div\n\t\t\tclass=\"max-lg:fixed max-lg:top-0 max-lg:left-0 max-lg:w-screen max-lg:h-screen max-lg:bg-gray-70 max-lg:bg-opacity-75 max-lg:hidden\"\n\t\t\t:class=\"{'max-lg:hidden': !show_toc}\"\n\t\t\t@click=\"show_toc = false\"\n\t\t>\n\t\t\t<div class=\"max-lg:absolute max-lg:bottom-0 max-lg:left-0 max-lg:w-screen bg-white lg:bg-transparent\">\n\t\t\t\t\t\t\t\t<div class=\"flex lg:hidden items-center justify-between mx-4 border-b border-solid border-gray-30 pt-6 pb-2 font-bold\">\n\n\t\t\t\t\tAuf dieser Seite\n\t\t\t\t\t<button @click=\"show_toc = false\">\n\t\t\t\t\t\t<svg class=\"w-5 h-5 text-gray-100\" xmlns=\"http:\/\/www.w3.org\/2000\/svg\" fill=\"none\" stroke=\"currentColor\" stroke-width=\"1.5\" class=\"w-6 h-6\" viewBox=\"0 0 24 24\"><path stroke-linecap=\"round\" stroke-linejoin=\"round\" d=\"M6 18 18 6M6 6l12 12\"\/><\/svg>\t\t\t\t\t<\/button>\n\t\t\t\t<\/div>\n\t\t\t\t<ul id=\"toc\" class=\"mt-5 max-h-[85vh] overflow-y-auto list-none bt-scrollbars\">\n\n\t\t\t\t\t\t\t\t\t\t\t<li>\n\t\t\t\t\t\t\t<a href=\"#fussball-wett-tipps-fur-league-one-der-saison-22-23\" data-bt-toc-item=\"fussball-wett-tipps-fur-league-one-der-saison-22-23\"\n\t\t\t\t\t\t\t\t @click=\"show_toc = false\"\n\t\t\t\t\t\t\t\t class=\"block px-4 py-2 text-black border-l-4 border-solid border-transparent hover:border-red-100 transition-all hover:!border-b-0 hover:font-bold\">\nFu\u00dfball-Wett Tipps f\u00fcr League One der Saison 22\/23\n<\/a>\n\t\t\t\t\t\t<\/li>\n\t\t\t\t\t\t\t\t\t\t\t<li>\n\t\t\t\t\t\t\t<a href=\"#wer-sind-die-besten-buchmacher-fur-league-one\" data-bt-toc-item=\"wer-sind-die-besten-buchmacher-fur-league-one\"\n\t\t\t\t\t\t\t\t @click=\"show_toc = false\"\n\t\t\t\t\t\t\t\t class=\"block px-4 py-2 text-black border-l-4 border-solid border-transparent hover:border-red-100 transition-all hover:!border-b-0 hover:font-bold\">\nWer sind die besten Buchmacher f\u00fcr League One?\n<\/a>\n\t\t\t\t\t\t<\/li>\n\t\t\t\t\t\t\t\t\t\t\t<li>\n\t\t\t\t\t\t\t<a href=\"#wie-werden-unsere-wett-tipps-erstellt\" data-bt-toc-item=\"wie-werden-unsere-wett-tipps-erstellt\"\n\t\t\t\t\t\t\t\t @click=\"show_toc = false\"\n\t\t\t\t\t\t\t\t class=\"block px-4 py-2 text-black border-l-4 border-solid border-transparent hover:border-red-100 transition-all hover:!border-b-0 hover:font-bold\">\nWie werden unsere Wett Tipps erstellt?\n<\/a>\n\t\t\t\t\t\t<\/li>\n\t\t\t\t\t\t\t\t\t\t\t<li>\n\t\t\t\t\t\t\t<a href=\"#fur-welche-spiele-der-league-one-werden-tipps-angeboten\" data-bt-toc-item=\"fur-welche-spiele-der-league-one-werden-tipps-angeboten\"\n\t\t\t\t\t\t\t\t @click=\"show_toc = false\"\n\t\t\t\t\t\t\t\t class=\"block px-4 py-2 text-black border-l-4 border-solid border-transparent hover:border-red-100 transition-all hover:!border-b-0 hover:font-bold\">\nF\u00fcr welche Spiele der League One werden Tipps angeboten?\n<\/a>\n\t\t\t\t\t\t<\/li>\n\t\t\t\t\t\t\t\t\t\t\t<li>\n\t\t\t\t\t\t\t<a href=\"#wie-oft-bieten-wir-tipps-aus-der-league-one-an\" data-bt-toc-item=\"wie-oft-bieten-wir-tipps-aus-der-league-one-an\"\n\t\t\t\t\t\t\t\t @click=\"show_toc = false\"\n\t\t\t\t\t\t\t\t class=\"block px-4 py-2 text-black border-l-4 border-solid border-transparent hover:border-red-100 transition-all hover:!border-b-0 hover:font-bold\">\nWie oft bieten wir Tipps aus der League One an?\n<\/a>\n\t\t\t\t\t\t<\/li>\n\t\t\t\t\t\t\t\t\t\t\t<li>\n\t\t\t\t\t\t\t<a href=\"#alles-was-man-uber-wetten-in-der-league-one-wissen-muss\" data-bt-toc-item=\"alles-was-man-uber-wetten-in-der-league-one-wissen-muss\"\n\t\t\t\t\t\t\t\t @click=\"show_toc = false\"\n\t\t\t\t\t\t\t\t class=\"block px-4 py-2 text-black border-l-4 border-solid border-transparent hover:border-red-100 transition-all hover:!border-b-0 hover:font-bold\">\nAlles, was man \u00fcber Wetten in der League One wissen muss\n<\/a>\n\t\t\t\t\t\t<\/li>\n\t\t\t\t\t\t\t\t\t\t\t<li>\n\t\t\t\t\t\t\t<a href=\"#welcher-bonus-ist-der-beste-fur-wetten-in-der-league-one\" data-bt-toc-item=\"welcher-bonus-ist-der-beste-fur-wetten-in-der-league-one\"\n\t\t\t\t\t\t\t\t @click=\"show_toc = false\"\n\t\t\t\t\t\t\t\t class=\"block px-4 py-2 text-black border-l-4 border-solid border-transparent hover:border-red-100 transition-all hover:!border-b-0 hover:font-bold\">\nWelcher Bonus ist der beste f\u00fcr Wetten in der League One?\n<\/a>\n\t\t\t\t\t\t<\/li>\n\t\t\t\t\t\t\t\t\t<\/ul>\n\t\t\t\t\t\t\t\t\t\t\t<\/div>\n\t\t<\/div>\n\t<\/div>\n\t\t\t\t\t<\/div>\n\t\t\t<\/div>\n\t\t<\/div>\n\t<\/div>\n<\/div>\n\t<\/div>\n<\/div>\n\n","protected":false},"excerpt":{"rendered":"","protected":false},"author":6,"featured_media":450,"parent":0,"menu_order":1000,"comment_status":"closed","ping_status":"closed","template":"","meta":{"footnotes":""},"tags":[],"acf":[],"_links":{"self":[{"href":"https:\/\/betting.com\/de\/wp-json\/wp\/v2\/pages\/232"}],"collection":[{"href":"https:\/\/betting.com\/de\/wp-json\/wp\/v2\/pages"}],"about":[{"href":"https:\/\/betting.com\/de\/wp-json\/wp\/v2\/types\/page"}],"author":[{"embeddable":true,"href":"https:\/\/betting.com\/de\/wp-json\/wp\/v2\/users\/6"}],"replies":[{"embeddable":true,"href":"https:\/\/betting.com\/de\/wp-json\/wp\/v2\/comments?post=232"}],"version-history":[{"count":4,"href":"https:\/\/betting.com\/de\/wp-json\/wp\/v2\/pages\/232\/revisions"}],"predecessor-version":[{"id":6180,"href":"https:\/\/betting.com\/de\/wp-json\/wp\/v2\/pages\/232\/revisions\/6180"}],"wp:featuredmedia":[{"embeddable":true,"href":"https:\/\/betting.com\/de\/wp-json\/wp\/v2\/media\/450"}],"wp:attachment":[{"href":"https:\/\/betting.com\/de\/wp-json\/wp\/v2\/media?parent=232"}],"wp:term":[{"taxonomy":"post_tag","embeddable":true,"href":"https:\/\/betting.com\/de\/wp-json\/wp\/v2\/tags?post=232"}],"curies":[{"name":"wp","href":"https:\/\/api.w.org\/{rel}","templated":true}]}}