{"id":230,"date":"2022-06-15T21:39:18","date_gmt":"2022-06-15T21:39:18","guid":{"rendered":"https:\/\/betting.com\/de\/?page_id=230"},"modified":"2023-08-02T12:31:07","modified_gmt":"2023-08-02T12:31:07","slug":"tipps","status":"publish","type":"page","link":"https:\/\/betting.com\/de\/laliga\/tipps","title":{"rendered":"La Liga Wett Tipps"},"content":{"rendered":"<div class=\" container-white py-8\">\n\t<div class=\"wp-block-container-toc  \">\n\t\t\t<div class=\"bg-white\">\n\t<div class=\"flex flex-col-reverse lg:flex-row lg:gap-8 py-10\">\n\t\t<article class=\"max-w-[960px] flex-grow\" data-bt-content>\n\t\t\t\n<h2 class=\"wp-block-heading\" id=\"la-liga-wett-tipps-fur-die-heutigen-veranstaltungen\">La Liga-Wett Tipps f\u00fcr die heutigen Veranstaltungen<\/h2>\n\n\n\n<p>Wenn es darum geht, beim Wetten voranzukommen, dann kommt es immer darauf an, die besten Informationen zu haben und dem Spiel immer einen Schritt voraus zu sein. Dies kann durch statistisches Wissen, Spielanalysen oder detaillierte Recherchen erreicht werden, die durch unsere Wett Tipps geb\u00fcndelt werden.<\/p>\n\n\n\n<p>Auf Betting.com findest du Tipps f\u00fcr La Liga, die sowohl von unseren Experten als auch von unseren 100% verifizierte Tippgeber abgegeben werden. Da die La Liga ein sehr beliebter Wettmarkt ist, kannst du t\u00e4glich an Wettipps teilnehmen, die dir helfen werden, die Buchmacher zu schlagen.&nbsp;<\/p>\n\n\n\n<p>Wett Tipps f\u00fcr La Liga sind eine gute M\u00f6glichkeit, um mit Wetten auf die Liga zu beginnen, wenn man Anf\u00e4nger ist, oder um seine Informationen und Kenntnisse als Experte zu st\u00e4rken. Unsere Tipper verf\u00fcgen \u00fcber ein umfassendes Wissen \u00fcber die Mannschaften und Spieler der Liga und nat\u00fcrlich \u00fcber alle relevanten Statistiken, nach denen du suchst.<\/p>\n\n\n\n<p>In diesem Sinne schauen wir uns jetzt genauer an, wie unsere La Liga-Tipps dazu beitragen k\u00f6nnen, ein besseres Wettresultat zu erzielen.<\/p>\n\n\n\n<h2 class=\"wp-block-heading\" id=\"fussball-wetttipps-fur-die-la-liga-2022-23\">Fu\u00dfball-Wetttipps f\u00fcr die La Liga 2022\/23<\/h2>\n\n\n\n<p>Aufgrund der Qualit\u00e4t der Spieler und des gezeigten Fu\u00dfballs gilt La Liga seit langem als eine der beliebtesten Ligen, was sowohl hinsichtlich der Einschaltquoten als auch der Wett Tipps gilt.<\/p>\n\n\n\n<p>Eines der interessantesten Dinge an der La Liga ist, dass sie sich von einer Liga mit vielen Toren zu einem eher defensiven Wettbewerb entwickelt hat und dies im Vergleich zu den &#8222;Big Five&#8220; das Gegenteil ist, da sich die durchschnittliche Torausbeute in Italien, Deutschland, Frankreich und England kaum ver\u00e4ndert hat.<\/p>\n\n\n\n<p>Diese Erkenntnis hat viele interessante Wettm\u00f6glichkeiten geschaffen und, was vielleicht noch wichtiger ist, f\u00fcr Experten auf dem Gebiet des spanischen Fu\u00dfballs war sie in den letzten Jahren auch eine gro\u00dfartige M\u00f6glichkeit, Gewinne zu erzielen.<\/p>\n\n\n\n<p>Die meisten Wettenden wissen, dass Barcelona und Real Madrid die Liga seit mehreren Jahrzehnten dominieren, aber es gab auch immer Mannschaften, die im Schatten lauerten. In den fr\u00fchen 2000er Jahren erlebten wir den Aufstieg von Valencia, w\u00e4hrend Atletico Madrid heute als die dritte Kraft des spanischen Fu\u00dfballs gilt.<\/p>\n\n\n\n<p>Wetten auf die La Liga sind oft ein Kampf zwischen den Favoriten und den Au\u00dfenseitern, aber hier k\u00f6nnen die Experten mit einem genauen Verst\u00e4ndnis des wahren Wertes der Mannschaft gl\u00e4nzen und da Barcelona nicht mehr im Besitz von Lionel Messi ist, wird sich die Wettlandschaft in der La Liga nat\u00fcrlich weiter ver\u00e4ndern.<\/p>\n\n\n\n<h2 class=\"wp-block-heading\" id=\"wie-erstellen-wir-unsere-wett-tipps\">Wie erstellen wir unsere Wett Tipps?<\/h2>\n\n\n\n<p>Zugegeben, Wetten auf die La Liga unterscheiden sich von denen auf andere europ\u00e4ische Top-Ligen. Das liegt daran, dass die Spitzenteams viel st\u00e4rker sind als die Teams in der unteren H\u00e4lfte &#8211; was bedeutet, dass es bei den Standard-1&#215;2-Wetten nicht viel zu holen gibt.<\/p>\n\n\n\n<p>Daher ist es wichtig, im Auge zu behalten, wie gut die Au\u00dfenseiter gegen die Favoriten abschneiden, oder umgekehrt, wie viel st\u00e4rker die Teams an der Spitze wirklich sind. Allerdings ist zu beachten, dass sich das Gleichgewicht von Saison zu Saison \u00e4ndert und hier k\u00f6nnen Experten-Tippgeber sehr hilfreich sein.<\/p>\n\n\n\n<p>Fachwissen und Wett Tipps, die auf gut recherchierten statistischen Daten basieren, sind der Schl\u00fcssel zum Erfolg bei Wetten auf die La Liga und je mehr Informationen du in die H\u00e4nde bekommst, desto gr\u00f6\u00dfer sind deine Chancen, fundierte Wetten abzuschlie\u00dfen.<\/p>\n\n\n\n<p>Unabh\u00e4ngig davon, ob die Liga f\u00fcr dich neu ist oder du bereits unseren verifizierten Tippern und internen Experten folgst, werden sie dir wertvolle Hinweise geben k\u00f6nnen. Deren Vorhersagen k\u00f6nnen dann entweder im Vertrauen auf ihr Wissen befolgt werden, oder du st\u00fctzt dich auf die detaillierten Recherchen, die du bereits angestellt hast.<\/p>\n\n\n\n<h2 class=\"wp-block-heading\" id=\"fur-welche-la-liga-spiele-bieten-sie-tipps-an\">F\u00fcr welche La Liga-Spiele bieten Sie Tipps an?<\/h2>\n\n\n\n<p>Unsere Tipper und Experten arbeiten mit fundierten statistischen Kenntnissen \u00fcber die La Liga und verf\u00fcgen \u00fcber einen gro\u00dfen Erfahrungs- und Wissensschatz, wenn es um Wetten auf diese Liga geht. Das bedeutet, dass sie keine Wetten auf bestimmte Teams oder Spiele bevorzugen und nicht von pers\u00f6nlichen oder fr\u00fcheren Vorurteilen beeinflusst werden.<\/p>\n\n\n\n<p>Stattdessen st\u00fctzen sie sich bei ihren Wett Tipps auf gut recherchierte Statistiken und Daten, was dazu f\u00fchrt, dass alle M\u00e4rkte relevant und f\u00fcr diejenigen von Interesse sind, die vor dem n\u00e4chsten Wettwochenende weitere Erkenntnisse gewinnen m\u00f6chten.<\/p>\n\n\n\n<p>Angesichts der Beliebtheit der Liga bei Wettenden auf der ganzen Welt wirst du Wett Tipps f\u00fcr eine Vielzahl von La-Liga-Spielen finden und jede beliebige La-Liga-Runde wird in der Regel durch mehrere Wett Tipps pro Spieltag abgedeckt.<\/p>\n\n\n\n<h2 class=\"wp-block-heading\" id=\"wie-oft-werden-tipps-aus-der-la-liga-angeboten\">Wie oft werden Tipps aus der La Liga angeboten?<\/h2>\n\n\n\n<p>Wie bereits erw\u00e4hnt, sind die Wetttipps f\u00fcr die La Liga sehr gut abgedeckt und f\u00fcr alle Spielrunden gibt es eine gro\u00dfe Anzahl an Vorhersagen. Unsere Tipper lieben es, auf den spanischen Fu\u00dfball im Allgemeinen zu wetten und nicht selten gibt es f\u00fcr das Spiel, an dem Sie interessiert sind, einen Wett Tipp.<\/p>\n\n\n\n<p>Unsere hauseigenen Experten bei Betting.com scheuen sich auch nicht davor, auf die spanische Liga zu tippen, die zweifelsohne zu ihren Lieblingsligen geh\u00f6rt. Dies bedeutet, dass du w\u00f6chentlich gut recherchierte Spielvorschauen und Wett Tipp-Artikel aus der spanischen Liga erwarten kannst.<\/p>\n\n\n\n<h2 class=\"wp-block-heading\" id=\"alles-was-man-uber-la-liga-wetten-wissen-muss\">Alles, was man \u00fcber La Liga-Wetten wissen muss<\/h2>\n\n\n\n<p>Wetten auf La Liga sind denkbar einfach, denn praktisch alle Buchmacher bieten Quoten f\u00fcr die Liga an und oftmals auch eine gro\u00dfe Marktauswahl. Im Vergleich zu kleineren Ligen solltest du bei Wetten auf die La Liga nur darauf achten, die besten Quoten zu finden, wobei dir unser Quotenvergleich sicher weiterhelfen wird.<\/p>\n\n\n\n<p>Abgesehen davon ist es immer ratsam, nach einem tollen Willkommensbonus oder besonderen Aktionen Ausschau zu halten. Dabei kannst du ganz beruhigt zu Werke gehen, denn Quoten f\u00fcr La Liga zu finden, ist beim besten Willen keine Herausforderung.<\/p>\n\n\n\n<h2 class=\"wp-block-heading\" id=\"welcher-bonus-ist-der-beste-fur-meine-la-liga-wetten\">Welcher Bonus ist der beste f\u00fcr meine La Liga-Wetten?<\/h2>\n\n\n\n<p>Es gibt viele verschiedene Bonusvarianten, wenn du auf die La Liga wettest. Wir haben die meisten der verf\u00fcgbaren Boni getestet von denen die beliebtesten diejenigen sind, die erh\u00f6hte Quoten, Gratiswetten und Geld-zur\u00fcck-Aktionen anbieten.<\/p>\n\n\n\n<p><em>\u201cDie meisten La Liga-Boni sind mit leicht zu erf\u00fcllenden Bedingungen verbunden (z. B. maximaler Einsatz oder Mindestquoten), sodass du deine Wetten jedes Wochenende und im Laufe der Saison in vollen Z\u00fcgen genie\u00dfen kannst.\u201d<\/em><\/p>\n\n\t\t<\/article>\n\t\t<div class=\"lg:w-[300px] lg:flex-shrink-0 relative\" x-data=\"{show_toc: false}\">\n\t\t\t<div class=\"lg:sticky lg:top-4 z-30\">\n\t\t\t\t<div class=\"fixed -top-64 left-0 w-full z-50 lg:static transition-all hidden lg:block\" id=\"fixed-toc\">\n\t\t\t\t\t<div>\n\t\t\t\t<div class=\"border-b border-solid border-gray-30 text-lg font-bold lg:pt-7 max-lg:px-4 py-3 flex items-center justify-between bg-white lg:bg-transparent\">\n\t\t\tWas gibt es auf dieser Seite\n\t\t\t<button @click=\"show_toc = true\" class=\"btn btn-red-outline-white block lg:hidden\">Jump to<\/button>\n\t\t<\/div>\n\t\t\t\t<div\n\t\t\tclass=\"max-lg:fixed max-lg:top-0 max-lg:left-0 max-lg:w-screen max-lg:h-screen max-lg:bg-gray-70 max-lg:bg-opacity-75 max-lg:hidden\"\n\t\t\t:class=\"{'max-lg:hidden': !show_toc}\"\n\t\t\t@click=\"show_toc = false\"\n\t\t>\n\t\t\t<div class=\"max-lg:absolute max-lg:bottom-0 max-lg:left-0 max-lg:w-screen bg-white lg:bg-transparent\">\n\t\t\t\t\t\t\t\t<div class=\"flex lg:hidden items-center justify-between mx-4 border-b border-solid border-gray-30 pt-6 pb-2 font-bold\">\n\n\t\t\t\t\tAuf dieser Seite\n\t\t\t\t\t<button @click=\"show_toc = false\">\n\t\t\t\t\t\t<svg class=\"w-5 h-5 text-gray-100\" xmlns=\"http:\/\/www.w3.org\/2000\/svg\" fill=\"none\" stroke=\"currentColor\" stroke-width=\"1.5\" class=\"w-6 h-6\" viewBox=\"0 0 24 24\"><path stroke-linecap=\"round\" stroke-linejoin=\"round\" d=\"M6 18 18 6M6 6l12 12\"\/><\/svg>\t\t\t\t\t<\/button>\n\t\t\t\t<\/div>\n\t\t\t\t<ul id=\"toc\" class=\"mt-5 max-h-[85vh] overflow-y-auto list-none bt-scrollbars\">\n\n\t\t\t\t\t\t\t\t\t\t\t<li>\n\t\t\t\t\t\t\t<a href=\"#la-liga-wett-tipps-fur-die-heutigen-veranstaltungen\" data-bt-toc-item=\"la-liga-wett-tipps-fur-die-heutigen-veranstaltungen\"\n\t\t\t\t\t\t\t\t @click=\"show_toc = false\"\n\t\t\t\t\t\t\t\t class=\"block px-4 py-2 text-black border-l-4 border-solid border-transparent hover:border-red-100 transition-all hover:!border-b-0 hover:font-bold\">\nLa Liga-Wett Tipps f\u00fcr die heutigen Veranstaltungen\n<\/a>\n\t\t\t\t\t\t<\/li>\n\t\t\t\t\t\t\t\t\t\t\t<li>\n\t\t\t\t\t\t\t<a href=\"#fussball-wetttipps-fur-die-la-liga-2022-23\" data-bt-toc-item=\"fussball-wetttipps-fur-die-la-liga-2022-23\"\n\t\t\t\t\t\t\t\t @click=\"show_toc = false\"\n\t\t\t\t\t\t\t\t class=\"block px-4 py-2 text-black border-l-4 border-solid border-transparent hover:border-red-100 transition-all hover:!border-b-0 hover:font-bold\">\nFu\u00dfball-Wetttipps f\u00fcr die La Liga 2022\/23\n<\/a>\n\t\t\t\t\t\t<\/li>\n\t\t\t\t\t\t\t\t\t\t\t<li>\n\t\t\t\t\t\t\t<a href=\"#wie-erstellen-wir-unsere-wett-tipps\" data-bt-toc-item=\"wie-erstellen-wir-unsere-wett-tipps\"\n\t\t\t\t\t\t\t\t @click=\"show_toc = false\"\n\t\t\t\t\t\t\t\t class=\"block px-4 py-2 text-black border-l-4 border-solid border-transparent hover:border-red-100 transition-all hover:!border-b-0 hover:font-bold\">\nWie erstellen wir unsere Wett Tipps?\n<\/a>\n\t\t\t\t\t\t<\/li>\n\t\t\t\t\t\t\t\t\t\t\t<li>\n\t\t\t\t\t\t\t<a href=\"#fur-welche-la-liga-spiele-bieten-sie-tipps-an\" data-bt-toc-item=\"fur-welche-la-liga-spiele-bieten-sie-tipps-an\"\n\t\t\t\t\t\t\t\t @click=\"show_toc = false\"\n\t\t\t\t\t\t\t\t class=\"block px-4 py-2 text-black border-l-4 border-solid border-transparent hover:border-red-100 transition-all hover:!border-b-0 hover:font-bold\">\nF\u00fcr welche La Liga-Spiele bieten Sie Tipps an?\n<\/a>\n\t\t\t\t\t\t<\/li>\n\t\t\t\t\t\t\t\t\t\t\t<li>\n\t\t\t\t\t\t\t<a href=\"#wie-oft-werden-tipps-aus-der-la-liga-angeboten\" data-bt-toc-item=\"wie-oft-werden-tipps-aus-der-la-liga-angeboten\"\n\t\t\t\t\t\t\t\t @click=\"show_toc = false\"\n\t\t\t\t\t\t\t\t class=\"block px-4 py-2 text-black border-l-4 border-solid border-transparent hover:border-red-100 transition-all hover:!border-b-0 hover:font-bold\">\nWie oft werden Tipps aus der La Liga angeboten?\n<\/a>\n\t\t\t\t\t\t<\/li>\n\t\t\t\t\t\t\t\t\t\t\t<li>\n\t\t\t\t\t\t\t<a href=\"#alles-was-man-uber-la-liga-wetten-wissen-muss\" data-bt-toc-item=\"alles-was-man-uber-la-liga-wetten-wissen-muss\"\n\t\t\t\t\t\t\t\t @click=\"show_toc = false\"\n\t\t\t\t\t\t\t\t class=\"block px-4 py-2 text-black border-l-4 border-solid border-transparent hover:border-red-100 transition-all hover:!border-b-0 hover:font-bold\">\nAlles, was man \u00fcber La Liga-Wetten wissen muss\n<\/a>\n\t\t\t\t\t\t<\/li>\n\t\t\t\t\t\t\t\t\t\t\t<li>\n\t\t\t\t\t\t\t<a href=\"#welcher-bonus-ist-der-beste-fur-meine-la-liga-wetten\" data-bt-toc-item=\"welcher-bonus-ist-der-beste-fur-meine-la-liga-wetten\"\n\t\t\t\t\t\t\t\t @click=\"show_toc = false\"\n\t\t\t\t\t\t\t\t class=\"block px-4 py-2 text-black border-l-4 border-solid border-transparent hover:border-red-100 transition-all hover:!border-b-0 hover:font-bold\">\nWelcher Bonus ist der beste f\u00fcr meine La Liga-Wetten?\n<\/a>\n\t\t\t\t\t\t<\/li>\n\t\t\t\t\t\t\t\t\t<\/ul>\n\t\t\t\t\t\t\t\t\t\t\t<\/div>\n\t\t<\/div>\n\t<\/div>\n\t\t\t\t\t<\/div>\n\t\t\t<\/div>\n\t\t<\/div>\n\t<\/div>\n<\/div>\n\t<\/div>\n<\/div>\n\n","protected":false},"excerpt":{"rendered":"","protected":false},"author":6,"featured_media":458,"parent":992,"menu_order":1000,"comment_status":"closed","ping_status":"closed","template":"","meta":{"footnotes":""},"tags":[],"acf":[],"_links":{"self":[{"href":"https:\/\/betting.com\/de\/wp-json\/wp\/v2\/pages\/230"}],"collection":[{"href":"https:\/\/betting.com\/de\/wp-json\/wp\/v2\/pages"}],"about":[{"href":"https:\/\/betting.com\/de\/wp-json\/wp\/v2\/types\/page"}],"author":[{"embeddable":true,"href":"https:\/\/betting.com\/de\/wp-json\/wp\/v2\/users\/6"}],"replies":[{"embeddable":true,"href":"https:\/\/betting.com\/de\/wp-json\/wp\/v2\/comments?post=230"}],"version-history":[{"count":4,"href":"https:\/\/betting.com\/de\/wp-json\/wp\/v2\/pages\/230\/revisions"}],"predecessor-version":[{"id":6179,"href":"https:\/\/betting.com\/de\/wp-json\/wp\/v2\/pages\/230\/revisions\/6179"}],"up":[{"embeddable":true,"href":"https:\/\/betting.com\/de\/wp-json\/wp\/v2\/pages\/992"}],"wp:featuredmedia":[{"embeddable":true,"href":"https:\/\/betting.com\/de\/wp-json\/wp\/v2\/media\/458"}],"wp:attachment":[{"href":"https:\/\/betting.com\/de\/wp-json\/wp\/v2\/media?parent=230"}],"wp:term":[{"taxonomy":"post_tag","embeddable":true,"href":"https:\/\/betting.com\/de\/wp-json\/wp\/v2\/tags?post=230"}],"curies":[{"name":"wp","href":"https:\/\/api.w.org\/{rel}","templated":true}]}}