{"id":227,"date":"2022-06-15T18:42:00","date_gmt":"2022-06-15T18:42:00","guid":{"rendered":"https:\/\/betting.com\/de\/?page_id=227"},"modified":"2023-08-02T12:31:07","modified_gmt":"2023-08-02T12:31:07","slug":"tipps","status":"publish","type":"page","link":"https:\/\/betting.com\/de\/kroatische-1-hnl\/tipps","title":{"rendered":"Kroatische 1 HNL Wett Tipps"},"content":{"rendered":"<div class=\" container-white py-8\">\n\t<div class=\"wp-block-container-toc  \">\n\t\t\t<div class=\"bg-white\">\n\t<div class=\"flex flex-col-reverse lg:flex-row lg:gap-8 py-10\">\n\t\t<article class=\"max-w-[960px] flex-grow\" data-bt-content>\n\t\t\t\n<p>Wenn es darum geht, langfristig profitabel zu wetten, kommt es immer darauf an, die besten Informationen zu haben und dem Spiel immer einen Schritt voraus zu sein. Dies kann mit Hilfe von Statistiken, Spielanalysen oder detaillierten Recherchen erreicht werden. Mit unseren Wett Tipps kannst du gl\u00fccklicherweise alle diese Faktoren miteinander verbinden.<\/p>\n\n\n\n<p>Bei Betting.com findest du Tipps f\u00fcr die kroatische 1 HNL, Tipps von unseren Experten und unseren 100% verifizierten Tippern. Da die kroatische 1 HNL in ganz Europa immer beliebter wird, gibt es regelm\u00e4\u00dfig Wett Tipps, mit denen du die Buchmacher schlagen kannst.<\/p>\n\n\n\n<p>Wett Tipps f\u00fcr die kroatische 1 HNL sind eine gute M\u00f6glichkeit, um mit dem Wetten auf die Liga zu beginnen oder deine Informationen und dein Wissen als Experte zu vertiefen. Unsere Tipper verf\u00fcgen \u00fcber ein umfassendes Wissen \u00fcber die Mannschaften und Spieler der Liga und nat\u00fcrlich \u00fcber alle relevanten Statistiken, die du ben\u00f6tigen wirst.<\/p>\n\n\n\n<p>In diesem Sinne schauen wir uns jetzt genauer an, wie unsere 1 HNL-Tipps dir dabei helfen k\u00f6nnen, bessere Wetten abzuschlie\u00dfen.<\/p>\n\n\n\n<h2 class=\"wp-block-heading\" id=\"wer-sind-die-besten-buchmacher-fur-die-kroatische-hnl\">Wer sind die besten Buchmacher f\u00fcr die kroatische HNL?<\/h2>\n\n\n\n<p>Die kroatische Liga 1 HNL ist eine der respektiertesten Ligen in Europa, was bedeutet, dass jeder einzelne Buchmacher da drau\u00dfen Quoten f\u00fcr diese Liga anbietet. Wenn du dich f\u00fcr einen Buchmacher entscheidest, um auf die Croatia 1 HNL zu wetten, empfehlen wir dir, einen Bonus zu w\u00e4hlen, der zu dir passt, oder eine spezielle Aktion zu finden, von der du profitieren kannst.<\/p>\n\n\n\n<p>Wir k\u00f6nnen f\u00fcr alle von uns empfohlenen Buchmacher b\u00fcrgen und du kannst einige von ihnen unten sehen. Wenn du es vorziehst, kannst du auch zu unserer Buchmacher-Sektion gehen, wo du die aktuellen Willkommensboni und Sonderaktionen sehen und dazu unsere ausf\u00fchrlichen Bewertungen lesen kannst.<\/p>\n\n\n\n<h2 class=\"wp-block-heading\" id=\"wie-erstellen-wir-unsere-wett-tipps\">Wie erstellen wir unsere Wett Tipps?<\/h2>\n\n\n\n<p>Einst war Dinamo Zagreb die dominierende Kraft in der Liga und es ist nicht besonders viel wert, auf den fast ewigen Meister zu setzen, weder bei den direkten Wetten noch bei den w\u00f6chentlichen 1&#215;2-Wetten.<\/p>\n\n\n\n<p>F\u00fcr diejenigen, die das Maximum aus ihren 1 NHL-Wetten herausholen wollen, gibt es jedoch die M\u00f6glichkeit, verlockende Quoten zu erzielen, da die Spiele, an denen Zagreb nicht beteiligt ist, in beide Richtungen gehen k\u00f6nnen.<\/p>\n\n\n\n<p>Da nur 10 Mannschaften am Wettbewerb teilnehmen, gibt es nur wenige Begegnungen im Tabellenmittelfeld, und da die anderen neun Mannschaften Punkte liegen lassen, kann sich die richtige Vorhersage schnell auszahlen.<\/p>\n\n\n\n<p>Expertenwissen und Wett Tipps, die auf gut recherchierten statistischen Daten basieren, sind der Schl\u00fcssel zum Erfolg bei Wetten auf die kroatische 1 HNL. Je mehr Informationen du in die H\u00e4nde bekommst, desto gr\u00f6\u00dfer sind deine Chancen, fundierte Wetten abzuschlie\u00dfen.<\/p>\n\n\n\n<p>Unabh\u00e4ngig davon, ob die Liga f\u00fcr dich neu ist oder du bereits unseren verifizierten Tippern und internen Experten folgst, werden sie dir wertvolle Hinweise geben k\u00f6nnen. Du kannst ihren Vorhersagen folgen, indem du entweder auf ihr Wissen vertraust oder die detaillierten Recherchen, die du bereits durchgef\u00fchrt hast, best\u00e4tigst.<\/p>\n\n\n\n<h2 class=\"wp-block-heading\" id=\"fur-welche-spiele-der-kroatischen-1-hnl-bieten-wir-tipps-an\">F\u00fcr welche Spiele der kroatischen 1 HNL bieten wir Tipps an?<\/h2>\n\n\n\n<p>Unsere Tipper und Experten arbeiten mit fundierten statistischen Kenntnissen \u00fcber die Kroatien 1 HNL und verf\u00fcgen \u00fcber einen gro\u00dfen Erfahrungsschatz, wenn es um Wetten auf diese Liga geht. Das bedeutet, dass sie keine Wetten auf bestimmte Teams oder Spiele bevorzugen und nicht von pers\u00f6nlichen oder fr\u00fcheren Vorurteilen beeinflusst werden.<\/p>\n\n\n\n<p>Stattdessen st\u00fctzen sie sich bei ihren Wett Tipps auf gut recherchierte Statistiken und Daten, was dazu f\u00fchrt, dass alle M\u00e4rkte relevant und f\u00fcr diejenigen von Interesse sind, die vor den Wettaktivit\u00e4ten des n\u00e4chsten Wochenendes weitere Erkenntnisse gewinnen m\u00f6chten.<\/p>\n\n\n\n<p>Du kannst erwarten, dass du Wett Tipps f\u00fcr jedes der f\u00fcnf Spiele der kroatischen 1 HNL pro Spielwoche findest, und f\u00fcr jede Begegnung der kroatischen 1 HNL gibt es normalerweise mehrere Wett Tipps, die du nutzen kannst.<\/p>\n\n\n\n<h2 class=\"wp-block-heading\" id=\"wie-oft-bieten-wir-tipps-von-der-kroatischen-1-hnl-an\">Wie oft bieten wir Tipps von der kroatischen 1 HNL an?<\/h2>\n\n\n\n<p>Wie bereits erw\u00e4hnt, sind die Wett Tipps f\u00fcr die kroatische 1 HNL sehr gut abgedeckt und f\u00fcr alle Spielrunden gibt es eine gro\u00dfe Anzahl von Vorhersagen. Unsere Tipper lieben es, auf den kroatischen Fu\u00dfball im Allgemeinen zu wetten und meistens gibt es f\u00fcr das Spiel, f\u00fcr das du dich interessierst, einen Wett Tipp.<\/p>\n\n\n\n<p>Unsere hauseigenen Experten bei Betting.com scheuen sich auch nicht, Tipps f\u00fcr die kroatische 1 HNL abzugeben, die eine der beliebtesten europ\u00e4ischen Ligen ist. Das bedeutet, dass du w\u00f6chentlich gut recherchierte Spielvorschauen und Wett Tipp-Artikel aus der kroatischen 1 HNL erwarten kannst.<\/p>\n\n\n\n<h2 class=\"wp-block-heading\" id=\"alles-was-man-uber-kroatische-1-hnl-wetten-wissen-muss\">Alles, was man \u00fcber kroatische 1 HNL-Wetten wissen muss<\/h2>\n\n\n\n<p><em>\u201cIm Vergleich zu weniger popul\u00e4ren europ\u00e4ischen Ligen sollte dein einziges Anliegen bei Wetten auf die kroatische 1 HNL sein, die h\u00f6chsten Quoten zu finden und dabei hilft dir unsere Quotenvergleichsseite sicher weiter.\u201d<\/em><\/p>\n\n\n\n<p>Ansonsten sind ein toller Willkommensbonus oder Sonderaktionen immer etwas, worauf man ein Auge haben sollte. Du kannst aber beruhigt sein, denn Quoten f\u00fcr die Croatia 1 HNL zu finden, ist keine gro\u00dfe Herausforderung.<\/p>\n\n\n\n<h2 class=\"wp-block-heading\" id=\"welcher-bonus-ist-der-beste-fur-meine-wetten-auf-die-kroatische-1-hnl\">Welcher Bonus ist der beste f\u00fcr meine Wetten auf die kroatische 1 HNL?<\/h2>\n\n\n\n<p>Es gibt viele Arten von Boni, wenn du auf die kroatische 1 HNL wettest. Wir haben die meisten der verf\u00fcgbaren Boni getestet und die beliebtesten sind jene, die erh\u00f6hte Quoten, Gratiswetten und Geld-zur\u00fcck-Aktionen anbieten.<\/p>\n\n\n\n<p>Die meisten der kroatischen 1 HNL-Boni sind mit leicht zu erf\u00fcllenden Bedingungen verbunden (z.B. maximaler Einsatz oder Mindestquoten), was bedeutet, dass du deine Wetten jedes Wochenende und im Laufe der Saison voll genie\u00dfen kannst.<\/p>\n\n\t\t<\/article>\n\t\t<div class=\"lg:w-[300px] lg:flex-shrink-0 relative\" x-data=\"{show_toc: false}\">\n\t\t\t<div class=\"lg:sticky lg:top-4 z-30\">\n\t\t\t\t<div class=\"fixed -top-64 left-0 w-full z-50 lg:static transition-all hidden lg:block\" id=\"fixed-toc\">\n\t\t\t\t\t<div>\n\t\t\t\t<div class=\"border-b border-solid border-gray-30 text-lg font-bold lg:pt-7 max-lg:px-4 py-3 flex items-center justify-between bg-white lg:bg-transparent\">\n\t\t\tWas gibt es auf dieser Seite\n\t\t\t<button @click=\"show_toc = true\" class=\"btn btn-red-outline-white block lg:hidden\">Jump to<\/button>\n\t\t<\/div>\n\t\t\t\t<div\n\t\t\tclass=\"max-lg:fixed max-lg:top-0 max-lg:left-0 max-lg:w-screen max-lg:h-screen max-lg:bg-gray-70 max-lg:bg-opacity-75 max-lg:hidden\"\n\t\t\t:class=\"{'max-lg:hidden': !show_toc}\"\n\t\t\t@click=\"show_toc = false\"\n\t\t>\n\t\t\t<div class=\"max-lg:absolute max-lg:bottom-0 max-lg:left-0 max-lg:w-screen bg-white lg:bg-transparent\">\n\t\t\t\t\t\t\t\t<div class=\"flex lg:hidden items-center justify-between mx-4 border-b border-solid border-gray-30 pt-6 pb-2 font-bold\">\n\n\t\t\t\t\tAuf dieser Seite\n\t\t\t\t\t<button @click=\"show_toc = false\">\n\t\t\t\t\t\t<svg class=\"w-5 h-5 text-gray-100\" xmlns=\"http:\/\/www.w3.org\/2000\/svg\" fill=\"none\" stroke=\"currentColor\" stroke-width=\"1.5\" class=\"w-6 h-6\" viewBox=\"0 0 24 24\"><path stroke-linecap=\"round\" stroke-linejoin=\"round\" d=\"M6 18 18 6M6 6l12 12\"\/><\/svg>\t\t\t\t\t<\/button>\n\t\t\t\t<\/div>\n\t\t\t\t<ul id=\"toc\" class=\"mt-5 max-h-[85vh] overflow-y-auto list-none bt-scrollbars\">\n\n\t\t\t\t\t\t\t\t\t\t\t<li>\n\t\t\t\t\t\t\t<a href=\"#wer-sind-die-besten-buchmacher-fur-die-kroatische-hnl\" data-bt-toc-item=\"wer-sind-die-besten-buchmacher-fur-die-kroatische-hnl\"\n\t\t\t\t\t\t\t\t @click=\"show_toc = false\"\n\t\t\t\t\t\t\t\t class=\"block px-4 py-2 text-black border-l-4 border-solid border-transparent hover:border-red-100 transition-all hover:!border-b-0 hover:font-bold\">\nWer sind die besten Buchmacher f\u00fcr die kroatische HNL?\n<\/a>\n\t\t\t\t\t\t<\/li>\n\t\t\t\t\t\t\t\t\t\t\t<li>\n\t\t\t\t\t\t\t<a href=\"#wie-erstellen-wir-unsere-wett-tipps\" data-bt-toc-item=\"wie-erstellen-wir-unsere-wett-tipps\"\n\t\t\t\t\t\t\t\t @click=\"show_toc = false\"\n\t\t\t\t\t\t\t\t class=\"block px-4 py-2 text-black border-l-4 border-solid border-transparent hover:border-red-100 transition-all hover:!border-b-0 hover:font-bold\">\nWie erstellen wir unsere Wett Tipps?\n<\/a>\n\t\t\t\t\t\t<\/li>\n\t\t\t\t\t\t\t\t\t\t\t<li>\n\t\t\t\t\t\t\t<a href=\"#fur-welche-spiele-der-kroatischen-1-hnl-bieten-wir-tipps-an\" data-bt-toc-item=\"fur-welche-spiele-der-kroatischen-1-hnl-bieten-wir-tipps-an\"\n\t\t\t\t\t\t\t\t @click=\"show_toc = false\"\n\t\t\t\t\t\t\t\t class=\"block px-4 py-2 text-black border-l-4 border-solid border-transparent hover:border-red-100 transition-all hover:!border-b-0 hover:font-bold\">\nF\u00fcr welche Spiele der kroatischen 1 HNL bieten wir Tipps an?\n<\/a>\n\t\t\t\t\t\t<\/li>\n\t\t\t\t\t\t\t\t\t\t\t<li>\n\t\t\t\t\t\t\t<a href=\"#wie-oft-bieten-wir-tipps-von-der-kroatischen-1-hnl-an\" data-bt-toc-item=\"wie-oft-bieten-wir-tipps-von-der-kroatischen-1-hnl-an\"\n\t\t\t\t\t\t\t\t @click=\"show_toc = false\"\n\t\t\t\t\t\t\t\t class=\"block px-4 py-2 text-black border-l-4 border-solid border-transparent hover:border-red-100 transition-all hover:!border-b-0 hover:font-bold\">\nWie oft bieten wir Tipps von der kroatischen 1 HNL an?\n<\/a>\n\t\t\t\t\t\t<\/li>\n\t\t\t\t\t\t\t\t\t\t\t<li>\n\t\t\t\t\t\t\t<a href=\"#alles-was-man-uber-kroatische-1-hnl-wetten-wissen-muss\" data-bt-toc-item=\"alles-was-man-uber-kroatische-1-hnl-wetten-wissen-muss\"\n\t\t\t\t\t\t\t\t @click=\"show_toc = false\"\n\t\t\t\t\t\t\t\t class=\"block px-4 py-2 text-black border-l-4 border-solid border-transparent hover:border-red-100 transition-all hover:!border-b-0 hover:font-bold\">\nAlles, was man \u00fcber kroatische 1 HNL-Wetten wissen muss\n<\/a>\n\t\t\t\t\t\t<\/li>\n\t\t\t\t\t\t\t\t\t\t\t<li>\n\t\t\t\t\t\t\t<a href=\"#welcher-bonus-ist-der-beste-fur-meine-wetten-auf-die-kroatische-1-hnl\" data-bt-toc-item=\"welcher-bonus-ist-der-beste-fur-meine-wetten-auf-die-kroatische-1-hnl\"\n\t\t\t\t\t\t\t\t @click=\"show_toc = false\"\n\t\t\t\t\t\t\t\t class=\"block px-4 py-2 text-black border-l-4 border-solid border-transparent hover:border-red-100 transition-all hover:!border-b-0 hover:font-bold\">\nWelcher Bonus ist der beste f\u00fcr meine Wetten auf die kroatische 1 HNL?\n<\/a>\n\t\t\t\t\t\t<\/li>\n\t\t\t\t\t\t\t\t\t<\/ul>\n\t\t\t\t\t\t\t\t\t\t\t<\/div>\n\t\t<\/div>\n\t<\/div>\n\t\t\t\t\t<\/div>\n\t\t\t<\/div>\n\t\t<\/div>\n\t<\/div>\n<\/div>\n\t<\/div>\n<\/div>\n\n","protected":false},"excerpt":{"rendered":"","protected":false},"author":6,"featured_media":445,"parent":913,"menu_order":1000,"comment_status":"closed","ping_status":"closed","template":"","meta":{"footnotes":""},"tags":[],"acf":[],"_links":{"self":[{"href":"https:\/\/betting.com\/de\/wp-json\/wp\/v2\/pages\/227"}],"collection":[{"href":"https:\/\/betting.com\/de\/wp-json\/wp\/v2\/pages"}],"about":[{"href":"https:\/\/betting.com\/de\/wp-json\/wp\/v2\/types\/page"}],"author":[{"embeddable":true,"href":"https:\/\/betting.com\/de\/wp-json\/wp\/v2\/users\/6"}],"replies":[{"embeddable":true,"href":"https:\/\/betting.com\/de\/wp-json\/wp\/v2\/comments?post=227"}],"version-history":[{"count":5,"href":"https:\/\/betting.com\/de\/wp-json\/wp\/v2\/pages\/227\/revisions"}],"predecessor-version":[{"id":6178,"href":"https:\/\/betting.com\/de\/wp-json\/wp\/v2\/pages\/227\/revisions\/6178"}],"up":[{"embeddable":true,"href":"https:\/\/betting.com\/de\/wp-json\/wp\/v2\/pages\/913"}],"wp:featuredmedia":[{"embeddable":true,"href":"https:\/\/betting.com\/de\/wp-json\/wp\/v2\/media\/445"}],"wp:attachment":[{"href":"https:\/\/betting.com\/de\/wp-json\/wp\/v2\/media?parent=227"}],"wp:term":[{"taxonomy":"post_tag","embeddable":true,"href":"https:\/\/betting.com\/de\/wp-json\/wp\/v2\/tags?post=227"}],"curies":[{"name":"wp","href":"https:\/\/api.w.org\/{rel}","templated":true}]}}