{"id":225,"date":"2022-06-15T18:40:06","date_gmt":"2022-06-15T18:40:06","guid":{"rendered":"https:\/\/betting.com\/de\/?page_id=225"},"modified":"2023-08-02T12:31:07","modified_gmt":"2023-08-02T12:31:07","slug":"tipps","status":"publish","type":"page","link":"https:\/\/betting.com\/de\/j-league\/tipps","title":{"rendered":"Japanische J-League Wett Tipps"},"content":{"rendered":"<div class=\" container-white py-8\">\n\t<div class=\"wp-block-container-toc  \">\n\t\t\t<div class=\"bg-white\">\n\t<div class=\"flex flex-col-reverse lg:flex-row lg:gap-8 py-10\">\n\t\t<article class=\"max-w-[960px] flex-grow\" data-bt-content>\n\t\t\t\n<h2 class=\"wp-block-heading\" id=\"j-league-wett-tipps-fur-die-heutigen-veranstaltungen\">J League-Wett Tipps f\u00fcr die heutigen Veranstaltungen<\/h2>\n\n\n\n<p>Wenn es darum geht, beim Wetten voranzukommen, kommt es immer darauf an, die besten Informationen zu haben und dem Spiel immer einen Schritt voraus zu sein. Dies kann durch statistisches Wissen, Spielanalysen oder detaillierte Recherchen erreicht werden, und mit unseren Wett Tipps kannst du all diese Elemente zusammenfassen.<\/p>\n\n\n\n<p>Auf Betting.com findest du Tipps f\u00fcr die J League, die sowohl von unseren Experten als auch von unseren 100% verifizierten Tippern abgegeben werden. Da die J League ein sehr beliebter Wettmarkt ist, kannst du t\u00e4glich an Wettipps teilnehmen, die dir helfen, die Buchmacher zu schlagen.<\/p>\n\n\n\n<p>Wett Tipps f\u00fcr die J-League sind eine gute M\u00f6glichkeit, um mit Wetten auf die Liga zu beginnen, wenn du neu bist, oder um deine Informationen und dein Wissen als Experte zu erweitern. Unsere Tipper verf\u00fcgen \u00fcber ein umfassendes Wissen \u00fcber die Mannschaften und Spieler der Liga und nat\u00fcrlich \u00fcber alle relevanten Statistiken, die du ben\u00f6tigst.<\/p>\n\n\n\n<p>In diesem Sinne schauen wir uns jetzt genauer an, wie unsere J-League-Tipps dir helfen k\u00f6nnen, bessere Ergebnisse zu erzielen, und wenn du anf\u00e4ngst, bessere Ergebnisse zu erzielen, wirst du nebenbei auch noch einen gesunden Gewinn erzielen.<\/p>\n\n\n\n<h2 class=\"wp-block-heading\" id=\"fussball-wett-tipps-fur-die-j-league-2022-23\">Fu\u00dfball-Wett Tipps f\u00fcr die J-League 2022\/23<\/h2>\n\n\n\n<p>Die J-League, die oft als eine der renommiertesten Ligen Asiens angesehen wird, ist die Heimat der gr\u00f6\u00dften japanischen Vereine und hat sich seit ihrer Einf\u00fchrung im Jahr 1992 in den letzten drei Jahrzehnten immer weiter entwickelt.<\/p>\n\n\n\n<p>Wie viele andere aufstrebende Ligen vor ihnen war auch dieser Wettbewerb zun\u00e4chst auf den Zustrom ausl\u00e4ndischer Talente angewiesen, in der Regel von Spielern, die noch eine letzte Saison spielen wollten, bevor sie ihre Schuhe an den Nagel h\u00e4ngen.<\/p>\n\n\n\n<p>Nachdem jedoch Spieler wie Gary Lineker und Dunga ihre Karriere l\u00e4ngst beendet haben, ist eine neue Welle japanischer Talente auf den Plan getreten, und diese neue Generation hat der J-League zu einem enormen Aufschwung verholfen.<\/p>\n\n\n\n<p>Das geht so weit, dass japanische Mannschaften auch in kontinentalen Wettbewerben konkurrenzf\u00e4hig sind, und wenn sie auf die asiatischen Kontrahenten treffen, haben die Gegner stets mit harten 90 Minuten zu rechnen.<\/p>\n\n\n\n<p><em>\u201cAufgrund der Qualit\u00e4t der Mannschaften, die in der J-League antreten, ist sie auch ein sehr beliebter Wettbewerb, sowohl was die Zuschauerzahlen als auch die globalen Einschaltquoten angeht, wobei \u00dcbertragungspakete in vielen L\u00e4ndern rund um den Globus verkauft werden.\u201d<\/em><\/p>\n\n\n\n<h2 class=\"wp-block-heading\" id=\"wer-sind-die-besten-buchmacher-fur-die-j-league\">Wer sind die besten Buchmacher f\u00fcr die J-League?<\/h2>\n\n\n\n<p>Die J-League ist eine der beliebtesten Fu\u00dfballligen in Asien, und das bedeutet, dass jeder einzelne Buchmacher dort drau\u00dfen Quoten f\u00fcr diese Liga anbietet. Wenn du dich f\u00fcr einen Buchmacher entscheidest, um auf die J League zu wetten, empfehlen wir dir, einen Bonus zu w\u00e4hlen, der zu dir passt, oder eine spezielle Aktion zu finden, von der du profitieren kannst.<\/p>\n\n\n\n<p>Wir k\u00f6nnen f\u00fcr alle von uns empfohlenen Buchmacher b\u00fcrgen, und du kannst einige von ihnen weiter unten sehen. Wenn du es vorziehst, kannst du auch zu unserem Buchmacher-Bereich gehen, wo du die aktuellen Willkommensboni und Aktionen sehen und unsere ausf\u00fchrlichen Bewertungen lesen kannst.<\/p>\n\n\n\n<h2 class=\"wp-block-heading\" id=\"wie-erstellen-wir-unsere-wett-tipps\">Wie erstellen wir unsere Wett Tipps?<\/h2>\n\n\n\n<p>Man kann mit gutem Gewissen sagen, dass sich Wetten auf die J-League von denen auf andere asiatische Top-Ligen unterscheiden. Das liegt daran, dass die Spitzenteams viel st\u00e4rker sind als die Teams in der unteren H\u00e4lfte &#8211; was bedeutet, dass der 1&#215;2-Markt nicht unbedingt die gr\u00f6\u00dfte Rentabilit\u00e4t bietet.<\/p>\n\n\n\n<p>Daher ist es wichtig, im Auge zu behalten, wie gut die Unterlegenen gegen die Favoriten abschneiden, oder umgekehrt, wie viel st\u00e4rker die Teams an der Spitze wirklich sind. Dabei ist zu beachten, dass sich das Gleichgewicht von Saison zu Saison \u00e4ndert, und hier k\u00f6nnen Experten-Tippgeber sehr hilfreich sein.<\/p>\n\n\n\n<p>Fachwissen und Wett Tipps, die auf gut recherchierten statistischen Daten beruhen, sind der Schl\u00fcssel zum Erfolg bei Wetten auf die J-League, und je mehr Informationen du in die H\u00e4nde bekommst, desto gr\u00f6\u00dfer sind deine Chancen, fundierte Wetten abzuschlie\u00dfen.<\/p>\n\n\n\n<p>Unabh\u00e4ngig davon, ob die Liga f\u00fcr dich neu ist oder du bereits unseren verifizierten Tippern und internen Experten folgst, werden sie dir wertvolle Hinweise geben k\u00f6nnen. Du kannst ihren Vorhersagen folgen, indem du dich auf ihr Wissen verl\u00e4sst oder die detaillierten Recherchen, die du bereits durchgef\u00fchrt hast, unterst\u00fctzt.<\/p>\n\n\n\n<h2 class=\"wp-block-heading\" id=\"fur-welche-spiele-der-j-league-bietest-du-tipps-an\">F\u00fcr welche Spiele der J League bietest du Tipps an?<\/h2>\n\n\n\n<p>Unsere Tipper und Experten arbeiten mit fundierten statistischen Kenntnissen \u00fcber die J-League und verf\u00fcgen \u00fcber einen gro\u00dfen Erfahrungsschatz, wenn es um Wetten auf diesen Wettbewerb geht. Das bedeutet, dass sie keine Wetten auf bestimmte Teams oder Spiele bevorzugen und nicht von pers\u00f6nlichen oder fr\u00fcheren Vorurteilen beeinflusst werden.<\/p>\n\n\n\n<p>Stattdessen st\u00fctzen sie sich bei ihren Wett Tipps auf gut recherchierte Statistiken und Daten, was dazu f\u00fchrt, dass alle M\u00e4rkte relevant und f\u00fcr diejenigen interessant sind, die vor den Wettaktivit\u00e4ten des n\u00e4chsten Wochenendes weitere Erkenntnisse gewinnen m\u00f6chten.<\/p>\n\n\n\n<p>Du kannst erwarten, dass du Wett Tipps f\u00fcr eine Vielzahl von J-League-Spielen siehst, da die Liga weltweit sehr beliebt ist und jede Runde der J-League in der Regel von mehreren Wett Tipps pro Spieltag abgedeckt wird.<\/p>\n\n\n\n<h2 class=\"wp-block-heading\" id=\"wie-oft-bieten-wir-tipps-aus-der-j-league-an\">Wie oft bieten wir Tipps aus der J-League an?<\/h2>\n\n\n\n<p>Wie bereits erw\u00e4hnt, sind die Wett Tipps f\u00fcr die J-League sehr gut abgedeckt, und f\u00fcr alle Spielrunden gibt es zahlreiche Vorhersagen. Unsere Tipper lieben Wetten auf den japanischen Fu\u00dfball im Allgemeinen und oft gibt es f\u00fcr das Spiel, das dich interessiert, einen Wett Tipp dazu.<\/p>\n\n\n\n<p>Unsere hauseigenen Experten bei Betting.com scheuen sich auch nicht davor, die J-League zu tippen, und sie geh\u00f6rt sicherlich zu ihren Lieblingsligen da drau\u00dfen. Das bedeutet, dass du w\u00f6chentlich gut recherchierte Spielvorschauen und Wett Tipp-Artikel aus der J League erwarten kannst.<\/p>\n\n\n\n<h2 class=\"wp-block-heading\" id=\"welcher-bonus-ist-der-beste-fur-meine-j-league-wetten\">Welcher Bonus ist der beste f\u00fcr meine J-League-Wetten?<\/h2>\n\n\n\n<p>Es gibt viele Arten von Boni, w\u00e4hrend du auf die J-Liga wetten und diese genie\u00dfen kannst. Wir haben die meisten der verf\u00fcgbaren Boni getestet und die beliebtesten sind die, die erh\u00f6hte Quoten, Gratiswetten und Geld-zur\u00fcck-Aktionen anbieten.<\/p>\n\n\n\n<p>Die meisten J-League-Boni sind mit leicht zu erf\u00fcllenden Bedingungen verbunden (z. B. maximaler Einsatz oder Mindestquoten), so dass du deine Wetten jedes Wochenende und im Laufe der Saison in vollen Z\u00fcgen genie\u00dfen kannst.<\/p>\n\n\t\t<\/article>\n\t\t<div class=\"lg:w-[300px] lg:flex-shrink-0 relative\" x-data=\"{show_toc: false}\">\n\t\t\t<div class=\"lg:sticky lg:top-4 z-30\">\n\t\t\t\t<div class=\"fixed -top-64 left-0 w-full z-50 lg:static transition-all hidden lg:block\" id=\"fixed-toc\">\n\t\t\t\t\t<div>\n\t\t\t\t<div class=\"border-b border-solid border-gray-30 text-lg font-bold lg:pt-7 max-lg:px-4 py-3 flex items-center justify-between bg-white lg:bg-transparent\">\n\t\t\tWas gibt es auf dieser Seite\n\t\t\t<button @click=\"show_toc = true\" class=\"btn btn-red-outline-white block lg:hidden\">Jump to<\/button>\n\t\t<\/div>\n\t\t\t\t<div\n\t\t\tclass=\"max-lg:fixed max-lg:top-0 max-lg:left-0 max-lg:w-screen max-lg:h-screen max-lg:bg-gray-70 max-lg:bg-opacity-75 max-lg:hidden\"\n\t\t\t:class=\"{'max-lg:hidden': !show_toc}\"\n\t\t\t@click=\"show_toc = false\"\n\t\t>\n\t\t\t<div class=\"max-lg:absolute max-lg:bottom-0 max-lg:left-0 max-lg:w-screen bg-white lg:bg-transparent\">\n\t\t\t\t\t\t\t\t<div class=\"flex lg:hidden items-center justify-between mx-4 border-b border-solid border-gray-30 pt-6 pb-2 font-bold\">\n\n\t\t\t\t\tAuf dieser Seite\n\t\t\t\t\t<button @click=\"show_toc = false\">\n\t\t\t\t\t\t<svg class=\"w-5 h-5 text-gray-100\" xmlns=\"http:\/\/www.w3.org\/2000\/svg\" fill=\"none\" stroke=\"currentColor\" stroke-width=\"1.5\" class=\"w-6 h-6\" viewBox=\"0 0 24 24\"><path stroke-linecap=\"round\" stroke-linejoin=\"round\" d=\"M6 18 18 6M6 6l12 12\"\/><\/svg>\t\t\t\t\t<\/button>\n\t\t\t\t<\/div>\n\t\t\t\t<ul id=\"toc\" class=\"mt-5 max-h-[85vh] overflow-y-auto list-none bt-scrollbars\">\n\n\t\t\t\t\t\t\t\t\t\t\t<li>\n\t\t\t\t\t\t\t<a href=\"#j-league-wett-tipps-fur-die-heutigen-veranstaltungen\" data-bt-toc-item=\"j-league-wett-tipps-fur-die-heutigen-veranstaltungen\"\n\t\t\t\t\t\t\t\t @click=\"show_toc = false\"\n\t\t\t\t\t\t\t\t class=\"block px-4 py-2 text-black border-l-4 border-solid border-transparent hover:border-red-100 transition-all hover:!border-b-0 hover:font-bold\">\nJ League-Wett Tipps f\u00fcr die heutigen Veranstaltungen\n<\/a>\n\t\t\t\t\t\t<\/li>\n\t\t\t\t\t\t\t\t\t\t\t<li>\n\t\t\t\t\t\t\t<a href=\"#fussball-wett-tipps-fur-die-j-league-2022-23\" data-bt-toc-item=\"fussball-wett-tipps-fur-die-j-league-2022-23\"\n\t\t\t\t\t\t\t\t @click=\"show_toc = false\"\n\t\t\t\t\t\t\t\t class=\"block px-4 py-2 text-black border-l-4 border-solid border-transparent hover:border-red-100 transition-all hover:!border-b-0 hover:font-bold\">\nFu\u00dfball-Wett Tipps f\u00fcr die J-League 2022\/23\n<\/a>\n\t\t\t\t\t\t<\/li>\n\t\t\t\t\t\t\t\t\t\t\t<li>\n\t\t\t\t\t\t\t<a href=\"#wer-sind-die-besten-buchmacher-fur-die-j-league\" data-bt-toc-item=\"wer-sind-die-besten-buchmacher-fur-die-j-league\"\n\t\t\t\t\t\t\t\t @click=\"show_toc = false\"\n\t\t\t\t\t\t\t\t class=\"block px-4 py-2 text-black border-l-4 border-solid border-transparent hover:border-red-100 transition-all hover:!border-b-0 hover:font-bold\">\nWer sind die besten Buchmacher f\u00fcr die J-League?\n<\/a>\n\t\t\t\t\t\t<\/li>\n\t\t\t\t\t\t\t\t\t\t\t<li>\n\t\t\t\t\t\t\t<a href=\"#wie-erstellen-wir-unsere-wett-tipps\" data-bt-toc-item=\"wie-erstellen-wir-unsere-wett-tipps\"\n\t\t\t\t\t\t\t\t @click=\"show_toc = false\"\n\t\t\t\t\t\t\t\t class=\"block px-4 py-2 text-black border-l-4 border-solid border-transparent hover:border-red-100 transition-all hover:!border-b-0 hover:font-bold\">\nWie erstellen wir unsere Wett Tipps?\n<\/a>\n\t\t\t\t\t\t<\/li>\n\t\t\t\t\t\t\t\t\t\t\t<li>\n\t\t\t\t\t\t\t<a href=\"#fur-welche-spiele-der-j-league-bietest-du-tipps-an\" data-bt-toc-item=\"fur-welche-spiele-der-j-league-bietest-du-tipps-an\"\n\t\t\t\t\t\t\t\t @click=\"show_toc = false\"\n\t\t\t\t\t\t\t\t class=\"block px-4 py-2 text-black border-l-4 border-solid border-transparent hover:border-red-100 transition-all hover:!border-b-0 hover:font-bold\">\nF\u00fcr welche Spiele der J League bietest du Tipps an?\n<\/a>\n\t\t\t\t\t\t<\/li>\n\t\t\t\t\t\t\t\t\t\t\t<li>\n\t\t\t\t\t\t\t<a href=\"#wie-oft-bieten-wir-tipps-aus-der-j-league-an\" data-bt-toc-item=\"wie-oft-bieten-wir-tipps-aus-der-j-league-an\"\n\t\t\t\t\t\t\t\t @click=\"show_toc = false\"\n\t\t\t\t\t\t\t\t class=\"block px-4 py-2 text-black border-l-4 border-solid border-transparent hover:border-red-100 transition-all hover:!border-b-0 hover:font-bold\">\nWie oft bieten wir Tipps aus der J-League an?\n<\/a>\n\t\t\t\t\t\t<\/li>\n\t\t\t\t\t\t\t\t\t\t\t<li>\n\t\t\t\t\t\t\t<a href=\"#welcher-bonus-ist-der-beste-fur-meine-j-league-wetten\" data-bt-toc-item=\"welcher-bonus-ist-der-beste-fur-meine-j-league-wetten\"\n\t\t\t\t\t\t\t\t @click=\"show_toc = false\"\n\t\t\t\t\t\t\t\t class=\"block px-4 py-2 text-black border-l-4 border-solid border-transparent hover:border-red-100 transition-all hover:!border-b-0 hover:font-bold\">\nWelcher Bonus ist der beste f\u00fcr meine J-League-Wetten?\n<\/a>\n\t\t\t\t\t\t<\/li>\n\t\t\t\t\t\t\t\t\t<\/ul>\n\t\t\t\t\t\t\t\t\t\t\t<\/div>\n\t\t<\/div>\n\t<\/div>\n\t\t\t\t\t<\/div>\n\t\t\t<\/div>\n\t\t<\/div>\n\t<\/div>\n<\/div>\n\t<\/div>\n<\/div>\n\n","protected":false},"excerpt":{"rendered":"","protected":false},"author":6,"featured_media":455,"parent":916,"menu_order":1000,"comment_status":"closed","ping_status":"closed","template":"","meta":{"footnotes":""},"tags":[],"acf":[],"_links":{"self":[{"href":"https:\/\/betting.com\/de\/wp-json\/wp\/v2\/pages\/225"}],"collection":[{"href":"https:\/\/betting.com\/de\/wp-json\/wp\/v2\/pages"}],"about":[{"href":"https:\/\/betting.com\/de\/wp-json\/wp\/v2\/types\/page"}],"author":[{"embeddable":true,"href":"https:\/\/betting.com\/de\/wp-json\/wp\/v2\/users\/6"}],"replies":[{"embeddable":true,"href":"https:\/\/betting.com\/de\/wp-json\/wp\/v2\/comments?post=225"}],"version-history":[{"count":4,"href":"https:\/\/betting.com\/de\/wp-json\/wp\/v2\/pages\/225\/revisions"}],"predecessor-version":[{"id":6177,"href":"https:\/\/betting.com\/de\/wp-json\/wp\/v2\/pages\/225\/revisions\/6177"}],"up":[{"embeddable":true,"href":"https:\/\/betting.com\/de\/wp-json\/wp\/v2\/pages\/916"}],"wp:featuredmedia":[{"embeddable":true,"href":"https:\/\/betting.com\/de\/wp-json\/wp\/v2\/media\/455"}],"wp:attachment":[{"href":"https:\/\/betting.com\/de\/wp-json\/wp\/v2\/media?parent=225"}],"wp:term":[{"taxonomy":"post_tag","embeddable":true,"href":"https:\/\/betting.com\/de\/wp-json\/wp\/v2\/tags?post=225"}],"curies":[{"name":"wp","href":"https:\/\/api.w.org\/{rel}","templated":true}]}}