{"id":223,"date":"2022-06-15T17:40:50","date_gmt":"2022-06-15T17:40:50","guid":{"rendered":"https:\/\/betting.com\/de\/?page_id=223"},"modified":"2023-08-02T12:31:07","modified_gmt":"2023-08-02T12:31:07","slug":"tipps","status":"publish","type":"page","link":"https:\/\/betting.com\/de\/israelische-premier-league\/tipps","title":{"rendered":"Israelische Premier League Wett Tipps"},"content":{"rendered":"<div class=\" container-white py-8\">\n\t<div class=\"wp-block-container-toc  \">\n\t\t\t<div class=\"bg-white\">\n\t<div class=\"flex flex-col-reverse lg:flex-row lg:gap-8 py-10\">\n\t\t<article class=\"max-w-[960px] flex-grow\" data-bt-content>\n\t\t\t\n<h2 class=\"wp-block-heading\" id=\"premier-league-wett-tipps-fur-die-heutigen-veranstaltungen\">Premier League-Wett Tipps f\u00fcr die heutigen Veranstaltungen<\/h2>\n\n\n\n<p>Wenn es darum geht, die Buchmacher zu schlagen, geht es immer darum, die besten Informationen zu haben und dem Spiel immer einen Schritt voraus zu sein. Dies kann durch statistisches Wissen, Spielanalysen oder detaillierte Recherchen erreicht werden und mit unseren Wett Tipps kannst du all diese Elemente miteinander verbinden.<\/p>\n\n\n\n<p>Auf Betting.com findest du Tipps f\u00fcr die israelische Premier League, die sowohl von unseren Experten als auch von unseren 100% verifizierten Tippern abgegeben werden. Auch wenn die israelische Premier League nicht unbedingt der beliebteste Wettmarkt ist, kannst du dennoch regelm\u00e4\u00dfig von unseren Tipps Gebrauch machen.<\/p>\n\n\n\n<p>Wetttipps f\u00fcr die israelische Premier League sind eine gro\u00dfartige M\u00f6glichkeit, um mit Wetten auf die Liga zu beginnen, wenn du neu bist, oder um deine Informationen und dein Wissen als Experte weiter zu vertiefen. Unsere Tipper verf\u00fcgen \u00fcber ein umfassendes Wissen \u00fcber die Mannschaften und Spieler der Liga und nat\u00fcrlich \u00fcber alle relevanten Statistiken, die du ben\u00f6tigst.<\/p>\n\n\n\n<p>In diesem Sinne werden wir uns nun genauer ansehen, wie unsere Tipps zur israelischen Premier League dir helfen k\u00f6nnen, bessere Wetten abzuschlie\u00dfen.<\/p>\n\n\n\n<h2 class=\"wp-block-heading\" id=\"fussball-wett-tipps-fur-die-israelische-premier-league-2022-23\">Fu\u00dfball-Wett Tipps f\u00fcr die israelische Premier League 2022\/23<\/h2>\n\n\n\n<p>Da die geografische Lage und die politische Situation Israels schon immer eine wichtige Rolle gespielt haben, ist die derzeitige Stellung des Landes im europ\u00e4ischen Fu\u00dfball einer der merkw\u00fcrdigsten Aspekte des heutigen Fu\u00dfballs. Es besteht jedoch kein Zweifel, dass die israelische Nationalmannschaft und ihre Vereine eine willkommene Erg\u00e4nzung f\u00fcr die UEFA sind.<\/p>\n\n\n\n<p>W\u00e4hrend die Nationalmannschaft in letzter Zeit weder bei der Weltmeisterschaft noch bei der Europameisterschaft die gl\u00e4serne Decke durchbrechen konnte, schafften es ihre Vereine, sowohl in der Champions League als auch in der Gruppenphase der Europa League vertreten zu sein.<\/p>\n\n\n\n<p>In den UEFA-Koeffizienten-Ranglisten findet sich Israel oft im Mittelfeld wieder, was eine Platzierung in den 20er oder 30er Jahren bedeutet, und wird daher oft als europ\u00e4ische Liga im Mittelfeld (f\u00fcr administrative Zwecke) betrachtet.<\/p>\n\n\n\n<p>Die h\u00f6chste nationale Fu\u00dfballliga hei\u00dft Israeli Premier League, und obwohl das Land auf eine reiche Geschichte des Fu\u00dfballs zur\u00fcckblicken kann, gibt es diesen Wettbewerb erst seit 1999.<\/p>\n\n\n\n<p><em>\u201cDie israelische Premier League wurde kurz vor der Jahrtausendwende mit dem Ziel gegr\u00fcndet, das Niveau des Fu\u00dfballs im Land zu verbessern, und wenn man sich die letzten zwanzig Jahre ansieht, muss man sagen, dass der urspr\u00fcngliche Auftrag erf\u00fcllt wurde.\u201d<\/em><\/p>\n\n\n\n<p>Auch wenn es sich innerhalb der UEFA nur um eine mittelgro\u00dfe Liga handelt, ist es doch ein Wettbewerb, der sich f\u00fcr eine gro\u00dfe Anh\u00e4ngerschaft eignet. Mit 14 der besten Vereine, die zu Hause und ausw\u00e4rts gegeneinander spielen, gibt es einen regul\u00e4ren Spielplan mit 26 Spielen.<\/p>\n\n\n\n<p>Die besten sechs Vereine spielen in der Meisterschaftsgruppe, w\u00e4hrend die \u00fcbrigen acht in die Abstiegsgruppe aufsteigen. Das bedeutet, dass es ab hier ein leichtes Ungleichgewicht in Bezug auf die zu spielenden Endspiele gibt.<\/p>\n\n\n\n<p>In der Meisterschaftsgruppe spielen die sechs qualifizierten Mannschaften in zehn weiteren Spielrunden sowohl zu Hause als auch ausw\u00e4rts, w\u00e4hrend die acht Mannschaften in der Abstiegsgruppe nur einmal zu Hause oder ausw\u00e4rts gegeneinander antreten.<\/p>\n\n\n\n<p>Das bedeutet, dass die Mannschaften in der Meisterschaftsgruppe 36 Spiele pro Saison bestreiten und die Mannschaft an der Tabellenspitze zum Sieger der israelischen Premier League gek\u00fcrt wird, w\u00e4hrend die Mannschaften in der Abstiegsgruppe im Vergleich dazu nur 33 Spiele bestreiten und die beiden untersten Vereine absteigen.<\/p>\n\n\n\n<h2 class=\"wp-block-heading\" id=\"wie-erstellen-wir-unsere-wett-tipps\">Wie erstellen wir unsere Wett Tipps?<\/h2>\n\n\n\n<p>Man kann mit gutem Gewissen sagen, dass sich Wetten auf die israelische Premier League von denen auf andere europ\u00e4ische Top-Ligen unterscheiden. Das liegt daran, dass die Spitzenteams viel st\u00e4rker sind als die Teams in der unteren H\u00e4lfte, was sich am Ende der Saison in der Aufteilung in die Meisterschafts- und Abstiegsgruppen widerspiegelt.<\/p>\n\n\n\n<p>Daher ist es wichtig, im Auge zu behalten, wie gut die Au\u00dfenseiter gegen die Favoriten abschneiden, oder umgekehrt, wie viel st\u00e4rker die Teams an der Spitze wirklich sind. Dabei ist zu beachten, dass sich das Gleichgewicht von Saison zu Saison \u00e4ndert, und hier k\u00f6nnen Experten-Tippgeber sehr hilfreich sein.<\/p>\n\n\n\n<p>Wenn Sie jedoch auf die Teams am oberen Ende der Tabelle setzen m\u00f6chten, sind die 1&#215;2-M\u00e4rkte in der Regel nicht sehr ergiebig, und auf der Suche nach Rentabilit\u00e4t sollten Sie sich stattdessen an die \u00dcber\/Unter Torm\u00e4rkte halten.<\/p>\n\n\n\n<p>Expertenwissen und Wett Tipps, die auf gut recherchierten statistischen Daten beruhen, sind der Schl\u00fcssel zum Erfolg bei Wetten auf die israelische Premier League, und je mehr Informationen du in die H\u00e4nde bekommst, desto gr\u00f6\u00dfer ist die Chance, dass du besser informierte Wetten abschlie\u00dft.<\/p>\n\n\n\n<p><em>\u201cGanz gleich, ob die Liga f\u00fcr dich neu ist oder ob Du bereits unseren verifizierten Tippern und internen Experten folgst, sie werden dir wertvolle Hinweise geben k\u00f6nnen. Du kannst ihren Vorhersagen folgen, indem du entweder auf ihr Wissen vertraust oder dich auf die detaillierten Recherchen st\u00fctzt, die du bereits durchgef\u00fchrt hast.\u201d<\/em><\/p>\n\n\n\n<h2 class=\"wp-block-heading\" id=\"fur-welche-spiele-der-israelischen-premier-league-bieten-wir-tipps-an\">F\u00fcr welche Spiele der israelischen Premier League bieten wir Tipps an?<\/h2>\n\n\n\n<p>Unsere Tipper und Experten arbeiten mit fundierten statistischen Kenntnissen \u00fcber die israelische Premier League und verf\u00fcgen \u00fcber einen gro\u00dfen Erfahrungsschatz, wenn es um Wetten auf diese Liga geht. Das bedeutet, dass sie keine Wetten auf bestimmte Mannschaften oder Spiele bevorzugen und nicht von pers\u00f6nlichen oder fr\u00fcheren Vorurteilen beeinflusst sind.<\/p>\n\n\n\n<p>Stattdessen basieren sie ihre Wett Tipps auf gut recherchierten Statistiken und Daten, was dazu f\u00fchrt, dass alle M\u00e4rkte relevant und von Interesse f\u00fcr diejenigen sind, die vor dem n\u00e4chsten Wochenende weitere Einblicke in ihre Wettaktivit\u00e4ten gewinnen m\u00f6chten.<\/p>\n\n\n\n<p>Du kannst erwarten, dass du Wetttipps f\u00fcr jedes Spiel der israelischen Premier League siehst, da die Liga bei Wettenden im gesamten Nahen Osten so beliebt ist und jede Runde der israelischen Premier League in der Regel von mehreren Wett Tipps pro Spieltag abgedeckt wird.<\/p>\n\n\n\n<h2 class=\"wp-block-heading\" id=\"wie-oft-bieten-wir-tipps-aus-der-israelischen-premier-league-an\">Wie oft bieten wir Tipps aus der israelischen Premier League an?<\/h2>\n\n\n\n<p>Wie bereits erw\u00e4hnt, sind die Wetttipps f\u00fcr die israelische Premier League sehr gut abgedeckt, und f\u00fcr alle Spielrunden gibt es eine gro\u00dfe Anzahl von Vorhersagen. Unsere Tipper lieben es, auf den israelischen Fu\u00dfball im Allgemeinen zu wetten, und in den meisten F\u00e4llen gibt es f\u00fcr das Spiel, f\u00fcr das du dich interessierst, einen Wett Tipp.<\/p>\n\n\n\n<p>Unsere hauseigenen Experten bei Betting.com sind auch nicht zimperlich, wenn es um die israelische Premier League geht, die sicherlich zu den beliebtesten Ligen da drau\u00dfen geh\u00f6rt. Das bedeutet, dass du w\u00f6chentlich gut recherchierte Spielvorschauen und Wett Tipp-Artikel aus der israelischen Premier League erwarten kannst.<\/p>\n\n\n\n<h2 class=\"wp-block-heading\" id=\"alles-was-du-uber-wetten-auf-die-israelische-premier-league-wissen-musst\">Alles, was du \u00fcber Wetten auf die israelische Premier League wissen musst<\/h2>\n\n\n\n<p>Wetten auf die israelische Premier League sind so einfach wie nur m\u00f6glich, da praktisch alle Buchmacher Quoten f\u00fcr die Liga anbieten und oft auch eine gro\u00dfe Marktauswahl.&nbsp;<\/p>\n\n\n\n<p>Ihr einziges Anliegen bei Wetten auf die israelische Premier League sollte es sein, die h\u00f6chsten Quoten zu finden, und dabei wird dir unsere Seite Quotenvergleich sicher helfen.<\/p>\n\n\n\n<p>Dar\u00fcber hinaus solltest du immer ein Auge auf einen tollen Willkommensbonus oder besondere Aktionen haben. Du kannst aber auch beruhigt sein, denn Quoten f\u00fcr die israelische Premier League zu finden, ist beim besten Willen keine Herausforderung.<\/p>\n\n\n\n<h3 class=\"wp-block-heading\" id=\"welcher-bonus-ist-der-beste-fur-meine-wetten-auf-die-israelische-premier-league\">Welcher Bonus ist der beste f\u00fcr meine Wetten auf die israelische Premier League?<\/h3>\n\n\n\n<p>Es gibt viele Arten von Boni, wenn du auf die israelische Premier League wettest und sie genie\u00dft. Wir haben die meisten der verf\u00fcgbaren Boni getestet und die beliebtesten sind die, die erh\u00f6hte Quoten, Gratiswetten und Geld-zur\u00fcck-Aktionen anbieten.<\/p>\n\n\n\n<p><em>\u201cDie meisten israelischen Premier-League-Boni sind mit leicht zu erf\u00fcllenden Anforderungen verbunden (z.B. maximaler Einsatz oder Mindestquoten), was bedeutet, dass du in der Lage sein wirst, deine Wetten jedes Wochenende und im Laufe der Saison voll zu genie\u00dfen.\u201d<\/em><\/p>\n\n\t\t<\/article>\n\t\t<div class=\"lg:w-[300px] lg:flex-shrink-0 relative\" x-data=\"{show_toc: false}\">\n\t\t\t<div class=\"lg:sticky lg:top-4 z-30\">\n\t\t\t\t<div class=\"fixed -top-64 left-0 w-full z-50 lg:static transition-all hidden lg:block\" id=\"fixed-toc\">\n\t\t\t\t\t<div>\n\t\t\t\t<div class=\"border-b border-solid border-gray-30 text-lg font-bold lg:pt-7 max-lg:px-4 py-3 flex items-center justify-between bg-white lg:bg-transparent\">\n\t\t\tWas gibt es auf dieser Seite\n\t\t\t<button @click=\"show_toc = true\" class=\"btn btn-red-outline-white block lg:hidden\">Jump to<\/button>\n\t\t<\/div>\n\t\t\t\t<div\n\t\t\tclass=\"max-lg:fixed max-lg:top-0 max-lg:left-0 max-lg:w-screen max-lg:h-screen max-lg:bg-gray-70 max-lg:bg-opacity-75 max-lg:hidden\"\n\t\t\t:class=\"{'max-lg:hidden': !show_toc}\"\n\t\t\t@click=\"show_toc = false\"\n\t\t>\n\t\t\t<div class=\"max-lg:absolute max-lg:bottom-0 max-lg:left-0 max-lg:w-screen bg-white lg:bg-transparent\">\n\t\t\t\t\t\t\t\t<div class=\"flex lg:hidden items-center justify-between mx-4 border-b border-solid border-gray-30 pt-6 pb-2 font-bold\">\n\n\t\t\t\t\tAuf dieser Seite\n\t\t\t\t\t<button @click=\"show_toc = false\">\n\t\t\t\t\t\t<svg class=\"w-5 h-5 text-gray-100\" xmlns=\"http:\/\/www.w3.org\/2000\/svg\" fill=\"none\" stroke=\"currentColor\" stroke-width=\"1.5\" class=\"w-6 h-6\" viewBox=\"0 0 24 24\"><path stroke-linecap=\"round\" stroke-linejoin=\"round\" d=\"M6 18 18 6M6 6l12 12\"\/><\/svg>\t\t\t\t\t<\/button>\n\t\t\t\t<\/div>\n\t\t\t\t<ul id=\"toc\" class=\"mt-5 max-h-[85vh] overflow-y-auto list-none bt-scrollbars\">\n\n\t\t\t\t\t\t\t\t\t\t\t<li>\n\t\t\t\t\t\t\t<a href=\"#premier-league-wett-tipps-fur-die-heutigen-veranstaltungen\" data-bt-toc-item=\"premier-league-wett-tipps-fur-die-heutigen-veranstaltungen\"\n\t\t\t\t\t\t\t\t @click=\"show_toc = false\"\n\t\t\t\t\t\t\t\t class=\"block px-4 py-2 text-black border-l-4 border-solid border-transparent hover:border-red-100 transition-all hover:!border-b-0 hover:font-bold\">\nPremier League-Wett Tipps f\u00fcr die heutigen Veranstaltungen\n<\/a>\n\t\t\t\t\t\t<\/li>\n\t\t\t\t\t\t\t\t\t\t\t<li>\n\t\t\t\t\t\t\t<a href=\"#fussball-wett-tipps-fur-die-israelische-premier-league-2022-23\" data-bt-toc-item=\"fussball-wett-tipps-fur-die-israelische-premier-league-2022-23\"\n\t\t\t\t\t\t\t\t @click=\"show_toc = false\"\n\t\t\t\t\t\t\t\t class=\"block px-4 py-2 text-black border-l-4 border-solid border-transparent hover:border-red-100 transition-all hover:!border-b-0 hover:font-bold\">\nFu\u00dfball-Wett Tipps f\u00fcr die israelische Premier League 2022\/23\n<\/a>\n\t\t\t\t\t\t<\/li>\n\t\t\t\t\t\t\t\t\t\t\t<li>\n\t\t\t\t\t\t\t<a href=\"#wie-erstellen-wir-unsere-wett-tipps\" data-bt-toc-item=\"wie-erstellen-wir-unsere-wett-tipps\"\n\t\t\t\t\t\t\t\t @click=\"show_toc = false\"\n\t\t\t\t\t\t\t\t class=\"block px-4 py-2 text-black border-l-4 border-solid border-transparent hover:border-red-100 transition-all hover:!border-b-0 hover:font-bold\">\nWie erstellen wir unsere Wett Tipps?\n<\/a>\n\t\t\t\t\t\t<\/li>\n\t\t\t\t\t\t\t\t\t\t\t<li>\n\t\t\t\t\t\t\t<a href=\"#fur-welche-spiele-der-israelischen-premier-league-bieten-wir-tipps-an\" data-bt-toc-item=\"fur-welche-spiele-der-israelischen-premier-league-bieten-wir-tipps-an\"\n\t\t\t\t\t\t\t\t @click=\"show_toc = false\"\n\t\t\t\t\t\t\t\t class=\"block px-4 py-2 text-black border-l-4 border-solid border-transparent hover:border-red-100 transition-all hover:!border-b-0 hover:font-bold\">\nF\u00fcr welche Spiele der israelischen Premier League bieten wir Tipps an?\n<\/a>\n\t\t\t\t\t\t<\/li>\n\t\t\t\t\t\t\t\t\t\t\t<li>\n\t\t\t\t\t\t\t<a href=\"#wie-oft-bieten-wir-tipps-aus-der-israelischen-premier-league-an\" data-bt-toc-item=\"wie-oft-bieten-wir-tipps-aus-der-israelischen-premier-league-an\"\n\t\t\t\t\t\t\t\t @click=\"show_toc = false\"\n\t\t\t\t\t\t\t\t class=\"block px-4 py-2 text-black border-l-4 border-solid border-transparent hover:border-red-100 transition-all hover:!border-b-0 hover:font-bold\">\nWie oft bieten wir Tipps aus der israelischen Premier League an?\n<\/a>\n\t\t\t\t\t\t<\/li>\n\t\t\t\t\t\t\t\t\t\t\t<li>\n\t\t\t\t\t\t\t<a href=\"#alles-was-du-uber-wetten-auf-die-israelische-premier-league-wissen-musst\" data-bt-toc-item=\"alles-was-du-uber-wetten-auf-die-israelische-premier-league-wissen-musst\"\n\t\t\t\t\t\t\t\t @click=\"show_toc = false\"\n\t\t\t\t\t\t\t\t class=\"block px-4 py-2 text-black border-l-4 border-solid border-transparent hover:border-red-100 transition-all hover:!border-b-0 hover:font-bold\">\nAlles, was du \u00fcber Wetten auf die israelische Premier League wissen musst\n<\/a>\n\t\t\t\t\t\t<\/li>\n\t\t\t\t\t\t\t\t\t<\/ul>\n\t\t\t\t\t\t\t\t\t\t\t<\/div>\n\t\t<\/div>\n\t<\/div>\n\t\t\t\t\t<\/div>\n\t\t\t<\/div>\n\t\t<\/div>\n\t<\/div>\n<\/div>\n\t<\/div>\n<\/div>\n\n","protected":false},"excerpt":{"rendered":"","protected":false},"author":6,"featured_media":465,"parent":919,"menu_order":1000,"comment_status":"closed","ping_status":"closed","template":"","meta":{"footnotes":""},"tags":[],"acf":[],"_links":{"self":[{"href":"https:\/\/betting.com\/de\/wp-json\/wp\/v2\/pages\/223"}],"collection":[{"href":"https:\/\/betting.com\/de\/wp-json\/wp\/v2\/pages"}],"about":[{"href":"https:\/\/betting.com\/de\/wp-json\/wp\/v2\/types\/page"}],"author":[{"embeddable":true,"href":"https:\/\/betting.com\/de\/wp-json\/wp\/v2\/users\/6"}],"replies":[{"embeddable":true,"href":"https:\/\/betting.com\/de\/wp-json\/wp\/v2\/comments?post=223"}],"version-history":[{"count":4,"href":"https:\/\/betting.com\/de\/wp-json\/wp\/v2\/pages\/223\/revisions"}],"predecessor-version":[{"id":6176,"href":"https:\/\/betting.com\/de\/wp-json\/wp\/v2\/pages\/223\/revisions\/6176"}],"up":[{"embeddable":true,"href":"https:\/\/betting.com\/de\/wp-json\/wp\/v2\/pages\/919"}],"wp:featuredmedia":[{"embeddable":true,"href":"https:\/\/betting.com\/de\/wp-json\/wp\/v2\/media\/465"}],"wp:attachment":[{"href":"https:\/\/betting.com\/de\/wp-json\/wp\/v2\/media?parent=223"}],"wp:term":[{"taxonomy":"post_tag","embeddable":true,"href":"https:\/\/betting.com\/de\/wp-json\/wp\/v2\/tags?post=223"}],"curies":[{"name":"wp","href":"https:\/\/api.w.org\/{rel}","templated":true}]}}