{"id":221,"date":"2022-06-15T17:32:58","date_gmt":"2022-06-15T17:32:58","guid":{"rendered":"https:\/\/betting.com\/de\/?page_id=221"},"modified":"2023-08-02T12:31:08","modified_gmt":"2023-08-02T12:31:08","slug":"tipps","status":"publish","type":"page","link":"https:\/\/betting.com\/de\/griechische-super-league\/tipps","title":{"rendered":"Griechische Super League Wett Tipps"},"content":{"rendered":"<div class=\" container-white py-8\">\n\t<div class=\"wp-block-container-toc  \">\n\t\t\t<div class=\"bg-white\">\n\t<div class=\"flex flex-col-reverse lg:flex-row lg:gap-8 py-10\">\n\t\t<article class=\"max-w-[960px] flex-grow\" data-bt-content>\n\t\t\t\n<h2 class=\"wp-block-heading\" id=\"greek-super-league-wett-tipps-fur-die-heutigen-veranstaltungen\">Greek Super League-Wett Tipps f\u00fcr die heutigen Veranstaltungen<\/h2>\n\n\n\n<p>Die griechische Superliga umfasst 14 Mannschaften und ist die h\u00f6chste Spielklasse in Griechenland. Es gibt mehrere Spitzenmannschaften, die regelm\u00e4\u00dfig an den europ\u00e4ischen Elitewettbewerben teilnehmen, allen voran Olympiacos. Dieser Artikel befasst sich mit der aktuellen Saison der griechischen Superliga und bietet einen \u00dcberblick, um die Tipper zu informieren.<\/p>\n\n\n\n<p>In der Saison 2021\/22 der gab es mit insgesamt 570 erzielten Toren viel Spannung und Dramatik. Olympiacos, der Titelverteidiger, konnte seinen Titel zum 47. Mal verteidigen, und Nummer 48 steht sicher schon vor der T\u00fcr.<\/p>\n\n\n\n<h2 class=\"wp-block-heading\" id=\"fussball-wett-tipps-fur-die-griechische-super-league-der-saison-2022-23\">Fu\u00dfball Wett Tipps f\u00fcr die griechische Super League der Saison 2022\/23<\/h2>\n\n\n\n<p>Wie von vielen vorausgesagt, konnte Olympiacos in der vergangenen Saison den Titel verteidigen und ist auch in dieser Saison der gro\u00dfe Favorit auf die Meisterschaft. Olympiacos wird auch an der Qualifikation f\u00fcr UEFA Champions League 2022\/23 teilnehmen, w\u00e4hrend drei griechische Mannschaften der Super League an der ersten UEFA Europa Conference League (UECL) teilnehmen werden. Gerade f\u00fcr die kleineren griechischen Mannschaften wird der zus\u00e4tzliche europ\u00e4ische Wettbewerb eine Herausforderung darstellen.<\/p>\n\n\n\n<p><em>\u201cOlympiacos ist der Titelverteidiger und hei\u00dfer Favorit auf den Sieg in der Liga. Ihre Dominanz macht Wetten auf den Gesamtsieg der Liga zu einem wahrscheinlichen Gewinn, aber die Eins\u00e4tze m\u00fcssen hoch sein, um einen nennenswerten Gewinn zu erzielen. PAOK, Aris, AEK Athen und Panathinaikos sind Mannschaften aus der oberen Tabellenh\u00e4lfte, welche die ersten f\u00fcnf oder sechs Pl\u00e4tze aufmischen k\u00f6nnten.\u201d<\/em><\/p>\n\n\n\n<h2 class=\"wp-block-heading\" id=\"welche-sind-die-besten-buchmacher-fur-die-griechische-super-league\">Welche sind die besten Buchmacher f\u00fcr die griechische Super League?<\/h2>\n\n\n\n<p>Die Auswahl an Buchmachern ist gro\u00df, wenn es um Fu\u00dfballwetten geht. Sie werden feststellen, dass die besten Buchmacher gro\u00dfartige Boni anbieten und besonders gut f\u00fcr gro\u00dfe Gewinne auszahlen.<\/p>\n\n\n\n<ul><li>ComeOn<\/li><li>LeoVegas<\/li><\/ul>\n\n\n\n<h2 class=\"wp-block-heading\" id=\"wie-werden-unsere-wettipps-erstellt\">Wie werden unsere Wettipps erstellt?<\/h2>\n\n\n\n<p>Alle unsere Wett Tipps und Informationen sind gut recherchiert und faktengepr\u00fcft. Unser Expertenteam kennt die Fu\u00dfballwettm\u00e4rkte in- und auswendig und unsere Erfolgsquote ist der Beweis daf\u00fcr.<\/p>\n\n\n\n<p><em>\u201cUnsere Wett Tipps f\u00fcr die griechische Super League werden von Top-Tippern mit einer nachgewiesenen Erfolgsbilanz zusammengestellt. Alle unsere Vorhersagen und kostenlosen Wett Tipps sind mit echten Daten und Fu\u00dfballwissen untermauert.\u201d<\/em><\/p>\n\n\n\n<p>Der gro\u00dfe Erfolg unserer Tipps hat dazu gef\u00fchrt, dass viele Wettende wiederkommen, um weitere n\u00fctzliche Informationen zu erhalten.<\/p>\n\n\n\n<h2 class=\"wp-block-heading\" id=\"fur-welche-spiele-der-griechischen-super-league-werden-tipps-angeboten\">F\u00fcr welche Spiele der griechischen Super League werden Tipps angeboten?<\/h2>\n\n\n\n<p>Hier finden Sie Wett Tipps unserer Experten zur griechischen Super League f\u00fcr alle Spiele, insbesondere f\u00fcr die gro\u00dfen Derbys mit Top-Teams wie Olympiakos, PAOK und AEK Athen. Vorhersagen und kostenlose Wett Tipps sind f\u00fcr alle gro\u00dfen Begegnungen in der griechischen Spitzenliga verf\u00fcgbar.<\/p>\n\n\n\n<h2 class=\"wp-block-heading\" id=\"wie-oft-veroffentlichen-wir-unsere-griechischen-super-league-wett-tipps\">Wie oft ver\u00f6ffentlichen wir unsere griechischen Super League-Wett Tipps?<\/h2>\n\n\n\n<p>T\u00e4glich, meist am Tag vor dem Spiel oder am Tag des Anpfiffs, finden Sie Wett Tipps und Prognosen zur griechischen Super League. Diese Wett Tipps sind mit freundlicher Genehmigung unserer Tippexperten v\u00f6llig kostenlos.<\/p>\n\n\n\n<h2 class=\"wp-block-heading\" id=\"alles-was-man-uber-griechische-super-league-wetten-wissen-muss\">Alles, was man \u00fcber griechische Super League-Wetten wissen muss<\/h2>\n\n\n\n<p>Die beliebtesten Wettm\u00e4rkte f\u00fcr die griechische Super League drehen sich um den Gesamtsieger der Liga. Obwohl Olympiakos die Liga in den letzten Jahren dominiert hat, bieten sie immer noch einen angemessenen Wert f\u00fcr Wettende. Aufgrund ihrer Dominanz erhalten andere Konkurrenten h\u00f6here Quoten, so dass dies ein sehr profitabler Markt sein k\u00f6nnte, wenn es zu einer \u00dcberraschung kommt.<\/p>\n\n\n\n<p><em>\u201cUnsere Experten-Wett Tipps geben Ihnen einen detaillierten \u00dcberblick \u00fcber die griechische Super League und liefern Hintergrundinformationen zu den Mannschaften, Topspielern und neuen Transfers. All dies hilft Ihnen bei Ihren Wettentscheidungen und bietet Ihnen gleichzeitig die besten Chancen auf einen Gewinn.\u201d<\/em><\/p>\n\n\n\n<p>Sie k\u00f6nnen den Tippern auf unserer Plattform folgen, um weitere Einblicke in Ihre Wetten zu erhalten. So k\u00f6nnen Sie immer mit Zuversicht wetten, egal auf welche Partie. Au\u00dferdem k\u00f6nnen Sie auf betting.com Quoten vergleichen und tolle Tipps finden.<\/p>\n\n\n\n<h2 class=\"wp-block-heading\" id=\"welcher-bonus-ist-der-beste-fur-meine-wetten-auf-diese-liga\">Welcher Bonus ist der beste f\u00fcr meine Wetten auf diese Liga?<\/h2>\n\n\n\n<p>Es gibt viele verschiedene Boni, mit denen Sie Ihr Wetterlebnis noch angenehmer gestalten k\u00f6nnen. Wir haben viele verf\u00fcgbare Boni getestet und empfehlen Ihnen, nach erh\u00f6hten Quoten und Anmeldeangeboten Ausschau zu halten, um das Beste aus Ihren Eins\u00e4tzen herauszuholen.<\/p>\n\n\n\n<p>Die allermeisten Boni f\u00fcr die griechische Superliga sind mit leicht zu erf\u00fcllenden Bedingungen verbunden.<\/p>\n\n\t\t<\/article>\n\t\t<div class=\"lg:w-[300px] lg:flex-shrink-0 relative\" x-data=\"{show_toc: false}\">\n\t\t\t<div class=\"lg:sticky lg:top-4 z-30\">\n\t\t\t\t<div class=\"fixed -top-64 left-0 w-full z-50 lg:static transition-all hidden lg:block\" id=\"fixed-toc\">\n\t\t\t\t\t<div>\n\t\t\t\t<div class=\"border-b border-solid border-gray-30 text-lg font-bold lg:pt-7 max-lg:px-4 py-3 flex items-center justify-between bg-white lg:bg-transparent\">\n\t\t\tWas gibt es auf dieser Seite\n\t\t\t<button @click=\"show_toc = true\" class=\"btn btn-red-outline-white block lg:hidden\">Jump to<\/button>\n\t\t<\/div>\n\t\t\t\t<div\n\t\t\tclass=\"max-lg:fixed max-lg:top-0 max-lg:left-0 max-lg:w-screen max-lg:h-screen max-lg:bg-gray-70 max-lg:bg-opacity-75 max-lg:hidden\"\n\t\t\t:class=\"{'max-lg:hidden': !show_toc}\"\n\t\t\t@click=\"show_toc = false\"\n\t\t>\n\t\t\t<div class=\"max-lg:absolute max-lg:bottom-0 max-lg:left-0 max-lg:w-screen bg-white lg:bg-transparent\">\n\t\t\t\t\t\t\t\t<div class=\"flex lg:hidden items-center justify-between mx-4 border-b border-solid border-gray-30 pt-6 pb-2 font-bold\">\n\n\t\t\t\t\tAuf dieser Seite\n\t\t\t\t\t<button @click=\"show_toc = false\">\n\t\t\t\t\t\t<svg class=\"w-5 h-5 text-gray-100\" xmlns=\"http:\/\/www.w3.org\/2000\/svg\" fill=\"none\" stroke=\"currentColor\" stroke-width=\"1.5\" class=\"w-6 h-6\" viewBox=\"0 0 24 24\"><path stroke-linecap=\"round\" stroke-linejoin=\"round\" d=\"M6 18 18 6M6 6l12 12\"\/><\/svg>\t\t\t\t\t<\/button>\n\t\t\t\t<\/div>\n\t\t\t\t<ul id=\"toc\" class=\"mt-5 max-h-[85vh] overflow-y-auto list-none bt-scrollbars\">\n\n\t\t\t\t\t\t\t\t\t\t\t<li>\n\t\t\t\t\t\t\t<a href=\"#greek-super-league-wett-tipps-fur-die-heutigen-veranstaltungen\" data-bt-toc-item=\"greek-super-league-wett-tipps-fur-die-heutigen-veranstaltungen\"\n\t\t\t\t\t\t\t\t @click=\"show_toc = false\"\n\t\t\t\t\t\t\t\t class=\"block px-4 py-2 text-black border-l-4 border-solid border-transparent hover:border-red-100 transition-all hover:!border-b-0 hover:font-bold\">\nGreek Super League-Wett Tipps f\u00fcr die heutigen Veranstaltungen\n<\/a>\n\t\t\t\t\t\t<\/li>\n\t\t\t\t\t\t\t\t\t\t\t<li>\n\t\t\t\t\t\t\t<a href=\"#fussball-wett-tipps-fur-die-griechische-super-league-der-saison-2022-23\" data-bt-toc-item=\"fussball-wett-tipps-fur-die-griechische-super-league-der-saison-2022-23\"\n\t\t\t\t\t\t\t\t @click=\"show_toc = false\"\n\t\t\t\t\t\t\t\t class=\"block px-4 py-2 text-black border-l-4 border-solid border-transparent hover:border-red-100 transition-all hover:!border-b-0 hover:font-bold\">\nFu\u00dfball Wett Tipps f\u00fcr die griechische Super League der Saison 2022\/23\n<\/a>\n\t\t\t\t\t\t<\/li>\n\t\t\t\t\t\t\t\t\t\t\t<li>\n\t\t\t\t\t\t\t<a href=\"#welche-sind-die-besten-buchmacher-fur-die-griechische-super-league\" data-bt-toc-item=\"welche-sind-die-besten-buchmacher-fur-die-griechische-super-league\"\n\t\t\t\t\t\t\t\t @click=\"show_toc = false\"\n\t\t\t\t\t\t\t\t class=\"block px-4 py-2 text-black border-l-4 border-solid border-transparent hover:border-red-100 transition-all hover:!border-b-0 hover:font-bold\">\nWelche sind die besten Buchmacher f\u00fcr die griechische Super League?\n<\/a>\n\t\t\t\t\t\t<\/li>\n\t\t\t\t\t\t\t\t\t\t\t<li>\n\t\t\t\t\t\t\t<a href=\"#wie-werden-unsere-wettipps-erstellt\" data-bt-toc-item=\"wie-werden-unsere-wettipps-erstellt\"\n\t\t\t\t\t\t\t\t @click=\"show_toc = false\"\n\t\t\t\t\t\t\t\t class=\"block px-4 py-2 text-black border-l-4 border-solid border-transparent hover:border-red-100 transition-all hover:!border-b-0 hover:font-bold\">\nWie werden unsere Wettipps erstellt?\n<\/a>\n\t\t\t\t\t\t<\/li>\n\t\t\t\t\t\t\t\t\t\t\t<li>\n\t\t\t\t\t\t\t<a href=\"#fur-welche-spiele-der-griechischen-super-league-werden-tipps-angeboten\" data-bt-toc-item=\"fur-welche-spiele-der-griechischen-super-league-werden-tipps-angeboten\"\n\t\t\t\t\t\t\t\t @click=\"show_toc = false\"\n\t\t\t\t\t\t\t\t class=\"block px-4 py-2 text-black border-l-4 border-solid border-transparent hover:border-red-100 transition-all hover:!border-b-0 hover:font-bold\">\nF\u00fcr welche Spiele der griechischen Super League werden Tipps angeboten?\n<\/a>\n\t\t\t\t\t\t<\/li>\n\t\t\t\t\t\t\t\t\t\t\t<li>\n\t\t\t\t\t\t\t<a href=\"#wie-oft-veroffentlichen-wir-unsere-griechischen-super-league-wett-tipps\" data-bt-toc-item=\"wie-oft-veroffentlichen-wir-unsere-griechischen-super-league-wett-tipps\"\n\t\t\t\t\t\t\t\t @click=\"show_toc = false\"\n\t\t\t\t\t\t\t\t class=\"block px-4 py-2 text-black border-l-4 border-solid border-transparent hover:border-red-100 transition-all hover:!border-b-0 hover:font-bold\">\nWie oft ver\u00f6ffentlichen wir unsere griechischen Super League-Wett Tipps?\n<\/a>\n\t\t\t\t\t\t<\/li>\n\t\t\t\t\t\t\t\t\t\t\t<li>\n\t\t\t\t\t\t\t<a href=\"#alles-was-man-uber-griechische-super-league-wetten-wissen-muss\" data-bt-toc-item=\"alles-was-man-uber-griechische-super-league-wetten-wissen-muss\"\n\t\t\t\t\t\t\t\t @click=\"show_toc = false\"\n\t\t\t\t\t\t\t\t class=\"block px-4 py-2 text-black border-l-4 border-solid border-transparent hover:border-red-100 transition-all hover:!border-b-0 hover:font-bold\">\nAlles, was man \u00fcber griechische Super League-Wetten wissen muss\n<\/a>\n\t\t\t\t\t\t<\/li>\n\t\t\t\t\t\t\t\t\t\t\t<li>\n\t\t\t\t\t\t\t<a href=\"#welcher-bonus-ist-der-beste-fur-meine-wetten-auf-diese-liga\" data-bt-toc-item=\"welcher-bonus-ist-der-beste-fur-meine-wetten-auf-diese-liga\"\n\t\t\t\t\t\t\t\t @click=\"show_toc = false\"\n\t\t\t\t\t\t\t\t class=\"block px-4 py-2 text-black border-l-4 border-solid border-transparent hover:border-red-100 transition-all hover:!border-b-0 hover:font-bold\">\nWelcher Bonus ist der beste f\u00fcr meine Wetten auf diese Liga?\n<\/a>\n\t\t\t\t\t\t<\/li>\n\t\t\t\t\t\t\t\t\t<\/ul>\n\t\t\t\t\t\t\t\t\t\t\t<\/div>\n\t\t<\/div>\n\t<\/div>\n\t\t\t\t\t<\/div>\n\t\t\t<\/div>\n\t\t<\/div>\n\t<\/div>\n<\/div>\n\t<\/div>\n<\/div>\n\n","protected":false},"excerpt":{"rendered":"","protected":false},"author":6,"featured_media":476,"parent":922,"menu_order":1000,"comment_status":"closed","ping_status":"closed","template":"","meta":{"footnotes":""},"tags":[],"acf":[],"_links":{"self":[{"href":"https:\/\/betting.com\/de\/wp-json\/wp\/v2\/pages\/221"}],"collection":[{"href":"https:\/\/betting.com\/de\/wp-json\/wp\/v2\/pages"}],"about":[{"href":"https:\/\/betting.com\/de\/wp-json\/wp\/v2\/types\/page"}],"author":[{"embeddable":true,"href":"https:\/\/betting.com\/de\/wp-json\/wp\/v2\/users\/6"}],"replies":[{"embeddable":true,"href":"https:\/\/betting.com\/de\/wp-json\/wp\/v2\/comments?post=221"}],"version-history":[{"count":4,"href":"https:\/\/betting.com\/de\/wp-json\/wp\/v2\/pages\/221\/revisions"}],"predecessor-version":[{"id":6175,"href":"https:\/\/betting.com\/de\/wp-json\/wp\/v2\/pages\/221\/revisions\/6175"}],"up":[{"embeddable":true,"href":"https:\/\/betting.com\/de\/wp-json\/wp\/v2\/pages\/922"}],"wp:featuredmedia":[{"embeddable":true,"href":"https:\/\/betting.com\/de\/wp-json\/wp\/v2\/media\/476"}],"wp:attachment":[{"href":"https:\/\/betting.com\/de\/wp-json\/wp\/v2\/media?parent=221"}],"wp:term":[{"taxonomy":"post_tag","embeddable":true,"href":"https:\/\/betting.com\/de\/wp-json\/wp\/v2\/tags?post=221"}],"curies":[{"name":"wp","href":"https:\/\/api.w.org\/{rel}","templated":true}]}}