{"id":219,"date":"2022-06-15T17:28:17","date_gmt":"2022-06-15T17:28:17","guid":{"rendered":"https:\/\/betting.com\/de\/?page_id=219"},"modified":"2023-08-02T12:31:08","modified_gmt":"2023-08-02T12:31:08","slug":"tipps","status":"publish","type":"page","link":"https:\/\/betting.com\/de\/eredivisie\/tipps","title":{"rendered":"Eredivisie Wett Tipps"},"content":{"rendered":"<div class=\" container-white py-8\">\n\t<div class=\"wp-block-container-toc  \">\n\t\t\t<div class=\"bg-white\">\n\t<div class=\"flex flex-col-reverse lg:flex-row lg:gap-8 py-10\">\n\t\t<article class=\"max-w-[960px] flex-grow\" data-bt-content>\n\t\t\t\n<h2 class=\"wp-block-heading\" id=\"eredivisie-wett-tipps-fur-die-heutigen-veranstaltungen\">Eredivisie-Wett Tipps f\u00fcr die heutigen Veranstaltungen<\/h2>\n\n\n\n<p>Die Eredivisie ist die gr\u00f6\u00dfte niederl\u00e4ndische Fu\u00dfballliga und bietet einige der spannendsten und unvorhersehbarsten Fu\u00dfballspiele der Welt. Zu den wichtigsten Mannschaften geh\u00f6ren Ajax, Feyenoord und PSV, ein Trio, das in der ganzen Fu\u00dfballwelt bekannt ist. Obwohl die St\u00e4rke der niederl\u00e4ndischen Mannschaften in Europa nicht mehr ganz so beeindruckend ist wie fr\u00fcher, wird den Fans eine sehr wettbewerbsf\u00e4hige Liga geboten.<\/p>\n\n\n\n<p>Das Netzwerk der Tipper von Betting.com ist so umfangreich, dass du brillante Tipps f\u00fcr die Eredivisie finden wirst, was bedeutet, dass du wahrscheinlich keine Tipps f\u00fcr irgendein Spiel in Hollands h\u00f6chster Liga verpassen wirst.<\/p>\n\n\n\n<h2 class=\"wp-block-heading\" id=\"fussball-wett-tipps-fur-die-eredivisie-2022-23\">Fu\u00dfball-Wett Tipps f\u00fcr die Eredivisie 2022\/23<\/h2>\n\n\n\n<p>\u201cAjax, der niederl\u00e4ndische Fu\u00dfballgigant, ist in der Regel die Mannschaft, die es in der Liga zu schlagen gilt. Der amtierende Eredivisie-Meister kann auf 36 Titel in seiner Geschichte zur\u00fcckblicken, darunter sechs Triumphe seit der Saison 2010\/11. Die Dominanz von Ajax ist so gro\u00df, dass sie 11 Titel vor dem zweitplatzierten PSV Eindhoven liegen.\u201d<\/p>\n\n\n\n<p>Wie bereits erw\u00e4hnt, ist der PSV (24 Titel) die zweitbeste Mannschaft der Liga, was die gewonnenen Titel angeht, w\u00e4hrend Feyenoord 15 Titel vorweisen kann.&nbsp;<\/p>\n\n\n\n<p>Der Eredivisie-Siegermarkt ist also im Allgemeinen ein recht interessantes Rennen, bei dem Ajax in der Regel der Favorit ist, aber auch Feyenoord und PSV nicht zu verachten sind, wenn es um den Titelgewinn geht. Wenn du deine Wahl zum richtigen Zeitpunkt triffst, kannst du auf diesem Markt sehr gute Quoten erzielen, da Ajax in der Regel die Mannschaft ist, die am meisten favorisiert wird, was dir die M\u00f6glichkeit gibt, gegen die gro\u00dfen Favoriten zu wetten.<\/p>\n\n\n\n<h2 class=\"wp-block-heading\" id=\"welche-sind-die-besten-buchmacher-fur-die-eredivisie\">Welche sind die besten Buchmacher f\u00fcr die Eredivisie?<\/h2>\n\n\n\n<p>Als eine der beliebtesten Ligen der Welt verf\u00fcgt die Eredivisie \u00fcber ein beeindruckendes Angebot an Buchmachern, bei denen du wetten kannst. Von all diesen Buchmachern w\u00fcrden wir jedoch Leovegas und William Hill am meisten empfehlen. Die beiden bieten eine riesige Auswahl an M\u00e4rkten f\u00fcr die meisten Spiele in der Liga, w\u00e4hrend ihre wettbewerbsf\u00e4higen Quoten, exzellenten Kundenangebote und eine Reihe von ausgezeichneten Funktionen dazu beitragen, dass sie die Go-to-Buchmacher f\u00fcr Eredivisie-Wetten sind:<\/p>\n\n\n\n<ul><li>ComeOn<\/li><li>LeoVegas<\/li><\/ul>\n\n\n\n<h2 class=\"wp-block-heading\" id=\"wie-erstellen-wir-unsere-wett-tipps\">Wie erstellen wir unsere Wett Tipps?<\/h2>\n\n\n\n<p>Unsere Wett Tipps und Vorhersagen werden durch sorgf\u00e4ltige \u00dcberlegungen und das Wissen und die Erfahrung unserer Tipper und unserer Community erstellt.<\/p>\n\n\n\n<p>Wann immer du einen Eredivisie-Wett Tipp w\u00e4hlst, musst du sicherstellen, dass du auf Vorhersagen setzt, die von Experten erstellt wurden. Die Quote der erfolgreichen Wetten, die wir vorweisen k\u00f6nnen, ist sehr beeindruckend, und wir sind stolz auf unsere F\u00e4higkeit, deine Eredivisie- und allgemeinen Fu\u00dfballwetten auf die n\u00e4chste Stufe zu heben.<\/p>\n\n\n\n<p>Wann immer du auf Fu\u00dfballtipps und -vorhersagen setzt, solltest du sicher sein, dass du mit Betting.com den besten Service f\u00fcr kostenlose Tipps im Internet in Anspruch nimmst.<\/p>\n\n\n\n<h2 class=\"wp-block-heading\" id=\"fur-welche-eredivisie-spiele-bieten-wir-tipps-an\">F\u00fcr welche Eredivisie-Spiele bieten wir Tipps an?<\/h2>\n\n\n\n<p>Ganz gleich, ob du auf ein Eredivisie-Spiel an der Tabellenspitze oder am Tabellenende tippen m\u00f6chtest, du kannst dich darauf verlassen, dass wir f\u00fcr dich da sind. Unsere gro\u00dfe Community sorgt daf\u00fcr, dass du das Beste aus den Abstiegsk\u00e4mpfen, dem Kampf um die europ\u00e4ischen Pl\u00e4tze und dem Kampf um den Meistertitel machen kannst.&nbsp;<\/p>\n\n\n\n<p>Im Gegensatz zu vielen anderen Tipp-Seiten werden dir bei unseren Eredivisie-Wett Tipps und -Vorhersagen keine Tipps f\u00fcr Spiele im Tabellenmittelfeld oder f\u00fcr kleinere Mannschaften fehlen.<\/p>\n\n\n\n<h2 class=\"wp-block-heading\" id=\"wie-oft-veroffentlichen-wir-unsere-eredivisie-wett-tipps\">Wie oft ver\u00f6ffentlichen wir unsere Eredivisie-Wett Tipps?<\/h2>\n\n\n\n<p>Unsere Eredivisie-Tipps werden t\u00e4glich ver\u00f6ffentlicht, wobei unsere Eredivisie-Vorhersagen in der Regel am Tag vor dem Spiel zur Verf\u00fcgung stehen. Es gibt aber auch Eredivisie-Wett Tipps, die am Tag des Spiels ver\u00f6ffentlicht werden, je nach der Situation, in der sich das Spiel befindet. Dies liegt daran, dass unsere Tipper sicherstellen wollen, dass sie alle Informationen haben, bevor sie ihre Vorhersagen f\u00fcr dich abgeben.<\/p>\n\n\n\n<h2 class=\"wp-block-heading\" id=\"alles-was-du-uber-eredivisie-wetten-wissen-muss\">Alles, was du \u00fcber Eredivisie-Wetten wissen muss<\/h2>\n\n\n\n<p>Wenn du dich daf\u00fcr entscheidest, auf Eredivisie-Wettipps zu setzen, die von Tippern stammen, die sich mit der h\u00f6chsten holl\u00e4ndischen Liga auskennen, kannst du deine Wetten auf die n\u00e4chste Stufe heben.<\/p>\n\n\n\n<p>Nat\u00fcrlich solltest du sicherstellen, dass du mit den Tipps einverstanden bist und dich ein wenig mit der Liga auskennst, da du niemals blind auf Tipps setzen solltest.<\/p>\n\n\n\n<p>Wir k\u00f6nnen zwar nicht garantieren, dass jeder Tipp oder jede Vorhersage gewinnt, aber wir geben alle unsere Wett Tipps in gutem Glauben ab, da unsere Experten keine Tipps abgeben, auf die sie nicht selbst setzen w\u00fcrden.<\/p>\n\n\n\n<h2 class=\"wp-block-heading\" id=\"welcher-bonus-ist-der-beste-fur-meine-liga-wetten\">Welcher Bonus ist der Beste f\u00fcr meine Liga-Wetten?<\/h2>\n\n\n\n<p>Der Bonus, f\u00fcr den du dich entscheidest, sollte einer sein, von dem du wei\u00dft, dass du das meiste aus ihm herausholen wirst. Wenn du ein unerfahrener Wettender bist, solltest du die Bonusse f\u00fcr die Versicherung oder die gleiche Einzahlung vermeiden, da sie oft verwirrend sein k\u00f6nnen.&nbsp;<\/p>\n\n\n\n<p>Als erfahrener Wettender solltest du nach einem Bonus ausschau halten, der mehr Wert bietet, vor allem, wenn du \u00fcber ein gr\u00f6\u00dferes Guthaben verf\u00fcgst, mit dem du spielen kannst.<\/p>\n\n\n\n<p>Von allen Bonusangeboten, die wir im Moment gesehen haben, gef\u00e4llt uns das Neukundenangebot von William Hill besonders gut. Die Wette von 10 \u20ac auf 30 \u20ac ist extrem einfach zu nutzen und bietet einen guten Gegenwert f\u00fcr eine ziemlich normale Investition. Du musst dich einfach anmelden und 10 \u20ac einzahlen, dann schreibt William Hill dir 30 \u20ac in Form von Gratiswetten gut, die du nutzen kannst &#8211; so einfach ist das.<\/p>\n\n\n\n<h2 class=\"wp-block-heading\" id=\"alle-mannschaften-und-ihre-heimstadien\">Alle Mannschaften und ihre Heimstadien<\/h2>\n\n\n\n<p>AFC Ajax Amsterdam, Johan Cruijff Arena<\/p>\n\n\n\n<p>AZ Alkmaar, AFAS Stadion<\/p>\n\n\n\n<p>Excelsior, Van Donge &amp; De Roo Stadion<\/p>\n\n\n\n<p>FC Emmen, De Oude Meerdijk<\/p>\n\n\n\n<p>FC Volendam, Kras Stadion<\/p>\n\n\n\n<p>Feyenoord, De Kuip<\/p>\n\n\n\n<p>Fortuna Sittard, Fortuna Sittard Stadion<\/p>\n\n\n\n<p>FC Groningen, Hitachi Capital Mobility Stadion<\/p>\n\n\n\n<p>SC Heerenveen, Abe Lenstra Stadion<\/p>\n\n\n\n<p>PEC Zwolle, MAC PARK Stadion<\/p>\n\n\n\n<p>PSV Eindhoven, Philips Stadion<\/p>\n\n\n\n<p>RKC Waalwijk, Mandemakers Stadion<\/p>\n\n\n\n<p>Sparta Rotterdam, Sparta Stadion<\/p>\n\n\n\n<p>Het Kasteel FC Twente, De Grolsch Veste<\/p>\n\n\n\n<p>FC Utrecht, Stadion Galgenwaard<\/p>\n\n\n\n<p>Vitesse, GelreDome<\/p>\n\n\n\n<p>SC Cambuur, Cambuur Stadion,<\/p>\n\n\n\n<p>Go Ahead Eagles, De Adelaarshorst<\/p>\n\n\t\t<\/article>\n\t\t<div class=\"lg:w-[300px] lg:flex-shrink-0 relative\" x-data=\"{show_toc: false}\">\n\t\t\t<div class=\"lg:sticky lg:top-4 z-30\">\n\t\t\t\t<div class=\"fixed -top-64 left-0 w-full z-50 lg:static transition-all hidden lg:block\" id=\"fixed-toc\">\n\t\t\t\t\t<div>\n\t\t\t\t<div class=\"border-b border-solid border-gray-30 text-lg font-bold lg:pt-7 max-lg:px-4 py-3 flex items-center justify-between bg-white lg:bg-transparent\">\n\t\t\tWas gibt es auf dieser Seite\n\t\t\t<button @click=\"show_toc = true\" class=\"btn btn-red-outline-white block lg:hidden\">Jump to<\/button>\n\t\t<\/div>\n\t\t\t\t<div\n\t\t\tclass=\"max-lg:fixed max-lg:top-0 max-lg:left-0 max-lg:w-screen max-lg:h-screen max-lg:bg-gray-70 max-lg:bg-opacity-75 max-lg:hidden\"\n\t\t\t:class=\"{'max-lg:hidden': !show_toc}\"\n\t\t\t@click=\"show_toc = false\"\n\t\t>\n\t\t\t<div class=\"max-lg:absolute max-lg:bottom-0 max-lg:left-0 max-lg:w-screen bg-white lg:bg-transparent\">\n\t\t\t\t\t\t\t\t<div class=\"flex lg:hidden items-center justify-between mx-4 border-b border-solid border-gray-30 pt-6 pb-2 font-bold\">\n\n\t\t\t\t\tAuf dieser Seite\n\t\t\t\t\t<button @click=\"show_toc = false\">\n\t\t\t\t\t\t<svg class=\"w-5 h-5 text-gray-100\" xmlns=\"http:\/\/www.w3.org\/2000\/svg\" fill=\"none\" stroke=\"currentColor\" stroke-width=\"1.5\" class=\"w-6 h-6\" viewBox=\"0 0 24 24\"><path stroke-linecap=\"round\" stroke-linejoin=\"round\" d=\"M6 18 18 6M6 6l12 12\"\/><\/svg>\t\t\t\t\t<\/button>\n\t\t\t\t<\/div>\n\t\t\t\t<ul id=\"toc\" class=\"mt-5 max-h-[85vh] overflow-y-auto list-none bt-scrollbars\">\n\n\t\t\t\t\t\t\t\t\t\t\t<li>\n\t\t\t\t\t\t\t<a href=\"#eredivisie-wett-tipps-fur-die-heutigen-veranstaltungen\" data-bt-toc-item=\"eredivisie-wett-tipps-fur-die-heutigen-veranstaltungen\"\n\t\t\t\t\t\t\t\t @click=\"show_toc = false\"\n\t\t\t\t\t\t\t\t class=\"block px-4 py-2 text-black border-l-4 border-solid border-transparent hover:border-red-100 transition-all hover:!border-b-0 hover:font-bold\">\nEredivisie-Wett Tipps f\u00fcr die heutigen Veranstaltungen\n<\/a>\n\t\t\t\t\t\t<\/li>\n\t\t\t\t\t\t\t\t\t\t\t<li>\n\t\t\t\t\t\t\t<a href=\"#fussball-wett-tipps-fur-die-eredivisie-2022-23\" data-bt-toc-item=\"fussball-wett-tipps-fur-die-eredivisie-2022-23\"\n\t\t\t\t\t\t\t\t @click=\"show_toc = false\"\n\t\t\t\t\t\t\t\t class=\"block px-4 py-2 text-black border-l-4 border-solid border-transparent hover:border-red-100 transition-all hover:!border-b-0 hover:font-bold\">\nFu\u00dfball-Wett Tipps f\u00fcr die Eredivisie 2022\/23\n<\/a>\n\t\t\t\t\t\t<\/li>\n\t\t\t\t\t\t\t\t\t\t\t<li>\n\t\t\t\t\t\t\t<a href=\"#welche-sind-die-besten-buchmacher-fur-die-eredivisie\" data-bt-toc-item=\"welche-sind-die-besten-buchmacher-fur-die-eredivisie\"\n\t\t\t\t\t\t\t\t @click=\"show_toc = false\"\n\t\t\t\t\t\t\t\t class=\"block px-4 py-2 text-black border-l-4 border-solid border-transparent hover:border-red-100 transition-all hover:!border-b-0 hover:font-bold\">\nWelche sind die besten Buchmacher f\u00fcr die Eredivisie?\n<\/a>\n\t\t\t\t\t\t<\/li>\n\t\t\t\t\t\t\t\t\t\t\t<li>\n\t\t\t\t\t\t\t<a href=\"#wie-erstellen-wir-unsere-wett-tipps\" data-bt-toc-item=\"wie-erstellen-wir-unsere-wett-tipps\"\n\t\t\t\t\t\t\t\t @click=\"show_toc = false\"\n\t\t\t\t\t\t\t\t class=\"block px-4 py-2 text-black border-l-4 border-solid border-transparent hover:border-red-100 transition-all hover:!border-b-0 hover:font-bold\">\nWie erstellen wir unsere Wett Tipps?\n<\/a>\n\t\t\t\t\t\t<\/li>\n\t\t\t\t\t\t\t\t\t\t\t<li>\n\t\t\t\t\t\t\t<a href=\"#fur-welche-eredivisie-spiele-bieten-wir-tipps-an\" data-bt-toc-item=\"fur-welche-eredivisie-spiele-bieten-wir-tipps-an\"\n\t\t\t\t\t\t\t\t @click=\"show_toc = false\"\n\t\t\t\t\t\t\t\t class=\"block px-4 py-2 text-black border-l-4 border-solid border-transparent hover:border-red-100 transition-all hover:!border-b-0 hover:font-bold\">\nF\u00fcr welche Eredivisie-Spiele bieten wir Tipps an?\n<\/a>\n\t\t\t\t\t\t<\/li>\n\t\t\t\t\t\t\t\t\t\t\t<li>\n\t\t\t\t\t\t\t<a href=\"#wie-oft-veroffentlichen-wir-unsere-eredivisie-wett-tipps\" data-bt-toc-item=\"wie-oft-veroffentlichen-wir-unsere-eredivisie-wett-tipps\"\n\t\t\t\t\t\t\t\t @click=\"show_toc = false\"\n\t\t\t\t\t\t\t\t class=\"block px-4 py-2 text-black border-l-4 border-solid border-transparent hover:border-red-100 transition-all hover:!border-b-0 hover:font-bold\">\nWie oft ver\u00f6ffentlichen wir unsere Eredivisie-Wett Tipps?\n<\/a>\n\t\t\t\t\t\t<\/li>\n\t\t\t\t\t\t\t\t\t\t\t<li>\n\t\t\t\t\t\t\t<a href=\"#alles-was-du-uber-eredivisie-wetten-wissen-muss\" data-bt-toc-item=\"alles-was-du-uber-eredivisie-wetten-wissen-muss\"\n\t\t\t\t\t\t\t\t @click=\"show_toc = false\"\n\t\t\t\t\t\t\t\t class=\"block px-4 py-2 text-black border-l-4 border-solid border-transparent hover:border-red-100 transition-all hover:!border-b-0 hover:font-bold\">\nAlles, was du \u00fcber Eredivisie-Wetten wissen muss\n<\/a>\n\t\t\t\t\t\t<\/li>\n\t\t\t\t\t\t\t\t\t\t\t<li>\n\t\t\t\t\t\t\t<a href=\"#welcher-bonus-ist-der-beste-fur-meine-liga-wetten\" data-bt-toc-item=\"welcher-bonus-ist-der-beste-fur-meine-liga-wetten\"\n\t\t\t\t\t\t\t\t @click=\"show_toc = false\"\n\t\t\t\t\t\t\t\t class=\"block px-4 py-2 text-black border-l-4 border-solid border-transparent hover:border-red-100 transition-all hover:!border-b-0 hover:font-bold\">\nWelcher Bonus ist der Beste f\u00fcr meine Liga-Wetten?\n<\/a>\n\t\t\t\t\t\t<\/li>\n\t\t\t\t\t\t\t\t\t\t\t<li>\n\t\t\t\t\t\t\t<a href=\"#alle-mannschaften-und-ihre-heimstadien\" data-bt-toc-item=\"alle-mannschaften-und-ihre-heimstadien\"\n\t\t\t\t\t\t\t\t @click=\"show_toc = false\"\n\t\t\t\t\t\t\t\t class=\"block px-4 py-2 text-black border-l-4 border-solid border-transparent hover:border-red-100 transition-all hover:!border-b-0 hover:font-bold\">\nAlle Mannschaften und ihre Heimstadien\n<\/a>\n\t\t\t\t\t\t<\/li>\n\t\t\t\t\t\t\t\t\t<\/ul>\n\t\t\t\t\t\t\t\t\t\t\t<\/div>\n\t\t<\/div>\n\t<\/div>\n\t\t\t\t\t<\/div>\n\t\t\t<\/div>\n\t\t<\/div>\n\t<\/div>\n<\/div>\n\t<\/div>\n<\/div>\n\n","protected":false},"excerpt":{"rendered":"","protected":false},"author":6,"featured_media":452,"parent":950,"menu_order":1000,"comment_status":"closed","ping_status":"closed","template":"","meta":{"footnotes":""},"tags":[],"acf":[],"_links":{"self":[{"href":"https:\/\/betting.com\/de\/wp-json\/wp\/v2\/pages\/219"}],"collection":[{"href":"https:\/\/betting.com\/de\/wp-json\/wp\/v2\/pages"}],"about":[{"href":"https:\/\/betting.com\/de\/wp-json\/wp\/v2\/types\/page"}],"author":[{"embeddable":true,"href":"https:\/\/betting.com\/de\/wp-json\/wp\/v2\/users\/6"}],"replies":[{"embeddable":true,"href":"https:\/\/betting.com\/de\/wp-json\/wp\/v2\/comments?post=219"}],"version-history":[{"count":4,"href":"https:\/\/betting.com\/de\/wp-json\/wp\/v2\/pages\/219\/revisions"}],"predecessor-version":[{"id":6174,"href":"https:\/\/betting.com\/de\/wp-json\/wp\/v2\/pages\/219\/revisions\/6174"}],"up":[{"embeddable":true,"href":"https:\/\/betting.com\/de\/wp-json\/wp\/v2\/pages\/950"}],"wp:featuredmedia":[{"embeddable":true,"href":"https:\/\/betting.com\/de\/wp-json\/wp\/v2\/media\/452"}],"wp:attachment":[{"href":"https:\/\/betting.com\/de\/wp-json\/wp\/v2\/media?parent=219"}],"wp:term":[{"taxonomy":"post_tag","embeddable":true,"href":"https:\/\/betting.com\/de\/wp-json\/wp\/v2\/tags?post=219"}],"curies":[{"name":"wp","href":"https:\/\/api.w.org\/{rel}","templated":true}]}}