{"id":214,"date":"2022-06-15T15:09:56","date_gmt":"2022-06-15T15:09:56","guid":{"rendered":"https:\/\/betting.com\/de\/?page_id=214"},"modified":"2023-08-02T12:31:08","modified_gmt":"2023-08-02T12:31:08","slug":"efl-championship","status":"publish","type":"page","link":"https:\/\/betting.com\/de\/efl-championship","title":{"rendered":"Englische Championship Wett Tipps"},"content":{"rendered":"<div class=\" container-white py-8\">\n\t<div class=\"wp-block-container-toc  \">\n\t\t\t<div class=\"bg-white\">\n\t<div class=\"flex flex-col-reverse lg:flex-row lg:gap-8 py-10\">\n\t\t<article class=\"max-w-[960px] flex-grow\" data-bt-content>\n\t\t\t\n<h2 class=\"wp-block-heading\" id=\"championship-wett-tipps-fur-die-heutigen-veranstaltungen\">Championship-Wett Tipps f\u00fcr die heutigen Veranstaltungen<\/h2>\n\n\n\n<p>Der Grund f\u00fcr diesen hohen Unterhaltungswert liegt darin, dass die englische Championship ein \u00e4u\u00dferst unvorhersehbarer Fu\u00dfballwettbewerb ist: Wie in jeder anderen Liga gibt es Mannschaften, die am Ende der Saison eine gr\u00f6\u00dfere Chance auf den Gesamterfolg haben, obwohl die Formkurve in der Regel nicht allzu sehr abweicht, aber es kann immer wieder zu \u00dcberraschungen kommen.&nbsp;<\/p>\n\n\n\n<p>\u00dcberraschungen, die f\u00fcr eine unberechenbare Atmosph\u00e4re sorgen, sodass Wetten auf die Liga zwar unglaublich schwierig sind, aber auch gleichzeitig zu den beliebtesten Wettbewerben geh\u00f6ren, in denen Wettende ihren Sp\u00fcrsinn unter Beweis stellen k\u00f6nnen.<\/p>\n\n\n\n<p>Auf dieser Seite findest du die neuesten Championship-Wett Tipps und Vorhersagen unserer Wettexperten. Das oberste Ziel unserer Spielvorhersagen ist es nat\u00fcrlich, mit Hilfe dieser Tipps deine Wetten zu verbessern und dabei jede Menge Spa\u00df zu haben.<\/p>\n\n\n\n<p>Wenn du unsere Championship-Vorhersagen befolgst, werden sie dir wertvolle Dienste leisten, und wenn du dich mit deinen Match-Winning-Tippern zusammentust, k\u00f6nnen deine Gewinnchancen noch weiter zunehmen.<\/p>\n\n\n\n<h2 class=\"wp-block-heading\" id=\"fussball-wett-tipps-fur-die-championship-2022-23\">Fu\u00dfball-Wett Tipps f\u00fcr die Championship 2022\/23<\/h2>\n\n\n\n<p>Die englische Championship ist eine \u00e4u\u00dferst interessante Liga und wird von einigen Fu\u00dfballexperten teilweise stark untersch\u00e4tzt. Fairerweise muss man sagen, dass sie viel von den Qualit\u00e4ten der Oberklasse bietet, w\u00e4hrend sie gleichzeitig eine breite Vielfalt an einzigartigen Wettvorteilen und -m\u00f6glichkeiten bereith\u00e4lt.<\/p>\n\n\n\n<p>Um allen Verfolgern des Wettbewerbs zu helfen, haben unsere Wettexperten viel Zeit investiert, um sicherzustellen, dass sie immer auf dem neuesten Stand sind und nur qualitativ hochwertige Wett Tipps abgeben.<\/p>\n\n\n\n<p>Alle von ihnen bereitgestellten Vorhersagen sollen dir helfen, dich beim Wetten wohler zu f\u00fchlen und deine Ergebnisse zu verbessern, und wenn du eine Wette abschlie\u00dfen willst, solltest du immer darauf achten, dass du sie mit Selbstvertrauen abschlie\u00dft.<\/p>\n\n\n\n<p>Es ist erw\u00e4hnenswert, dass die Championship von den Buchmachern ziemlich gut abgedeckt wird und es eine Menge verf\u00fcgbarer Wettm\u00f6glichkeiten gibt, was ein weiterer Grund ist, warum die zweite Liga des englischen Fu\u00dfballs sowohl von Wettenden als auch Tippern bevorzugt wird.<\/p>\n\n\n\n<h2 class=\"wp-block-heading\" id=\"wer-sind-die-besten-buchmacher-fur-die-championship\">Wer sind die besten Buchmacher f\u00fcr die Championship?<\/h2>\n\n\n\n<p>Es gibt viele gute und zuverl\u00e4ssige Buchmacher, die vern\u00fcnftige Boni und Quoten f\u00fcr Wetten anbieten. Wir raten dir, immer bei Buchmachern zu wetten, die f\u00fcr das Land, in dem du ans\u00e4ssig bist, lizenziert sind, und sei es nur aus Gr\u00fcnden der Benutzerfreundlichkeit und des Komforts.<\/p>\n\n\n\n<p>Wir haben eine umfangreiche Liste mit 100 Buchmachern erstellt, die wir pers\u00f6nlich getestet und \u00fcberpr\u00fcft haben, um dir die Entscheidung zu erleichtern. Wir haben die meisten von ihnen im Detail gepr\u00fcft und hier sind drei, die wir besonders empfehlen.<\/p>\n\n\n\n<ul><li>LeoVegas<\/li><li>ComeOn<\/li><\/ul>\n\n\n\n<h2 class=\"wp-block-heading\" id=\"wie-entstehen-unsere-wett-tipps\">Wie entstehen unsere Wett Tipps?<\/h2>\n\n\n\n<p>Alle Championship-Wett Tipps werden von unserer Gemeinschaft von Fu\u00dfballexperten, die auch als Tipper bekannt sind, bereitgestellt. Eine gro\u00dfe Anzahl der Tipper auf der Plattform wetten hauptberuflich und haben den Gro\u00dfteil ihres Lebens damit verbracht, zu lernen, wie man mit seinen Wetten erfolgreich ist.<\/p>\n\n\n\n<p>Unsere Meisterschaftswetten-Tipps helfen dir, Zeit zu sparen und deine Wetten erfolgreicher zu machen, indem sie eine gro\u00dfe Menge an Informationen und Daten f\u00fcr dich sammeln und auswerten. Wenn Tipper ihre Spielanalysen durchf\u00fchren, verwenden sie oft mehr als 20 verschiedene Kennzahlen..<\/p>\n\n\n\n<p>Dank dieser gr\u00fcndlichen Recherche k\u00f6nnen sie ihre statistischen Ergebnisse mit den neuesten Nachrichten kombinieren und anschlie\u00dfend alle aktuellen Wettipps an ihre Follower weiterleiten.&nbsp;<\/p>\n\n\n\n<p>In der Hoffnung und mit dem Ziel, die Buchmacher zu \u00fcbertreffen.<\/p>\n\n\n\n<p>Bitte bedenke, dass unsere Championship-Wett Tipps dich nicht \u00fcber Nacht reich machen werden &#8211; so funktioniert das nicht mit Fu\u00dfballwetten. Wir zeigen dir, wo es gute Wetten gibt, wir zeigen dir auch, wo die h\u00f6chsten Quoten sind, und dann liegt es an dir, zu entscheiden, wo du deine Wette platzierst.<\/p>\n\n\n\n<h2 class=\"wp-block-heading\" id=\"fur-welche-championship-spiele-werden-tipps-angeboten\">F\u00fcr welche Championship-Spiele werden Tipps angeboten?<\/h2>\n\n\n\n<p>Unsere Championship-Experten geben Wett Tipps f\u00fcr eine gro\u00dfe Anzahl von Saisonspielen. Sie sind in der Regel w\u00e4hrend der Saison sehr aktiv und decken in der Regel alle 46 Meisterschaftsrunden mit Wettipps und Analysen ab.<\/p>\n\n\n\n<p>Um hier die richtige Erwartungshaltung zu schaffen, werden die Tipps w\u00e4hrend der gesamten Saison immer mindestens 24 Stunden vor Spielbeginn bereitgestellt. So hast du genug Zeit, die Informationen zu verarbeiten, die besten Quoten zu finden und deine Wetten zu platzieren.<\/p>\n\n\n\n<p>Die Tipps werden in der Regel von ausf\u00fchrlichen Spielanalysen und Statistiken begleitet, die die Hintergr\u00fcnde der Wett Tipps verdeutlichen sollen. Du kannst erwarten, dass du Einzel- und Akkumulatoren Tipps sowie Vorhersagen und Ideen f\u00fcr Livewetten erh\u00e4ltst.<\/p>\n\n\n\n<p>Unsere Community ist sehr breit gef\u00e4chert und Tipps wie korrektes Ergebnis, \u00dcber-Unter-Tore oder Torsch\u00fctzenk\u00f6nig sollten dich nicht \u00fcberraschen. Bei der F\u00fclle an Informationen, die heutzutage zur Verf\u00fcgung stehen, wollen wir viel mehr als nur Standard 1&#215;2-Tipps anbieten.<\/p>\n\n\n\n<p>Nat\u00fcrlich ist die Championship f\u00fcr eine Reihe wichtiger Spiele w\u00e4hrend der Saison bekannt, und ob es sich nun um ein Londoner Derby, ein Entscheidungsspiel um den Aufstieg oder einen Sechser im Abstiegskampf handelt, Betting.com wird alle wichtigen Spiele w\u00e4hrend der Saison abdecken.<\/p>\n\n\n\n<h2 class=\"wp-block-heading\" id=\"wie-oft-bieten-wir-tipps-aus-der-championship-an\">Wie oft bieten wir Tipps aus der Championship an?<\/h2>\n\n\n\n<p>Wir sind uns bewusst, wie wichtig es f\u00fcr unser Leser ist, einen kontinuierlichen Fluss von Championship-Wett Tipps, Analysen und Informationen zu erhalten. Deshalb haben wir uns verpflichtet, unter allen Umst\u00e4nden t\u00e4gliche Vorhersagen zu liefern.<\/p>\n\n\n\n<p>Die meisten Championship-Tipps werden von unserer Community abgegeben, aber wenn n\u00f6tig, werden unsere internen Experten einspringen. Mit 12 Spielen pro Spieltag ist die Championship eine der gr\u00f6\u00dften Ligen in Europa und eine gro\u00dfe Liga bedeutet noch mehr Informationen f\u00fcr unsere Tipper, die sie analysieren m\u00fcssen.<\/p>\n\n\n\n<p>Jedes Mal, wenn ein neuer Championship-Tipp ver\u00f6ffentlicht wird, wirst du per E-Mail oder Browser-Benachrichtigung informiert. Du kannst nat\u00fcrlich einstellen, wie du benachrichtigt werden m\u00f6chtest, und du hast auch die M\u00f6glichkeit, deine Benachrichtigungen abzuschalten.<\/p>\n\n\n\n<p>Mit der Art und Weise, wie unser Benachrichtigungssystem hier bei Betting.com eingerichtet ist, stellen wir sicher, dass du nie einen Tipp und eine Gewinnm\u00f6glichkeit verpasst. Denn es gibt nichts Schlimmeres, als sich einen Treffer durch die Finger gleiten zu lassen.<\/p>\n\n\n\n<h2 class=\"wp-block-heading\" id=\"alles-was-du-uber-championship-wetten-wissen-muss\">Alles, was du \u00fcber Championship-Wetten wissen muss<\/h2>\n\n\n\n<p>Die Championship ist die zweith\u00f6chste Stufe der englischen Fu\u00dfballpyramide und bietet einen automatischen Aufstieg in die Premier League. 24 Mannschaften versuchen in der darauffolgenden Saison, in die h\u00f6chste Spielklasse aufzusteigen.<\/p>\n\n\n\n<p>In jeder Saison steigen die beiden besten Mannschaften der Abschlusstabelle der Championship in die Premier League auf, w\u00e4hrend die Mannschaften, die die Saison auf den Pl\u00e4tzen 3 bis 6 beenden, in die Play-offs einziehen, und diese Phase des Wettbewerbs ist die dramatischste.<\/p>\n\n\n\n<p>Vier Mannschaften ziehen in die Play-offs ein, aber nur eine kann den Sieg und den Einzug ins Wembley-Stadion feiern. Da dieses Spiel als das wertvollste im Vereinsfu\u00dfball gilt &#8211; und sei es nur wegen der Reicht\u00fcmer, die den Sieger in der Premier League erwarten -, ist es immer eine ziemlich aufregende Angelegenheit.<\/p>\n\n\n\n<p>Nat\u00fcrlich gibt es in dieser Liga nicht nur die M\u00f6glichkeit des Aufstiegs, sondern auch die M\u00f6glichkeit des Abstiegs. Drei Vereine, die Pech haben, steigen aus der Liga ab und gehen in der folgenden Saison in die League One.<\/p>\n\n\n\n<p>Die Saison selbst dauert von August bis Mai und die Liga umfasst 24 Mannschaften. W\u00e4hrend der Saison spielt jede Mannschaft zweimal gegen die anderen (zu Hause und ausw\u00e4rts), so dass insgesamt 46 regul\u00e4re Saisonspiele angesetzt sind.<\/p>\n\n\n\n<h2 class=\"wp-block-heading\" id=\"welcher-bonus-ist-der-beste-fur-meine-championship-wetten\">Welcher Bonus ist der Beste f\u00fcr meine Championship-Wetten?<\/h2>\n\n\n\n<p>Es gibt viele Arten von Boni, mit denen du auf die Championship wetten kannst. Wir haben die Mehrheit der verf\u00fcgbaren Boni getestet und die beliebtesten sind jene, die erh\u00f6hte Quoten, Gratiswetten und Geld-zur\u00fcck-Aktionen anbieten.<\/p>\n\n\n\n<p><em>\u201cDie meisten Championship-Boni sind mit leicht zu erf\u00fcllenden Bedingungen verbunden (z. B. maximaler Einsatz oder Mindestquoten), so dass du deine Wetten jedes Wochenende und im Laufe der Saison voll genie\u00dfen kannst.\u201d<\/em><\/p>\n\n\n\n<h2 class=\"wp-block-heading\" id=\"championship-2022-23-ubersicht\">Championship 2022\/23 \u00dcbersicht<\/h2>\n\n\n\n<p><strong>Saisonstart-Ende: <\/strong>August 2022 &#8211; Mai 2023<\/p>\n\n\n\n<p>Alle Mannschaften und ihre Heimstadien:<\/p>\n\n\n\n<p>Birmingham, St Andrew\u2019s<\/p>\n\n\n\n<p>Blackburn, Ewood Park<\/p>\n\n\n\n<p>Blackpool, Bloomfield Road<\/p>\n\n\n\n<p>Bristol City, Ashton Gate<\/p>\n\n\n\n<p>Burnley, Turf Moor<\/p>\n\n\n\n<p>Cardiff City, Cardiff City Stadium<\/p>\n\n\n\n<p>Coventry City, Coventry Building Society Arena<\/p>\n\n\n\n<p>Fulham, Craven Cottage<\/p>\n\n\n\n<p>Huddersfield Town, Kirklees Stadium<\/p>\n\n\n\n<p>Hull, KCOM Stadium<\/p>\n\n\n\n<p>Luton, Kenilworth Road<\/p>\n\n\n\n<p>Middlesbrough, Riverside Stadium<\/p>\n\n\n\n<p>Millwall, The Den<\/p>\n\n\n\n<p>Norwich, Carrow Road<\/p>\n\n\n\n<p>Preston North End, Deepdale<\/p>\n\n\n\n<p>Queens Park Rangers, Loftus Road<\/p>\n\n\n\n<p>Reading, Select Car Leasing Stadium<\/p>\n\n\n\n<p>Rotherham, Aesseal New York Stadium<\/p>\n\n\n\n<p>Sheffield United, Bramall Lane<\/p>\n\n\n\n<p>Stoke City, bet365 Stadium<\/p>\n\n\n\n<p>Sunderland, Stadium of Light<\/p>\n\n\n\n<p>Swansea, Liberty Stadium<\/p>\n\n\n\n<p>Watford, Vicarage Road<\/p>\n\n\n\n<p>West Brom, The Hawthorns<\/p>\n\n\n\n<p>Wigan, DW Stadium<\/p>\n\n\n\n<p><strong>Abgestiegen aus der Premier League:<\/strong> Burnley, Norwich, Watford<\/p>\n\n\n\n<p><strong>Aufgestiegen aus der League One:<\/strong> Wigan, Rotherham, Sunderland<\/p>\n\n\t\t<\/article>\n\t\t<div class=\"lg:w-[300px] lg:flex-shrink-0 relative\" x-data=\"{show_toc: false}\">\n\t\t\t<div class=\"lg:sticky lg:top-4 z-30\">\n\t\t\t\t<div class=\"fixed -top-64 left-0 w-full z-50 lg:static transition-all hidden lg:block\" id=\"fixed-toc\">\n\t\t\t\t\t<div>\n\t\t\t\t<div class=\"border-b border-solid border-gray-30 text-lg font-bold lg:pt-7 max-lg:px-4 py-3 flex items-center justify-between bg-white lg:bg-transparent\">\n\t\t\tWas gibt es auf dieser Seite\n\t\t\t<button @click=\"show_toc = true\" class=\"btn btn-red-outline-white block lg:hidden\">Jump to<\/button>\n\t\t<\/div>\n\t\t\t\t<div\n\t\t\tclass=\"max-lg:fixed max-lg:top-0 max-lg:left-0 max-lg:w-screen max-lg:h-screen max-lg:bg-gray-70 max-lg:bg-opacity-75 max-lg:hidden\"\n\t\t\t:class=\"{'max-lg:hidden': !show_toc}\"\n\t\t\t@click=\"show_toc = false\"\n\t\t>\n\t\t\t<div class=\"max-lg:absolute max-lg:bottom-0 max-lg:left-0 max-lg:w-screen bg-white lg:bg-transparent\">\n\t\t\t\t\t\t\t\t<div class=\"flex lg:hidden items-center justify-between mx-4 border-b border-solid border-gray-30 pt-6 pb-2 font-bold\">\n\n\t\t\t\t\tAuf dieser Seite\n\t\t\t\t\t<button @click=\"show_toc = false\">\n\t\t\t\t\t\t<svg class=\"w-5 h-5 text-gray-100\" xmlns=\"http:\/\/www.w3.org\/2000\/svg\" fill=\"none\" stroke=\"currentColor\" stroke-width=\"1.5\" class=\"w-6 h-6\" viewBox=\"0 0 24 24\"><path stroke-linecap=\"round\" stroke-linejoin=\"round\" d=\"M6 18 18 6M6 6l12 12\"\/><\/svg>\t\t\t\t\t<\/button>\n\t\t\t\t<\/div>\n\t\t\t\t<ul id=\"toc\" class=\"mt-5 max-h-[85vh] overflow-y-auto list-none bt-scrollbars\">\n\n\t\t\t\t\t\t\t\t\t\t\t<li>\n\t\t\t\t\t\t\t<a href=\"#championship-wett-tipps-fur-die-heutigen-veranstaltungen\" data-bt-toc-item=\"championship-wett-tipps-fur-die-heutigen-veranstaltungen\"\n\t\t\t\t\t\t\t\t @click=\"show_toc = false\"\n\t\t\t\t\t\t\t\t class=\"block px-4 py-2 text-black border-l-4 border-solid border-transparent hover:border-red-100 transition-all hover:!border-b-0 hover:font-bold\">\nChampionship-Wett Tipps f\u00fcr die heutigen Veranstaltungen\n<\/a>\n\t\t\t\t\t\t<\/li>\n\t\t\t\t\t\t\t\t\t\t\t<li>\n\t\t\t\t\t\t\t<a href=\"#fussball-wett-tipps-fur-die-championship-2022-23\" data-bt-toc-item=\"fussball-wett-tipps-fur-die-championship-2022-23\"\n\t\t\t\t\t\t\t\t @click=\"show_toc = false\"\n\t\t\t\t\t\t\t\t class=\"block px-4 py-2 text-black border-l-4 border-solid border-transparent hover:border-red-100 transition-all hover:!border-b-0 hover:font-bold\">\nFu\u00dfball-Wett Tipps f\u00fcr die Championship 2022\/23\n<\/a>\n\t\t\t\t\t\t<\/li>\n\t\t\t\t\t\t\t\t\t\t\t<li>\n\t\t\t\t\t\t\t<a href=\"#wer-sind-die-besten-buchmacher-fur-die-championship\" data-bt-toc-item=\"wer-sind-die-besten-buchmacher-fur-die-championship\"\n\t\t\t\t\t\t\t\t @click=\"show_toc = false\"\n\t\t\t\t\t\t\t\t class=\"block px-4 py-2 text-black border-l-4 border-solid border-transparent hover:border-red-100 transition-all hover:!border-b-0 hover:font-bold\">\nWer sind die besten Buchmacher f\u00fcr die Championship?\n<\/a>\n\t\t\t\t\t\t<\/li>\n\t\t\t\t\t\t\t\t\t\t\t<li>\n\t\t\t\t\t\t\t<a href=\"#wie-entstehen-unsere-wett-tipps\" data-bt-toc-item=\"wie-entstehen-unsere-wett-tipps\"\n\t\t\t\t\t\t\t\t @click=\"show_toc = false\"\n\t\t\t\t\t\t\t\t class=\"block px-4 py-2 text-black border-l-4 border-solid border-transparent hover:border-red-100 transition-all hover:!border-b-0 hover:font-bold\">\nWie entstehen unsere Wett Tipps?\n<\/a>\n\t\t\t\t\t\t<\/li>\n\t\t\t\t\t\t\t\t\t\t\t<li>\n\t\t\t\t\t\t\t<a href=\"#fur-welche-championship-spiele-werden-tipps-angeboten\" data-bt-toc-item=\"fur-welche-championship-spiele-werden-tipps-angeboten\"\n\t\t\t\t\t\t\t\t @click=\"show_toc = false\"\n\t\t\t\t\t\t\t\t class=\"block px-4 py-2 text-black border-l-4 border-solid border-transparent hover:border-red-100 transition-all hover:!border-b-0 hover:font-bold\">\nF\u00fcr welche Championship-Spiele werden Tipps angeboten?\n<\/a>\n\t\t\t\t\t\t<\/li>\n\t\t\t\t\t\t\t\t\t\t\t<li>\n\t\t\t\t\t\t\t<a href=\"#wie-oft-bieten-wir-tipps-aus-der-championship-an\" data-bt-toc-item=\"wie-oft-bieten-wir-tipps-aus-der-championship-an\"\n\t\t\t\t\t\t\t\t @click=\"show_toc = false\"\n\t\t\t\t\t\t\t\t class=\"block px-4 py-2 text-black border-l-4 border-solid border-transparent hover:border-red-100 transition-all hover:!border-b-0 hover:font-bold\">\nWie oft bieten wir Tipps aus der Championship an?\n<\/a>\n\t\t\t\t\t\t<\/li>\n\t\t\t\t\t\t\t\t\t\t\t<li>\n\t\t\t\t\t\t\t<a href=\"#alles-was-du-uber-championship-wetten-wissen-muss\" data-bt-toc-item=\"alles-was-du-uber-championship-wetten-wissen-muss\"\n\t\t\t\t\t\t\t\t @click=\"show_toc = false\"\n\t\t\t\t\t\t\t\t class=\"block px-4 py-2 text-black border-l-4 border-solid border-transparent hover:border-red-100 transition-all hover:!border-b-0 hover:font-bold\">\nAlles, was du \u00fcber Championship-Wetten wissen muss\n<\/a>\n\t\t\t\t\t\t<\/li>\n\t\t\t\t\t\t\t\t\t\t\t<li>\n\t\t\t\t\t\t\t<a href=\"#welcher-bonus-ist-der-beste-fur-meine-championship-wetten\" data-bt-toc-item=\"welcher-bonus-ist-der-beste-fur-meine-championship-wetten\"\n\t\t\t\t\t\t\t\t @click=\"show_toc = false\"\n\t\t\t\t\t\t\t\t class=\"block px-4 py-2 text-black border-l-4 border-solid border-transparent hover:border-red-100 transition-all hover:!border-b-0 hover:font-bold\">\nWelcher Bonus ist der Beste f\u00fcr meine Championship-Wetten?\n<\/a>\n\t\t\t\t\t\t<\/li>\n\t\t\t\t\t\t\t\t\t\t\t<li>\n\t\t\t\t\t\t\t<a href=\"#championship-2022-23-ubersicht\" data-bt-toc-item=\"championship-2022-23-ubersicht\"\n\t\t\t\t\t\t\t\t @click=\"show_toc = false\"\n\t\t\t\t\t\t\t\t class=\"block px-4 py-2 text-black border-l-4 border-solid border-transparent hover:border-red-100 transition-all hover:!border-b-0 hover:font-bold\">\nChampionship 2022\/23 \u00dcbersicht\n<\/a>\n\t\t\t\t\t\t<\/li>\n\t\t\t\t\t\t\t\t\t<\/ul>\n\t\t\t\t\t\t\t\t\t\t\t<\/div>\n\t\t<\/div>\n\t<\/div>\n\t\t\t\t\t<\/div>\n\t\t\t<\/div>\n\t\t<\/div>\n\t<\/div>\n<\/div>\n\t<\/div>\n<\/div>\n\n","protected":false},"excerpt":{"rendered":"","protected":false},"author":6,"featured_media":442,"parent":0,"menu_order":1000,"comment_status":"closed","ping_status":"closed","template":"","meta":{"footnotes":""},"tags":[],"acf":[],"_links":{"self":[{"href":"https:\/\/betting.com\/de\/wp-json\/wp\/v2\/pages\/214"}],"collection":[{"href":"https:\/\/betting.com\/de\/wp-json\/wp\/v2\/pages"}],"about":[{"href":"https:\/\/betting.com\/de\/wp-json\/wp\/v2\/types\/page"}],"author":[{"embeddable":true,"href":"https:\/\/betting.com\/de\/wp-json\/wp\/v2\/users\/6"}],"replies":[{"embeddable":true,"href":"https:\/\/betting.com\/de\/wp-json\/wp\/v2\/comments?post=214"}],"version-history":[{"count":5,"href":"https:\/\/betting.com\/de\/wp-json\/wp\/v2\/pages\/214\/revisions"}],"predecessor-version":[{"id":6173,"href":"https:\/\/betting.com\/de\/wp-json\/wp\/v2\/pages\/214\/revisions\/6173"}],"wp:featuredmedia":[{"embeddable":true,"href":"https:\/\/betting.com\/de\/wp-json\/wp\/v2\/media\/442"}],"wp:attachment":[{"href":"https:\/\/betting.com\/de\/wp-json\/wp\/v2\/media?parent=214"}],"wp:term":[{"taxonomy":"post_tag","embeddable":true,"href":"https:\/\/betting.com\/de\/wp-json\/wp\/v2\/tags?post=214"}],"curies":[{"name":"wp","href":"https:\/\/api.w.org\/{rel}","templated":true}]}}