{"id":212,"date":"2022-06-15T15:02:25","date_gmt":"2022-06-15T15:02:25","guid":{"rendered":"https:\/\/betting.com\/de\/?page_id=212"},"modified":"2023-09-29T16:14:52","modified_gmt":"2023-09-29T14:14:52","slug":"tipps","status":"publish","type":"page","link":"https:\/\/betting.com\/de\/daenische-superliga\/tipps","title":{"rendered":"D\u00e4nische Superliga Wett Tipps"},"content":{"rendered":"<div class=\" container-white py-8\">\n\t<div class=\"wp-block-container-toc  \">\n\t\t\t<div class=\"bg-white\">\n\t<div class=\"flex flex-col-reverse lg:flex-row lg:gap-8 py-10\">\n\t\t<article class=\"max-w-[960px] flex-grow\" data-bt-content>\n\t\t\t\n\n<h2 class=\"wp-block-heading\" id=\"danish-superliga-wett-tipps-fur-die-heutigen-veranstaltungen\">Danish Superliga-Wett Tipps f\u00fcr die heutigen Veranstaltungen<\/h2>\n\n\n\n<p>Der Schl\u00fcssel zu gewinnbringenden Wetten liegt darin, immer die besten Informationen zu haben und dem Spiel immer einen Schritt voraus zu sein. Dies kann mit Hilfe von Statistiken, Spielanalysen oder detaillierten Recherchen erreicht werden, und mit unseren Wett Tipps k\u00f6nnen Sie gl\u00fccklicherweise alle diese Elemente miteinander verbinden.<\/p>\n\n\n\n<p>Bei Betting.com finden Sie Tipps f\u00fcr die d\u00e4nische Superliga, Tipps, die sowohl von unseren Experten als auch von unseren 100% verifizierten Tippern abgegeben werden. Da die d\u00e4nische Superliga in ganz Europa immer beliebter wird, gibt es regelm\u00e4\u00dfig Wett Tipps, mit denen Sie die Buchmacher schlagen k\u00f6nnen.<\/p>\n\n\n\n<p>Wett Tipps f\u00fcr die d\u00e4nische Superliga sind eine gute M\u00f6glichkeit, um mit dem Wetten auf die Liga zu beginnen oder Ihre Informationen und Ihr Wissen als Experte zu erweitern. Unsere Tipper verf\u00fcgen \u00fcber ein umfassendes Wissen \u00fcber die Mannschaften und Spieler der Liga und nat\u00fcrlich \u00fcber alle relevanten Statistiken, die Sie ben\u00f6tigen.<\/p>\n\n\n\n<p>In diesem Sinne schauen wir uns jetzt genauer an, wie unsere Tipps zur d\u00e4nischen Superliga Ihnen helfen k\u00f6nnen, bessere Wetten abzuschlie\u00dfen.<\/p>\n\n\n\n<h2 class=\"wp-block-heading\" id=\"fussball-wett-tipps-fur-die-danische-superliga-2022-23\">Fu\u00dfball Wett Tipps f\u00fcr die d\u00e4nische Superliga 2022\/23<\/h2>\n\n\n\n<p>Obwohl es die d\u00e4nische Superliga erst seit 1991 gibt, kann man mit Fug und Recht behaupten, dass das Land auf eine bewegte Fu\u00dfballgeschichte zur\u00fcckblicken kann, dessen bedeutendstes Kapitel nur ein Jahr nach der Gr\u00fcndung dieses neuen Wettbewerbs geschrieben wurde.<\/p>\n\n\n\n<p><em>\u201cGeschichte schrieb die Nationalmannschaft mit dem Gewinn der Europameisterschaft 1992 in Schweden. Auch wenn der gezeigte Fu\u00dfball nicht der unterhaltsamste war, so war er doch gut genug, um die gef\u00fcrchteten Deutschen im Finale zu schlagen.\u201d&nbsp;<\/em><\/p>\n\n\n\n<p>Der eigentliche Mythos des Weltmeisters von 1992 ist nat\u00fcrlich die Tatsache, dass die Mannschaft in jenem Jahr gar nicht in Schweden dabei sein sollte und erst ins Finale kam, nachdem Jugoslawien aus dem Wettbewerb ausgeschieden war, bevor ein einziger Ball gespielt worden war.<\/p>\n\n\n\n<p>Mit dem Einzug D\u00e4nemarks ging ein M\u00e4rchen in die Fu\u00dfballfolklore ein, das nicht einmal Hans Christian Andersen h\u00e4tte schreiben k\u00f6nnen, weshalb die d\u00e4nische Mannschaft von 1992 seither als Legende verehrt wird.<\/p>\n\n\n\n<p>Legenden, die ihre Karriere bei Vereinen wie Brondby oder dem FC Kopenhagen begonnen h\u00e4tten, und obwohl diese beiden Mannschaften und die anderen Vereine der d\u00e4nischen Superliga auf der kontinentalen B\u00fchne nicht so furchterregend sind, werden sie zumindest respektiert.<\/p>\n\n\n\n<p>Denn wenn man sich die aktuelle UEFA-Koeffizienten-Rangliste anschaut, befindet sich D\u00e4nemark au\u00dferhalb der Top 20, und das bedeutet, dass die Superliga im Vergleich zu den anderen europ\u00e4ischen Ligen nur im Mittelfeld angesiedelt werden kann.<\/p>\n\n\n\n<p>Das bedeutet jedoch nicht, dass der Fu\u00dfball weniger hochwertig ist, und mit einer begeisterten Fangemeinde, die die 12 Vereine, die jede Saison antreten, anfeuert, ist es eine Liga, die in Bezug auf die Lautst\u00e4rke an der Spitze der Tabelle steht.<\/p>\n\n\n\n<p>Die Liga selbst \u00e4hnelt der schottischen Premiership, denn es gibt eine regul\u00e4re Saison und danach einen Split. Anders als in Schottland spielen die Mannschaften vor dem Split allerdings nur zweimal gegeneinander (einmal zu Hause und einmal ausw\u00e4rts).<\/p>\n\n\n\n<p>Die sechs besten Vereine ziehen in die Meisterschaftsrunde ein, die sechs schlechtesten in die Abstiegsrunde, und unabh\u00e4ngig davon, wo jeder Verein am Ende steht, nimmt er sein volles Punktekontingent mit in die n\u00e4chste Phase.<\/p>\n\n\n\n<p>Von hier aus spielen die Mannschaften jeder H\u00e4lfte zweimal gegeneinander, so dass insgesamt 32 Ligaspiele ausgetragen werden. Der Sieger der Meisterschaftsrunde wird zum Ligasieger der Saison gek\u00fcrt, die beiden letztplatzierten Vereine der Relegationsrunde steigen in die zweite Liga ab.<\/p>\n\n\n\n<h2 class=\"wp-block-heading\" id=\"wer-sind-die-besten-buchmacher-fur-die-danische-superliga\">Wer sind die besten Buchmacher f\u00fcr die d\u00e4nische Superliga?<\/h2>\n\n\n\n<p>Die d\u00e4nische Superliga ist eine der angesehensten Ligen in Europa und das bedeutet, dass jeder einzelne Buchmacher Quoten f\u00fcr diese Liga anbietet. Wenn Sie sich f\u00fcr einen Buchmacher entscheiden, um auf die d\u00e4nische Superliga zu wetten, empfehlen wir Ihnen, einen Bonus zu w\u00e4hlen, der zu Ihnen passt, oder eine spezielle Aktion zu finden, von der Sie profitieren k\u00f6nnen.<\/p>\n\n\n\n<p>Wir k\u00f6nnen f\u00fcr alle von uns empfohlenen Buchmacher b\u00fcrgen, und Sie k\u00f6nnen einige von ihnen weiter unten sehen. Wenn Sie es vorziehen, k\u00f6nnen Sie auch zu unserem Buchmacher-Bereich gehen, wo Sie die aktuellen Willkommensboni und Aktionen sehen und unsere ausf\u00fchrlichen Bewertungen lesen k\u00f6nnen.<\/p>\n\n\n\n<h2 class=\"wp-block-heading\" id=\"wie-erstellen-wir-unsere-wett-tipps\">Wie erstellen wir unsere Wett Tipps?<\/h2>\n\n\n\n<p>Man kann mit Sicherheit sagen, dass sich Wetten auf die d\u00e4nische Superliga von den Wetten auf andere Top-Ligen in Europa unterscheiden. Das liegt daran, dass die Spitzenteams viel st\u00e4rker sind als die Mannschaften in der unteren H\u00e4lfte, was sich auch in der Aufteilung der Saison in die Meisterschafts- und Abstiegsgruppen widerspiegelt.<\/p>\n\n\n\n<p>Es ist daher von entscheidender Bedeutung, zu beobachten, wie gut die Au\u00dfenseiter gegen die Favoriten abschneiden, oder umgekehrt, wie viel st\u00e4rker die Teams an der Spitze wirklich sind. Dabei ist zu beachten, dass sich das Gleichgewicht von Saison zu Saison \u00e4ndert, und hier k\u00f6nnen Experten-Tippgeber sehr hilfreich sein.<\/p>\n\n\n\n<p>Der Schl\u00fcssel zum Erfolg bei Wetten auf die d\u00e4nische Superliga sind Expertenwissen und Wettipps, die auf gut recherchierten statistischen Daten beruhen, und je mehr Informationen Sie in die H\u00e4nde bekommen, desto gr\u00f6\u00dfer ist Ihre Chance, fundierte Wetten abzuschlie\u00dfen.<\/p>\n\n\n\n<p>Unabh\u00e4ngig davon, ob die Liga f\u00fcr Sie neu ist oder ob Sie bereits unseren verifizierten Tippern und internen Experten folgen, werden sie Ihnen wertvolle Hinweise geben k\u00f6nnen. Ihre Vorhersagen k\u00f6nnen Sie entweder im Vertrauen auf ihr Wissen befolgen oder Ihre bereits durchgef\u00fchrten detaillierten Recherchen unterst\u00fctzen.<\/p>\n\n\n\n<h2 class=\"wp-block-heading\" id=\"fur-welche-spiele-der-danischen-superliga-bieten-sie-tipps-an\">F\u00fcr welche Spiele der d\u00e4nischen Superliga bieten Sie Tipps an?<\/h2>\n\n\n\n<p>Alle unsere Tipper und Experten verf\u00fcgen \u00fcber ein fundiertes statistisches Wissen \u00fcber die d\u00e4nische Superliga und einen gro\u00dfen Wissensschatz, wenn es um Wetten auf diese Liga geht. Daraus folgt, dass sie keine Wetten auf bestimmte Mannschaften oder Spiele bevorzugen und nicht von pers\u00f6nlichen oder fr\u00fcheren Vorurteilen beeinflusst werden.<\/p>\n\n\n\n<p>Ihre Wett Tipps basieren stattdessen auf gut recherchierten Statistiken und Daten, was dazu f\u00fchrt, dass alle M\u00e4rkte relevant und f\u00fcr diejenigen interessant sind, die vor dem n\u00e4chsten Wochenende Wettaktivit\u00e4ten weitere Erkenntnisse erwerben m\u00f6chten.<\/p>\n\n\n\n<p>Sie k\u00f6nnen Wett Tipps f\u00fcr jedes der sechs Spiele der d\u00e4nischen Superliga erwarten, die pro Spielwoche stattfinden, und zu jeder Runde der d\u00e4nischen Superliga gibt es normalerweise mehrere Wett Tipps, die die Nutzer nutzen k\u00f6nnen.<\/p>\n\n\n\n<h2 class=\"wp-block-heading\" id=\"wie-oft-bieten-wir-tipps-aus-der-danischen-superliga-an\">Wie oft bieten wir Tipps aus der d\u00e4nischen Superliga an?<\/h2>\n\n\n\n<p><em>\u201cWie schon erw\u00e4hnt, sind die Wett Tipps f\u00fcr die d\u00e4nische Superliga sehr gut vertreten, und f\u00fcr alle Spielrunden gibt es eine gro\u00dfe Anzahl von Vorhersagen. Die Tipper lieben es, auf den d\u00e4nischen Fu\u00dfball im Allgemeinen zu wetten, und in den meisten F\u00e4llen gibt es f\u00fcr das Spiel, das Sie interessiert, einen passenden Wett Tipp.\u201d<\/em><\/p>\n\n\n\n<p>Die Experten von Betting.com sind nicht abgeneigt, auf die d\u00e4nische Superliga zu tippen, die eine der beliebtesten europ\u00e4ischen Ligen \u00fcberhaupt ist. Das bedeutet, dass Sie w\u00f6chentlich gut recherchierte Spielvorschauen und Wettippartikel aus der d\u00e4nischen Superliga erwarten k\u00f6nnen.<\/p>\n\n\n\n<h2 class=\"wp-block-heading\" id=\"die-wichtigsten-informationen-zu-wetten-auf-die-danische-superliga\">Die wichtigsten Informationen zu Wetten auf die d\u00e4nische Superliga<\/h2>\n\n\n\n<p>Im Verh\u00e4ltnis zu anderen beliebten europ\u00e4ischen Ligen sollten Sie bei Wetten auf die d\u00e4nische Superliga nur darauf achten, die h\u00f6chsten Quoten zu finden, und dabei hilft Ihnen unser Quotenvergleich.<\/p>\n\n\n\n<p>Davon abgesehen sind ein toller Willkommensbonus oder Sonderaktionen immer etwas, worauf man achten sollte. Dennoch k\u00f6nnen Sie beruhigt sein, da die Suche nach Quoten f\u00fcr die d\u00e4nische Superliga keine gro\u00dfe Herausforderung darstellt.<\/p>\n\n\n\n<h2 class=\"wp-block-heading\" id=\"mit-welchem-bonus-kann-ich-am-besten-auf-die-danische-superliga-wetten\">Mit welchem Bonus kann ich am besten auf die d\u00e4nische Superliga wetten?<\/h2>\n\n\n\n<p>Es sind zahlreiche Arten von Boni verf\u00fcgbar, w\u00e4hrend Sie Ihre Wetten auf die d\u00e4nische Superliga abschlie\u00dfen und genie\u00dfen. Wir haben die meisten der verf\u00fcgbaren Boni getestet und die gefragtesten sind die, die erh\u00f6hte Quoten, Gratiswetten und Geld-zur\u00fcck-Aktionen anbieten.<\/p>\n\n\n\n<p>F\u00fcr die meisten Boni der d\u00e4nischen Superliga gelten leicht zu erf\u00fcllende Bedingungen (z. B. maximaler Einsatz oder Mindestquoten), so dass Sie Ihre Wetten jedes Wochenende und im Laufe der Saison voll genie\u00dfen k\u00f6nnen.<\/p>\n\n\n\t\t<\/article>\n\t\t<div class=\"lg:w-[300px] lg:flex-shrink-0 relative\" x-data=\"{show_toc: false}\">\n\t\t\t<div class=\"lg:sticky lg:top-4 z-30\">\n\t\t\t\t<div class=\"fixed -top-64 left-0 w-full z-50 lg:static transition-all hidden lg:block\" id=\"fixed-toc\">\n\t\t\t\t\t<div>\n\t\t\t\t<div class=\"border-b border-solid border-gray-30 text-lg font-bold lg:pt-7 max-lg:px-4 py-3 flex items-center justify-between bg-white lg:bg-transparent\">\n\t\t\tWas gibt es auf dieser Seite\n\t\t\t<button @click=\"show_toc = true\" class=\"btn btn-red-outline-white block lg:hidden\">Jump to<\/button>\n\t\t<\/div>\n\t\t\t\t<div\n\t\t\tclass=\"max-lg:fixed max-lg:top-0 max-lg:left-0 max-lg:w-screen max-lg:h-screen max-lg:bg-gray-70 max-lg:bg-opacity-75 max-lg:hidden\"\n\t\t\t:class=\"{'max-lg:hidden': !show_toc}\"\n\t\t\t@click=\"show_toc = false\"\n\t\t>\n\t\t\t<div class=\"max-lg:absolute max-lg:bottom-0 max-lg:left-0 max-lg:w-screen bg-white lg:bg-transparent\">\n\t\t\t\t\t\t\t\t<div class=\"flex lg:hidden items-center justify-between mx-4 border-b border-solid border-gray-30 pt-6 pb-2 font-bold\">\n\n\t\t\t\t\tAuf dieser Seite\n\t\t\t\t\t<button @click=\"show_toc = false\">\n\t\t\t\t\t\t<svg class=\"w-5 h-5 text-gray-100\" xmlns=\"http:\/\/www.w3.org\/2000\/svg\" fill=\"none\" stroke=\"currentColor\" stroke-width=\"1.5\" class=\"w-6 h-6\" viewBox=\"0 0 24 24\"><path stroke-linecap=\"round\" stroke-linejoin=\"round\" d=\"M6 18 18 6M6 6l12 12\"\/><\/svg>\t\t\t\t\t<\/button>\n\t\t\t\t<\/div>\n\t\t\t\t<ul id=\"toc\" class=\"mt-5 max-h-[85vh] overflow-y-auto list-none bt-scrollbars\">\n\n\t\t\t\t\t\t\t\t\t\t\t<li>\n\t\t\t\t\t\t\t<a href=\"#danish-superliga-wett-tipps-fur-die-heutigen-veranstaltungen\" data-bt-toc-item=\"danish-superliga-wett-tipps-fur-die-heutigen-veranstaltungen\"\n\t\t\t\t\t\t\t\t @click=\"show_toc = false\"\n\t\t\t\t\t\t\t\t class=\"block px-4 py-2 text-black border-l-4 border-solid border-transparent hover:border-red-100 transition-all hover:!border-b-0 hover:font-bold\">\nDanish Superliga-Wett Tipps f\u00fcr die heutigen Veranstaltungen\n<\/a>\n\t\t\t\t\t\t<\/li>\n\t\t\t\t\t\t\t\t\t\t\t<li>\n\t\t\t\t\t\t\t<a href=\"#fussball-wett-tipps-fur-die-danische-superliga-2022-23\" data-bt-toc-item=\"fussball-wett-tipps-fur-die-danische-superliga-2022-23\"\n\t\t\t\t\t\t\t\t @click=\"show_toc = false\"\n\t\t\t\t\t\t\t\t class=\"block px-4 py-2 text-black border-l-4 border-solid border-transparent hover:border-red-100 transition-all hover:!border-b-0 hover:font-bold\">\nFu\u00dfball Wett Tipps f\u00fcr die d\u00e4nische Superliga 2022\/23\n<\/a>\n\t\t\t\t\t\t<\/li>\n\t\t\t\t\t\t\t\t\t\t\t<li>\n\t\t\t\t\t\t\t<a href=\"#wer-sind-die-besten-buchmacher-fur-die-danische-superliga\" data-bt-toc-item=\"wer-sind-die-besten-buchmacher-fur-die-danische-superliga\"\n\t\t\t\t\t\t\t\t @click=\"show_toc = false\"\n\t\t\t\t\t\t\t\t class=\"block px-4 py-2 text-black border-l-4 border-solid border-transparent hover:border-red-100 transition-all hover:!border-b-0 hover:font-bold\">\nWer sind die besten Buchmacher f\u00fcr die d\u00e4nische Superliga?\n<\/a>\n\t\t\t\t\t\t<\/li>\n\t\t\t\t\t\t\t\t\t\t\t<li>\n\t\t\t\t\t\t\t<a href=\"#wie-erstellen-wir-unsere-wett-tipps\" data-bt-toc-item=\"wie-erstellen-wir-unsere-wett-tipps\"\n\t\t\t\t\t\t\t\t @click=\"show_toc = false\"\n\t\t\t\t\t\t\t\t class=\"block px-4 py-2 text-black border-l-4 border-solid border-transparent hover:border-red-100 transition-all hover:!border-b-0 hover:font-bold\">\nWie erstellen wir unsere Wett Tipps?\n<\/a>\n\t\t\t\t\t\t<\/li>\n\t\t\t\t\t\t\t\t\t\t\t<li>\n\t\t\t\t\t\t\t<a href=\"#fur-welche-spiele-der-danischen-superliga-bieten-sie-tipps-an\" data-bt-toc-item=\"fur-welche-spiele-der-danischen-superliga-bieten-sie-tipps-an\"\n\t\t\t\t\t\t\t\t @click=\"show_toc = false\"\n\t\t\t\t\t\t\t\t class=\"block px-4 py-2 text-black border-l-4 border-solid border-transparent hover:border-red-100 transition-all hover:!border-b-0 hover:font-bold\">\nF\u00fcr welche Spiele der d\u00e4nischen Superliga bieten Sie Tipps an?\n<\/a>\n\t\t\t\t\t\t<\/li>\n\t\t\t\t\t\t\t\t\t\t\t<li>\n\t\t\t\t\t\t\t<a href=\"#wie-oft-bieten-wir-tipps-aus-der-danischen-superliga-an\" data-bt-toc-item=\"wie-oft-bieten-wir-tipps-aus-der-danischen-superliga-an\"\n\t\t\t\t\t\t\t\t @click=\"show_toc = false\"\n\t\t\t\t\t\t\t\t class=\"block px-4 py-2 text-black border-l-4 border-solid border-transparent hover:border-red-100 transition-all hover:!border-b-0 hover:font-bold\">\nWie oft bieten wir Tipps aus der d\u00e4nischen Superliga an?\n<\/a>\n\t\t\t\t\t\t<\/li>\n\t\t\t\t\t\t\t\t\t\t\t<li>\n\t\t\t\t\t\t\t<a href=\"#die-wichtigsten-informationen-zu-wetten-auf-die-danische-superliga\" data-bt-toc-item=\"die-wichtigsten-informationen-zu-wetten-auf-die-danische-superliga\"\n\t\t\t\t\t\t\t\t @click=\"show_toc = false\"\n\t\t\t\t\t\t\t\t class=\"block px-4 py-2 text-black border-l-4 border-solid border-transparent hover:border-red-100 transition-all hover:!border-b-0 hover:font-bold\">\nDie wichtigsten Informationen zu Wetten auf die d\u00e4nische Superliga\n<\/a>\n\t\t\t\t\t\t<\/li>\n\t\t\t\t\t\t\t\t\t\t\t<li>\n\t\t\t\t\t\t\t<a href=\"#mit-welchem-bonus-kann-ich-am-besten-auf-die-danische-superliga-wetten\" data-bt-toc-item=\"mit-welchem-bonus-kann-ich-am-besten-auf-die-danische-superliga-wetten\"\n\t\t\t\t\t\t\t\t @click=\"show_toc = false\"\n\t\t\t\t\t\t\t\t class=\"block px-4 py-2 text-black border-l-4 border-solid border-transparent hover:border-red-100 transition-all hover:!border-b-0 hover:font-bold\">\nMit welchem Bonus kann ich am besten auf die d\u00e4nische Superliga wetten?\n<\/a>\n\t\t\t\t\t\t<\/li>\n\t\t\t\t\t\t\t\t\t<\/ul>\n\t\t\t\t\t\t\t\t\t\t\t<\/div>\n\t\t<\/div>\n\t<\/div>\n\t\t\t\t\t<\/div>\n\t\t\t<\/div>\n\t\t<\/div>\n\t<\/div>\n<\/div>\n\t<\/div>\n<\/div>\n\n","protected":false},"excerpt":{"rendered":"","protected":false},"author":6,"featured_media":447,"parent":932,"menu_order":1000,"comment_status":"closed","ping_status":"closed","template":"","meta":{"footnotes":""},"tags":[],"acf":[],"_links":{"self":[{"href":"https:\/\/betting.com\/de\/wp-json\/wp\/v2\/pages\/212"}],"collection":[{"href":"https:\/\/betting.com\/de\/wp-json\/wp\/v2\/pages"}],"about":[{"href":"https:\/\/betting.com\/de\/wp-json\/wp\/v2\/types\/page"}],"author":[{"embeddable":true,"href":"https:\/\/betting.com\/de\/wp-json\/wp\/v2\/users\/6"}],"replies":[{"embeddable":true,"href":"https:\/\/betting.com\/de\/wp-json\/wp\/v2\/comments?post=212"}],"version-history":[{"count":5,"href":"https:\/\/betting.com\/de\/wp-json\/wp\/v2\/pages\/212\/revisions"}],"predecessor-version":[{"id":6286,"href":"https:\/\/betting.com\/de\/wp-json\/wp\/v2\/pages\/212\/revisions\/6286"}],"up":[{"embeddable":true,"href":"https:\/\/betting.com\/de\/wp-json\/wp\/v2\/pages\/932"}],"wp:featuredmedia":[{"embeddable":true,"href":"https:\/\/betting.com\/de\/wp-json\/wp\/v2\/media\/447"}],"wp:attachment":[{"href":"https:\/\/betting.com\/de\/wp-json\/wp\/v2\/media?parent=212"}],"wp:term":[{"taxonomy":"post_tag","embeddable":true,"href":"https:\/\/betting.com\/de\/wp-json\/wp\/v2\/tags?post=212"}],"curies":[{"name":"wp","href":"https:\/\/api.w.org\/{rel}","templated":true}]}}