{"id":210,"date":"2022-06-15T14:57:39","date_gmt":"2022-06-15T14:57:39","guid":{"rendered":"https:\/\/betting.com\/de\/?page_id=210"},"modified":"2023-08-02T12:31:08","modified_gmt":"2023-08-02T12:31:08","slug":"tipps","status":"publish","type":"page","link":"https:\/\/betting.com\/de\/chinesische-super-league\/tipps","title":{"rendered":"Chinesische Super League Wett Tipps"},"content":{"rendered":"<div class=\" container-white py-8\">\n\t<div class=\"wp-block-container-toc  \">\n\t\t\t<div class=\"bg-white\">\n\t<div class=\"flex flex-col-reverse lg:flex-row lg:gap-8 py-10\">\n\t\t<article class=\"max-w-[960px] flex-grow\" data-bt-content>\n\t\t\t\n<h2 class=\"wp-block-heading\" id=\"super-league-wett-tipps-fur-die-heutigen-veranstaltungen\">Super League-Wett Tipps f\u00fcr die heutigen Veranstaltungen<\/h2>\n\n\n\n<p>Die Popularit\u00e4t von Wetten auf die chinesische Super League ist in den letzten Jahren geradezu explodiert. Die Liga bietet heute eines der aufregendsten und umfangreichsten Wettangebote f\u00fcr Wettende. In diesem Artikel \u00fcber Wetten auf die chinesische Super League findest du die besten Fu\u00dfballtipps, Vorhersagen und Ratschl\u00e4ge von unserem Team von Expertentippgebern.<\/p>\n\n\n\n<p>Mit aufregenden Talenten wie dem ehemaligen Chelsea-Star Oscar, Cedric Bakumbu und Aaron Mooy bieten CSL-Wetten eine F\u00fclle von Optionen, die dazu beitragen, dass diese au\u00dfergew\u00f6hnlich spannende Liga jedes Spiel zu einem spannenden Fu\u00dfballerlebnis werden l\u00e4sst.<\/p>\n\n\n\n<h2 class=\"wp-block-heading\" id=\"fussball-wett-tipps-fur-die-chinesische-super-league-der-saison-2022-23\">Fu\u00dfball-Wett Tipps f\u00fcr die chinesische Super League der Saison 2022\/23<\/h2>\n\n\n\n<p>In der chinesischen Super League geht es zu wie in den meisten anderen Top-Ligen: Der Kampf um den Titel ist in der Regel ebenso spannend wie der Kampf um den Abstieg gegen Ende der Saison.<\/p>\n\n\n\n<p><em>\u201cGuangzhou Evergrande war in den letzten Jahren das Team, das es zu schlagen galt. Sie gewannen acht der letzten zehn Wettbewerbe, davon sieben in Folge zwischen 2011 und 2017, w\u00e4hrend sie in der 2020er-Ausgabe des Turniers Vizemeister wurden. Guangzhou Evergrande wird in dieser Saison auf Revanche aus sein, denn die 1:2-Niederlage im Finale gegen Evergrande Taobao war eine gro\u00dfe Entt\u00e4uschung f\u00fcr die Mannschaft und ihre Fans.\u201d<\/em><\/p>\n\n\n\n<p>Zum Zeitpunkt der Erstellung dieses Berichts stehen Shandong Luneng und Shanghai East Asia an der Spitze von Gruppe A bzw. B, w\u00e4hrend Qingdao Huanghai und Dalian Pro die letzten Pl\u00e4tze ihrer Gruppen belegen.&nbsp;<\/p>\n\n\n\n<p>Nun geht die Saison in die Playoffs \u00fcber, in denen die Mannschaften in die Meisterschafts- und Abstiegsgruppen eingeteilt werden. Das bedeutet, dass es im Wettbewerb und bei den Wetten noch um alles geht, da alle Mannschaften mit null Punkten in ihren neuen Gruppen starten.<\/p>\n\n\n\n<h2 class=\"wp-block-heading\" id=\"welche-buchmacher-gelten-als-die-besten-fur-die-chinesische-super-league\">Welche Buchmacher gelten als die besten f\u00fcr die chinesische Super League?<\/h2>\n\n\n\n<p>Der beste Buchmacher f\u00fcr Wetten auf die chinesische Super League ist der Wettanbieter bet365.<\/p>\n\n\n\n<p>Der Buchmacher hat sich einen Namen als allumfassender Wettgoliath gemacht und bietet eine unglaubliche Auswahl an M\u00e4rkten f\u00fcr die meisten Sportarten und Ligen auf der ganzen Welt.<\/p>\n\n\n\n<p>Das gilt auch f\u00fcr die chinesische Super League. Wann immer du unsere Wetten auf die Chinese Super League nutzt, solltest du dein Bestes tun, um sie zusammen mit einem Buchmacher zu nutzen, der dir alles bietet, was du f\u00fcr CSL-Wetten brauchst, wobei bet365 ein hervorragender Buchmacher ist.<\/p>\n\n\n\n<h2 class=\"wp-block-heading\" id=\"wie-werden-unsere-wett-tipps-erstellt\">Wie werden unsere Wett Tipps erstellt?<\/h2>\n\n\n\n<p>Unsere Wett Tipps werden sorgf\u00e4ltig recherchiert, bevor sie der \u00d6ffentlichkeit zug\u00e4nglich gemacht werden. Wenn es darum geht, auf die chinesische Super League Wettipps und Vorhersagen oder \u00fcberhaupt auf Tipps zu setzen, ist es von entscheidender Bedeutung, dass du Tipps von Tippern verwendest, die Experten in der Liga sind, um so sicherzustellen, dass du keine Wetten abschlie\u00dft, die niemals eintreffen w\u00fcrden.<\/p>\n\n\n\n<p>Die Erfolgsquote unserer Wettvorhersagen ist au\u00dfergew\u00f6hnlich hoch, was bedeutet, dass du auf unsere Wett Tipps setzen kannst, im Vertrauen darauf, dass du mit einer der besten kostenlosen Wettseiten wettest, die es gibt.<\/p>\n\n\n\n<h2 class=\"wp-block-heading\" id=\"fur-welche-spiele-der-chinesischen-super-league-werden-tipps-angeboten\">F\u00fcr welche Spiele der chinesischen Super League werden Tipps angeboten?<\/h2>\n\n\n\n<p>Du findest Tipps f\u00fcr die meisten Spiele der chinesischen Super League in der regul\u00e4ren Saison und den Play-offs. Das bedeutet, dass die Spiele an der Spitze und am Ende der regul\u00e4ren Saison ebenso abgedeckt sind wie die K\u00e4mpfe um den Abstieg und den Kampf um die Silbermedaillen, aber auch die Begegnungen im Mittelfeld, die sonst von anderen Buchmachern \u00fcbersehen werden k\u00f6nnten.<\/p>\n\n\n\n<p>Das bedeutet, dass es in der Regel Wett Tipps f\u00fcr jeden Geschmack gibt, wobei der kostenlose Wett Tipp-Service f\u00fcr unsere chinesische Super League Vorhersagen von unseren Tippern allumfassend ist.<\/p>\n\n\n\n<h2 class=\"wp-block-heading\" id=\"wie-oft-werden-unsere-wett-tipps-fur-die-chinesische-super-league-veroffentlicht\">Wie oft werden unsere Wett Tipps f\u00fcr die chinesische Super League ver\u00f6ffentlicht?<\/h2>\n\n\n\n<p><em>\u201cWir ver\u00f6ffentlichen unsere Tipps f\u00fcr die Chinese Super League in der Regel am Tag vor einem Spiel, damit du mehr als genug Zeit hast, um auf das jeweilige Spiel zu wetten.\u201d<\/em><\/p>\n\n\n\n<p>Manchmal geben wir auch Tipps am Tag des Spiels ab, aber das geschieht in der Regel aufgrund von \u00c4nderungen bei den Mannschaften in letzter Minute oder aufgrund von Situationen, die uns bekannt sind und die es erforderlich machen, dass wir warten, damit wir dir die besten und aktuellsten Expertentipps geben k\u00f6nnen, die es gibt.<\/p>\n\n\n\n<h2 class=\"wp-block-heading\" id=\"alles-was-du-uber-wetten-auf-die-chinesische-super-league-wissen-muss\">Alles, was du \u00fcber Wetten auf die chinesische Super League wissen muss<\/h2>\n\n\n\n<p>Wenn du auf Tipps f\u00fcr die chinesische Super League oder andere Vorhersagen setzt, kannst du deine Wettexpertise deutlich erweitern. Unsere Tipper geben in der Regel eine detaillierte Beschreibung, warum sie sich f\u00fcr diesen Tipp entschieden haben. Fr\u00fchere Erfahrungen mit der Liga und fundierte Kenntnisse der Statistiken helfen dabei, sicherzustellen, dass du nie wieder eine uninformierte Wette abgibst.<\/p>\n\n\n\n<p>Nat\u00fcrlich musst du nicht auf jeden Wett Tipp setzen, aber wenn du ein Neuling in der Liga oder in der Sportart bist, kann das problematisch werden, da du vielleicht eine Reihe von dummen Wetten abschlie\u00dft, w\u00e4hrend du versuchst es zu lernen.<\/p>\n\n\n\n<p>Mit den Wettipps von Betting.com erf\u00e4hrst du, warum wir diese speziellen Wetten ausgew\u00e4hlt haben und wie du beim Wetten dein Potenzial zum Geld gewinnen maximieren kannst.<\/p>\n\n\n\n<h2 class=\"wp-block-heading\" id=\"welcher-bonus-ist-der-beste-fur-meine-wetten-auf-die-chinesische-super-league\">Welcher Bonus ist der beste f\u00fcr meine Wetten auf die chinesische Super League?<\/h2>\n\n\n\n<p>Es gibt viele Arten von Boni, die man beim Wetten auf die Chinese Super League genie\u00dfen kann. Wir haben die meisten der verf\u00fcgbaren Boni getestet und die attraktivsten sind das Angebot von bet365 mit einem Einzahlungsbonus von bis zu 100 \u20ac sowie das Angebot von William Hill, bei dem man 10 \u20ac wettet und 30 \u20ac erh\u00e4lt.&nbsp;<\/p>\n\n\n\n<p>F\u00fcr das Angebot von bet365 m\u00fcssen Sie eine Mindesteinzahlung von 5 \u20ac und eine H\u00f6chsteinzahlung von \u20ac 100 leisten. Bet365 schreibt daraufhin Gratiswetten in H\u00f6he des eingezahlten Betrags gut, d. h. wenn Sie 15 \u20ac einzahlen, erhalten Sie 15 \u20ac zur\u00fcck und zwar bis zu einem Betrag von 100 \u20ac.<\/p>\n\n\n\n<p>William Hill bietet derzeit ein Angebot f\u00fcr Neukunden an, bei dem man mit einer Einzahlung von 10 \u20ac einen Bonus von 30 \u20ac erh\u00e4lt, der sowohl f\u00fcr neue als auch f\u00fcr erfahrene Wettende hervorragend geeignet ist. Um an diesem Angebot teilzunehmen, muss man sich nur anmelden und mindestens 10 \u20ac einzahlen, und schon werden einem 30 \u20ac in Form von Gratiswetten gutgeschrieben. Diese Art von Bonus ist sehr einfach zu verstehen und bietet schon f\u00fcr einen relativ normalen Einzahlungsbetrag eine anst\u00e4ndige Rendite.<\/p>\n\n\n\n<p>Nat\u00fcrlich gibt es auch noch andere Boni, bei denen wir immer empfehlen, denjenigen zu nutzen, der am besten zu deinem pers\u00f6nlichen Spielstil passt. Wenn du jedoch auf der Suche nach neuen Inspirationen bist, dann solltest du dich auf jeden Fall bei bet365 und William Hill umsehen.<\/p>\n\n\t\t<\/article>\n\t\t<div class=\"lg:w-[300px] lg:flex-shrink-0 relative\" x-data=\"{show_toc: false}\">\n\t\t\t<div class=\"lg:sticky lg:top-4 z-30\">\n\t\t\t\t<div class=\"fixed -top-64 left-0 w-full z-50 lg:static transition-all hidden lg:block\" id=\"fixed-toc\">\n\t\t\t\t\t<div>\n\t\t\t\t<div class=\"border-b border-solid border-gray-30 text-lg font-bold lg:pt-7 max-lg:px-4 py-3 flex items-center justify-between bg-white lg:bg-transparent\">\n\t\t\tWas gibt es auf dieser Seite\n\t\t\t<button @click=\"show_toc = true\" class=\"btn btn-red-outline-white block lg:hidden\">Jump to<\/button>\n\t\t<\/div>\n\t\t\t\t<div\n\t\t\tclass=\"max-lg:fixed max-lg:top-0 max-lg:left-0 max-lg:w-screen max-lg:h-screen max-lg:bg-gray-70 max-lg:bg-opacity-75 max-lg:hidden\"\n\t\t\t:class=\"{'max-lg:hidden': !show_toc}\"\n\t\t\t@click=\"show_toc = false\"\n\t\t>\n\t\t\t<div class=\"max-lg:absolute max-lg:bottom-0 max-lg:left-0 max-lg:w-screen bg-white lg:bg-transparent\">\n\t\t\t\t\t\t\t\t<div class=\"flex lg:hidden items-center justify-between mx-4 border-b border-solid border-gray-30 pt-6 pb-2 font-bold\">\n\n\t\t\t\t\tAuf dieser Seite\n\t\t\t\t\t<button @click=\"show_toc = false\">\n\t\t\t\t\t\t<svg class=\"w-5 h-5 text-gray-100\" xmlns=\"http:\/\/www.w3.org\/2000\/svg\" fill=\"none\" stroke=\"currentColor\" stroke-width=\"1.5\" class=\"w-6 h-6\" viewBox=\"0 0 24 24\"><path stroke-linecap=\"round\" stroke-linejoin=\"round\" d=\"M6 18 18 6M6 6l12 12\"\/><\/svg>\t\t\t\t\t<\/button>\n\t\t\t\t<\/div>\n\t\t\t\t<ul id=\"toc\" class=\"mt-5 max-h-[85vh] overflow-y-auto list-none bt-scrollbars\">\n\n\t\t\t\t\t\t\t\t\t\t\t<li>\n\t\t\t\t\t\t\t<a href=\"#super-league-wett-tipps-fur-die-heutigen-veranstaltungen\" data-bt-toc-item=\"super-league-wett-tipps-fur-die-heutigen-veranstaltungen\"\n\t\t\t\t\t\t\t\t @click=\"show_toc = false\"\n\t\t\t\t\t\t\t\t class=\"block px-4 py-2 text-black border-l-4 border-solid border-transparent hover:border-red-100 transition-all hover:!border-b-0 hover:font-bold\">\nSuper League-Wett Tipps f\u00fcr die heutigen Veranstaltungen\n<\/a>\n\t\t\t\t\t\t<\/li>\n\t\t\t\t\t\t\t\t\t\t\t<li>\n\t\t\t\t\t\t\t<a href=\"#fussball-wett-tipps-fur-die-chinesische-super-league-der-saison-2022-23\" data-bt-toc-item=\"fussball-wett-tipps-fur-die-chinesische-super-league-der-saison-2022-23\"\n\t\t\t\t\t\t\t\t @click=\"show_toc = false\"\n\t\t\t\t\t\t\t\t class=\"block px-4 py-2 text-black border-l-4 border-solid border-transparent hover:border-red-100 transition-all hover:!border-b-0 hover:font-bold\">\nFu\u00dfball-Wett Tipps f\u00fcr die chinesische Super League der Saison 2022\/23\n<\/a>\n\t\t\t\t\t\t<\/li>\n\t\t\t\t\t\t\t\t\t\t\t<li>\n\t\t\t\t\t\t\t<a href=\"#welche-buchmacher-gelten-als-die-besten-fur-die-chinesische-super-league\" data-bt-toc-item=\"welche-buchmacher-gelten-als-die-besten-fur-die-chinesische-super-league\"\n\t\t\t\t\t\t\t\t @click=\"show_toc = false\"\n\t\t\t\t\t\t\t\t class=\"block px-4 py-2 text-black border-l-4 border-solid border-transparent hover:border-red-100 transition-all hover:!border-b-0 hover:font-bold\">\nWelche Buchmacher gelten als die besten f\u00fcr die chinesische Super League?\n<\/a>\n\t\t\t\t\t\t<\/li>\n\t\t\t\t\t\t\t\t\t\t\t<li>\n\t\t\t\t\t\t\t<a href=\"#wie-werden-unsere-wett-tipps-erstellt\" data-bt-toc-item=\"wie-werden-unsere-wett-tipps-erstellt\"\n\t\t\t\t\t\t\t\t @click=\"show_toc = false\"\n\t\t\t\t\t\t\t\t class=\"block px-4 py-2 text-black border-l-4 border-solid border-transparent hover:border-red-100 transition-all hover:!border-b-0 hover:font-bold\">\nWie werden unsere Wett Tipps erstellt?\n<\/a>\n\t\t\t\t\t\t<\/li>\n\t\t\t\t\t\t\t\t\t\t\t<li>\n\t\t\t\t\t\t\t<a href=\"#fur-welche-spiele-der-chinesischen-super-league-werden-tipps-angeboten\" data-bt-toc-item=\"fur-welche-spiele-der-chinesischen-super-league-werden-tipps-angeboten\"\n\t\t\t\t\t\t\t\t @click=\"show_toc = false\"\n\t\t\t\t\t\t\t\t class=\"block px-4 py-2 text-black border-l-4 border-solid border-transparent hover:border-red-100 transition-all hover:!border-b-0 hover:font-bold\">\nF\u00fcr welche Spiele der chinesischen Super League werden Tipps angeboten?\n<\/a>\n\t\t\t\t\t\t<\/li>\n\t\t\t\t\t\t\t\t\t\t\t<li>\n\t\t\t\t\t\t\t<a href=\"#wie-oft-werden-unsere-wett-tipps-fur-die-chinesische-super-league-veroffentlicht\" data-bt-toc-item=\"wie-oft-werden-unsere-wett-tipps-fur-die-chinesische-super-league-veroffentlicht\"\n\t\t\t\t\t\t\t\t @click=\"show_toc = false\"\n\t\t\t\t\t\t\t\t class=\"block px-4 py-2 text-black border-l-4 border-solid border-transparent hover:border-red-100 transition-all hover:!border-b-0 hover:font-bold\">\nWie oft werden unsere Wett Tipps f\u00fcr die chinesische Super League ver\u00f6ffentlicht?\n<\/a>\n\t\t\t\t\t\t<\/li>\n\t\t\t\t\t\t\t\t\t\t\t<li>\n\t\t\t\t\t\t\t<a href=\"#alles-was-du-uber-wetten-auf-die-chinesische-super-league-wissen-muss\" data-bt-toc-item=\"alles-was-du-uber-wetten-auf-die-chinesische-super-league-wissen-muss\"\n\t\t\t\t\t\t\t\t @click=\"show_toc = false\"\n\t\t\t\t\t\t\t\t class=\"block px-4 py-2 text-black border-l-4 border-solid border-transparent hover:border-red-100 transition-all hover:!border-b-0 hover:font-bold\">\nAlles, was du \u00fcber Wetten auf die chinesische Super League wissen muss\n<\/a>\n\t\t\t\t\t\t<\/li>\n\t\t\t\t\t\t\t\t\t\t\t<li>\n\t\t\t\t\t\t\t<a href=\"#welcher-bonus-ist-der-beste-fur-meine-wetten-auf-die-chinesische-super-league\" data-bt-toc-item=\"welcher-bonus-ist-der-beste-fur-meine-wetten-auf-die-chinesische-super-league\"\n\t\t\t\t\t\t\t\t @click=\"show_toc = false\"\n\t\t\t\t\t\t\t\t class=\"block px-4 py-2 text-black border-l-4 border-solid border-transparent hover:border-red-100 transition-all hover:!border-b-0 hover:font-bold\">\nWelcher Bonus ist der beste f\u00fcr meine Wetten auf die chinesische Super League?\n<\/a>\n\t\t\t\t\t\t<\/li>\n\t\t\t\t\t\t\t\t\t<\/ul>\n\t\t\t\t\t\t\t\t\t\t\t<\/div>\n\t\t<\/div>\n\t<\/div>\n\t\t\t\t\t<\/div>\n\t\t\t<\/div>\n\t\t<\/div>\n\t<\/div>\n<\/div>\n\t<\/div>\n<\/div>\n\n","protected":false},"excerpt":{"rendered":"","protected":false},"author":6,"featured_media":487,"parent":935,"menu_order":1000,"comment_status":"closed","ping_status":"closed","template":"","meta":{"footnotes":""},"tags":[],"acf":[],"_links":{"self":[{"href":"https:\/\/betting.com\/de\/wp-json\/wp\/v2\/pages\/210"}],"collection":[{"href":"https:\/\/betting.com\/de\/wp-json\/wp\/v2\/pages"}],"about":[{"href":"https:\/\/betting.com\/de\/wp-json\/wp\/v2\/types\/page"}],"author":[{"embeddable":true,"href":"https:\/\/betting.com\/de\/wp-json\/wp\/v2\/users\/6"}],"replies":[{"embeddable":true,"href":"https:\/\/betting.com\/de\/wp-json\/wp\/v2\/comments?post=210"}],"version-history":[{"count":4,"href":"https:\/\/betting.com\/de\/wp-json\/wp\/v2\/pages\/210\/revisions"}],"predecessor-version":[{"id":6171,"href":"https:\/\/betting.com\/de\/wp-json\/wp\/v2\/pages\/210\/revisions\/6171"}],"up":[{"embeddable":true,"href":"https:\/\/betting.com\/de\/wp-json\/wp\/v2\/pages\/935"}],"wp:featuredmedia":[{"embeddable":true,"href":"https:\/\/betting.com\/de\/wp-json\/wp\/v2\/media\/487"}],"wp:attachment":[{"href":"https:\/\/betting.com\/de\/wp-json\/wp\/v2\/media?parent=210"}],"wp:term":[{"taxonomy":"post_tag","embeddable":true,"href":"https:\/\/betting.com\/de\/wp-json\/wp\/v2\/tags?post=210"}],"curies":[{"name":"wp","href":"https:\/\/api.w.org\/{rel}","templated":true}]}}