{"id":207,"date":"2022-06-15T14:28:05","date_gmt":"2022-06-15T14:28:05","guid":{"rendered":"https:\/\/betting.com\/de\/?page_id=207"},"modified":"2023-08-02T12:31:08","modified_gmt":"2023-08-02T12:31:08","slug":"parva-liga","status":"publish","type":"page","link":"https:\/\/betting.com\/de\/parva-liga","title":{"rendered":"Parva liga Wett Tipps &amp; Vorhersagen"},"content":{"rendered":"<div class=\" container-white py-8\">\n\t<div class=\"wp-block-container-toc  \">\n\t\t\t<div class=\"bg-white\">\n\t<div class=\"flex flex-col-reverse lg:flex-row lg:gap-8 py-10\">\n\t\t<article class=\"max-w-[960px] flex-grow\" data-bt-content>\n\t\t\t\n<h2 class=\"wp-block-heading\" id=\"bulgarian-a-league-wett-tipps-fur-die-heutigen-veranstaltungen\">Bulgarian A League-Wett Tipps f\u00fcr die heutigen Veranstaltungen<\/h2>\n\n\n\n<p>Die First Professional Football League, auch bekannt als Parva Liga oder Efbet League, ist die h\u00f6chste Spielklasse im bulgarischen Fu\u00dfball. Dieser Artikel bietet Einblicke und n\u00fctzliche Hinweise rund um die Erste Fu\u00dfball-Profiliga und die Leser k\u00f6nnen erwarten, dass sie n\u00fctzliche Informationen finden, um ihre Wetten zu optimieren.<\/p>\n\n\n\n<p>Die Saison 2020\/21 der First Professional Football League erwies sich als unterhaltsamer Wettstreit, trotz einiger Unterbrechungen aufgrund der COVID-19-Pandemie. Von August 2020 bis Mai 2021 wurden insgesamt 223 Spiele ausgetragen, in denen 536 Tore fielen. Ludogorets holte sich den Titel und wurde zum 10. Mal bulgarischer Meister.<\/p>\n\n\n\n<h2 class=\"wp-block-heading\" id=\"welche-sind-die-besten-buchmacher-fur-first-professional-football-league\">Welche sind die besten Buchmacher f\u00fcr First Professional Football League?<\/h2>\n\n\n\n<p>Die Auswahl an Buchmachern ist gro\u00df, wenn es um Fu\u00dfballwetten geht. Du wirst feststellen, dass die besten Buchmacher tolle Boni anbieten und besonders gut f\u00fcr gro\u00dfe Gewinnauszahlungen sind.<\/p>\n\n\n\n<h2 class=\"wp-block-heading\" id=\"wie-erstellen-wir-unsere-wett-tipps\">Wie erstellen wir unsere Wett Tipps?<\/h2>\n\n\n\n<p>Alle unsere Wett Tipps und Informationen sind gr\u00fcndlich recherchiert und doppelt gepr\u00fcft. Unsere Experten kennen sich mit den Fu\u00dfball-Wettm\u00e4rkten bestens aus, was unsere Erfolgsquote beweist.<\/p>\n\n\n\n<p>Unsere Wett Tipps zur ersten bulgarischen Liga werden von Experten zusammengestellt, die wissen, was sie tun. Alle unsere Vorhersagen und kostenlosen Wett Tipps sind recherchiert und durch Statistiken belegt.<\/p>\n\n\n\n<p><em>\u201cDer Erfolg unserer Tipps f\u00fchrt dazu, dass viele Kunden wiederkommen, um weitere Ratschl\u00e4ge einzuholen.\u201d<\/em><\/p>\n\n\n\n<p>F\u00fcr welche Spiele der bulgarischen First Professional Football League bieten wir Tipps an?<\/p>\n\n\n\n<p>Hier findest du Wett Tipps von unseren Experten-Tippgebern f\u00fcr alle Spiele der ersten bulgarischen Profi-Fu\u00dfballliga, insbesondere f\u00fcr gro\u00dfe Derbys mit Top-Teams wie Ludogorets, CSKA Sofia und Lokomotiv Plovdiv. Vorhersagen und kostenlose Wett Tipps gibt es f\u00fcr alle wichtigen Spiele in Bulgariens h\u00f6chster Spielklasse.<\/p>\n\n\n\n<h2 class=\"wp-block-heading\" id=\"wie-oft-veroffentlichen-wir-unsere-wett-tipps-fur-die-first-professional-football-league\">Wie oft ver\u00f6ffentlichen wir unsere Wett Tipps f\u00fcr die First Professional Football League?<\/h2>\n\n\n\n<p>Wettipps und Vorhersagen f\u00fcr die bulgarische First Professional Football League findest du jeden Tag, am h\u00e4ufigsten am Tag vor einem Spiel oder am Tag des Anpfiffs. Diese Wettipps sind, dank unserer erfahrenen Tipper, kostenlos.<\/p>\n\n\n\n<h2 class=\"wp-block-heading\" id=\"alles-was-man-uber-wetten-auf-die-bulgarische-first-professional-football-league-wissen-muss\">Alles, was man \u00fcber Wetten auf die bulgarische First Professional Football League wissen muss<\/h2>\n\n\n\n<p>Der Gesamtsieger der Liga ist mit Abstand der beliebteste Wettmarkt in der ersten bulgarischen First Professional Football League. Ludogorets ist zwar der gro\u00dfe Favorit, bietet aber dennoch ein gutes Wettpotenzial.<\/p>\n\n\n\n<p>Unsere Experten-Wett Tipps geben dir einen detaillierten \u00dcberblick \u00fcber die erste bulgarische Liga, mit recherchierten Informationen \u00fcber Mannschaften, Spieler und Neuzug\u00e4nge. Diese Informationen helfen bei der Auswahl der Wetten und geben dir die besten Gewinnchancen.<\/p>\n\n\n\n<p>Auf unserer Plattform kannst du Tippern folgen, die dich bei deinen Wetten unterst\u00fctzen. Auf diese Weise kannst du immer mit Zuversicht wetten. Du findest auf betting.com auch Quotenvergleiche und die besten Tipps f\u00fcr die bulgarischen Erstligisten.<\/p>\n\n\n\n<h2 class=\"wp-block-heading\" id=\"welcher-bonus-ist-der-beste-fur-meine-liga-wetten\">Welcher Bonus ist der beste f\u00fcr meine Liga-Wetten?<\/h2>\n\n\n\n<p>Es gibt viele verschiedene Arten von Boni, die das Wetten noch angenehmer machen k\u00f6nnen. Wir haben viele Boni getestet und empfehlen, auf erh\u00f6hte Quoten und Anmeldeangebote zu achten, um das Beste aus deinen Wetten herauszuholen.<\/p>\n\n\n\n<p>Die meisten bulgarischen Erstliga-Boni sind mit leicht zu erf\u00fcllenden Bedingungen verbunden.<\/p>\n\n\n\n<h2 class=\"wp-block-heading\" id=\"parva-liga-2022-23-ubersicht-und-expertenmeinung\">Parva liga 2022\/23 \u00dcbersicht und Expertenmeinung<\/h2>\n\n\n\n<p>Die Saison hat aufregend begonnen und die \u00fcblichen Verd\u00e4chtigen haben einen starken Start hingelegt. Die Spitzenmannschaften sind kaum voneinander zu trennen und es gibt sicherlich viele Wettm\u00f6glichkeiten, um einen ordentlichen Gewinn zu erzielen.&nbsp;<\/p>\n\n\n\n<p>Wir k\u00f6nnen vielleicht keine Gewinne garantieren, aber wir k\u00f6nnen gut informierte Wett Tipps und Recherchen garantieren. Trotz einer fr\u00fchen Niederlage wird Ludogorets am Ende der Saison wahrscheinlich ganz oben stehen.<\/p>\n\n\n\n<p><em>\u201cNutze den besten kostenlosen Tipp-Service im Internet, wenn du mit unseren Experten bei betting.com auf die erste bulgarische Liga wettest.\u201d<\/em><\/p>\n\n\t\t<\/article>\n\t\t<div class=\"lg:w-[300px] lg:flex-shrink-0 relative\" x-data=\"{show_toc: false}\">\n\t\t\t<div class=\"lg:sticky lg:top-4 z-30\">\n\t\t\t\t<div class=\"fixed -top-64 left-0 w-full z-50 lg:static transition-all hidden lg:block\" id=\"fixed-toc\">\n\t\t\t\t\t<div>\n\t\t\t\t<div class=\"border-b border-solid border-gray-30 text-lg font-bold lg:pt-7 max-lg:px-4 py-3 flex items-center justify-between bg-white lg:bg-transparent\">\n\t\t\tWas gibt es auf dieser Seite\n\t\t\t<button @click=\"show_toc = true\" class=\"btn btn-red-outline-white block lg:hidden\">Jump to<\/button>\n\t\t<\/div>\n\t\t\t\t<div\n\t\t\tclass=\"max-lg:fixed max-lg:top-0 max-lg:left-0 max-lg:w-screen max-lg:h-screen max-lg:bg-gray-70 max-lg:bg-opacity-75 max-lg:hidden\"\n\t\t\t:class=\"{'max-lg:hidden': !show_toc}\"\n\t\t\t@click=\"show_toc = false\"\n\t\t>\n\t\t\t<div class=\"max-lg:absolute max-lg:bottom-0 max-lg:left-0 max-lg:w-screen bg-white lg:bg-transparent\">\n\t\t\t\t\t\t\t\t<div class=\"flex lg:hidden items-center justify-between mx-4 border-b border-solid border-gray-30 pt-6 pb-2 font-bold\">\n\n\t\t\t\t\tAuf dieser Seite\n\t\t\t\t\t<button @click=\"show_toc = false\">\n\t\t\t\t\t\t<svg class=\"w-5 h-5 text-gray-100\" xmlns=\"http:\/\/www.w3.org\/2000\/svg\" fill=\"none\" stroke=\"currentColor\" stroke-width=\"1.5\" class=\"w-6 h-6\" viewBox=\"0 0 24 24\"><path stroke-linecap=\"round\" stroke-linejoin=\"round\" d=\"M6 18 18 6M6 6l12 12\"\/><\/svg>\t\t\t\t\t<\/button>\n\t\t\t\t<\/div>\n\t\t\t\t<ul id=\"toc\" class=\"mt-5 max-h-[85vh] overflow-y-auto list-none bt-scrollbars\">\n\n\t\t\t\t\t\t\t\t\t\t\t<li>\n\t\t\t\t\t\t\t<a href=\"#bulgarian-a-league-wett-tipps-fur-die-heutigen-veranstaltungen\" data-bt-toc-item=\"bulgarian-a-league-wett-tipps-fur-die-heutigen-veranstaltungen\"\n\t\t\t\t\t\t\t\t @click=\"show_toc = false\"\n\t\t\t\t\t\t\t\t class=\"block px-4 py-2 text-black border-l-4 border-solid border-transparent hover:border-red-100 transition-all hover:!border-b-0 hover:font-bold\">\nBulgarian A League-Wett Tipps f\u00fcr die heutigen Veranstaltungen\n<\/a>\n\t\t\t\t\t\t<\/li>\n\t\t\t\t\t\t\t\t\t\t\t<li>\n\t\t\t\t\t\t\t<a href=\"#welche-sind-die-besten-buchmacher-fur-first-professional-football-league\" data-bt-toc-item=\"welche-sind-die-besten-buchmacher-fur-first-professional-football-league\"\n\t\t\t\t\t\t\t\t @click=\"show_toc = false\"\n\t\t\t\t\t\t\t\t class=\"block px-4 py-2 text-black border-l-4 border-solid border-transparent hover:border-red-100 transition-all hover:!border-b-0 hover:font-bold\">\nWelche sind die besten Buchmacher f\u00fcr First Professional Football League?\n<\/a>\n\t\t\t\t\t\t<\/li>\n\t\t\t\t\t\t\t\t\t\t\t<li>\n\t\t\t\t\t\t\t<a href=\"#wie-erstellen-wir-unsere-wett-tipps\" data-bt-toc-item=\"wie-erstellen-wir-unsere-wett-tipps\"\n\t\t\t\t\t\t\t\t @click=\"show_toc = false\"\n\t\t\t\t\t\t\t\t class=\"block px-4 py-2 text-black border-l-4 border-solid border-transparent hover:border-red-100 transition-all hover:!border-b-0 hover:font-bold\">\nWie erstellen wir unsere Wett Tipps?\n<\/a>\n\t\t\t\t\t\t<\/li>\n\t\t\t\t\t\t\t\t\t\t\t<li>\n\t\t\t\t\t\t\t<a href=\"#wie-oft-veroffentlichen-wir-unsere-wett-tipps-fur-die-first-professional-football-league\" data-bt-toc-item=\"wie-oft-veroffentlichen-wir-unsere-wett-tipps-fur-die-first-professional-football-league\"\n\t\t\t\t\t\t\t\t @click=\"show_toc = false\"\n\t\t\t\t\t\t\t\t class=\"block px-4 py-2 text-black border-l-4 border-solid border-transparent hover:border-red-100 transition-all hover:!border-b-0 hover:font-bold\">\nWie oft ver\u00f6ffentlichen wir unsere Wett Tipps f\u00fcr die First Professional Football League?\n<\/a>\n\t\t\t\t\t\t<\/li>\n\t\t\t\t\t\t\t\t\t\t\t<li>\n\t\t\t\t\t\t\t<a href=\"#alles-was-man-uber-wetten-auf-die-bulgarische-first-professional-football-league-wissen-muss\" data-bt-toc-item=\"alles-was-man-uber-wetten-auf-die-bulgarische-first-professional-football-league-wissen-muss\"\n\t\t\t\t\t\t\t\t @click=\"show_toc = false\"\n\t\t\t\t\t\t\t\t class=\"block px-4 py-2 text-black border-l-4 border-solid border-transparent hover:border-red-100 transition-all hover:!border-b-0 hover:font-bold\">\nAlles, was man \u00fcber Wetten auf die bulgarische First Professional Football League wissen muss\n<\/a>\n\t\t\t\t\t\t<\/li>\n\t\t\t\t\t\t\t\t\t\t\t<li>\n\t\t\t\t\t\t\t<a href=\"#welcher-bonus-ist-der-beste-fur-meine-liga-wetten\" data-bt-toc-item=\"welcher-bonus-ist-der-beste-fur-meine-liga-wetten\"\n\t\t\t\t\t\t\t\t @click=\"show_toc = false\"\n\t\t\t\t\t\t\t\t class=\"block px-4 py-2 text-black border-l-4 border-solid border-transparent hover:border-red-100 transition-all hover:!border-b-0 hover:font-bold\">\nWelcher Bonus ist der beste f\u00fcr meine Liga-Wetten?\n<\/a>\n\t\t\t\t\t\t<\/li>\n\t\t\t\t\t\t\t\t\t\t\t<li>\n\t\t\t\t\t\t\t<a href=\"#parva-liga-2022-23-ubersicht-und-expertenmeinung\" data-bt-toc-item=\"parva-liga-2022-23-ubersicht-und-expertenmeinung\"\n\t\t\t\t\t\t\t\t @click=\"show_toc = false\"\n\t\t\t\t\t\t\t\t class=\"block px-4 py-2 text-black border-l-4 border-solid border-transparent hover:border-red-100 transition-all hover:!border-b-0 hover:font-bold\">\nParva liga 2022\/23 \u00dcbersicht und Expertenmeinung\n<\/a>\n\t\t\t\t\t\t<\/li>\n\t\t\t\t\t\t\t\t\t<\/ul>\n\t\t\t\t\t\t\t\t\t\t\t<\/div>\n\t\t<\/div>\n\t<\/div>\n\t\t\t\t\t<\/div>\n\t\t\t<\/div>\n\t\t<\/div>\n\t<\/div>\n<\/div>\n\t<\/div>\n<\/div>\n\n","protected":false},"excerpt":{"rendered":"","protected":false},"author":6,"featured_media":433,"parent":0,"menu_order":1000,"comment_status":"closed","ping_status":"closed","template":"","meta":{"footnotes":""},"tags":[],"acf":[],"_links":{"self":[{"href":"https:\/\/betting.com\/de\/wp-json\/wp\/v2\/pages\/207"}],"collection":[{"href":"https:\/\/betting.com\/de\/wp-json\/wp\/v2\/pages"}],"about":[{"href":"https:\/\/betting.com\/de\/wp-json\/wp\/v2\/types\/page"}],"author":[{"embeddable":true,"href":"https:\/\/betting.com\/de\/wp-json\/wp\/v2\/users\/6"}],"replies":[{"embeddable":true,"href":"https:\/\/betting.com\/de\/wp-json\/wp\/v2\/comments?post=207"}],"version-history":[{"count":5,"href":"https:\/\/betting.com\/de\/wp-json\/wp\/v2\/pages\/207\/revisions"}],"predecessor-version":[{"id":6170,"href":"https:\/\/betting.com\/de\/wp-json\/wp\/v2\/pages\/207\/revisions\/6170"}],"wp:featuredmedia":[{"embeddable":true,"href":"https:\/\/betting.com\/de\/wp-json\/wp\/v2\/media\/433"}],"wp:attachment":[{"href":"https:\/\/betting.com\/de\/wp-json\/wp\/v2\/media?parent=207"}],"wp:term":[{"taxonomy":"post_tag","embeddable":true,"href":"https:\/\/betting.com\/de\/wp-json\/wp\/v2\/tags?post=207"}],"curies":[{"name":"wp","href":"https:\/\/api.w.org\/{rel}","templated":true}]}}