{"id":205,"date":"2022-06-15T14:22:17","date_gmt":"2022-06-15T14:22:17","guid":{"rendered":"https:\/\/betting.com\/de\/?page_id=205"},"modified":"2023-08-02T12:31:08","modified_gmt":"2023-08-02T12:31:08","slug":"tipps","status":"publish","type":"page","link":"https:\/\/betting.com\/de\/brasilien-serie-a\/tipps","title":{"rendered":"Brasilien Serie A Wett Tipps"},"content":{"rendered":"<div class=\" container-white py-8\">\n\t<div class=\"wp-block-container-toc  \">\n\t\t\t<div class=\"bg-white\">\n\t<div class=\"flex flex-col-reverse lg:flex-row lg:gap-8 py-10\">\n\t\t<article class=\"max-w-[960px] flex-grow\" data-bt-content>\n\t\t\t\n<h2 class=\"wp-block-heading\" id=\"brazil-serie-a-wett-tipps-fur-die-heutigen-veranstaltungen\">Brazil Serie A-Wett Tipps f\u00fcr die heutigen Veranstaltungen<\/h2>\n\n\n\n<p>Wenn es darum geht, beim Wetten voranzukommen, kommt es immer darauf an, die richtigen Informationen zu haben und dem Spiel immer einen Schritt voraus zu sein. Dies kann durch statistisches Wissen, Spielanalysen oder detaillierte Recherchen erreicht werden und mit unseren Wett Tipps kannst du all diese Faktoren zusammenfassen.<\/p>\n\n\n\n<p>Bei Betting.com findest du zahlreiche Tipps f\u00fcr die brasilianische Serie A, die sowohl von unseren Experten als auch von unseren 100% verifizierten Tippern abgegeben werden. Da die brasilianische Serie A ein sehr beliebter Wettmarkt ist, kannst du t\u00e4glich an unseren Wett Tipps teilnehmen, damit du die Buchmacher schlagen kannst.<\/p>\n\n\n\n<p>Wett Tipps f\u00fcr die brasilianische Serie A k\u00f6nnen eine gute M\u00f6glichkeit sein, den Einstieg in das Wetten auf die Liga zu finden, oder um deine Informationen und dein Wissen als Experte zu vertiefen. Unsere Tipper verf\u00fcgen \u00fcber fundierte Kenntnisse \u00fcber die Mannschaften und Spieler der Liga und nat\u00fcrlich \u00fcber alle relevanten Statistiken, die du ben\u00f6tigen wirst.<\/p>\n\n\n\n<p>Aus diesem Grund schauen wir uns jetzt genauer an, wie unsere Tipps zur brasilianischen Serie A dir dabei helfen k\u00f6nnen, bessere Wetten zu platzieren.<\/p>\n\n\n\n<h2 class=\"wp-block-heading\" id=\"fussball-wett-tipps-fur-brasiliens-serie-a-2022-23\">Fu\u00dfball-Wett Tipps f\u00fcr Brasiliens Serie A 2022\/23<\/h2>\n\n\n\n<p>F\u00fcr viele Menschen gilt Brasilien als die Heimat des Fu\u00dfballs, denn das Land ist die erfolgreichste Nation, was den Gewinn von FIFA-Weltmeisterschaften angeht, weshalb eine solche Annahme auch durchaus gerechtfertigt erscheinen mag.<\/p>\n\n\n\n<p>Da die s\u00fcdamerikanische Nation bereits f\u00fcnf Mal den Gipfel des Weltfu\u00dfballs erreicht hat, kann man mit gutem Recht behaupten, dass der brasilianische Fu\u00dfball eine konstante Talentschmiede ist, wenn es darum geht, Weltklassetalente hervorzubringen.<\/p>\n\n\n\n<p>Diese Talentschmiede ist jedoch auch daf\u00fcr verantwortlich, dass die Talente schnell nach Europa abwandern, zumal die Geh\u00e4lter weitaus h\u00f6her sind.<\/p>\n\n\n\n<p>Dies bedeutet wiederum, dass die brasilianische Liga nicht das Niveau hat, das sie haben sollte, obwohl es in der Serie A einige bekannte Namen gibt. Doch jedes echte Talent ist bereits an einen wohlhabenden europ\u00e4ischen Spieler verkauft worden.<\/p>\n\n\n\n<p>Um allen Anh\u00e4ngern des Wettbewerbs gerecht zu werden, haben unsere Wettexperten viel Zeit investiert, um sicherzustellen, dass sie immer auf dem neuesten Stand sind und nur hochwertige Wett Tipps anbieten.<\/p>\n\n\n\n<h2 class=\"wp-block-heading\" id=\"wer-sind-die-besten-buchmacher-fur-die-brasilianische-serie-a\">Wer sind die besten Buchmacher f\u00fcr die brasilianische Serie A?<\/h2>\n\n\n\n<p>Die brasilianische Serie A ist eine der popul\u00e4rsten Fu\u00dfballligen in S\u00fcdamerika, weshalb jeder einzelne Buchmacher da drau\u00dfen Quoten f\u00fcr diese Liga anbietet.&nbsp;<\/p>\n\n\n\n<p>Wenn du dich f\u00fcr einen Buchmacher entscheidest, um auf die brasilianische Serie A zu wetten, empfehlen wir dir stattdessen, einen Bonus zu w\u00e4hlen, der zu dir passt, oder eine spezielle Aktion zu finden, von der du profitieren kannst.<\/p>\n\n\n\n<p>Wir k\u00f6nnen f\u00fcr alle von uns empfohlenen Buchmacher b\u00fcrgen, von denen du im Folgenden einige sehen kannst. Wenn du es hingegen bequemer magst, kannst du dich in unserer Rubrik &#8222;Buchmacher&#8220; \u00fcber die aktuellen Willkommensboni und Aktionen informieren und unsere ausf\u00fchrlichen Bewertungen der Anbieter lesen.<\/p>\n\n\n\n<h2 class=\"wp-block-heading\" id=\"wie-werden-unsere-wett-tipps-erstellt\">Wie werden unsere Wett Tipps erstellt?<\/h2>\n\n\n\n<p>Es ist fair zu sagen, dass sich Wetten auf die brasilianische Serie A von anderen Top-Ligen in S\u00fcdamerika unterscheiden. Das liegt daran, dass so viele Mannschaften entweder in das Rennen um die kontinentale Qualifikation oder den Kampf gegen den Abstieg verwickelt sind &#8211; was bedeutet, dass dies ein unglaublich wettbewerbsintensiver Wettbewerb vom ersten bis zum letzten Tag der Saison ist.<\/p>\n\n\n\n<p>Daher ist es von entscheidender Bedeutung, den \u00dcberblick \u00fcber alle Vereine der Liga zu behalten, da sich die Teams w\u00f6chentlich gegenseitig Punkte abnehmen k\u00f6nnen. Es lohnt sich also, vor jeder Spielrunde umfangreiche Recherchen anzustellen.<\/p>\n\n\n\n<p><em>\u201cExpertenwissen und Wett Tipps, die auf gut recherchierten statistischen Daten basieren, sind der Schl\u00fcssel zum Erfolg bei Wetten auf die brasilianische Serie A. Je mehr Informationen man in die H\u00e4nde bekommt, desto gr\u00f6\u00dfer ist die Chance, dass man kompetente Wetten abschlie\u00dft.\u201d<\/em><\/p>\n\n\n\n<p>Ganz gleich, ob die Liga f\u00fcr dich neu ist oder du bereits unseren verifizierten Tippern und internen Experten folgst, sie werden dir wertvolle Hinweise geben k\u00f6nnen. Entweder du folgst ihren Vorhersagen, indem du dich auf ihr Wissen verl\u00e4sst, oder du unterst\u00fctzt die detaillierten Recherchen, die du bereits angestellt hast.<\/p>\n\n\n\n<h2 class=\"wp-block-heading\" id=\"fur-welche-spiele-der-brasilianischen-serie-a-werden-tipps-angeboten\">F\u00fcr welche Spiele der brasilianischen Serie A werden Tipps angeboten?<\/h2>\n\n\n\n<p>Unsere Tipper und Experten arbeiten mit umfassenden statistischen Kenntnissen der brasilianischen Serie A und verf\u00fcgen \u00fcber einen gro\u00dfen Erfahrungsschatz, wenn es um Wetten auf diese Liga geht. Das bedeutet, dass sie keine Wetten auf bestimmte Teams oder Spiele bevorzugen und nicht von pers\u00f6nlichen oder fr\u00fcheren Vorurteilen beeinflusst werden.<\/p>\n\n\n\n<p>Stattdessen st\u00fctzen sie sich bei ihren Wett Tipps auf gut recherchierte Statistiken und Daten, was dazu f\u00fchrt, dass alle M\u00e4rkte relevant und f\u00fcr diejenigen von Interesse sind, die vor den Wettaktivit\u00e4ten des n\u00e4chsten Wochenendes weitere Erkenntnisse gewinnen m\u00f6chten.<\/p>\n\n\n\n<p>Aufgrund der gro\u00dfen Beliebtheit der brasilianischen Serie A bei Wettenden auf der ganzen Welt kannst du erwarten, dass du Wett Tipps f\u00fcr eine Vielzahl von Spielen der brasilianischen Serie A findest, und jede Runde der brasilianischen Serie A wird in der Regel von mehreren Wettipps pro Spieltag abgedeckt.<\/p>\n\n\n\n<h2 class=\"wp-block-heading\" id=\"wie-oft-werden-tipps-aus-der-brasilianischen-serie-a-angeboten\">Wie oft werden Tipps aus der brasilianischen Serie A angeboten?<\/h2>\n\n\n\n<p>Wie bereits erw\u00e4hnt, sind die Wett Tipps f\u00fcr die brasilianische Serie A sehr gut abgedeckt, sodass es f\u00fcr alle Spieltage zahlreiche Vorhersagen geben wird. Unsere Tipper lieben Wetten auf den brasilianischen Fu\u00dfball im Allgemeinen und oft gibt es f\u00fcr das Spiel, f\u00fcr das du dich interessierst, einen Wett Tipp.<\/p>\n\n\n\n<p>Au\u00dferdem schrecken unsere Experten bei Betting.com nicht davor zur\u00fcck, die brasilianische Serie A zu tippen, die sicherlich zu den am st\u00e4rksten frequentierten Ligen auf unserer Website geh\u00f6rt. Das bedeutet, dass du w\u00f6chentlich gut recherchierte Spielvorschauen und Wett Tipp-Artikel aus der brasilianischen Serie A erwarten kannst.<\/p>\n\n\n\n<p>Alles, was du \u00fcber Wetten auf die brasilianische Serie A wissen musst<\/p>\n\n\n\n<p>Wetten auf die brasilianische Serie A sind denkbar einfach, denn fast alle Buchmacher bieten Quoten f\u00fcr die Liga an, wobei oft auch eine gro\u00dfe Auswahl an M\u00e4rkten zur Verf\u00fcgung steht. Im Vergleich zu kleineren Ligen solltest du bei Wetten auf die brasilianische Serie A nur darauf achten, die besten Quoten zu finden, und dabei hilft dir unser Quotenvergleich.<\/p>\n\n\n\n<p>Abgesehen davon lohnt es sich immer, nach einem tollen Willkommensbonus oder besonderen Aktionen Ausschau zu halten. Auf jeden Fall kannst du beruhigt sein, denn Quoten f\u00fcr die brasilianische Serie A zu finden, ist beim besten Willen keine Herausforderung.<\/p>\n\n\n\n<h2 class=\"wp-block-heading\" id=\"welcher-bonus-ist-der-beste-fur-meine-wetten-auf-die-brasilianische-serie-a\">Welcher Bonus ist der beste f\u00fcr meine Wetten auf die brasilianische Serie A?<\/h2>\n\n\n\n<p>Es gibt viele verschiedene Arten von Boni f\u00fcr Wetten auf die brasilianische Serie A. Wir haben die meisten verf\u00fcgbaren Boni getestet und die beliebtesten sind jene, die erh\u00f6hte Quoten, Gratiswetten und Geld-zur\u00fcck-Aktionen anbieten.<\/p>\n\n\n\n<p>Die meisten Boni der brasilianischen Serie A sind mit leicht zu erf\u00fcllenden Bedingungen verbunden (z.B. maximaler Einsatz oder Mindestquoten), was bedeutet, dass du deine Wetten jedes Wochenende und w\u00e4hrend der gesamten Saison voll genie\u00dfen kannst.<\/p>\n\n\t\t<\/article>\n\t\t<div class=\"lg:w-[300px] lg:flex-shrink-0 relative\" x-data=\"{show_toc: false}\">\n\t\t\t<div class=\"lg:sticky lg:top-4 z-30\">\n\t\t\t\t<div class=\"fixed -top-64 left-0 w-full z-50 lg:static transition-all hidden lg:block\" id=\"fixed-toc\">\n\t\t\t\t\t<div>\n\t\t\t\t<div class=\"border-b border-solid border-gray-30 text-lg font-bold lg:pt-7 max-lg:px-4 py-3 flex items-center justify-between bg-white lg:bg-transparent\">\n\t\t\tWas gibt es auf dieser Seite\n\t\t\t<button @click=\"show_toc = true\" class=\"btn btn-red-outline-white block lg:hidden\">Jump to<\/button>\n\t\t<\/div>\n\t\t\t\t<div\n\t\t\tclass=\"max-lg:fixed max-lg:top-0 max-lg:left-0 max-lg:w-screen max-lg:h-screen max-lg:bg-gray-70 max-lg:bg-opacity-75 max-lg:hidden\"\n\t\t\t:class=\"{'max-lg:hidden': !show_toc}\"\n\t\t\t@click=\"show_toc = false\"\n\t\t>\n\t\t\t<div class=\"max-lg:absolute max-lg:bottom-0 max-lg:left-0 max-lg:w-screen bg-white lg:bg-transparent\">\n\t\t\t\t\t\t\t\t<div class=\"flex lg:hidden items-center justify-between mx-4 border-b border-solid border-gray-30 pt-6 pb-2 font-bold\">\n\n\t\t\t\t\tAuf dieser Seite\n\t\t\t\t\t<button @click=\"show_toc = false\">\n\t\t\t\t\t\t<svg class=\"w-5 h-5 text-gray-100\" xmlns=\"http:\/\/www.w3.org\/2000\/svg\" fill=\"none\" stroke=\"currentColor\" stroke-width=\"1.5\" class=\"w-6 h-6\" viewBox=\"0 0 24 24\"><path stroke-linecap=\"round\" stroke-linejoin=\"round\" d=\"M6 18 18 6M6 6l12 12\"\/><\/svg>\t\t\t\t\t<\/button>\n\t\t\t\t<\/div>\n\t\t\t\t<ul id=\"toc\" class=\"mt-5 max-h-[85vh] overflow-y-auto list-none bt-scrollbars\">\n\n\t\t\t\t\t\t\t\t\t\t\t<li>\n\t\t\t\t\t\t\t<a href=\"#brazil-serie-a-wett-tipps-fur-die-heutigen-veranstaltungen\" data-bt-toc-item=\"brazil-serie-a-wett-tipps-fur-die-heutigen-veranstaltungen\"\n\t\t\t\t\t\t\t\t @click=\"show_toc = false\"\n\t\t\t\t\t\t\t\t class=\"block px-4 py-2 text-black border-l-4 border-solid border-transparent hover:border-red-100 transition-all hover:!border-b-0 hover:font-bold\">\nBrazil Serie A-Wett Tipps f\u00fcr die heutigen Veranstaltungen\n<\/a>\n\t\t\t\t\t\t<\/li>\n\t\t\t\t\t\t\t\t\t\t\t<li>\n\t\t\t\t\t\t\t<a href=\"#fussball-wett-tipps-fur-brasiliens-serie-a-2022-23\" data-bt-toc-item=\"fussball-wett-tipps-fur-brasiliens-serie-a-2022-23\"\n\t\t\t\t\t\t\t\t @click=\"show_toc = false\"\n\t\t\t\t\t\t\t\t class=\"block px-4 py-2 text-black border-l-4 border-solid border-transparent hover:border-red-100 transition-all hover:!border-b-0 hover:font-bold\">\nFu\u00dfball-Wett Tipps f\u00fcr Brasiliens Serie A 2022\/23\n<\/a>\n\t\t\t\t\t\t<\/li>\n\t\t\t\t\t\t\t\t\t\t\t<li>\n\t\t\t\t\t\t\t<a href=\"#wer-sind-die-besten-buchmacher-fur-die-brasilianische-serie-a\" data-bt-toc-item=\"wer-sind-die-besten-buchmacher-fur-die-brasilianische-serie-a\"\n\t\t\t\t\t\t\t\t @click=\"show_toc = false\"\n\t\t\t\t\t\t\t\t class=\"block px-4 py-2 text-black border-l-4 border-solid border-transparent hover:border-red-100 transition-all hover:!border-b-0 hover:font-bold\">\nWer sind die besten Buchmacher f\u00fcr die brasilianische Serie A?\n<\/a>\n\t\t\t\t\t\t<\/li>\n\t\t\t\t\t\t\t\t\t\t\t<li>\n\t\t\t\t\t\t\t<a href=\"#wie-werden-unsere-wett-tipps-erstellt\" data-bt-toc-item=\"wie-werden-unsere-wett-tipps-erstellt\"\n\t\t\t\t\t\t\t\t @click=\"show_toc = false\"\n\t\t\t\t\t\t\t\t class=\"block px-4 py-2 text-black border-l-4 border-solid border-transparent hover:border-red-100 transition-all hover:!border-b-0 hover:font-bold\">\nWie werden unsere Wett Tipps erstellt?\n<\/a>\n\t\t\t\t\t\t<\/li>\n\t\t\t\t\t\t\t\t\t\t\t<li>\n\t\t\t\t\t\t\t<a href=\"#fur-welche-spiele-der-brasilianischen-serie-a-werden-tipps-angeboten\" data-bt-toc-item=\"fur-welche-spiele-der-brasilianischen-serie-a-werden-tipps-angeboten\"\n\t\t\t\t\t\t\t\t @click=\"show_toc = false\"\n\t\t\t\t\t\t\t\t class=\"block px-4 py-2 text-black border-l-4 border-solid border-transparent hover:border-red-100 transition-all hover:!border-b-0 hover:font-bold\">\nF\u00fcr welche Spiele der brasilianischen Serie A werden Tipps angeboten?\n<\/a>\n\t\t\t\t\t\t<\/li>\n\t\t\t\t\t\t\t\t\t\t\t<li>\n\t\t\t\t\t\t\t<a href=\"#wie-oft-werden-tipps-aus-der-brasilianischen-serie-a-angeboten\" data-bt-toc-item=\"wie-oft-werden-tipps-aus-der-brasilianischen-serie-a-angeboten\"\n\t\t\t\t\t\t\t\t @click=\"show_toc = false\"\n\t\t\t\t\t\t\t\t class=\"block px-4 py-2 text-black border-l-4 border-solid border-transparent hover:border-red-100 transition-all hover:!border-b-0 hover:font-bold\">\nWie oft werden Tipps aus der brasilianischen Serie A angeboten?\n<\/a>\n\t\t\t\t\t\t<\/li>\n\t\t\t\t\t\t\t\t\t\t\t<li>\n\t\t\t\t\t\t\t<a href=\"#welcher-bonus-ist-der-beste-fur-meine-wetten-auf-die-brasilianische-serie-a\" data-bt-toc-item=\"welcher-bonus-ist-der-beste-fur-meine-wetten-auf-die-brasilianische-serie-a\"\n\t\t\t\t\t\t\t\t @click=\"show_toc = false\"\n\t\t\t\t\t\t\t\t class=\"block px-4 py-2 text-black border-l-4 border-solid border-transparent hover:border-red-100 transition-all hover:!border-b-0 hover:font-bold\">\nWelcher Bonus ist der beste f\u00fcr meine Wetten auf die brasilianische Serie A?\n<\/a>\n\t\t\t\t\t\t<\/li>\n\t\t\t\t\t\t\t\t\t<\/ul>\n\t\t\t\t\t\t\t\t\t\t\t<\/div>\n\t\t<\/div>\n\t<\/div>\n\t\t\t\t\t<\/div>\n\t\t\t<\/div>\n\t\t<\/div>\n\t<\/div>\n<\/div>\n\t<\/div>\n<\/div>\n\n","protected":false},"excerpt":{"rendered":"","protected":false},"author":6,"featured_media":486,"parent":940,"menu_order":1000,"comment_status":"closed","ping_status":"closed","template":"","meta":{"footnotes":""},"tags":[],"acf":[],"_links":{"self":[{"href":"https:\/\/betting.com\/de\/wp-json\/wp\/v2\/pages\/205"}],"collection":[{"href":"https:\/\/betting.com\/de\/wp-json\/wp\/v2\/pages"}],"about":[{"href":"https:\/\/betting.com\/de\/wp-json\/wp\/v2\/types\/page"}],"author":[{"embeddable":true,"href":"https:\/\/betting.com\/de\/wp-json\/wp\/v2\/users\/6"}],"replies":[{"embeddable":true,"href":"https:\/\/betting.com\/de\/wp-json\/wp\/v2\/comments?post=205"}],"version-history":[{"count":4,"href":"https:\/\/betting.com\/de\/wp-json\/wp\/v2\/pages\/205\/revisions"}],"predecessor-version":[{"id":6169,"href":"https:\/\/betting.com\/de\/wp-json\/wp\/v2\/pages\/205\/revisions\/6169"}],"up":[{"embeddable":true,"href":"https:\/\/betting.com\/de\/wp-json\/wp\/v2\/pages\/940"}],"wp:featuredmedia":[{"embeddable":true,"href":"https:\/\/betting.com\/de\/wp-json\/wp\/v2\/media\/486"}],"wp:attachment":[{"href":"https:\/\/betting.com\/de\/wp-json\/wp\/v2\/media?parent=205"}],"wp:term":[{"taxonomy":"post_tag","embeddable":true,"href":"https:\/\/betting.com\/de\/wp-json\/wp\/v2\/tags?post=205"}],"curies":[{"name":"wp","href":"https:\/\/api.w.org\/{rel}","templated":true}]}}