{"id":2,"date":"2022-05-31T09:37:15","date_gmt":"2022-05-31T09:37:15","guid":{"rendered":"https:\/\/betting.com\/de\/?page_id=2"},"modified":"2023-08-28T16:35:38","modified_gmt":"2023-08-28T16:35:38","slug":"betting","status":"publish","type":"page","link":"https:\/\/betting.com\/de\/","title":{"rendered":"Betting"},"content":{"rendered":"<style>\n\t.wp-block-hero-banner .sport-books h2 {\n\t\tcolor: #fff!important;\n\t}\n<\/style>\n\n\n<section class=\"full-width  relative wp-block-hero-banner\">\n\t\t<div class=\"absolute inset-0 w-full z-[1] h-full\">\n\t\t\t<img\n\t\t\t\t\tsrcset=\"https:\/\/betting.com\/de\/wp-content\/uploads\/sites\/5\/bg-homepage-1-180x79.webp 180w, https:\/\/betting.com\/de\/wp-content\/uploads\/sites\/5\/bg-homepage-1-180x79.png 180w, https:\/\/betting.com\/de\/wp-content\/uploads\/sites\/5\/bg-homepage-1-360x158.webp 360w, https:\/\/betting.com\/de\/wp-content\/uploads\/sites\/5\/bg-homepage-1-360x158.png 360w, https:\/\/betting.com\/de\/wp-content\/uploads\/sites\/5\/bg-homepage-1-720x315.webp 720w, https:\/\/betting.com\/de\/wp-content\/uploads\/sites\/5\/bg-homepage-1-720x315.png 720w, https:\/\/betting.com\/de\/wp-content\/uploads\/sites\/5\/bg-homepage-1-1290x564.webp 1290w, https:\/\/betting.com\/de\/wp-content\/uploads\/sites\/5\/bg-homepage-1-1290x564.png 1290w, https:\/\/betting.com\/de\/wp-content\/uploads\/sites\/5\/bg-homepage-1.webp 1440w, https:\/\/betting.com\/de\/wp-content\/uploads\/sites\/5\/bg-homepage-1.png 1440w\"\n\t\t\t\tsizes=\"(max-width: 767px) 10px, 100vw\"\n\t\tsrc=\"https:\/\/betting.com\/de\/wp-content\/uploads\/sites\/5\/bg-homepage-1.png\"\n\t\talt=\"betting.com\"\n\t\t\t\t\t\tclass=\"object-cover object-center bg-cover bg-center inset-o w-full z-[1] h-full object-right-center grayscale max-sm:hidden\"\n\t\tstyle=\" \"\n\t\tloading=\"eager\"\n\t\t\t\t\tfetchpriority=\"high\"\n\t\t\t>\n\t\t\t\t\t\t\t<img\n\t\t\t\t\tsrcset=\"https:\/\/betting.com\/de\/wp-content\/uploads\/sites\/5\/hero-bg-mobile-180x274.webp 180w, https:\/\/betting.com\/de\/wp-content\/uploads\/sites\/5\/hero-bg-mobile-180x274.jpg 180w, https:\/\/betting.com\/de\/wp-content\/uploads\/sites\/5\/hero-bg-mobile-360x547.webp 360w, https:\/\/betting.com\/de\/wp-content\/uploads\/sites\/5\/hero-bg-mobile-360x547.jpg 360w\"\n\t\t\t\tsizes=\"(max-width: 767px) 360px, 10px\"\n\t\tsrc=\"https:\/\/betting.com\/de\/wp-content\/uploads\/sites\/5\/hero-bg-mobile.jpg\"\n\t\talt=\"betting.com\"\n\t\t\t\t\t\tclass=\"object-cover object-center bg-cover bg-center inset-o w-full z-[1] grayscale h-full sm:hidden\"\n\t\tstyle=\" \"\n\t\tloading=\"eager\"\n\t\t\t\t\tfetchpriority=\"high\"\n\t\t\t>\n\t\t\t\t\t\t<div class=\"absolute top-0 left-0 w-full h-full bg-green-100 opacity-[85%] z-10\"><\/div>\n\t\t<\/div>\n\n\t\t<div class=\"py-8 lg:py-16 relative z-10 container h-full flex flex-col justify-between\">\n\t\t\t<div class=\"flex flex-col lg:flex-row\">\n\t\t\t\t<div class=\"lg:basis-1\/2 xl:basis-2\/3 flex flex-col lg:justify-center xl:pr-12\">\n\t\t\t\t\t<h1 class=\"font-bold text-white text-5xl lg:text-7xl drop-shadow-md\">Wetten Beginnt Hier<\/h1>\n\t\t\t\t\t<p class=\"text-white text-base lg:text-xl mt-4 lg:mt-8 lg:pr-8 drop-shadow-md\">Vergleich alle Wettanbieter und hol dir Profi-Tipps f\u00fcr die gr\u00f6\u00dften Sportevents.<\/p>\n\t\t\t\t\t<div class=\"grid grid-cols-2 md:grid-cols-4 gap-3 mt-6\">\n\t\t\t\t\t\t\t\t\t\t\t\t\t\t\t\t\t\t\t\t\t<div>\n\t\t\t\t\t\t\t\t\t<a\n\t\t\t\t\t\t\t\t\t\thref=\"https:\/\/betting.com\/de\/mls\"\n\t\t\t\t\t\t\t\t\t\ttitle=\"MLS\"\n\t\t\t\t\t\t\t\t\t\t\t\t\t\t\t\t\t\t\t\tclass=\"group flex flex-col items-center justify-center py-3 px-5 lg:py-4 h-full bg-ball-white-40 gap-2 transition ease-in-out !no-underline hover:bg-green-100\">\n\t\t\t\t\t\t\t\t\t\t<div class=\"flex items-center justify-center\">\n\t\t\t\t\t\t\t\t\t\t\t<img loading=\"lazy\" decoding=\"async\" src=\"https:\/\/betting.com\/de\/wp-content\/uploads\/sites\/5\/soccer.svg\" width=\"54\" height=\"54\" alt=\"MLS icon\">\n\t\t\t\t\t\t\t\t\t\t<\/div>\n\t\t\t\t\t\t\t\t\t\t<div class=\"font-semibold text-base lg:text-xl text-green-100 text-center transition ease-in-out group-hover:text-white\">MLS<\/div>\n\t\t\t\t\t\t\t\t\t<\/a>\n\t\t\t\t\t\t\t\t<\/div>\n\t\t\t\t\t\t\t\t\t\t\t\t\t\t\t\t\t\t\t\t\t\t\t\t\t\t\t\t<div>\n\t\t\t\t\t\t\t\t\t<a\n\t\t\t\t\t\t\t\t\t\thref=\"https:\/\/betting.com\/de\/volleyball\"\n\t\t\t\t\t\t\t\t\t\ttitle=\"Volleyball\"\n\t\t\t\t\t\t\t\t\t\t\t\t\t\t\t\t\t\t\t\tclass=\"group flex flex-col items-center justify-center py-3 px-5 lg:py-4 h-full bg-ball-white-40 gap-2 transition ease-in-out !no-underline hover:bg-green-100\">\n\t\t\t\t\t\t\t\t\t\t<div class=\"flex items-center justify-center\">\n\t\t\t\t\t\t\t\t\t\t\t<img loading=\"lazy\" decoding=\"async\" src=\"https:\/\/betting.com\/de\/wp-content\/uploads\/sites\/5\/volleyball.svg\" width=\"54\" height=\"54\" alt=\"Volleyball icon\">\n\t\t\t\t\t\t\t\t\t\t<\/div>\n\t\t\t\t\t\t\t\t\t\t<div class=\"font-semibold text-base lg:text-xl text-green-100 text-center transition ease-in-out group-hover:text-white\">Volleyball<\/div>\n\t\t\t\t\t\t\t\t\t<\/a>\n\t\t\t\t\t\t\t\t<\/div>\n\t\t\t\t\t\t\t\t\t\t\t\t\t\t\t\t\t\t\t\t\t\t\t\t\t\t\t\t<div>\n\t\t\t\t\t\t\t\t\t<a\n\t\t\t\t\t\t\t\t\t\thref=\"https:\/\/betting.com\/de\/basketball\"\n\t\t\t\t\t\t\t\t\t\ttitle=\"Basketball\"\n\t\t\t\t\t\t\t\t\t\t\t\t\t\t\t\t\t\t\t\tclass=\"group flex flex-col items-center justify-center py-3 px-5 lg:py-4 h-full bg-ball-white-40 gap-2 transition ease-in-out !no-underline hover:bg-green-100\">\n\t\t\t\t\t\t\t\t\t\t<div class=\"flex items-center justify-center\">\n\t\t\t\t\t\t\t\t\t\t\t<img loading=\"lazy\" decoding=\"async\" src=\"https:\/\/betting.com\/de\/wp-content\/uploads\/sites\/5\/basketball.svg\" width=\"54\" height=\"54\" alt=\"Basketball icon\">\n\t\t\t\t\t\t\t\t\t\t<\/div>\n\t\t\t\t\t\t\t\t\t\t<div class=\"font-semibold text-base lg:text-xl text-green-100 text-center transition ease-in-out group-hover:text-white\">Basketball<\/div>\n\t\t\t\t\t\t\t\t\t<\/a>\n\t\t\t\t\t\t\t\t<\/div>\n\t\t\t\t\t\t\t\t\t\t\t\t\t\t\t\t\t\t\t\t\t\t\t\t\t\t\t\t<div>\n\t\t\t\t\t\t\t\t\t<a\n\t\t\t\t\t\t\t\t\t\thref=\"https:\/\/betting.com\/de\/boxen\"\n\t\t\t\t\t\t\t\t\t\ttitle=\"Boxen\"\n\t\t\t\t\t\t\t\t\t\t\t\t\t\t\t\t\t\t\t\tclass=\"group flex flex-col items-center justify-center py-3 px-5 lg:py-4 h-full bg-ball-white-40 gap-2 transition ease-in-out !no-underline hover:bg-green-100\">\n\t\t\t\t\t\t\t\t\t\t<div class=\"flex items-center justify-center\">\n\t\t\t\t\t\t\t\t\t\t\t<img loading=\"lazy\" decoding=\"async\" src=\"https:\/\/betting.com\/de\/wp-content\/uploads\/sites\/5\/boxing.svg\" width=\"54\" height=\"54\" alt=\"Boxen icon\">\n\t\t\t\t\t\t\t\t\t\t<\/div>\n\t\t\t\t\t\t\t\t\t\t<div class=\"font-semibold text-base lg:text-xl text-green-100 text-center transition ease-in-out group-hover:text-white\">Boxen<\/div>\n\t\t\t\t\t\t\t\t\t<\/a>\n\t\t\t\t\t\t\t\t<\/div>\n\t\t\t\t\t\t\t\t\t\t\t\t\t\t\t\t\t\t<\/div>\n\t\t\t\t<\/div>\n\t\t\t\t<div class=\"lg:basis-1\/2 xl:basis-1\/3 flex flex-col lg:pl-8 text-white\">\n\t\t\t\t\t\t\t\t\t<\/div>\n\t\t\t<\/div>\n\t\t<\/div>\n<\/section>\n\n\n\n\n<div class=\"wp-block-featured-on\">\n  <div class=\"featured border-solid border-t-2 border-gray-10 pt-6 mt-8\">\n  \t    <div class=\"headline\">\n      <h2 class=\"font-bold text-lg lg:text-2xl text-black mt-0\">Vorgestellt auf<\/h2>\n    <\/div>\n  \t        <div class=\"content my-8\">\n      <div class=\"featured-on\">\n        <div class=\"splide splide--featured-on \">\n          <div class=\"splide__track\">\n            <div class=\"splide__list\">\n                              <div class=\"splide__slide splide__slide--is-flex flex items-center justify-center\">\n                                      <img decoding=\"async\" src=\"https:\/\/betting.com\/de\/wp-content\/uploads\/sites\/5\/featazcentral.-Full-Colour-1.png\" width=\"120px\" height=\"30px\" alt=\"azcentral\" class=\"w-full h-auto max-w-[100px] max-h-[50px] lg:max-w-[120px] lg:max-h-[60px] grayscale opacity-20 transition-all ease-in-out duration-300 hover:grayscale-0 hover:opacity-100\" \/>\n                                  <\/div>\n                              <div class=\"splide__slide splide__slide--is-flex flex items-center justify-center\">\n                                      <img decoding=\"async\" src=\"https:\/\/betting.com\/de\/wp-content\/uploads\/sites\/5\/featForbes-Full-Colour.png\" width=\"120px\" height=\"30px\" alt=\"Forbes\" class=\"w-full h-auto max-w-[100px] max-h-[50px] lg:max-w-[120px] lg:max-h-[60px] grayscale opacity-20 transition-all ease-in-out duration-300 hover:grayscale-0 hover:opacity-100\" \/>\n                                  <\/div>\n                              <div class=\"splide__slide splide__slide--is-flex flex items-center justify-center\">\n                                      <img decoding=\"async\" src=\"https:\/\/betting.com\/de\/wp-content\/uploads\/sites\/5\/featMSN-Full-Colour.png\" width=\"120px\" height=\"30px\" alt=\"MSN\" class=\"w-full h-auto max-w-[100px] max-h-[50px] lg:max-w-[120px] lg:max-h-[60px] grayscale opacity-20 transition-all ease-in-out duration-300 hover:grayscale-0 hover:opacity-100\" \/>\n                                  <\/div>\n                              <div class=\"splide__slide splide__slide--is-flex flex items-center justify-center\">\n                                      <img decoding=\"async\" src=\"https:\/\/betting.com\/de\/wp-content\/uploads\/sites\/5\/featThe-Denvor-Post-Full-Colour.png\" width=\"120px\" height=\"30px\" alt=\"Denver-Post\" class=\"w-full h-auto max-w-[100px] max-h-[50px] lg:max-w-[120px] lg:max-h-[60px] grayscale opacity-20 transition-all ease-in-out duration-300 hover:grayscale-0 hover:opacity-100\" \/>\n                                  <\/div>\n                              <div class=\"splide__slide splide__slide--is-flex flex items-center justify-center\">\n                                      <img decoding=\"async\" src=\"https:\/\/betting.com\/de\/wp-content\/uploads\/sites\/5\/featTIME-Full-Colour.png\" width=\"120px\" height=\"30px\" alt=\"Time\" class=\"w-full h-auto max-w-[100px] max-h-[50px] lg:max-w-[120px] lg:max-h-[60px] grayscale opacity-20 transition-all ease-in-out duration-300 hover:grayscale-0 hover:opacity-100\" \/>\n                                  <\/div>\n                              <div class=\"splide__slide splide__slide--is-flex flex items-center justify-center\">\n                                      <img decoding=\"async\" src=\"https:\/\/betting.com\/de\/wp-content\/uploads\/sites\/5\/featUSA-Today-Full-Colour.png\" width=\"120px\" height=\"30px\" alt=\"USA-Today\" class=\"w-full h-auto max-w-[100px] max-h-[50px] lg:max-w-[120px] lg:max-h-[60px] grayscale opacity-20 transition-all ease-in-out duration-300 hover:grayscale-0 hover:opacity-100\" \/>\n                                  <\/div>\n                              <div class=\"splide__slide splide__slide--is-flex flex items-center justify-center\">\n                                      <img decoding=\"async\" src=\"https:\/\/betting.com\/de\/wp-content\/uploads\/sites\/5\/featYahoo-Full-Colour.png\" width=\"120px\" height=\"30px\" alt=\"yahoo\" class=\"w-full h-auto max-w-[100px] max-h-[50px] lg:max-w-[120px] lg:max-h-[60px] grayscale opacity-20 transition-all ease-in-out duration-300 hover:grayscale-0 hover:opacity-100\" \/>\n                                  <\/div>\n                          <\/div>\n          <\/div>\n        <\/div>\n      <\/div>\n    <\/div>\n      <\/div>\n<\/div>\n\n\n<div class=\" container-white py-8\">\n\t<div class=\"wp-block-container-toc  \">\n\t\t\t<div class=\"bg-white\">\n\t<div class=\"flex flex-col-reverse lg:flex-row lg:gap-8 py-10\">\n\t\t<article class=\"max-w-[960px] flex-grow\" data-bt-content>\n\t\t\t\n\n<p>Wenn du noch nicht in die Welt der Online-Sportwetten eingeweiht bist, mag das ein bisschen einsch\u00fcchternd wirken, aber wir sind hier, um es f\u00fcr alle einfach zu machen. Ja, es stimmt, es gibt Hunderte, wenn nicht Tausende von verschiedenen Buchmachern im Internet, die Sportwetten auf eine gro\u00dfe Vielfalt von Ereignissen und M\u00e4rkten anbieten. <\/p>\n\n\n\n<p>Sie k\u00f6nnen buchst\u00e4blich auf alles wetten, vom n\u00e4chsten Tor in einem Fu\u00dfballspiel bis zu Pr\u00e4sidentschaftswahlen und so ziemlich alles, was man sich dazwischen vorstellen kann. Aus diesem Grund haben wir uns zusammengetan und diese Website f\u00fcr euch aufgebaut, um Online-Wetten einfach zu machen. Begib dich mit uns auf eine Reise und wir werden dir alles beibringen, was du \u00fcber Sportwetten wissen musst.<\/p>\n\n\n\n<h2 class=\"wp-block-heading\" id=\"die-kostenlosen-tipps-des-tages\">Die kostenlosen Tipps des Tages<\/h2>\n\n\n\n<p>Bevor man online Sportwetten abschlie\u00dft, sollte man unsere Expertentipps und Vorschauen beachten. Diese Damen und Herren sind Tag und Nacht am Puls der Zeit, um euch dabei zu helfen, bessere Entscheidungen zu treffen oder in manchen F\u00e4llen zu \u00fcberpr\u00fcfen, was euch euer Instinkt bereits sagt. Hier ist die erste Lektion: Wettet mit eurem Verstand, nicht mit eurem Herz. <\/p>\n\n\n\n<p>Wir alle haben Lieblingsmannschaften und -spieler, aber bei Sportwetten geht es nicht darum, welche Mannschaft oder welcher Spieler gewinnt, sondern darum, gewinnbringende Wetten abzuschlie\u00dfen. Unsere Expertentipps und Vorschauen k\u00f6nnten manchmal etwas herzlos erscheinen, aber das wird schnell vergessen, wenn ihr euch mit eurem Gewinnwettschein ins F\u00e4ustchen lacht.<\/p>\n\n\n\n<h2 class=\"wp-block-heading\" id=\"wett-news-exklusive-boni\">Wett-News &amp; Exklusive Boni<\/h2>\n\n\n\n<p>Finden Sie hilfreiche Wett-News, neue Boni, hei\u00dfe Promotionen, erh\u00f6hte Quoten oder Gratiswetten f\u00fcr bestimmte Spiele. Ausf\u00fchrliche, jedoch einfache Leitf\u00e4den, die Ihnen zeigen, wie Sie alle exklusiven Wettangebote nutzen k\u00f6nnen. Holen Sie sich die neuesten Nachrichten \u00fcber die beliebtesten Wettseiten und Neuerscheinungen in Deutschland. Nutzen Sie die Analysen unserer Experten und schlie\u00dfen Sie sachkundige Wetten ab.<\/p>\n\n\n\n<h2 class=\"wp-block-heading\" id=\"empfohlene-wettanbieter\">Empfohlene Wettanbieter<\/h2>\n\n\n\n<p>Inzwischen wisst ihr wahrscheinlich, dass wir Sportwetten so ernst nehmen wie einen Herzinfarkt, und dass wir euch in die gro\u00dfartigste Sache einweihen wollen, die Online-Wetten hervorgebracht haben &#8211; Willkommensbonusse und Werbeaktionen. Warum sind diese gro\u00dfartig? <\/p>\n\n\n\n<p>Wie wir bereits erw\u00e4hnt haben, besteht die M\u00f6glichkeit, dass es Tausende von Buchmachern gibt, die auf der Suche nach Wettenden wie euch sind. Und der beste Weg, Ihren virtuellen Fu\u00df durch die T\u00fcr zu bekommen, ist, Ihnen einen gro\u00dfz\u00fcgigen Willkommensbonus und lukrative Werbeaktionen anzubieten. Nat\u00fcrlich sind einige dieser Pr\u00e4mien besser als andere, und wir sind hier, um Ihnen die richtige Richtung zu weisen und zu erkl\u00e4ren, wie Willkommensboni und Werbeaktionen funktionieren.<\/p>\n\n\n\n<h2 class=\"wp-block-heading\" id=\"beste-wett-boni\">Beste Wett-Boni<\/h2>\n\n\n\n<p>Online-Sportwetten sind nicht \u00fcberall auf der Welt legal, weshalb wir nur mit lizenzierten Buchmachern zusammenarbeiten. Lizensierte Buchmacher d\u00fcrfen in den L\u00e4ndern, in denen sie t\u00e4tig sind, legal arbeiten. Sie m\u00fcssen sich an eine Vielzahl von Vorschriften halten, und wenn sie das nicht tun, verlieren sie ihre Lizenz. <\/p>\n\n\n\n<p>Man muss sich das vorstellen wie den Unterschied zwischen einer gehobenen Bar mit den besten Waren und einem Unbekannten, der aus dem Kofferraum seines Lieferwagens neben dem Hauptbahnhof Kl\u00e4rschlamm verkauft. Sagen wir einfach, dass wir nur mit erstklassigen Buchmachern zusammenarbeiten und belassen es dabei. Und nun zum gro\u00dfen Finale: Scrollt nach unten, um herauszufinden, was ihr sonst noch von Betting.com erwarten k\u00f6nnt.<\/p>\n\n\n\n<h2 class=\"wp-block-heading\" id=\"weitere-angebote-findest-du-bei-betting-com\">Weitere Angebote findest du bei Betting.com<\/h2>\n\n\n\n<p>Herzlich willkommen bei Betting.com, bei uns wirst du schon l\u00e4nger erwartet. Vermutlich hast du uns gefunden, weil du auf der Suche nach den besten Wetttipps oder Wettquoten warst. In der Tat haben wir genau das, wonach du gesucht hast. Nimm dir dennoch ein paar Minuten Zeit und lese weiter, es wird deine Ansicht \u00fcber Sportwetten f\u00fcr immer ver\u00e4ndern, versprochen.<\/p>\n\n\n\n<p>Vielleicht ist es dir nicht bewusst, aber du hast die beste Seite im gesamten Internet f\u00fcr Sportwetten bereits gefunden. Dies ist der beste Ort f\u00fcr Wetttipps, Quotenvergleiche und die Platzierung deiner Wetten. Bei uns kannst du buchst\u00e4blich alle deine Wettaktivit\u00e4ten an einem Ort unterbringen.<\/p>\n\n\n\n<h2 class=\"wp-block-heading\" id=\"buchmacher-gratiswetten-und-promo-codes\">Buchmacher Gratiswetten und Promo-Codes<\/h2>\n\n\n\n<p>Genie\u00dfen Sie eine au\u00dfergew\u00f6hnliche Auswahl an Gratiswetten, Boni und Promo-Codes von Buchmachern. Steigern Sie Ihr Wetterlebnis, indem Sie die besten Buchmacher f\u00fcr Ihr Land zusammen mit ihren Willkommensboni und neuen Promo-Codes finden. <\/p>\n\n\n\n<p>Dar\u00fcber hinaus finden Sie professionelle Bewertungen und ausf\u00fchrliche Rezensionen zu jedem der Buchmacher. Sehen Sie sich die Liste unten an und platzieren Sie Ihre Wetten bei verifizierten und zuverl\u00e4ssigen Anbietern.<\/p>\n\n\n\n<h2 class=\"wp-block-heading\" id=\"registriere-dich-bei-unseren-partnerbuchmachern\">Registriere dich bei unseren Partnerbuchmachern<\/h2>\n\n\n\n<p>Jeder der Sportwetten abschlie\u00dft, wei\u00df, dass man nicht mehrere Konten bei einem einzigen Buchmacher haben kann, aber man kann mehrere Konten bei verschiedenen Buchmachern haben. Warum ist das sinnvoll? Es gibt Hunderte von Sportwettenanbietern, die Quoten f\u00fcr alles anbieten, von der Premier League bis zur n\u00e4chsten Person, die aus dem Big Brother-Haus abgew\u00e4hlt wird.<\/p>\n\n\n\n<p>Dabei konkurrieren die Buchmacher miteinander, indem sie unterschiedliche Quoten f\u00fcr dieselben M\u00e4rkte anbieten. Wenn du also immer die besten Quoten haben willst, musst du mehrere Konten haben, damit du die Quoten vergleichen kannst. Zu deinem Gl\u00fcck kann unser Quotenvergleichstool dies in Echtzeit f\u00fcr dich \u00fcbernehmen.<\/p>\n\n\n\n<p>Allerdings wollen wir dich damit nicht dazu ermutigen, dein ganzes Geld zu verspielen. Die Einrichtung mehrerer Konten bei Online-Buchmachern bedeutet nicht gleichzeitig, dass sich deine Gewinnchancen verbessern. Es bedeutet lediglich, dass die Wahrscheinlichkeit gr\u00f6\u00dfer ist, ein besseres Angebot f\u00fcr deinen Einsatz zu erhalten.<\/p>\n\n\n\n<p>Wir legen nat\u00fcrlich auch eigene Konten an und testen die Sportwetten jedes Buchmachers auf Herz und Nieren und pr\u00fcfen alles, was sie zu bieten haben, damit du eine fundierte Entscheidung treffen kannst, bevor du dich bei ihnen anmeldest. Hier ist eine kleine Auswahl dessen, was wir pr\u00fcfen:<\/p>\n\n\n\n<p><strong>Der Willkommensbonus<\/strong><\/p>\n\n\n\n<p>Jeder Buchmacher bietet einen anderen Willkommensbonus an und wir m\u00f6chten dir genau sagen, was du erwarten kannst, wenn du dich anmeldest.<\/p>\n\n\n\n<p><strong>Werbeaktionen<\/strong><\/p>\n\n\n\n<p>Buchmacher bieten im allgemeinen verschiedene Werbeaktionen und Wettbewerbe an, bei denen du auf deine Kosten kommst.<\/p>\n\n\n\n<p><strong>Quoten und M\u00e4rkte<\/strong><\/p>\n\n\n\n<p>Dieser Bereich ist das A und O eines jeden Sportwettenanbieters. Daher werden wir vergleichen, wie die verschiedenen Buchmacher in diesem Bereich abschneiden.<\/p>\n\n\n\n<p><strong>Mobilfreundliche\/App<\/strong><\/p>\n\n\n\n<p>F\u00fcr Leute die viel unterwegs sind, bieten wir immer eine mobile Version oder eine App an, die bei jedem Buchmacher heruntergeladen werden kann.<\/p>\n\n\n\n<p><strong>Live-Streaming<\/strong><\/p>\n\n\n\n<p>F\u00fcr den Fall, dass du nicht zu Hause oder in der N\u00e4he eines Bildschirms bist, kannst du in unseren \u00dcbersichten herausfinden, ob Buchmacher die M\u00f6glichkeit bieten, Events per Live-Stream zu \u00fcbertragen.<\/p>\n\n\n\n<p><strong>Kundenservice<\/strong><\/p>\n\n\n\n<p>Wir pr\u00fcfen sowohl die Reaktionszeit und Effizienz des Kundendienstes jedes Buchmachers als auch die verschiedenen M\u00f6glichkeiten der Kontaktaufnahme.<\/p>\n\n\n\n<p><strong>Zahlungsm\u00f6glichkeiten<\/strong><\/p>\n\n\n\n<p>Um sicherzustellen, dass du dein Geld sicher einzahlen und abheben kannst, ist es f\u00fcr jeden Buchmacher wichtig, nur vertrauensw\u00fcrdige Zahlungsmethoden anzubieten.<\/p>\n\n\n\n<p><strong>Lizenzen<\/strong><\/p>\n\n\n\n<p>Du kannst sicher sein, dass jeder von uns gepr\u00fcfte Buchmacher lizenziert und reguliert ist. Wir w\u00fcrden niemals unsichere Wettseiten bewerben.<\/p>\n\n\n\n<p>Ein Sprichwort sagt, Vielfalt ist die W\u00fcrze des Lebens. Und mehr W\u00fcrze als das Erfolgsrezept von Betting.com kann es nicht geben!<\/p>\n\n\n\t\t<\/article>\n\t\t<div class=\"lg:w-[300px] lg:flex-shrink-0 relative\" x-data=\"{show_toc: false}\">\n\t\t\t<div class=\"lg:sticky lg:top-4 z-30\">\n\t\t\t\t<div class=\"fixed -top-64 left-0 w-full z-50 lg:static transition-all hidden lg:block\" id=\"fixed-toc\">\n\t\t\t\t\t<div>\n\t\t\t\t<div class=\"border-b border-solid border-gray-30 text-lg font-bold lg:pt-7 max-lg:px-4 py-3 flex items-center justify-between bg-white lg:bg-transparent\">\n\t\t\tWas gibt es auf dieser Seite\n\t\t\t<button @click=\"show_toc = true\" class=\"btn btn-red-outline-white block lg:hidden\">Jump to<\/button>\n\t\t<\/div>\n\t\t\t\t<div\n\t\t\tclass=\"max-lg:fixed max-lg:top-0 max-lg:left-0 max-lg:w-screen max-lg:h-screen max-lg:bg-gray-70 max-lg:bg-opacity-75 max-lg:hidden\"\n\t\t\t:class=\"{'max-lg:hidden': !show_toc}\"\n\t\t\t@click=\"show_toc = false\"\n\t\t>\n\t\t\t<div class=\"max-lg:absolute max-lg:bottom-0 max-lg:left-0 max-lg:w-screen bg-white lg:bg-transparent\">\n\t\t\t\t\t\t\t\t<div class=\"flex lg:hidden items-center justify-between mx-4 border-b border-solid border-gray-30 pt-6 pb-2 font-bold\">\n\n\t\t\t\t\tAuf dieser Seite\n\t\t\t\t\t<button @click=\"show_toc = false\">\n\t\t\t\t\t\t<svg class=\"w-5 h-5 text-gray-100\" xmlns=\"http:\/\/www.w3.org\/2000\/svg\" fill=\"none\" stroke=\"currentColor\" stroke-width=\"1.5\" class=\"w-6 h-6\" viewBox=\"0 0 24 24\"><path stroke-linecap=\"round\" stroke-linejoin=\"round\" d=\"M6 18 18 6M6 6l12 12\"\/><\/svg>\t\t\t\t\t<\/button>\n\t\t\t\t<\/div>\n\t\t\t\t<ul id=\"toc\" class=\"mt-5 max-h-[85vh] overflow-y-auto list-none bt-scrollbars\">\n\n\t\t\t\t\t\t\t\t\t\t\t<li>\n\t\t\t\t\t\t\t<a href=\"#die-kostenlosen-tipps-des-tages\" data-bt-toc-item=\"die-kostenlosen-tipps-des-tages\"\n\t\t\t\t\t\t\t\t @click=\"show_toc = false\"\n\t\t\t\t\t\t\t\t class=\"block px-4 py-2 text-black border-l-4 border-solid border-transparent hover:border-red-100 transition-all hover:!border-b-0 hover:font-bold\">\nDie kostenlosen Tipps des Tages\n<\/a>\n\t\t\t\t\t\t<\/li>\n\t\t\t\t\t\t\t\t\t\t\t<li>\n\t\t\t\t\t\t\t<a href=\"#wett-news-exklusive-boni\" data-bt-toc-item=\"wett-news-exklusive-boni\"\n\t\t\t\t\t\t\t\t @click=\"show_toc = false\"\n\t\t\t\t\t\t\t\t class=\"block px-4 py-2 text-black border-l-4 border-solid border-transparent hover:border-red-100 transition-all hover:!border-b-0 hover:font-bold\">\nWett-News &amp; Exklusive Boni\n<\/a>\n\t\t\t\t\t\t<\/li>\n\t\t\t\t\t\t\t\t\t\t\t<li>\n\t\t\t\t\t\t\t<a href=\"#empfohlene-wettanbieter\" data-bt-toc-item=\"empfohlene-wettanbieter\"\n\t\t\t\t\t\t\t\t @click=\"show_toc = false\"\n\t\t\t\t\t\t\t\t class=\"block px-4 py-2 text-black border-l-4 border-solid border-transparent hover:border-red-100 transition-all hover:!border-b-0 hover:font-bold\">\nEmpfohlene Wettanbieter\n<\/a>\n\t\t\t\t\t\t<\/li>\n\t\t\t\t\t\t\t\t\t\t\t<li>\n\t\t\t\t\t\t\t<a href=\"#beste-wett-boni\" data-bt-toc-item=\"beste-wett-boni\"\n\t\t\t\t\t\t\t\t @click=\"show_toc = false\"\n\t\t\t\t\t\t\t\t class=\"block px-4 py-2 text-black border-l-4 border-solid border-transparent hover:border-red-100 transition-all hover:!border-b-0 hover:font-bold\">\nBeste Wett-Boni\n<\/a>\n\t\t\t\t\t\t<\/li>\n\t\t\t\t\t\t\t\t\t\t\t<li>\n\t\t\t\t\t\t\t<a href=\"#weitere-angebote-findest-du-bei-betting-com\" data-bt-toc-item=\"weitere-angebote-findest-du-bei-betting-com\"\n\t\t\t\t\t\t\t\t @click=\"show_toc = false\"\n\t\t\t\t\t\t\t\t class=\"block px-4 py-2 text-black border-l-4 border-solid border-transparent hover:border-red-100 transition-all hover:!border-b-0 hover:font-bold\">\nWeitere Angebote findest du bei Betting.com\n<\/a>\n\t\t\t\t\t\t<\/li>\n\t\t\t\t\t\t\t\t\t\t\t<li>\n\t\t\t\t\t\t\t<a href=\"#buchmacher-gratiswetten-und-promo-codes\" data-bt-toc-item=\"buchmacher-gratiswetten-und-promo-codes\"\n\t\t\t\t\t\t\t\t @click=\"show_toc = false\"\n\t\t\t\t\t\t\t\t class=\"block px-4 py-2 text-black border-l-4 border-solid border-transparent hover:border-red-100 transition-all hover:!border-b-0 hover:font-bold\">\nBuchmacher Gratiswetten und Promo-Codes\n<\/a>\n\t\t\t\t\t\t<\/li>\n\t\t\t\t\t\t\t\t\t\t\t<li>\n\t\t\t\t\t\t\t<a href=\"#registriere-dich-bei-unseren-partnerbuchmachern\" data-bt-toc-item=\"registriere-dich-bei-unseren-partnerbuchmachern\"\n\t\t\t\t\t\t\t\t @click=\"show_toc = false\"\n\t\t\t\t\t\t\t\t class=\"block px-4 py-2 text-black border-l-4 border-solid border-transparent hover:border-red-100 transition-all hover:!border-b-0 hover:font-bold\">\nRegistriere dich bei unseren Partnerbuchmachern\n<\/a>\n\t\t\t\t\t\t<\/li>\n\t\t\t\t\t\t\t\t\t<\/ul>\n\t\t\t\t\t\t\t\t\t\t\t<\/div>\n\t\t<\/div>\n\t<\/div>\n\t\t\t\t\t<\/div>\n\t\t\t<\/div>\n\t\t<\/div>\n\t<\/div>\n<\/div>\n\t<\/div>\n<\/div>\n\n","protected":false},"excerpt":{"rendered":"","protected":false},"author":2,"featured_media":0,"parent":0,"menu_order":1,"comment_status":"closed","ping_status":"open","template":"","meta":{"footnotes":""},"tags":[],"acf":[],"_links":{"self":[{"href":"https:\/\/betting.com\/de\/wp-json\/wp\/v2\/pages\/2"}],"collection":[{"href":"https:\/\/betting.com\/de\/wp-json\/wp\/v2\/pages"}],"about":[{"href":"https:\/\/betting.com\/de\/wp-json\/wp\/v2\/types\/page"}],"author":[{"embeddable":true,"href":"https:\/\/betting.com\/de\/wp-json\/wp\/v2\/users\/2"}],"replies":[{"embeddable":true,"href":"https:\/\/betting.com\/de\/wp-json\/wp\/v2\/comments?post=2"}],"version-history":[{"count":12,"href":"https:\/\/betting.com\/de\/wp-json\/wp\/v2\/pages\/2\/revisions"}],"predecessor-version":[{"id":6278,"href":"https:\/\/betting.com\/de\/wp-json\/wp\/v2\/pages\/2\/revisions\/6278"}],"wp:attachment":[{"href":"https:\/\/betting.com\/de\/wp-json\/wp\/v2\/media?parent=2"}],"wp:term":[{"taxonomy":"post_tag","embeddable":true,"href":"https:\/\/betting.com\/de\/wp-json\/wp\/v2\/tags?post=2"}],"curies":[{"name":"wp","href":"https:\/\/api.w.org\/{rel}","templated":true}]}}