{"id":197,"date":"2022-06-15T14:15:03","date_gmt":"2022-06-15T14:15:03","guid":{"rendered":"https:\/\/betting.com\/de\/?page_id=197"},"modified":"2023-08-02T12:31:08","modified_gmt":"2023-08-02T12:31:08","slug":"tipps","status":"publish","type":"page","link":"https:\/\/betting.com\/de\/belgischen-first-division-a\/tipps","title":{"rendered":"Belgiens First Division A Wett Tipps"},"content":{"rendered":"<div class=\" container-white py-8\">\n\t<div class=\"wp-block-container-toc  \">\n\t\t\t<div class=\"bg-white\">\n\t<div class=\"flex flex-col-reverse lg:flex-row lg:gap-8 py-10\">\n\t\t<article class=\"max-w-[960px] flex-grow\" data-bt-content>\n\t\t\t\n<h2 class=\"wp-block-heading\" id=\"first-division-a-wett-tipps-fur-die-heutigen-veranstaltungen\">First Division A-Wett Tipps f\u00fcr die heutigen Veranstaltungen<\/h2>\n\n\n\n<p>Willkommen auf unserer Seite mit Wett Tipps und Vorhersagen zur belgischen First Division A. Hier findest du alles um ein Experte f\u00fcr Wetten auf Belgiens erste Fu\u00dfballliga zu werden. Mit unseren Experten-Tippgebern, brillanten Aktionen und fundierten Kenntnissen in allen Bereichen des Sports kannst du sicher sein, dass du das Beste bekommst.<\/p>\n\n\n\n<p>Die 1895 gegr\u00fcndete Liga ist eine tragende S\u00e4ule des belgischen Fu\u00dfballs und hat einige echte Weltklasse-Talente kommen und gehen sehen, insbesondere die derzeitige goldene Generation des belgischen Fu\u00dfballs hat ihre Wurzeln in dieser Liga.<\/p>\n\n\n\n<p>F\u00fcr unsere belgischen Fu\u00dfballexperten ist dies jedoch keine neue Information, denn ihre Tipps zur belgischen First Division A basieren auf un\u00fcbertroffenem Wissen \u00fcber alles, was mit dem belgischen Fu\u00dfball zu tun hat.<\/p>\n\n\n\n<h2 class=\"wp-block-heading\" id=\"welche-buchmacher-gelten-als-die-besten-fur-die-belgische-first-division-a\">Welche Buchmacher gelten als die besten f\u00fcr die belgische First Division A<\/h2>\n\n\n\n<p>Die besten Buchmacher f\u00fcr Ihre Tipps zur belgischen First Division A sind in der Regel die gro\u00dfen Namen der Wettszene. Wie immer bietet bet365 ein hervorragendes Wettangebot f\u00fcr jedes einzelne belgische Spitzenspiel mit einer sehr beeindruckenden Auswahl an M\u00e4rkten an.<\/p>\n\n\n\n<p>Neben bet365 bieten auch William Hill, 888sport und Unibet einige sehr beeindruckende Optionen und wettbewerbsf\u00e4hige Quoten.<\/p>\n\n\n\n<p>Welcher Buchmacher f\u00fcr dich am besten geeignet ist, h\u00e4ngt im Allgemeinen von deinen pers\u00f6nlichen Vorlieben ab, wobei der richtige Bonus und wettbewerbsf\u00e4hige Quoten dazu beitragen, dass deine Gewinne noch besser werden k\u00f6nnen.<\/p>\n\n\n\n<h2 class=\"wp-block-heading\" id=\"wie-werden-unsere-wett-tipps-erstellt\">Wie werden unsere Wett Tipps erstellt?<\/h2>\n\n\n\n<p><em>\u201cWenn es darum geht, Tipps zu geben, gibt es nur wenige, die das besser k\u00f6nnen als unsere Tipper. Wir k\u00f6nnen zwar nicht versprechen, dass jeder einzelne Tipp aufgeht, aber wir bieten dir alle Tipps f\u00fcr die belgische First Division in gutem Glauben an.\u201d<\/em><\/p>\n\n\n\n<p>Wir stellen sicher, dass jeder einzelne unserer Tipper \u00fcber ein umfangreiches Wissen zu dem Thema verf\u00fcgt, zu dem er einen Tipp abgibt.<\/p>\n\n\n\n<p>Bevor sie Tipps abgeben, stellen die Tipper sicher, dass sie umfangreiche Nachforschungen anstellen, indem sie sich die vergangenen Ergebnisse zwischen den Mannschaften, die letzten Spiele und die Einsch\u00e4tzung der Buchmacher zum Spiel ansehen.<\/p>\n\n\n\n<p>Anschlie\u00dfend listen wir alle wichtigen Informationen auf, die uns bei der Entscheidung helfen, auf welche M\u00e4rkte und Optionen wir setzen und welche Wettvorhersagen wir f\u00fcr dich parat haben.&nbsp;<\/p>\n\n\n\n<p>Die M\u00e4rkte, die wir ausw\u00e4hlen, reichen oft von solchen, die sichere Vorhersagen f\u00fcr die belgische First Division A bieten, bis hin zu solchen, die Quoten bieten, die eine anst\u00e4ndige Rendite versprechen, wenn sie eintreffen.<\/p>\n\n\n\n<p>Das Wichtigste f\u00fcr unsere Tipper ist die Tatsache, dass wir niemals Wett Tipps und Vorhersagen zur Belgian First Division A abgeben w\u00fcrden, die wir nicht selbst unterst\u00fctzen w\u00fcrden.&nbsp;<\/p>\n\n\n\n<p>Dieses Konzept bedeutet, dass sie bei unseren Tipps f\u00fcr dich genauso sorgf\u00e4ltig vorgehen, wie sie es tun w\u00fcrden, wenn wir selbst auf der Suche w\u00e4ren, denn die Erfolgsquote bei unseren kostenlosen Wett Tipps ist beeindruckend hoch.<\/p>\n\n\n\n<h2 class=\"wp-block-heading\" id=\"fur-welche-spiele-der-belgischen-first-division-a-werden-tipps-angeboten\">F\u00fcr welche Spiele der belgischen First Division A werden Tipps angeboten?<\/h2>\n\n\n\n<p>Wir bieten Tipps f\u00fcr alle wichtigen und weniger wichtigen Spiele der belgischen First Division A. So verpasst du nie wieder Tipps und Vorhersagen f\u00fcr die wichtigsten Spiele in Belgiens erster Liga. Alle unsere Wett Tipps zur ersten belgischen Liga A werden von unseren Tipp-Experten abgegeben, die eine beeindruckend hohe Quote an erfolgreichen Wetten bieten.<\/p>\n\n\n\n<p><em>\u201cWenn du kostenlose Wett Tipps ben\u00f6tigst, die von Premier League- und La Liga-Tipps bis hin zu Tipps und Vorhersagen f\u00fcr die belgische erste Liga A reichen, haben wir f\u00fcr dich alle gro\u00dfen Derbys, europ\u00e4ischen Begegnungen und Abstiegsk\u00e4mpfe mit Expertenvorhersagen im Angebot.\u201d<\/em><\/p>\n\n\n\n<h2 class=\"wp-block-heading\" id=\"wie-oft-werden-die-tipps-fur-die-belgische-first-divison-a-veroffentlicht\">Wie oft werden die Tipps f\u00fcr die belgische First Divison A ver\u00f6ffentlicht?<\/h2>\n\n\n\n<p>Wir sorgen daf\u00fcr, dass alle Tipps rechtzeitig zur Verf\u00fcgung stehen, damit du schon vor dem Spiel auf die Wett Tipps der belgischen ersten Liga A setzen kannst.&nbsp;<\/p>\n\n\n\n<p>Die Tipper sind sich aber auch bewusst, dass andere Spiele, Verletzungsmeldungen und Umst\u00e4nde au\u00dferhalb des Spielfelds einen Einfluss auf das Spiel haben werden. Das bedeutet, dass wir unsere Gratis-Wett Tipps in der Regel nicht lange im Voraus anbieten.<\/p>\n\n\n\n<p>Stattdessen bewerten unsere Tipper sorgf\u00e4ltig den Zustand der Mannschaften im Vorfeld des Spiels und die Geschehnisse abseits des Platzes. Auf diese Weise k\u00f6nnen wir dir die besten und pr\u00e4zisesten Vorhersagen und Tipps f\u00fcr die belgische erste Liga A liefern und dir so eine h\u00f6here Chance geben, auf unsere Wettvorhersage zu setzen und erfolgreich zu wetten.<\/p>\n\n\n\n<p>Jeder einzelne unserer Tipper auf der Website hat einen strengen Verifizierungsprozess durchlaufen, um sicherzustellen, dass sie sich tats\u00e4chlich mit dem Thema ihrer Wahl auskennen. Mit kostenlosen Tipps, die von Experten aus der ganzen Welt stammen, ist unsere Website un\u00fcbertroffen in dem, was wir dir anbieten.<\/p>\n\n\n\n<h2 class=\"wp-block-heading\" id=\"alles-was-man-uber-wetten-auf-die-belgische-first-division-a-wissen-muss\">Alles, was man \u00fcber Wetten auf die belgische First Division A wissen muss<\/h2>\n\n\n\n<p>Wett Tipps f\u00fcr s\u00e4mtliche Ligen tragen dazu bei, dass du eine Wette noch zielgerichteter abschlie\u00dfen kannst. Beim Wetten auf eigene Faust ist es viel zu einfach, auf die eigene Mannschaft zu setzen oder einfach auf sein Bauchgef\u00fchl zu h\u00f6ren. Manchmal kann man damit zwar eine Wette gewinnen, aber nicht immer liegt man mit seinem Bauchgef\u00fchl richtig.<\/p>\n\n\n\n<p>Unsere Tipps und Vorhersagen f\u00fcr die belgische erste Liga A werden von unseren Tippern umfassend recherchiert, die sich mit dem direkten Vergleich, den historischen Ergebnissen, den Ereignissen auf und abseits des Platzes und den M\u00e4rkten, welche die beste Mischung aus Risiko und Gewinn bieten, befassen.&nbsp;<\/p>\n\n\n\n<p>Einem Tipper zu folgen ist au\u00dferdem eine fantastische M\u00f6glichkeit, den Mix deiner Gewinnwetten zu erweitern. Unser kostenloser Service bietet dir die M\u00f6glichkeit, mit den Tipps deiner Lieblingstipper Schritt zu halten, so dass du nie wieder die neuesten Wett Tipps und Vorhersagen zur belgischen ersten Liga A oder einer anderen Liga verpassen musst.<\/p>\n\n\n\n<p>Was die beliebtesten M\u00e4rkte angeht, so sind diese bei den Tipps zur ersten belgischen Liga A die gleichen wie in den meisten anderen Ligen. Matchwinner und Gesamttore sind immer beliebt, w\u00e4hrend die M\u00e4rkte f\u00fcr Torsch\u00fctzen, beide Mannschaften treffen und Handicap-M\u00e4rkte alle au\u00dfergew\u00f6hnlich beliebt sind.&nbsp;<\/p>\n\n\n\n<p>Das bedeutet nat\u00fcrlich nicht, dass man nur auf diese M\u00e4rkte wetten muss, denn es gibt noch viele andere Wettm\u00e4rkte, die ebenfalls gute Quoten bieten. Letztendlich geht es darum, die M\u00e4rkte zu finden, auf die man am liebsten wettet. Dabei kannst du auch unseren betting.com-Tippgebern und den M\u00e4rkten und Wetten folgen, die sie empfehlen.<\/p>\n\n\n\n<h2 class=\"wp-block-heading\" id=\"welche-sind-die-besten-buchmacher-fur-die-belgische-first-division-a\">Welche sind die besten Buchmacher f\u00fcr die belgische First Division A<\/h2>\n\n\n\n<p><em>\u201cEs gibt viele Arten von Boni die du beim Wetten auf die Belgische First Division A genie\u00dfen kannst.\u201d<\/em><\/p>\n\n\n\n<p>Wir haben die meisten der verf\u00fcgbaren Boni getestet und zweifellos sind die attraktivsten das Angebot von bet365 mit bis zu 100 \u20ac Wettguthaben, das Angebot von Betfair mit 30 \u20ac Gratiswette und das Neukundenangebot von William Hill mit 10 \u20ac Wetteinsatz und 30 \u20ac Gewinn.<\/p>\n\n\n\n<p>Die meisten Boni der belgischen First Division A haben leicht zu erf\u00fcllende Bedingungen, sodass du deine Wetten in vollen Z\u00fcgen genie\u00dfen kannst.<\/p>\n\n\n\n<h2 class=\"wp-block-heading\" id=\"alle-mannschaften-und-ihre-heimstadien\">Alle Mannschaften und ihre Heimstadien<\/h2>\n\n\n\n<p>Anderlecht, Lotto Park<\/p>\n\n\n\n<p>Antwerp, Bosuilstadion<\/p>\n\n\n\n<p>Cercle Brugge, Jan Breydel Stadium<\/p>\n\n\n\n<p>Charleroi, Stade du Pays de Charleloi<\/p>\n\n\n\n<p>Club Brugge, Jan Breydel Stadium<\/p>\n\n\n\n<p>Eupen, Kehrewegstadion<\/p>\n\n\n\n<p>Genk, Luminus Arena<\/p>\n\n\n\n<p>Gent, Ghelamco Arena<\/p>\n\n\n\n<p>Kortrijk, Guldensporen Stadion<\/p>\n\n\n\n<p>Mechelen, AFAS-stadion Achter de Kazerne<\/p>\n\n\n\n<p>Oostende, Versluys Arena<\/p>\n\n\n\n<p>Oud-Heverlee Leuven, Den Dreef<\/p>\n\n\n\n<p>Searing, Stade du Pairay<\/p>\n\n\n\n<p>Sint-Truidense V.V, Stayen<\/p>\n\n\n\n<p>Standard Liege, Stade Maurice Dufrasne<\/p>\n\n\n\n<p>Union SG, Stade Joseph Marien<\/p>\n\n\n\n<p>Westerlo, Het Kuipje<\/p>\n\n\n\n<p>Zulte Waregem, Regenboogstadion<\/p>\n\n\t\t<\/article>\n\t\t<div class=\"lg:w-[300px] lg:flex-shrink-0 relative\" x-data=\"{show_toc: false}\">\n\t\t\t<div class=\"lg:sticky lg:top-4 z-30\">\n\t\t\t\t<div class=\"fixed -top-64 left-0 w-full z-50 lg:static transition-all hidden lg:block\" id=\"fixed-toc\">\n\t\t\t\t\t<div>\n\t\t\t\t<div class=\"border-b border-solid border-gray-30 text-lg font-bold lg:pt-7 max-lg:px-4 py-3 flex items-center justify-between bg-white lg:bg-transparent\">\n\t\t\tWas gibt es auf dieser Seite\n\t\t\t<button @click=\"show_toc = true\" class=\"btn btn-red-outline-white block lg:hidden\">Jump to<\/button>\n\t\t<\/div>\n\t\t\t\t<div\n\t\t\tclass=\"max-lg:fixed max-lg:top-0 max-lg:left-0 max-lg:w-screen max-lg:h-screen max-lg:bg-gray-70 max-lg:bg-opacity-75 max-lg:hidden\"\n\t\t\t:class=\"{'max-lg:hidden': !show_toc}\"\n\t\t\t@click=\"show_toc = false\"\n\t\t>\n\t\t\t<div class=\"max-lg:absolute max-lg:bottom-0 max-lg:left-0 max-lg:w-screen bg-white lg:bg-transparent\">\n\t\t\t\t\t\t\t\t<div class=\"flex lg:hidden items-center justify-between mx-4 border-b border-solid border-gray-30 pt-6 pb-2 font-bold\">\n\n\t\t\t\t\tAuf dieser Seite\n\t\t\t\t\t<button @click=\"show_toc = false\">\n\t\t\t\t\t\t<svg class=\"w-5 h-5 text-gray-100\" xmlns=\"http:\/\/www.w3.org\/2000\/svg\" fill=\"none\" stroke=\"currentColor\" stroke-width=\"1.5\" class=\"w-6 h-6\" viewBox=\"0 0 24 24\"><path stroke-linecap=\"round\" stroke-linejoin=\"round\" d=\"M6 18 18 6M6 6l12 12\"\/><\/svg>\t\t\t\t\t<\/button>\n\t\t\t\t<\/div>\n\t\t\t\t<ul id=\"toc\" class=\"mt-5 max-h-[85vh] overflow-y-auto list-none bt-scrollbars\">\n\n\t\t\t\t\t\t\t\t\t\t\t<li>\n\t\t\t\t\t\t\t<a href=\"#first-division-a-wett-tipps-fur-die-heutigen-veranstaltungen\" data-bt-toc-item=\"first-division-a-wett-tipps-fur-die-heutigen-veranstaltungen\"\n\t\t\t\t\t\t\t\t @click=\"show_toc = false\"\n\t\t\t\t\t\t\t\t class=\"block px-4 py-2 text-black border-l-4 border-solid border-transparent hover:border-red-100 transition-all hover:!border-b-0 hover:font-bold\">\nFirst Division A-Wett Tipps f\u00fcr die heutigen Veranstaltungen\n<\/a>\n\t\t\t\t\t\t<\/li>\n\t\t\t\t\t\t\t\t\t\t\t<li>\n\t\t\t\t\t\t\t<a href=\"#welche-buchmacher-gelten-als-die-besten-fur-die-belgische-first-division-a\" data-bt-toc-item=\"welche-buchmacher-gelten-als-die-besten-fur-die-belgische-first-division-a\"\n\t\t\t\t\t\t\t\t @click=\"show_toc = false\"\n\t\t\t\t\t\t\t\t class=\"block px-4 py-2 text-black border-l-4 border-solid border-transparent hover:border-red-100 transition-all hover:!border-b-0 hover:font-bold\">\nWelche Buchmacher gelten als die besten f\u00fcr die belgische First Division A\n<\/a>\n\t\t\t\t\t\t<\/li>\n\t\t\t\t\t\t\t\t\t\t\t<li>\n\t\t\t\t\t\t\t<a href=\"#wie-werden-unsere-wett-tipps-erstellt\" data-bt-toc-item=\"wie-werden-unsere-wett-tipps-erstellt\"\n\t\t\t\t\t\t\t\t @click=\"show_toc = false\"\n\t\t\t\t\t\t\t\t class=\"block px-4 py-2 text-black border-l-4 border-solid border-transparent hover:border-red-100 transition-all hover:!border-b-0 hover:font-bold\">\nWie werden unsere Wett Tipps erstellt?\n<\/a>\n\t\t\t\t\t\t<\/li>\n\t\t\t\t\t\t\t\t\t\t\t<li>\n\t\t\t\t\t\t\t<a href=\"#fur-welche-spiele-der-belgischen-first-division-a-werden-tipps-angeboten\" data-bt-toc-item=\"fur-welche-spiele-der-belgischen-first-division-a-werden-tipps-angeboten\"\n\t\t\t\t\t\t\t\t @click=\"show_toc = false\"\n\t\t\t\t\t\t\t\t class=\"block px-4 py-2 text-black border-l-4 border-solid border-transparent hover:border-red-100 transition-all hover:!border-b-0 hover:font-bold\">\nF\u00fcr welche Spiele der belgischen First Division A werden Tipps angeboten?\n<\/a>\n\t\t\t\t\t\t<\/li>\n\t\t\t\t\t\t\t\t\t\t\t<li>\n\t\t\t\t\t\t\t<a href=\"#wie-oft-werden-die-tipps-fur-die-belgische-first-divison-a-veroffentlicht\" data-bt-toc-item=\"wie-oft-werden-die-tipps-fur-die-belgische-first-divison-a-veroffentlicht\"\n\t\t\t\t\t\t\t\t @click=\"show_toc = false\"\n\t\t\t\t\t\t\t\t class=\"block px-4 py-2 text-black border-l-4 border-solid border-transparent hover:border-red-100 transition-all hover:!border-b-0 hover:font-bold\">\nWie oft werden die Tipps f\u00fcr die belgische First Divison A ver\u00f6ffentlicht?\n<\/a>\n\t\t\t\t\t\t<\/li>\n\t\t\t\t\t\t\t\t\t\t\t<li>\n\t\t\t\t\t\t\t<a href=\"#alles-was-man-uber-wetten-auf-die-belgische-first-division-a-wissen-muss\" data-bt-toc-item=\"alles-was-man-uber-wetten-auf-die-belgische-first-division-a-wissen-muss\"\n\t\t\t\t\t\t\t\t @click=\"show_toc = false\"\n\t\t\t\t\t\t\t\t class=\"block px-4 py-2 text-black border-l-4 border-solid border-transparent hover:border-red-100 transition-all hover:!border-b-0 hover:font-bold\">\nAlles, was man \u00fcber Wetten auf die belgische First Division A wissen muss\n<\/a>\n\t\t\t\t\t\t<\/li>\n\t\t\t\t\t\t\t\t\t\t\t<li>\n\t\t\t\t\t\t\t<a href=\"#welche-sind-die-besten-buchmacher-fur-die-belgische-first-division-a\" data-bt-toc-item=\"welche-sind-die-besten-buchmacher-fur-die-belgische-first-division-a\"\n\t\t\t\t\t\t\t\t @click=\"show_toc = false\"\n\t\t\t\t\t\t\t\t class=\"block px-4 py-2 text-black border-l-4 border-solid border-transparent hover:border-red-100 transition-all hover:!border-b-0 hover:font-bold\">\nWelche sind die besten Buchmacher f\u00fcr die belgische First Division A\n<\/a>\n\t\t\t\t\t\t<\/li>\n\t\t\t\t\t\t\t\t\t\t\t<li>\n\t\t\t\t\t\t\t<a href=\"#alle-mannschaften-und-ihre-heimstadien\" data-bt-toc-item=\"alle-mannschaften-und-ihre-heimstadien\"\n\t\t\t\t\t\t\t\t @click=\"show_toc = false\"\n\t\t\t\t\t\t\t\t class=\"block px-4 py-2 text-black border-l-4 border-solid border-transparent hover:border-red-100 transition-all hover:!border-b-0 hover:font-bold\">\nAlle Mannschaften und ihre Heimstadien\n<\/a>\n\t\t\t\t\t\t<\/li>\n\t\t\t\t\t\t\t\t\t<\/ul>\n\t\t\t\t\t\t\t\t\t\t\t<\/div>\n\t\t<\/div>\n\t<\/div>\n\t\t\t\t\t<\/div>\n\t\t\t<\/div>\n\t\t<\/div>\n\t<\/div>\n<\/div>\n\t<\/div>\n<\/div>\n\n","protected":false},"excerpt":{"rendered":"","protected":false},"author":6,"featured_media":457,"parent":943,"menu_order":1000,"comment_status":"closed","ping_status":"closed","template":"","meta":{"footnotes":""},"tags":[],"acf":[],"_links":{"self":[{"href":"https:\/\/betting.com\/de\/wp-json\/wp\/v2\/pages\/197"}],"collection":[{"href":"https:\/\/betting.com\/de\/wp-json\/wp\/v2\/pages"}],"about":[{"href":"https:\/\/betting.com\/de\/wp-json\/wp\/v2\/types\/page"}],"author":[{"embeddable":true,"href":"https:\/\/betting.com\/de\/wp-json\/wp\/v2\/users\/6"}],"replies":[{"embeddable":true,"href":"https:\/\/betting.com\/de\/wp-json\/wp\/v2\/comments?post=197"}],"version-history":[{"count":4,"href":"https:\/\/betting.com\/de\/wp-json\/wp\/v2\/pages\/197\/revisions"}],"predecessor-version":[{"id":6168,"href":"https:\/\/betting.com\/de\/wp-json\/wp\/v2\/pages\/197\/revisions\/6168"}],"up":[{"embeddable":true,"href":"https:\/\/betting.com\/de\/wp-json\/wp\/v2\/pages\/943"}],"wp:featuredmedia":[{"embeddable":true,"href":"https:\/\/betting.com\/de\/wp-json\/wp\/v2\/media\/457"}],"wp:attachment":[{"href":"https:\/\/betting.com\/de\/wp-json\/wp\/v2\/media?parent=197"}],"wp:term":[{"taxonomy":"post_tag","embeddable":true,"href":"https:\/\/betting.com\/de\/wp-json\/wp\/v2\/tags?post=197"}],"curies":[{"name":"wp","href":"https:\/\/api.w.org\/{rel}","templated":true}]}}