{"id":151,"date":"2022-06-15T14:11:30","date_gmt":"2022-06-15T14:11:30","guid":{"rendered":"https:\/\/betting.com\/de\/?page_id=151"},"modified":"2023-08-02T12:31:08","modified_gmt":"2023-08-02T12:31:08","slug":"tipps","status":"publish","type":"page","link":"https:\/\/betting.com\/de\/argentinische-primera-division\/tipps","title":{"rendered":"Argentinische Primera Division  Wett Tipps"},"content":{"rendered":"<div class=\" container-white py-8\">\n\t<div class=\"wp-block-container-toc  \">\n\t\t\t<div class=\"bg-white\">\n\t<div class=\"flex flex-col-reverse lg:flex-row lg:gap-8 py-10\">\n\t\t<article class=\"max-w-[960px] flex-grow\" data-bt-content>\n\t\t\t\n<h2 class=\"wp-block-heading\" id=\"argentinian-primera-division-wett-tipps-fur-die-heutigen-veranstaltungen\">Argentinian Primera Division-Wett Tipps f\u00fcr die heutigen Veranstaltungen<\/h2>\n\n\n\n<p>Die Argentinische Primera Divisi\u00f3n, auch bekannt als Liga Profesional de F\u00fatbol, ist die h\u00f6chste Spielklasse in Argentinien.&nbsp;<\/p>\n\n\n\n<h2 class=\"wp-block-heading\" id=\"wie-entstehen-unsere-wett-tipps\">Wie entstehen unsere Wett Tipps?<\/h2>\n\n\n\n<p>Alle unsere Wett Tipps und Informationen sind gut recherchiert und enthalten genaue Informationen. Unsere Experten kennen die Fu\u00dfballwettm\u00e4rkte und unsere Erfolgsquote best\u00e4tigt das. Alle unsere Vorhersagen und kostenlosen Wett Tipps werden auf der Basis von Statistiken erstellt.<\/p>\n\n\n\n<p><em>\u201cDer Erfolg unserer Tipps f\u00fchrt dazu, dass viele Spieler wiederkommen und weiterspielen.\u201d<\/em><\/p>\n\n\n\n<p>F\u00fcr welche Spiele der argentinischen Primera Divisi\u00f3n werden Tipps angeboten?<\/p>\n\n\n\n<p>Bei uns finden Sie Wettipps von unseren Top-Tippern f\u00fcr alle Spiele, insbesondere f\u00fcr gro\u00dfe Derbys wie Boca gegen River Plate. Vorhersagen und kostenlose Wett Tipps sind f\u00fcr alle wichtigen Spiele in der argentinischen Spitzenklasse verf\u00fcgbar.<\/p>\n\n\n\n<h2 class=\"wp-block-heading\" id=\"wie-oft-veroffentlichen-wir-unsere-wett-tipps-fur-die-argentinische-primera-division\">Wie oft ver\u00f6ffentlichen wir unsere Wett Tipps f\u00fcr die argentinische Primera Divisi\u00f3n?<\/h2>\n\n\n\n<p>T\u00e4glich, in der Regel am Tag vor dem Spiel oder am Tag des Anpfiffs, finden Sie Wettipps und Prognosen zur Argentinischen Liga. Diese Wett Tipps sind v\u00f6llig kostenlos.<\/p>\n\n\n\n<h2 class=\"wp-block-heading\" id=\"alles-was-sie-uber-wetten-auf-die-argentinische-primera-division-wissen-mussen\">Alles, was Sie \u00fcber Wetten auf die argentinische Primera Divisi\u00f3n wissen m\u00fcssen<\/h2>\n\n\n\n<p>Der Gesamtsieger der Liga ist immer der beliebteste Wettmarkt f\u00fcr die argentinische Liga. Wahrscheinlich wird die Liga auf ein Elfmeterschie\u00dfen zwischen zwei Teams hinauslaufen, so dass sich hier viel Geld verdienen l\u00e4sst.<\/p>\n\n\n\n<p>Unsere Experten-Wett Tipps geben Ihnen einen detaillierten \u00dcberblick \u00fcber die Liga, mit Recherchen zu Vereinen, Spielern und Neuverpflichtungen. Anhand dieser Informationen k\u00f6nnen Sie Ihre Wetten ausw\u00e4hlen.<\/p>\n\n\n\n<p>Folgen Sie den Tippern auf unserer Plattform und wetten Sie mit gutem Gewissen. Sie k\u00f6nnen auch betting.com nutzen, um Quoten zu vergleichen und die besten Tipps zu finden.<\/p>\n\n\n\n<h2 class=\"wp-block-heading\" id=\"welcher-bonus-ist-der-beste-fur-unsere-liga-wetten\">Welcher Bonus ist der beste f\u00fcr unsere Liga-Wetten?<\/h2>\n\n\n\n<p>Es gibt viele verschiedene Boni f\u00fcr die argentinische Liga. Wir haben viele davon getestet und empfehlen, auf erh\u00f6hte Quoten und Anmeldeangebote zu achten, um das Beste aus Ihren Wetten herauszuholen. Die meisten argentinischen Liga-Boni sind mit leicht zu erf\u00fcllenden Bedingungen verbunden.<\/p>\n\n\t\t<\/article>\n\t\t<div class=\"lg:w-[300px] lg:flex-shrink-0 relative\" x-data=\"{show_toc: false}\">\n\t\t\t<div class=\"lg:sticky lg:top-4 z-30\">\n\t\t\t\t<div class=\"fixed -top-64 left-0 w-full z-50 lg:static transition-all hidden lg:block\" id=\"fixed-toc\">\n\t\t\t\t\t<div>\n\t\t\t\t<div class=\"border-b border-solid border-gray-30 text-lg font-bold lg:pt-7 max-lg:px-4 py-3 flex items-center justify-between bg-white lg:bg-transparent\">\n\t\t\tWas gibt es auf dieser Seite\n\t\t\t<button @click=\"show_toc = true\" class=\"btn btn-red-outline-white block lg:hidden\">Jump to<\/button>\n\t\t<\/div>\n\t\t\t\t<div\n\t\t\tclass=\"max-lg:fixed max-lg:top-0 max-lg:left-0 max-lg:w-screen max-lg:h-screen max-lg:bg-gray-70 max-lg:bg-opacity-75 max-lg:hidden\"\n\t\t\t:class=\"{'max-lg:hidden': !show_toc}\"\n\t\t\t@click=\"show_toc = false\"\n\t\t>\n\t\t\t<div class=\"max-lg:absolute max-lg:bottom-0 max-lg:left-0 max-lg:w-screen bg-white lg:bg-transparent\">\n\t\t\t\t\t\t\t\t<div class=\"flex lg:hidden items-center justify-between mx-4 border-b border-solid border-gray-30 pt-6 pb-2 font-bold\">\n\n\t\t\t\t\tAuf dieser Seite\n\t\t\t\t\t<button @click=\"show_toc = false\">\n\t\t\t\t\t\t<svg class=\"w-5 h-5 text-gray-100\" xmlns=\"http:\/\/www.w3.org\/2000\/svg\" fill=\"none\" stroke=\"currentColor\" stroke-width=\"1.5\" class=\"w-6 h-6\" viewBox=\"0 0 24 24\"><path stroke-linecap=\"round\" stroke-linejoin=\"round\" d=\"M6 18 18 6M6 6l12 12\"\/><\/svg>\t\t\t\t\t<\/button>\n\t\t\t\t<\/div>\n\t\t\t\t<ul id=\"toc\" class=\"mt-5 max-h-[85vh] overflow-y-auto list-none bt-scrollbars\">\n\n\t\t\t\t\t\t\t\t\t\t\t<li>\n\t\t\t\t\t\t\t<a href=\"#argentinian-primera-division-wett-tipps-fur-die-heutigen-veranstaltungen\" data-bt-toc-item=\"argentinian-primera-division-wett-tipps-fur-die-heutigen-veranstaltungen\"\n\t\t\t\t\t\t\t\t @click=\"show_toc = false\"\n\t\t\t\t\t\t\t\t class=\"block px-4 py-2 text-black border-l-4 border-solid border-transparent hover:border-red-100 transition-all hover:!border-b-0 hover:font-bold\">\nArgentinian Primera Division-Wett Tipps f\u00fcr die heutigen Veranstaltungen\n<\/a>\n\t\t\t\t\t\t<\/li>\n\t\t\t\t\t\t\t\t\t\t\t<li>\n\t\t\t\t\t\t\t<a href=\"#wie-entstehen-unsere-wett-tipps\" data-bt-toc-item=\"wie-entstehen-unsere-wett-tipps\"\n\t\t\t\t\t\t\t\t @click=\"show_toc = false\"\n\t\t\t\t\t\t\t\t class=\"block px-4 py-2 text-black border-l-4 border-solid border-transparent hover:border-red-100 transition-all hover:!border-b-0 hover:font-bold\">\nWie entstehen unsere Wett Tipps?\n<\/a>\n\t\t\t\t\t\t<\/li>\n\t\t\t\t\t\t\t\t\t\t\t<li>\n\t\t\t\t\t\t\t<a href=\"#wie-oft-veroffentlichen-wir-unsere-wett-tipps-fur-die-argentinische-primera-division\" data-bt-toc-item=\"wie-oft-veroffentlichen-wir-unsere-wett-tipps-fur-die-argentinische-primera-division\"\n\t\t\t\t\t\t\t\t @click=\"show_toc = false\"\n\t\t\t\t\t\t\t\t class=\"block px-4 py-2 text-black border-l-4 border-solid border-transparent hover:border-red-100 transition-all hover:!border-b-0 hover:font-bold\">\nWie oft ver\u00f6ffentlichen wir unsere Wett Tipps f\u00fcr die argentinische Primera Divisi\u00f3n?\n<\/a>\n\t\t\t\t\t\t<\/li>\n\t\t\t\t\t\t\t\t\t\t\t<li>\n\t\t\t\t\t\t\t<a href=\"#alles-was-sie-uber-wetten-auf-die-argentinische-primera-division-wissen-mussen\" data-bt-toc-item=\"alles-was-sie-uber-wetten-auf-die-argentinische-primera-division-wissen-mussen\"\n\t\t\t\t\t\t\t\t @click=\"show_toc = false\"\n\t\t\t\t\t\t\t\t class=\"block px-4 py-2 text-black border-l-4 border-solid border-transparent hover:border-red-100 transition-all hover:!border-b-0 hover:font-bold\">\nAlles, was Sie \u00fcber Wetten auf die argentinische Primera Divisi\u00f3n wissen m\u00fcssen\n<\/a>\n\t\t\t\t\t\t<\/li>\n\t\t\t\t\t\t\t\t\t\t\t<li>\n\t\t\t\t\t\t\t<a href=\"#welcher-bonus-ist-der-beste-fur-unsere-liga-wetten\" data-bt-toc-item=\"welcher-bonus-ist-der-beste-fur-unsere-liga-wetten\"\n\t\t\t\t\t\t\t\t @click=\"show_toc = false\"\n\t\t\t\t\t\t\t\t class=\"block px-4 py-2 text-black border-l-4 border-solid border-transparent hover:border-red-100 transition-all hover:!border-b-0 hover:font-bold\">\nWelcher Bonus ist der beste f\u00fcr unsere Liga-Wetten?\n<\/a>\n\t\t\t\t\t\t<\/li>\n\t\t\t\t\t\t\t\t\t<\/ul>\n\t\t\t\t\t\t\t\t\t\t\t<\/div>\n\t\t<\/div>\n\t<\/div>\n\t\t\t\t\t<\/div>\n\t\t\t<\/div>\n\t\t<\/div>\n\t<\/div>\n<\/div>\n\t<\/div>\n<\/div>\n\n","protected":false},"excerpt":{"rendered":"","protected":false},"author":6,"featured_media":468,"parent":987,"menu_order":1000,"comment_status":"closed","ping_status":"closed","template":"","meta":{"footnotes":""},"tags":[],"acf":[],"_links":{"self":[{"href":"https:\/\/betting.com\/de\/wp-json\/wp\/v2\/pages\/151"}],"collection":[{"href":"https:\/\/betting.com\/de\/wp-json\/wp\/v2\/pages"}],"about":[{"href":"https:\/\/betting.com\/de\/wp-json\/wp\/v2\/types\/page"}],"author":[{"embeddable":true,"href":"https:\/\/betting.com\/de\/wp-json\/wp\/v2\/users\/6"}],"replies":[{"embeddable":true,"href":"https:\/\/betting.com\/de\/wp-json\/wp\/v2\/comments?post=151"}],"version-history":[{"count":4,"href":"https:\/\/betting.com\/de\/wp-json\/wp\/v2\/pages\/151\/revisions"}],"predecessor-version":[{"id":6167,"href":"https:\/\/betting.com\/de\/wp-json\/wp\/v2\/pages\/151\/revisions\/6167"}],"up":[{"embeddable":true,"href":"https:\/\/betting.com\/de\/wp-json\/wp\/v2\/pages\/987"}],"wp:featuredmedia":[{"embeddable":true,"href":"https:\/\/betting.com\/de\/wp-json\/wp\/v2\/media\/468"}],"wp:attachment":[{"href":"https:\/\/betting.com\/de\/wp-json\/wp\/v2\/media?parent=151"}],"wp:term":[{"taxonomy":"post_tag","embeddable":true,"href":"https:\/\/betting.com\/de\/wp-json\/wp\/v2\/tags?post=151"}],"curies":[{"name":"wp","href":"https:\/\/api.w.org\/{rel}","templated":true}]}}