{"id":148,"date":"2022-06-15T14:06:18","date_gmt":"2022-06-15T14:06:18","guid":{"rendered":"https:\/\/betting.com\/de\/?page_id=148"},"modified":"2023-08-02T12:31:08","modified_gmt":"2023-08-02T12:31:08","slug":"tipps","status":"publish","type":"page","link":"https:\/\/betting.com\/de\/allsvenskan\/tipps","title":{"rendered":"Allsvenskan Wett Tipps"},"content":{"rendered":"<div class=\" container-white py-8\">\n\t<div class=\"wp-block-container-toc  \">\n\t\t\t<div class=\"bg-white\">\n\t<div class=\"flex flex-col-reverse lg:flex-row lg:gap-8 py-10\">\n\t\t<article class=\"max-w-[960px] flex-grow\" data-bt-content>\n\t\t\t\n<h2 class=\"wp-block-heading\" id=\"allsvenskan-wett-tipps-fur-die-heutigen-veranstaltungen\">Allsvenskan-Wett Tipps f\u00fcr die heutigen Veranstaltungen<\/h2>\n\n\n\n<p>Wetten sind nicht mehr nur auf die gr\u00f6\u00dften Ligen der Welt beschr\u00e4nkt, sondern man kann auch auf einige der kleineren Ligen in der ganzen Welt wetten, die genauso zug\u00e4nglich sind wie die gro\u00dfen. Das gilt auch f\u00fcr Schwedens h\u00f6chste Fu\u00dfballliga.<\/p>\n\n\n\n<p>Wett Tipps und Prognosen f\u00fcr die Allsvenskan sind in den letzten Jahren au\u00dferordentlich beliebt geworden, da die Qualit\u00e4t der schwedischen Top-Liga eindrucksvoll gestiegen ist. Wenn du dich daf\u00fcr entscheiden solltest, eine Wette auf die Allsvenskan zu platzieren, musst du dich gut informieren und klug entscheiden, worauf du setzt &#8211; und dabei k\u00f6nnen wir dir jede Woche helfen.<\/p>\n\n\n\n<h2 class=\"wp-block-heading\" id=\"welche-sind-die-besten-buchmacher-fur-allsvenskan\">Welche sind die besten Buchmacher f\u00fcr Allsvenskan<\/h2>\n\n\n\n<p>Die besten Buchmacher f\u00fcr Allsvenskan-Wetten sind Unibet und bet365. Beide Buchmacher bieten eine brillante Menge an Anpassungsm\u00f6glichkeiten bei deinen Allsvenskan-Wett Tipps, da es so viele Wettm\u00e4rkte gibt.&nbsp;<\/p>\n\n\n\n<p>Nat\u00fcrlich bieten auch viele andere Buchmacher eine gro\u00dfe Anzahl von Wettm\u00e4rkten an, aber Unibet und bet365 sind unserer Meinung nach die besten. Dies, zusammen mit hervorragenden Angeboten f\u00fcr Neu- und Bestandskunden, gro\u00dfartigen Funktionen auf der Website und wettbewerbsf\u00e4higen Quoten, macht Unibet und bet365 zu den besten Buchmachern, wenn es um Allsvenskan-Wetten geht.<\/p>\n\n\n\n<h2 class=\"wp-block-heading\" id=\"wie-erstellen-wir-unsere-wett-tipps\">Wie erstellen wir unsere Wett Tipps?<\/h2>\n\n\n\n<p>Da die Liga von Fr\u00fchling bis Winter gespielt wird, ist die Allsvenskan ein interessanter Wettmarkt. Fu\u00dfball in den Wintermonaten ist oft ganz anders als in den Sommermonaten, und dies kann die erwarteten Tore steigen und fallen sehen und ist daher wichtig, im Auge zu behalten.<\/p>\n\n\n\n<p>Bedenke, dass viele Mannschaften wegen des schlechten Wetters auf Kunstrasen umgestellt haben, was sich auch auf die Wetten auswirken kann. Diese Art von Wissen ist etwas, das Gelegenheits-Wettern nicht bekannt ist, und das ist nur einer der Gr\u00fcnde, warum unsere Allsvenskan-Wettipps und Vorhersagen so wichtig und hilfreich sind.<\/p>\n\n\n\n<p>Die hohen Erfolgsquoten unserer Tipps haben dazu gef\u00fchrt, dass viele Tipper immer wieder zu uns zur\u00fcckkehren.<\/p>\n\n\n\n<h2 class=\"wp-block-heading\" id=\"fur-welche-spiele-der-allsvenskan-bieten-wir-tipps-an\">F\u00fcr welche Spiele der Allsvenskan bieten wir Tipps an?<\/h2>\n\n\n\n<p>Egal, ob es sich um ein gro\u00dfes Derby, einen Kampf um die Tabellenspitze, ein europ\u00e4isches Duell oder einen Abstiegskampf handelt, bei uns findest du eine Reihe von Tipps f\u00fcr die gr\u00f6\u00dfte schwedische Liga. Allsvenskan-Wett Tipps und Allsvenskan-Prognosen sind auf unserer Website sehr beliebt geworden, denn die Erfolgsquote bei unseren Gratis-Wett Tipps ist sehr hoch.<\/p>\n\n\n\n<h2 class=\"wp-block-heading\" id=\"wie-oft-veroffentlichen-wir-unsere-allsvenskan-wett-tipps\">Wie oft ver\u00f6ffentlichen wir unsere Allsvenskan-Wett Tipps?<\/h2>\n\n\n\n<p>In der Regel findest du unsere Allsvenskan-Wett Tipps und -Vorhersagen am Tag vor einem Spiel. Das gibt dir mehr als genug Zeit, um die Experten-Allsvenskan-Vorhersagen zu lesen, zu verarbeiten und zu nutzen, die wir kostenlos vor Ort bereitstellen. Besonders erfolgreiche Tipps sind bei uns die Regel.<\/p>\n\n\n\n<h2 class=\"wp-block-heading\" id=\"alles-was-du-uber-allsvenskan-wetten-wissen-muss\">Alles, was du \u00fcber Allsvenskan-Wetten wissen muss<\/h2>\n\n\n\n<p>Die beliebtesten Allsvenskan-Wettm\u00e4rkte sind die M\u00e4rkte f\u00fcr Matchwinner und Torsch\u00fctzen. Matchwinner ist einer der einfachsten Wettm\u00e4rkte, da du einfach auf einen Heimsieg, einen Ausw\u00e4rtssieg oder ein Unentschieden wettest.<\/p>\n\n\n\n<p><em>\u201cDie Quoten f\u00fcr den Favoriten sind in der Regel recht niedrig, w\u00e4hrend der Au\u00dfenseiter in der Regel mehr Spielraum f\u00fcr die Wetter bietet. Die Quoten f\u00fcr ein Unentschieden sind jedoch von Liga zu Liga und von Spiel zu Spiel unterschiedlich.&nbsp;<\/em><\/p>\n\n\n\n<p><em>In manchen Ligen und bei manchen Mannschaften ist die Wahrscheinlichkeit eines Unentschiedens aufgrund der Spielweise der Mannschaften, der Lage der Liga und sogar des Wetters gr\u00f6\u00dfer, so dass die Quoten geringer ausfallen. Achte darauf, dass du ausreichend recherchierst, bevor du auf ein Ergebnis in diesem Bereich wettest, da ein unerfahrener Wettender die wichtigsten Details \u00fcbersehen k\u00f6nnte, wenn es um Allsvenskan-Wettipps geht.\u201d<\/em><\/p>\n\n\n\n<p>Ein weiterer sehr beliebter Markt ist der Torsch\u00fctzenmarkt. Dieser Wettmarkt ist unterteilt in Torsch\u00fctze zu jeder Zeit, erster Torsch\u00fctze und letzter Torsch\u00fctze. Alle drei M\u00e4rkte sind selbsterkl\u00e4rend und bieten unterschiedlich hohe Quoten, auch wenn du bei allen drei M\u00e4rkten auf denselben Spieler im selben Spiel setzt.&nbsp;<\/p>\n\n\n\n<p>Der Markt &#8222;Jederzeitiger Torsch\u00fctze&#8220; bietet oft die niedrigsten Quoten, da dein Spieler deine Wette gewinnen kann, wenn er zu einem beliebigen Zeitpunkt im Spiel trifft.&nbsp;<\/p>\n\n\n\n<p>Bei den M\u00e4rkten f\u00fcr den ersten und den letzten Torsch\u00fctzen musst du hingegen genau wissen, ob ein Spieler als erster oder als letzter ein Tor erzielt. Wenn du lernen m\u00f6chtest, wie du mit unseren Allsvenskan-Wett Tipps auf die Allsvenskan wetten kannst, findest du hier bei betting.com gute Torsch\u00fctzen-Wettipps sowie eine riesige Menge an kostenlosen Wett Tipps f\u00fcr eine F\u00fclle anderer M\u00e4rkte.<\/p>\n\n\n\n<h2 class=\"wp-block-heading\" id=\"welcher-bonus-ist-der-beste-fur-meine-allsvenskan-wetten\">Welcher Bonus ist der Beste f\u00fcr meine Allsvenskan-Wetten?<\/h2>\n\n\n\n<p>Wenn es um Wetten auf Allsvenskan-Spiele geht, ist es wichtig, dass du sicherstellst, dass du mit dem richtigen Bonus wettest. Wenn du ein neuer Kunde bist, solltest du darauf achten, das Beste aus einem Angebot zu machen, das du wahrscheinlich nutzen m\u00f6chtest.<\/p>\n\n\n\n<p>Bei einer Gratiswette (z. B. Wette 10 \u20ac, erhalte 20 \u20ac) zahlst du einen bestimmten Betrag ein und der Buchmacher belohnt dich dann mit Gratiswetten, die du nutzen kannst. Dieses Angebot ist sehr einfach zu nutzen und am besten anzuwenden, da die Anforderungen nicht sehr komplex sind.<\/p>\n\n\n\n<p>Wenn du allerdings ein erfahrener Wetter bist, k\u00f6nntest du von einem Angebot mit gleicher Einzahlung oder einer Wettversicherung \u00fcberzeugt sein, da diese ein bisschen mehr Know-how erfordern, um sie richtig zu nutzen.<\/p>\n\n\n\n<h2 class=\"wp-block-heading\" id=\"alle-mannschaften-und-ihre-heimstadien\">Alle Mannschaften und ihre Heimstadien<\/h2>\n\n\n\n<p>AIK &#8211; Friends Arena<\/p>\n\n\n\n<p>BK H\u00e4cken &#8211; Bravida Arena<\/p>\n\n\n\n<p>Degerfors IF &#8211; Stora Valla<\/p>\n\n\n\n<p>Djurg\u00e5rdens IF &#8211; Tele2 Arena<\/p>\n\n\n\n<p>Hammarby IF &#8211; Tele2 Arena<\/p>\n\n\n\n<p>Helsingborgs IF &#8211; Olympia<\/p>\n\n\n\n<p>GIF Sundsvall &#8211; NP3 Arena<\/p>\n\n\n\n<p>IF Elfsborg &#8211; Boras Arena<\/p>\n\n\n\n<p>IFK G\u00f6teborg &#8211; Gamla Ullevi<\/p>\n\n\n\n<p>IFK Norrk\u00f6ping &#8211; PlatinumCars Arena<\/p>\n\n\n\n<p>IFK V\u00e4rnamo &#8211; Finnvedsvallen<\/p>\n\n\n\n<p>IK Sirius &#8211; Nya Studenternas<\/p>\n\n\n\n<p>Kalmar FF &#8211; Guldfageln Arena<\/p>\n\n\n\n<p>Malm\u00f6 FF &#8211; Eleda Stadion<\/p>\n\n\n\n<p>Mj\u00e4llby AIF &#8211; Strandvallen<\/p>\n\n\n\n<p>Varbergs BoIS &#8211; Varberg Energi Arena<\/p>\n\n\t\t<\/article>\n\t\t<div class=\"lg:w-[300px] lg:flex-shrink-0 relative\" x-data=\"{show_toc: false}\">\n\t\t\t<div class=\"lg:sticky lg:top-4 z-30\">\n\t\t\t\t<div class=\"fixed -top-64 left-0 w-full z-50 lg:static transition-all hidden lg:block\" id=\"fixed-toc\">\n\t\t\t\t\t<div>\n\t\t\t\t<div class=\"border-b border-solid border-gray-30 text-lg font-bold lg:pt-7 max-lg:px-4 py-3 flex items-center justify-between bg-white lg:bg-transparent\">\n\t\t\tWas gibt es auf dieser Seite\n\t\t\t<button @click=\"show_toc = true\" class=\"btn btn-red-outline-white block lg:hidden\">Jump to<\/button>\n\t\t<\/div>\n\t\t\t\t<div\n\t\t\tclass=\"max-lg:fixed max-lg:top-0 max-lg:left-0 max-lg:w-screen max-lg:h-screen max-lg:bg-gray-70 max-lg:bg-opacity-75 max-lg:hidden\"\n\t\t\t:class=\"{'max-lg:hidden': !show_toc}\"\n\t\t\t@click=\"show_toc = false\"\n\t\t>\n\t\t\t<div class=\"max-lg:absolute max-lg:bottom-0 max-lg:left-0 max-lg:w-screen bg-white lg:bg-transparent\">\n\t\t\t\t\t\t\t\t<div class=\"flex lg:hidden items-center justify-between mx-4 border-b border-solid border-gray-30 pt-6 pb-2 font-bold\">\n\n\t\t\t\t\tAuf dieser Seite\n\t\t\t\t\t<button @click=\"show_toc = false\">\n\t\t\t\t\t\t<svg class=\"w-5 h-5 text-gray-100\" xmlns=\"http:\/\/www.w3.org\/2000\/svg\" fill=\"none\" stroke=\"currentColor\" stroke-width=\"1.5\" class=\"w-6 h-6\" viewBox=\"0 0 24 24\"><path stroke-linecap=\"round\" stroke-linejoin=\"round\" d=\"M6 18 18 6M6 6l12 12\"\/><\/svg>\t\t\t\t\t<\/button>\n\t\t\t\t<\/div>\n\t\t\t\t<ul id=\"toc\" class=\"mt-5 max-h-[85vh] overflow-y-auto list-none bt-scrollbars\">\n\n\t\t\t\t\t\t\t\t\t\t\t<li>\n\t\t\t\t\t\t\t<a href=\"#allsvenskan-wett-tipps-fur-die-heutigen-veranstaltungen\" data-bt-toc-item=\"allsvenskan-wett-tipps-fur-die-heutigen-veranstaltungen\"\n\t\t\t\t\t\t\t\t @click=\"show_toc = false\"\n\t\t\t\t\t\t\t\t class=\"block px-4 py-2 text-black border-l-4 border-solid border-transparent hover:border-red-100 transition-all hover:!border-b-0 hover:font-bold\">\nAllsvenskan-Wett Tipps f\u00fcr die heutigen Veranstaltungen\n<\/a>\n\t\t\t\t\t\t<\/li>\n\t\t\t\t\t\t\t\t\t\t\t<li>\n\t\t\t\t\t\t\t<a href=\"#welche-sind-die-besten-buchmacher-fur-allsvenskan\" data-bt-toc-item=\"welche-sind-die-besten-buchmacher-fur-allsvenskan\"\n\t\t\t\t\t\t\t\t @click=\"show_toc = false\"\n\t\t\t\t\t\t\t\t class=\"block px-4 py-2 text-black border-l-4 border-solid border-transparent hover:border-red-100 transition-all hover:!border-b-0 hover:font-bold\">\nWelche sind die besten Buchmacher f\u00fcr Allsvenskan\n<\/a>\n\t\t\t\t\t\t<\/li>\n\t\t\t\t\t\t\t\t\t\t\t<li>\n\t\t\t\t\t\t\t<a href=\"#wie-erstellen-wir-unsere-wett-tipps\" data-bt-toc-item=\"wie-erstellen-wir-unsere-wett-tipps\"\n\t\t\t\t\t\t\t\t @click=\"show_toc = false\"\n\t\t\t\t\t\t\t\t class=\"block px-4 py-2 text-black border-l-4 border-solid border-transparent hover:border-red-100 transition-all hover:!border-b-0 hover:font-bold\">\nWie erstellen wir unsere Wett Tipps?\n<\/a>\n\t\t\t\t\t\t<\/li>\n\t\t\t\t\t\t\t\t\t\t\t<li>\n\t\t\t\t\t\t\t<a href=\"#fur-welche-spiele-der-allsvenskan-bieten-wir-tipps-an\" data-bt-toc-item=\"fur-welche-spiele-der-allsvenskan-bieten-wir-tipps-an\"\n\t\t\t\t\t\t\t\t @click=\"show_toc = false\"\n\t\t\t\t\t\t\t\t class=\"block px-4 py-2 text-black border-l-4 border-solid border-transparent hover:border-red-100 transition-all hover:!border-b-0 hover:font-bold\">\nF\u00fcr welche Spiele der Allsvenskan bieten wir Tipps an?\n<\/a>\n\t\t\t\t\t\t<\/li>\n\t\t\t\t\t\t\t\t\t\t\t<li>\n\t\t\t\t\t\t\t<a href=\"#wie-oft-veroffentlichen-wir-unsere-allsvenskan-wett-tipps\" data-bt-toc-item=\"wie-oft-veroffentlichen-wir-unsere-allsvenskan-wett-tipps\"\n\t\t\t\t\t\t\t\t @click=\"show_toc = false\"\n\t\t\t\t\t\t\t\t class=\"block px-4 py-2 text-black border-l-4 border-solid border-transparent hover:border-red-100 transition-all hover:!border-b-0 hover:font-bold\">\nWie oft ver\u00f6ffentlichen wir unsere Allsvenskan-Wett Tipps?\n<\/a>\n\t\t\t\t\t\t<\/li>\n\t\t\t\t\t\t\t\t\t\t\t<li>\n\t\t\t\t\t\t\t<a href=\"#alles-was-du-uber-allsvenskan-wetten-wissen-muss\" data-bt-toc-item=\"alles-was-du-uber-allsvenskan-wetten-wissen-muss\"\n\t\t\t\t\t\t\t\t @click=\"show_toc = false\"\n\t\t\t\t\t\t\t\t class=\"block px-4 py-2 text-black border-l-4 border-solid border-transparent hover:border-red-100 transition-all hover:!border-b-0 hover:font-bold\">\nAlles, was du \u00fcber Allsvenskan-Wetten wissen muss\n<\/a>\n\t\t\t\t\t\t<\/li>\n\t\t\t\t\t\t\t\t\t\t\t<li>\n\t\t\t\t\t\t\t<a href=\"#welcher-bonus-ist-der-beste-fur-meine-allsvenskan-wetten\" data-bt-toc-item=\"welcher-bonus-ist-der-beste-fur-meine-allsvenskan-wetten\"\n\t\t\t\t\t\t\t\t @click=\"show_toc = false\"\n\t\t\t\t\t\t\t\t class=\"block px-4 py-2 text-black border-l-4 border-solid border-transparent hover:border-red-100 transition-all hover:!border-b-0 hover:font-bold\">\nWelcher Bonus ist der Beste f\u00fcr meine Allsvenskan-Wetten?\n<\/a>\n\t\t\t\t\t\t<\/li>\n\t\t\t\t\t\t\t\t\t\t\t<li>\n\t\t\t\t\t\t\t<a href=\"#alle-mannschaften-und-ihre-heimstadien\" data-bt-toc-item=\"alle-mannschaften-und-ihre-heimstadien\"\n\t\t\t\t\t\t\t\t @click=\"show_toc = false\"\n\t\t\t\t\t\t\t\t class=\"block px-4 py-2 text-black border-l-4 border-solid border-transparent hover:border-red-100 transition-all hover:!border-b-0 hover:font-bold\">\nAlle Mannschaften und ihre Heimstadien\n<\/a>\n\t\t\t\t\t\t<\/li>\n\t\t\t\t\t\t\t\t\t<\/ul>\n\t\t\t\t\t\t\t\t\t\t\t<\/div>\n\t\t<\/div>\n\t<\/div>\n\t\t\t\t\t<\/div>\n\t\t\t<\/div>\n\t\t<\/div>\n\t<\/div>\n<\/div>\n\t<\/div>\n<\/div>\n\n","protected":false},"excerpt":{"rendered":"","protected":false},"author":6,"featured_media":434,"parent":989,"menu_order":1000,"comment_status":"closed","ping_status":"closed","template":"","meta":{"footnotes":""},"tags":[],"acf":[],"_links":{"self":[{"href":"https:\/\/betting.com\/de\/wp-json\/wp\/v2\/pages\/148"}],"collection":[{"href":"https:\/\/betting.com\/de\/wp-json\/wp\/v2\/pages"}],"about":[{"href":"https:\/\/betting.com\/de\/wp-json\/wp\/v2\/types\/page"}],"author":[{"embeddable":true,"href":"https:\/\/betting.com\/de\/wp-json\/wp\/v2\/users\/6"}],"replies":[{"embeddable":true,"href":"https:\/\/betting.com\/de\/wp-json\/wp\/v2\/comments?post=148"}],"version-history":[{"count":4,"href":"https:\/\/betting.com\/de\/wp-json\/wp\/v2\/pages\/148\/revisions"}],"predecessor-version":[{"id":6166,"href":"https:\/\/betting.com\/de\/wp-json\/wp\/v2\/pages\/148\/revisions\/6166"}],"up":[{"embeddable":true,"href":"https:\/\/betting.com\/de\/wp-json\/wp\/v2\/pages\/989"}],"wp:featuredmedia":[{"embeddable":true,"href":"https:\/\/betting.com\/de\/wp-json\/wp\/v2\/media\/434"}],"wp:attachment":[{"href":"https:\/\/betting.com\/de\/wp-json\/wp\/v2\/media?parent=148"}],"wp:term":[{"taxonomy":"post_tag","embeddable":true,"href":"https:\/\/betting.com\/de\/wp-json\/wp\/v2\/tags?post=148"}],"curies":[{"name":"wp","href":"https:\/\/api.w.org\/{rel}","templated":true}]}}