{"id":146,"date":"2022-06-15T14:03:26","date_gmt":"2022-06-15T14:03:26","guid":{"rendered":"https:\/\/betting.com\/de\/?page_id=146"},"modified":"2023-08-02T12:31:08","modified_gmt":"2023-08-02T12:31:08","slug":"tipps","status":"publish","type":"page","link":"https:\/\/betting.com\/de\/bundesliga-2\/tipps","title":{"rendered":"2. Bundesliga Wett Tipps"},"content":{"rendered":"<div class=\" container-white py-8\">\n\t<div class=\"wp-block-container-toc  \">\n\t\t\t<div class=\"bg-white\">\n\t<div class=\"flex flex-col-reverse lg:flex-row lg:gap-8 py-10\">\n\t\t<article class=\"max-w-[960px] flex-grow\" data-bt-content>\n\t\t\t\n<h2 class=\"wp-block-heading\" id=\"bundesliga-2-wett-tipps-fur-die-heutigen-veranstaltungen\">Bundesliga 2-Wett Tipps f\u00fcr die heutigen Veranstaltungen<\/h2>\n\n\n\n<p>Die Tatsache, dass du auf dieser Seite gelandet bist, zeigt uns, dass du daran interessiert bist, die besten Wett Tipps f\u00fcr die 2. Bundesliga zu erfahren. Zum Gl\u00fcck bist du an der richtigen Stelle, denn Betting.com ist eine Plattform, auf der du alle notwendigen Informationen und Werkzeuge findest, um die Buchmacher zu schlagen.<\/p>\n\n\n\n<p>Wir verf\u00fcgen \u00fcber eine Datenbank mit \u00fcber 500 verifizierten Tippern, die t\u00e4glich ihr Wissen weitergeben. Du kannst 2. Bundesliga-Wett Tipps f\u00fcr so ziemlich jede Runde der Saison finden und das bedeutet, dass alle wichtigen Spiele f\u00fcr deine Wettbed\u00fcrfnisse abgedeckt werden.<\/p>\n\n\n\n<p>Da die zweite Liga des deutschen Fu\u00dfballs eine der beliebtesten Ligen auf hohem Niveau ist, ist das Interesse an Tipps und Vorhersagen gro\u00df, und wir bieten nur das Beste auf unserer Plattform.<\/p>\n\n\n\n<h2 class=\"wp-block-heading\" id=\"fussball-wett-tipps-fur-die-2-bundesliga-2022-23\">Fu\u00dfball-Wett Tipps f\u00fcr die 2. Bundesliga 2022\/23<\/h2>\n\n\n\n<p>Der deutsche Fu\u00dfball wird seit jeher sehr gesch\u00e4tzt und mit den j\u00fcngsten Fortschritten in der Technologie, insbesondere der Verbreitung von Streaming-Plattformen, haben auch die unteren Ligen auf der ganzen Welt begonnen, eine gr\u00f6\u00dfere internationale Anh\u00e4ngerschaft zu gewinnen.<\/p>\n\n\n\n<p>Das hat auch die Interesse derjenigen geweckt, die sich selbst als Anh\u00e4nger von Fu\u00dfball-Wetten bezeichnen, da die Menge an verf\u00fcgbaren Infos in den letzten zehn Jahren drastisch zugenommen hat, und je mehr Infos zur Verf\u00fcgung stehen, desto einfacher ist es, eine Wette einzugehen.<\/p>\n\n\n\n<p>Die 2. Bundesliga ist eine Liga, die hochklassigen Fu\u00dfball bietet, und manchmal vergisst man, dass es sich eigentlich um einen zweitklassigen Wettbewerb handelt, denn in der Liga wimmelt es nur so von jungen Talenten, die darauf hoffen, in naher Zukunft den Sprung in die h\u00f6chste deutsche Spielklasse zu schaffen.<\/p>\n\n\n\n<p>Heutzutage findest du fast t\u00e4glich Wett Tipps zu den Spielen der Bundesliga 2. Es gibt Tipps f\u00fcr alle Runden &#8211; wenn auch vielleicht nicht f\u00fcr alle Spiele, aber jede Woche hast du ein ganzes Arsenal an Wett Tipps zur Auswahl, mit denen du die Buchmacher schlagen kannst.<\/p>\n\n\n\n<h2 class=\"wp-block-heading\" id=\"wer-sind-die-besten-wettanbieter-fur-die-2-bundesliga\">Wer sind die besten Wettanbieter f\u00fcr die 2. Bundesliga?<\/h2>\n\n\n\n<p>Die Wahl des besten Buchmachers f\u00fcr deine Wettaktivit\u00e4ten ist keine leichte Aufgabe, da es eine ganze Reihe von Variablen gibt, die du bei deinen Entscheidungen ber\u00fccksichtigen musst. Zum Beispiel sind dies nur einige der Fragen, die du dir stellen solltest:<\/p>\n\n\n\n<p>Welche Sportarten\/Ligen\/M\u00e4rkte decken sie ab?<\/p>\n\n\n\n<p>Welche Quoten werden angeboten?<\/p>\n\n\n\n<p>Ist die Plattform benutzerfreundlich?<\/p>\n\n\n\n<p>Welche Art von Willkommensbonus gibt es?<\/p>\n\n\n\n<h2 class=\"wp-block-heading\" id=\"gibt-es-spezielle-bonusangebote-fur-wetten-von-denen-du-profitieren-kannst\">Gibt es spezielle Bonusangebote f\u00fcr Wetten, von denen du profitieren kannst?<\/h2>\n\n\n\n<p>Aufgrund dieser Fragen ist es schwer f\u00fcr uns, eine Entscheidung f\u00fcr dich zu treffen. Aber da wir hier sind, um dir zu helfen, haben wir eine ziemlich gro\u00dfe Anzahl von Wettanbietern auf unserer Website gesammelt, die wir verwenden.<\/p>\n\n\n\n<p>Daher k\u00f6nnen wir garantieren, dass sie zu 100 % seri\u00f6s sind und sich tats\u00e4chlich f\u00fcr die Bereitstellung von qualitativ hochwertigen Wettdiensten f\u00fcr Spieler einsetzen. Um dir zu helfen, hier sind ein paar hochwertige Wettanbieter, die wir bei unseren 2. Bundesliga-Wetten verwendet haben:<\/p>\n\n\n\n<ul><li>ComeOn<\/li><li>LeoVegas<\/li><\/ul>\n\n\n\n<h2 class=\"wp-block-heading\" id=\"wie-entstehen-unsere-wett-tipps\">Wie entstehen unsere Wett Tipps?<\/h2>\n\n\n\n<p>Die Wett Tipps f\u00fcr die 2. Bundesliga sind das Ergebnis einer ausf\u00fchrlichen Recherche, die alle m\u00f6glichen Aspekte f\u00fcr jeden Markt einbezieht. Kurz gesagt, jeder Tippgeber analysiert jede Woche eine unglaubliche Menge an Daten und vergleicht anschlie\u00dfend die Quoten der Buchmacher mit seinen eigenen.<\/p>\n\n\n\n<p>Zu den recherchierten Daten geh\u00f6ren Mannschafts- und Spielerleistungen, Verletzungslisten, Formbl\u00e4tter, H2H-Statistiken, Ecken, Fouls, Elfmeter usw. Die Liste ist ziemlich umfangreich, aber anhand der genannten Beispiele kannst du dir eine Vorstellung von dem Umfang machen, der erforderlich ist.<\/p>\n\n\n\n<p>Sobald der Tipper mit seinen Rechercheergebnissen zufrieden ist und seine Wett TippsWettipps auf die Website hochgeladen hat, f\u00fchrt unser Algorithmus die abschlie\u00dfende Pr\u00fcfung durch, sodass wir sicherstellen k\u00f6nnen, dass jeder sichtbare Wettipp zu 100 % legitim ist.<\/p>\n\n\n\n<p>Alle unsere Tipps werden von erfahrenen Experten aus der Branche erstellt, deren Ziel es ist, die Buchmacher zu schlagen und anderen Tippern zu helfen und zu gewinnen. Unsere Tipper lieben es, zu gewinnen, aber sie lieben es auch, anderen Menschen auf ihrem Weg zu helfen.<\/p>\n\n\n\n<h2 class=\"wp-block-heading\" id=\"fur-welche-2-bundesliga-spiele-bieten-sie-tipps-an\">F\u00fcr welche 2. Bundesliga Spiele bieten sie Tipps an?<\/h2>\n\n\n\n<p>Da es allen Tippern von Betting.com freisteht, Tipps f\u00fcr jede beliebige Liga, jedes beliebige Spiel oder jedes beliebige Ereignis abzugeben, k\u00f6nnen wir nicht im Voraus garantieren, welche Spiele von unseren hochwertigen Tipps abgedeckt werden und welche nicht.<\/p>\n\n\n\n<p>Die Anzahl der aktiven Tipper ist jedoch sehr hoch und in den meisten F\u00e4llen findest du Wett Tipps f\u00fcr die Spiele, auf die du gerne wetten w\u00fcrdest. Daher ist es sinnvoll, regelm\u00e4\u00dfig auf unserer Plattform nachzuschauen, welche Tipps verf\u00fcgbar sind.<\/p>\n\n\n\n<p>Bei gro\u00dfen Zweitliga-Spielen wie Werder Bremen gegen Schalke oder dem Hamburger Derby werden nat\u00fcrlich immer Tipps angeboten und auch wenn diese Begegnungen interessant sind, werden sie noch interessanter, wenn du auch eine Wette auf sie abgibst.<\/p>\n\n\n\n<h2 class=\"wp-block-heading\" id=\"wie-oft-bieten-wir-tipps-aus-der-2-bundesliga-an\">Wie oft bieten wir Tipps aus der 2. Bundesliga an?<\/h2>\n\n\n\n<p>Es ist richtig zu erw\u00e4hnen, dass nicht alle Spiele abgedeckt werden, aber du wirst immer hochwertige Wett Tipps f\u00fcr mehr als ein Spiel w\u00e4hrend jeder Spielrunde finden. Gr\u00f6\u00dfere Spiele mit mehr Medienpr\u00e4senz werden oft abgedeckt, daher solltest du an Derbytagen besonders aktiv sein.<\/p>\n\n\n\n<p>Der beste Weg, um sicherzustellen, dass du keinen der hochwertigen Wett Tipps verpasst, ist, deinen Lieblingstippern zu folgen von denen du benachrichtigt wirst, sobald sie einen neuen Tipp ver\u00f6ffentlichen. Wenn sie ihre neuesten Erkenntnisse ver\u00f6ffentlichen, solltest du sie auf keinen Fall verpassen.<\/p>\n\n\n\n<h2 class=\"wp-block-heading\" id=\"alles-was-du-uber-bundesliga-2-wetten-wissen-muss\">Alles, was du \u00fcber Bundesliga 2-Wetten wissen muss<\/h2>\n\n\n\n<p>Die 2. Bundesliga funktioniert wie die meisten anderen europ\u00e4ischen Fu\u00dfballligen, da 18 Mannschaften w\u00e4hrend der gesamten Saison antreten und insgesamt 34 Spiele der regul\u00e4ren Saison ausgetragen, wobei das \u00fcbliche Hin- und R\u00fcckspiel gilt.<\/p>\n\n\n\n<p>Die beiden Mannschaften, die talentiert genug sind, um Meister bzw. Vizemeister zu werden, steigen anschlie\u00dfend in die 1. Bundesliga auf und haben dann die Ehre, gegen Mannschaften wie Bayern M\u00fcnchen und Borussia Dortmund anzutreten.<\/p>\n\n\n\n<p>Die Mannschaft, die den dritten Platz in der Liga belegt, trifft in einem Auf-\/Abstiegsduell auf die Mannschaft, die in der h\u00f6chsten deutschen Spielklasse den 16. Platz belegt, und tauscht im Falle eines Sieges den Platz mit der ungl\u00fccklichen Mannschaft der n\u00e4chsth\u00f6heren Spielklasse.<\/p>\n\n\n\n<p>Nat\u00fcrlich gibt es in dieser Liga eine zus\u00e4tzliche Gefahrenebene, und zwar durch die gleichen Auf-\/Abstiegs-Playoffs zwischen der 2. und der 3. Liga, was bedeutet, dass das Interesse an diesem Wettbewerb normalerweise bis zum letzten Tag und dar\u00fcber hinaus anh\u00e4lt.<\/p>\n\n\n\n<p><em>\u201cWenn du dich mit der Liga nicht auskennst, ist es am besten, mit den <\/em><em>Wett Tipps <\/em><em>zu beginnen, bevor deine eigene Wissens-Datenbank w\u00e4chst, da die meisten <\/em><em>Wett Tipps<\/em><em> mit ausf\u00fchrlichen Beschreibungen und Hinweisen darauf kommen, &#8222;warum&#8220; der Tipp eine wertvolle Wettoption ist.\u201d&nbsp;<\/em><\/p>\n\n\n\n<p>Indem du die Tipps gr\u00fcndlich liest, f\u00fcgst du also auch deinem eigenen Wissensschatz etwas hinzu, und sobald dieser eine gewisse Gr\u00f6\u00dfe erreicht hat, bist du in der Lage, deine eigenen Wettentscheidungen f\u00fcr die 2. Bundesliga zu treffen.<\/p>\n\n\n\n<h3 class=\"wp-block-heading\" id=\"welcher-bonus-ist-der-beste-fur-meine-bundesliga-2-wetten\">Welcher Bonus ist der beste f\u00fcr meine Bundesliga 2 Wetten?<\/h3>\n\n\n\n<p>Es gibt viele Arten von Boni, wenn du bei 2. Bundesliga wettest und es magst, zu wetten. Wir haben die meisten der verf\u00fcgbaren Boni getestet und die beliebtesten sind diejenigen, die erh\u00f6hte Quoten, Gratiswetten und Geld-zur\u00fcck-Aktionen anbieten.<\/p>\n\n\n\n<p>Die meisten 2. Bundesliga-Boni sind mit leicht zu erf\u00fcllenden Bedingungen verbunden (z.B. maximaler Einsatz oder Mindestquoten) und das bedeutet, dass du in der Lage sein wirst, deine Wetten jedes Wochenende und auch w\u00e4hrend der Saison voll zu genie\u00dfen.<\/p>\n\n\t\t<\/article>\n\t\t<div class=\"lg:w-[300px] lg:flex-shrink-0 relative\" x-data=\"{show_toc: false}\">\n\t\t\t<div class=\"lg:sticky lg:top-4 z-30\">\n\t\t\t\t<div class=\"fixed -top-64 left-0 w-full z-50 lg:static transition-all hidden lg:block\" id=\"fixed-toc\">\n\t\t\t\t\t<div>\n\t\t\t\t<div class=\"border-b border-solid border-gray-30 text-lg font-bold lg:pt-7 max-lg:px-4 py-3 flex items-center justify-between bg-white lg:bg-transparent\">\n\t\t\tWas gibt es auf dieser Seite\n\t\t\t<button @click=\"show_toc = true\" class=\"btn btn-red-outline-white block lg:hidden\">Jump to<\/button>\n\t\t<\/div>\n\t\t\t\t<div\n\t\t\tclass=\"max-lg:fixed max-lg:top-0 max-lg:left-0 max-lg:w-screen max-lg:h-screen max-lg:bg-gray-70 max-lg:bg-opacity-75 max-lg:hidden\"\n\t\t\t:class=\"{'max-lg:hidden': !show_toc}\"\n\t\t\t@click=\"show_toc = false\"\n\t\t>\n\t\t\t<div class=\"max-lg:absolute max-lg:bottom-0 max-lg:left-0 max-lg:w-screen bg-white lg:bg-transparent\">\n\t\t\t\t\t\t\t\t<div class=\"flex lg:hidden items-center justify-between mx-4 border-b border-solid border-gray-30 pt-6 pb-2 font-bold\">\n\n\t\t\t\t\tAuf dieser Seite\n\t\t\t\t\t<button @click=\"show_toc = false\">\n\t\t\t\t\t\t<svg class=\"w-5 h-5 text-gray-100\" xmlns=\"http:\/\/www.w3.org\/2000\/svg\" fill=\"none\" stroke=\"currentColor\" stroke-width=\"1.5\" class=\"w-6 h-6\" viewBox=\"0 0 24 24\"><path stroke-linecap=\"round\" stroke-linejoin=\"round\" d=\"M6 18 18 6M6 6l12 12\"\/><\/svg>\t\t\t\t\t<\/button>\n\t\t\t\t<\/div>\n\t\t\t\t<ul id=\"toc\" class=\"mt-5 max-h-[85vh] overflow-y-auto list-none bt-scrollbars\">\n\n\t\t\t\t\t\t\t\t\t\t\t<li>\n\t\t\t\t\t\t\t<a href=\"#bundesliga-2-wett-tipps-fur-die-heutigen-veranstaltungen\" data-bt-toc-item=\"bundesliga-2-wett-tipps-fur-die-heutigen-veranstaltungen\"\n\t\t\t\t\t\t\t\t @click=\"show_toc = false\"\n\t\t\t\t\t\t\t\t class=\"block px-4 py-2 text-black border-l-4 border-solid border-transparent hover:border-red-100 transition-all hover:!border-b-0 hover:font-bold\">\nBundesliga 2-Wett Tipps f\u00fcr die heutigen Veranstaltungen\n<\/a>\n\t\t\t\t\t\t<\/li>\n\t\t\t\t\t\t\t\t\t\t\t<li>\n\t\t\t\t\t\t\t<a href=\"#fussball-wett-tipps-fur-die-2-bundesliga-2022-23\" data-bt-toc-item=\"fussball-wett-tipps-fur-die-2-bundesliga-2022-23\"\n\t\t\t\t\t\t\t\t @click=\"show_toc = false\"\n\t\t\t\t\t\t\t\t class=\"block px-4 py-2 text-black border-l-4 border-solid border-transparent hover:border-red-100 transition-all hover:!border-b-0 hover:font-bold\">\nFu\u00dfball-Wett Tipps f\u00fcr die 2. Bundesliga 2022\/23\n<\/a>\n\t\t\t\t\t\t<\/li>\n\t\t\t\t\t\t\t\t\t\t\t<li>\n\t\t\t\t\t\t\t<a href=\"#wer-sind-die-besten-wettanbieter-fur-die-2-bundesliga\" data-bt-toc-item=\"wer-sind-die-besten-wettanbieter-fur-die-2-bundesliga\"\n\t\t\t\t\t\t\t\t @click=\"show_toc = false\"\n\t\t\t\t\t\t\t\t class=\"block px-4 py-2 text-black border-l-4 border-solid border-transparent hover:border-red-100 transition-all hover:!border-b-0 hover:font-bold\">\nWer sind die besten Wettanbieter f\u00fcr die 2. Bundesliga?\n<\/a>\n\t\t\t\t\t\t<\/li>\n\t\t\t\t\t\t\t\t\t\t\t<li>\n\t\t\t\t\t\t\t<a href=\"#gibt-es-spezielle-bonusangebote-fur-wetten-von-denen-du-profitieren-kannst\" data-bt-toc-item=\"gibt-es-spezielle-bonusangebote-fur-wetten-von-denen-du-profitieren-kannst\"\n\t\t\t\t\t\t\t\t @click=\"show_toc = false\"\n\t\t\t\t\t\t\t\t class=\"block px-4 py-2 text-black border-l-4 border-solid border-transparent hover:border-red-100 transition-all hover:!border-b-0 hover:font-bold\">\nGibt es spezielle Bonusangebote f\u00fcr Wetten, von denen du profitieren kannst?\n<\/a>\n\t\t\t\t\t\t<\/li>\n\t\t\t\t\t\t\t\t\t\t\t<li>\n\t\t\t\t\t\t\t<a href=\"#wie-entstehen-unsere-wett-tipps\" data-bt-toc-item=\"wie-entstehen-unsere-wett-tipps\"\n\t\t\t\t\t\t\t\t @click=\"show_toc = false\"\n\t\t\t\t\t\t\t\t class=\"block px-4 py-2 text-black border-l-4 border-solid border-transparent hover:border-red-100 transition-all hover:!border-b-0 hover:font-bold\">\nWie entstehen unsere Wett Tipps?\n<\/a>\n\t\t\t\t\t\t<\/li>\n\t\t\t\t\t\t\t\t\t\t\t<li>\n\t\t\t\t\t\t\t<a href=\"#fur-welche-2-bundesliga-spiele-bieten-sie-tipps-an\" data-bt-toc-item=\"fur-welche-2-bundesliga-spiele-bieten-sie-tipps-an\"\n\t\t\t\t\t\t\t\t @click=\"show_toc = false\"\n\t\t\t\t\t\t\t\t class=\"block px-4 py-2 text-black border-l-4 border-solid border-transparent hover:border-red-100 transition-all hover:!border-b-0 hover:font-bold\">\nF\u00fcr welche 2. Bundesliga Spiele bieten sie Tipps an?\n<\/a>\n\t\t\t\t\t\t<\/li>\n\t\t\t\t\t\t\t\t\t\t\t<li>\n\t\t\t\t\t\t\t<a href=\"#wie-oft-bieten-wir-tipps-aus-der-2-bundesliga-an\" data-bt-toc-item=\"wie-oft-bieten-wir-tipps-aus-der-2-bundesliga-an\"\n\t\t\t\t\t\t\t\t @click=\"show_toc = false\"\n\t\t\t\t\t\t\t\t class=\"block px-4 py-2 text-black border-l-4 border-solid border-transparent hover:border-red-100 transition-all hover:!border-b-0 hover:font-bold\">\nWie oft bieten wir Tipps aus der 2. Bundesliga an?\n<\/a>\n\t\t\t\t\t\t<\/li>\n\t\t\t\t\t\t\t\t\t\t\t<li>\n\t\t\t\t\t\t\t<a href=\"#alles-was-du-uber-bundesliga-2-wetten-wissen-muss\" data-bt-toc-item=\"alles-was-du-uber-bundesliga-2-wetten-wissen-muss\"\n\t\t\t\t\t\t\t\t @click=\"show_toc = false\"\n\t\t\t\t\t\t\t\t class=\"block px-4 py-2 text-black border-l-4 border-solid border-transparent hover:border-red-100 transition-all hover:!border-b-0 hover:font-bold\">\nAlles, was du \u00fcber Bundesliga 2-Wetten wissen muss\n<\/a>\n\t\t\t\t\t\t<\/li>\n\t\t\t\t\t\t\t\t\t<\/ul>\n\t\t\t\t\t\t\t\t\t\t\t<\/div>\n\t\t<\/div>\n\t<\/div>\n\t\t\t\t\t<\/div>\n\t\t\t<\/div>\n\t\t<\/div>\n\t<\/div>\n<\/div>\n\t<\/div>\n<\/div>\n\n","protected":false},"excerpt":{"rendered":"","protected":false},"author":6,"featured_media":439,"parent":938,"menu_order":1000,"comment_status":"closed","ping_status":"closed","template":"","meta":{"footnotes":""},"tags":[],"acf":[],"_links":{"self":[{"href":"https:\/\/betting.com\/de\/wp-json\/wp\/v2\/pages\/146"}],"collection":[{"href":"https:\/\/betting.com\/de\/wp-json\/wp\/v2\/pages"}],"about":[{"href":"https:\/\/betting.com\/de\/wp-json\/wp\/v2\/types\/page"}],"author":[{"embeddable":true,"href":"https:\/\/betting.com\/de\/wp-json\/wp\/v2\/users\/6"}],"replies":[{"embeddable":true,"href":"https:\/\/betting.com\/de\/wp-json\/wp\/v2\/comments?post=146"}],"version-history":[{"count":4,"href":"https:\/\/betting.com\/de\/wp-json\/wp\/v2\/pages\/146\/revisions"}],"predecessor-version":[{"id":6165,"href":"https:\/\/betting.com\/de\/wp-json\/wp\/v2\/pages\/146\/revisions\/6165"}],"up":[{"embeddable":true,"href":"https:\/\/betting.com\/de\/wp-json\/wp\/v2\/pages\/938"}],"wp:featuredmedia":[{"embeddable":true,"href":"https:\/\/betting.com\/de\/wp-json\/wp\/v2\/media\/439"}],"wp:attachment":[{"href":"https:\/\/betting.com\/de\/wp-json\/wp\/v2\/media?parent=146"}],"wp:term":[{"taxonomy":"post_tag","embeddable":true,"href":"https:\/\/betting.com\/de\/wp-json\/wp\/v2\/tags?post=146"}],"curies":[{"name":"wp","href":"https:\/\/api.w.org\/{rel}","templated":true}]}}