{"id":142,"date":"2022-06-15T13:47:54","date_gmt":"2022-06-15T13:47:54","guid":{"rendered":"https:\/\/betting.com\/de\/?page_id=142"},"modified":"2023-08-02T12:31:08","modified_gmt":"2023-08-02T12:31:08","slug":"tipps","status":"publish","type":"page","link":"https:\/\/betting.com\/de\/bundesliga\/tipps","title":{"rendered":"1. Bundesliga Wett Tipps"},"content":{"rendered":"<div class=\" container-white py-8\">\n\t<div class=\"wp-block-container-toc  \">\n\t\t\t<div class=\"bg-white\">\n\t<div class=\"flex flex-col-reverse lg:flex-row lg:gap-8 py-10\">\n\t\t<article class=\"max-w-[960px] flex-grow\" data-bt-content>\n\t\t\t\n<h2 class=\"wp-block-heading\" id=\"1-bundesliga-wettipps-fur-die-heutigen-veranstaltungen\">1. Bundesliga-Wettipps f\u00fcr die heutigen Veranstaltungen<\/h2>\n\n\n\n<p>Dank der Wett Tipps auf unserer Website war es noch nie so einfach, eine Wette auf die deutsche 1. Bundesliga zu platzieren. Mit ihrem globalen Bekanntheitsgrad ist die Bundesliga als eine der bekanntesten Ligen der Welt bekannt, obwohl sie auch eine der schwierigsten Ligen ist, auf die man wetten kann.<\/p>\n\n\n\n<p>Die Popularit\u00e4t der Bundesliga hat in den letzten Jahren stark zugenommen, da Bayern M\u00fcnchen allj\u00e4hrlich seine Gegner \u00fcberrollt, wodurch auch das Interesse an Wetten deutlich zugenommen hat.<\/p>\n\n\n\n<p>Diese Popularit\u00e4t hat eine Reihe von Gr\u00fcnden, einer davon ist die Tatsache, dass Fu\u00dfball so unterhaltsam ist und deshalb normalerweise jedes Wochenende eine betr\u00e4chtliche Anzahl von Toren f\u00e4llt. Dies bedeutet auch, dass die Torm\u00e4rkte f\u00fcr potenzielle Wettende sehr attraktiv sind.<\/p>\n\n\n\n<h2 class=\"wp-block-heading\" id=\"fussball-wett-tipps-fur-die-1-bundesliga-saison\">Fu\u00dfball-Wett Tipps f\u00fcr die 1. Bundesliga Saison&nbsp;<\/h2>\n\n\n\n<p>Die Popularit\u00e4t der 1. Bundesliga ist in den letzten Jahren sicherlich in die H\u00f6he geschnellt, was vor allem an der effektiven Werbung und dem Zustrom von Jungstars wie Florian Wirtz, Alphonso Davies, Jude Bellingham und unz\u00e4hligen anderen liegt.<\/p>\n\n\n\n<p>Infolgedessen sind Bundesliga-Wett Tipps zu einem begehrten Gut in der Wettcommunity geworden.<\/p>\n\n\n\n<p>Die Liga besteht aus 18 Mannschaften und wird an 34 Spieltagen ausgetragen. Meist werden die Spiele von Freitag bis Montag ausgetragen, gelegentlich stehen aber auch Spiele unter der Woche an.<\/p>\n\n\n\n<h2 class=\"wp-block-heading\" id=\"wie-entstehen-unsere-wett-tipps\">Wie entstehen unsere Wett Tipps?<\/h2>\n\n\n\n<p>In der Bundesliga-Saison 2021\/2022 werden insgesamt 306 Spiele der regul\u00e4ren Saison ausgetragen und nat\u00fcrlich gibt es auch zwei Relegationspartien die zum Ende der Saison f\u00fcr zus\u00e4tzliche Dramatik sorgen.<\/p>\n\n\n\n<p>Die Wett Tipps auf unserer Plattform decken nahezu alle Spiele in der Saison ab, so dass du dir zus\u00e4tzliche Recherchen ersparen kannst. Dar\u00fcber hinaus sind unsere Betting.com Tipper voll konzentriert, wenn es um die besten Erkenntnisse zur Bundesliga geht.<\/p>\n\n\n\n<p><em>\u201cUnsere Tipper verwenden die aktuellsten Nachrichten, historische Statistiken und kombinieren diese mit ihrer Expertenmeinung. So kannst du nicht nur unsere Wett Tipps nutzen, sondern erh\u00e4ltst auch Erkenntnisse, die auf wichtigen Fakten und Daten basieren.\u201d<\/em><\/p>\n\n\n\n<p>Letzten Endes k\u00f6nnen wir die Wetten nicht f\u00fcr dich abschlie\u00dfen, aber du wirst in der Lage sein, sachkundigere Entscheidungen zu treffen und viel effektiver in deinem Streben nach Wettreichtum zu werden, und das alles dank unserer t\u00e4glichen Wett Tipps.<\/p>\n\n\n\n<h2 class=\"wp-block-heading\" id=\"fur-welche-bundesligaspiele-werden-tipps-angeboten\">F\u00fcr welche Bundesligaspiele werden Tipps angeboten?<\/h2>\n\n\n\n<p>Wie bereits erw\u00e4hnt, besteht der regul\u00e4re Bundesliga-Spielplan aus 306 Spielen, von denen unsere Tipper so viele wie m\u00f6glich abdecken wollen. Auf diese Weise bekommst du gen\u00fcgend Wett Tipps und M\u00f6glichkeiten f\u00fcr einen gro\u00dfen Wochenendgewinn.<\/p>\n\n\n\n<p>Ob es nun darum geht, wie viele Tore Bayern M\u00fcnchen im n\u00e4chsten Spiel schie\u00dft oder wer sich im Duell zwischen RB Leipzig und Borussia Dortmund im Kampf um die Champions-League-Pl\u00e4tze durchsetzen wird, wir haben die richtige Antwort f\u00fcr dich.<\/p>\n\n\n\n<p>Bei so vielen Tipps und Informationen, die dir mit einem Mausklick oder einer Ber\u00fchrung deines Handys zur Verf\u00fcgung stehen, musst du nur noch deine Wetten abgeben und das Geschehen in der Bundesliga aus n\u00e4chster N\u00e4he mitverfolgen.<\/p>\n\n\n\n<h3 class=\"wp-block-heading\" id=\"wie-oft-werden-tipps-aus-der-bundesliga-angeboten\">Wie oft werden Tipps aus der Bundesliga angeboten?<\/h3>\n\n\n\n<p>Unser Bereich f\u00fcr Wett Tipps wird alle 30 Sekunden aktualisiert. Die meisten Tipper geben ihre Tipps am Tag vor dem Spiel oder am selben Tag des Spiels ab. Sie versuchen, die Partien mit den neuesten Nachrichten und Statistiken vorherzusagen und Fehler aufgrund von \u00c4nderungen im letzten Moment zu vermeiden.<\/p>\n\n\n\n<p>Auf diese Weise versuchen wir, die aktuellsten Informationen zu liefern. Solange die Erkenntnisse so aktuell sind wie bei uns, gibt es keinen Grund, warum man nicht mit vollstem Vertrauen wetten sollte.<\/p>\n\n\n\n<p>Nat\u00fcrlich geht es nicht nur darum, wer jedes Wochenende gewinnt. Einige unserer Tipper bevorzugen es, langfristig zu tippen, auch wenn das in der Regel bedeutet, dass Bayern M\u00fcnchen Meister der Bundesliga wird, sind sie auch bereit, die Teams zu nennen, die am Ende absteigen werden.<\/p>\n\n\n\n<p>Dieser langfristige Einblick bietet dir viel mehr Wert, da die Quoten in der Regel h\u00f6her sind als bei einer normalen 1&#215;2-Wette. Wenn du bereit bist, ein paar Monate zu warten, um deine Gewinne zu kassieren, werden dir unsere langfristigen Tipps sehr gute Dienste leisten.<\/p>\n\n\n\n<p>Auf jeden Fall kannst du die Vorhersagen f\u00fcr jedes Spiel genie\u00dfen und sie schnell direkt auf unserer Plattform platzieren. Die Gewinne aus den Wett Tipps sind jedoch nicht garantiert, aber sie k\u00f6nnen dir helfen, deine Chancen auf erfolgreiche Wetten zu erh\u00f6hen.<\/p>\n\n\n\n<h2 class=\"wp-block-heading\" id=\"alles-was-du-uber-das-thema-bundesliga-wetten-wissen-muss\">Alles, was du \u00fcber das Thema Bundesliga-Wetten wissen muss<\/h2>\n\n\n\n<p>Obwohl die Bundesliga die h\u00f6chste deutsche Fu\u00dfballliga ist, hat sie nicht ganz die gleiche Geschichte wie ihre gro\u00dfen europ\u00e4ischen Kollegen. Erst 1962 wurde die Liga gegr\u00fcndet und die Saison 2022\/23 wird die 60. Saison sein.<\/p>\n\n\n\n<p>Die Bundesliga hat einen der h\u00f6chsten UEFA-Koeffizienten, was bedeutet, dass die deutschen Klubs vier Mal pro Saison automatisch f\u00fcr die Champions League qualifiziert sind.<\/p>\n\n\n\n<p>Dar\u00fcber hinaus erh\u00e4lt die Bundesliga drei weitere europ\u00e4ische Pl\u00e4tze, die sich auf die Europa League (zwei) und die neue Europa Conference League (einen) verteilen. In der Regel qualifizieren sich der f\u00fcnfte und sechste Platz f\u00fcr erstere (abh\u00e4ngig vom DFB-Pokalsieger) und der siebte Platz in der Bundesliga f\u00fcr letztere.<\/p>\n\n\n\n<p>Die beiden letztplatzierten Mannschaften steigen automatisch ab, w\u00e4hrend der 16. Platz eine weitere Chance auf den Klassenerhalt erh\u00e4lt, indem er ein Entscheidungsspiel mit Hin- und R\u00fcckspiel gegen den Tabellendritten der zweiten Bundesliga bestreiten muss.<\/p>\n\n\n\n<p>Auch wenn die Liga als Ganzes so etwas wie eine ausgemachte Sache ist (Bayern M\u00fcnchen hat die letzten neun Jahre den Meistertitel errungen), so ist sie doch eine unglaublich spannende Liga.<\/p>\n\n\n\n<p>Allein schon deshalb, weil so viele der verbleibenden 17 Vereine jede Saison eine echte Chance haben, in irgendeiner Form am europ\u00e4ischen Fu\u00dfball teilzunehmen, wohingegen diejenigen, die nicht dabei sind, sich in der Regel mit dem Abstieg auseinandersetzen m\u00fcssen.<\/p>\n\n\n\n<p>Wenn dann noch die Lotterie eines Abstiegs-Playoffs f\u00fcr das drittplatzierte Team hinzukommt, wird es auch nach dem letzten Spieltag der regul\u00e4ren Saison noch spannend. Gleichzeitig haben die Tipper zwei weitere Gelegenheiten, die Buchmacher am Ende der Saison zu \u00fcbertrumpfen.<\/p>\n\n\n\n<p>Aufgrund des offensiven Charakters des Wettbewerbs ist es oft das, was die Aufmerksamkeit derjenigen auf sich zieht, die es vorziehen, auf die \u00dcber\/Unter-Tor-M\u00e4rkte zu wetten, besonders diejenigen, die gerne jedes Wochenende eine \u00dcber 2,5-Summe aufbauen.<\/p>\n\n\n\n<h2 class=\"wp-block-heading\" id=\"welcher-bonus-ist-der-beste-fur-meine-bundesligawetten\">Welcher Bonus ist der Beste f\u00fcr meine Bundesligawetten?<\/h2>\n\n\n\n<p>Es gibt viele verschiedene Arten von Boni, die dir beim Wetten auf die Bundesliga zur Verf\u00fcgung stehen. Wir haben die meisten der verf\u00fcgbaren Boni getestet und die beliebtesten sind jene, welche erh\u00f6hte Quoten, Gratiswetten und Geld-zur\u00fcck-Aktionen anbieten.<\/p>\n\n\n\n<p>Die meisten Bundesliga-Boni sind zudem an leicht zu erf\u00fcllende Bedingungen gekn\u00fcpft (z.B. maximaler Einsatz oder Mindestquoten), so dass du deine Wetten jedes Wochenende und im Laufe der Saison in vollen Z\u00fcgen genie\u00dfen kannst.<\/p>\n\n\n\n<h2 class=\"wp-block-heading\" id=\"vergleich-der-wettquoten-fur-die-bundesliga\">Vergleich der Wettquoten f\u00fcr die Bundesliga<\/h2>\n\n\n\n<p>Unabh\u00e4ngig von der Liga, auf die du wetten m\u00f6chtest, ist eine der kl\u00fcgsten Entscheidungen bevor du die Wett Tipps abgibst, einen Quotenvergleich zu machen. Dies wird dir helfen, langfristig maximale Gewinne zu erzielen und bessere Preise f\u00fcr deine t\u00e4glichen Wetten zu erzielen.<\/p>\n\n\n\n<p>Denn obwohl es eine betr\u00e4chtliche Anzahl von Angeboten oder Quoten gibt, kann es sehr verlockend sein, sich f\u00fcr eines dieser Angebote zu entscheiden, ohne vorher etwas zu recherchieren.<\/p>\n\n\n\n<p>Auch wenn diese Nachforschungen etwas mehr Zeit in Anspruch nehmen, solltest du das Ganze immer als eine Investition betrachten, von der du im Laufe der Zeit hoffentlich profitieren wirst.<\/p>\n\n\n\n<p>Wie immer gilt: Wissen ist Macht, wenn es um die Wettbranche geht, und je mehr Macht wir von Betting.com dir zur Verf\u00fcgung stellen k\u00f6nnen, desto besser sind deine Chancen, am Ende ganz oben zu stehen. Ob kurz- oder langfristig, wir sind immer bestrebt, die richtigen Wett Tipps f\u00fcr dich zu haben.<\/p>\n\n\n\n<p>Aufgrund des Umfangs der Spiele kannst du t\u00e4glich Wett Tipps nutzen und viele Wetten mit Hilfe unserer Expertentippgeber platzieren, die stets alle notwendigen Informationen f\u00fcr dich recherchieren, damit du das nicht tun musst.<\/p>\n\n\n\n<h3 class=\"wp-block-heading\" id=\"wer-sind-die-besten-buchmacher-fur-die-bundesliga\">Wer sind die besten Buchmacher f\u00fcr die Bundesliga?<\/h3>\n\n\n\n<p>Welcher Buchmacher f\u00fcr dich der Beste ist, h\u00e4ngt davon ab, in welchem Land du dich befindest. Allerdings sind die internationalen Buchmacher, die gro\u00dfartige Quoten, spezielle Angebote, Live-Streaming f\u00fcr die Bundesliga und Dutzende von M\u00e4rkten bieten, folgende:<\/p>\n\n\t\t<\/article>\n\t\t<div class=\"lg:w-[300px] lg:flex-shrink-0 relative\" x-data=\"{show_toc: false}\">\n\t\t\t<div class=\"lg:sticky lg:top-4 z-30\">\n\t\t\t\t<div class=\"fixed -top-64 left-0 w-full z-50 lg:static transition-all hidden lg:block\" id=\"fixed-toc\">\n\t\t\t\t\t<div>\n\t\t\t\t<div class=\"border-b border-solid border-gray-30 text-lg font-bold lg:pt-7 max-lg:px-4 py-3 flex items-center justify-between bg-white lg:bg-transparent\">\n\t\t\tWas gibt es auf dieser Seite\n\t\t\t<button @click=\"show_toc = true\" class=\"btn btn-red-outline-white block lg:hidden\">Jump to<\/button>\n\t\t<\/div>\n\t\t\t\t<div\n\t\t\tclass=\"max-lg:fixed max-lg:top-0 max-lg:left-0 max-lg:w-screen max-lg:h-screen max-lg:bg-gray-70 max-lg:bg-opacity-75 max-lg:hidden\"\n\t\t\t:class=\"{'max-lg:hidden': !show_toc}\"\n\t\t\t@click=\"show_toc = false\"\n\t\t>\n\t\t\t<div class=\"max-lg:absolute max-lg:bottom-0 max-lg:left-0 max-lg:w-screen bg-white lg:bg-transparent\">\n\t\t\t\t\t\t\t\t<div class=\"flex lg:hidden items-center justify-between mx-4 border-b border-solid border-gray-30 pt-6 pb-2 font-bold\">\n\n\t\t\t\t\tAuf dieser Seite\n\t\t\t\t\t<button @click=\"show_toc = false\">\n\t\t\t\t\t\t<svg class=\"w-5 h-5 text-gray-100\" xmlns=\"http:\/\/www.w3.org\/2000\/svg\" fill=\"none\" stroke=\"currentColor\" stroke-width=\"1.5\" class=\"w-6 h-6\" viewBox=\"0 0 24 24\"><path stroke-linecap=\"round\" stroke-linejoin=\"round\" d=\"M6 18 18 6M6 6l12 12\"\/><\/svg>\t\t\t\t\t<\/button>\n\t\t\t\t<\/div>\n\t\t\t\t<ul id=\"toc\" class=\"mt-5 max-h-[85vh] overflow-y-auto list-none bt-scrollbars\">\n\n\t\t\t\t\t\t\t\t\t\t\t<li>\n\t\t\t\t\t\t\t<a href=\"#1-bundesliga-wettipps-fur-die-heutigen-veranstaltungen\" data-bt-toc-item=\"1-bundesliga-wettipps-fur-die-heutigen-veranstaltungen\"\n\t\t\t\t\t\t\t\t @click=\"show_toc = false\"\n\t\t\t\t\t\t\t\t class=\"block px-4 py-2 text-black border-l-4 border-solid border-transparent hover:border-red-100 transition-all hover:!border-b-0 hover:font-bold\">\n1. Bundesliga-Wettipps f\u00fcr die heutigen Veranstaltungen\n<\/a>\n\t\t\t\t\t\t<\/li>\n\t\t\t\t\t\t\t\t\t\t\t<li>\n\t\t\t\t\t\t\t<a href=\"#fussball-wett-tipps-fur-die-1-bundesliga-saison\" data-bt-toc-item=\"fussball-wett-tipps-fur-die-1-bundesliga-saison\"\n\t\t\t\t\t\t\t\t @click=\"show_toc = false\"\n\t\t\t\t\t\t\t\t class=\"block px-4 py-2 text-black border-l-4 border-solid border-transparent hover:border-red-100 transition-all hover:!border-b-0 hover:font-bold\">\nFu\u00dfball-Wett Tipps f\u00fcr die 1. Bundesliga Saison&nbsp;\n<\/a>\n\t\t\t\t\t\t<\/li>\n\t\t\t\t\t\t\t\t\t\t\t<li>\n\t\t\t\t\t\t\t<a href=\"#wie-entstehen-unsere-wett-tipps\" data-bt-toc-item=\"wie-entstehen-unsere-wett-tipps\"\n\t\t\t\t\t\t\t\t @click=\"show_toc = false\"\n\t\t\t\t\t\t\t\t class=\"block px-4 py-2 text-black border-l-4 border-solid border-transparent hover:border-red-100 transition-all hover:!border-b-0 hover:font-bold\">\nWie entstehen unsere Wett Tipps?\n<\/a>\n\t\t\t\t\t\t<\/li>\n\t\t\t\t\t\t\t\t\t\t\t<li>\n\t\t\t\t\t\t\t<a href=\"#fur-welche-bundesligaspiele-werden-tipps-angeboten\" data-bt-toc-item=\"fur-welche-bundesligaspiele-werden-tipps-angeboten\"\n\t\t\t\t\t\t\t\t @click=\"show_toc = false\"\n\t\t\t\t\t\t\t\t class=\"block px-4 py-2 text-black border-l-4 border-solid border-transparent hover:border-red-100 transition-all hover:!border-b-0 hover:font-bold\">\nF\u00fcr welche Bundesligaspiele werden Tipps angeboten?\n<\/a>\n\t\t\t\t\t\t<\/li>\n\t\t\t\t\t\t\t\t\t\t\t<li>\n\t\t\t\t\t\t\t<a href=\"#alles-was-du-uber-das-thema-bundesliga-wetten-wissen-muss\" data-bt-toc-item=\"alles-was-du-uber-das-thema-bundesliga-wetten-wissen-muss\"\n\t\t\t\t\t\t\t\t @click=\"show_toc = false\"\n\t\t\t\t\t\t\t\t class=\"block px-4 py-2 text-black border-l-4 border-solid border-transparent hover:border-red-100 transition-all hover:!border-b-0 hover:font-bold\">\nAlles, was du \u00fcber das Thema Bundesliga-Wetten wissen muss\n<\/a>\n\t\t\t\t\t\t<\/li>\n\t\t\t\t\t\t\t\t\t\t\t<li>\n\t\t\t\t\t\t\t<a href=\"#welcher-bonus-ist-der-beste-fur-meine-bundesligawetten\" data-bt-toc-item=\"welcher-bonus-ist-der-beste-fur-meine-bundesligawetten\"\n\t\t\t\t\t\t\t\t @click=\"show_toc = false\"\n\t\t\t\t\t\t\t\t class=\"block px-4 py-2 text-black border-l-4 border-solid border-transparent hover:border-red-100 transition-all hover:!border-b-0 hover:font-bold\">\nWelcher Bonus ist der Beste f\u00fcr meine Bundesligawetten?\n<\/a>\n\t\t\t\t\t\t<\/li>\n\t\t\t\t\t\t\t\t\t\t\t<li>\n\t\t\t\t\t\t\t<a href=\"#vergleich-der-wettquoten-fur-die-bundesliga\" data-bt-toc-item=\"vergleich-der-wettquoten-fur-die-bundesliga\"\n\t\t\t\t\t\t\t\t @click=\"show_toc = false\"\n\t\t\t\t\t\t\t\t class=\"block px-4 py-2 text-black border-l-4 border-solid border-transparent hover:border-red-100 transition-all hover:!border-b-0 hover:font-bold\">\nVergleich der Wettquoten f\u00fcr die Bundesliga\n<\/a>\n\t\t\t\t\t\t<\/li>\n\t\t\t\t\t\t\t\t\t<\/ul>\n\t\t\t\t\t\t\t\t\t\t\t<\/div>\n\t\t<\/div>\n\t<\/div>\n\t\t\t\t\t<\/div>\n\t\t\t<\/div>\n\t\t<\/div>\n\t<\/div>\n<\/div>\n\t<\/div>\n<\/div>\n\n","protected":false},"excerpt":{"rendered":"","protected":false},"author":6,"featured_media":438,"parent":977,"menu_order":1000,"comment_status":"closed","ping_status":"closed","template":"","meta":{"footnotes":""},"tags":[],"acf":[],"_links":{"self":[{"href":"https:\/\/betting.com\/de\/wp-json\/wp\/v2\/pages\/142"}],"collection":[{"href":"https:\/\/betting.com\/de\/wp-json\/wp\/v2\/pages"}],"about":[{"href":"https:\/\/betting.com\/de\/wp-json\/wp\/v2\/types\/page"}],"author":[{"embeddable":true,"href":"https:\/\/betting.com\/de\/wp-json\/wp\/v2\/users\/6"}],"replies":[{"embeddable":true,"href":"https:\/\/betting.com\/de\/wp-json\/wp\/v2\/comments?post=142"}],"version-history":[{"count":6,"href":"https:\/\/betting.com\/de\/wp-json\/wp\/v2\/pages\/142\/revisions"}],"predecessor-version":[{"id":6164,"href":"https:\/\/betting.com\/de\/wp-json\/wp\/v2\/pages\/142\/revisions\/6164"}],"up":[{"embeddable":true,"href":"https:\/\/betting.com\/de\/wp-json\/wp\/v2\/pages\/977"}],"wp:featuredmedia":[{"embeddable":true,"href":"https:\/\/betting.com\/de\/wp-json\/wp\/v2\/media\/438"}],"wp:attachment":[{"href":"https:\/\/betting.com\/de\/wp-json\/wp\/v2\/media?parent=142"}],"wp:term":[{"taxonomy":"post_tag","embeddable":true,"href":"https:\/\/betting.com\/de\/wp-json\/wp\/v2\/tags?post=142"}],"curies":[{"name":"wp","href":"https:\/\/api.w.org\/{rel}","templated":true}]}}