{"id":117,"date":"2022-06-15T12:27:11","date_gmt":"2022-06-15T12:27:11","guid":{"rendered":"https:\/\/betting.com\/de\/?page_id=117"},"modified":"2023-08-02T12:31:08","modified_gmt":"2023-08-02T12:31:08","slug":"tipps","status":"publish","type":"page","link":"https:\/\/betting.com\/de\/tipps","title":{"rendered":"Wett Tipps"},"content":{"rendered":"<div class=\" container-white py-8\">\n\t<div class=\"wp-block-container-toc  \">\n\t\t\t<div class=\"bg-white\">\n\t<div class=\"flex flex-col-reverse lg:flex-row lg:gap-8 py-10\">\n\t\t<article class=\"max-w-[960px] flex-grow\" data-bt-content>\n\t\t\t\n<h2 class=\"wp-block-heading\" id=\"heutes-wett-tipps-und-vorhersagen\">Heutes Wett Tipps und Vorhersagen<\/h2>\n\n\n\n<p>Finden Sie die besten Wett-Tipps von verifizierten Tipstern, die Ihnen helfen werden, mehr zu gewinnen. Auf unserer Website finden Sie eine gro\u00dfe Auswahl an kostenlosen Tipps, da unsere Wettexperten jede einzelne Sportart abdecken m\u00f6chten. Genie\u00dfen Sie eine Vielzahl kostenloser Tipps, die nicht nur auf Statistiken, sondern auch auf Wissen um die Mannschaften, die Spieler und vieles mehr basieren.&nbsp;<\/p>\n\n\n\n<p>Es gibt Wett-Tipps f\u00fcr alle heutigen Spiele sowie f\u00fcr die Sportveranstaltungen am Wochenende, was bedeutet, dass Sie vollst\u00e4ndig abgedeckt sind. Die ver\u00f6ffentlichten Tipps werden von unserem automatisierten Algorithmus \u00fcberpr\u00fcft, um sicherzustellen, dass die angegebenen Quoten auch genutzt werden k\u00f6nnen.<\/p>\n\n\n\n<h2 class=\"wp-block-heading\" id=\"warum-sind-die-wett-tipps-von-betting-com-die-besten\">Warum sind die Wett-Tipps von Betting.com die besten?<\/h2>\n\n\n\n<p>Ganz einfach, weil wir die besten Sportwetten-Anbieter in unserem Portfolio haben. Betting.com bietet bereits seit Jahren Wett-Tipps an. Der Wettbewerb ist hart, aber das bringt Ihnen die besten Tipps, da die Tipster st\u00e4ndig nach M\u00f6glichkeiten suchen, konsequent gewinnbringende Wetten zu empfehlen.&nbsp;<\/p>\n\n\n\n<p>Wir analysieren alle Daten f\u00fcr Sie, damit wir Ihnen f\u00fcr jede Sportart die besten Wett-Tipps von spezialisierten Tipstern pr\u00e4sentieren k\u00f6nnen. Wenn Sie sich zum Beispiel die Fu\u00dfball-Wett-Tipps anschauen, dann wurden die Gewinne nur durch die Fu\u00dfballtipps von Tipstern erzielt.<\/p>\n\n\n\n<p>Die Wettbewerbe werden f\u00fcr jede Sportart getrennt behandelt, was es uns erm\u00f6glicht, auf die jeweilige Sportart spezialisierte Tipster f\u00fcr Sie bereitzustellen. Es gibt viele M\u00f6glichkeiten, die Tipster zu analysieren, um zu verstehen, welches die besten Wetten sind. Der einfachste Weg, all diese Informationen zu finden, ist im Bereich Betting.com Sportwetten-Tipps.<\/p>\n\n\n\n<p>Wir stellen die Gewinnzahlen aller Wetten f\u00fcr den Sport der letzten sechs Monate zur Verf\u00fcgung. Auch die Zahlen zur Gewinnkontinuit\u00e4t werden bereitgestellt, sodass Sie sehen k\u00f6nnen, in welchem der letzten 6 Monate die Tipster einen Gewinn erzielt haben. Hier finden Sie auch andere interessante Faktoren, wie Gewinne in diesem Monat oder in dieser Woche oder aber Tage mit einem Gewinn.<\/p>\n\n\n\n<h2 class=\"wp-block-heading\" id=\"wett-tipps-fur-anfanger\">Wett-Tipps f\u00fcr Anf\u00e4nger<\/h2>\n\n\n\n<p>Glauben Sie nicht, dass wir Ihnen all dies mitteilen, um Sie vom Wetten auf Sportwetten abzuhalten. Wir hoffen, dass Sie sich durch die Lekt\u00fcre dieses Artikels von Anfang an so viele gute Gewohnheiten wie m\u00f6glich aneignen k\u00f6nnen.&nbsp;<\/p>\n\n\n\n<p>Nachstehend finden Sie unsere 20 Wett-Tipps f\u00fcr Anf\u00e4nger. Ja, Sie haben sich nicht verh\u00f6rt: ZWANZIG Tipps. Es gibt viel zu lernen, ganz gleich, ob Sie ein absoluter Anf\u00e4nger sind oder aber nur eine kleine Auffrischung ben\u00f6tigen.<\/p>\n\n\n\n<ul><li>Setzen Sie sich erreichbare Ziele<\/li><li>Erlernen Sie alle Grundlagen<\/li><li>Legen Sie ein Budget fest und verwenden Sie einen selektiven Einsatzplan<\/li><li>Geben Sie Ihre Wetten online ab<\/li><li>Verstehen Sie das Konzept von Value-Wetten<\/li><li>Erlernen Sie einige einfache Wettstrategien<\/li><li>Vergleichen Sie stets die Quoten und die Gewinnlinien<\/li><li>Verfolgen Sie die Aufzeichnungen Ihrer Wetten<\/li><li>Erlernen Sie die Terminologie<\/li><li>Durchbrechen Sie Ihre pers\u00f6nliche Voreingenommenheit<\/li><li>Lassen Sie sich nicht entmutigen, wenn Sie verlieren<\/li><li>Verbringen Sie Zeit mit Recherchen<\/li><li>Vertrauen Sie Ihrem Urteil<\/li><li>Widerrufen Sie Ihre Wetten, wenn Sie sich unwohl f\u00fchlen<\/li><li>Verzichten Sie auf das Wetten, wenn Sie sich unwohl f\u00fchlen<\/li><li>Tauschen Sie sich in einem Wettforum aus<\/li><li>Machen Sie regelm\u00e4\u00dfig Pausen<\/li><\/ul>\n\n\n\n<h2 class=\"wp-block-heading\" id=\"mit-kleinen-wetten-beginnen\">Mit kleinen Wetten beginnen<\/h2>\n\n\n\n<p>Es dauert lange, bis man gelernt hat, wie man profitable Sportwetten abgeben kann. Nat\u00fcrlich greifen einige Spieler Gewinnstrategien schneller auf als andere, aber selbst die besten Wett-Liebhaber auf Sportwetten m\u00fcssen sich erst daran gew\u00f6hnen. Sie haben nur einen begrenzten Geldbetrag, mit dem Sie auf Sport wetten k\u00f6nnen, also machen Sie nicht den Fehler, pro Wettkampf zu hohe Eins\u00e4tze zu setzen, wenn Sie noch lernen, wie man gewinnt.<\/p>\n\n\n\n<h2 class=\"wp-block-heading\" id=\"konzentrieren-sie-sich-auf-ein-kleines-gebiet\">Konzentrieren Sie sich auf ein kleines Gebiet<\/h2>\n\n\n\n<p>Die meisten Menschen beginnen damit, auf ihre Lieblingsteams und auf gro\u00dfe Spiele zu wetten. Es ist jedoch ein Fehler, nur auf gro\u00dfe Spiele zu wetten \u2013 und auf etwas, \u00fcber das sie nicht viel wissen.<\/p>\n\n\n\n<h2 class=\"wp-block-heading\" id=\"sind-sportwetten-das-richtige-fur-sie\">Sind Sportwetten das Richtige f\u00fcr Sie?<\/h2>\n\n\n\n<p>Wenn Sie sich diese Art von Leitfaden zum ersten Mal ansehen, sind Sie vielleicht in Bezug auf Sportwetten noch unschl\u00fcssig. Vielleicht f\u00fchlen Sie sich von dem Versprechen, zu gewinnen, angelockt, w\u00e4hrend Ihre eher praktische Seite Sie ermahnt, dass die Gefahr einer Niederlage einfach zu gro\u00df ist, um ein solches Risiko einzugehen. Und deshalb m\u00fcssen Sie erst einmal in sich gehen, bevor Sie sich \u00fcberhaupt mit dem Rest dieses Leitfadens besch\u00e4ftigen.<\/p>\n\n\n\n<p>Es gibt einige Umst\u00e4nde, unter denen wir Ihnen absolut nicht empfehlen w\u00fcrden, sich mit der Praxis der Sportwetten zu befassen. Wenn Sie zum Beispiel nicht viel Geld haben und denken, dass Sportwetten Sie \u201eschnell reich werden lassen\u201c, dann sollten Sie vielleicht lieber die Finger davon lassen.&nbsp;<\/p>\n\n\n\n<p>Sie k\u00f6nnen mit Sportwetten viel Geld verdienen, aber niemand gewinnt jedes Mal. Wenn Sie \u00fcber Online-Sportwetten auf Sportarten wetten, riskieren Sie einen Gro\u00dfteil Ihres Geldes und selbst jene, die gewinnen, werden nicht so schnell reich.<\/p>\n\n\n\n<p>Noch wichtiger ist jedoch die Frage, ob Sie der Typ Mensch sind, der wahrscheinlich eine Spielsucht entwickelt.<\/p>\n\n\n\n<h2 class=\"wp-block-heading\" id=\"einblicke-von-betting-com\">Einblicke von Betting.com<\/h2>\n\n\n\n<p>Wenn Sie neu in der Wissenschaft und Kunst des Sportwettens sind, dann haben Sie eine gute Ausgangsposition. Ganz gleich, ob Sie noch nie gewettet haben oder ob Sie bislang nur gelegentlich eine Wette abgegeben haben die Dinge nun ein wenig beschleunigen m\u00f6chten, Sie sollten sich unbedingt einige der Grundlagen aneignen.<\/p>\n\n\n\n<p>Unrealistische Erwartungen: Lassen Sie uns zun\u00e4chst \u00fcber die Erwartungen sprechen. Sportwetten bringen eine Menge Geld ein. Das liegt daran, dass die meisten Spiele keinen Mehrwert bieten. Dennoch werden bei jedem Spiel auf allen Wettseiten Wetten abgegeben.&nbsp;<\/p>\n\n\n\n<p>Es ist an der Zeit f\u00fcr einen Realit\u00e4tscheck, dass n\u00e4mlich ein Gro\u00dfteil der Wettenden mehr Geld verliert, als er mit Sportwetten verdient. Dennoch wetten so viele Menschen in dem Glauben daran, dass sie irgendwann das gro\u00dfe Los ziehen werden. Befolgen Sie daher unsere kostenlosen Wett-Tipps.<\/p>\n\n\n\n<p>Zu hohe Eins\u00e4tze: Das h\u00e4ngt mit diesen unrealistischen Erwartungen zusammen. Wenn Sie versuchen, Sportwetten zu nutzen, um damit schnell viel Geld zu verdienen, ist die Wahrscheinlichkeit \u00fcberw\u00e4ltigend hoch, dass Sie schnell alles verlieren. Abgesehen davon sollten Sie KEINESFALLS, ich wiederhole: KEINESFALLS mehr Geld auf Ihre Bankroll einzahlen, als Sie bereit sind zu verlieren und dies auch finanziell verkraften k\u00f6nnen.&nbsp;<\/p>\n\n\n\n<p>Wenn Sie das Geld in Ihrer Bankroll ben\u00f6tigen, um damit Rechnungen zu begleichen, dann ist klar, dass Sie dieses Geld nicht verspielen sollten. Befolgen Sie daher unsere kostenlosen Wett-Tipps.<\/p>\n\n\n\n<p>Vernachl\u00e4ssigung des Bankroll-Managements: Dies k\u00f6nnte sehr wohl eines der wichtigsten Dinge sein, die es zu vermeiden gilt. Selbst die besten Sportprognostiker k\u00f6nnen am Ende Geld verlieren, weil sie \u00fcberhaupt nicht wissen, wie hoch ihre Eins\u00e4tze von einer Wette zur n\u00e4chsten sind.&nbsp;<\/p>\n\n\n\n<p>Unabh\u00e4ngig davon, f\u00fcr welches System Sie sich entscheiden, wichtig ist, dass Sie diszipliniert bleiben. Befolgen Sie daher unsere kostenlosen Wett-Tipps.<\/p>\n\n\n\n<p>Dem Gl\u00fcck die Schuld geben: Nat\u00fcrlich spielt das Gl\u00fcck bei Sportwetten eine gro\u00dfe Rolle. Beim Sport jedoch eher eine untergeordnete \u2013 aber hin und wieder passiert etwas \u00e4u\u00dferst Unwahrscheinliches, das dazu f\u00fchren kann, dass Sie eine Wette gewinnen oder verlieren.<\/p>\n\n\t\t<\/article>\n\t\t<div class=\"lg:w-[300px] lg:flex-shrink-0 relative\" x-data=\"{show_toc: false}\">\n\t\t\t<div class=\"lg:sticky lg:top-4 z-30\">\n\t\t\t\t<div class=\"fixed -top-64 left-0 w-full z-50 lg:static transition-all hidden lg:block\" id=\"fixed-toc\">\n\t\t\t\t\t<div>\n\t\t\t\t<div class=\"border-b border-solid border-gray-30 text-lg font-bold lg:pt-7 max-lg:px-4 py-3 flex items-center justify-between bg-white lg:bg-transparent\">\n\t\t\tWas gibt es auf dieser Seite\n\t\t\t<button @click=\"show_toc = true\" class=\"btn btn-red-outline-white block lg:hidden\">Jump to<\/button>\n\t\t<\/div>\n\t\t\t\t<div\n\t\t\tclass=\"max-lg:fixed max-lg:top-0 max-lg:left-0 max-lg:w-screen max-lg:h-screen max-lg:bg-gray-70 max-lg:bg-opacity-75 max-lg:hidden\"\n\t\t\t:class=\"{'max-lg:hidden': !show_toc}\"\n\t\t\t@click=\"show_toc = false\"\n\t\t>\n\t\t\t<div class=\"max-lg:absolute max-lg:bottom-0 max-lg:left-0 max-lg:w-screen bg-white lg:bg-transparent\">\n\t\t\t\t\t\t\t\t<div class=\"flex lg:hidden items-center justify-between mx-4 border-b border-solid border-gray-30 pt-6 pb-2 font-bold\">\n\n\t\t\t\t\tAuf dieser Seite\n\t\t\t\t\t<button @click=\"show_toc = false\">\n\t\t\t\t\t\t<svg class=\"w-5 h-5 text-gray-100\" xmlns=\"http:\/\/www.w3.org\/2000\/svg\" fill=\"none\" stroke=\"currentColor\" stroke-width=\"1.5\" class=\"w-6 h-6\" viewBox=\"0 0 24 24\"><path stroke-linecap=\"round\" stroke-linejoin=\"round\" d=\"M6 18 18 6M6 6l12 12\"\/><\/svg>\t\t\t\t\t<\/button>\n\t\t\t\t<\/div>\n\t\t\t\t<ul id=\"toc\" class=\"mt-5 max-h-[85vh] overflow-y-auto list-none bt-scrollbars\">\n\n\t\t\t\t\t\t\t\t\t\t\t<li>\n\t\t\t\t\t\t\t<a href=\"#heutes-wett-tipps-und-vorhersagen\" data-bt-toc-item=\"heutes-wett-tipps-und-vorhersagen\"\n\t\t\t\t\t\t\t\t @click=\"show_toc = false\"\n\t\t\t\t\t\t\t\t class=\"block px-4 py-2 text-black border-l-4 border-solid border-transparent hover:border-red-100 transition-all hover:!border-b-0 hover:font-bold\">\nHeutes Wett Tipps und Vorhersagen\n<\/a>\n\t\t\t\t\t\t<\/li>\n\t\t\t\t\t\t\t\t\t\t\t<li>\n\t\t\t\t\t\t\t<a href=\"#warum-sind-die-wett-tipps-von-betting-com-die-besten\" data-bt-toc-item=\"warum-sind-die-wett-tipps-von-betting-com-die-besten\"\n\t\t\t\t\t\t\t\t @click=\"show_toc = false\"\n\t\t\t\t\t\t\t\t class=\"block px-4 py-2 text-black border-l-4 border-solid border-transparent hover:border-red-100 transition-all hover:!border-b-0 hover:font-bold\">\nWarum sind die Wett-Tipps von Betting.com die besten?\n<\/a>\n\t\t\t\t\t\t<\/li>\n\t\t\t\t\t\t\t\t\t\t\t<li>\n\t\t\t\t\t\t\t<a href=\"#wett-tipps-fur-anfanger\" data-bt-toc-item=\"wett-tipps-fur-anfanger\"\n\t\t\t\t\t\t\t\t @click=\"show_toc = false\"\n\t\t\t\t\t\t\t\t class=\"block px-4 py-2 text-black border-l-4 border-solid border-transparent hover:border-red-100 transition-all hover:!border-b-0 hover:font-bold\">\nWett-Tipps f\u00fcr Anf\u00e4nger\n<\/a>\n\t\t\t\t\t\t<\/li>\n\t\t\t\t\t\t\t\t\t\t\t<li>\n\t\t\t\t\t\t\t<a href=\"#mit-kleinen-wetten-beginnen\" data-bt-toc-item=\"mit-kleinen-wetten-beginnen\"\n\t\t\t\t\t\t\t\t @click=\"show_toc = false\"\n\t\t\t\t\t\t\t\t class=\"block px-4 py-2 text-black border-l-4 border-solid border-transparent hover:border-red-100 transition-all hover:!border-b-0 hover:font-bold\">\nMit kleinen Wetten beginnen\n<\/a>\n\t\t\t\t\t\t<\/li>\n\t\t\t\t\t\t\t\t\t\t\t<li>\n\t\t\t\t\t\t\t<a href=\"#konzentrieren-sie-sich-auf-ein-kleines-gebiet\" data-bt-toc-item=\"konzentrieren-sie-sich-auf-ein-kleines-gebiet\"\n\t\t\t\t\t\t\t\t @click=\"show_toc = false\"\n\t\t\t\t\t\t\t\t class=\"block px-4 py-2 text-black border-l-4 border-solid border-transparent hover:border-red-100 transition-all hover:!border-b-0 hover:font-bold\">\nKonzentrieren Sie sich auf ein kleines Gebiet\n<\/a>\n\t\t\t\t\t\t<\/li>\n\t\t\t\t\t\t\t\t\t\t\t<li>\n\t\t\t\t\t\t\t<a href=\"#sind-sportwetten-das-richtige-fur-sie\" data-bt-toc-item=\"sind-sportwetten-das-richtige-fur-sie\"\n\t\t\t\t\t\t\t\t @click=\"show_toc = false\"\n\t\t\t\t\t\t\t\t class=\"block px-4 py-2 text-black border-l-4 border-solid border-transparent hover:border-red-100 transition-all hover:!border-b-0 hover:font-bold\">\nSind Sportwetten das Richtige f\u00fcr Sie?\n<\/a>\n\t\t\t\t\t\t<\/li>\n\t\t\t\t\t\t\t\t\t\t\t<li>\n\t\t\t\t\t\t\t<a href=\"#einblicke-von-betting-com\" data-bt-toc-item=\"einblicke-von-betting-com\"\n\t\t\t\t\t\t\t\t @click=\"show_toc = false\"\n\t\t\t\t\t\t\t\t class=\"block px-4 py-2 text-black border-l-4 border-solid border-transparent hover:border-red-100 transition-all hover:!border-b-0 hover:font-bold\">\nEinblicke von Betting.com\n<\/a>\n\t\t\t\t\t\t<\/li>\n\t\t\t\t\t\t\t\t\t<\/ul>\n\t\t\t\t\t\t\t\t\t\t\t<\/div>\n\t\t<\/div>\n\t<\/div>\n\t\t\t\t\t<\/div>\n\t\t\t<\/div>\n\t\t<\/div>\n\t<\/div>\n<\/div>\n\t<\/div>\n<\/div>\n\n","protected":false},"excerpt":{"rendered":"","protected":false},"author":6,"featured_media":499,"parent":0,"menu_order":1000,"comment_status":"closed","ping_status":"closed","template":"","meta":{"footnotes":""},"tags":[],"acf":[],"_links":{"self":[{"href":"https:\/\/betting.com\/de\/wp-json\/wp\/v2\/pages\/117"}],"collection":[{"href":"https:\/\/betting.com\/de\/wp-json\/wp\/v2\/pages"}],"about":[{"href":"https:\/\/betting.com\/de\/wp-json\/wp\/v2\/types\/page"}],"author":[{"embeddable":true,"href":"https:\/\/betting.com\/de\/wp-json\/wp\/v2\/users\/6"}],"replies":[{"embeddable":true,"href":"https:\/\/betting.com\/de\/wp-json\/wp\/v2\/comments?post=117"}],"version-history":[{"count":4,"href":"https:\/\/betting.com\/de\/wp-json\/wp\/v2\/pages\/117\/revisions"}],"predecessor-version":[{"id":6163,"href":"https:\/\/betting.com\/de\/wp-json\/wp\/v2\/pages\/117\/revisions\/6163"}],"wp:featuredmedia":[{"embeddable":true,"href":"https:\/\/betting.com\/de\/wp-json\/wp\/v2\/media\/499"}],"wp:attachment":[{"href":"https:\/\/betting.com\/de\/wp-json\/wp\/v2\/media?parent=117"}],"wp:term":[{"taxonomy":"post_tag","embeddable":true,"href":"https:\/\/betting.com\/de\/wp-json\/wp\/v2\/tags?post=117"}],"curies":[{"name":"wp","href":"https:\/\/api.w.org\/{rel}","templated":true}]}}