{"id":115,"date":"2022-06-15T12:23:06","date_gmt":"2022-06-15T12:23:06","guid":{"rendered":"https:\/\/betting.com\/de\/?page_id=115"},"modified":"2023-08-02T12:31:08","modified_gmt":"2023-08-02T12:31:08","slug":"tipps","status":"publish","type":"page","link":"https:\/\/betting.com\/de\/volleyball\/tipps","title":{"rendered":"Volleyball Wett Tipps"},"content":{"rendered":"<div class=\" container-white py-8\">\n\t<div class=\"wp-block-container-toc  \">\n\t\t\t<div class=\"bg-white\">\n\t<div class=\"flex flex-col-reverse lg:flex-row lg:gap-8 py-10\">\n\t\t<article class=\"max-w-[960px] flex-grow\" data-bt-content>\n\t\t\t\n<h2 class=\"wp-block-heading\" id=\"volleyball-wettipps-fur-die-heutigen-veranstaltungen\">Volleyball-Wettipps f\u00fcr die heutigen Veranstaltungen<\/h2>\n\n\n\n<p>Informieren Sie sich \u00fcber die vorteilhaftesten Volleyball-Wett-Tipps und fangen Sie an, mithilfe des Wissens verifizierter Tipster kluge Wettentscheidungen zu treffen.&nbsp;<\/p>\n\n\n\n<p>Die Volleyball-Wett-Tipps helfen Ihnen mit wertvollen Details zu den Veranstaltungen, leiten Sie an, wo Sie die h\u00f6chsten Quoten f\u00fcr Ihre Aktivit\u00e4ten finden und f\u00fcgen Sie die Gewinnauswahlen dann auf Ihrem Wettschein ein.<\/p>\n\n\n\n<h2 class=\"wp-block-heading\" id=\"volleyball-wett-tipps-geschichtlicher-hintergrund\">Volleyball-Wett-Tipps: Geschichtlicher Hintergrund<\/h2>\n\n\n\n<p>Volleyball wurde vor mehr als hundert Jahren in den Vereinigten Staaten erfunden. Mintonette, wie der Sport urspr\u00fcnglich genannt wurde, erlangte zun\u00e4chst in den US-Schulen als ber\u00fchrungslose, weniger gewaltt\u00e4tige und weniger intensive Alternative zum bereits sehr popul\u00e4ren Basketball Popularit\u00e4t.&nbsp;<\/p>\n\n\n\n<p>Ob Hallen- oder Beach-Volleyball, dieser Sport ist heute auf der ganzen Welt sehr beliebt. Tats\u00e4chlich ist es mit 200 Millionen Spielern weltweit die am zweith\u00e4ufigsten gespielte Disziplin.&nbsp;<\/p>\n\n\n\n<p>Am beliebtesten ist Volleyball in Brasilien und in den Vereinigten Staaten. Bei diesem Sport geht es auch um das Zusammenspiel im Team, weshalb er eine der besten Disziplinen f\u00fcr die Sozialisierung ist.<\/p>\n\n\n\n<h2 class=\"wp-block-heading\" id=\"wie-wetten-sie-erfolgreich-auf-volleyball\">Wie wetten Sie erfolgreich auf Volleyball?<\/h2>\n\n\n\n<p>Nicht nur in Europa sondern weltweit ist Volleyball eine der beliebtesten Sportarten. Auch die Buchmacher verzeichnen eine enorme Nachfrage nach Wetten auf Volleyball. Das Besondere, was Volleyball von anderen Sportarten unterscheidet, ist, dass man das ganze Jahr \u00fcber auf Volleyball wetten kann.&nbsp;<\/p>\n\n\n\n<p>Deshalb sehen die Angebote der Buchmacher und die Spielm\u00f6glichkeiten der Spieler recht interessant aus. Ausgehend von unserer mehrj\u00e4hrigen Erfahrung werden wir versuchen, einige Geheimnisse erfolgreicher Wetten auf Volleyball zu l\u00fcften.<\/p>\n\n\n\n<h2 class=\"wp-block-heading\" id=\"wetten-auf-volleyball\">Wetten auf Volleyball<\/h2>\n\n\n\n<p>Volleyball ist weltweit ein \u00e4u\u00dferst beliebter Sport, bei dem M\u00e4nner, Frauen und Kinder sowohl im Wettkampf als auch zum Spa\u00df spielen. Wenn es um Wetten auf Volleyball geht, gibt es nur sehr wenige Unterschiede zwischen Hallen- und Beach-Volleyball, mit Ausnahme der Gesamtpunktzahl nat\u00fcrlich.<\/p>\n\n\n\n<p>Wir haben uns einige der popul\u00e4rsten M\u00e4rkte angesehen, die bei der Platzierung einer Wette auf Volleyball zu ber\u00fccksichtigen sind &#8211; wenn Sie gerade erst mit Volleyball-Wetten anfangen, sind dies die Quoten, auf die Sie abzielen sollten.<\/p>\n\n\n\n<h2 class=\"wp-block-heading\" id=\"uber-welche-volleyball-veranstaltungen-berichten-wir\">\u00dcber welche Volleyball-Veranstaltungen berichten wir?<\/h2>\n\n\n\n<p>Wir berichten \u00fcber Ligaspiele, Pokalspiele und L\u00e4nderspiele. Wenn es also ein Ereignis gibt, ist es mehr als wahrscheinlich, dass einer unserer Volleyball-Experten dar\u00fcber berichtet.<\/p>\n\n\n\n<p>Volleyball ist eine Sportart, welche die ganze Woche \u00fcber stattfindet. W\u00e4hrend der Saison finden t\u00e4glich Spiele statt. Wenn Sie also auf der Suche nach Volleyball-Tipps sind, finden Sie diese oben.<\/p>\n\n\n\n<p>Die Veranstaltungen werden gr\u00f6\u00dftenteils europ\u00e4ische Ligen sein, aber es gibt auch eine gro\u00dfe Anzahl internationaler Spiele.<\/p>\n\n\n\n<h2 class=\"wp-block-heading\" id=\"welche-art-von-volleyball-wett-tipps-kann-ich-auf-der-betting-com-website-finden\">Welche Art von Volleyball-Wett-Tipps kann ich auf der Betting.com Website finden?<\/h2>\n\n\n\n<p>Unser Bereich Volleyball-Wett-Tipps wurde entwickelt, um die Spieler, deren Ziel es ist, signifikante Wettgewinne zu erzielen, mit Tipstern, die \u00fcber Sportwissen und entsprechende Kompetenzen verf\u00fcgen, zusammenzuf\u00fchren und so anderen zu helfen, ihre Ziele zu erreichen.&nbsp;<\/p>\n\n\n\n<p>Wenn Sie ein Spieler sind, der gern auf Volleyball-Wett-Tipps zur\u00fcckgreift, werden Sie von der Vielfalt der Vorschl\u00e4ge \u00fcberrascht sein, die t\u00e4glich zur Verf\u00fcgung stehen.&nbsp;<\/p>\n\n\n\n<p>Wenn Sie Recherchen auf diesem Gebiet durchf\u00fchren, werden Sie sowohl kostenlose als auch bezahlte Wettvorschl\u00e4ge finden.&nbsp;<\/p>\n\n\n\n<p>Denken Sie daran, dass alle bezahlten Tipster einer zus\u00e4tzlichen \u00dcberpr\u00fcfung unterzogen werden, um zu best\u00e4tigen, dass sie regelm\u00e4\u00dfig analysierte und hilfreiche Ratschl\u00e4ge ver\u00f6ffentlichen.<\/p>\n\n\n\n<p>In unserem Bereich mit den Wett-Tipps k\u00f6nnen Sie verschiedene Volleyball-Wett-Tipps nutzen, aber die beliebtesten M\u00e4rkte sind:<\/p>\n\n\n\n<ul><li>Spiel-Sieger<\/li><li>Handicap-Wetten<\/li><li>Gesamtpunkte<\/li><li>Korrektes Ergebnis<\/li><li>Festlegung von Wetten<\/li><li>Vorschl\u00e4ge f\u00fcr Akkumulatoren und vieles mehr<\/li><\/ul>\n\n\t\t<\/article>\n\t\t<div class=\"lg:w-[300px] lg:flex-shrink-0 relative\" x-data=\"{show_toc: false}\">\n\t\t\t<div class=\"lg:sticky lg:top-4 z-30\">\n\t\t\t\t<div class=\"fixed -top-64 left-0 w-full z-50 lg:static transition-all hidden lg:block\" id=\"fixed-toc\">\n\t\t\t\t\t<div>\n\t\t\t\t<div class=\"border-b border-solid border-gray-30 text-lg font-bold lg:pt-7 max-lg:px-4 py-3 flex items-center justify-between bg-white lg:bg-transparent\">\n\t\t\tWas gibt es auf dieser Seite\n\t\t\t<button @click=\"show_toc = true\" class=\"btn btn-red-outline-white block lg:hidden\">Jump to<\/button>\n\t\t<\/div>\n\t\t\t\t<div\n\t\t\tclass=\"max-lg:fixed max-lg:top-0 max-lg:left-0 max-lg:w-screen max-lg:h-screen max-lg:bg-gray-70 max-lg:bg-opacity-75 max-lg:hidden\"\n\t\t\t:class=\"{'max-lg:hidden': !show_toc}\"\n\t\t\t@click=\"show_toc = false\"\n\t\t>\n\t\t\t<div class=\"max-lg:absolute max-lg:bottom-0 max-lg:left-0 max-lg:w-screen bg-white lg:bg-transparent\">\n\t\t\t\t\t\t\t\t<div class=\"flex lg:hidden items-center justify-between mx-4 border-b border-solid border-gray-30 pt-6 pb-2 font-bold\">\n\n\t\t\t\t\tAuf dieser Seite\n\t\t\t\t\t<button @click=\"show_toc = false\">\n\t\t\t\t\t\t<svg class=\"w-5 h-5 text-gray-100\" xmlns=\"http:\/\/www.w3.org\/2000\/svg\" fill=\"none\" stroke=\"currentColor\" stroke-width=\"1.5\" class=\"w-6 h-6\" viewBox=\"0 0 24 24\"><path stroke-linecap=\"round\" stroke-linejoin=\"round\" d=\"M6 18 18 6M6 6l12 12\"\/><\/svg>\t\t\t\t\t<\/button>\n\t\t\t\t<\/div>\n\t\t\t\t<ul id=\"toc\" class=\"mt-5 max-h-[85vh] overflow-y-auto list-none bt-scrollbars\">\n\n\t\t\t\t\t\t\t\t\t\t\t<li>\n\t\t\t\t\t\t\t<a href=\"#volleyball-wettipps-fur-die-heutigen-veranstaltungen\" data-bt-toc-item=\"volleyball-wettipps-fur-die-heutigen-veranstaltungen\"\n\t\t\t\t\t\t\t\t @click=\"show_toc = false\"\n\t\t\t\t\t\t\t\t class=\"block px-4 py-2 text-black border-l-4 border-solid border-transparent hover:border-red-100 transition-all hover:!border-b-0 hover:font-bold\">\nVolleyball-Wettipps f\u00fcr die heutigen Veranstaltungen\n<\/a>\n\t\t\t\t\t\t<\/li>\n\t\t\t\t\t\t\t\t\t\t\t<li>\n\t\t\t\t\t\t\t<a href=\"#volleyball-wett-tipps-geschichtlicher-hintergrund\" data-bt-toc-item=\"volleyball-wett-tipps-geschichtlicher-hintergrund\"\n\t\t\t\t\t\t\t\t @click=\"show_toc = false\"\n\t\t\t\t\t\t\t\t class=\"block px-4 py-2 text-black border-l-4 border-solid border-transparent hover:border-red-100 transition-all hover:!border-b-0 hover:font-bold\">\nVolleyball-Wett-Tipps: Geschichtlicher Hintergrund\n<\/a>\n\t\t\t\t\t\t<\/li>\n\t\t\t\t\t\t\t\t\t\t\t<li>\n\t\t\t\t\t\t\t<a href=\"#wie-wetten-sie-erfolgreich-auf-volleyball\" data-bt-toc-item=\"wie-wetten-sie-erfolgreich-auf-volleyball\"\n\t\t\t\t\t\t\t\t @click=\"show_toc = false\"\n\t\t\t\t\t\t\t\t class=\"block px-4 py-2 text-black border-l-4 border-solid border-transparent hover:border-red-100 transition-all hover:!border-b-0 hover:font-bold\">\nWie wetten Sie erfolgreich auf Volleyball?\n<\/a>\n\t\t\t\t\t\t<\/li>\n\t\t\t\t\t\t\t\t\t\t\t<li>\n\t\t\t\t\t\t\t<a href=\"#wetten-auf-volleyball\" data-bt-toc-item=\"wetten-auf-volleyball\"\n\t\t\t\t\t\t\t\t @click=\"show_toc = false\"\n\t\t\t\t\t\t\t\t class=\"block px-4 py-2 text-black border-l-4 border-solid border-transparent hover:border-red-100 transition-all hover:!border-b-0 hover:font-bold\">\nWetten auf Volleyball\n<\/a>\n\t\t\t\t\t\t<\/li>\n\t\t\t\t\t\t\t\t\t\t\t<li>\n\t\t\t\t\t\t\t<a href=\"#uber-welche-volleyball-veranstaltungen-berichten-wir\" data-bt-toc-item=\"uber-welche-volleyball-veranstaltungen-berichten-wir\"\n\t\t\t\t\t\t\t\t @click=\"show_toc = false\"\n\t\t\t\t\t\t\t\t class=\"block px-4 py-2 text-black border-l-4 border-solid border-transparent hover:border-red-100 transition-all hover:!border-b-0 hover:font-bold\">\n\u00dcber welche Volleyball-Veranstaltungen berichten wir?\n<\/a>\n\t\t\t\t\t\t<\/li>\n\t\t\t\t\t\t\t\t\t\t\t<li>\n\t\t\t\t\t\t\t<a href=\"#welche-art-von-volleyball-wett-tipps-kann-ich-auf-der-betting-com-website-finden\" data-bt-toc-item=\"welche-art-von-volleyball-wett-tipps-kann-ich-auf-der-betting-com-website-finden\"\n\t\t\t\t\t\t\t\t @click=\"show_toc = false\"\n\t\t\t\t\t\t\t\t class=\"block px-4 py-2 text-black border-l-4 border-solid border-transparent hover:border-red-100 transition-all hover:!border-b-0 hover:font-bold\">\nWelche Art von Volleyball-Wett-Tipps kann ich auf der Betting.com Website finden?\n<\/a>\n\t\t\t\t\t\t<\/li>\n\t\t\t\t\t\t\t\t\t<\/ul>\n\t\t\t\t\t\t\t\t\t\t\t<\/div>\n\t\t<\/div>\n\t<\/div>\n\t\t\t\t\t<\/div>\n\t\t\t<\/div>\n\t\t<\/div>\n\t<\/div>\n<\/div>\n\t<\/div>\n<\/div>\n\n","protected":false},"excerpt":{"rendered":"","protected":false},"author":6,"featured_media":498,"parent":970,"menu_order":1000,"comment_status":"closed","ping_status":"closed","template":"","meta":{"footnotes":""},"tags":[],"acf":[],"_links":{"self":[{"href":"https:\/\/betting.com\/de\/wp-json\/wp\/v2\/pages\/115"}],"collection":[{"href":"https:\/\/betting.com\/de\/wp-json\/wp\/v2\/pages"}],"about":[{"href":"https:\/\/betting.com\/de\/wp-json\/wp\/v2\/types\/page"}],"author":[{"embeddable":true,"href":"https:\/\/betting.com\/de\/wp-json\/wp\/v2\/users\/6"}],"replies":[{"embeddable":true,"href":"https:\/\/betting.com\/de\/wp-json\/wp\/v2\/comments?post=115"}],"version-history":[{"count":4,"href":"https:\/\/betting.com\/de\/wp-json\/wp\/v2\/pages\/115\/revisions"}],"predecessor-version":[{"id":6162,"href":"https:\/\/betting.com\/de\/wp-json\/wp\/v2\/pages\/115\/revisions\/6162"}],"up":[{"embeddable":true,"href":"https:\/\/betting.com\/de\/wp-json\/wp\/v2\/pages\/970"}],"wp:featuredmedia":[{"embeddable":true,"href":"https:\/\/betting.com\/de\/wp-json\/wp\/v2\/media\/498"}],"wp:attachment":[{"href":"https:\/\/betting.com\/de\/wp-json\/wp\/v2\/media?parent=115"}],"wp:term":[{"taxonomy":"post_tag","embeddable":true,"href":"https:\/\/betting.com\/de\/wp-json\/wp\/v2\/tags?post=115"}],"curies":[{"name":"wp","href":"https:\/\/api.w.org\/{rel}","templated":true}]}}