{"id":111,"date":"2022-06-15T12:20:35","date_gmt":"2022-06-15T12:20:35","guid":{"rendered":"https:\/\/betting.com\/de\/?page_id=111"},"modified":"2023-08-02T12:31:08","modified_gmt":"2023-08-02T12:31:08","slug":"tipps","status":"publish","type":"page","link":"https:\/\/betting.com\/de\/tennis\/tipps","title":{"rendered":"Tennis Wett Tipps"},"content":{"rendered":"<div class=\" container-white py-8\">\n\t<div class=\"wp-block-container-toc  \">\n\t\t\t<div class=\"bg-white\">\n\t<div class=\"flex flex-col-reverse lg:flex-row lg:gap-8 py-10\">\n\t\t<article class=\"max-w-[960px] flex-grow\" data-bt-content>\n\t\t\t\n<h2 class=\"wp-block-heading\" id=\"tennis-wett-tipps-fur-die-heutigen-veranstaltungen\">Tennis-Wett Tipps f\u00fcr die heutigen Veranstaltungen<\/h2>\n\n\n\n<p>Tennis-Wett-Tipps, die Ihnen nicht nur helfen, Ihre Wettresultate zu verbessern, sondern die auch das Verfolgen der Spiele viel unterhaltsamer machen. Die Tennis-Tipps werden von unserem st\u00e4ndig wachsenden Team erfahrener Tennis-Tipster bereitgestellt.&nbsp;<\/p>\n\n\n\n<p>Alle auf der Website ver\u00f6ffentlichten Tennis-Tipps werden von unserem automatischen Algorithmus \u00fcberpr\u00fcft, der sicherstellt, dass die angegebenen Quoten auch genutzt werden k\u00f6nnen.<\/p>\n\n\n\n<h2 class=\"wp-block-heading\" id=\"tennis-wett-tipps-wir-helfen-ihnen\">Tennis-Wett-Tipps: Wir helfen Ihnen<\/h2>\n\n\n\n<p>Auf der Suche nach Top-Tennis-Tipps f\u00fcr Ihren Wettschein? Die Experten von Bettingmetrics.com sind zuverl\u00e4ssiger als eine R\u00fcckhand von Djokovic. Wir recherchieren alles rund um die Tabellenf\u00fchrer und durchforsten die Statistiken, um den besten Wettwert in der Tenniswelt zu finden. Dann teilen wir unsere Erkenntnisse mit Ihnen. Nat\u00fcrlich sind alle unsere Tennis-Tipps v\u00f6llig kostenlos.<\/p>\n\n\n\n<h2 class=\"wp-block-heading\" id=\"tennis-wetten-aufzeichnungen-machen\">Tennis-Wetten: Aufzeichnungen machen<\/h2>\n\n\n\n<p>Beim Wetten auf Tennis geht es darum, den Wert zu ermitteln und ein solides Geldmanagement zu betreiben. Eine ausgezeichnete M\u00f6glichkeit, Ihre Disziplin in beiderlei Hinsicht aufrechtzuerhalten, besteht darin, \u00fcber jede Ihrer Tenniswetten Buch zu f\u00fchren.<\/p>\n\n\n\n<h2 class=\"wp-block-heading\" id=\"warum-sollten-sie-die-kostenlosen-tennis-tipps-unserer-experten-bevorzugen\">Warum sollten Sie die kostenlosen Tennis-Tipps unserer Experten bevorzugen?<\/h2>\n\n\n\n<p>Wenn Sie unsere Ratschl\u00e4ge richtig nutzen, besteht eine gute Chance, dass Sie mit Ihren Eins\u00e4tzen das gro\u00dfe Los ziehen. Sie sollten auch wissen, dass unsere Tennis-Experten ihre w\u00f6chentlichen Prognosen zu den H\u00f6hepunkten der ATP- und WTA-Serien bereitstellen.&nbsp;<\/p>\n\n\n\n<p>Auf der Grundlage von Zahlen und Statistiken, mathematischen Algorithmen und ihrer langj\u00e4hrigen Erfahrung auf diesem Gebiet analysiert die Gruppe der unabh\u00e4ngigen Experten von Betting.com t\u00e4glich Dutzende von Tennisspielen, um die besten Vorhersagen und Wetten mit den besten Quoten zu finden.&nbsp;<\/p>\n\n\n\n<p>Z\u00f6gern Sie nicht, sie zu konsultieren. Hunderte von Spielern haben sie bereits genutzt, um die Zuverl\u00e4ssigkeit ihrer Tennisprognosen zu pr\u00fcfen und gleichzeitig ihre Jackpots zu erh\u00f6hen.<\/p>\n\n\n\n<h2 class=\"wp-block-heading\" id=\"strategie-fur-tennis-wetten\">Strategie f\u00fcr Tennis-Wetten<\/h2>\n\n\n\n<p>Jetzt, da Sie wissen, wo Sie wetten k\u00f6nnen, m\u00fcssen wir dar\u00fcber sprechen, wie wir Sie rundum darauf vorbereiten, zu wissen, auf wen und was Sie wetten k\u00f6nnen. Wir haben die besten Strategietipps unseres Expertenteams zusammengestellt, um Ihnen zu helfen, die Welt de Tennis-Wetten zu meistern.&nbsp;<\/p>\n\n\n\n<p>Wir f\u00fchren Sie durch die grundlegenden Strategien, die Sie kennen m\u00fcssen, sowie durch die h\u00e4ufigsten Fehler, die man beim Wetten macht. Danach pr\u00e4sentieren wir Ihnen einige fortschrittliche Strategien, die daf\u00fcr sorgen, dass Sie die Gewinnwetten wirklich beherrschen.<\/p>\n\n\n\n<p>Wenn Sie bereit sind, Ihre Tennis-Wetten auf die n\u00e4chste Stufe zu bringen, klicken Sie auf den nachstehenden Link zu unserem speziellen Strategieleitfaden.<\/p>\n\n\n\n<p>Welche Art von Tipps zu Tennis-Wetten finde ich auf der Bettingmetrics.com Website?<\/p>\n\n\n\n<p>In unserem Wett-Tipps-Bereich finden Sie eine gro\u00dfe Auswahl an Tennis-Wett-Tipps.&nbsp;<\/p>\n\n\n\n<p>Wir haben diesen Bereich speziell daf\u00fcr konzipiert, engagierte Tipster mit Spielern zusammenzubringen, die ihr Wettguthaben aufbessern m\u00f6chten. Denken Sie daran, dass Sie sowohl nach kostenlosen als auch nach zahlungspflichtigen Tipps f\u00fcr Ihre Wetten suchen k\u00f6nnen.&nbsp;<\/p>\n\n\n\n<p>Jeder Tipster, der sich daf\u00fcr entscheidet, zahlungspflichtige Tipps zu ver\u00f6ffentlichen, muss zus\u00e4tzliche \u00dcberpr\u00fcfungen durchlaufen, um sich verifizieren zu lassen.&nbsp;<\/p>\n\n\n\n<p>Durch diesen Prozess best\u00e4tigen wir, dass die Tipps des jeweiligen Tipsters real und n\u00fctzlich sind und dass er auf unserer Website das prim\u00e4re Ziel verfolgt, den Spielern zu helfen. In unserem Wett-Tipps-Bereich finden Sie Tennis-Wett-Tipps f\u00fcr die verschiedensten M\u00e4rkte, wie z. B:<\/p>\n\n\n\n<ul><li>Match-Wetten<\/li><li>Handicap-Wetten<\/li><li>\u00dcber und Unter<\/li><li>Das richtige Ergebnis<\/li><li>Satz-Gewinner<\/li><li>Wetten im Spiel<\/li><li>Direktes Wetten<\/li><li>Anzahl S\u00e4tze<\/li><li>Spieler, der den jeweiligen Satz f\u00fcr sich entscheidet, uvm.<\/li><li>Tennis-Live-Streaming<\/li><\/ul>\n\n\n\n<p>Tennis ist bei der Sportwetten-Community \u00e4u\u00dferst beliebt. ATP- und WTA-Veranstaltungen finden fast in jeder Woche des Jahres statt, ganz zu schweigen von ATP-Challenger-Turnieren und ITF-Veranstaltungen.<\/p>\n\n\n\n<h3 class=\"wp-block-heading\" id=\"handicap-wetten\">Handicap-Wetten<\/h3>\n\n\n\n<p>Sie m\u00f6chten auf einen Spieler wetten, aber Sie glauben immer noch, dass er verlieren wird? Wenn Sie glauben, dass ein Spieler besser abschneiden wird als erwartet, aber dennoch verlieren wird, sollten Sie sich mit Handicap-Wetten besch\u00e4ftigen. Handicap-Wetten sind den Spread-Wetten in anderen Sportarten sehr \u00e4hnlich.&nbsp;<\/p>\n\n\n\n<p>Dabei wird ein fiktiver Nachteil f\u00fcr den Favoriten einkalkuliert, damit der Au\u00dfenseiter eine faire Chance hat. Wenn die Gewinnlinie richtig gesetzt ist, gewinnt idealerweise der Spieler, der bessere Leistungen als erwartet erbringt.<\/p>\n\n\n\n<p>Die Handicap-Wette ist v\u00f6llig unabh\u00e4ngig vom Ausgang des Spiels.<\/p>\n\n\n\n<h3 class=\"wp-block-heading\" id=\"uber-unter-wetten\">\u00dcber-\/Unter-Wetten<\/h3>\n\n\n\n<p>Eine \u201e\u00dcber-\/Unter-Wette\u201c im Tennis ist eine Wette darauf, wie viele S\u00e4tze das Spiel bis zum Ende des Spiels dauern wird. Wie bei \u00dcber-\/Unter-Wetten \u00fcblich, m\u00fcssen Sie keinen Sieger bestimmen; Sie m\u00fcssen nur die Dauer des Spiels richtig w\u00e4hlen. Bei einem Format mit drei Spielen haben Sie die M\u00f6glichkeit, auf \u00fcber oder unter 2,5 S\u00e4tze zu wetten.<\/p>\n\n\n\n<h2 class=\"wp-block-heading\" id=\"tennis-wette-tennisspieler\">Tennis-Wette: Tennisspieler<\/h2>\n\n\n\n<p>Tennis genie\u00dft im Weltsport aufgrund von Superstars, wie Roger Federer, Rafael Nadal, Novak Djokovic, Serena Williams, Venus Williams, Ashleigh Barty, Simona Halep, Sofia Kenin und Naomi Osaka, ein hohes Ansehen.<\/p>\n\n\n\n<p>Zu den ber\u00fchmten Herren-Tennisspielern der Geschichte geh\u00f6ren Ken Rosewall, Andre Agassi, Arthur Ashe, John McEnroe, Jimmy Connors, Ivan Lendl, Bj\u00f6rn Borg, Pete Sampras, Rod Laver, John Newcombe, Mats Wilander, Stefan Edberg und Boris Becker.<\/p>\n\n\n\n<p>Zu den bekanntesten Spielerinnen in der Geschichte des Damen-Tennis z\u00e4hlen Tracy Austin, Jana Novotna, Hana Mandlikova, Gabriela Sabatini, Maria Sharapova, Lindsay Davenport, Evonne Goolagong Cawley, Kim Clijsters, Jennifer Capriati, Martina Hingis, Justine Henin, Monica Seles, Margaret Smith Court, Billie Jean King, Chris Evert, Martina Navratilova und Steffi Graf.<\/p>\n\n\n\n<h2 class=\"wp-block-heading\" id=\"einblicke-von-bettingmetrics-com\">Einblicke von Bettingmetrics.com<\/h2>\n\n\n\n<p>Unsere passionierten Tennisexperten helfen Ihnen jeden Tag mit zuverl\u00e4ssigen Tipps und kostenloser Beratung beim Wetten. Tennis ist eine der Sportarten mit wirklich \u00fcberzeugenden Gewinnchancen!<\/p>\n\n\n\n<ul><li>Dennoch ist es notwendig, gute Prognosen zu treffen. Entdecken Sie die wichtigsten Elemente, die es zu analysieren gilt, bevor Sie Ihre Tennis-Prognosen abgeben.<\/li><\/ul>\n\n\n\n<ul><li>Nun, da Sie wissen, wie wichtig es ist, die Anzahl Ihrer Online-Buchmacher zu erh\u00f6hen, wollen wir uns die Analyseseite einer Tennisprognose genauer ansehen. Erster Punkt: die Untersuchung des Niveaus und der Form der Spieler, auf die Sie Ihre Wette abgeben m\u00f6chten. Wenn ein Amateurspieler zum Beispiel auf Roger Federer trifft, selbst an einem schlechten Tag, wird er kaum eine Chance haben, ihn zu schlagen.<\/li><\/ul>\n\n\n\n<ul><li>Zum Schluss noch ein letzter Ratschlag: Vergessen Sie nicht, die Neigungen und Vorlieben der einzelnen Spieler, beispielsweise in puncto Belag, zu ber\u00fccksichtigen. Viele Spieler werden nicht auf einem Belag spielen wollen, der ihnen nicht gef\u00e4llt, wie es bei den Sand-Spezialisten der Fall ist, wenn die Saison der Rasenturniere beginnt. Ber\u00fccksichtigen Sie dies, bevor Sie Ihre Wetten auf Tennis abgeben, da dieser Faktor eine gro\u00dfe Rolle spielt.<\/li><\/ul>\n\n\t\t<\/article>\n\t\t<div class=\"lg:w-[300px] lg:flex-shrink-0 relative\" x-data=\"{show_toc: false}\">\n\t\t\t<div class=\"lg:sticky lg:top-4 z-30\">\n\t\t\t\t<div class=\"fixed -top-64 left-0 w-full z-50 lg:static transition-all hidden lg:block\" id=\"fixed-toc\">\n\t\t\t\t\t<div>\n\t\t\t\t<div class=\"border-b border-solid border-gray-30 text-lg font-bold lg:pt-7 max-lg:px-4 py-3 flex items-center justify-between bg-white lg:bg-transparent\">\n\t\t\tWas gibt es auf dieser Seite\n\t\t\t<button @click=\"show_toc = true\" class=\"btn btn-red-outline-white block lg:hidden\">Jump to<\/button>\n\t\t<\/div>\n\t\t\t\t<div\n\t\t\tclass=\"max-lg:fixed max-lg:top-0 max-lg:left-0 max-lg:w-screen max-lg:h-screen max-lg:bg-gray-70 max-lg:bg-opacity-75 max-lg:hidden\"\n\t\t\t:class=\"{'max-lg:hidden': !show_toc}\"\n\t\t\t@click=\"show_toc = false\"\n\t\t>\n\t\t\t<div class=\"max-lg:absolute max-lg:bottom-0 max-lg:left-0 max-lg:w-screen bg-white lg:bg-transparent\">\n\t\t\t\t\t\t\t\t<div class=\"flex lg:hidden items-center justify-between mx-4 border-b border-solid border-gray-30 pt-6 pb-2 font-bold\">\n\n\t\t\t\t\tAuf dieser Seite\n\t\t\t\t\t<button @click=\"show_toc = false\">\n\t\t\t\t\t\t<svg class=\"w-5 h-5 text-gray-100\" xmlns=\"http:\/\/www.w3.org\/2000\/svg\" fill=\"none\" stroke=\"currentColor\" stroke-width=\"1.5\" class=\"w-6 h-6\" viewBox=\"0 0 24 24\"><path stroke-linecap=\"round\" stroke-linejoin=\"round\" d=\"M6 18 18 6M6 6l12 12\"\/><\/svg>\t\t\t\t\t<\/button>\n\t\t\t\t<\/div>\n\t\t\t\t<ul id=\"toc\" class=\"mt-5 max-h-[85vh] overflow-y-auto list-none bt-scrollbars\">\n\n\t\t\t\t\t\t\t\t\t\t\t<li>\n\t\t\t\t\t\t\t<a href=\"#tennis-wett-tipps-fur-die-heutigen-veranstaltungen\" data-bt-toc-item=\"tennis-wett-tipps-fur-die-heutigen-veranstaltungen\"\n\t\t\t\t\t\t\t\t @click=\"show_toc = false\"\n\t\t\t\t\t\t\t\t class=\"block px-4 py-2 text-black border-l-4 border-solid border-transparent hover:border-red-100 transition-all hover:!border-b-0 hover:font-bold\">\nTennis-Wett Tipps f\u00fcr die heutigen Veranstaltungen\n<\/a>\n\t\t\t\t\t\t<\/li>\n\t\t\t\t\t\t\t\t\t\t\t<li>\n\t\t\t\t\t\t\t<a href=\"#tennis-wett-tipps-wir-helfen-ihnen\" data-bt-toc-item=\"tennis-wett-tipps-wir-helfen-ihnen\"\n\t\t\t\t\t\t\t\t @click=\"show_toc = false\"\n\t\t\t\t\t\t\t\t class=\"block px-4 py-2 text-black border-l-4 border-solid border-transparent hover:border-red-100 transition-all hover:!border-b-0 hover:font-bold\">\nTennis-Wett-Tipps: Wir helfen Ihnen\n<\/a>\n\t\t\t\t\t\t<\/li>\n\t\t\t\t\t\t\t\t\t\t\t<li>\n\t\t\t\t\t\t\t<a href=\"#tennis-wetten-aufzeichnungen-machen\" data-bt-toc-item=\"tennis-wetten-aufzeichnungen-machen\"\n\t\t\t\t\t\t\t\t @click=\"show_toc = false\"\n\t\t\t\t\t\t\t\t class=\"block px-4 py-2 text-black border-l-4 border-solid border-transparent hover:border-red-100 transition-all hover:!border-b-0 hover:font-bold\">\nTennis-Wetten: Aufzeichnungen machen\n<\/a>\n\t\t\t\t\t\t<\/li>\n\t\t\t\t\t\t\t\t\t\t\t<li>\n\t\t\t\t\t\t\t<a href=\"#warum-sollten-sie-die-kostenlosen-tennis-tipps-unserer-experten-bevorzugen\" data-bt-toc-item=\"warum-sollten-sie-die-kostenlosen-tennis-tipps-unserer-experten-bevorzugen\"\n\t\t\t\t\t\t\t\t @click=\"show_toc = false\"\n\t\t\t\t\t\t\t\t class=\"block px-4 py-2 text-black border-l-4 border-solid border-transparent hover:border-red-100 transition-all hover:!border-b-0 hover:font-bold\">\nWarum sollten Sie die kostenlosen Tennis-Tipps unserer Experten bevorzugen?\n<\/a>\n\t\t\t\t\t\t<\/li>\n\t\t\t\t\t\t\t\t\t\t\t<li>\n\t\t\t\t\t\t\t<a href=\"#strategie-fur-tennis-wetten\" data-bt-toc-item=\"strategie-fur-tennis-wetten\"\n\t\t\t\t\t\t\t\t @click=\"show_toc = false\"\n\t\t\t\t\t\t\t\t class=\"block px-4 py-2 text-black border-l-4 border-solid border-transparent hover:border-red-100 transition-all hover:!border-b-0 hover:font-bold\">\nStrategie f\u00fcr Tennis-Wetten\n<\/a>\n\t\t\t\t\t\t<\/li>\n\t\t\t\t\t\t\t\t\t\t\t<li>\n\t\t\t\t\t\t\t<a href=\"#tennis-wette-tennisspieler\" data-bt-toc-item=\"tennis-wette-tennisspieler\"\n\t\t\t\t\t\t\t\t @click=\"show_toc = false\"\n\t\t\t\t\t\t\t\t class=\"block px-4 py-2 text-black border-l-4 border-solid border-transparent hover:border-red-100 transition-all hover:!border-b-0 hover:font-bold\">\nTennis-Wette: Tennisspieler\n<\/a>\n\t\t\t\t\t\t<\/li>\n\t\t\t\t\t\t\t\t\t\t\t<li>\n\t\t\t\t\t\t\t<a href=\"#einblicke-von-bettingmetrics-com\" data-bt-toc-item=\"einblicke-von-bettingmetrics-com\"\n\t\t\t\t\t\t\t\t @click=\"show_toc = false\"\n\t\t\t\t\t\t\t\t class=\"block px-4 py-2 text-black border-l-4 border-solid border-transparent hover:border-red-100 transition-all hover:!border-b-0 hover:font-bold\">\nEinblicke von Bettingmetrics.com\n<\/a>\n\t\t\t\t\t\t<\/li>\n\t\t\t\t\t\t\t\t\t<\/ul>\n\t\t\t\t\t\t\t\t\t\t\t<\/div>\n\t\t<\/div>\n\t<\/div>\n\t\t\t\t\t<\/div>\n\t\t\t<\/div>\n\t\t<\/div>\n\t<\/div>\n<\/div>\n\t<\/div>\n<\/div>\n\n","protected":false},"excerpt":{"rendered":"","protected":false},"author":6,"featured_media":496,"parent":1019,"menu_order":1000,"comment_status":"closed","ping_status":"closed","template":"","meta":{"footnotes":""},"tags":[],"acf":[],"_links":{"self":[{"href":"https:\/\/betting.com\/de\/wp-json\/wp\/v2\/pages\/111"}],"collection":[{"href":"https:\/\/betting.com\/de\/wp-json\/wp\/v2\/pages"}],"about":[{"href":"https:\/\/betting.com\/de\/wp-json\/wp\/v2\/types\/page"}],"author":[{"embeddable":true,"href":"https:\/\/betting.com\/de\/wp-json\/wp\/v2\/users\/6"}],"replies":[{"embeddable":true,"href":"https:\/\/betting.com\/de\/wp-json\/wp\/v2\/comments?post=111"}],"version-history":[{"count":4,"href":"https:\/\/betting.com\/de\/wp-json\/wp\/v2\/pages\/111\/revisions"}],"predecessor-version":[{"id":6161,"href":"https:\/\/betting.com\/de\/wp-json\/wp\/v2\/pages\/111\/revisions\/6161"}],"up":[{"embeddable":true,"href":"https:\/\/betting.com\/de\/wp-json\/wp\/v2\/pages\/1019"}],"wp:featuredmedia":[{"embeddable":true,"href":"https:\/\/betting.com\/de\/wp-json\/wp\/v2\/media\/496"}],"wp:attachment":[{"href":"https:\/\/betting.com\/de\/wp-json\/wp\/v2\/media?parent=111"}],"wp:term":[{"taxonomy":"post_tag","embeddable":true,"href":"https:\/\/betting.com\/de\/wp-json\/wp\/v2\/tags?post=111"}],"curies":[{"name":"wp","href":"https:\/\/api.w.org\/{rel}","templated":true}]}}