{"id":109,"date":"2022-06-15T12:15:53","date_gmt":"2022-06-15T12:15:53","guid":{"rendered":"https:\/\/betting.com\/de\/?page_id=109"},"modified":"2023-08-02T12:31:08","modified_gmt":"2023-08-02T12:31:08","slug":"tipps","status":"publish","type":"page","link":"https:\/\/betting.com\/de\/rugby-union\/tipps","title":{"rendered":"Rugby Union-Wett Tipps"},"content":{"rendered":"<div class=\" container-white py-8\">\n\t<div class=\"wp-block-container-toc  \">\n\t\t\t<div class=\"bg-white\">\n\t<div class=\"flex flex-col-reverse lg:flex-row lg:gap-8 py-10\">\n\t\t<article class=\"max-w-[960px] flex-grow\" data-bt-content>\n\t\t\t\n<h2 class=\"wp-block-heading\" id=\"rugby-union-wett-tipps-fur-die-heutigen-veranstaltungen\">Rugby Union-Wett Tipps f\u00fcr die heutigen Veranstaltungen<\/h2>\n\n\n\n<p>Rugby-Union-Wett Tipps von Wettanalysten, die alle heutigen Spiele abdecken. Rugby geh\u00f6rt zweifellos zu den beliebtesten Sportarten rund um den Globus und zieht viel Aufmerksamkeit auf sich, was zu einer wachsenden Nachfrage nach kostenlosen Rugby-Wett-Tipps f\u00fchrt.<\/p>\n\n\n\n<h2 class=\"wp-block-heading\" id=\"rugby-wett-tipps-eine-einfuhrung\">Rugby-Wett-Tipps: Eine Einf\u00fchrung<\/h2>\n\n\n\n<p>Egal, ob Sie Rugby-Fan sind oder nicht, es macht Ihnen sicher Spa\u00df, etwas Geld zu verdienen. Nicht alle von uns sind begabt und athletisch genug, um Rugby zu spielen, also ist das Zuschauen und Wetten auf das Geschehen unsere einzige Alternative, wenn wir uns in diesem Sport engagieren wollen.<\/p>\n\n\n\n<p>Sie sind entweder auf dieser Seite gelandet, weil Sie das Spiel lieben, oder weil Sie gern auf Sport wetten, vielleicht auch von beidem ein bisschen. Unser Ziel ist es, Ihnen alle Informationen zu geben, die Sie ben\u00f6tigen, um erfolgreich auf Rugby zu wetten. Einige von Ihnen sind wahrscheinlich bereits begeisterte Fans des Spiels und brauchen keine Hilfe bei der Auswahl.<\/p>\n\n\n\n<h2 class=\"wp-block-heading\" id=\"rugby-wett-tipps-geschichtlicher-hintergrund\">Rugby-Wett-Tipps: Geschichtlicher Hintergrund<\/h2>\n\n\n\n<p>Rugby ist eine der traditionsreichsten britischen Sportarten und man kann die Urspr\u00fcnge der Rugby Union bis in die Mitte des 19. Jahrhunderts zur\u00fcckverfolgen. Seitdem hat sich der Sport etwas weiterentwickelt &#8211; und die Gr\u00fcndung der Rugby League etwa 50 Jahre sp\u00e4ter ist vielleicht die gr\u00f6\u00dfte Ver\u00e4nderung von allen.<\/p>\n\n\n\n<p>Noch heute sind wir mit beiden Kodizes gesegnet &#8211; sehr zur Freude der Rugby-Fans auf der ganzen Welt. W\u00e4hrend sich die Union mehr auf Macht und Organisation konzentriert, wird die Liga in einem viel schnelleren Tempo gespielt und pr\u00e4sentiert sich auch beim typischen Line-out in einer besseren Form.<\/p>\n\n\n\n<h2 class=\"wp-block-heading\" id=\"wie-wettet-man-auf-rugby\">Wie wettet man auf Rugby?<\/h2>\n\n\n\n<p>Rugby unterscheidet sich im Allgemeinen ein wenig in Bezug auf die Wettperspektive, was Wetten auf die Spiele anbelangt, im Gegensatz beispielsweise zu Fu\u00dfball.&nbsp;<\/p>\n\n\n\n<p>Auf den grundlegendsten Ebenen gibt es jedoch das \u00fcbliche Angebot von einfachen Einzelwetten auf Turnier-Outrights. Sie k\u00f6nnen zum Beispiel auf den Sieg einer Mannschaft in der Premiership setzen oder auch auf den Abstieg einer Mannschaft.<\/p>\n\n\n\n<h2 class=\"wp-block-heading\" id=\"beliebte-rugby-wetten\">Beliebte Rugby-Wetten<\/h2>\n\n\n\n<p>F\u00fcr Wetten auf Rugby-Spiele gibt es, wie oben erw\u00e4hnt, nicht immer eine hohe Quote. Das liegt daran, dass eine starke Mannschaft aufgrund der Punkte in einem Spiel eine hohe Gewinnwahrscheinlichkeit hat.&nbsp;<\/p>\n\n\n\n<p>Es ist nicht wie im Fu\u00dfball, wo ein Au\u00dfenseiter ein gl\u00fcckliches Tor erzielt und diesen Stand f\u00fcr Rest des Spiels verteidigt, um so einen Sieg einzufahren.&nbsp;<\/p>\n\n\n\n<p>Im Rugby ist es f\u00fcr einen Au\u00dfenseiter sehr schwierig, eine st\u00e4rkere Mannschaft vom Spielgeschehen fern zu halten, weil es so viele Punktchancen und auch Versuche gibt.&nbsp;<\/p>\n\n\n\n<p>Wenn ein Au\u00dfenseiter zum Beispiel einen Versuch und Erh\u00f6hung zu seinen Gunsten umwandelt und so sieben Punkte erzielt, ist es f\u00fcr die Rubgy-Favoriten ein Leichtes, dies wettzumachen und wieder in F\u00fchrung zu gehen. Es ist nicht so wie das Verteidigen eines Vorsprungs von einem Tor im Fu\u00dfball.<\/p>\n\n\n\n<h2 class=\"wp-block-heading\" id=\"rugby-wett-strategien\">Rugby-Wett-Strategien<\/h2>\n\n\n\n<p>Es ist sehr wichtig zu wissen, welche Arten von Wetten auf unserer Website verf\u00fcgbar sind. Es gibt eine Reihe von Dingen, die Sie tun k\u00f6nnen, um sicherzustellen, dass Sie Rugby-Wetten aus einer guten Position heraus platzieren.<\/p>\n\n\n\n<ul><li>Die Mannschaft kennen, auf die Sie wetten<\/li><\/ul>\n\n\n\n<p>Verschiedene Mannschaften haben unterschiedliche Spielstile. Traditionell spielt Neuseeland beispielsweise eine explosive Art von Lauf-Rugby, bei dem es viele Versuche gibt.<\/p>\n\n\n\n<ul><li>Es ist auch wichtig, das Wetter im Auge zu behalten<\/li><\/ul>\n\n\n\n<p>Schlechtes Wetter kann einen gro\u00dfen Einfluss auf ein Rugbyspiel haben. Wenn es regnet, kann der Ball so schwer zu handhaben sein wie ein St\u00fcck Seife und das Ergebnis ist ein Spiel mit niedrigen Punktzahlen, selbst wenn angreifende Mannschaften spielen.<\/p>\n\n\n\n<ul><li>Lesen Sie die Team-News<\/li><\/ul>\n\n\n\n<p>Ohne einen Hauptspieler zu spielen, kann, wie zu erwarten, einer Mannschaft enorm schaden, vor allem, wenn einer der Spielmacher (vor allem der Catcher) fehlt.<\/p>\n\n\t\t<\/article>\n\t\t<div class=\"lg:w-[300px] lg:flex-shrink-0 relative\" x-data=\"{show_toc: false}\">\n\t\t\t<div class=\"lg:sticky lg:top-4 z-30\">\n\t\t\t\t<div class=\"fixed -top-64 left-0 w-full z-50 lg:static transition-all hidden lg:block\" id=\"fixed-toc\">\n\t\t\t\t\t<div>\n\t\t\t\t<div class=\"border-b border-solid border-gray-30 text-lg font-bold lg:pt-7 max-lg:px-4 py-3 flex items-center justify-between bg-white lg:bg-transparent\">\n\t\t\tWas gibt es auf dieser Seite\n\t\t\t<button @click=\"show_toc = true\" class=\"btn btn-red-outline-white block lg:hidden\">Jump to<\/button>\n\t\t<\/div>\n\t\t\t\t<div\n\t\t\tclass=\"max-lg:fixed max-lg:top-0 max-lg:left-0 max-lg:w-screen max-lg:h-screen max-lg:bg-gray-70 max-lg:bg-opacity-75 max-lg:hidden\"\n\t\t\t:class=\"{'max-lg:hidden': !show_toc}\"\n\t\t\t@click=\"show_toc = false\"\n\t\t>\n\t\t\t<div class=\"max-lg:absolute max-lg:bottom-0 max-lg:left-0 max-lg:w-screen bg-white lg:bg-transparent\">\n\t\t\t\t\t\t\t\t<div class=\"flex lg:hidden items-center justify-between mx-4 border-b border-solid border-gray-30 pt-6 pb-2 font-bold\">\n\n\t\t\t\t\tAuf dieser Seite\n\t\t\t\t\t<button @click=\"show_toc = false\">\n\t\t\t\t\t\t<svg class=\"w-5 h-5 text-gray-100\" xmlns=\"http:\/\/www.w3.org\/2000\/svg\" fill=\"none\" stroke=\"currentColor\" stroke-width=\"1.5\" class=\"w-6 h-6\" viewBox=\"0 0 24 24\"><path stroke-linecap=\"round\" stroke-linejoin=\"round\" d=\"M6 18 18 6M6 6l12 12\"\/><\/svg>\t\t\t\t\t<\/button>\n\t\t\t\t<\/div>\n\t\t\t\t<ul id=\"toc\" class=\"mt-5 max-h-[85vh] overflow-y-auto list-none bt-scrollbars\">\n\n\t\t\t\t\t\t\t\t\t\t\t<li>\n\t\t\t\t\t\t\t<a href=\"#rugby-union-wett-tipps-fur-die-heutigen-veranstaltungen\" data-bt-toc-item=\"rugby-union-wett-tipps-fur-die-heutigen-veranstaltungen\"\n\t\t\t\t\t\t\t\t @click=\"show_toc = false\"\n\t\t\t\t\t\t\t\t class=\"block px-4 py-2 text-black border-l-4 border-solid border-transparent hover:border-red-100 transition-all hover:!border-b-0 hover:font-bold\">\nRugby Union-Wett Tipps f\u00fcr die heutigen Veranstaltungen\n<\/a>\n\t\t\t\t\t\t<\/li>\n\t\t\t\t\t\t\t\t\t\t\t<li>\n\t\t\t\t\t\t\t<a href=\"#rugby-wett-tipps-eine-einfuhrung\" data-bt-toc-item=\"rugby-wett-tipps-eine-einfuhrung\"\n\t\t\t\t\t\t\t\t @click=\"show_toc = false\"\n\t\t\t\t\t\t\t\t class=\"block px-4 py-2 text-black border-l-4 border-solid border-transparent hover:border-red-100 transition-all hover:!border-b-0 hover:font-bold\">\nRugby-Wett-Tipps: Eine Einf\u00fchrung\n<\/a>\n\t\t\t\t\t\t<\/li>\n\t\t\t\t\t\t\t\t\t\t\t<li>\n\t\t\t\t\t\t\t<a href=\"#rugby-wett-tipps-geschichtlicher-hintergrund\" data-bt-toc-item=\"rugby-wett-tipps-geschichtlicher-hintergrund\"\n\t\t\t\t\t\t\t\t @click=\"show_toc = false\"\n\t\t\t\t\t\t\t\t class=\"block px-4 py-2 text-black border-l-4 border-solid border-transparent hover:border-red-100 transition-all hover:!border-b-0 hover:font-bold\">\nRugby-Wett-Tipps: Geschichtlicher Hintergrund\n<\/a>\n\t\t\t\t\t\t<\/li>\n\t\t\t\t\t\t\t\t\t\t\t<li>\n\t\t\t\t\t\t\t<a href=\"#wie-wettet-man-auf-rugby\" data-bt-toc-item=\"wie-wettet-man-auf-rugby\"\n\t\t\t\t\t\t\t\t @click=\"show_toc = false\"\n\t\t\t\t\t\t\t\t class=\"block px-4 py-2 text-black border-l-4 border-solid border-transparent hover:border-red-100 transition-all hover:!border-b-0 hover:font-bold\">\nWie wettet man auf Rugby?\n<\/a>\n\t\t\t\t\t\t<\/li>\n\t\t\t\t\t\t\t\t\t\t\t<li>\n\t\t\t\t\t\t\t<a href=\"#beliebte-rugby-wetten\" data-bt-toc-item=\"beliebte-rugby-wetten\"\n\t\t\t\t\t\t\t\t @click=\"show_toc = false\"\n\t\t\t\t\t\t\t\t class=\"block px-4 py-2 text-black border-l-4 border-solid border-transparent hover:border-red-100 transition-all hover:!border-b-0 hover:font-bold\">\nBeliebte Rugby-Wetten\n<\/a>\n\t\t\t\t\t\t<\/li>\n\t\t\t\t\t\t\t\t\t\t\t<li>\n\t\t\t\t\t\t\t<a href=\"#rugby-wett-strategien\" data-bt-toc-item=\"rugby-wett-strategien\"\n\t\t\t\t\t\t\t\t @click=\"show_toc = false\"\n\t\t\t\t\t\t\t\t class=\"block px-4 py-2 text-black border-l-4 border-solid border-transparent hover:border-red-100 transition-all hover:!border-b-0 hover:font-bold\">\nRugby-Wett-Strategien\n<\/a>\n\t\t\t\t\t\t<\/li>\n\t\t\t\t\t\t\t\t\t<\/ul>\n\t\t\t\t\t\t\t\t\t\t\t<\/div>\n\t\t<\/div>\n\t<\/div>\n\t\t\t\t\t<\/div>\n\t\t\t<\/div>\n\t\t<\/div>\n\t<\/div>\n<\/div>\n\t<\/div>\n<\/div>\n\n","protected":false},"excerpt":{"rendered":"","protected":false},"author":6,"featured_media":494,"parent":899,"menu_order":1000,"comment_status":"closed","ping_status":"closed","template":"","meta":{"footnotes":""},"tags":[],"acf":[],"_links":{"self":[{"href":"https:\/\/betting.com\/de\/wp-json\/wp\/v2\/pages\/109"}],"collection":[{"href":"https:\/\/betting.com\/de\/wp-json\/wp\/v2\/pages"}],"about":[{"href":"https:\/\/betting.com\/de\/wp-json\/wp\/v2\/types\/page"}],"author":[{"embeddable":true,"href":"https:\/\/betting.com\/de\/wp-json\/wp\/v2\/users\/6"}],"replies":[{"embeddable":true,"href":"https:\/\/betting.com\/de\/wp-json\/wp\/v2\/comments?post=109"}],"version-history":[{"count":4,"href":"https:\/\/betting.com\/de\/wp-json\/wp\/v2\/pages\/109\/revisions"}],"predecessor-version":[{"id":6160,"href":"https:\/\/betting.com\/de\/wp-json\/wp\/v2\/pages\/109\/revisions\/6160"}],"up":[{"embeddable":true,"href":"https:\/\/betting.com\/de\/wp-json\/wp\/v2\/pages\/899"}],"wp:featuredmedia":[{"embeddable":true,"href":"https:\/\/betting.com\/de\/wp-json\/wp\/v2\/media\/494"}],"wp:attachment":[{"href":"https:\/\/betting.com\/de\/wp-json\/wp\/v2\/media?parent=109"}],"wp:term":[{"taxonomy":"post_tag","embeddable":true,"href":"https:\/\/betting.com\/de\/wp-json\/wp\/v2\/tags?post=109"}],"curies":[{"name":"wp","href":"https:\/\/api.w.org\/{rel}","templated":true}]}}