{"id":107,"date":"2022-06-15T12:07:01","date_gmt":"2022-06-15T12:07:01","guid":{"rendered":"https:\/\/betting.com\/de\/?page_id=107"},"modified":"2023-08-02T12:31:08","modified_gmt":"2023-08-02T12:31:08","slug":"tipps","status":"publish","type":"page","link":"https:\/\/betting.com\/de\/pferderennen\/tipps","title":{"rendered":"Pferderennen-Wett Tipps"},"content":{"rendered":"<div class=\" container-white py-8\">\n\t<div class=\"wp-block-container-toc  \">\n\t\t\t<div class=\"bg-white\">\n\t<div class=\"flex flex-col-reverse lg:flex-row lg:gap-8 py-10\">\n\t\t<article class=\"max-w-[960px] flex-grow\" data-bt-content>\n\t\t\t\n<h2 class=\"wp-block-heading\" id=\"pferderennen-wett-tipps-fur-die-heutigen-veranstaltungen\">Pferderennen-Wett Tipps f\u00fcr die heutigen Veranstaltungen<\/h2>\n\n\n\n<p>Wenn Sie gern auf Pferde wetten, werden Ihnen unsere kostenlosen Tipps zu Pferderennen sicher helfen, Ihre Ergebnisse zu verbessern. Die Wett-Tipps zu Pferderennen werden von unseren sachkundigen Tipstern bereitgestellt, die alles \u00fcber das Spiel, die Pferde und dar\u00fcber wissen, wo Sie Gelegenheiten f\u00fcr eine profitable Wette finden.&nbsp;<\/p>\n\n\n\n<p>Wie alle anderen Wett-Tipps auf der Website werden auch die Tipps zu Pferderennen automatisch von unserem System \u00fcberpr\u00fcft, bevor sie auf die Website gestellt werden, was eine hohe Qualit\u00e4t und genaue Quoten gew\u00e4hrleistet.<\/p>\n\n\n\n<h2 class=\"wp-block-heading\" id=\"wett-tipps-zu-pferderennen-alles-was-sie-wissen-sollten\">Wett-Tipps zu Pferderennen: Alles was Sie wissen sollten<\/h2>\n\n\n\n<p>Wetten auf Pferderennen, die durch Betting.com jetzt komfortabler denn je abgegeben werden k\u00f6nnen, werden oft als kompliziert und zu komplex angesehen, als dass jemand, der auf diesem Gebiet ein relativer Neuling ist, sie verstehen kann.&nbsp;<\/p>\n\n\n\n<p>In Wirklichkeit gibt es zwar eine Reihe von M\u00f6glichkeiten, auf das jeweilige Rennen zu wetten, aber die grundlegenden Wetten, die jahrzehntelang das R\u00fcckgrat des Sports bildeten, sind recht einfach, sodass selbst Anf\u00e4nger leicht in diesen \u201eSport der K\u00f6nige\u201c eingef\u00fchrt werden k\u00f6nnen.<\/p>\n\n\n\n<h2 class=\"wp-block-heading\" id=\"arten-von-wetten-auf-pferderennen\">Arten von Wetten auf Pferderennen<\/h2>\n\n\n\n<p>Sie haben zwei Kategorien von Wetten zur Auswahl, wenn Sie auf Pferde wetten m\u00f6chten: Straight-Wetten und exotische Wetten. Anf\u00e4ngern empfehlen wir, bei den Straight-Wetten zu bleiben. Sie sind einfach und kosteng\u00fcnstig.&nbsp;<\/p>\n\n\n\n<p>Sie w\u00e4hlen einfach das Pferd aus, das Ihrer Ansicht nach als erstes, zweites oder drittes ins Ziel kommen wird.<\/p>\n\n\n\n<p>Straight-Wetten \u2013 Denken Sie daran, dass Sie bei einer Straight-Wette nur auf ein Pferd setzen.<\/p>\n\n\n\n<ul><li>WIN (Sieg) \u2013 Sie wetten, dass Ihr Pferd den ersten Platz belegt. Wenn Ihr Pferd als erstes ins Ziel kommt, d\u00fcrfen Sie kassieren.<\/li><\/ul>\n\n\n\n<ul><li>PLACE (Platz) \u2013 Wenn Sie darauf wetten, dass sich Ihr Pferd platziert, wetten Sie, dass es als erstes ODER zweites durchs Ziel geht. Wenn Ihr Pferd als erstes oder zweites ins Ziel kommt, d\u00fcrfen Sie kassieren. Der Auszahlungsbetrag f\u00fcr eine Platzwette ist niedriger als bei einer Gewinnwette, aber Sie haben die Sicherheit, dass Sie Ihren Gewinn einstreichen k\u00f6nnen, wenn Ihr Pferd auf den ersten beiden Pl\u00e4tzen landet.<\/li><\/ul>\n\n\n\n<ul><li>SHOW (3er Platzwette) &#8211; Sie wetten, dass Ihr Pferd als erstes, zweites ODER drittes ins Ziel kommt. Da Sie Ihre Wetten absichern, haben Sie eine h\u00f6here Gewinnchance, aber die Auszahlung f\u00fcr eine Show-Wette ist wesentlich geringer als bei einer reinen Sieg- oder Platzwette.<\/li><\/ul>\n\n\n\n<ul><li>ACROSS THE BOARD \u2013 Bei dieser Art von Wett, wetten Sie darauf, dass Ihr Pferd bei einem Rennen entweder gewinnt oder als zweites bzw. drittes ins Ziel kommt.<\/li><\/ul>\n\n\n\n<ul><li>WIN\/PLACE, PLACE\/SHOW \u2013 \u00c4hnlich wie eine pauschale Wette, da Sie mehrere Straight-Wetten in einer einzigen Wette abschlie\u00dfen. Bei einer Win\/Place-Wette wetten Sie darauf, dass Ihr Pferd gewinnt UND platziert wird. Wenn es gewinnt, kassieren Sie sowohl das Gewinn- als auch das Platzgeld. Wenn es als zweites ins Ziel kommt, kassieren Sie nur das Platzgeld. Bei PLACE\/SHOW wetten Sie darauf, dass sich das Pferd platzieren wird. Wenn Ihr Pferd Zweiter wird, kassieren Sie das Platz und das Turniergeld; wenn es Dritter wird, erhalten Sie nur das Turniergeld.<\/li><\/ul>\n\n\n\n<p>Da Sie in einer einzigen Wette mehrere Wetten auf das jeweilige Pferd abschlie\u00dfen, sind die Optionen WIN\/PLACE und PLACE\/SHOW teurer.<\/p>\n\n\n\n<p>Einige Dinge, die bei der Auswahl der Gewinner zu beachten sind Das Team von Betting.com bietet einige einfache, praktische Tipps f\u00fcr Handicapper-Neulinge (ein Handicapper ist jemand, der versucht zu entscheiden, welches Pferd gewinnen wird).<\/p>\n\n\n\n<ul><li>Lesen Sie sich das Programm des Renntages durch.<\/li><\/ul>\n\n\n\n<ul><li>Hier finden Sie einen Leitfaden zum Verst\u00e4ndnis des Programms, der von den Personen erstellt wurde, die auch die Programme f\u00fcr jede Rennbahn in den USA erstellen.<\/li><\/ul>\n\n\n\n<ul><li>Sehen Sie sich die Klassen der Pferde an.<\/li><\/ul>\n\n\n\n<ul><li>Jedes Pferd l\u00e4uft in 1 von 4 Klassen. Die Pferde bewegen sich innerhalb der Klasse auf und ab. M\u00f6glicherweise hat ein Pferd immer den<\/li><\/ul>\n\n\n\n<ul><li>1. oder 2. Platz belegt, ist nun aber aufgestiegen und kann m\u00f6glicherweise nicht an seine fr\u00fcheren Erfolge ankn\u00fcpfen. Sehen Sie sich den Gel\u00e4uftyp an. Im Programm des Renntages finden Sie Informationen dar\u00fcber, wie jedes dieser Pferde in der Vergangenheit auf den verschiedenen Gel\u00e4ufen abgeschnitten hat. Sie k\u00f6nnen das mit dem Gel\u00e4uf vergleichen, auf dem sie heute laufen werden. Denken Sie an den Jockey.<\/li><\/ul>\n\n\n\n<ul><li>Einige Jockeys schneiden besser ab als andere. Das ist kein Zufall.<\/li><\/ul>\n\n\n\n<ul><li>Denken Sie auch an die Quoten<\/li><\/ul>\n\n\n\n<ul><li>Wie hoch ist die Wahrscheinlichkeit, dass sich eine Wette auf dieses Pferd auszahlt? Glauben Sie, dass diese Quoten eine gewinnbringende Gelegenheit darstellen, je nachdem, wie hoch Ihrer Meinung nach die Wahrscheinlichkeit ist, dass dieses Pferd das Rennen gewinnt?<\/li><\/ul>\n\n\n\n<ul><li>Sehen Sie sich die Pferde an.<\/li><\/ul>\n\n\n\n<ul><li>Vor den Rennen werden die Pferde der \u00d6ffentlichkeit im Paddock vorgestellt. Sie k\u00f6nnen sie sich ansehen, um so einen Eindruck der Pferde vor dem Rennen zu gewinnen.<\/li><\/ul>\n\n\n\n<h2 class=\"wp-block-heading\" id=\"einblicke-von-betting-com\">Einblicke von Betting.com<\/h2>\n\n\n\n<p>Hier finden Sie einige wertvolle Tipps zu Wetten auf Pferderennen.<\/p>\n\n\n\n<ul><li>Zeit \u2013 Wir wissen, dass viele Spieler Probleme mit der Zeit haben. Es ist keine leichte Aufgabe, sich auf Dutzende von Nachrichten, Artikeln und Statistiken zu konzentrieren und die Gewinner zu ermitteln. Aus diesem Grund k\u00f6nnen Sie durch die Verwendung von Tipps zu Pferderennen wertvolle Zeit sparen und gleichzeitig Ihre Lieblingswetten auf Pferderennen abgeben.<\/li><\/ul>\n\n\n\n<ul><li>Ideen \u2013 Ob Sie es glauben oder nicht, selbst den erfahrensten Spielern mangelt es hin und wieder an zuverl\u00e4ssigen Ideen f\u00fcr ihre Wetten. Hier kommen die Wett-Tipps ins Spiel. Sollten Sie jemals Probleme mit der Auswahl Ihrer Pferde haben, k\u00f6nnen Sie sich immer auf einen verifizierten Tipster verlassen, der die schwere Auswahl f\u00fcr Sie \u00fcbernimmt.&nbsp;<\/li><\/ul>\n\n\n\n<p>Wenn Sie eine zuverl\u00e4ssige Informationsquelle gefunden haben, brauchen Sie nur noch die Tipps zu Pferderennen zu befolgen und die vorgeschlagene Wette zu platzieren, um dann die Rennen genie\u00dfen zu k\u00f6nnen.<\/p>\n\n\n\n<ul><li>Eine Goldgrube an Informationen \u2013 Die zuverl\u00e4ssigen Tipster ver\u00f6ffentlichen ihre Wett-Tips zum Pferderennen nach umfangreichen Recherchen, Risikoanalysen und Vergleichen aller m\u00f6glichen Quoten, um so die h\u00f6chstm\u00f6glichen Quoten auszuw\u00e4hlen. Dar\u00fcber hinaus sind die Tipster, die sich auf Tipps zu Pferderennen konzentrieren, oft mit dem Sport sehr vertraut.&nbsp;<\/li><\/ul>\n\n\n\n<p>Sie kennen viele Fakten \u00fcber die Pferde, die Rennbahnen, die Jockeys und die Trainer. Mehr noch, einige von ihnen nehmen an den Live-Rennen teil und posten Vorschl\u00e4ge mit Informationen, die niemand im Internet finden konnte, direkt von der Rennbahn aus. Deshalb ist ein solider Hintergrund ein ziemlich wichtiger Faktor, wenn man sich fragt, welchen Tipster man w\u00e4hlen soll.<\/p>\n\n\n\n<ul><li>Andere L\u00e4nder, andere Sitten \u2013 M\u00f6glicherweise haben Sie ein gro\u00dfes Hintergrundwissen \u00fcber Pferderennen in Ihrem Land, beispielsweise in Gro\u00dfbritannien. Aber in anderen L\u00e4ndern herrschen andere Sitten. Zum Beispiel in den Vereinigten Arabischen Emiraten \u2013 dort ist das Terrain anders, die Pferde laufen in einem anderen Stil und die Herangehensweise der Jockeys ist eine andere.&nbsp;<\/li><\/ul>\n\n\n\n<p>Denken Sie daran, dass Diversifizierung eine der Grundlagen daf\u00fcr ist, langfristig profitabel zu sein! Wenn Sie Ihre Wetten auf ein anderes Niveau bringen und in verschiedenen L\u00e4ndern bedeutende Gewinne erzielen wollen, vertrauen Sie am besten einem lokalen Tipster, der mit den Gegebenheiten des jeweiligen Landes bestens vertraut ist und zuverl\u00e4ssige Tipps zu Pferderennen anbietet.<\/p>\n\n\n\n<ul><li>Verschiedene Wettm\u00e4rkte &#8211; Wenn Sie ein Spieler sind, der regelm\u00e4\u00dfige auf Pferderennen wettet und meistens mit Straight- oder Each-Way-Wetten gewinnt, m\u00fcssen Sie sich bewusst sein, dass einige der Tipps zu Pferderennen auf verschiedenen Wettm\u00e4rkten, wie Forecast, Tricast, Distanz-Special und anderen, angeboten werden.&nbsp;<\/li><\/ul>\n\n\n\n<p>Dar\u00fcber hinaus k\u00f6nnten f\u00fcr Sie die Akkumulatorentipps, wie Lucky 31, Lucky 15, Patentwette, Heinz-Wette und andere, viel profitabler sein als die regul\u00e4ren Each-Way-Wetten. Um sicherzustellen, dass alles korrekt ist, verwenden Sie bei der Abgabe von Wetten auf Pferderennen kostenlose Wettrechner, die ihnen dabei helfen, profitable Wetten und rentable Wett-Tipps abzugeben.<\/p>\n\n\t\t<\/article>\n\t\t<div class=\"lg:w-[300px] lg:flex-shrink-0 relative\" x-data=\"{show_toc: false}\">\n\t\t\t<div class=\"lg:sticky lg:top-4 z-30\">\n\t\t\t\t<div class=\"fixed -top-64 left-0 w-full z-50 lg:static transition-all hidden lg:block\" id=\"fixed-toc\">\n\t\t\t\t\t<div>\n\t\t\t\t<div class=\"border-b border-solid border-gray-30 text-lg font-bold lg:pt-7 max-lg:px-4 py-3 flex items-center justify-between bg-white lg:bg-transparent\">\n\t\t\tWas gibt es auf dieser Seite\n\t\t\t<button @click=\"show_toc = true\" class=\"btn btn-red-outline-white block lg:hidden\">Jump to<\/button>\n\t\t<\/div>\n\t\t\t\t<div\n\t\t\tclass=\"max-lg:fixed max-lg:top-0 max-lg:left-0 max-lg:w-screen max-lg:h-screen max-lg:bg-gray-70 max-lg:bg-opacity-75 max-lg:hidden\"\n\t\t\t:class=\"{'max-lg:hidden': !show_toc}\"\n\t\t\t@click=\"show_toc = false\"\n\t\t>\n\t\t\t<div class=\"max-lg:absolute max-lg:bottom-0 max-lg:left-0 max-lg:w-screen bg-white lg:bg-transparent\">\n\t\t\t\t\t\t\t\t<div class=\"flex lg:hidden items-center justify-between mx-4 border-b border-solid border-gray-30 pt-6 pb-2 font-bold\">\n\n\t\t\t\t\tAuf dieser Seite\n\t\t\t\t\t<button @click=\"show_toc = false\">\n\t\t\t\t\t\t<svg class=\"w-5 h-5 text-gray-100\" xmlns=\"http:\/\/www.w3.org\/2000\/svg\" fill=\"none\" stroke=\"currentColor\" stroke-width=\"1.5\" class=\"w-6 h-6\" viewBox=\"0 0 24 24\"><path stroke-linecap=\"round\" stroke-linejoin=\"round\" d=\"M6 18 18 6M6 6l12 12\"\/><\/svg>\t\t\t\t\t<\/button>\n\t\t\t\t<\/div>\n\t\t\t\t<ul id=\"toc\" class=\"mt-5 max-h-[85vh] overflow-y-auto list-none bt-scrollbars\">\n\n\t\t\t\t\t\t\t\t\t\t\t<li>\n\t\t\t\t\t\t\t<a href=\"#pferderennen-wett-tipps-fur-die-heutigen-veranstaltungen\" data-bt-toc-item=\"pferderennen-wett-tipps-fur-die-heutigen-veranstaltungen\"\n\t\t\t\t\t\t\t\t @click=\"show_toc = false\"\n\t\t\t\t\t\t\t\t class=\"block px-4 py-2 text-black border-l-4 border-solid border-transparent hover:border-red-100 transition-all hover:!border-b-0 hover:font-bold\">\nPferderennen-Wett Tipps f\u00fcr die heutigen Veranstaltungen\n<\/a>\n\t\t\t\t\t\t<\/li>\n\t\t\t\t\t\t\t\t\t\t\t<li>\n\t\t\t\t\t\t\t<a href=\"#wett-tipps-zu-pferderennen-alles-was-sie-wissen-sollten\" data-bt-toc-item=\"wett-tipps-zu-pferderennen-alles-was-sie-wissen-sollten\"\n\t\t\t\t\t\t\t\t @click=\"show_toc = false\"\n\t\t\t\t\t\t\t\t class=\"block px-4 py-2 text-black border-l-4 border-solid border-transparent hover:border-red-100 transition-all hover:!border-b-0 hover:font-bold\">\nWett-Tipps zu Pferderennen: Alles was Sie wissen sollten\n<\/a>\n\t\t\t\t\t\t<\/li>\n\t\t\t\t\t\t\t\t\t\t\t<li>\n\t\t\t\t\t\t\t<a href=\"#arten-von-wetten-auf-pferderennen\" data-bt-toc-item=\"arten-von-wetten-auf-pferderennen\"\n\t\t\t\t\t\t\t\t @click=\"show_toc = false\"\n\t\t\t\t\t\t\t\t class=\"block px-4 py-2 text-black border-l-4 border-solid border-transparent hover:border-red-100 transition-all hover:!border-b-0 hover:font-bold\">\nArten von Wetten auf Pferderennen\n<\/a>\n\t\t\t\t\t\t<\/li>\n\t\t\t\t\t\t\t\t\t\t\t<li>\n\t\t\t\t\t\t\t<a href=\"#einblicke-von-betting-com\" data-bt-toc-item=\"einblicke-von-betting-com\"\n\t\t\t\t\t\t\t\t @click=\"show_toc = false\"\n\t\t\t\t\t\t\t\t class=\"block px-4 py-2 text-black border-l-4 border-solid border-transparent hover:border-red-100 transition-all hover:!border-b-0 hover:font-bold\">\nEinblicke von Betting.com\n<\/a>\n\t\t\t\t\t\t<\/li>\n\t\t\t\t\t\t\t\t\t<\/ul>\n\t\t\t\t\t\t\t\t\t\t\t<\/div>\n\t\t<\/div>\n\t<\/div>\n\t\t\t\t\t<\/div>\n\t\t\t<\/div>\n\t\t<\/div>\n\t<\/div>\n<\/div>\n\t<\/div>\n<\/div>\n\n","protected":false},"excerpt":{"rendered":"","protected":false},"author":6,"featured_media":420,"parent":1017,"menu_order":1000,"comment_status":"closed","ping_status":"closed","template":"","meta":{"footnotes":""},"tags":[],"acf":[],"_links":{"self":[{"href":"https:\/\/betting.com\/de\/wp-json\/wp\/v2\/pages\/107"}],"collection":[{"href":"https:\/\/betting.com\/de\/wp-json\/wp\/v2\/pages"}],"about":[{"href":"https:\/\/betting.com\/de\/wp-json\/wp\/v2\/types\/page"}],"author":[{"embeddable":true,"href":"https:\/\/betting.com\/de\/wp-json\/wp\/v2\/users\/6"}],"replies":[{"embeddable":true,"href":"https:\/\/betting.com\/de\/wp-json\/wp\/v2\/comments?post=107"}],"version-history":[{"count":4,"href":"https:\/\/betting.com\/de\/wp-json\/wp\/v2\/pages\/107\/revisions"}],"predecessor-version":[{"id":6159,"href":"https:\/\/betting.com\/de\/wp-json\/wp\/v2\/pages\/107\/revisions\/6159"}],"up":[{"embeddable":true,"href":"https:\/\/betting.com\/de\/wp-json\/wp\/v2\/pages\/1017"}],"wp:featuredmedia":[{"embeddable":true,"href":"https:\/\/betting.com\/de\/wp-json\/wp\/v2\/media\/420"}],"wp:attachment":[{"href":"https:\/\/betting.com\/de\/wp-json\/wp\/v2\/media?parent=107"}],"wp:term":[{"taxonomy":"post_tag","embeddable":true,"href":"https:\/\/betting.com\/de\/wp-json\/wp\/v2\/tags?post=107"}],"curies":[{"name":"wp","href":"https:\/\/api.w.org\/{rel}","templated":true}]}}