{"id":105,"date":"2022-06-15T12:04:10","date_gmt":"2022-06-15T12:04:10","guid":{"rendered":"https:\/\/betting.com\/de\/?page_id=105"},"modified":"2023-08-02T12:31:08","modified_gmt":"2023-08-02T12:31:08","slug":"tipps","status":"publish","type":"page","link":"https:\/\/betting.com\/de\/fussball\/tipps","title":{"rendered":"Fussball Wett Tipps"},"content":{"rendered":"<div class=\" container-white py-8\">\n\t<div class=\"wp-block-container-toc  \">\n\t\t\t<div class=\"bg-white\">\n\t<div class=\"flex flex-col-reverse lg:flex-row lg:gap-8 py-10\">\n\t\t<article class=\"max-w-[960px] flex-grow\" data-bt-content>\n\t\t\t\n<h2 class=\"wp-block-heading\" id=\"fussball-wett-tipps-fur-die-heutigen-veranstaltungen\">Fu\u00dfball-Wett Tipps f\u00fcr die heutigen Veranstaltungen<\/h2>\n\n\n\n<p>Hier finden Sie die neuesten Fu\u00dfball-Wett-Tipps f\u00fcr die Spiele von heute und diesem Wochenende. Die Fu\u00dfball Tipps stammen von unseren erfahrenen Tippgebern, die das Spiel im Detail kennen und Ihnen helfen werden, \u00f6fter zu gewinnen. Der Feed mit den Fu\u00dfballtipps wird alle 30 Sekunden aktualisiert, damit Sie nie wieder einen Gewinntipp verpassen.<\/p>\n\n\n\n<h2 class=\"wp-block-heading\" id=\"die-grundlagen-der-fussballwetten\">Die Grundlagen der Fu\u00dfballwetten<\/h2>\n\n\n\n<p>Wussten Sie, dass Fu\u00dfball in Deutschland bei weitem die Nummer eins unter den Sportwetten ist? Baseball und Basketball sind ebenfalls popul\u00e4r, aber sie haben bei Weitem nicht das gleiche Niveau wie der Fu\u00dfball. Man kann also mit Sicherheit sagen, dass Wetten auf Fu\u00dfball eine beliebte Freizeitbesch\u00e4ftigung sind.&nbsp;<\/p>\n\n\n\n<p>Es gibt viele Gr\u00fcnde, warum dies der Fall ist und einer ist, dass es eigentlich ganz einfach ist, damit anzufangen. Mit ein wenig Fu\u00dfballwissen, kombiniert mit ein wenig Wettwissen, kann jeder Wetten auf die Spiele abschlie\u00dfen.<\/p>\n\n\n\n<p>Wir k\u00f6nnen nicht versprechen, dass wir Sie \u00fcber Nacht zu einem erfolgreichen Sportwetten-Profi machen k\u00f6nnen, aber wir k\u00f6nnen Ihnen sicherlich alle Informationen geben, die Sie ben\u00f6tigen, um rechtzeitig anzukommen. Das ist der eigentliche Hauptgrund daf\u00fcr, dass wir einen kompletten Leitfaden f\u00fcr das Wetten auf Fu\u00dfball erstellt haben.<\/p>\n\n\n\n<h2 class=\"wp-block-heading\" id=\"wie-man-auf-fussball-wettet-und-gewinnt\">Wie man auf Fu\u00dfball wettet und gewinnt<\/h2>\n\n\n\n<p>Auf Fu\u00dfball zu wetten kann ein extrem frustrierender und kostspieliger Zeitvertreib sein, da sich viele Menschen fragen, wie sie auf Fu\u00dfball wetten und gewinnen k\u00f6nnen.<\/p>\n\n\n\n<p>Es gibt zwar Erfolgsgeschichten von Spielern, die sehr oft hoch gewonnen haben, doch die meisten Spieler kennen das Gef\u00fchl, wenn ein Tor in letzter Minute ihren Akkumulator ruiniert oder die Mannschaft am unteren Ende der Tabelle einen \u00dcberraschungssieg \u00fcber den Titelverteidiger erringt.&nbsp;<\/p>\n\n\n\n<p>Einige Leute platzieren weiterhin Woche f\u00fcr Woche die gleiche Art von Wette, in der Hoffnung, dass sie damit eines Tages das gro\u00dfe Los ziehen. Um beim Fu\u00dfball zu gewinnen, m\u00fcssen die Spieler jedoch einige spezielle Regeln befolgen.<\/p>\n\n\n\n<h2 class=\"wp-block-heading\" id=\"wichtige-fussball-tipps-fur-anfanger\">Wichtige Fu\u00dfball Tipps f\u00fcr Anf\u00e4nger<\/h2>\n\n\n\n<p>Sobald Sie alle Grundlagen der Fu\u00dfballwetten verstanden haben und \u00fcber ein Konto bei einem geeigneten Anbieter von Gl\u00fccksspielen verf\u00fcgen, sind Sie so gut wie startklar. Sie m\u00fcssen noch einiges lernen, aber das meiste k\u00f6nnen Sie im Laufe der Zeit lernen. In der Tat ist das Lernen mit der Zeit der beste Ansatz.&nbsp;<\/p>\n\n\n\n<p>Der Versuch, ein Experte zu werden, bevor man tats\u00e4chlich anf\u00e4ngt, ist eine vergebliche \u00dcbung, denn vieles von dem, was dazu geh\u00f6rt, ergibt erst dann wirklich einen Sinn, wenn man erst einmal echte Erfahrungen gesammelt hat, auf die man zur\u00fcckgreifen kann.<\/p>\n\n\n\n<p>Davon abgesehen wollen wir nicht, dass Sie Ihr schwer verdientes Geld einfach so riskieren, ohne Ihnen weitere Tipps zu geben. Es gibt ein paar Dinge, die Sie wissen sollten, bevor Sie anfangen und die werden wir uns jetzt ansehen. Hier finden Sie einige wichtige Tipps und Ratschl\u00e4ge, lesen Sie also bitte die n\u00e4chsten Abschnitte sorgf\u00e4ltig durch.<\/p>\n\n\n\n<h2 class=\"wp-block-heading\" id=\"warum-ist-die-verwendung-von-fussballtipps-vorteilhaft\">Warum ist die Verwendung von Fu\u00dfballtipps vorteilhaft?<\/h2>\n\n\n\n<p>Dieses Thema wird heftig diskutiert und es gibt verschiedene Meinungen \u00fcber die Vorteile der Befolgung von Fu\u00dfball-Wett-Tipps. Einerseits wird gesagt, dass es nahezu unm\u00f6glich sei, mit Fu\u00dfballtipps Geld zu verdienen, andererseits wird von einigen behauptet, sie h\u00e4tten mit Fu\u00dfballtipps ein kleines Verm\u00f6gen verdient.&nbsp;<\/p>\n\n\n\n<p>Wenn Sie zum ersten Mal Wetten abgeben, helfen Ihnen jedoch all diese verschiedenen Ansichten nicht bei der Entscheidung, ob Sie Fu\u00dfballtipps verwenden sollten oder nicht.<\/p>\n\n\n\n<p>Wie bei allen Sportwetten sollten Sie immer darauf achten, was Sie lesen, wem Sie vertrauen und wie hoch die Eins\u00e4tze sind, die Sie auf die erhaltenen Wett-Tipps setzen.<\/p>\n\n\n\n<p>Wenn Sie anfangs Ihr schwer verdientes Geld nur auf der Grundlage des Wissens von jemand anderem riskieren, f\u00fchlen Sie sich vielleicht unbehaglich. Aber warum sollten Sie letztendlich nicht auf jemanden h\u00f6ren, der sein Leben dem Wissen um Fu\u00dfballwetten gewidmet hat? Sehen wir uns also Fu\u00dfball-Wett-Tipps einmal n\u00e4her an.<\/p>\n\n\n\n<h2 class=\"wp-block-heading\" id=\"recherchen-vor-dem-wetten\">Recherchen vor dem Wetten<\/h2>\n\n\n\n<p>Regel Nr. 1 bei Fu\u00dfballwetten ist, dass der Spieler so viele Informationen wie m\u00f6glich sammeln muss, bevor er eine Wette abgibt. Zum Beispiel spielt die zweitplatzierte Mannschaft in der Liga Mitte der Woche gegen eine Mannschaft in der Abstiegszone.&nbsp;<\/p>\n\n\n\n<p>Die h\u00f6here Mannschaft w\u00e4re der klare Favorit, es kann aber Faktoren geben, die man vor dem Wetten beachten sollte. Auch wenn die meisten Leute die Ligapositionen als guten Indikator daf\u00fcr nehmen w\u00fcrden, wer gewinnen wird, was w\u00e4re, wenn die zweitplatzierte Mannschaft am Wochenende ein \u00fcberaus wichtiges Spiel gegen den Tabellenf\u00fchrer h\u00e4tte?<\/p>\n\n\n\n<h2 class=\"wp-block-heading\" id=\"vorteile-und-nachteile-von-fussball-wetten\">Vorteile und Nachteile von Fu\u00dfball-Wetten<\/h2>\n\n\n\n<p>Es gibt eine breite Palette verschiedener Sportarten, auf die man wetten kann. Wodurch wird Fu\u00dfball also bei den Sportwetten-Fans so beliebt? Nun, f\u00fcr die meisten Menschen ist es wohl einfach die Tatsache, dass Fu\u00dfball ihr Lieblingssport ist. Fu\u00dfball ist nicht nur die Sportart Nr. 1 in Deutschland, sondern ein betr\u00e4chtlicher Prozentsatz der weltweiten Fu\u00dfballwetten wird auch von Amerikanern abgegeben.&nbsp;<\/p>\n\n\n\n<p>Es ist v\u00f6llig logisch, dass es die Menschen es vorziehen, auf den Sport zu wetten, den sie am besten kennen und lieben, aber es gibt eigentlich noch weitere gute Gr\u00fcnde, auf Fu\u00dfball zu wetten. Er hat einige Vorteile gegen\u00fcber anderen Sportarten, wobei die beiden folgenden am offensichtlichsten sind:<\/p>\n\n\n\n<ul><li>Es gibt viele Wettm\u00f6glichkeiten<\/li><li>Es gibt eine umfangreiche Berichterstattung \u00fcber den Sport<\/li><li>Lassen Sie uns genau erkl\u00e4ren, warum diese Vorteile so bedeutend sind.<\/li><li>Wettm\u00f6glichkeiten<\/li><\/ul>\n\n\n\n<p>Stellen Sie sich vor, Sie k\u00f6nnten nur eine einzige Fu\u00dfballwette pro Saison auf ein einziges Spiel setzen. Wie wahrscheinlich ist es, dass Sie damit Geld verdienen k\u00f6nnen? Die Antwort ist \u201enicht sehr\u201c. Die Chancen, mit nur einer einzigen Gelegenheit eine Value-Wette zu finden, sind unglaublich gering.&nbsp;<\/p>\n\n\n\n<p>Gl\u00fccklicherweise finden jedes Jahr viele Fu\u00dfballspiele statt und es gibt somit auch viele Gelegenheiten zum Wetten. Dies ist ein wichtiger Punkt. Zwar bietet jedes Fu\u00dfballspiel die M\u00f6glichkeit zum Wetten, aber nicht jedes Spiel bietet eine GUTE Gelegenheit daf\u00fcr. Manche Spiele sind sehr schwer einzusch\u00e4tzen und man l\u00e4sst das Wetten darauf lieber sein.<\/p>\n\n\n\n<p>Die Tatsache, dass es so viele Spiele gibt, bedeutet, dass Sie regelm\u00e4\u00dfig g\u00fcnstige Momente finden K\u00d6NNEN, um eine Wette abzugeben, insbesondere wenn Sie sich nicht nur auf die NFL konzentrieren. Wenn Sie Ihren Horizont auf College-Football und vielleicht sogar auf die Bundesliga erweitern, haben Sie noch bessere Chancen, gute Gelegenheiten zum Wetten zu finden.<\/p>\n\n\n\n<h2 class=\"wp-block-heading\" id=\"einblicke-von-betting-com\">Einblicke von Betting.com<\/h2>\n\n\n\n<p>Unsere Experten von Betting.com stehen Ihnen jederzeit zur Seite, wenn Sie Probleme mit Fu\u00dfballwetten haben. Nachstehend finden Sie einige Tipps:<\/p>\n\n\n\n<p>Bleiben Sie analytisch: Wetten aus einem Impuls heraus, Wetten mit dem Herzen, sich von den Emotionen leiten zu lassen und Wetten, die ausschlie\u00dflich auf den Wettquoten basieren, sind alles sichere Wege, um Geld zu verlieren.<\/p>\n\n\n\n<p>Impulswetten sind Wetten, bei denen ein Spieler unabh\u00e4ngig von seinem Wissen um die beteiligten Mannschaften auf die angebotenen Spiele wettet. Das ist etwas, was viele tun und ihre Gewinnquoten bei dieser Art von Wetten werden wahrscheinlich extrem niedrig sein.<\/p>\n\n\n\n<p>Profit ist Profit, egal wie klein: Einige Spieler suchen nach dem gro\u00dfen, lebensver\u00e4ndernden Sieg, den sie jede Woche erringen. Sie platzieren ein paar Euro auf Wetten, die Tausende einbringen k\u00f6nnten, wobei die Chancen, dass diese Wetten gewinnen werden, sehr gering sind.&nbsp;<\/p>\n\n\n\n<p>Diese wenigen Euro pro Woche m\u00f6gen anfangs nur eine sehr geringe Summe darstellen, aber wenn man sie \u00fcber mehrere Jahre hinweg jede Woche verliert, kann es letztendlich viel Geld sein.<\/p>\n\n\n\n<p>Die Spieler sollten immer auf einen Gewinn bedacht sein, auch wenn es sich nur um ein paar Euro handelt.<\/p>\n\n\n\n<p>Wetten dokumentieren: Wenn Sie sich Ihre Gewinne und Verluste notieren, k\u00f6nnen Sie erkennen, wie viel Geld Sie verlieren und Sie k\u00f6nnen Ihre Spielweise \u00e4ndern. Notieren Sie in diesem Protokoll die Art der Wette, die Sie platziert haben, den Einsatz, den m\u00f6glichen Ertrag und wie viel Gewinn oder Verlust Sie damit gemacht haben. F\u00fcgen Sie auch alle Notizen hinzu, die Ihnen weiterhelfen, z.B. welche Mannschaft(en) unerwartet verloren hat\/haben.<\/p>\n\n\n\n<h2 class=\"wp-block-heading\" id=\"weitere-fragen-zu-fussball-wett-tipps\">Weitere Fragen zu Fu\u00dfball-Wett-Tipps<\/h2>\n\n\n\n<h2 class=\"wp-block-heading\" id=\"sind-alle-betting-com-tipps-kostenlos\">Sind alle Betting.com-Tipps kostenlos?<\/h2>\n\n\n\n<p>Betting.com-Tipps sind v\u00f6llig kostenlos. Um uns jedoch dabei zu helfen, sie auch in Zukunft kostenlos zu halten, w\u00fcrden wir uns \u00fcber Ihre Hilfe bei der Verbreitung der Informationen sehr freuen. Erz\u00e4hlen Sie Ihren Freunden von Betting.com, erw\u00e4hnen Sie Betting.com in den sozialen Medien, hinterlassen Sie eine F\u00fcnf-Sterne-Bewertung in den App-Stores &#8211; all diese Dinge werden uns helfen, sicherzustellen, dass wir Betting.com auf absehbare Zeit als kostenloses Produkt erhalten k\u00f6nnen.<\/p>\n\n\n\n<h2 class=\"wp-block-heading\" id=\"wann-sind-betting-com-tipps-verfugbar\">Wann sind Betting.com-Tipps verf\u00fcgbar?<\/h2>\n\n\n\n<p>Das Urteil der Betting.com Analysten ist dynamisch und als solches ist die Auswahl in der Regel kurz nach dem Rundenende der vorherigen Spiele verf\u00fcgbar. Der Tipp wird jedoch erst am Morgen des Spiels aufgenommen, wenn der Markt Zeit hatte, sich zu entwickeln und wir sicher sein k\u00f6nnen, dass der Tipp, den wir abgeben, einen gewissen Wert hat. Schauen Sie also lieber regelm\u00e4\u00dfig vorbei.<\/p>\n\n\t\t<\/article>\n\t\t<div class=\"lg:w-[300px] lg:flex-shrink-0 relative\" x-data=\"{show_toc: false}\">\n\t\t\t<div class=\"lg:sticky lg:top-4 z-30\">\n\t\t\t\t<div class=\"fixed -top-64 left-0 w-full z-50 lg:static transition-all hidden lg:block\" id=\"fixed-toc\">\n\t\t\t\t\t<div>\n\t\t\t\t<div class=\"border-b border-solid border-gray-30 text-lg font-bold lg:pt-7 max-lg:px-4 py-3 flex items-center justify-between bg-white lg:bg-transparent\">\n\t\t\tWas gibt es auf dieser Seite\n\t\t\t<button @click=\"show_toc = true\" class=\"btn btn-red-outline-white block lg:hidden\">Jump to<\/button>\n\t\t<\/div>\n\t\t\t\t<div\n\t\t\tclass=\"max-lg:fixed max-lg:top-0 max-lg:left-0 max-lg:w-screen max-lg:h-screen max-lg:bg-gray-70 max-lg:bg-opacity-75 max-lg:hidden\"\n\t\t\t:class=\"{'max-lg:hidden': !show_toc}\"\n\t\t\t@click=\"show_toc = false\"\n\t\t>\n\t\t\t<div class=\"max-lg:absolute max-lg:bottom-0 max-lg:left-0 max-lg:w-screen bg-white lg:bg-transparent\">\n\t\t\t\t\t\t\t\t<div class=\"flex lg:hidden items-center justify-between mx-4 border-b border-solid border-gray-30 pt-6 pb-2 font-bold\">\n\n\t\t\t\t\tAuf dieser Seite\n\t\t\t\t\t<button @click=\"show_toc = false\">\n\t\t\t\t\t\t<svg class=\"w-5 h-5 text-gray-100\" xmlns=\"http:\/\/www.w3.org\/2000\/svg\" fill=\"none\" stroke=\"currentColor\" stroke-width=\"1.5\" class=\"w-6 h-6\" viewBox=\"0 0 24 24\"><path stroke-linecap=\"round\" stroke-linejoin=\"round\" d=\"M6 18 18 6M6 6l12 12\"\/><\/svg>\t\t\t\t\t<\/button>\n\t\t\t\t<\/div>\n\t\t\t\t<ul id=\"toc\" class=\"mt-5 max-h-[85vh] overflow-y-auto list-none bt-scrollbars\">\n\n\t\t\t\t\t\t\t\t\t\t\t<li>\n\t\t\t\t\t\t\t<a href=\"#fussball-wett-tipps-fur-die-heutigen-veranstaltungen\" data-bt-toc-item=\"fussball-wett-tipps-fur-die-heutigen-veranstaltungen\"\n\t\t\t\t\t\t\t\t @click=\"show_toc = false\"\n\t\t\t\t\t\t\t\t class=\"block px-4 py-2 text-black border-l-4 border-solid border-transparent hover:border-red-100 transition-all hover:!border-b-0 hover:font-bold\">\nFu\u00dfball-Wett Tipps f\u00fcr die heutigen Veranstaltungen\n<\/a>\n\t\t\t\t\t\t<\/li>\n\t\t\t\t\t\t\t\t\t\t\t<li>\n\t\t\t\t\t\t\t<a href=\"#die-grundlagen-der-fussballwetten\" data-bt-toc-item=\"die-grundlagen-der-fussballwetten\"\n\t\t\t\t\t\t\t\t @click=\"show_toc = false\"\n\t\t\t\t\t\t\t\t class=\"block px-4 py-2 text-black border-l-4 border-solid border-transparent hover:border-red-100 transition-all hover:!border-b-0 hover:font-bold\">\nDie Grundlagen der Fu\u00dfballwetten\n<\/a>\n\t\t\t\t\t\t<\/li>\n\t\t\t\t\t\t\t\t\t\t\t<li>\n\t\t\t\t\t\t\t<a href=\"#wie-man-auf-fussball-wettet-und-gewinnt\" data-bt-toc-item=\"wie-man-auf-fussball-wettet-und-gewinnt\"\n\t\t\t\t\t\t\t\t @click=\"show_toc = false\"\n\t\t\t\t\t\t\t\t class=\"block px-4 py-2 text-black border-l-4 border-solid border-transparent hover:border-red-100 transition-all hover:!border-b-0 hover:font-bold\">\nWie man auf Fu\u00dfball wettet und gewinnt\n<\/a>\n\t\t\t\t\t\t<\/li>\n\t\t\t\t\t\t\t\t\t\t\t<li>\n\t\t\t\t\t\t\t<a href=\"#wichtige-fussball-tipps-fur-anfanger\" data-bt-toc-item=\"wichtige-fussball-tipps-fur-anfanger\"\n\t\t\t\t\t\t\t\t @click=\"show_toc = false\"\n\t\t\t\t\t\t\t\t class=\"block px-4 py-2 text-black border-l-4 border-solid border-transparent hover:border-red-100 transition-all hover:!border-b-0 hover:font-bold\">\nWichtige Fu\u00dfball Tipps f\u00fcr Anf\u00e4nger\n<\/a>\n\t\t\t\t\t\t<\/li>\n\t\t\t\t\t\t\t\t\t\t\t<li>\n\t\t\t\t\t\t\t<a href=\"#warum-ist-die-verwendung-von-fussballtipps-vorteilhaft\" data-bt-toc-item=\"warum-ist-die-verwendung-von-fussballtipps-vorteilhaft\"\n\t\t\t\t\t\t\t\t @click=\"show_toc = false\"\n\t\t\t\t\t\t\t\t class=\"block px-4 py-2 text-black border-l-4 border-solid border-transparent hover:border-red-100 transition-all hover:!border-b-0 hover:font-bold\">\nWarum ist die Verwendung von Fu\u00dfballtipps vorteilhaft?\n<\/a>\n\t\t\t\t\t\t<\/li>\n\t\t\t\t\t\t\t\t\t\t\t<li>\n\t\t\t\t\t\t\t<a href=\"#recherchen-vor-dem-wetten\" data-bt-toc-item=\"recherchen-vor-dem-wetten\"\n\t\t\t\t\t\t\t\t @click=\"show_toc = false\"\n\t\t\t\t\t\t\t\t class=\"block px-4 py-2 text-black border-l-4 border-solid border-transparent hover:border-red-100 transition-all hover:!border-b-0 hover:font-bold\">\nRecherchen vor dem Wetten\n<\/a>\n\t\t\t\t\t\t<\/li>\n\t\t\t\t\t\t\t\t\t\t\t<li>\n\t\t\t\t\t\t\t<a href=\"#vorteile-und-nachteile-von-fussball-wetten\" data-bt-toc-item=\"vorteile-und-nachteile-von-fussball-wetten\"\n\t\t\t\t\t\t\t\t @click=\"show_toc = false\"\n\t\t\t\t\t\t\t\t class=\"block px-4 py-2 text-black border-l-4 border-solid border-transparent hover:border-red-100 transition-all hover:!border-b-0 hover:font-bold\">\nVorteile und Nachteile von Fu\u00dfball-Wetten\n<\/a>\n\t\t\t\t\t\t<\/li>\n\t\t\t\t\t\t\t\t\t\t\t<li>\n\t\t\t\t\t\t\t<a href=\"#einblicke-von-betting-com\" data-bt-toc-item=\"einblicke-von-betting-com\"\n\t\t\t\t\t\t\t\t @click=\"show_toc = false\"\n\t\t\t\t\t\t\t\t class=\"block px-4 py-2 text-black border-l-4 border-solid border-transparent hover:border-red-100 transition-all hover:!border-b-0 hover:font-bold\">\nEinblicke von Betting.com\n<\/a>\n\t\t\t\t\t\t<\/li>\n\t\t\t\t\t\t\t\t\t\t\t<li>\n\t\t\t\t\t\t\t<a href=\"#weitere-fragen-zu-fussball-wett-tipps\" data-bt-toc-item=\"weitere-fragen-zu-fussball-wett-tipps\"\n\t\t\t\t\t\t\t\t @click=\"show_toc = false\"\n\t\t\t\t\t\t\t\t class=\"block px-4 py-2 text-black border-l-4 border-solid border-transparent hover:border-red-100 transition-all hover:!border-b-0 hover:font-bold\">\nWeitere Fragen zu Fu\u00dfball-Wett-Tipps\n<\/a>\n\t\t\t\t\t\t<\/li>\n\t\t\t\t\t\t\t\t\t\t\t<li>\n\t\t\t\t\t\t\t<a href=\"#sind-alle-betting-com-tipps-kostenlos\" data-bt-toc-item=\"sind-alle-betting-com-tipps-kostenlos\"\n\t\t\t\t\t\t\t\t @click=\"show_toc = false\"\n\t\t\t\t\t\t\t\t class=\"block px-4 py-2 text-black border-l-4 border-solid border-transparent hover:border-red-100 transition-all hover:!border-b-0 hover:font-bold\">\nSind alle Betting.com-Tipps kostenlos?\n<\/a>\n\t\t\t\t\t\t<\/li>\n\t\t\t\t\t\t\t\t\t\t\t<li>\n\t\t\t\t\t\t\t<a href=\"#wann-sind-betting-com-tipps-verfugbar\" data-bt-toc-item=\"wann-sind-betting-com-tipps-verfugbar\"\n\t\t\t\t\t\t\t\t @click=\"show_toc = false\"\n\t\t\t\t\t\t\t\t class=\"block px-4 py-2 text-black border-l-4 border-solid border-transparent hover:border-red-100 transition-all hover:!border-b-0 hover:font-bold\">\nWann sind Betting.com-Tipps verf\u00fcgbar?\n<\/a>\n\t\t\t\t\t\t<\/li>\n\t\t\t\t\t\t\t\t\t<\/ul>\n\t\t\t\t\t\t\t\t\t\t\t<\/div>\n\t\t<\/div>\n\t<\/div>\n\t\t\t\t\t<\/div>\n\t\t\t<\/div>\n\t\t<\/div>\n\t<\/div>\n<\/div>\n\t<\/div>\n<\/div>\n\n","protected":false},"excerpt":{"rendered":"","protected":false},"author":6,"featured_media":492,"parent":1013,"menu_order":1000,"comment_status":"closed","ping_status":"closed","template":"","meta":{"footnotes":""},"tags":[],"acf":[],"_links":{"self":[{"href":"https:\/\/betting.com\/de\/wp-json\/wp\/v2\/pages\/105"}],"collection":[{"href":"https:\/\/betting.com\/de\/wp-json\/wp\/v2\/pages"}],"about":[{"href":"https:\/\/betting.com\/de\/wp-json\/wp\/v2\/types\/page"}],"author":[{"embeddable":true,"href":"https:\/\/betting.com\/de\/wp-json\/wp\/v2\/users\/6"}],"replies":[{"embeddable":true,"href":"https:\/\/betting.com\/de\/wp-json\/wp\/v2\/comments?post=105"}],"version-history":[{"count":4,"href":"https:\/\/betting.com\/de\/wp-json\/wp\/v2\/pages\/105\/revisions"}],"predecessor-version":[{"id":6158,"href":"https:\/\/betting.com\/de\/wp-json\/wp\/v2\/pages\/105\/revisions\/6158"}],"up":[{"embeddable":true,"href":"https:\/\/betting.com\/de\/wp-json\/wp\/v2\/pages\/1013"}],"wp:featuredmedia":[{"embeddable":true,"href":"https:\/\/betting.com\/de\/wp-json\/wp\/v2\/media\/492"}],"wp:attachment":[{"href":"https:\/\/betting.com\/de\/wp-json\/wp\/v2\/media?parent=105"}],"wp:term":[{"taxonomy":"post_tag","embeddable":true,"href":"https:\/\/betting.com\/de\/wp-json\/wp\/v2\/tags?post=105"}],"curies":[{"name":"wp","href":"https:\/\/api.w.org\/{rel}","templated":true}]}}