{"id":103,"date":"2022-06-15T12:01:03","date_gmt":"2022-06-15T12:01:03","guid":{"rendered":"https:\/\/betting.com\/de\/?page_id=103"},"modified":"2023-08-02T12:31:08","modified_gmt":"2023-08-02T12:31:08","slug":"tipps","status":"publish","type":"page","link":"https:\/\/betting.com\/de\/esports\/tipps","title":{"rendered":"eSports-Wett Tipps"},"content":{"rendered":"<div class=\" container-white py-8\">\n\t<div class=\"wp-block-container-toc  \">\n\t\t\t<div class=\"bg-white\">\n\t<div class=\"flex flex-col-reverse lg:flex-row lg:gap-8 py-10\">\n\t\t<article class=\"max-w-[960px] flex-grow\" data-bt-content>\n\t\t\t\n<h2 class=\"wp-block-heading\" id=\"esports-wett-tipps-fur-die-heutigen-veranstaltungen\">eSports-Wett Tipps f\u00fcr die heutigen Veranstaltungen<\/h2>\n\n\n\n<p>T\u00e4gliche eSport Wett-Tipps, die Ihre Wettgewinne wahrscheinlich erh\u00f6hen werden. Wetten auf eSportarten werden heutzutage immer beliebter, da t\u00e4glich Hunderte von Spielen gespielt werden.&nbsp;<\/p>\n\n\n\n<p>Der beste Weg, gewinnende Wetten abzugeben, ist das richtige Wissen, aber das erfordert viel Zeit und M\u00fche. Unsere kostenlosen eSport Wett-Tipps sind alles, was Sie brauchen, um Zeit zu sparen und \u00f6fter zu gewinnen.<\/p>\n\n\n\n<h2 class=\"wp-block-heading\" id=\"esport-wett-tipps-was-ist-esport\">eSport-Wett-Tipps: Was ist eSport?<\/h2>\n\n\n\n<p>eSport (auch bekannt als elektronischer Sport oder E-Sport) ist eine Form von Sportwettk\u00e4mpfen mit Videospielen. Es kann \u00fcber eine Vielzahl von Konsolen, wie Personal Computer (PC), Xbox oder Playstation, gespielt werden.<\/p>\n\n\n\n<p>eSports wurden zuerst in Asien popul\u00e4r, insbesondere in China und S\u00fcdkorea, aber mit der Einf\u00fchrung von Twitch und YouTube, die den Fans eine direkte Verbindung zu Spielern und Teams erm\u00f6glichen, haben sie in den letzten Jahren einen explosionsartigen Boost erfahren.<\/p>\n\n\n\n<h2 class=\"wp-block-heading\" id=\"was-sind-esport-wett-tipps\">Was sind eSport-Wett-Tipps?<\/h2>\n\n\n\n<p>Sie fragen sich vielleicht, was eSport-Wetten sind? Wie kann ich diese eSport-Wett-Tipps verwenden? eSport ist die Abk\u00fcrzung f\u00fcr \u201eElektronischer Sport\u201c. Es gibt zwei Arten von Turnieren, die entweder online oder \u00fcber LAN gespielt werden.&nbsp;<\/p>\n\n\n\n<p>Turniere k\u00f6nnen als Einzelspieler oder als Mannschaften entweder auf Spielkonsolen oder PCs gespielt werden. Aufgrund des gro\u00dfen Sponsorings der kommenden Turniere ist die Welt des eSports wirklich in Schwung gekommen. Wett-Fans k\u00f6nnen eine gro\u00dfe Anzahl der Spiele live \u00fcber das Streaming-Netzwerk Twitch verfolgen.<\/p>\n\n\n\n<h2 class=\"wp-block-heading\" id=\"was-sind-esport-wetten\">Was sind eSport-Wetten?<\/h2>\n\n\n\n<p>eSport-Wetten sind \u00e4hnlich wie Wetten auf jede andere Sportart. Da eSport-Wetten noch in den Kinderschuhen stecken, gibt es noch keine breite Palette von M\u00e4rkten, aber die g\u00e4ngigsten sind die, die wir auch im normalen Profisport sehen.&nbsp;<\/p>\n\n\n\n<p>Die M\u00e4rkte sind je nach Spiel leicht unterschiedlich, aber die Geldlinie, bei der man einfach den Gewinner des Spiels bestimmen muss, ist der h\u00e4ufigste Markt.<\/p>\n\n\n\n<p>Andere beliebte M\u00e4rkte sind Spielhandicaps, die genau wie die Spreads bei Fu\u00dfball- und Basketball-Wetten funktionieren. Die Mannschaften treten oft \u00fcber eine Reihe von verschiedenen Spielen oder Karten in einem Match gegeneinander an.&nbsp;<\/p>\n\n\n\n<p>Zu den Sonderwetten geh\u00f6ren der Spieler (oder Held) des Spiels oder der Karte, das richtige Ergebnis, wenn das Spiel eine festgelegte Anzahl an Karten hat, die gespielt werden m\u00fcssen und die Teams, die eine bestimmte Anzahl an Karten gewinnen.<\/p>\n\n\n\n<p>Inzwischen gibt es viele Profispieler und Teams aus der ganzen Welt, darunter einige der gr\u00f6\u00dften Namen, wie FaZe, SK Gaming, Mousesports und Cloud9, die in ausverkauften Arenen um riesige Preispools k\u00e4mpfen. Der bisher gr\u00f6\u00dfte war 34,3 Millionen Euro beim Internationalen Dota 2-Turnier im Jahr 2019.<\/p>\n\n\n\n<h2 class=\"wp-block-heading\" id=\"wer-sind-die-besten-esport-tipster\">Wer sind die besten eSport-Tipster?<\/h2>\n\n\n\n<p>Unsere eSport-Tipster geben sich M\u00fche und nehmen sich die Zeit, Ihnen die besten eSport-Wett-Tipps bereitzustellen. Eine Liste der aktuellen Spiele und Turniere finden Sie oben. Die Auswahl mit den meisten Vorhersagen wird zusammen mit den Quoten, der Anzahl der Tipps und dem Prozentsatz dieser Tipps angezeigt.&nbsp;<\/p>\n\n\n\n<p>F\u00fcr eine detaillierte Aufschl\u00fcsselung eines Ereignisses klicken Sie einfach auf den Namen der Veranstaltung. Sie k\u00f6nnen sich jeden Markt ansehen und auch anhand der Kommentare unserer eSport-Tipster nachlesen, warum diese glauben, dass der Tipp gewinnen wird.<\/p>\n\n\n\n<h2 class=\"wp-block-heading\" id=\"esport-wettprognosen-und-tipster-wettbewerb\">eSport-Wettprognosen und Tipster-Wettbewerb<\/h2>\n\n\n\n<p>Wir sind eine vertrauensw\u00fcrdige Quelle f\u00fcr Tausende von eSport-Wett-Fans auf der ganzen Welt und liefern seit Jahren regelm\u00e4\u00dfig Wett- und eSport-Prognosen: Angefangen bei CSGO-Prognosen \u00fcber Dota 2- und League of Legends-Prognosen bis hin zu Overwatch-Prognosen, Bettingmetrics.com bietet sie alle.&nbsp;<\/p>\n\n\n\n<p>Wir haben miterlebt, wie sich die eSport-Branche ver\u00e4ndert, angepasst und weiterentwickelt hat und wir haben sie bei jedem Schritt begleitet.&nbsp;<\/p>\n\n\n\n<p>Greifen Sie vor Spielbeginn kostenlos auf die Sportprognosen von Bettingmetrics.com zu. Erstellen Sie ein Konto und erfahren Sie, wie Sie ein Tipster werden k\u00f6nnen. Messen Sie sich mit den Top-Tipstern und gewinnen Sie kostenlose Wetten bei unserem monatlichen Tipster-Wettbewerb.<\/p>\n\n\n\n<h2 class=\"wp-block-heading\" id=\"bemerkenswerte-esport-veranstaltungen\">Bemerkenswerte eSport-Veranstaltungen<\/h2>\n\n\n\n<p><strong>League of Legends-Weltmeisterschaft<\/strong><\/p>\n\n\n\n<p>Die derzeit vielleicht popul\u00e4rste Sportart, die League of Legends-Weltmeisterschaft zum Jahresende, ist ein Gro\u00dfereignis und der Produktionsaufwand ist mit dem jeder anderen gro\u00dfen Sportart vergleichbar. Da die Besten der Besten um einen riesigen Preispool k\u00e4mpfen, sollten Sie sich unsere Wett-Tipps zur League Of Legends-Weltmeisterschaft nicht entgehen lassen!<\/p>\n\n\n\n<p><strong>CS:GO Major-Turniere<\/strong><\/p>\n\n\n\n<p>Valve veranstaltet jedes Jahr zwei oder drei gro\u00dfe Turniere f\u00fcr ihren f\u00fchrenden Titel CS:GO (Counterstrike Global Offensive). Jedes dieser Turniere hat einen Preispool von \u20ac1.000.000 und wird an Orten auf der ganzen Welt ausgetragen.<\/p>\n\n\n\n<p><strong>Overwatch League<\/strong><\/p>\n\n\n\n<p>Die acht Monate dauernde Overwatch League ist ein brillantes Spektakel, bei dem Franchise-Teams aus der ganzen Welt gegeneinander antreten.&nbsp;<\/p>\n\n\n\n<p>Ab 2020 werden die Mannschaften aus ihren L\u00e4ndern spielen, was bedeutet, dass es Heim- und Ausw\u00e4rtsspiele geben wird, um dieses ohnehin schon fantastische Overwatch-Spektakel noch weiter aufzupeppen. Alle unsere Tipps zur Overwatch League werden von umfassenden Analysen begleitet und sind kostenlos erh\u00e4ltlich.<\/p>\n\n\n\n<h2 class=\"wp-block-heading\" id=\"esport-wett-tipps-einen-finanzplan-haben\">eSport-Wett-Tipps: Einen Finanzplan haben<\/h2>\n\n\n\n<p>Ein Finanzplan steht in keinem direkten Zusammenhang mit der Frage, ob eine eSport-Wette Gewinn abwirft oder nicht. Ein Finanzplan umfasst zwei Dinge: ein monatliches Wettbudget und einen Einsatzplan. Beide Dinge sind von entscheidender Bedeutung, wenn Sie eSport-Wetten von einer Aktivit\u00e4t aus der Vergangenheit in ein profitables und eintr\u00e4gliches Abenteuer voller Spannung verwandeln wollen.<\/p>\n\n\n\n<h2 class=\"wp-block-heading\" id=\"esport-wett-tipps-ein-monatliches-wettbudget\">eSport-Wett-Tipps: Ein monatliches Wettbudget<\/h2>\n\n\n\n<p>Sie sollten nie mit dem Wetten beginnen, ohne ein monatliches Wettbudget zugewiesen zu haben. Dieses Budget sollte etwa 10 % bis 20 % Ihres monatlichen Einkommens betragen und niemals Ihre t\u00e4glichen Ausgaben beeintr\u00e4chtigen.&nbsp;<\/p>\n\n\n\n<p>Das bedeutet, dass Sie darauf achten sollten, dass das Wettbudget das Geld ist, das Sie weiterhin in der Tasche haben, nachdem Sie den Monat \u00fcberstanden haben und es sollte nicht aus Geldern bestehen, die Sie f\u00fcr Ihre Lebensmitteln, Rechnungen oder Ihr Transportmittel ben\u00f6tigen.<\/p>\n\n\n\n<p>Wenn Sie z. B. \u20ac1500 im Monat verdienen, k\u00f6nnen Sie etwa \u20ac150 bis \u20ac300 als monatliches Wettbudget zuweisen, solange die anderen \u20ac1200 ausreichen, um den Monat bequem zu \u00fcberstehen.<\/p>\n\n\n\n<p>Aber warum ist ein monatliches Wettbudget so wichtig f\u00fcr den Erfolg Ihrer eSport-Wetten? Zun\u00e4chst einmal erinnert es Sie zu Beginn eines jeden Monats daran, dass Sie einen betr\u00e4chtlichen Geldbetrag aus Ihrem monatlichen Einkommen entnehmen.&nbsp;<\/p>\n\n\n\n<p>Ein weiterer Grund f\u00fcr ein monatliches Budget ist die Begrenzung Ihrer Ausgaben, wenn Sie eine Pechstr\u00e4hne haben.&nbsp;<\/p>\n\n\n\n<p>Eine Pechstr\u00e4hne war bereits der Tod so vieler Wettkarrieren und wenn Sie Wetten gewinnen wollen, sollten Sie wissen, wie man damit umgeht.&nbsp;<\/p>\n\n\n\n<p>Mit einem monatlichen Wettbudget ist die H\u00e4lfte der Arbeit bereits erledigt und Sie m\u00fcssen sich nur zur\u00fcckhalten, dass Sie kein Geld au\u00dferhalb Ihres Wettbudgets verwenden, damit die andere H\u00e4lfte ebenfalls erledigt werden kann.<\/p>\n\n\n\n<h2 class=\"wp-block-heading\" id=\"esport-wett-tipps-ein-einsatzplan\">eSport-Wett-Tipps: Ein Einsatzplan<\/h2>\n\n\n\n<p>Ein Einsatzplan ist eine Strategie, die sich um das Konzept dreht, wie hoch der Einsatz f\u00fcr jede Ihrer Wetten sein darf. Wir haben Einsatzpl\u00e4ne in anderen Artikeln auf dieser Website sehr viel ausf\u00fchrlicher besprochen, daher wollen wir Ihnen hier nur die Grundlagen vermitteln.<\/p>\n\n\n\n<p>Einsatzpl\u00e4ne k\u00f6nnen fix oder variabel sein. Bei fixen Einsatzpl\u00e4nen setzen Sie bei jeder Wette immer den gleichen Geldbetrag oder den gleichen Prozentsatz Ihres monatlichen Budgets ein. Kurz gesagt, wenn Sie sehr zuversichtlich sind, dass eine Wette erfolgreich sein wird, setzen Sie h\u00f6here Summen darauf. Wenn Sie hingegen nicht so zuversichtlich sind, setzen Sie entsprechend weniger.<\/p>\n\n\n\n<h2 class=\"wp-block-heading\" id=\"uber-welche-esport-veranstaltungen-berichten-wir-bei-bettingmetrics-com\">\u00dcber welche eSport-Veranstaltungen berichten wir bei Bettingmetrics.com?<\/h2>\n\n\n\n<p>Die Welt des eSports w\u00e4chst von Jahr zu Jahr rapide, infolgedessen ist die Anzahl der Veranstaltungen auf den verschiedenen Plattformen enorm. Es gibt keinen Tag in der Woche, an dem nicht irgendein eSport-Turnier stattfindet, sodass unsere eSport-Tipster mit Sicherheit sehr besch\u00e4ftigt sind.<\/p>\n\n\n\n<ul><li>Auf dieser Seite finden Sie eSport-Prognosen f\u00fcr mehrere Spiele, wie zum Beispiel Ego-Shooter<\/li><\/ul>\n\n\n\n<ul><li>Die Counter-Strike-Serien sind in diesem Bereich die beliebtesten, sodass Sie hier sehr oft mit cs:go-Wettprognosen rechnen k\u00f6nnen.<\/li><\/ul>\n\n\n\n<ul><li>Call of Duty ist wahrscheinlich auch au\u00dferhalb der eSports-Wettbranche bekannt und Fortnite Battle Royale ist eines der am schnellsten wachsenden Spiele.<\/li><\/ul>\n\n\n\n<ul><li>Von unseren Tipstern k\u00f6nnen Sie Prognosen zu diesen Spielen sowie zu den Spielen PlayerUnknown&#8217;s Battlegrounds, Doom, Quack, Overwatch und Rainbow Six erwarten.<\/li><\/ul>\n\n\n\n<p><strong>Kampfspiele:&nbsp;<\/strong><\/p>\n\n\n\n<ul><li>Street Fighter wird der Name sein, den die meisten Leute bereits geh\u00f6rt haben und Sie k\u00f6nnen sich hier Street Fighter Picks aussuchen.<\/li><\/ul>\n\n\n\n<ul><li>Dar\u00fcber hinaus ist Super Smash Bros, in dem der ber\u00fchmte Super Mario zu sehen ist, ein weiteres Spiel, das wir neben Wetttipps auf das sehr langlebige Tekken abdecken.<\/li><\/ul>\n\n\n\n<ul><li>Das sind die drei Hauptspiele, f\u00fcr die Sie in der Kategorie Kampfspiele Prognosen finden k\u00f6nnen.<\/li><\/ul>\n\n\n\n<p><strong>Sportspiele:<\/strong><\/p>\n\n\n\n<ul><li>Dieser Abschnitt ist in den letzten Jahren immer gr\u00f6\u00dfer geworden, wobei drei Hauptspiele die Wegbereiter sind.<\/li><\/ul>\n\n\n\n<ul><li>FIFA ist eines der beliebtesten Spiele auf dem Markt und wir haben jetzt jedes Jahr viele Turniere.<\/li><\/ul>\n\n\n\n<ul><li>In Madden erwachen die Stars der NFL zum Leben und in NBA 2K k\u00f6nnen sich die NBA-Fans selbst engagieren.<\/li><\/ul>\n\n\n\n<ul><li>Dar\u00fcber hinaus ist die Rocket League ein sehr beliebtes Spiel, das Rennen und Sport auf die Spitze treibt! Rocket League ist eine Art Fu\u00dfballspiel, allerdings mit Raketen betriebenen Autos. Jede der beiden Mannschaften umfasst bis zu vier Spieler. Das Ziel des Spiels besteht darin, den Ball mit den Raketen betriebenen Fahrzeugen in das gegnerische Tor zu bringen, um Punkte zu erzielen.<\/li><\/ul>\n\n\n\n<p><strong>Andere (Echtzeit-Strategie und Battle Arena):&nbsp;<\/strong><\/p>\n\n\n\n<ul><li>Starcraft, World of Warcraft und Heathstone sind allesamt sehr beliebte Spiele, insbesondere bei asiatischen eSport-Fans, die den taktischen Kampf lieben.<\/li><\/ul>\n\n\n\n<ul><li>Dota 2 und League of Legends sind zwei sehr beliebte Kampfarena-Spiele, Sie k\u00f6nnen hier jedoch auch Tetris- und Pokemon-Spiele finden!<\/li><\/ul>\n\n\n\n<ul><li>Wir decken alle genannten Spiele ab. Wenn Spiele verf\u00fcgbar sind, liefern unsere eSport-Tipster t\u00e4glich Prognosen.<\/li><\/ul>\n\n\n\n<ul><li>Ganz gleich also, ob Sie nach League of Legends-Prognosen oder FIFA-Wett-Tipps suchen, bei uns sind Sie richtig!<\/li><\/ul>\n\n\t\t<\/article>\n\t\t<div class=\"lg:w-[300px] lg:flex-shrink-0 relative\" x-data=\"{show_toc: false}\">\n\t\t\t<div class=\"lg:sticky lg:top-4 z-30\">\n\t\t\t\t<div class=\"fixed -top-64 left-0 w-full z-50 lg:static transition-all hidden lg:block\" id=\"fixed-toc\">\n\t\t\t\t\t<div>\n\t\t\t\t<div class=\"border-b border-solid border-gray-30 text-lg font-bold lg:pt-7 max-lg:px-4 py-3 flex items-center justify-between bg-white lg:bg-transparent\">\n\t\t\tWas gibt es auf dieser Seite\n\t\t\t<button @click=\"show_toc = true\" class=\"btn btn-red-outline-white block lg:hidden\">Jump to<\/button>\n\t\t<\/div>\n\t\t\t\t<div\n\t\t\tclass=\"max-lg:fixed max-lg:top-0 max-lg:left-0 max-lg:w-screen max-lg:h-screen max-lg:bg-gray-70 max-lg:bg-opacity-75 max-lg:hidden\"\n\t\t\t:class=\"{'max-lg:hidden': !show_toc}\"\n\t\t\t@click=\"show_toc = false\"\n\t\t>\n\t\t\t<div class=\"max-lg:absolute max-lg:bottom-0 max-lg:left-0 max-lg:w-screen bg-white lg:bg-transparent\">\n\t\t\t\t\t\t\t\t<div class=\"flex lg:hidden items-center justify-between mx-4 border-b border-solid border-gray-30 pt-6 pb-2 font-bold\">\n\n\t\t\t\t\tAuf dieser Seite\n\t\t\t\t\t<button @click=\"show_toc = false\">\n\t\t\t\t\t\t<svg class=\"w-5 h-5 text-gray-100\" xmlns=\"http:\/\/www.w3.org\/2000\/svg\" fill=\"none\" stroke=\"currentColor\" stroke-width=\"1.5\" class=\"w-6 h-6\" viewBox=\"0 0 24 24\"><path stroke-linecap=\"round\" stroke-linejoin=\"round\" d=\"M6 18 18 6M6 6l12 12\"\/><\/svg>\t\t\t\t\t<\/button>\n\t\t\t\t<\/div>\n\t\t\t\t<ul id=\"toc\" class=\"mt-5 max-h-[85vh] overflow-y-auto list-none bt-scrollbars\">\n\n\t\t\t\t\t\t\t\t\t\t\t<li>\n\t\t\t\t\t\t\t<a href=\"#esports-wett-tipps-fur-die-heutigen-veranstaltungen\" data-bt-toc-item=\"esports-wett-tipps-fur-die-heutigen-veranstaltungen\"\n\t\t\t\t\t\t\t\t @click=\"show_toc = false\"\n\t\t\t\t\t\t\t\t class=\"block px-4 py-2 text-black border-l-4 border-solid border-transparent hover:border-red-100 transition-all hover:!border-b-0 hover:font-bold\">\neSports-Wett Tipps f\u00fcr die heutigen Veranstaltungen\n<\/a>\n\t\t\t\t\t\t<\/li>\n\t\t\t\t\t\t\t\t\t\t\t<li>\n\t\t\t\t\t\t\t<a href=\"#esport-wett-tipps-was-ist-esport\" data-bt-toc-item=\"esport-wett-tipps-was-ist-esport\"\n\t\t\t\t\t\t\t\t @click=\"show_toc = false\"\n\t\t\t\t\t\t\t\t class=\"block px-4 py-2 text-black border-l-4 border-solid border-transparent hover:border-red-100 transition-all hover:!border-b-0 hover:font-bold\">\neSport-Wett-Tipps: Was ist eSport?\n<\/a>\n\t\t\t\t\t\t<\/li>\n\t\t\t\t\t\t\t\t\t\t\t<li>\n\t\t\t\t\t\t\t<a href=\"#was-sind-esport-wett-tipps\" data-bt-toc-item=\"was-sind-esport-wett-tipps\"\n\t\t\t\t\t\t\t\t @click=\"show_toc = false\"\n\t\t\t\t\t\t\t\t class=\"block px-4 py-2 text-black border-l-4 border-solid border-transparent hover:border-red-100 transition-all hover:!border-b-0 hover:font-bold\">\nWas sind eSport-Wett-Tipps?\n<\/a>\n\t\t\t\t\t\t<\/li>\n\t\t\t\t\t\t\t\t\t\t\t<li>\n\t\t\t\t\t\t\t<a href=\"#was-sind-esport-wetten\" data-bt-toc-item=\"was-sind-esport-wetten\"\n\t\t\t\t\t\t\t\t @click=\"show_toc = false\"\n\t\t\t\t\t\t\t\t class=\"block px-4 py-2 text-black border-l-4 border-solid border-transparent hover:border-red-100 transition-all hover:!border-b-0 hover:font-bold\">\nWas sind eSport-Wetten?\n<\/a>\n\t\t\t\t\t\t<\/li>\n\t\t\t\t\t\t\t\t\t\t\t<li>\n\t\t\t\t\t\t\t<a href=\"#wer-sind-die-besten-esport-tipster\" data-bt-toc-item=\"wer-sind-die-besten-esport-tipster\"\n\t\t\t\t\t\t\t\t @click=\"show_toc = false\"\n\t\t\t\t\t\t\t\t class=\"block px-4 py-2 text-black border-l-4 border-solid border-transparent hover:border-red-100 transition-all hover:!border-b-0 hover:font-bold\">\nWer sind die besten eSport-Tipster?\n<\/a>\n\t\t\t\t\t\t<\/li>\n\t\t\t\t\t\t\t\t\t\t\t<li>\n\t\t\t\t\t\t\t<a href=\"#esport-wettprognosen-und-tipster-wettbewerb\" data-bt-toc-item=\"esport-wettprognosen-und-tipster-wettbewerb\"\n\t\t\t\t\t\t\t\t @click=\"show_toc = false\"\n\t\t\t\t\t\t\t\t class=\"block px-4 py-2 text-black border-l-4 border-solid border-transparent hover:border-red-100 transition-all hover:!border-b-0 hover:font-bold\">\neSport-Wettprognosen und Tipster-Wettbewerb\n<\/a>\n\t\t\t\t\t\t<\/li>\n\t\t\t\t\t\t\t\t\t\t\t<li>\n\t\t\t\t\t\t\t<a href=\"#bemerkenswerte-esport-veranstaltungen\" data-bt-toc-item=\"bemerkenswerte-esport-veranstaltungen\"\n\t\t\t\t\t\t\t\t @click=\"show_toc = false\"\n\t\t\t\t\t\t\t\t class=\"block px-4 py-2 text-black border-l-4 border-solid border-transparent hover:border-red-100 transition-all hover:!border-b-0 hover:font-bold\">\nBemerkenswerte eSport-Veranstaltungen\n<\/a>\n\t\t\t\t\t\t<\/li>\n\t\t\t\t\t\t\t\t\t\t\t<li>\n\t\t\t\t\t\t\t<a href=\"#esport-wett-tipps-einen-finanzplan-haben\" data-bt-toc-item=\"esport-wett-tipps-einen-finanzplan-haben\"\n\t\t\t\t\t\t\t\t @click=\"show_toc = false\"\n\t\t\t\t\t\t\t\t class=\"block px-4 py-2 text-black border-l-4 border-solid border-transparent hover:border-red-100 transition-all hover:!border-b-0 hover:font-bold\">\neSport-Wett-Tipps: Einen Finanzplan haben\n<\/a>\n\t\t\t\t\t\t<\/li>\n\t\t\t\t\t\t\t\t\t\t\t<li>\n\t\t\t\t\t\t\t<a href=\"#esport-wett-tipps-ein-monatliches-wettbudget\" data-bt-toc-item=\"esport-wett-tipps-ein-monatliches-wettbudget\"\n\t\t\t\t\t\t\t\t @click=\"show_toc = false\"\n\t\t\t\t\t\t\t\t class=\"block px-4 py-2 text-black border-l-4 border-solid border-transparent hover:border-red-100 transition-all hover:!border-b-0 hover:font-bold\">\neSport-Wett-Tipps: Ein monatliches Wettbudget\n<\/a>\n\t\t\t\t\t\t<\/li>\n\t\t\t\t\t\t\t\t\t\t\t<li>\n\t\t\t\t\t\t\t<a href=\"#esport-wett-tipps-ein-einsatzplan\" data-bt-toc-item=\"esport-wett-tipps-ein-einsatzplan\"\n\t\t\t\t\t\t\t\t @click=\"show_toc = false\"\n\t\t\t\t\t\t\t\t class=\"block px-4 py-2 text-black border-l-4 border-solid border-transparent hover:border-red-100 transition-all hover:!border-b-0 hover:font-bold\">\neSport-Wett-Tipps: Ein Einsatzplan\n<\/a>\n\t\t\t\t\t\t<\/li>\n\t\t\t\t\t\t\t\t\t\t\t<li>\n\t\t\t\t\t\t\t<a href=\"#uber-welche-esport-veranstaltungen-berichten-wir-bei-bettingmetrics-com\" data-bt-toc-item=\"uber-welche-esport-veranstaltungen-berichten-wir-bei-bettingmetrics-com\"\n\t\t\t\t\t\t\t\t @click=\"show_toc = false\"\n\t\t\t\t\t\t\t\t class=\"block px-4 py-2 text-black border-l-4 border-solid border-transparent hover:border-red-100 transition-all hover:!border-b-0 hover:font-bold\">\n\u00dcber welche eSport-Veranstaltungen berichten wir bei Bettingmetrics.com?\n<\/a>\n\t\t\t\t\t\t<\/li>\n\t\t\t\t\t\t\t\t\t<\/ul>\n\t\t\t\t\t\t\t\t\t\t\t<\/div>\n\t\t<\/div>\n\t<\/div>\n\t\t\t\t\t<\/div>\n\t\t\t<\/div>\n\t\t<\/div>\n\t<\/div>\n<\/div>\n\t<\/div>\n<\/div>\n\n","protected":false},"excerpt":{"rendered":"","protected":false},"author":6,"featured_media":462,"parent":1009,"menu_order":1000,"comment_status":"closed","ping_status":"closed","template":"","meta":{"footnotes":""},"tags":[],"acf":[],"_links":{"self":[{"href":"https:\/\/betting.com\/de\/wp-json\/wp\/v2\/pages\/103"}],"collection":[{"href":"https:\/\/betting.com\/de\/wp-json\/wp\/v2\/pages"}],"about":[{"href":"https:\/\/betting.com\/de\/wp-json\/wp\/v2\/types\/page"}],"author":[{"embeddable":true,"href":"https:\/\/betting.com\/de\/wp-json\/wp\/v2\/users\/6"}],"replies":[{"embeddable":true,"href":"https:\/\/betting.com\/de\/wp-json\/wp\/v2\/comments?post=103"}],"version-history":[{"count":4,"href":"https:\/\/betting.com\/de\/wp-json\/wp\/v2\/pages\/103\/revisions"}],"predecessor-version":[{"id":6157,"href":"https:\/\/betting.com\/de\/wp-json\/wp\/v2\/pages\/103\/revisions\/6157"}],"up":[{"embeddable":true,"href":"https:\/\/betting.com\/de\/wp-json\/wp\/v2\/pages\/1009"}],"wp:featuredmedia":[{"embeddable":true,"href":"https:\/\/betting.com\/de\/wp-json\/wp\/v2\/media\/462"}],"wp:attachment":[{"href":"https:\/\/betting.com\/de\/wp-json\/wp\/v2\/media?parent=103"}],"wp:term":[{"taxonomy":"post_tag","embeddable":true,"href":"https:\/\/betting.com\/de\/wp-json\/wp\/v2\/tags?post=103"}],"curies":[{"name":"wp","href":"https:\/\/api.w.org\/{rel}","templated":true}]}}