{"id":1021,"date":"2023-04-13T15:00:53","date_gmt":"2023-04-13T15:00:53","guid":{"rendered":"https:\/\/betting.com\/de\/?page_id=1021"},"modified":"2023-08-02T12:31:05","modified_gmt":"2023-08-02T12:31:05","slug":"virtuelle-sportarten","status":"publish","type":"page","link":"https:\/\/betting.com\/de\/virtuelle-sportarten","title":{"rendered":"Vollst\u00e4ndiger Leitfaden F\u00fcr Virtuelle Sportwetten"},"content":{"rendered":"<div class=\" container-white py-8\">\n\t<div class=\"wp-block-container-toc  \">\n\t\t\t<div class=\"bg-white\">\n\t<div class=\"flex flex-col-reverse lg:flex-row lg:gap-8 py-10\">\n\t\t<article class=\"max-w-[960px] flex-grow\" data-bt-content>\n\t\t\t\n<p>Der virtuelle Sportmarkt z\u00e4hlt heutzutage zu einer der angesagtesten Wettm\u00f6glichkeiten. Eine gro\u00dfe Anzahl an Wettspielern nutzen diese Art von Wetten, um neue Erfahrungen mit dem gleichen Wettaufregung zu sammeln und selbstverst\u00e4ndlich auch um Geld zu gewinnen.&nbsp;<\/p>\n\n\n\n<p>Die Buchmacher versuchen nat\u00fcrlich auch mit einem vielf\u00e4ltigen Wettangebote auf virtuelle Sportveranstaltungen zu beeindrucken, um Wettspieler zu gewinnen und m\u00f6glicherweise Wettspieler zu schnellen Wetten zu animieren. \u00dcber virtuelle Sportwetten haben wir viele Fragen von Spielern erhalten, die neu in der Wettbranche sind.&nbsp;<\/p>\n\n\n\n<p>Diese Spieler wollten auch wissen, wie diese Art von Wetten funktioniert, warum sie angewendet werden und warum die Buchmacher diese Art von Wetten anbieten. All diese Fragen haben uns motiviert, einen Artikel \u00fcber virtuelle Sportwetten zu schreiben.&nbsp;<\/p>\n\n\n\n<p>In diesem Guide findest du alle Informationen, die du ben\u00f6tigst, um auf virtuelle Sportveranstaltungen zu wetten. Dies beinhaltet unkomplizierte Erkl\u00e4rungen, einfache Beispiele und effektive Strategien.<\/p>\n\n\n\n<p>Solltest du ein Neuling im Bereich Online-Wetten und\/oder virtuellen Sportwetten sein, wirst du in unserem umfassenden Leitfaden f\u00fcr virtuelle Sportwetten \u00fcber alle Vorteile dieser relativ neuen, aber beliebten Art von Wetten informiert.&nbsp;<\/p>\n\n\n\n<p>Wenn du ein erfahrener virtueller Wettspieler bist, kann dieser Leitfaden dir dabei helfen, herauszufinden, wie viel du wirklich \u00fcber dieses Thema wei\u00dft und vielleicht sogar noch doch das ein oder andere zus\u00e4tzlich mitnehmen.<\/p>\n\n\n\n<p>Also mach\u2019s dir bequem und genie\u00dfe den virtuellen Sportwetten Guide von betting.com<\/p>\n\n\n\n<h3 class=\"wp-block-heading\">Virtuelle Sportwetten &#8211; Einleitung<\/h3>\n\n\n\n<p>Virtuelle Sportwetten sind im Wesentlichen eine Simulation von Sportspielen, Veranstaltungen oder Turnieren, deren Ergebnis im Voraus von einem Algorithmus, einer Software oder einem Generator festgelegt wird. Wir wissen, dass sich einige von Ihnen jetzt fragen werden, ob die Ergebnisse von Buchmachern bestimmt werden.&nbsp;<\/p>\n\n\n\n<p>Keine Sorge, alles basiert auf einem Algorithmus, der den Gewinner nach einem zuf\u00e4lligen Prinzip definiert, sodass der Buchmacher keine Kontrolle \u00fcber die Endergebnisse hat. Dar\u00fcber hinaus werden alle Buchmacher von verschiedenen Institutionen reguliert, sodass strenge Kontrollma\u00dfnahmen getroffen werden, um ein Fehlverhalten zu vermeiden.<\/p>\n\n\n\n<p>Um es zu vereinfachen, du wettest auf ein Spiel, dessen Ergebnis durch regulierte und lizenzierte Softwares entschieden wird. Nach nur ein oder zwei Minuten wird das Ergebnis bekannt gegeben und du kannst deine Gewinne einl\u00f6sen und eine neue Wette abschlie\u00dfen.&nbsp;<\/p>\n\n\n\n<p>Die Simulationen werden mit visuellen Modellen von echten Stadien, Pferderennst\u00e4tten, Basketballarenen usw. versehen, die Wettspielern ein reales Spielerlebnis vermitteln sollen und unsere Meinung nach sehr ansprechend wirken.&nbsp;<\/p>\n\n\n\n<p>Virtuelle Sportwettenplattformen d\u00fcrfen jedoch keine echten Vereinsnamen, Stadionnamen oder Spielernamen verwenden. Deshalb kann es vorkommen, dass du lustige Namensvarianten wie zum Beispiel Manchester Reds anstelle von Manchester United vorfindest.<\/p>\n\n\n\n<h3 class=\"wp-block-heading\">Virtuelle Sportwetten Fakten<\/h3>\n\n\n\n<p>Was macht diese Art von Wetten so au\u00dfergew\u00f6hnlich? Wir haben die Antwort! Es ist die endlose M\u00f6glichkeit, Wetten abzuschlie\u00dfen. Im Vergleich zu realen Sportarten kannst du Wetten auf virtuelle Sportarten zu jeder Tages- und Nachtzeit abschlie\u00dfen, unabh\u00e4ngig davon, wo du dich gerade befindest, wie sp\u00e4t es ist oder welches Ger\u00e4t du verwendest.&nbsp;<\/p>\n\n\n\n<p>Das Beste daran ist, dass du die Ergebnisse bereits nach wenigen Minuten angezeigt bekommst (abh\u00e4ngig vom verwendeten Buchmacher).&nbsp;<\/p>\n\n\n\n<p>Die Mehrheit der Buchmacher bietet virtuelle Sportarten an, die in der Regel zwischen 90 Sekunden und 3 Minuten dauern. Die Chancen, mehrere Wetten zu platzieren, sind daher unermesslich.&nbsp;<\/p>\n\n\n\n<p>Eine weitere gro\u00dfartige Eigenschaft bei virtuellen Wetten ist die Einfachheit. Du ben\u00f6tigst keine speziellen Sportkenntnisse, da diese nicht hilfreich sind, da das Ergebnis der virtuellen Sportereignisse durch einen Algorithmus definiert wird. Alles, was du brauchst, ist einen Buchmacher, der Quoten f\u00fcr virtuelle Wetten anbietet, sowie ein Smartphone,&nbsp;<\/p>\n\n\n\n<p>Tablet oder Computer. Wenn du \u00fcber dies verf\u00fcgst, kannst du auf alle virtuelle Sportarten wetten, die deinem Geschmack entsprechen.<\/p>\n\n\n\n<p>Angesichts der oben genannten Fakten sind virtuelle Sportwetten zu einem festen Bestandteil von vielen Wettspielern geworden. \u00dcberraschenderweise sind virtuelle Sportwetten mittlerweile beliebter als richtige Sportwetten.<\/p>\n\n\n\n<h3 class=\"wp-block-heading\">Empfohlene Virtuelle Sportbuchmacher<\/h3>\n\n\n\n<p>Wie du bereits wei\u00dft, sind wir sehr bem\u00fcht, dir ehrliche, transparente und n\u00fctzliche Informationen zur Verf\u00fcgung zu stellen. Aus diesem Grund haben wir eine Liste von 3 Buchmachern erstellt, die wir getestet und verifiziert haben und die sich gut f\u00fcr den virtuellen Sport eignen.<\/p>\n\n\n\n<h2 class=\"wp-block-heading\">Warum wir diese Buchmacher ausgew\u00e4hlt haben?<\/h2>\n\n\n\n<p><strong>Betfair <\/strong>&#8211; Betfair ist einer dieser Buchmacher, der seinem Namen wirklich gerecht wird. Bei Betfair wurde ein besonderer Ort f\u00fcr virtuelle Sportwetten geschaffen, der mit einer Vielzahl von Sportarten gef\u00fcllt ist. Hier k\u00f6nnen Wetten auf Fu\u00dfball, Pferderennen (Flats, Jumps und Sprints), Speedway, Greyhound Racing (6 Dog Flats und Jumps), Motorsport, Radfahren und Tennis abgeschlossen werden.&nbsp;<\/p>\n\n\n\n<p>Alle virtuellen Spiele finden alle 3 Minuten statt, mit Ausnahme von Tennis, da werden alle 4 Minuten gespielt. Betfair bietet seinen Kunden zus\u00e4tzlich h\u00e4ufig Boni f\u00fcr virtuelle Sportarten an. Du solltest also die Seite mit den Werbeaktionen im Auge behalten.<\/p>\n\n\n\n<p><strong>Bet365<\/strong> &#8211; Der gr\u00f6\u00dfte Online-Buchmacher der Welt ist auch einer der bedeutendsten Spieler in der virtuellen Sportwetten-Szene. Bet365 bietet viele Optionen f\u00fcr Wetten auf alle wichtigen virtuellen Sportarten. Au\u00dferdem bietet bet365 spezielle virtuelle Turniere wie den World Cup, The Premiership und andere Turniere an, die digital die gr\u00f6\u00dften Sportturniere der Welt darstellen.&nbsp;<\/p>\n\n\n\n<p>Mit Bet365 kannst du alle 3 Minuten ein virtuelles Wettereignis f\u00fcr Fu\u00dfball und alle 2 Minuten f\u00fcr Pferderennen und Windhunde genie\u00dfen. Gem\u00e4\u00df den Regeln von Bet365 betr\u00e4gt der Mindesteinsatz f\u00fcr virtuelle Wetten nur 0,10 Cent, w\u00e4hrend die maximale t\u00e4gliche Auszahlung 50.000 Euro pro Kunde betr\u00e4gt. Denk daran, dass du den Willkommensbonus von Bet365 f\u00fcr virtuelle Wetten verwenden kannst. Ein weiterer Vorteil von Bet365 ist, dass du virtuelle Sportarten auf deinem mobilen Ger\u00e4t benutzen kannst.<\/p>\n\n\n\n<p><strong>Betway<\/strong> &#8211; Einer der etabliertesten Buchmacher auf dem Markt unterst\u00fctzt seine Kunden mit einer Vielzahl von individuellen Optionen f\u00fcr virtuelle Wetten. Betway bietet seinen Kunden rund um die Uhr HD-Genuss \u00fcber seine Plattform f\u00fcr virtuellen Sport. Der Buchmacher versucht, die Spieler mit der Anzahl an virtuellen Sportarten zu beeindrucken. Wenn eines der Spiele beendet ist, f\u00e4ngt das n\u00e4chste nach wenigen Minuten an.<\/p>\n\n\n\n<h3 class=\"wp-block-heading\">Die Vorteile Der Virtuellen Sportarten<\/h3>\n\n\n\n<p><strong>1. Alternativen<\/strong> &#8211; Mit virtuellen Sportwetten hast du viele M\u00f6glichkeiten, alternative Wette zu platzieren, ohne \u00fcber echte Statistiken, Spielernamen oder Dinge wie die Uhrzeit nachzudenken. Denk daran, dass jedes Team, Ereignis oder Pferd in virtuellen Sportarten \u00fcber eine eigene Statistik verf\u00fcgt. In den meisten F\u00e4llen spielt dies jedoch aufgrund des algorithmischen Ansatzes virtueller Sportarten keine Rolle.<\/p>\n\n\n\n<p><strong>2. Einfach zu spielen<\/strong> &#8211; Unabh\u00e4ngig von Erfahrung und Wissen kann jeder eine Wette auf virtuelle Spielveranstaltungen abschlie\u00dfen. Virtuell Sportwetten sind einfach abzuschlie\u00dfen und es werden keine Vorkenntnisse ben\u00f6tigt.<\/p>\n\n\n\n<p><strong>3. Attraktiv<\/strong> &#8211; Virtueller Sport ist eine attraktive M\u00f6glichkeit, an normalen Tagen Wetten zu genie\u00dfen. Die Ergebnisse sind nach wenigen Minuten verf\u00fcgbar, und du kannst schnell Geld gewinnen.&nbsp;<\/p>\n\n\n\n<p>Auf der anderen Seite kannst du die Verluste schnell ausgleichen, da das n\u00e4chste Spiel schon nach 3-4 Minuten beginnt, was als unendlicher Spa\u00df zusammengefasst werden kann. Virtuelle Sportarten sind nat\u00fcrlich eine Art Gl\u00fccksspiel, daher solltest du niemals zu viel wetten oder mit Geldsummen wetten, die du dir nicht leisten kannst zu verlieren &#8211; hier solltest du vorsichtig sein.<\/p>\n\n\n\n<p><strong>4. Verf\u00fcgbarkeit <\/strong>&#8211; Die Mehrheit der Buchmacher ist bereits mit zahlreichen virtuellen Sportwettenm\u00f6glichkeiten ausgestattet. Die meisten Wettanbieter platzieren virtuelle Sportarten ganz oben auf ihren Webseiten.&nbsp;<\/p>\n\n\n\n<p>Wenn es deinem Buchmacher an solchen Wetten mangelt, du jedoch virtuelle Sportarten ausprobieren willst, kannst du jederzeit die Bewertungen unserer Buchmacher \u00fcberpr\u00fcfen. Hier geben wir stets an, ob der untersuchte Buchmacher virtuelle Sportarten anbietet oder nicht.<\/p>\n\n\n\n<p><strong>5. Hochwertige Unterhaltung<\/strong> &#8211; Die meisten Buchmacher bieten qualitativ hochwertiges Video-Streaming f\u00fcr virtuelle Sportarten an.&nbsp;<\/p>\n\n\n\n<p>Dar\u00fcber hinaus sorgen die besten Buchmacher durch Funktionen wie Kommentare und Grafiken, die dir das Gef\u00fchl geben, im Stadion oder in der Arena direkt neben den Spielern zu sein. Dar\u00fcber hinaus kannst du sogar In-Play-Statistiken f\u00fcr einige virtuelle Spiele \u00fcberpr\u00fcfen.<\/p>\n\n\n\n<h3 class=\"wp-block-heading\">Die Nachteile Von Virtuellen Sportwetten<\/h3>\n\n\n\n<p><strong>1. Sportkenntnisse<\/strong> &#8211; Spieler, die sich jahrelange Sportkenntnisse angeeignet haben, k\u00f6nnten entt\u00e4uscht werden, weil sie die erhaltenen Informationen f\u00fcr virtuell Sportarten nicht anwenden k\u00f6nnen. Die virtuellen Sportarten sind nicht von den realen Sportarten abh\u00e4ngig, sodass dein Sportwissen dir nicht wirklich helfen kann, mehr Gewinne zu erzielen.<\/p>\n\n\n\n<p><strong>2. Geld ausgeben<\/strong> &#8211; Mehr M\u00f6glichkeiten f\u00fcr Wetten bedeuten mehr M\u00f6glichkeiten, dein Geld auszugeben. Aus diesem Grund empfehlen wir dir, vor dem Platzieren von Wetten nachzudenken, da du dich in nur wenigen Stunden in eine unangenehme Situation bringen k\u00f6nntest.<\/p>\n\n\n\n<p><strong>3. Gl\u00fcck<\/strong> &#8211; Jeder Sieg im wirklichen Leben ist ohne Gl\u00fcck unm\u00f6glich. Wenn du Wetten auf virtuelle Sportarten platzierst, ben\u00f6tigst du zus\u00e4tzliches Gl\u00fcck, da diese Art von Wetten darauf basiert. Wenn du dich heute ungl\u00fccklich f\u00fchlst, ist es vielleicht besser, die Wetten auf virtuelle Sportarten auf einen anderen Tag zu verlegen.<\/p>\n\n\n\n<p><strong>4. Fehlende Funktionen<\/strong> &#8211; Wenn du dich f\u00fcr virtuelle Wetten entschieden hast, solltest du wissen, dass du einige der beliebten Wettfunktionen, die du aus realen Sportwetten kennst, nicht verwenden kannst. Cash-out ist nicht m\u00f6glich, ein Quotenvergleich ist auch nicht m\u00f6glich und du platzierst deine Wetten mit den von deinem Buchmacher bereitgestellten Quoten. In-Play-Wetten sind ebenfalls nicht erlaubt, was sinnvoll ist, da die Spiele nicht lang genug sind.<\/p>\n\n\n\n<p><strong>5. Echte Aufregung<\/strong> &#8211; Leider kann selbst in der modernen Welt, in der alles online ist, 3D, 4D usw., nichts das Vergn\u00fcgen ersetzen, einen echten Sportkampf zu sehen. Virtuelle Sportarten bieten jedoch viele andere Vorteile, die du erkunden kannst.<\/p>\n\n\n\n<p><strong>6. Tippgeber-Service<\/strong> &#8211; Ein weiteres gro\u00dfes Minus ist die Tatsache, dass die virtuellen Sportwetter keine Tipps von Sportwetten-Tippgebern nutzen k\u00f6nnen. Die Erkl\u00e4rung daf\u00fcr ist einfach: Dies ist nur eine virtuelle Simulation, und kein Tippgeber w\u00fcrde sich freuen, seinen Anh\u00e4ngern Tipps f\u00fcr den virtuellen Sport zu geben. Es k\u00f6nnte sie viel kosten &#8211; Ruf, Zeit und Geld, deshalb ist kein Tippgeber-Service f\u00fcr virtuelle Wetten verf\u00fcgbar.<\/p>\n\n\n\n<p><strong>7. Maximale Auszahlungen<\/strong> &#8211; Abh\u00e4ngig von vielen variablen haben die beliebtesten realen Ereignisse eine maximale Auszahlungen von rund 2 Millionen Euro. Aufgrund unseres Wissens und unserer Forschung sind virtuelle Sportgewinne auf einige Tausend beschr\u00e4nkt.&nbsp;<\/p>\n\n\n\n<p>Das bedeutet, dass du mit einem einzigen Spiel keine unglaublichen Gewinne erzielen kannst. Denk daran, dass die Spiele nur sehr kurz sind. Wenn es dein Gl\u00fcckstag ist, k\u00f6nntest du eventuell ein paar Tausend Euro gewinnen.<\/p>\n\n\n\n<p><strong>8. Kombinationen mit echten Sportarten<\/strong> &#8211; Bevor du mit virtuellen Sportwetten beginnst, solltest du wissen, dass es nicht erlaubt ist, virtuelle und normale Sportwetten zu kombinieren.<\/p>\n\n\n\n<p><strong>9. Wett-Tracker <\/strong>&#8211; Es ist sehr beliebt, dass Wettspieler einen Wett-Tracker verwenden, um ihren Wettverlauf zu verfolgen und zu analysieren. Wenn du auf virtuelle Sportarten wettest, kannst du mit einem Wett-Tracker leider keine Vorteile erzielen, da es dir keinen Vorteil verschafft, wenn du deine Wetten verfolgst. Alles geht sehr schnell und da es sich um eine Simulation handelt, bringt dir die Datenrecherche auch keinen Vorteil.<\/p>\n\n\n\n<h3 class=\"wp-block-heading\">Was Sind Die Beliebtesten Wettm\u00e4rkte und Sportarten f\u00fcr Virtuelle Sportwetten?<\/h3>\n\n\n\n<p>Die Mehrheit der Buchmacher bem\u00fcht sich, so viele virtuelle Sportarten wie m\u00f6glich in ihr Portfolio aufzunehmen. Die meisten Buchmacher bieten virtuelle Sportarten an, darunter Fu\u00dfball, Pferderennen, Basketball, Tennis, Speedway und Windhundrennen.&nbsp;<\/p>\n\n\n\n<p>Die Buchmacher sind bestrebt, ihren Kunden ein hervorragendes Wetterlebnis, Vergn\u00fcgen und verschiedene M\u00f6glichkeiten zu bieten, w\u00e4hrend andere versuchen, Gewinne zu erzielen.<\/p>\n\n\n\n<p>Die virtuellen Sportwetten-M\u00e4rkte an sich unterscheiden sich nicht zu den normalen Sportwetten-M\u00e4rkten.<\/p>\n\n\n\n<p>Viele Buchmacher bieten viele verschiedene M\u00e4rkte f\u00fcr virtuelle Sportwetten an, aber die Beliebtesten M\u00e4rkte sind diese:<\/p>\n\n\n\n<p><strong>Sieg:<\/strong> Du wettest auf das Ergebnis des Spieles. Dies ist eine \u00fcbliche Form des Wettens, da du nur vorhersagen musst, welche Mannschaft oder welches Pferd gewinnen wird. Hier liegen die Quoten jedoch oft sehr nah zusammen, daher musst du aus dem Gef\u00fchl heraus eine Entscheidung treffen.<\/p>\n\n\n\n<p><strong>Tore:<\/strong> Du kannst darauf wetten, wie viel Tore in einem Spiel geschossen werden, wie viel individuelle Torsch\u00fctzen es in einer Partie geben wird, welche Spieler ein Treffer erzielen werden oder zu welchem Zeitpunkt eines Spiels ein Tor f\u00e4llt.<\/p>\n\n\n\n<p><strong>Genaue Ergebnis<\/strong> &#8211; Bei dieser Art von Wetten musst du das genaue Ergebnis des Spiels erraten. Dieser Markt k\u00f6nnte dir einen h\u00f6heren Gewinn einbringen, da hier hohe Gewinnchancen vorzufinden sind, jedoch auch mit einem h\u00f6heren Risiko.<\/p>\n\n\n\n<p><strong>Jeder Weg, Tricast, Forecast<\/strong> &#8211; F\u00fcr die Pferderennen Liebhaber, die den Spa\u00df in virtuellen Pferderennen suchen. Hier gelten die gleichen Regeln wie bei echten Pferderennen.<\/p>\n\n\n\n<h2 class=\"wp-block-heading\">Virtuelle Sportstrategie?<\/h2>\n\n\n\n<p>Ehrlich gesagt, gibt es bei virtuellen Sportarten keine so tief greifenden Strategien. Aufgrund unserer Erfahrung m\u00f6chten wir jedoch einige Ideen mit dir teilen, die dir letztendlich bei deinem virtuellen Wettabenteuer helfen k\u00f6nnen:<\/p>\n\n\n\n<p><strong>1. \u00dcber 1.5 Tore<\/strong> &#8211; Unsere Beobachtungen zeigen, dass wenn ein virtuelles Spiel einen klaren Favoriten hat, die Chancen f\u00fcr mehr als 1,5 Tore zwischen 1,20 und 1,30 liegen. Dies mag vielleicht nicht nach viel aussehen, aber wenn du es erfolgreich mit einem anderen Spiel kombinierst, k\u00f6nnten sich deine Wette bezahlbar machen.<\/p>\n\n\n\n<p><strong>2. Wette auf die schw\u00e4chere Mannschaft<\/strong> &#8211; Ein anderer Ansatz, den du anwenden kannst, besteht darin, deine Wetten auf den Au\u00dfenseiter zu platzieren. Oft sorgt der Simulator f\u00fcr \u00dcberraschungen, und wenn du mutig genug bist, kannst du eine signifikante Rendite erzielen. Das passiert nat\u00fcrlich nicht immer, aber es passiert von Zeit zu Zeit. Daher k\u00f6nnen die hohen Gewinnchancen sehr attraktiv sein, wenn du bereit bist, das Risiko einzugehen.<\/p>\n\n\n\n<p><strong>3. Quotenf\u00fchrer<\/strong> &#8211; In jeder Wettsportart zeigen die Gewinnchancen, was in einem bestimmten Spiel am wahrscheinlichsten ist. Gleiches gilt f\u00fcr virtuelle Gewinnchancen. Wenn du mit kleinen, aber h\u00e4ufigen Gewinnen zufrieden bist, kannst du dich daher von den Gewinnchancen leiten lassen.<\/p>\n\n\n\n<p><strong>4. Mehrere Wetten<\/strong> &#8211; Wenn du deine Gewinnchancen gefunden hast, diese aber niedrig sind und keine guten Gewinne implizieren, kannst du jederzeit einen Wettschein mit mehreren Auswahlen erstellen. Somit kannst du deine Gewinnchancen erh\u00f6hen.<\/p>\n\n\n\n<p>Bitte beachte, dass dies nur Beobachtungen sind, die wir durch Erfahrung und Wetten auf virtuelle Sportarten bemerkt haben. Wir geben keine Garantie daf\u00fcr, dass dir aufgrund der algorithmischen Eigenschaften von virtuellen Sportarten dasselbe passiert.&nbsp;<\/p>\n\n\n\n<p>Du kannst einige davon gerne selbst ausprobieren, aber wie bei jeder Form des virtuellen Gl\u00fccksspiels besteht auch hier das Risiko, dass du Geld verlieren kannst. Bitte wette immer verantwortungsbewusst und zum Spa\u00df und wette niemals mit Geld, das du dir nicht leisten kannst zu verlieren. Wir unterst\u00fctzen verantwortungsbewusstes Gl\u00fccksspiel.&nbsp;<\/p>\n\n\n\n<p>Wenn du also jemals das Gef\u00fchl hast, die Kontrolle \u00fcber deine Emotionen und Handlungen zu verlieren, solltest du das Wetten sofort beenden und einige Monate Pause machen.<\/p>\n\n\n\n<h2 class=\"wp-block-heading\">Der Virtuelle Sportwetten-Rat von betting.com<\/h2>\n\n\n\n<p>Wie bei allen anderen Wettarten empfehlen wir dir in erster Linie, die Buchmacher-Boni optimal zu nutzen. Es gibt Hunderte von zuverl\u00e4ssige und regulierte Buchmacher, bei denen du ein Konto er\u00f6ffnen und auf virtuelle Sportarten wetten kannst.&nbsp;<\/p>\n\n\n\n<p>Bei allen Buchmachern erh\u00e4ltst du in der Regel einen Willkommensbonus oder andere Sonderangebote f\u00fcr virtuelle Sportwetten. Unser Rat ist es, das Beste aus allen Buchmacheraktionen herauszuholen, da dies buchst\u00e4blich kostenloses Geld ist, das du verwenden kannst, um auf virtuelle Sportarten zu wetten und dabei Spa\u00df zu haben.<\/p>\n\n\n\n<p>Mit unserem Engagement, dir bei virtuellen Wetten zu helfen, m\u00f6chten wir dir einige Ratschl\u00e4ge geben, um deine Erfahrungen mit virtuellen Sportwetten erfolgreicher zu gestalten. Versuch zun\u00e4chst immer Spielgewohnheiten zu vermeiden.&nbsp;<\/p>\n\n\n\n<p>Virtuelle Wetten sind eine schnelle M\u00f6glichkeit, Gewinne oder Verluste zu erzielen, und dabei wird oft \u00fcbersehen, dass dies m\u00f6glicherweise zu einer Sucht f\u00fchren kann. Deshalb solltest du, wenn du das Gef\u00fchl hast, deine Verluste zu jagen, sofort aufh\u00f6ren zu wetten und Hilfe aufsuchen.<\/p>\n\n\n\n<p>Wenn du virtuelle Sportwetten anwendest, solltest du zus\u00e4tzlich eine eigene Strategie entwickeln, um deine Wetten zu platzieren. Stell immer sicher, dass du wei\u00dft, was du tust, egal ob es sich um eine Strategie, eine besondere Quote oder ein Team handelt. Verschwende dein Geld nicht ohne Ziel.<\/p>\n\n\n\n<h2 class=\"wp-block-heading\">Virtuelle Sportwetten Zusammengefasst<\/h2>\n\n\n\n<p>Wir haben dich \u00fcber die wichtigsten Regeln, Vor- und Nachteile von virtuellen Wetten informiert. Unser Artikel wurde mit dem Hauptziel verfasst, dir zu zeigen, wie virtuelle Wetten funktionieren und bei welchem Buchmacher es am sinnvollsten ist, ein Konto zu er\u00f6ffnen. Zus\u00e4tzlich haben wir dir eine Strategie gezeigt, wie du deine virtuellen Wetten attraktiver gestalten kannst.&nbsp;<\/p>\n\n\n\n<p>Zweifellos ist virtuelles Wetten ein Weg, der deine Wetten angenehmer gestalten k\u00f6nnte. Es ist einen Versuch wert, aber du solltest sicher stellen, dass du virtuelle Wetten als einen unterhaltsamen Wettstil betrachtest. Virtuelle Wetten werden in der Wettwelt immer beliebter, da sie \u00fcber unglaubliche Wettoptionen verf\u00fcgen und Spielen rund um die Uhr qualitativ hochwertiger Unterhaltung bieten.<\/p>\n\n\n\n<p>All diese Fakten machen virtuelle Spiele zu einem attraktiven Ort f\u00fcr viele Wettspieler, die nach einer M\u00f6glichkeit suchen, den Fokus von traditionellen Sportwetten zu verlagern.<\/p>\n\n\n\n<p>Wenn dir unser Guide gefallen hat oder du Anregungen hast, kannst du dich gerne an uns wenden. Au\u00dferdem kannst du alle unsere Wettleitf\u00e4den einsehen, die eine n\u00fctzliche Informationsquelle darstellen. Alle unsere Wettleitf\u00e4den wurden mit einem Hauptziel geschaffen &#8211; dir bei deinem Wettabenteuer zu helfen.<\/p>\n\n\t\t<\/article>\n\t\t<div class=\"lg:w-[300px] lg:flex-shrink-0 relative\" x-data=\"{show_toc: false}\">\n\t\t\t<div class=\"lg:sticky lg:top-4 z-30\">\n\t\t\t\t<div class=\"fixed -top-64 left-0 w-full z-50 lg:static transition-all hidden lg:block\" id=\"fixed-toc\">\n\t\t\t\t\t<div>\n\t\t\t\t<div\n\t\t\tclass=\"max-lg:fixed max-lg:top-0 max-lg:left-0 max-lg:w-screen max-lg:h-screen max-lg:bg-gray-70 max-lg:bg-opacity-75 max-lg:hidden\"\n\t\t\t:class=\"{'max-lg:hidden': !show_toc}\"\n\t\t\t@click=\"show_toc = false\"\n\t\t>\n\t\t\t<div class=\"max-lg:absolute max-lg:bottom-0 max-lg:left-0 max-lg:w-screen bg-white lg:bg-transparent\">\n\t\t\t\t\t\t\t\t\t\t\t<\/div>\n\t\t<\/div>\n\t<\/div>\n\t\t\t\t\t<\/div>\n\t\t\t<\/div>\n\t\t<\/div>\n\t<\/div>\n<\/div>\n\t<\/div>\n<\/div>\n\n","protected":false},"excerpt":{"rendered":"","protected":false},"author":31,"featured_media":0,"parent":0,"menu_order":0,"comment_status":"closed","ping_status":"closed","template":"","meta":{"footnotes":""},"tags":[],"acf":[],"_links":{"self":[{"href":"https:\/\/betting.com\/de\/wp-json\/wp\/v2\/pages\/1021"}],"collection":[{"href":"https:\/\/betting.com\/de\/wp-json\/wp\/v2\/pages"}],"about":[{"href":"https:\/\/betting.com\/de\/wp-json\/wp\/v2\/types\/page"}],"author":[{"embeddable":true,"href":"https:\/\/betting.com\/de\/wp-json\/wp\/v2\/users\/31"}],"replies":[{"embeddable":true,"href":"https:\/\/betting.com\/de\/wp-json\/wp\/v2\/comments?post=1021"}],"version-history":[{"count":3,"href":"https:\/\/betting.com\/de\/wp-json\/wp\/v2\/pages\/1021\/revisions"}],"predecessor-version":[{"id":6247,"href":"https:\/\/betting.com\/de\/wp-json\/wp\/v2\/pages\/1021\/revisions\/6247"}],"wp:attachment":[{"href":"https:\/\/betting.com\/de\/wp-json\/wp\/v2\/media?parent=1021"}],"wp:term":[{"taxonomy":"post_tag","embeddable":true,"href":"https:\/\/betting.com\/de\/wp-json\/wp\/v2\/tags?post=1021"}],"curies":[{"name":"wp","href":"https:\/\/api.w.org\/{rel}","templated":true}]}}