{"id":1019,"date":"2023-04-13T14:59:17","date_gmt":"2023-04-13T14:59:17","guid":{"rendered":"https:\/\/betting.com\/de\/?page_id=1019"},"modified":"2023-08-02T12:31:05","modified_gmt":"2023-08-02T12:31:05","slug":"tennis","status":"publish","type":"page","link":"https:\/\/betting.com\/de\/tennis","title":{"rendered":"Vollst\u00e4ndige Anleitung f\u00fcr Tennis-Wetten"},"content":{"rendered":"<div class=\" container-white py-8\">\n\t<div class=\"wp-block-container-toc  \">\n\t\t\t<div class=\"bg-white\">\n\t<div class=\"flex flex-col-reverse lg:flex-row lg:gap-8 py-10\">\n\t\t<article class=\"max-w-[960px] flex-grow\" data-bt-content>\n\t\t\t\n<p>Tennis ist ein sehr alter Sport und seit jeher bekannt f\u00fcr seine Professionalit\u00e4t. Online-Tennis-Wetten sind deshalb so beliebt, weil es sich beim Tennis nicht um eine saisonale Sportart handelt \u2013 das hei\u00dft, es gibt keine lange Sommerpause. Denn beim Tennis finden Sie neben den vier gro\u00dfen internationalen Turnieren noch zahlreiche kleinere, aber dennoch hochkar\u00e4tige Tennis-Turniere.&nbsp;<\/p>\n\n\n\n<p>Das hat vielerlei Vorteile: Zum einen bedeutet es, dass die Spieler sehr viel mehr spielen und Ihnen damit deutlich mehr Daten zur Auswertung zur Verf\u00fcgung stehen. Dar\u00fcber hinaus bedeutet dies nat\u00fcrlich auch, dass Sie weit mehr M\u00f6glichkeiten haben, beim Wetten auf Tennis Geld zu gewinnen.<\/p>\n\n\n\n<p>In diesem Artikel m\u00f6chten wir Ihnen alles mit auf den Weg geben, was Sie f\u00fcr ein erfolgreiches Wetten auf Tennis brauchen. Wir verraten Ihnen au\u00dferdem die besten Tennis-Wetttipps, um bei den Buchmachern gutes Geld zu gewinnen und wo Sie bei den Buchmachern den besten Bonus f\u00fcr Ihre Tennis-Wetten abstauben k\u00f6nnen.<\/p>\n\n\n\n<h3 class=\"wp-block-heading\">Geschichtlicher Hintergrund von Tennis<\/h3>\n\n\n\n<p>Die Gr\u00fcnde f\u00fcr die Beliebtheit von Tennis-Wetten sind recht vielf\u00e4ltig und wir haben in der Einleitung bereits einige davon angesprochen. Der Vollst\u00e4ndigkeit halber werden wir diese Punkte hier noch einmal auff\u00fchren und eingehender beleuchten.<\/p>\n\n\n\n<ul><li><strong>Sehr lange Saison<\/strong>: Im Gegensatz zu vielen anderen Profi-Sportarten gibt es beim Profi-Tennis eigentlich ganzj\u00e4hrig spannende Turniere ohne l\u00e4ngere Pause zwischendurch. Dadurch stehen Ihnen sehr viel mehr Daten f\u00fcr die Auswertung zur Verf\u00fcgung und es gibt nat\u00fcrlich auch weit mehr M\u00f6glichkeiten, beim Wetten auf Tennis gute Angebote zu finden, da es einfach mehr Spiele gibt.<\/li><\/ul>\n\n\n\n<ul><li><strong>Eindeutiges Ergebnis<\/strong>: Tennis-Turniere gehen nie unentschieden aus, im Gegensatz zu Fu\u00dfball-Spielen, die sehr h\u00e4ufig unentschieden enden. Das hat f\u00fcr Sie bei Tennis-Wetten den gro\u00dfen Vorteil, dass Sie weniger \u00fcberlegen m\u00fcssen. Da nur wenige Spieler gern auf Unentschieden setzen, profitieren Sie bei Wetten auf Tennis hier h\u00e4ufig von verbesserten Quoten f\u00fcr den Au\u00dfenseiter. Erfahren Sie weiter unten, wie Sie Ihre Gewinnchancen beim Wetten auf den Au\u00dfenseiter beim Tennis verbessern k\u00f6nnen.<\/li><\/ul>\n\n\n\n<ul><li><strong>Exzellente virtuelle Unterst\u00fctzung<\/strong>: Beim Tennis profitieren Sie au\u00dferdem davon, dass bei diesem Sport seit \u00fcber 10 Jahren moderne Technik zur Spiel\u00fcberwachung eingesetzt wird. Anders als beim Fu\u00dfball ist die Technik hier deshalb schon beinahe fehlerfrei und damit sind faire Spiele und Manipulationssicherheit gegeben.<\/li><\/ul>\n\n\n\n<h2 class=\"wp-block-heading\">So werden die Quoten f\u00fcr Tennis-Wetten berechnet<\/h2>\n\n\n\n<p>Das A und O von Sportwetten sind nat\u00fcrlich immer die Quoten und so ist es nicht verwunderlich, dass die Quoten auch bei Tennis-Wetten von elementarer Bedeutung sind. Die Quoten werden von den Buchmachern anhand der Gewinnwahrscheinlichkeiten ermittelt.&nbsp;<\/p>\n\n\n\n<p>Je h\u00f6her die Wahrscheinlichkeit ist, dass ein Spieler ein Spiel gewinnt, desto niedriger ist in der Regel die angebotene Quote. Das hei\u00dft, dass Sie beim Wetten auf den Favoriten zwar mit einer h\u00f6heren Wahrscheinlichkeit gewinnen, dann aber daf\u00fcr auch deutlich weniger als beim Wetten auf den Au\u00dfenseiter. Wenn Sie beispielsweise zu Beginn eines Turniers auf einen klaren Favoriten wetten, kann es sein, dass die Quote hier nur wenige Prozent betr\u00e4gt.<\/p>\n\n\n\n<p>Bei einem Einsatz von 100 \u20ac kann es also sein, dass Sie selbst im Fall eines Sieges nur 102 \u20ac gewinnen. Je ausgeglichener ein Spiel ist, desto attraktiver sind auch die Quoten.&nbsp;<\/p>\n\n\n\n<p>Damit Sie aber auch bei Wetten auf den Favoriten gutes Geld gewinnen k\u00f6nnen, wurden zahlreiche verschiedene Tennis-Wettvarianten entwickelt, wie beispielsweise die Handicap-Wette. Wir werden Ihnen sp\u00e4ter noch ausf\u00fchrlich erkl\u00e4ren, wie Sie mit Handicap-Wetten beim Tennis Geld gewinnen k\u00f6nnen.<\/p>\n\n\n\n<h2 class=\"wp-block-heading\">Wie Funktionieren Tennis-Wetten?<\/h2>\n\n\n\n<p>Wenn Sie sich daf\u00fcr entschieden haben beim Wetten auf Tennis einzusteigen, haben Sie heute eine breite Auswahl an Buchmachern, die Ihnen solche Tennis-Wetten anbieten. Nachdem Sie sich f\u00fcr einen der Buchmacher f\u00fcr Tennis-Wetten entschieden haben, m\u00fcssen Sie sich nat\u00fcrlich als erstes bei diesem registrieren.&nbsp;<\/p>\n\n\n\n<p>Dabei sollten Sie korrekte Angaben machen, weil Sie Ihr Konto in der Regel verifizieren m\u00fcssen, bevor Sie Auszahlungen vornehmen k\u00f6nnen. Wenn Sie also einen falschen Namen angeben, kann das dazu f\u00fchren, dass Sie am Ende Probleme bekommen.&nbsp;<\/p>\n\n\n\n<p>Weil die Kontoverifizierung in der Regel einige Tage dauern kann, sollten Sie diese gleich nach dem Registrieren vornehmen. Auf diese Weise entstehen keine unn\u00f6tigen und nervigen Wartezeiten, wenn Sie sich Ihre Gewinne auszahlen lassen m\u00f6chten.<\/p>\n\n\n\n<p>Nachdem Sie ein Konto bei einem Buchmacher angelegt haben, k\u00f6nnen Sie mit einer beliebigen Transaktionsmethode Geld auf Ihr Konto einzahlen.&nbsp;<\/p>\n\n\n\n<p>W\u00e4hlen Sie hier am besten die Bezahlung per Kreditkarte oder mit einem der modernen E-Wallets, wie Skrill oder Neteller, da diese die Zahlung binnen weniger Sekunden autorisieren und Sie danach direkt mit dem Wetten loslegen k\u00f6nnen. Bei Bank\u00fcberweisungen k\u00f6nnen hier teilweise Wartezeiten von 2-3 Tagen entstehen.<\/p>\n\n\n\n<p>Nachdem Ihr Geld beim Buchmacher eingegangen ist, sollte es Ihnen unverz\u00fcglich innerhalb des Systems als Kontoguthaben zur Verf\u00fcgung stehen. Im Idealfall erhalten Sie vom Buchmacher als Neukunde durch den Willkommensbonus auch noch eine Freiwette oder ein Bonusguthaben. Navigieren Sie dann einfach zum Bereich f\u00fcr Tennis-Wetten und sehen Sie sich das Angebot an.&nbsp;<\/p>\n\n\n\n<p>Meistens k\u00f6nnen Sie bei Tennis-Wetten Ihre Tipps f\u00fcr gro\u00dfe Turniere schon weit im Vorfeld abgeben und sollten das der Bequemlichkeit wegen nat\u00fcrlich auch tun. Allerdings m\u00fcssen Sie dabei in Kauf nehmen, dass Sie durch vorzeitig abgeschlossene Wetten nicht mehr auf saisonale Entwicklungen eingehen k\u00f6nnen. Im Gegensatz dazu profitieren Sie aber von teilweise sehr guten Quoten, wenn Sie sich nicht f\u00fcr den einen gro\u00dfen Favoriten entscheiden.<\/p>\n\n\n\n<p>Wie Sie den besten Anbieter von Tennis-Wetten finden, erl\u00e4utern wir Ihnen im n\u00e4chsten Abschnitt.<\/p>\n\n\n\n<h2 class=\"wp-block-heading\">So finden Sie den besten Anbieter von Tennis-Wetten<\/h2>\n\n\n\n<p>Die Auswahl an verschiedenen Sportwetten-Anbietern ist mittlerweile ziemlich gro\u00df, sodass Sie sich etwas Zeit f\u00fcr die Auswahl des f\u00fcr Sie passenden Buchmachers nehmen sollten. Wichtig f\u00fcr die Wahl des Buchmachers bei Tennis-Wetten ist in erster Linie die G\u00fcltigkeit der Lizenz des Unternehmens.&nbsp;<\/p>\n\n\n\n<p>Eine g\u00fcltige Gl\u00fccksspiellizenz garantiert Ihnen, dass bei dem Anbieter alles mit rechten Dingen zugeht und sowohl Ihre Daten als auch Ihr Geld in guten H\u00e4nden sind. Die zust\u00e4ndige Kommission \u00fcberpr\u00fcft dabei sowohl die Einhaltung der Datenschutzrichtlinien als auch viele weitere Faktoren, die f\u00fcr ein faires Spiel notwendig sind.<\/p>\n\n\n\n<p>Neben der Lizenz sind es nat\u00fcrlich weitestgehend die Quoten, die neben der Qualit\u00e4t des Buchmachers f\u00fcr Tennis-Wetten entscheidend sind. Gerade bei den gro\u00dfen Turnieren sind die Quoten der Buchmacher zwar meistens recht \u00e4hnlich, aber es lassen sich eben doch immer wieder Unterschiede finden.<\/p>\n\n\n\n<p>Au\u00dferdem lohnt es sich darauf zu achten, ob Ihnen der Buchmacher Bonusangebote anbietet und welcher Art diese sind. Bei manchen guten Online-Buchmachern bekommen Sie nach der Registrierung sogar Freiwetten geschenkt, welche die Attraktivit\u00e4t eines solchen Buchmachers nat\u00fcrlich immens erh\u00f6hen.<\/p>\n\n\n\n<p>Weil diese Suche nach dem besten Anbieter von Tennis-Wetten etwas un\u00fcbersichtlich und anstrengend sein kann, hat unser Experten-Team die Buchmacher f\u00fcr Tennis-Wetten sorgf\u00e4ltig \u00fcberpr\u00fcft. Dadurch ist es uns m\u00f6glich, Ihnen auf unserer Seite die besten Buchmacher zu empfehlen. All diese Buchmacher verf\u00fcgen \u00fcber eine g\u00fcltige Lizenz, gute Quoten und das ein oder andere Bonusangebot.<\/p>\n\n\n\n<h2 class=\"wp-block-heading\">Bei diesen Turnieren sollten Sie mit Tennis-Wetten einsteigen<\/h2>\n\n\n\n<p>Nachdem, wie bereits erw\u00e4hnt, die Anzahl der Tennis-Turniere insgesamt sehr hoch ist, f\u00e4llt es hier oft gar nicht so leicht eine Auswahl an interessanten Turnieren zu treffen.&nbsp;<\/p>\n\n\n\n<p>Wenn Sie bei Tennis-Wetten neu sind, empfehlen wir Ihnen, sich anfangs auf die gro\u00dfen vier \u201eGrand Slam\u201c-Turniere zwischen April und September zu konzentrieren. Bei diesen Turnieren finden Sie die Spitzenklasse der internationalen Tennisspieler, die dort um hohe Preisgelder k\u00e4mpft. Beachten Sie, dass sich die Platzgegebenheiten und Wetterbedingungen der Turniere stark voneinander unterscheiden.<\/p>\n\n\n\n<h3 class=\"wp-block-heading\">Australian Open<\/h3>\n\n\n\n<p>Der Er\u00f6ffnungs-Grand Slam des Jahres findet Ende Januar in Melbourne statt und wird auf Hartpl\u00e4tzen gespielt. Die Spieler m\u00fcssen beim \u201eAustralian Open\u201c mit extremer Hitze und Luftfeuchtigkeit k\u00e4mpfen, hier lohnt es sich zu wissen, welche der Favoriten damit gut umgehen k\u00f6nnen.<\/p>\n\n\n\n<h3 class=\"wp-block-heading\">French Open<\/h3>\n\n\n\n<p>Das \u201eFrench Open\u201c ist auch bekannt als \u201eRoland-Garros-Turnier\u201c. Das zweiw\u00f6chige Turnier findet in Paris auf Sandpl\u00e4tzen statt. Beachten Sie hier, dass insbesondere Spieler aus S\u00fcdamerika und Europa auf Sandpl\u00e4tzen besonders gut zurechtkommen.<\/p>\n\n\n\n<h3 class=\"wp-block-heading\">Wimbledon<\/h3>\n\n\n\n<p>Wir haben das Wimbledon Turnier bereits in der Einleitung erw\u00e4hnt. Es handelt sich hier um das ber\u00fchmteste Tennis-Turnier der Welt. Das Turnier findet im britischen Sommer \u00fcber einen Zeitraum von zwei Wochen hinweg auf Rasenpl\u00e4tzen statt. Das Wimbledon ist bekannt daf\u00fcr, dass hier schnelle Spiele ausgetragen werden. Spieler, die eher im fortgeschrittenen Spielverlauf punkten k\u00f6nnen, kommen hier oft nicht richtig zum Zug.<\/p>\n\n\n\n<h3 class=\"wp-block-heading\">US Open<\/h3>\n\n\n\n<p>Die \u201eUS Open\u201c finden zwischen August und September in New York auf Hartpl\u00e4tzen statt. Es ist das letzte gro\u00dfe Turnier des Jahres und bietet deshalb vor allem amerikanischen Spielern eine gute Gelegenheit, beim \u201eHeimspiel\u201c noch einmal richtig alles zu geben.<\/p>\n\n\n\n<h2 class=\"wp-block-heading\">Die besten Tipps f\u00fcr Tennis-Wetten<\/h2>\n\n\n\n<p>Mit den folgenden Tipps sind Sie bestens f\u00fcr den Einstieg in das Gesch\u00e4ft mit Tennis-Wetten gewappnet. Wenn Sie bereits Erfahrung mit anderen Sportwetten gemacht haben, k\u00f6nnen Sie \u00fcber einige der allgemeinen Sportwetten-Tipps hinweglesen \u2013 aber die Tipps f\u00fcr Tennis-Wetten sollten Sie sich nicht entgehen lassen:<\/p>\n\n\n\n<ul><li>Nutzen Sie die verschiedenen M\u00f6glichkeiten bei Tennis-Wetten: Bei Tennis-Wetten k\u00f6nnen Sie zum einen einfach auf den Endsieger eines Turniers setzen. Dar\u00fcber hinaus k\u00f6nnen Sie aber bei vielen Einzelspielen beispielsweise auch darauf wetten, wer den ersten Satz gewinnt oder ob es bei dem Spiel zu einer Verletzung kommt. Insbesondere mit den Handicap-Wetten haben Sie eine gute Chance, viel Geld zu gewinnen, da Sie dem Favoriten einen virtuellen R\u00fcckstand verpassen. Wenn dieser trotzdem gewinnt, profitieren Sie von einer deutlich erh\u00f6hten Quote.<\/li><\/ul>\n\n\n\n<ul><li>Viel Insider-Wissen akkumulieren: Wenn Sie sich entschieden haben, mit Tennis-Wetten durchzustarten, sollten Sie sich auf jeden Fall etwas Zeit f\u00fcr diese Szene nehmen. Lesen Sie Spielberichte und sehen Sie sich ein paar Top-Spiele an, um ein Gef\u00fchl f\u00fcr diese spannende Sportart zu bekommen.<\/li><\/ul>\n\n\n\n<ul><li>Live-Wetten nutzen: Bei kaum einer anderen Sportart sind Live-Wetten so beliebt wie beim Tennis. Nutzen Sie das Angebot der Online-Buchmacher, auch noch w\u00e4hrend des Spiels Wetten abzugeben. Dadurch k\u00f6nnen Sie sich zu Beginn des Spiels einen Eindruck der Verfassung der einzelnen Spieler machen und dann entscheiden, auf wen und wie viel Sie setzen m\u00f6chten.<\/li><\/ul>\n\n\t\t<\/article>\n\t\t<div class=\"lg:w-[300px] lg:flex-shrink-0 relative\" x-data=\"{show_toc: false}\">\n\t\t\t<div class=\"lg:sticky lg:top-4 z-30\">\n\t\t\t\t<div class=\"fixed -top-64 left-0 w-full z-50 lg:static transition-all hidden lg:block\" id=\"fixed-toc\">\n\t\t\t\t\t<div>\n\t\t\t\t<div\n\t\t\tclass=\"max-lg:fixed max-lg:top-0 max-lg:left-0 max-lg:w-screen max-lg:h-screen max-lg:bg-gray-70 max-lg:bg-opacity-75 max-lg:hidden\"\n\t\t\t:class=\"{'max-lg:hidden': !show_toc}\"\n\t\t\t@click=\"show_toc = false\"\n\t\t>\n\t\t\t<div class=\"max-lg:absolute max-lg:bottom-0 max-lg:left-0 max-lg:w-screen bg-white lg:bg-transparent\">\n\t\t\t\t\t\t\t\t\t\t\t<\/div>\n\t\t<\/div>\n\t<\/div>\n\t\t\t\t\t<\/div>\n\t\t\t<\/div>\n\t\t<\/div>\n\t<\/div>\n<\/div>\n\t<\/div>\n<\/div>\n\n","protected":false},"excerpt":{"rendered":"","protected":false},"author":31,"featured_media":0,"parent":0,"menu_order":0,"comment_status":"closed","ping_status":"closed","template":"","meta":{"footnotes":""},"tags":[],"acf":[],"_links":{"self":[{"href":"https:\/\/betting.com\/de\/wp-json\/wp\/v2\/pages\/1019"}],"collection":[{"href":"https:\/\/betting.com\/de\/wp-json\/wp\/v2\/pages"}],"about":[{"href":"https:\/\/betting.com\/de\/wp-json\/wp\/v2\/types\/page"}],"author":[{"embeddable":true,"href":"https:\/\/betting.com\/de\/wp-json\/wp\/v2\/users\/31"}],"replies":[{"embeddable":true,"href":"https:\/\/betting.com\/de\/wp-json\/wp\/v2\/comments?post=1019"}],"version-history":[{"count":3,"href":"https:\/\/betting.com\/de\/wp-json\/wp\/v2\/pages\/1019\/revisions"}],"predecessor-version":[{"id":6246,"href":"https:\/\/betting.com\/de\/wp-json\/wp\/v2\/pages\/1019\/revisions\/6246"}],"wp:attachment":[{"href":"https:\/\/betting.com\/de\/wp-json\/wp\/v2\/media?parent=1019"}],"wp:term":[{"taxonomy":"post_tag","embeddable":true,"href":"https:\/\/betting.com\/de\/wp-json\/wp\/v2\/tags?post=1019"}],"curies":[{"name":"wp","href":"https:\/\/api.w.org\/{rel}","templated":true}]}}