{"id":1017,"date":"2023-04-13T14:57:24","date_gmt":"2023-04-13T14:57:24","guid":{"rendered":"https:\/\/betting.com\/de\/?page_id=1017"},"modified":"2023-08-02T12:31:05","modified_gmt":"2023-08-02T12:31:05","slug":"pferderennen","status":"publish","type":"page","link":"https:\/\/betting.com\/de\/pferderennen","title":{"rendered":"Vollst\u00e4ndige Anleitung f\u00fcr Pferderennen-wetten"},"content":{"rendered":"<div class=\" container-white py-8\">\n\t<div class=\"wp-block-container-toc  \">\n\t\t\t<div class=\"bg-white\">\n\t<div class=\"flex flex-col-reverse lg:flex-row lg:gap-8 py-10\">\n\t\t<article class=\"max-w-[960px] flex-grow\" data-bt-content>\n\t\t\t\n<p>Pferderennen geh\u00f6ren zu den \u00e4ltesten Sportarten der Welt und wurden bereits \u00fcber 600 Jahre v. Chr. bei den olympischen Spielen in Griechenland ausgetragen. Zwischen 1999 und 2005 war die Anzahl der Wetten auf Pferderennen stark r\u00fcckl\u00e4ufig und zahlreiche Rennvereine mussten ihre Tore f\u00fcr immer schlie\u00dfen.&nbsp;<\/p>\n\n\n\n<p>Aber der Sport an sich hat \u00fcberlebt und Wetten auf Pferderennen erleben gerade so etwas wie eine Renaissance, weil immer mehr Online-Buchmacher diese Wetten anbieten und so das allgemeine Interesse an diesen Rennen wieder zunimmt.<\/p>\n\n\n\n<p>Erfahren Sie hier alles \u00fcber die Geschichte von Pferderennen und wie Sie mit modernster Technik bei Wetten auf Pferderennen Geld gewinnen k\u00f6nnen.<\/p>\n\n\n\n<h2 class=\"wp-block-heading\">Geschichtlicher Hintergrund von Pferderennen<\/h2>\n\n\n\n<p>Vermutlich begleiten Pferderennen die Menschen schon deutlich l\u00e4nger, als es uns \u00fcberliefert ist. Denn Pferderennen eignen sich sehr gut f\u00fcr die Zuchtauslese von Pferden und wurden daher aus praktischen Gr\u00fcnden abgehalten.&nbsp;<\/p>\n\n\n\n<p>Im Laufe der Geschichte wurden so sehr vielf\u00e4ltige und schnelle Pferderassen gez\u00fcchtet, die dann beispielsweise f\u00fcr Kurier- und Reisezwecke eingesetzt wurden. In Mittel- und Nord-Europa kamen Pferderennen vergleichsweise sp\u00e4t an, aber seitdem haben sich Pferderennen hier stark und schnell verbreitet.&nbsp;<\/p>\n\n\n\n<p>Insbesondere in England findet man verh\u00e4ltnism\u00e4\u00dfig viele Rennbahnen und die Entwicklung des englischen Vollbl\u00fcters geht auf die Aktivit\u00e4t der englischen Pferderennen zur\u00fcck. Heute finanzieren sich Pferderennen \u00fcberwiegend durch Wetten der Zuschauer und Besucher.<\/p>\n\n\n\n<h2 class=\"wp-block-heading\">Formen von Pferderennen<\/h2>\n\n\n\n<p>W\u00e4hrend lange Zeit \u00fcberwiegend Pferderennen mit gezogenem Wagen \u00fcblich waren, haben sich in den letzten Jahren viele weitere Arten von Pferderennen entwickelt, auf die Sie wetten k\u00f6nnen. Damit hat sich eine Vielzahl m\u00f6glicher Wetten auf Pferderennen entwickelt, bei denen f\u00fcr beinahe jeden etwas dabei ist. Im Folgenden wollen wir Ihnen die derzeit beliebtesten Formen der Pferderennen vorstellen, damit Sie ausw\u00e4hlen k\u00f6nnen wo Sie Ihre Pferderennen-Wetten abgeben.<\/p>\n\n\n\n<h3 class=\"wp-block-heading\">Galopprennen<\/h3>\n\n\n\n<p>Beim Galopprennen sind alle Gangarten erlaubt. Da Galopp aber die schnellste Rennart f\u00fcr Pferde ist, galoppieren die Pferde hier durchgehend. F\u00fcr Wetten auf Pferderennen ist das Galopprennen deshalb so gut geeignet, weil es den Gro\u00dfteil der aktuell veranstalteten Pferderennen ausmacht.&nbsp;<\/p>\n\n\n\n<p>Dadurch haben Sie bei Galopprennen sehr viele M\u00f6glichkeiten, Wetten abzugeben. Wenn man es genau nimmt, kann man international beinahe st\u00fcndlich eine Wette auf Galopprennen abgeben. Ein weiterer Grund f\u00fcr die Beliebtheit von Galopprennen ist die hohe Geschwindigkeit der Rennen, die einfach faszinierend ist.&nbsp;<\/p>\n\n\n\n<p>Die normale Trabgeschwindigkeit von Pferden betr\u00e4gt lediglich 10 bis 20 Kilometer pro Stunde. Im Galopp werden daraus auch im Alltag bis zu 60 Kilometer pro Stunde und bei Galopprennen erreichen die Tiere in der Regel Geschwindigkeiten von \u00fcber 70 Kilometer pro Stunde.<\/p>\n\n\n\n<h3 class=\"wp-block-heading\">Trabrennen<\/h3>\n\n\n\n<p>Bei Trabrennen d\u00fcrfen die Pferde lediglich traben. Der Trab ist eine langsamere Gangart der Pferde. Wenn Pferde bei Trabrennen auch nur f\u00fcr kurze Zeit ins Galopp verfallen, werden Sie vom Rennen disqualifiziert. Das sollten Sie bei Wetten auf Pferde bei Trabrennen immer ber\u00fccksichtigen, denn es gibt Pferde, denen das deutlich \u00f6fter passiert als anderen.&nbsp;<\/p>\n\n\n\n<p>Dieses Risiko ist nat\u00fcrlich in den Pferderenn-Quoten einberechnet, sodass Sie es auch f\u00fcr sich nutzen k\u00f6nnen, um mit dieser erh\u00f6hten Quote mehr Geld zu gewinnen. Grunds\u00e4tzlich gibt es bei Trabrennen nach wie vor Rennen, bei denen der Reiter in einem Wagen sitzt und Rennen bei denen der Reiter auch wirklich auf dem Pferd sitzt.&nbsp;<\/p>\n\n\n\n<p>T\u00f6lt- und Passrennen T\u00f6lt und Pass sind zwei weitere Gangarten von Pferden, die allerdings als eher exotisch angesehen werden k\u00f6nnen. Es wird dabei penibel darauf geachtet, wie die Pferde Ihre Beine setzen und jeder Fehltritt wird disqualifiziert. Auch wenn T\u00f6lt- und Passrennen eher ungew\u00f6hnlich sind, gibt es immer noch genug M\u00f6glichkeiten, hier Pferderenn-Wetten zu platzieren.<\/p>\n\n\n\n<h3 class=\"wp-block-heading\">Barrel Race<\/h3>\n\n\n\n<p>Das \u201eBarrel Race\u201c ist eine Form von Pferderennen, die \u00fcberwiegend in Amerika stattfindet. Diese Rennart ist dem Western-Reiten entnommen, weil sie sich an die Reitart der Cowboys anlehnt.&nbsp;<\/p>\n\n\n\n<p>Beim Barrel-Race m\u00fcssen von den Reitern drei F\u00e4sser umrundet werden. Hier kommen Pferde zum Einsatz, die durch sehr starke Hinterbeine in der Lage sind, wendige Man\u00f6ver auszuf\u00fchren. Wetten auf Pferderennen kann man durch Wetten auf \u201eBarrel Race\u201c-Rennen auf jeden Fall etwas auflockern, um mal etwas anderes zu sehen.<\/p>\n\n\n\n<h3 class=\"wp-block-heading\">Distanzrennen<\/h3>\n\n\n\n<p>Alle Pferderennen mit einer Distanz \u00fcber 25 Kilometer werden als Distanzrennen bezeichnet. Insbesondere in Arabien war und ist diese Art von Pferderennen sehr beliebt, weshalb Araber-Hengste zu den st\u00e4rksten Pferden in dieser Disziplin geh\u00f6ren. F\u00fcr Wetten auf Pferderennen sind die Distanzrennen ziemlich gut geeignet, trotz der Tatsache, dass sie l\u00e4nger andauern. Grund daf\u00fcr ist, dass der Rennausgang hier deutlich besser vorhergesagt werden kann und das f\u00fchrt f\u00fcr Sie nat\u00fcrlich zu verbesserten Wettergebnissen.<\/p>\n\n\n\n<h2 class=\"wp-block-heading\">Worauf Sie bei Pferderennen wetten k\u00f6nnen<\/h2>\n\n\n\n<p>Beim Pferderennen gibt es seit jeher eine Vielzahl von m\u00f6glichen Wetten. Das hei\u00dft, dass Sie nicht nur auf den Endsieger eines Rennens wetten k\u00f6nnen, sondern noch auf viele andere spannende Dinge.&nbsp;<\/p>\n\n\n\n<p>Das sorgt nat\u00fcrlich f\u00fcr viel Abwechslung, weil man nicht immer nur den einen einzigen Sieger vorhersagen muss. \u00c4hnlich wie auch bei anderen Sportwetten, lassen sich die Online Buchmacher hier aber auch laufend neue Dinge einfallen, um Ihr Angebot erweitern zu k\u00f6nnen.&nbsp;<\/p>\n\n\n\n<p>Halten Sie bei Wetten auf Pferderennen also immer die Augen nach neuen Wettformaten offen und trauen Sie sich ruhig, auch mal etwas Neues auszuprobieren. Oft haben die Buchmacher bei neuen Wetten noch nicht viel Erfahrung und k\u00f6nnen deshalb auch Ihre Quoten nicht so gut berechnen.<\/p>\n\n\n\n<h3 class=\"wp-block-heading\">Platz-Wette<\/h3>\n\n\n\n<p>Am einfachsten ist die Platz-Wette, bei denen das Pferd, auf das Sie gewettet haben, auf den ersten vier Pl\u00e4tzen liegen muss. Bei Rennen mit weniger als sieben Pferden muss das Pferd, auf das Sie getippt haben, das Rennen auf den ersten drei Pl\u00e4tzen beenden.<\/p>\n\n\n\n<h3 class=\"wp-block-heading\">Zweier-Wette<\/h3>\n\n\n\n<p>Die Zweier-Wette ist eine sehr schwierige Wette, weil Sie die ersten zwei Pferde in der richtigen Reihenfolge vorhersagen m\u00fcssen. Das ist schwierig, wird aber nat\u00fcrlich auch mit dementsprechend hohen Quoten belohnt.<\/p>\n\n\n\n<h3 class=\"wp-block-heading\">Dreier-Wette<\/h3>\n\n\n\n<p>Bei der Dreier-Wette m\u00fcssen Sie sogar die ersten drei Pferde richtig vorhersagen. Das ist zwar noch schwieriger als die Vorhersage der ersten zwei Pferde, aber auch hier werden Sie daf\u00fcr mit noch h\u00f6heren Quoten belohnt.<\/p>\n\n\n\n<h3 class=\"wp-block-heading\">Vierer-Wette<\/h3>\n\n\n\n<p>Die Vierer-Wette ist eine vergleichsweise neue Wettform und kommt direkt hinter den zuvor genannten Wetten auf Pferderennen. Bei der Vierer-Wette m\u00fcssen Sie die ersten vier Pferde eines Rennens korrekt vorhersagen. Das klingt und ist verdammt schwierig, aber hier winken dann auch direkt Preisgelder im f\u00fcnfstelligen Bereich.<\/p>\n\n\n\n<h3 class=\"wp-block-heading\">2 aus 4<\/h3>\n\n\n\n<p>Bei der 2-aus-4-Wette tippen Sie auf vier Pferde, von denen mindestens zwei unter den ersten vier eines Rennens landen m\u00fcssen. Das ist eine vergleichsweise einfache Pferderenn-Wette.<\/p>\n\n\n\n<p>Das sollten Sie bei Wetten auf Pferderennen auf jeden Fall ber\u00fccksichtigen<\/p>\n\n\n\n<p>Wenn Sie beim Wetten auf Pferderennen einsteigen wollen, dann sollten Sie sich auf jeden Fall mit den folgenden Besonderheiten vertraut machen. Denn im Gegensatz zu den meisten anderen Wettm\u00f6glichkeiten l\u00e4uft hier doch einiges ganz anders ab. Grund hierf\u00fcr ist mitunter der, dass sich der Transport von Pferden als deutlich schwieriger erweist, als beispielsweise der Transport einer Fu\u00dfballmannschaft.<\/p>\n\n\n\n<p>Wenn Sie sich f\u00fcr internationale Pferderennen interessieren, sollten Sie nie vergessen, dass es hier deutlich mehr Pferde und Teams gibt als beispielsweise beim Tennis. Bei den einschl\u00e4gigen gro\u00dfen internationalen Turnieren trifft man zwar immer wieder auf dieselben Pferdestars, aber h\u00e4ufig auch auf junge neue Pferde. Dadurch ist immer f\u00fcr Abwechslung gesorgt und niemand kennt alle bekannten und unbekannten Pferde und ihre Jockeys.<\/p>\n\n\n\n<p>Anders als bei vielen anderen Sportwetten ist das Wetten auf Pferderennen traditionsgem\u00e4\u00df mit sehr hohen Eins\u00e4tzen und Gewinnchancen verbunden, und seit jeher verl\u00e4sst die Pferderennbahn der ein oder andere mit einem prall gef\u00fcllten Geldbeutel. Sie k\u00f6nnen nat\u00fcrlich trotzdem mit kleinen Betr\u00e4gen auf Pferderennen wetten und dabei von den hohen Quoten des ein oder anderen Wettformats profitieren.<\/p>\n\n\n\n<h2 class=\"wp-block-heading\">So finden Sie den besten Anbieter f\u00fcr Wetten auf Pferderennen<\/h2>\n\n\n\n<p>Wie bereits erw\u00e4hnt, gibt es inzwischen eine gro\u00dfe Auswahl an Anbietern von Wetten auf Pferderennen. Ein guter Buchmacher f\u00fcr Wetten auf Pferderennen verf\u00fcgt \u00fcber eine g\u00fcltige Lizenz und \u00fcberzeugt mit transparenten Vorg\u00e4ngen. Dar\u00fcber hinaus sollte der Anbieter Wetten auf viele verschiedene Pferderennen anbieten und f\u00fcr jedes dieser Rennen eine Vielzahl von verschiedenen Wetten mit guten und fairen Quoten.<\/p>\n\n\n\n<p>Es lohnt sich auf jeden Fall, einen Vergleich der besten Buchmacher vorzunehmen und dann die besten auszuw\u00e4hlen. Wir empfehlen Ihnen, sich auf jeden Fall direkt bei mehreren Buchmachern zu registrieren, weil Sie so immer die besten Quoten bei dem entsprechenden Buchmacher ausw\u00e4hlen k\u00f6nnen. Denn es ist leider nicht so, dass Sie die besten Quoten immer bei demselben Buchmacher finden.<\/p>\n\n\n\n<h2 class=\"wp-block-heading\">Fazit<\/h2>\n\n\n\n<p>Wetten auf Pferderennen erleben in den letzten Jahren wieder einen starken Aufschwung. Grund hierf\u00fcr ist der Umstand, dass die Online-Buchmacher diese Branche gerade erst wieder neu entdecken. Daher k\u00f6nnen Sie hier noch weitreichende Ver\u00e4nderungen und Weiterentwicklungen erwarten.&nbsp;<\/p>\n\n\n\n<p>Wetten auf Pferderennen gelten als besonders lukrativ, weil es hier extrem spannende M\u00f6glichkeiten zum Wetten gibt. Wenn Sie neu bei Wetten auf Pferderennen einsteigen m\u00f6chten, sollten Sie sich auf jeden Fall mit dem Regelwerk von Galopprennen auseinandersetzen und sich ein paar Rennen ansehen, denn bei Pferderennen gibt es immer wieder gro\u00dfe \u00dcberraschungen und nicht selten gewinnt hier ein Au\u00dfenseiter.<\/p>\n\n\t\t<\/article>\n\t\t<div class=\"lg:w-[300px] lg:flex-shrink-0 relative\" x-data=\"{show_toc: false}\">\n\t\t\t<div class=\"lg:sticky lg:top-4 z-30\">\n\t\t\t\t<div class=\"fixed -top-64 left-0 w-full z-50 lg:static transition-all hidden lg:block\" id=\"fixed-toc\">\n\t\t\t\t\t<div>\n\t\t\t\t<div\n\t\t\tclass=\"max-lg:fixed max-lg:top-0 max-lg:left-0 max-lg:w-screen max-lg:h-screen max-lg:bg-gray-70 max-lg:bg-opacity-75 max-lg:hidden\"\n\t\t\t:class=\"{'max-lg:hidden': !show_toc}\"\n\t\t\t@click=\"show_toc = false\"\n\t\t>\n\t\t\t<div class=\"max-lg:absolute max-lg:bottom-0 max-lg:left-0 max-lg:w-screen bg-white lg:bg-transparent\">\n\t\t\t\t\t\t\t\t\t\t\t<\/div>\n\t\t<\/div>\n\t<\/div>\n\t\t\t\t\t<\/div>\n\t\t\t<\/div>\n\t\t<\/div>\n\t<\/div>\n<\/div>\n\t<\/div>\n<\/div>\n\n","protected":false},"excerpt":{"rendered":"","protected":false},"author":31,"featured_media":0,"parent":0,"menu_order":0,"comment_status":"closed","ping_status":"closed","template":"","meta":{"footnotes":""},"tags":[],"acf":[],"_links":{"self":[{"href":"https:\/\/betting.com\/de\/wp-json\/wp\/v2\/pages\/1017"}],"collection":[{"href":"https:\/\/betting.com\/de\/wp-json\/wp\/v2\/pages"}],"about":[{"href":"https:\/\/betting.com\/de\/wp-json\/wp\/v2\/types\/page"}],"author":[{"embeddable":true,"href":"https:\/\/betting.com\/de\/wp-json\/wp\/v2\/users\/31"}],"replies":[{"embeddable":true,"href":"https:\/\/betting.com\/de\/wp-json\/wp\/v2\/comments?post=1017"}],"version-history":[{"count":3,"href":"https:\/\/betting.com\/de\/wp-json\/wp\/v2\/pages\/1017\/revisions"}],"predecessor-version":[{"id":6245,"href":"https:\/\/betting.com\/de\/wp-json\/wp\/v2\/pages\/1017\/revisions\/6245"}],"wp:attachment":[{"href":"https:\/\/betting.com\/de\/wp-json\/wp\/v2\/media?parent=1017"}],"wp:term":[{"taxonomy":"post_tag","embeddable":true,"href":"https:\/\/betting.com\/de\/wp-json\/wp\/v2\/tags?post=1017"}],"curies":[{"name":"wp","href":"https:\/\/api.w.org\/{rel}","templated":true}]}}