{"id":1015,"date":"2023-04-13T14:50:41","date_gmt":"2023-04-13T14:50:41","guid":{"rendered":"https:\/\/betting.com\/de\/?page_id=1015"},"modified":"2023-08-02T12:31:05","modified_gmt":"2023-08-02T12:31:05","slug":"golf","status":"publish","type":"page","link":"https:\/\/betting.com\/de\/golf","title":{"rendered":"Vollst\u00e4ndige Anleitung f\u00fcr Golf-Wetten"},"content":{"rendered":"<div class=\" container-white py-8\">\n\t<div class=\"wp-block-container-toc  \">\n\t\t\t<div class=\"bg-white\">\n\t<div class=\"flex flex-col-reverse lg:flex-row lg:gap-8 py-10\">\n\t\t<article class=\"max-w-[960px] flex-grow\" data-bt-content>\n\t\t\t\n<p>Golf ist eine spannende alte Sportart, die von den Spielern sehr viel Erfahrung und K\u00f6nnen erfordern. Lange Zeit war Golf ein Sport f\u00fcr alte Menschen mit viel Geld und die Beliebtheit in der Bev\u00f6lkerung lie\u00df daher zu w\u00fcnschen \u00fcbrig.&nbsp;<\/p>\n\n\n\n<p>In den letzten Jahren ist Golf deutlich zug\u00e4nglicher geworden und deshalb sind auch Wetten auf Golf beliebter denn je. Golf wird mittlerweile auf der ganzen Welt gespielt und es gibt dabei kaum so etwas wie eine Sommerpause beim Fu\u00dfball. Steigen Sie jetzt mit Golf-Wetten ein und gewinnen Sie bei den Buchmachern gutes Geld damit.<\/p>\n\n\n\n<p>Hier erfahren Sie alles, was Sie \u00fcber Golf-Wetten wissen m\u00fcssen.<\/p>\n\n\n\n<h2 class=\"wp-block-heading\">Geschichtlicher Hintergrund von Golf<\/h2>\n\n\n\n<p>Golf stammt mit hoher Wahrscheinlichkeit von der britischen Halbinsel und dort explizit aus dem schottischen Raum, wo man naturgem\u00e4\u00df perfekte Bedingungen f\u00fcr Gold vorfindet. Von der britischen Halbinsel gelangte Golf nach Frankreich und verbreitete sich dann langsam in die ganze Welt. Heute ist Golf insbesondere in Europa, Australien und den USA sehr verbreitet und beliebt. Im Laufe der Zeit haben sich die Regeln immer wieder ge\u00e4ndert.<\/p>\n\n\n\n<p>Die erste schriftliche Dokumentation einheitlicher Regeln stammt aus dem Jahr 1744, was zeigt, wie alt dieser Sport bereits ist. Als Weltstadt des Golfs galt lange Zeit St. Andrews in Schottland, wobei dies nicht mehr aktuell ist und es so etwas wie eine Golfhauptstadt eigentlich nicht mehr gibt.<\/p>\n\n\n\n<h2 class=\"wp-block-heading\">Regeln beim Golf<\/h2>\n\n\n\n<p>Ziel des Spiels ist es, den Golfball von seiner Startposition mit m\u00f6glichst wenigen Schl\u00e4gen in das Zielloch zu bef\u00f6rdern. Grunds\u00e4tzlich muss der Ball dabei stets von dort weitergespielt werden, wo er zuvor zum Liegen kam. Allerdings gibt es verschiedene F\u00e4lle, wo das nicht m\u00f6glich ist.&nbsp;<\/p>\n\n\n\n<p>Wenn der Ball beispielsweise nicht mehr auffindbar ist oder wenn er in einem Teich oder See gelandet ist. F\u00fcr diese Spezialf\u00e4lle sieht die Regelordnung beim Golf 24 Regeln vor, welche das Spiel dann regeln sollen. Meistens wird der Ball in diesem Fall ersetzt und der Spieler darf unter bestimmten Voraussetzungen mit diesem Ersatzball weiterspielen. Allerdings werden hier meist Strafpunkte vergeben, die das Ergebnis ma\u00dfgeblich beeinflussen k\u00f6nnen. F\u00fcr Wetten auf Golf sind diese Strafpunkte oft spielentscheidend.<\/p>\n\n\n\n<p>Neben dem Fall, dass ein Ball beim Golf verloren geht, gibt es noch zahlreiche weitere Spezialf\u00e4lle, die f\u00fcr erfolgreiches Wetten auf Golf von Bedeutung sind.&nbsp;<\/p>\n\n\n\n<p>Auch wenn die allgemeinen Regeln hier schon sehr ausf\u00fchrlich und genau sind, gibt es in jedem Fall und bei jedem Turnier trotzdem noch ein Schiedsgericht, welches \u00fcber strittige Fragen entscheidet. Damit Sie bei Golf-Wetten erfolgreich sein k\u00f6nnen, ist es unabdingbar, die wichtigsten Regeln zu kennen und zu verstehen.&nbsp;<\/p>\n\n\n\n<p>Aber auch ohne alle 24 Regeln im Detail zu kennen, k\u00f6nnen Sie beim Wetten auf Golf erfolgreich sein, da sich die Spieler und Schiedsrichter ja um die Einhaltung der Regeln k\u00fcmmern.<\/p>\n\n\n\n<h2 class=\"wp-block-heading\">Worauf Sie beim Golf wetten sollten<\/h2>\n\n\n\n<p>Wie bei den meisten Sportwetten, haben Sie auch bei Golf-Wetten zahlreiche verschiedene M\u00f6glichkeiten. Im Folgenden wollen wir Ihnen die beliebtesten und besten M\u00f6glichkeiten bei Golf-Wetten erkl\u00e4ren, sodass Sie die verschiedenen Wettformate beim Wetten auf Golf kennen und dadurch immer die beste Option w\u00e4hlen k\u00f6nnen. Denn wie auch bei anderen Sportarten, gibt es beim Golf einige Wettm\u00f6glichkeiten, die Sie sonst bei kaum einer anderen Sportart finden werden.<\/p>\n\n\n\n<p>Da Golf-Wetten bei den Buchmachern immer beliebter werden, f\u00fchren die Buchmacher hier aktuell h\u00e4ufig noch neue Wettm\u00f6glichkeiten f\u00fcr Golf ein, sodass es sich auf jeden Fall immer mal wieder lohnt, das vollst\u00e4ndige Wettangebot zu \u00fcberpr\u00fcfen.<\/p>\n\n\n\n<p><strong>Auf den Gesamtsieger bei Golf-Turnieren wetten<\/strong><\/p>\n\n\n\n<p>Selbstverst\u00e4ndlich gibt es bei Golf-Wetten die M\u00f6glichkeit, auf den Gesamtsieger eines Turniers zu wetten. Da bei gro\u00dfen Turnieren sehr viele einzelne Spieler teilnehmen, erwarten Sie hier vergleichsweise hohe Quoten f\u00fcr das Tippen auf einen einzelnen Spieler &#8211; Quoten von \u00fcber 10 sind hier keine Seltenheit.&nbsp;<\/p>\n\n\n\n<p>Beachten Sie aber, dass die gro\u00dfen Turniere oft \u00fcber einige Wochen hinweg auf verschiedenen Pl\u00e4tzen ausgetragen werden, bevor die Finalisten das Turnier an einem Tag unter sich entscheiden. Golf-Wetten sind eine der wenigen Sportarten, wo sich dadurch auch das \u201enormale\u201c Wetten auf den Favoriten lohnen kann.<\/p>\n\n\n\n<p><strong>Head to Head-Wetten<\/strong><\/p>\n\n\n\n<p>Sehr beliebt und einzigartig ist die M\u00f6glichkeit bei Golf-Turnieren darauf zu wetten, wer von zwei Spielern insgesamt besser abschneiden wird. Diese Head-to-Head-Wetten sind sehr beliebt, weil man damit schnell und einfach gewinnen kann, ohne ein allzu gro\u00dfes Risiko eingehen zu m\u00fcssen. Damit eignet sich dieses Wettformat sowohl f\u00fcr Anf\u00e4nger, als auch f\u00fcr Sportwetten-Profis optimal.<\/p>\n\n\n\n<p><strong>Rundensieger<\/strong><\/p>\n\n\n\n<p>Gro\u00dfe Golfturniere werden, wie bereits erw\u00e4hnt, in mehreren Runden ausgetragen &#8211; \u00e4hnlich der Fu\u00dfball-Weltmeisterschaft. Durch dieses System k\u00f6nnen Sie auch ganz bequem auf den Sieger der jeweiligen Gruppen wetten. Auch hier kommt es immer wieder zu \u00dcberraschungen, dennoch ist das viel \u00fcberschaubarer, als eine Golf-Wette auf den Endsieger.<\/p>\n\n\n\n<h3 class=\"wp-block-heading\">Golf-Wette auf die Nationalit\u00e4t des Endsiegers<\/h3>\n\n\n\n<p>Unkonventionell ist beispielsweise auch die M\u00f6glichkeit, bei Golf-Wetten darauf zu wetten, welche Nationalit\u00e4t der Sieger eines Turniers haben wird. Das ist eine spannende Wette, insbesondere f\u00fcr die Patrioten unter den Sportwetten-Fans.<\/p>\n\n\n\n<h2 class=\"wp-block-heading\">Wie Sie bei Golf-Wetten erfolgreich werden<\/h2>\n\n\n\n<p>Damit Sie langfristig beim Wetten auf Golf erfolgreich sein k\u00f6nnen, haben wir ein paar bahnbrechende Tools f\u00fcr Sie entwickelt. Unser Ziel ist es dabei, Sie so zu unterst\u00fctzen, dass Sie wie ein Profi bei Golf-Wetten durchstarten k\u00f6nnen. Nutzen Sie unser Angebot, um nicht l\u00e4nger wie ein Amateur drauflos zu wetten. Mit unseren professionellen Tools sind Sie ausgestattet wie ein Profi und haben daher die M\u00f6glichkeit, Ihre Strategie beim Wetten auf Golf immer wieder anzupassen und so gute Erfolge zu erzielen.<\/p>\n\n\n\n<h3 class=\"wp-block-heading\">Die wichtigsten Tipps f\u00fcr Golf-Wetten<\/h3>\n\n\n\n<p>Neben der Nutzung unserer Tools f\u00fcr erfolgreiche Golf-Wetten sind es insbesondere die folgenden Tipps, die Ihnen dabei helfen k\u00f6nnen, beim Wetten auf Golf-Turniere erfolgreich zu sein. Lesen Sie sich die Tipps in Ruhe durch und setzen Sie sie nach und nach bei Ihren k\u00fcnftigen Wetten auf Golf um und wir sind uns sicher, dass es sich f\u00fcr Sie lohnen wird.<\/p>\n\n\n\n<h3 class=\"wp-block-heading\">Geduld ist eine Tugend<\/h3>\n\n\n\n<p>Viele Spieler sind beim Wetten auf Golf zu ungeduldig und platzieren Ihre Wetten, bevor Sie sich wirklich sicher sind. Wir empfehlen Ihnen, die Geduld zu behalten und sich erst umfassend zu informieren, bevor Sie Ihre Wetten abgeben.&nbsp;<\/p>\n\n\n\n<p>Zwar sinken die Quoten im Laufe des Turniers, aber wenn Sie sich erst ein Bild \u00fcber die Leistung der Spieler verschaffen, kann sich das hinterher mehrfach auszahlen.<\/p>\n\n\n\n<h3 class=\"wp-block-heading\">Wetten Sie nur auf Turniere, die \u00fcbertragen werden<\/h3>\n\n\n\n<p>Wir empfehlen Ihnen, nur auf Golf-Turniere zu wetten, die Sie auch als Live-\u00dcbertragung anschauen k\u00f6nnen. Das macht zum einen deutlich mehr Spa\u00df und zweitens k\u00f6nnen Sie sich dabei mit den eigenen Augen davon \u00fcberzeugen, dass alles mit rechten Dingen zugeht.&nbsp;<\/p>\n\n\n\n<p>Au\u00dferdem k\u00f6nnen Sie nur bei \u00fcbertragenen Turnieren selbst die Leistung eines Spielers richtig beurteilen und auch ohne Zahlen sehen, ob ein Spieler zwei- oder dreimal Pech hatte oder ob er wirklich schlecht spielt. Solches Wissen l\u00e4sst sich in bares Geld verwandeln, wenn Sie die richtigen Wetten darauf abgeben.<\/p>\n\n\n\n<h3 class=\"wp-block-heading\">Den Golfplatz studieren<\/h3>\n\n\n\n<p>Jeder Golfplatz hat seine Besonderheiten. Wenn Sie die St\u00e4rken und Schw\u00e4chen der Spieler kennen, k\u00f6nnen Sie durch die Analyse des Golfplatzes deutlich mehr mit Golf-Wetten gewinnen. Achten Sie auf die Besonderheiten und sehen Sie sich an, wie die einzelnen Spieler auf diesem Platz in der Vergangenheit abgeschnitten haben.<\/p>\n\n\n\n<p>Beurteilen Sie selbst die aktuelle Verfassung der Golfspieler<\/p>\n\n\n\n<p>Mitunter einer der entscheidendsten Faktoren beim Golf ist die aktuelle Verfassung und St\u00e4rke eines Spielers. Die Leistung eines Spielers kann dabei die ganze Saison \u00fcber exzellent sein und dann binnen weniger Wochen einbrechen. Achten Sie auf solche Anzeichen und weniger auf die automatisch generierten Prognosen der Buchmacher. Wenn Sie sich das zu Herzen nehmen, werden Sie bei Golf-Wetten erfolgreich sein.<\/p>\n\n\n\n<h2 class=\"wp-block-heading\">Die wichtigsten Golf-Turniere<\/h2>\n\n\n\n<p>\u00dcber das Jahr verteilt gibt es international hunderte verschiedene Golf-Turniere, aber nur einige wenige wirklich wichtige und gro\u00dfe. Wir wollen Ihnen kurz die vier wichtigsten und gr\u00f6\u00dften Golf-Turniere f\u00fcr Golf-Wetten vorstellen, damit Sie wissen worum es bei den einzelnen Formaten geht. Solches Wissen kann f\u00fcr erfolgreiches Wetten durchaus wichtig sein.<\/p>\n\n\n\n<p><strong>The Masters<\/strong><\/p>\n\n\n\n<p>Das \u201eThe Masters\u201c ist im Kalenderjahr das erste gro\u00dfe Golf-Turnier und das einzige gro\u00dfe Turnier, welches j\u00e4hrlich auf demselben Golfplatz ausgetragen wird, dem \u201eAugusta National Golf Club\u201c in Georgia, USA. Das Turnier findet seit 1934 j\u00e4hrlich statt und bietet den Golf-Profis eine exzellente B\u00fchne, ihr K\u00f6nnen unter Beweis zu stellen.<\/p>\n\n\n\n<p><strong>The Open Championship<\/strong><\/p>\n\n\n\n<p>Dieses Turnier ist das \u00e4lteste gro\u00dfe Golf-Turnier der Welt, dass immer noch stattfindet \u2013 ausgetragen wurde das Turnier erstmals 1860. Veranstaltungsort ist immer ein Golfplatz auf der britischen Insel, wobei hier oft altbekannte Pl\u00e4tze am Meer ausgew\u00e4hlt werden. Insbesondere f\u00fcr britische Golfspieler ist dieses Turnier mitunter das wichtigste Turnier \u00fcberhaupt, da es gilt, die Ehre im eigenen Land zu verteidigen.<\/p>\n\n\n\n<p><strong>PGA Championship<\/strong><\/p>\n\n\n\n<p>Das \u201ePGA Championship\u201c-Turnier findet in den USA statt, vornehmlich im Westen der USA. Da der Schauplatz dieses Turnier j\u00e4hrlich wechselt, finden die Spieler immer wieder ver\u00e4nderte Bedingungen vor. Achten Sie darauf, ob die Spieler schon Erfahrung auf diesen Pl\u00e4tzen sammeln konnten oder ob sie vollkommen neu auf dem Platz sind.<\/p>\n\n\n\n<p><strong>US Open<\/strong><\/p>\n\n\n\n<p>Das \u201eUS Open\u201c ist das zweit\u00e4lteste der vier gro\u00dfen Golf-Turniere. Es wird j\u00e4hrlich ausgetragen. Besonders ist bei diesem Turnier, dass sich hier sowohl Profis als auch Amateure f\u00fcr eines der zahlreichen Qualifikationsturniere bewerben k\u00f6nnen. Dadurch gibt es bei diesem Turnier nicht selten mal einen Newcomer, der es in der Gesamtwertung weit nach vorn schafft.<\/p>\n\n\n\n<h2 class=\"wp-block-heading\">Fazit<\/h2>\n\n\n\n<p>Golf klingt f\u00fcr viele erst einmal nach einem langweiligen Sport. Wenn Sie sich allerdings etwas in die Thematik vertiefen, werden Sie schnell feststellen, dass Golf einiges zu bieten hat. Insbesondere f\u00fcr Wetten ist Golf fabelhaft geeignet. Profitieren Sie von der zunehmenden Akzeptanz dieses Sports und dem wachsenden Angebot an Golf-Wetten bei den Buchmachern. Finden Sie die besten Quoten bei uns auf betting.com! Wir w\u00fcnschen Ihnen viel Gl\u00fcck und Erfolg!<\/p>\n\n\t\t<\/article>\n\t\t<div class=\"lg:w-[300px] lg:flex-shrink-0 relative\" x-data=\"{show_toc: false}\">\n\t\t\t<div class=\"lg:sticky lg:top-4 z-30\">\n\t\t\t\t<div class=\"fixed -top-64 left-0 w-full z-50 lg:static transition-all hidden lg:block\" id=\"fixed-toc\">\n\t\t\t\t\t<div>\n\t\t\t\t<div\n\t\t\tclass=\"max-lg:fixed max-lg:top-0 max-lg:left-0 max-lg:w-screen max-lg:h-screen max-lg:bg-gray-70 max-lg:bg-opacity-75 max-lg:hidden\"\n\t\t\t:class=\"{'max-lg:hidden': !show_toc}\"\n\t\t\t@click=\"show_toc = false\"\n\t\t>\n\t\t\t<div class=\"max-lg:absolute max-lg:bottom-0 max-lg:left-0 max-lg:w-screen bg-white lg:bg-transparent\">\n\t\t\t\t\t\t\t\t\t\t\t<\/div>\n\t\t<\/div>\n\t<\/div>\n\t\t\t\t\t<\/div>\n\t\t\t<\/div>\n\t\t<\/div>\n\t<\/div>\n<\/div>\n\t<\/div>\n<\/div>\n\n","protected":false},"excerpt":{"rendered":"","protected":false},"author":31,"featured_media":0,"parent":0,"menu_order":0,"comment_status":"closed","ping_status":"closed","template":"","meta":{"footnotes":""},"tags":[],"acf":[],"_links":{"self":[{"href":"https:\/\/betting.com\/de\/wp-json\/wp\/v2\/pages\/1015"}],"collection":[{"href":"https:\/\/betting.com\/de\/wp-json\/wp\/v2\/pages"}],"about":[{"href":"https:\/\/betting.com\/de\/wp-json\/wp\/v2\/types\/page"}],"author":[{"embeddable":true,"href":"https:\/\/betting.com\/de\/wp-json\/wp\/v2\/users\/31"}],"replies":[{"embeddable":true,"href":"https:\/\/betting.com\/de\/wp-json\/wp\/v2\/comments?post=1015"}],"version-history":[{"count":3,"href":"https:\/\/betting.com\/de\/wp-json\/wp\/v2\/pages\/1015\/revisions"}],"predecessor-version":[{"id":6244,"href":"https:\/\/betting.com\/de\/wp-json\/wp\/v2\/pages\/1015\/revisions\/6244"}],"wp:attachment":[{"href":"https:\/\/betting.com\/de\/wp-json\/wp\/v2\/media?parent=1015"}],"wp:term":[{"taxonomy":"post_tag","embeddable":true,"href":"https:\/\/betting.com\/de\/wp-json\/wp\/v2\/tags?post=1015"}],"curies":[{"name":"wp","href":"https:\/\/api.w.org\/{rel}","templated":true}]}}