{"id":1013,"date":"2023-04-13T14:48:05","date_gmt":"2023-04-13T14:48:05","guid":{"rendered":"https:\/\/betting.com\/de\/?page_id=1013"},"modified":"2023-08-02T12:31:05","modified_gmt":"2023-08-02T12:31:05","slug":"fussball","status":"publish","type":"page","link":"https:\/\/betting.com\/de\/fussball","title":{"rendered":"Vollst\u00e4ndige Anleitung f\u00fcr Fussball-Wetten"},"content":{"rendered":"<div class=\" container-white py-8\">\n\t<div class=\"wp-block-container-toc  \">\n\t\t\t<div class=\"bg-white\">\n\t<div class=\"flex flex-col-reverse lg:flex-row lg:gap-8 py-10\">\n\t\t<article class=\"max-w-[960px] flex-grow\" data-bt-content>\n\t\t\t\n<p>Fu\u00dfball ist und bleibt der Nationalsport Nr. 1 in Deutschland und daher ist es auch nicht verwunderlich, dass Fu\u00dfball-Wetten zu den beliebtesten Wetten \u00fcberhaupt geh\u00f6ren. Der Grund hierf\u00fcr liegt in der langen Tradition von Fu\u00dfball in Deutschland, der durch den schnellen Wiedereinstieg Deutschlands in den Fu\u00dfball nach dem zweiten Weltkrieg massiv gef\u00f6rdert wurde.&nbsp;<\/p>\n\n\n\n<p>In kaum einem anderen Land gibt es so viele lokale Fu\u00dfballvereine wie in Deutschland. Die deutsche Bundesliga geh\u00f6rt deshalb zu den st\u00e4rksten und finanzkr\u00e4ftigsten Fu\u00dfball-Ligen der Welt und Fu\u00dfball-Stars aus der ganzen Welt sind bei deutschen Vereinen verpflichtet.<\/p>\n\n\n\n<p>Wir werden Ihnen alles erkl\u00e4ren, was Sie brauchen, um erfolgreiche Fu\u00dfball-Wetten abzuschlie\u00dfen. Dabei werden wir sowohl auf die Besonderheiten von Fu\u00dfball-Spielen eingehen als auch auf Tipps und Tricks, mit denen Sie die Buchmacher austricksen k\u00f6nnen.&nbsp;<\/p>\n\n\n\n<p>J\u00e4hrlich gewinnen Zehntausende weltweit Millionen von Euro mit Wetten und Sie sollten nicht l\u00e4nger daneben stehen und nur dabei zusehen. Werden Sie aktiv und steigen Sie erfolgreich in das Gesch\u00e4ft mit Sportwetten ein.<\/p>\n\n\n\n<h2 class=\"wp-block-heading\">Besonderheiten von Fu\u00dfball-Wetten<\/h2>\n\n\n\n<p>Wetten auf Fu\u00dfball-Spiele sind sehr beliebt und versprechen gute Gewinnaussichten. Allerdings sollten Sie sich auf jeden Fall gr\u00fcndlich mit der Thematik auseinandersetzen, damit Sie keine typischen Anf\u00e4ngerfehler machen. Das Wichtigste beim Fu\u00dfball ist das Verst\u00e4ndnis f\u00fcr die verschiedenen Ligen und deren Systeme.&nbsp;<\/p>\n\n\n\n<p>W\u00e4hrend beispielsweise in der Deutschen Bundesliga alle Vereine w\u00e4hrend einer Saison zweimal gegeneinander antreten, spielen die Vereine der skandinavischen Ligen oft dreimal gegeneinander. In England und den Niederlanden gibt es au\u00dferdem noch verschiedene Play-Off-Runden am Ende der Saison, bei denen einige wenige Vereine um besondere Pl\u00e4tze k\u00e4mpfen.<\/p>\n\n\n\n<p>Bei diesen Play-Off-Runden geht es meist um Abstiegs- bzw. Aufstiegspl\u00e4tze. Aber auch Qualifikationspl\u00e4tze f\u00fcr die gro\u00dfen europ\u00e4ischen Ligen k\u00f6nnen auf diese Weise gewonnen werden und mitunter spielen die vier Tabellenf\u00fchrer am Ende im Play-Off-System um den Meisterschaftstitel. All dieses Wissen kann Ihnen beim Wetten auf Fu\u00dfball n\u00fctzlich sein, weil Sie so verstehen k\u00f6nnen, in welcher Position sich ein Verein gerade befindet und ob das Spiel f\u00fcr den Verein wichtig ist oder ob er sich seine Kr\u00e4fte lieber f\u00fcr ein anstehendes wichtigeres Spiel aufspart.<\/p>\n\n\n\n<h3 class=\"wp-block-heading\">Die Deutsche Bundesliga<\/h3>\n\n\n\n<p>Wie bereits erw\u00e4hnt, gilt die 1. Deutsche Bundesliga als eine der st\u00e4rksten Ligen weltweit und das wird sich so schnell auch nicht \u00e4ndern, da die deutschen Vereine sehr viel Geld zur Verf\u00fcgung haben, um sich immer wieder die besten neuen Nachwuchsspieler kaufen zu k\u00f6nnen.&nbsp;<\/p>\n\n\n\n<p>Mit Prognosen f\u00fcr die 1. Deutsche Bundesliga kann man deshalb sehr gutes Geld gewinnen, weil die Buchmacher diese Liga stark im Zentrum Ihrer Aktivit\u00e4ten haben und oft exzellente Quoten f\u00fcr die Wetten auf die Spiele der Bundesliga anbieten. Die zunehmende Konkurrenz zwischen den Buchmachern wird dabei zu Ihrem Vorteil, weil die Quoten immer besser werden und Ihre Gewinnchancen damit stark ansteigen.<\/p>\n\n\n\n<p>Die Deutsche Bundesliga existiert seit \u00fcber 50 Jahren und umfasst 18 Vereine, die j\u00e4hrlich an dieser Meisterschaft teilnehmen. Da die 1. Deutsche Bundesliga ein hohes Ranking der UEFA erh\u00e4lt, k\u00f6nnen sich jedes Jahr mehrere Mannschaften der 1. Bundesliga f\u00fcr die Champions League und die Europa League qualifizieren.&nbsp;<\/p>\n\n\n\n<p>Somit gibt es f\u00fcr die Vereine der Deutschen Bundesliga einigen Anreiz, gute Ergebnisse zu erzielen. Insbesondere die Qualifikationspl\u00e4tze sind oft hart umk\u00e4mpft, wovon Sie nat\u00fcrlich ebenfalls profitieren k\u00f6nnen, wenn Sie dies nicht vergessen.<\/p>\n\n\n\n<h2 class=\"wp-block-heading\">So finden Sie den besten Buchmacher f\u00fcr Fu\u00dfball-Wetten<\/h2>\n\n\n\n<p>Es gibt zwar einige spezialisierte Buchmacher, die sich auf andere Sportwetten konzentrieren, aber alle seri\u00f6sen gro\u00dfen Buchmacher bieten zahlreiche Fu\u00dfball-Wetten an. Das bedeutet f\u00fcr Sie, dass es eine sehr gro\u00dfe Auswahl an verschiedenen Buchmachern f\u00fcr Fu\u00dfball-Wetten gibt und es ist mitunter manchmal gar nicht so einfach, hier die besten Angebote zu finden.&nbsp;<\/p>\n\n\n\n<p>Wenn Sie bei Fu\u00dfball-Wetten einsteigen m\u00f6chten, dann m\u00fcssen Sie sich am Anfang nat\u00fcrlich zuerst einmal einen Buchmacher aussuchen. Wie Sie die besten Buchmacher finden und warum Sie vielleicht bei mehreren Buchmachern gleichzeitig Fu\u00dfball-Wetten abgeben sollten, erfahren Sie im n\u00e4chsten Abschnitt.<\/p>\n\n\n\n<p>Das Wichtigste bei der Wahl eines Buchmachers ist dessen g\u00fcltige Gl\u00fccksspiellizenz, denn ohne eine g\u00fcltige Lizenz garantiert Ihnen niemand, dass sich der Buchmacher an geltende Datenschutzrichtlinien und Vorgaben zum \u201eFair Play\u201c h\u00e4lt. Die Gl\u00fccksspielkommissionen \u00fcberpr\u00fcfen regelm\u00e4\u00dfig alle lizensierten Unternehmen, damit Sie faire Bedingungen vorfinden.&nbsp;<\/p>\n\n\n\n<p>Neben der Lizenz sollten Sie nat\u00fcrlich das Wettangebot des Buchmachers beachten, denn nat\u00fcrlich sollte dieser ein umfangreiches Angebot an Fu\u00dfball-Wetten anbieten und das am besten genau in der Liga, in der Sie Ihre Fu\u00dfball-Wetten platzieren m\u00f6chten. Und letztlich sollten nat\u00fcrlich auch die Quoten stimmen und ein guter Buchmacher sollte Ihnen auch attraktive Bonusangebote f\u00fcr Fu\u00dfball-Wetten bieten.<\/p>\n\n\n\n<p>Weil es ganz sch\u00f6n viele verschiedene Punkte sind, die Sie bei der Wahl eines Buchmachers ber\u00fccksichtigen sollten, haben unsere Experten f\u00fcr Fu\u00dfball-Wetten die wichtigsten Buchmacher \u00fcberpr\u00fcft. Alle von uns verlinkten Buchmacher sind f\u00fcr gute Quoten bei Fu\u00dfball-Wetten bekannt und erf\u00fcllen auch unsere sonstigen strengen Richtlinien. Gelangen Sie also ganz einfach mit einem Klick zu den besten Buchmachern und beginnen Sie dort, Geld mit Fu\u00dfball-Wetten zu gewinnen.<\/p>\n\n\n\n<p>Es kann mitunter auch sinnvoll sein, sich bei mehreren Buchmachern zu registrieren. Zum einen profitieren Sie dabei von mehreren Willkommensangeboten, bei denen Sie oft Bonusguthaben oder Freiwetten f\u00fcr Fu\u00dfball-Wetten erhalten.&nbsp;<\/p>\n\n\n\n<p>Und zum anderen haben Sie dann die M\u00f6glichkeit, bei einem Spiel stets die beste Quote zu w\u00e4hlen. Denn es ist leider nicht so, dass ein Buchmacher durchgehend die besten Quoten hat. Wenn Sie bei mehreren Buchmachern f\u00fcr Fu\u00dfball-Wetten registriert sind, haben Sie die volle Flexibilit\u00e4t, schnell und einfach auf die besten Angebote einzugehen.<\/p>\n\n\n\n<h2 class=\"wp-block-heading\">Nutzen Sie unseren Quoten-Vergleich f\u00fcr Fu\u00dfball-Wetten<\/h2>\n\n\n\n<p>Unser System vergleicht dauerhaft die Quoten aller Buchmacher f\u00fcr alle Fu\u00dfball-Spiele und zeigt Ihnen schnell und einfach die besten Quoten an. Mit diesem Tool finden Sie immer bequem die besten Wett-Tipps und Value-Wetten f\u00fcr Fu\u00dfball-Wetten.&nbsp;<\/p>\n\n\n\n<p>Da wir mit einigen gro\u00dfen und namhaften Buchmachern f\u00fcr Fu\u00dfball-Wetten kooperieren, k\u00f6nnen Sie nach Anmeldung \u00fcber unser System Ihre Wetten beim gew\u00fcnschten Buchmacher auch direkt abgeben, insofern Sie bei diesem bereits registriert sind. Mit diesem System ist es m\u00f6glich, blitzschnell auf Fehlberechnungen der Buchmacher einzugehen und Fu\u00dfball-Wetten mit den besten Quoten abzuschlie\u00dfen.<\/p>\n\n\n\n<h2 class=\"wp-block-heading\">Allgemeine Tipps f\u00fcr Fu\u00dfball-Wetten<\/h2>\n\n\n\n<p>Mit der folgenden Sammlung von professionellen Tipps f\u00fcr Fu\u00dfball-Wetten k\u00f6nnen Sie wichtige Dinge f\u00fcr das Wetten auf Fu\u00dfballspiele lernen. Die Tipps sind sowohl f\u00fcr Anf\u00e4nger als auch f\u00fcr fortgeschrittene Fu\u00dfball-Wett-Profis geeignet. Denn auch wenn Sie bereits einiges an Erfahrung im Bereich Fu\u00dfball-Wetten haben, wird bestimmt der ein oder andere Tipp dabei sein, mit dem Sie Ihre Strategie bei Fu\u00dfball-Wetten noch weiter verbessern k\u00f6nnen.<\/p>\n\n\n\n<p>Auf das richtige Angebot warten Oftmals ist es besser, geduldig zu sein und auf das richtige Angebot bei Fu\u00dfball-Wetten zu warten, anstatt ins Ungewisse hinein viel Geld auf zweifelhafte Spiele zu setzen.&nbsp;<\/p>\n\n\n\n<p>Wir empfehlen Ihnen, entweder durchschnittlich mit kleinen Betr\u00e4gen zu wetten oder aber g\u00e4nzlich auf das Wetten zu verzichten und erst dann zuzuschlagen, wenn Sie meinen, die richtige Gelegenheit daf\u00fcr gefunden zu haben. Haben Sie Geduld \u2013 die wird sich auszahlen.<\/p>\n\n\n\n<p>Viele Informationen sammeln Damit Sie langfristig mit Fu\u00dfball-Wetten erfolgreich sein k\u00f6nnen, sollten Sie sich m\u00f6glichst viele Insider-Informationen beschaffen. Es ist deshalb sehr sinnvoll, sich auf wenige Ligen zu beschr\u00e4nken, weil man sonst schnell den \u00dcberblick verliert.&nbsp;<\/p>\n\n\n\n<p>Legen Sie am besten eigene Tabellen in Excel an, um die Informationen selbst an einem Ort zu b\u00fcndeln. Auf diese Weise k\u00f6nnen Sie Ihre gesuchten Informationen schnell und einfach nachschlagen und aktualisieren.<\/p>\n\n\n\n<p>Analysieren Sie Ihren Erfolg bei Fu\u00dfball-Wetten Wichtig ist es au\u00dferdem, dass Sie einen \u00dcberblick \u00fcber die Eins\u00e4tze und Gewinne bei Ihren Fu\u00dfball-Wetten behalten. Hierf\u00fcr k\u00f6nnen Sie gern unseren professionellen \u201eWett-Tracker\u201c nutzen. Wenn Sie die Wetten \u00fcber unser System abgeben, werden die Eins\u00e4tze und Gewinne direkt im System erfasst. So k\u00f6nnen Sie plattform\u00fcbergreifend alle Daten an einem Ort einsehen und mit Hilfe unserer Tools eingehend analysieren, um so Ihre Strategie nachhaltig zu verbessern.<\/p>\n\n\n\n<p>Nachwuchsspieler im Blick behalten Ein guter Trick f\u00fcr erfolgreiche Fu\u00dfball-Wetten ist der, sich umfassend \u00fcber junge Nachwuchsspieler und deren Leistungen zu informieren.&nbsp;<\/p>\n\n\n\n<p>Viele junge Spieler kommen heute schon mit 16 oder 17 Jahren in den Profi-Kader und wirbeln die Liga oftmals zu Beginn Ihrer ersten Profi-Saison kr\u00e4ftig um, angetrieben von jugendlichem Ehrgeiz.<\/p>\n\n\n\n<h2 class=\"wp-block-heading\">Wichtige Begriffe bei Fu\u00dfball-Wetten einfach erkl\u00e4rt<\/h2>\n\n\n\n<p>Wenn Sie neu in der Welt der Fu\u00dfball-Wetten sind, dann werden Ihnen einige Begriffe begegnen, die Sie anfangs erst einmal nicht verstehen werden. Damit Sie direkt voll einsteigen k\u00f6nnen, haben wir an dieser Stelle die wichtigsten Begriffe f\u00fcr Sie gesammelt und erkl\u00e4rt:<\/p>\n\n\n\n<h3 class=\"wp-block-heading\">3-Wege-Wette<\/h3>\n\n\n\n<p>Die 3-Wege-Wette ist die typischste Fu\u00dfballwette. Die 3-Wege-Wette kommt zum Einsatz, wenn es drei m\u00f6gliche Spielausg\u00e4nge gibt: Sieg, Niederlage oder Unentschieden. Da dieses Spielformat bei den meisten Fu\u00dfballspielen zum Tragen kommt, ist es die wichtigste Wette f\u00fcr Fu\u00dfball.<\/p>\n\n\n\n<h3 class=\"wp-block-heading\">2-Wege-Wette<\/h3>\n\n\n\n<p>Nachdem Sie bereits die 3-Wege-Wette kennen, k\u00f6nnen Sie sich wahrscheinlich denken, worum es sich bei der 2-Wege-Wette handelt. 2-Wege-Wetten kommen \u00fcberall zum Einsatz, wo es nur zwei m\u00f6gliche Ausg\u00e4nge gibt.&nbsp;<\/p>\n\n\n\n<p>Dies ist im Fu\u00dfball zum Beispiel bei KO-Runden der Fall oder auch bei zahlreichen der neuen Wettformate. Bei den neuen Wettformaten k\u00f6nnen Sie beispielsweise darauf wetten, dass mehr oder weniger als eine bestimmte Toranzahl insgesamt erzielt werden. Hier wird oft ein Zwischenwert angegeben, damit es eben nur zwei Ausg\u00e4nge geben kann.<\/p>\n\n\n\n<h3 class=\"wp-block-heading\">Handicap-Wette<\/h3>\n\n\n\n<p>Die Handicap-Wette stammt urspr\u00fcnglich aus Asien, ist inzwischen aber weltweit bekannt und verbreitet. Durch die M\u00f6glichkeit der Handicap-Wette k\u00f6nnen Sie auch beim Tippen auf den Favoriten von guten Quoten profitieren. Im Prinzip geben Sie bei einer Handicap-Wette bei Fu\u00dfballwetten dem Favoriten einen virtuellen R\u00fcckstand zu Spielbeginn.&nbsp;<\/p>\n\n\n\n<p>Um zu gewinnen muss das Team dann also mehr als einen Punkt Vorsprung erzielen. Weil so ein Spielausgang unwahrscheinlicher ist, bekommen Sie f\u00fcr solche Wetten bessere Quoten.<\/p>\n\n\n\n<h3 class=\"wp-block-heading\">Kombiwette beim Fu\u00dfball<\/h3>\n\n\n\n<p>Bei einer Kombiwette handelt es sich im Prinzip um eine automatische Sammlung vieler Wetten. Auf diese Weise k\u00f6nnen Sie beispielsweise ganz einfach auf 100 Spiele tippen und das mit nur einem einzigen Wettschein. Mit Fu\u00dfball-Kombiwetten k\u00f6nnen Sie das Risiko reduzieren und somit die Gewinnchancen erh\u00f6hen.<\/p>\n\n\n\n<h2 class=\"wp-block-heading\">Fazit<\/h2>\n\n\n\n<p>Wir hoffen, dass Sie durch unseren Leitfaden f\u00fcr Fu\u00dfball-Wetten einen guten \u00dcberblick bekommen haben und nun in der Lage sind, selbstst\u00e4ndig erfolgreich bei Fu\u00dfball-Wetten einzusteigen. Tasten Sie sich am besten langsam an das Thema heran. Schlie\u00dfen Sie Ihre ersten Wetten ab und dokumentieren Sie sorgf\u00e4ltig die Ergebnisse und Ihre Gewinne. Auf diese Weise werden Sie das Prinzip schnell verstehen und stetig erfolgreicher werden.&nbsp;<\/p>\n\n\n\n<p>Nutzen Sie verschiedene Kan\u00e4le, um in der Liga Ihrer Wahl mit zuverl\u00e4ssigen und guten Informationen versorgt zu werden. Ein kleiner Informationsvorsprung, kann Ihnen schnell den entscheidenden Vorteil gegen\u00fcber den Buchmachern beschaffen. Wir w\u00fcnschen Ihnen viel Gl\u00fcck und Erfolg!<\/p>\n\n\t\t<\/article>\n\t\t<div class=\"lg:w-[300px] lg:flex-shrink-0 relative\" x-data=\"{show_toc: false}\">\n\t\t\t<div class=\"lg:sticky lg:top-4 z-30\">\n\t\t\t\t<div class=\"fixed -top-64 left-0 w-full z-50 lg:static transition-all hidden lg:block\" id=\"fixed-toc\">\n\t\t\t\t\t<div>\n\t\t\t\t<div\n\t\t\tclass=\"max-lg:fixed max-lg:top-0 max-lg:left-0 max-lg:w-screen max-lg:h-screen max-lg:bg-gray-70 max-lg:bg-opacity-75 max-lg:hidden\"\n\t\t\t:class=\"{'max-lg:hidden': !show_toc}\"\n\t\t\t@click=\"show_toc = false\"\n\t\t>\n\t\t\t<div class=\"max-lg:absolute max-lg:bottom-0 max-lg:left-0 max-lg:w-screen bg-white lg:bg-transparent\">\n\t\t\t\t\t\t\t\t\t\t\t<\/div>\n\t\t<\/div>\n\t<\/div>\n\t\t\t\t\t<\/div>\n\t\t\t<\/div>\n\t\t<\/div>\n\t<\/div>\n<\/div>\n\t<\/div>\n<\/div>\n\n","protected":false},"excerpt":{"rendered":"","protected":false},"author":31,"featured_media":0,"parent":0,"menu_order":0,"comment_status":"closed","ping_status":"closed","template":"","meta":{"footnotes":""},"tags":[],"acf":[],"_links":{"self":[{"href":"https:\/\/betting.com\/de\/wp-json\/wp\/v2\/pages\/1013"}],"collection":[{"href":"https:\/\/betting.com\/de\/wp-json\/wp\/v2\/pages"}],"about":[{"href":"https:\/\/betting.com\/de\/wp-json\/wp\/v2\/types\/page"}],"author":[{"embeddable":true,"href":"https:\/\/betting.com\/de\/wp-json\/wp\/v2\/users\/31"}],"replies":[{"embeddable":true,"href":"https:\/\/betting.com\/de\/wp-json\/wp\/v2\/comments?post=1013"}],"version-history":[{"count":3,"href":"https:\/\/betting.com\/de\/wp-json\/wp\/v2\/pages\/1013\/revisions"}],"predecessor-version":[{"id":6243,"href":"https:\/\/betting.com\/de\/wp-json\/wp\/v2\/pages\/1013\/revisions\/6243"}],"wp:attachment":[{"href":"https:\/\/betting.com\/de\/wp-json\/wp\/v2\/media?parent=1013"}],"wp:term":[{"taxonomy":"post_tag","embeddable":true,"href":"https:\/\/betting.com\/de\/wp-json\/wp\/v2\/tags?post=1013"}],"curies":[{"name":"wp","href":"https:\/\/api.w.org\/{rel}","templated":true}]}}