{"id":1011,"date":"2023-04-13T14:47:05","date_gmt":"2023-04-13T14:47:05","guid":{"rendered":"https:\/\/betting.com\/de\/?page_id=1011"},"modified":"2023-08-02T12:31:05","modified_gmt":"2023-08-02T12:31:05","slug":"league-of-legends-worlds","status":"publish","type":"page","link":"https:\/\/betting.com\/de\/league-of-legends-worlds","title":{"rendered":"Vollst\u00e4ndiger Guide zum Wetten auf League of Legends"},"content":{"rendered":"<div class=\" container-white py-8\">\n\t<div class=\"wp-block-container-toc  \">\n\t\t\t<div class=\"bg-white\">\n\t<div class=\"flex flex-col-reverse lg:flex-row lg:gap-8 py-10\">\n\t\t<article class=\"max-w-[960px] flex-grow\" data-bt-content>\n\t\t\t\n<p>Wenn du gerade angefangen hast, dich eingehender mit Esports und League of Legends (LoL) zu befassen oder du ein erfahrener League of Legends Spieler bist, aber mehr \u00fcber die Wettm\u00f6glichkeiten wissen willst, bist du bei uns genau richtig! In diesem League of Legends-Guide werden wir alle Eigenschaften durchgehen, die du wissen musst, um auf LoL zu wetten, oder deine Wetten auf dieses Spiel zu verbessern.&nbsp;<\/p>\n\n\n\n<p>Wir erkl\u00e4ren dir alle Basics, angefangen von den Grundlagen wie Wetten auf LoL abgeschlossen werden bis hin zu den verschiedenen Tools, die dir einen Vorteil verschaffen k\u00f6nnen. Wir m\u00f6chten dir helfen, langfristig einen Gewinn auf League of Legends-Wetten einzufahren und sicherstellen, dass du immer auf die besten verf\u00fcgbaren Quoten setzt.<\/p>\n\n\n\n<p>Das Videospiel League of Legends ist unter Computerspielern sehr beliebt. Aussagekr\u00e4ftig genug d\u00fcrften die Finalspiele 2020 gewesen sein, als das Turnier weltweit eine Einschaltquote von 3,8 Millionen erreichte. League of Legends wird von rund 115 Millionen Spielern monatlich gespielt und rund 50 Millionen t\u00e4glich.<\/p>\n\n\n\n<p>Seit 2010 sind Esports-Wetten mit einem unglaublichen Tempo gewachsen. Die Entwicklung auf dem Quotenmarkt allein war enorm und heutzutage k\u00f6nnen wir f\u00fcr jedes Spiel eine sehr gro\u00dfe Auswahl an M\u00e4rkten und Quoten auf E-Sports Begegnungen vorfinden. Dies war vor einigen Jahren noch nicht der Fall.&nbsp;<\/p>\n\n\n\n<p>Ein gro\u00dfer Teil des Wettens besteht darin, die richtigen Wettanbieter auszuw\u00e4hlen, bei denen man Wetten auf E-Sport-Veranstaltungen abschlie\u00dfen kann. Dies ist heute viel einfacher als fr\u00fcher, da sich die Mehrheit der gro\u00dfen Sportwetten-Buchmacher an die Esports-\u00c4ra angepasst hat und damit begonnen hat, Esports-M\u00e4rkte im gro\u00dfen Umfang anzubieten.&nbsp;<\/p>\n\n\n\n<p>In diesem Guide werden wir einige Buchmacher erw\u00e4hnen, bei denen lukrative Wetten auf E-Sport Veranstaltungen m\u00f6glich sind. Wir empfehlen dir auch, einen Blick auf unsere Buchmacher Rezensionen zu werfen. Hier findest du Information \u00fcber viele erfahrene Buchmacher, jedoch haben wir auch weniger bekannte Wettanbieter aufgelistet, \u00fcber die du vielleicht noch nicht Bescheid wei\u00dft.<\/p>\n\n\n\n<p>Viele Buchmacher bieten Wetten auf League of Legends an, jedoch unterscheiden sich viele, indem sie andere Angebote anbieten. Deshalb solltest du immer danach Ausschau halten, welches Angebot am besten zu dir passt.<\/p>\n\n\n\n<h2 class=\"wp-block-heading\">Wo kann ich Wetten auf League of Legends abschlie\u00dfen?<\/h2>\n\n\n\n<p>Wetten auf League of Legends sind mittlerweile so normal wie Wetten auf Fu\u00dfball oder Eishockey. Eines der wichtigsten Dinge, die ber\u00fccksichtigt werden m\u00fcssen, ist die Entscheidung, wo gewettet werden soll. Herauszufinden welcher Betreiber, Buchmacher oder Sportwettenanbieter der Beste f\u00fcr Wetten auf League of Legends ist, wird zum Schl\u00fcsselfaktor, bevor du die erste Wette platzierst. Manchmal kann es etwas schwierig sein, herauszufinden, welcher Wettanbieter f\u00fcr deine Bed\u00fcrfnisse am besten geeignet ist.&nbsp;<\/p>\n\n\n\n<p>Wir sind jedoch hier, um dich bei dieser Entscheidung zu begleiten. Zun\u00e4chst m\u00f6chten wir einige Dinge kategorisieren, die enorm hilfreich sein k\u00f6nnen, um herauszufinden, welcher Wettanbieter am besten zu dir passt. Um dies herauszufinden, m\u00fcssen wir ein paar Fragen beantworten:<\/p>\n\n\n\n<p>Ist der Wettanbieter in deinem Land\/Region verf\u00fcgbar?<\/p>\n\n\n\n<p>Ist er vertrauensw\u00fcrdig und sicher?<\/p>\n\n\n\n<p>Sind die Wettm\u00e4rkte auf Dota 2 gut?<\/p>\n\n\n\n<p>Sind die Wettquoten wettbewerbsf\u00e4hig oder besser?<\/p>\n\n\n\n<p>Gefallen dir die Boni des Wettanbieters?<\/p>\n\n\n\n<p>\u00dcber welche Lizenz verf\u00fcgt der Wettanbieter?<\/p>\n\n\n\n<p>Auf den ersten Blick sind dies vielleicht viele Eigenschaften, die deinen Bed\u00fcrfnissen entsprechen sollten, aber im Endeffekt geht es um dein eigenes Geld, das du riskierst. Deshalb ist es wichtig, dass die Sicherheit deines Geldes gew\u00e4hrleistet ist.&nbsp;<\/p>\n\n\n\n<p>All dies h\u00e4ngt davon ab, dass du deinem Wettanbieter vertraust. Deshalb ist eine gr\u00fcndliche Auswahl des Wettanbieters so entscheidend. Wir wollen auch betonen, dass die Lizenz des Buchmachers einer der ausschlaggebenden Faktoren ist, da die Lizenz, die der Buchmacher besitzt, ein klarer Indikator daf\u00fcr ist, wie vertrauensw\u00fcrdig der Betreiber ist.&nbsp;<\/p>\n\n\n\n<p>Alle Buchmacher, die du auf der betting.com Webseite vorfindest, werden auf die richtigen Lizenzen \u00fcberpr\u00fcft. Wir garantieren dir, dass auf unserer Webseite nur die besten Buchmacher ver\u00f6ffentlich werden.&nbsp;<\/p>\n\n\n\n<p>Unsere ausf\u00fchrlichen Bewertungen decken alles ab, was von einem guten Buchmacher zu erwarten ist. Wir empfehlen dir dringend, unsere Buchmacher Rezessionen durchzulesen, bevor du einen Wettanbieter ausw\u00e4hlst.<\/p>\n\n\n\n<p>Wenn du den Betreiber f\u00fcr deine League of Legends-Wetten ausw\u00e4hlst, ist es wichtig, einen Wettanbieter zu finden, der gute M\u00e4rkte und wettbewerbsf\u00e4hige Quoten auf League of Legends anbietet. Die \u00fcberwiegende Mehrheit der Buchmacher bietet bereits Wetten auf die gr\u00f6\u00dften League of Legends Turniere und Ligen an.&nbsp;<\/p>\n\n\n\n<p>Wo es jedoch Unterschiede gibt, sind die kleineren Ligen. Hier k\u00f6nnen sich die Angebote der Buchmacher deutlich unterscheiden. Wenn du dich wirklich f\u00fcr Wetten auf League of Legends interessierst, m\u00f6chtest du h\u00f6chstwahrscheinlich auch auf Spiele au\u00dferhalb der LCS \/ LEC \/ LPL usw. wetten.&nbsp;<\/p>\n\n\n\n<p>Hier kann die Recherche sehr n\u00fctzlich sein, da es ganz einfach ist, herauszufinden, welche Wettanbieter in E-Sports und League of Legends investieren und welche nicht. Nachdem deine Suche sich ein wenig eingegrenzt hat, ist es Zeit, sich einem der wichtigsten Entscheidungsfaktoren zu widmen und zwar den Gewinnchancen.&nbsp;<\/p>\n\n\n\n<p>Du m\u00f6chtest selbstverst\u00e4ndlich auf die h\u00f6chsten Gewinnchancen des Marktes setzen, um das Meiste aus deinem Geld zu machen. Hierf\u00fcr empfehlen wir dir unseren Quotenvergleich. Mit diesem tool kannst du alle Quoten der verschiedenen Buchmacher vergleichen und somit die maximalen Gewinne aus deinen Wetten erzielen.<\/p>\n\n\n\n<p>Zu guter Letzt werfen wir einen Blick auf die Bonuszahlungen der Buchmacher. Boni und Sonderangebote variieren zwischen den Buchmachern oft stark und zus\u00e4tzlich gibt es mehrere Variationen von Boni, die du verwenden kannst. Von risikofreien Wetten bis hin zu Gratiswetten und Einzahlungsboni hat jeder Buchmacher seine eigene Art, seinen Benutzern Boni anzubieten. In den meisten F\u00e4llen erhalten Neukunden einem Willkommensbonus.&nbsp;<\/p>\n\n\n\n<p>Alle angebotenen Willkommensangebote der Buchmacher findest du auf unsere Willkommensbonus-Seite. Sobald du den Buchmacher gefunden hast, der dir am besten gef\u00e4llt, ist es wichtig, die allgemeinen Gesch\u00e4ftsbedingungen zu lesen, damit du wei\u00dft, wie die Einzahlungsboni, Gratiswetten, Wettanforderungen usw. funktionieren.<\/p>\n\n\n\n<h3 class=\"wp-block-heading\">Das Ligen-System von League of Legends<\/h3>\n\n\n\n<p>League of Legends unterscheidet sich von den meisten Sportarten durch sein regionales Ligasystem. Alle Teams sind wie bei meist allen anderen Sportarten in Stufen eingeteilt, jedoch unterscheidet sich die Funktionsweise der Stufen. In der Regel gibt es eine Fr\u00fchlingssaison und eine Sommersaison.&nbsp;<\/p>\n\n\n\n<p>Zwischendurch finden Einladungsturniere zur Saisonmitte statt und zum Jahresende findet die Weltmeisterschaft statt. Die League of Legend Worlds ist das letzte Turnier der Saison. Hier treffen die besten Teams aus allen Regionen aufeinander, um die Weltmeisterschaft auszuspielen. Nun werfen wir einen Blick auf die h\u00f6chsten Ligen und wo sie sich befinden:<\/p>\n\n\n\n<p>LEC &#8211; Europa<\/p>\n\n\n\n<p>LPL &#8211; China<\/p>\n\n\n\n<p>LCK &#8211; S\u00fcd Korea<\/p>\n\n\n\n<p>LCS &#8211; Nord Amerika<\/p>\n\n\n\n<p>PCS &#8211; Pazifik\/SEA<\/p>\n\n\n\n<p>VCS -Vietnam<\/p>\n\n\n\n<p>LCL &#8211; CIS Region<\/p>\n\n\n\n<p>TCL &#8211; T\u00fcrkei<\/p>\n\n\n\n<p>CBLOL &#8211; Brasilien<\/p>\n\n\n\n<p>LLA &#8211; Lateinamerika<\/p>\n\n\n\n<p>LJL &#8211; Japan<\/p>\n\n\n\n<p>OPL &#8211; Ozeanien<\/p>\n\n\n\n<p>Jede Liga hat ein System, in dem alle Teams wie in traditionellen Sportarten ein paar Spiele pro Woche spielen, wodurch sich das League of Legends-System von anderen E-Sportarten unterscheidet.&nbsp;<\/p>\n\n\n\n<p>Grunds\u00e4tzlich ist dies f\u00fcr Wettspieler besser, da die Spielpl\u00e4ne immer weit im Voraus einsehbar sind. In anderen E-Sports Veranstaltungen ist dies oft nicht der Fall. Bei CS: GO oder Dota 2, werden die Spielpl\u00e4ne oft nur wenige Tage vor dem Event ver\u00f6ffentlicht, dies macht es ein wenig schwieriger, das anstehende Event zu recherchieren. Deshalb ist es einfacher, auf LoL zu wetten und im Voraus zu planen. Zus\u00e4tzlich finden fast t\u00e4glich Spiele statt, auf die Wetten abgeschlossen werden k\u00f6nnen.<\/p>\n\n\n\n<h2 class=\"wp-block-heading\">Welcher Buchmacher ist der Beste f\u00fcr League of Legends Wetten?<\/h2>\n\n\n\n<p>Diese Frage wird im Internet \u00f6fter gestellt und obwohl wir behaupten k\u00f6nnten, dass gewisse Wettanbieter besser wie andere sind, wenn es um League of Legends Wetten geht, h\u00e4ngt es in Wirklichkeit davon ab, welche Vorlieben du hast. Es gibt so viele Variablen und Dinge, die ber\u00fccksichtigt werden m\u00fcssen, dass es unm\u00f6glich ist, eine oder zwei als die ultimativen Wettanbieter f\u00fcr eine Sportart oder einen Markt zu bezeichnen.&nbsp;<\/p>\n\n\n\n<p>Viele Wettanbieter verf\u00fcgen \u00fcber unterschiedliche M\u00e4rkte und einige sind in bestimmten Regionen verf\u00fcgbar, andere nicht. Wir k\u00f6nnen dir jedoch ein paar Empfehlungen f\u00fcr die Buchmacher geben, die wir als vertrauensw\u00fcrdig betrachten und die \u00fcber eine gute Anzahl von M\u00e4rkten und wettbewerbsf\u00e4hige Quoten verf\u00fcgen. Dies sind die drei Buchmacher, die wir f\u00fcr League of Legends-Wetten empfehlen:<\/p>\n\n\n\n<ul><li>Unibet<\/li><li>Pinnacle<\/li><li>Bet365<\/li><\/ul>\n\n\n\n<p>Wir haben viele Buchmacher auf ihr League of Legends-Wettangebot untersucht und sind zu dem Entschluss gekommen, dass sich diese drei Buchmacher von anderen Wettanbietern abheben. Alle drei Wettanbieter sind benutzerfreundlich, bieten eine Vielzahl von verschiedenen M\u00e4rkten an und die Quoten sind konstant wettbewerbsf\u00e4hig. Ein weitere Bestandteil bei diesen Wettanbieter ist, dass alle drei erfahrene Veteranen in der Wettbranche sind, einen guten Ruf bei den Kunden haben und jahrelange Erfahrung aufweisen k\u00f6nnen, dass es sich bei ihnen um gute Angebote handelt.&nbsp;<\/p>\n\n\n\n<p>Es gibt mehrere gute Buchmacher auf dem Markt, aber wir k\u00f6nnen dir garantiere, dass du mit den oben genanten Wettanbietern nichts falsch machst, wenn es um League of Legends Wetten geht.<\/p>\n\n\n\n<h2 class=\"wp-block-heading\">Die Wettstrategie f\u00fcr League of Legends Wetten<\/h2>\n\n\n\n<p>Da wir jetzt ein wenig \u00fcber League of Legends-Wetten im Allgemeinen geredet haben und die Entscheidung getroffen haben, wo man die Wetten abschlie\u00dfen sollte, ist es an der Zeit, sich mit dem Wetten selbst zu befassen.&nbsp;<\/p>\n\n\n\n<p>Egal, ob du ein High Roller bist oder mit eher weniger Geld wettest, der Name des Spiels ist immer derselbe &#8211; setze niemals mehr, als du dir leisten kannst zu verlieren. Du solltest aber auch nie mehr setzten als einen kleinen Prozentsatz deines gesamten Wettguthabens.&nbsp;<\/p>\n\n\n\n<p>Dies ist sehr wichtig, da wir langfristig Gewinne erzielen m\u00f6chten und Wetten mit hohen Eins\u00e4tzen ohne System dich sehr schnell bankrott machen k\u00f6nnen. Unsere Mission ist es, die Buchmacher zu schlagen, und du kannst dir wahrscheinlich auch vorstellen, dass das den Buchmachern gar nicht gef\u00e4llt, deswegen kannst du dir sicher sein, dass auch die Wettanbieter ihre Recherchen durchgef\u00fchrt haben, bevor sie ihre Quoten online stellen.&nbsp;<\/p>\n\n\n\n<p>Damit wir einen Vorteil finden k\u00f6nnen, m\u00fcssen wir systematisch, emotionslos, kalt und diszipliniert vorgehen und einem von uns festgelegten System folgen. Im Wesentlichen bedeutet dies, dass wir nach Fehlern der Buchmacher suchen m\u00fcssen, die f\u00fcr uns vorteilhaft sein k\u00f6nnen.&nbsp;<\/p>\n\n\n\n<p>Aus diesem Grund ist es so wichtig, die M\u00e4rkte, Teams, Ligen und Begegnungen zu erforschen. Zus\u00e4tzlich m\u00fcssen wir durch unsere Recherche die Fehler der Buchmacher entdecken. Im Folgenden findest du wichtig Punkte, die du beachten solltest, wenn es darum geht, die verschiedenen M\u00e4rkte und Quoten zu durchsuchen:<\/p>\n\n\n\n<ul><li>Analysiere ehemalige Ergebnisse und Statistiken<\/li><\/ul>\n\n\n\n<ul><li>Recherchier die Sozialen Netzwerke der Teams und Spieler, da hier oft n\u00fctzliche Informationen zu finden sind<\/li><\/ul>\n\n\n\n<ul><li>Setz dich mit der Meta von League of Legends auseinander und finde heraus, wie und wann die Mannschaften gegeneinander antreten.<\/li><\/ul>\n\n\n\n<ul><li>Schau dir nicht nur die Gewinner-M\u00e4rkte an. Auf dieses Thema werden wir noch ausf\u00fchrlicher eingehen, jedoch sollte dir bewusst sein, dass es mehrere M\u00e4rkte gibt.<\/li><\/ul>\n\n\n\n<ul><li>Denk daran, dass Live-Wetten eine gute Option sein k\u00f6nnten, denn das Spiel League of Legends ist bekannt daf\u00fcr, dass es ziemlich schnell in beide Richtungen gehen kann. Das zu verstehen kann dir einen gro\u00dfen Vorteil verschaffen.<\/li><\/ul>\n\n\n\n<ul><li>Du solltest unsere verifizierten Tippgeber aufsuchen, die zu 100 % verifiziert sind, denn unsere Tippgeber liefern qualitativ hochwertige Tipps, die du umsonst oder mit einem bezahlten Abonnement lesen kannst.<\/li><\/ul>\n\n\n\n<ul><li>Du solltest dir viel League of Legends ansehen. Das Spiel zu verstehen und die Mannschaften im Spiel zu sehen, wird dir um einiges weiterhelfen. Statistiken sind nicht immer die ganze Wahrheit, da es viele Einzelheiten gibt, die das Spiel und das Ergebnis beeinflussen k\u00f6nnen.<\/li><\/ul>\n\n\n\n<ul><li>Schau dir vor Spielbeginn den Quoten-Trend mit einem Quotenvergleichs-Tool an, denn so findest du heraus, ob sich die League of Legends-M\u00e4rkte vor Spielbeginn \u00e4ndern.<\/li><\/ul>\n\n\n\n<p>Auch wenn es sich hier um sehr viele Dinge handelt, die beachtet werden sollten, sind wir der Meinung, dass all diese Punkte ausschlaggebend sind, um einen Gewinn auf League of Legends-Wetten einzufahren.&nbsp;<\/p>\n\n\n\n<p>Nicht alle diese Punkte m\u00fcssen auf einmal aufgenommen werden, es reicht, wenn man sich auf ein paar fokussiert und die anderen nach und nach mit einbaut. Der wichtigste Punkt, der von Anfang an beachtet werden sollte, ist das Bankroll-Managament. Im Wesentlichen bedeutet dies, dass du immer nur einen bestimmten Prozentsatz deines Wettguthabens setzen solltest.&nbsp;<\/p>\n\n\n\n<p>Du solltest auch anfangen, eine Routine f\u00fcr deine Wettgewohnheiten zu entwickeln. Angefangen von der Recherche bis hin zum Wetten eines festen Geldbetrags auf deine Wettscheine. League of Legends ist ein Spiel, bei dem sich Dinge sehr schnell \u00e4ndern k\u00f6nnen und bei Wetten-Spielen ist nichts garantiert.&nbsp;<\/p>\n\n\n\n<p>Du solltest verstehen, dass es Zeiten geben wird, in denen du alle Wetten, die du platzierst, verlieren wirst, obwohl es sich deiner Meinung nach um gro\u00dfartige Wetten handelt. Das ist nun mal so bei Wetten-Spielen, du wirst gewinnen und du wirst verlieren. Dies sollte dich und deine Entscheidungen jedoch nicht beeinflussen. Schauen wir uns zun\u00e4chst einmal die geeigneten Einsatzgr\u00f6\u00dfen f\u00fcr League of Legends-Wetten an.<\/p>\n\n\n\n<p>Dieses Thema an sich ist sehr umfangreich, deshalb werden wir nicht zu tief darauf eingehen. Unsere Empfehlung w\u00e4hre es ungef\u00e4hr 1% von deinem Wettguthaben auf individuelle Spiele oder M\u00e4rkte zu setzten, was ein ziemlich guter Ausgangspunkt ist.&nbsp;<\/p>\n\n\n\n<p>Bei Wetten wird in der Regel der Begriff \u201cEinheit\u201d oder \u201cEinheiten\u201d (in Englisch &#8211; Units) f\u00fcr die Wettgr\u00f6\u00dfen benutzt. Spieler setzen h\u00e4ufig zwischen 1 und 5 Einheiten, je nachdem, wie hoch oder niedrig die Gewinnchancen sind.&nbsp;<\/p>\n\n\n\n<p>Diese empfehlen wir jedoch nicht f\u00fcr Anf\u00e4nger. Es ist besser, mit einer Pauschale von 1% zu beginnen. Mit mehr Wissen und Erfahrung kannst du nat\u00fcrlich mit den Einheiten herumspielen, um festzustellen, welche Art von System am besten zu dir passt.<\/p>\n\n\n\n<p>Du solltest dich auch daran erinnern, nicht dein komplettes Geld zu verspielen. Ein monatliches Wett-Budget eignet sich ideal, um den \u00dcberblick zu behalten. Dieses Wett-Budget sollte keine Gelder beinhalten, die du f\u00fcr deinen monatlichen Lebensunterhalt ben\u00f6tigst. Wenn dein monatliches Wett-Budget also 100 Euro betr\u00e4gt, empfehlen wir dir, Wetten mit einem Einsatz von einem Euro zu platzieren.<\/p>\n\n\n\n<p>Dies klingt relativ klein und sieht klein aus, ebenso wie die Gewinne, die du damit erzielen wirst, aber indem du deinen Wetteinsatz fixierst, wird du langfristig einen Profit erzielen. Das Ziel ist es, dass dein Wettguthaben w\u00e4chst und wenn du die Geduld hast, dies zu tun, wirst du langfristig profitabel sein. Es spielt keine Rolle, wie gut deine Recherchen sind, wenn du diese Methoden nicht anwendest und kein System f\u00fcr deine Wetten hast, wird der Plan nicht aufgehen.&nbsp;<\/p>\n\n\n\n<p>Was uns immer bewusst sein muss, ist, dass die M\u00e4rkte f\u00fcr League of Legends-Wetten sehr eng sind. Du wirst Fehler machen, aber solltest daraus lernen. Du wirst Wetten gewinnen, aber eben auch welche verlieren, deshalb ist es wichtig, die Ruhe zu bewahren, sollte es mal nicht so gut laufen.<\/p>\n\n\n\n<p>Ein gro\u00dfer Teil der Wettstrategie f\u00fcr League of Legends oder Wetten allgemein, besteht darin, deine Ergebnisse zu verfolgen. Wenn du deine Ergebnisse nicht kontrollierst, wirst du nie wissen, was f\u00fcr eine Arbeit du geleistet hast und wo dir Fehler unterlaufen sind.&nbsp;<\/p>\n\n\n\n<p>Betting.com bietet einen kostenlosen Wett-Tracker an, der dir hilft, alle deine Wettaktivit\u00e4ten zu verfolgen. Dieses Tool erm\u00f6glicht es dir, deine Wettgewohnheiten und Ergebnisse unter Datengesichtspunkten zu analysieren und gibt dir objektive Hinweise.&nbsp;<\/p>\n\n\n\n<p>Wenn du deine ehemaligen Wetten und Ergebnisse richtig analysierst, werden sich auch deine Wettgewohnheiten verbessern und du kannst dich von schlechten Wettgewohnheiten distanzieren.<\/p>\n\n\n\n<h2 class=\"wp-block-heading\">Wettm\u00e4rkte f\u00fcr League of Legends<\/h2>\n\n\n\n<p>Da es E-Sports und League of Legends Wetten seit \u00fcber einem Jahrzehnt gibt, haben sich auch die Optionen der individuellen M\u00e4rkte im Laufe der Jahre erheblich verbessert.<\/p>\n\n\n\n<p>Fr\u00fcher konnte man nur auf den Gewinner des Spiels wetten und selbst dies war manchmal schwer zu finden. Zum Gl\u00fcck haben wir seitdem einen ziemlich langen Weg zur\u00fcckgelegt. Oft ist das Wetten auf den Gewinner nicht die beste Option, da dies die M\u00e4rkte sind, die im Bezug auf die Gewinnchancen und die Quoten meist am richtigsten sind, was bedeutet, dass die Gewinnchancen hier nicht sehr hoch sind.&nbsp;<\/p>\n\n\n\n<p>Nach unserer Forschung und Wissen zu Folge ist es besser, nach einem Vorteil in anderen M\u00e4rkten zu suchen, da die Buchmacher oft weniger Zeit mit diesen M\u00e4rkten verbringen. League of Legends bietet eine Vielzahl von M\u00e4rkten, auf die man wetten kann. Das Verst\u00e4ndnis des Spiels und seiner Abl\u00e4ufe sind auch hier wieder von sehr hoher Bedeutung. Werfen wir einen Blick auf einige der g\u00e4ngigsten League of Legends-Wettm\u00e4rkte:<\/p>\n\n\n\n<ul><li>Map Handicap &#8211; F\u00fcr fast alle der best of three\/five Serien erh\u00e4ltlich. Du wettest einfach auf ein Team mit einem Handicap von -1.5\/-2.5 oder +1.5\/+2.5 im Spiel.<\/li><\/ul>\n\n\n\n<ul><li>\u00dcber\/Unter Maps &#8211; H\u00e4ufige Wettoptionen sind best of three\/five Serien.<\/li><\/ul>\n\n\n\n<ul><li>\u00dcber\/Unter Kills &#8211; Hier wird drauf gewettet wie viel kills i einem Spiel stattfinden. Bei dieser Wette kann es n\u00fctzlich sein zu wissen, wie die beiden Mannschaften aufgestellt sind.<\/li><\/ul>\n\n\n\n<ul><li>First Blood &#8211; Welches Teams schafft den ersten Kill des Spiels.<\/li><\/ul>\n\n\n\n<ul><li>First Turret &#8211; Welche Mannschaft zerst\u00f6rt den ersten Turm.<\/li><\/ul>\n\n\n\n<ul><li>First Baron &#8211; Welches Mannschaft t\u00f6tet den ersten Baron.<\/li><\/ul>\n\n\n\n<ul><li>Dragon &#8211; Wer t\u00f6tet den ersten Dragon, oder den zweiten?<\/li><\/ul>\n\n\n\n<ul><li>Wieviel Dragon Kills erzielt eine Mannschaft?<\/li><\/ul>\n\n\n\n<ul><li>Erste Mannschaft die 5\/10\/15\/20 Kills erreicht &#8211; Ein guter Markt f\u00fcr Spiele, in der es einen Favoriten gibt.<\/li><\/ul>\n\n\n\n<ul><li>Kill Handicap &#8211; Eine bestimmte Mannschaft die mit einer gewissen Anzahl an Kills gewinnt, oder umgekehrt.<\/li><\/ul>\n\n\n\n<ul><li>Spiel-L\u00e4nge &#8211; Hier wird darauf gewettet wie lange ein Spiel dauert. Ein interessanter Markt, da die meisten Mannschaften unterschiedliche Strategien anwenden.<\/li><\/ul>\n\n\n\n<ul><li>Kills von einem bestimmten Spieler &#8211; Nicht der weit verbreiteste Markt den es gibt, jedoch ein sehr interessanter und unterhaltsamer Markt. Dieser Markt kann mit gen\u00fcgend Recherchen zum Vorteil genutzt werden.<\/li><\/ul>\n\n\n\n<p>Alle M\u00e4rkte, die wir hier aufgelistet haben, sind die h\u00e4ufigsten, die du auf League of Legends-Wetten vorfinden wirst. Wenn du also mit deiner Recherche beginnst, solltest du versuchen, nach diesen M\u00e4rkten Ausschau zu halten. Wenn du das Spiel verstanden hast und wei\u00dft, was du tust, dann hast du einen automatischen Vorteil.<\/p>\n\n\n\n<p>Mit der Zeit werden deine Recherchen und dein Wissen \u00fcber League of Legends immer besser. Die Hintergrundarbeit, die du leistest, wird sich auf lange Sicht auszahlen. Deine monatelangen oder jahrelangen Daten solltest du irgendwo dokumentieren. Hierf\u00fcr k\u00f6nnte sich unsere Wett-Tracker eignen.&nbsp;<\/p>\n\n\n\n<p>Mit unserem Wett-Tracker kannst du gewisse Muster und Trends feststellen, die dir einen Vorteil verschaffen k\u00f6nnen. Unparteiisch und neutral gegen\u00fcber allen Mannschaften und Spielern zu sein, wird dir auf lange Sicht auch helfen. Solltest du ein Fan einer Mannschaft oder einem Spieler sein oder irgendeine emotionale Bindung zu einer Mannschaft haben, solltest du auf diese Spiele nicht wetten, es sei denn, du betrachtest die Gewinnchancen nur aus der Datenperspektive. Dies ist sehr wichtig f\u00fcr Spieler, die gerade erst anfangen, auf League of Legends zu wetten.<\/p>\n\n\n\n<h3 class=\"wp-block-heading\">Wie kann ich mich bei meinen League of Legends-Wetten verbessern?<\/h3>\n\n\n\n<p>Es gibt einige Dinge, die wichtig sind, um ein besserer Wett-Spieler zu werden, und wir hoffen, dass dieser League of Legends-Guide dir einige Fragen beantwortet hat. Wir versuchen, die wichtigsten Grundlagen zu vermitteln, die es dir erm\u00f6glichen werden, verantwortungsbewusst und profitabel zu wetten.&nbsp;<\/p>\n\n\n\n<p>Um ein erfolgreicher Spieler zu werden, muss beachtet werden, dass die Schl\u00fcsselelemente, wie die Auswahl eines Buchmachers, das Verst\u00e4ndnis der M\u00e4rkte und Gewinnchancen und die Entwicklung einer Strategie, die deine Bed\u00fcrfnisse und Wettgewohnheiten bestm\u00f6glich entsprechen, nicht missachtet werden. Wenn du von Anfang an lernst, die Dinge richtig anzugehen, wirst du und deine Wettaktivit\u00e4ten erfolgreich sein.<\/p>\n\n\n\n<p>League of Legends-Wetten heben sich nicht von anderen Sportarten ab. Aus diesem Grund ist das Erlernen der Grundlagen von Wettstrategien von hohem Wert.&nbsp;<\/p>\n\n\n\n<p>Wenn du am \u00fcberlegen bist, welche Wettinformation du dir noch einholen willst, kannst du jederzeit unsere Wett-Universit\u00e4t aufsuchen. Hier findest du eine gro\u00dfe Datenbank an informativen Artikeln, die auf das Wetten ausgerichtet sind.<\/p>\n\n\n\n<p>Bei Betting.com ist es unser Ziel, dir und allen anderen Benutzern alle unsere Tools und Informationen, die dir m\u00f6glicherweise weiterhelfen, um ein erfolgreicher Spieler zu werden, zur Verf\u00fcgung zu stellen.&nbsp;<\/p>\n\n\n\n<p>Es ist egal, ob du ein erfahrener Wett-Spieler bist oder ein Neuling, wir geben jeden Tag unser Bestes, um dir zu helfen, indem wir alles teilen, was wir \u00fcber Wetten wissen. Wir hoffen aufrichtig, dass dir dieser League of Legends-Guide gefallen hat und du eventuell etwas davon gelernt hast. Wenn du weitere Wett-Artikel lesen m\u00f6chtest, solltest du dir unbedingt unsere Wett-Universit\u00e4t ansehen.<\/p>\n\n\t\t<\/article>\n\t\t<div class=\"lg:w-[300px] lg:flex-shrink-0 relative\" x-data=\"{show_toc: false}\">\n\t\t\t<div class=\"lg:sticky lg:top-4 z-30\">\n\t\t\t\t<div class=\"fixed -top-64 left-0 w-full z-50 lg:static transition-all hidden lg:block\" id=\"fixed-toc\">\n\t\t\t\t\t<div>\n\t\t\t\t<div\n\t\t\tclass=\"max-lg:fixed max-lg:top-0 max-lg:left-0 max-lg:w-screen max-lg:h-screen max-lg:bg-gray-70 max-lg:bg-opacity-75 max-lg:hidden\"\n\t\t\t:class=\"{'max-lg:hidden': !show_toc}\"\n\t\t\t@click=\"show_toc = false\"\n\t\t>\n\t\t\t<div class=\"max-lg:absolute max-lg:bottom-0 max-lg:left-0 max-lg:w-screen bg-white lg:bg-transparent\">\n\t\t\t\t\t\t\t\t\t\t\t<\/div>\n\t\t<\/div>\n\t<\/div>\n\t\t\t\t\t<\/div>\n\t\t\t<\/div>\n\t\t<\/div>\n\t<\/div>\n<\/div>\n\t<\/div>\n<\/div>\n\n","protected":false},"excerpt":{"rendered":"","protected":false},"author":31,"featured_media":0,"parent":0,"menu_order":0,"comment_status":"closed","ping_status":"closed","template":"","meta":{"footnotes":""},"tags":[],"acf":[],"_links":{"self":[{"href":"https:\/\/betting.com\/de\/wp-json\/wp\/v2\/pages\/1011"}],"collection":[{"href":"https:\/\/betting.com\/de\/wp-json\/wp\/v2\/pages"}],"about":[{"href":"https:\/\/betting.com\/de\/wp-json\/wp\/v2\/types\/page"}],"author":[{"embeddable":true,"href":"https:\/\/betting.com\/de\/wp-json\/wp\/v2\/users\/31"}],"replies":[{"embeddable":true,"href":"https:\/\/betting.com\/de\/wp-json\/wp\/v2\/comments?post=1011"}],"version-history":[{"count":3,"href":"https:\/\/betting.com\/de\/wp-json\/wp\/v2\/pages\/1011\/revisions"}],"predecessor-version":[{"id":6242,"href":"https:\/\/betting.com\/de\/wp-json\/wp\/v2\/pages\/1011\/revisions\/6242"}],"wp:attachment":[{"href":"https:\/\/betting.com\/de\/wp-json\/wp\/v2\/media?parent=1011"}],"wp:term":[{"taxonomy":"post_tag","embeddable":true,"href":"https:\/\/betting.com\/de\/wp-json\/wp\/v2\/tags?post=1011"}],"curies":[{"name":"wp","href":"https:\/\/api.w.org\/{rel}","templated":true}]}}