{"id":101,"date":"2022-06-15T11:57:31","date_gmt":"2022-06-15T11:57:31","guid":{"rendered":"https:\/\/betting.com\/de\/?page_id=101"},"modified":"2023-08-02T12:31:08","modified_gmt":"2023-08-02T12:31:08","slug":"tipps","status":"publish","type":"page","link":"https:\/\/betting.com\/de\/eishockey\/tipps","title":{"rendered":"Eishockey Wett Tips"},"content":{"rendered":"<div class=\" container-white py-8\">\n\t<div class=\"wp-block-container-toc  \">\n\t\t\t<div class=\"bg-white\">\n\t<div class=\"flex flex-col-reverse lg:flex-row lg:gap-8 py-10\">\n\t\t<article class=\"max-w-[960px] flex-grow\" data-bt-content>\n\t\t\t\n<h2 class=\"wp-block-heading\" id=\"eishockey-wett-tipps-fur-die-heutigen-veranstaltungen\">Eishockey-Wett Tipps f\u00fcr die heutigen Veranstaltungen<\/h2>\n\n\n\n<p>Erhalten Sie kostenlose Eishockey-Wett-Tipps f\u00fcr alle gro\u00dfen Ligen &#8211; NHL, KHL, EIHL und SHL. Unsere Eishockey-Wett-Tipps werden von erfahrenen Tipstern bereitgestellt, die alles \u00fcber Eishockey wissen und die Ihnen helfen werden, \u00f6fter zu gewinnen. Die Wett-Tipps sind alle verifiziert und werden in der Regel mit einer ausf\u00fchrlichen Analyse geliefert.<\/p>\n\n\n\n<h2 class=\"wp-block-heading\" id=\"fur-welche-eishockey-ligen-und-veranstaltungen-bieten-wir-tipps\">F\u00fcr welche Eishockey-Ligen und -Veranstaltungen bieten wir Tipps?<\/h2>\n\n\n\n<p>Wir haben nat\u00fcrlich Eishockey-Wett-Tipps f\u00fcr die NHL, einschlie\u00dflich aller wichtigen Spiele in den USA und in Kanada bis hin zum Stanley Cup. Hier finden Sie w\u00e4hrend der gesamten Saison Tipps f\u00fcr die NHL, einschlie\u00dflich der Playoffs, auf die Sie NHL-Wetten abgeben k\u00f6nnen.<\/p>\n\n\n\n<p>Wir bieten auch Wett-Tipps f\u00fcr die Kontinentale Hockey-Liga, auch einfach nur die KHL genannt. Bei der Vielleicht interessieren Sie sich bei Ihrer Suche nach Wetten auch f\u00fcr die Schwedische Hockey-Liga (SHL) und die Britische Elite-Liga (EIHL) \u2013 beide sind ebenfalls abgedeckt.<\/p>\n\n\n\n<h2 class=\"wp-block-heading\" id=\"eishockey-wett-tipps-eishockey-prognosen\">Eishockey-Wett-Tipps: Eishockey-Prognosen<\/h2>\n\n\n\n<p>Eishockey ist nicht von so globaler Bedeutung wie Fu\u00dfball, Tennis oder Basketball und zieht daher nicht das gleiche Wettinteresse auf sich. Allerdings ist es eine Sportart, die in k\u00e4lteren Regionen, wie Kanada, Nordamerika und Nordeuropa, an Popularit\u00e4t gewinnt, sodass die Eishockey-Wettindustrie prim\u00e4r in diesen Regionen vorzufinden ist.&nbsp;<\/p>\n\n\n\n<p>Was Sportfans (die in diesen Regionen leben) zu diesem Sport hinzieht, ist sein schnelles Gameplay (Eishockey ist bekannt als das \u201eschnellste Spiel der Welt\u201c) und sein k\u00f6rperbetontes Spiel. Aus den gleichen Gr\u00fcnden ist die Sportart auch bei den Spielern beliebt. Viele Buchmacher in der Branche sind sich zwar der Grenzen der Wettindustrie bewusst, haben es aber auch geschafft, Potenzial in seiner Nischenpopularit\u00e4t zu sehen, da viele von ihnen gute Eishockey-Quoten und Eishockey-Wett-Tipps anbieten m\u00fcssen.<\/p>\n\n\n\n<h2 class=\"wp-block-heading\" id=\"wann-erhalten-sie-tipps-fur-eishockey-wetten\">Wann erhalten Sie Tipps f\u00fcr Eishockey-Wetten?<\/h2>\n\n\n\n<p>Die National Hockey League l\u00e4uft von Oktober bis Juni, daher ist diese Seite in diesem Zeitraum voll mit den beliebtesten NHL-Wett-Tipps. Sowohl die britische Elite-Liga als auch die schwedische Hockey-Liga laufen von September bis April, w\u00e4hrend die KHL von August bis April l\u00e4uft.&nbsp;<\/p>\n\n\n\n<p>Das bedeutet, dass es f\u00fcr elf der zw\u00f6lf Monate des Jahres Eishockey-Wettprognosen gibt, auf die Sie eine Wette abgeben k\u00f6nnen! Wir berichten sowohl \u00fcber die regul\u00e4re Saison als auch \u00fcber alle Playoff-Spiele in den genannten Ligen und geben Ihnen ferner Tipps f\u00fcr Wetten auf Eishockeyspiele.<\/p>\n\n\n\n<h2 class=\"wp-block-heading\" id=\"so-konnen-sie-auf-die-nhl-wetten\">So k\u00f6nnen Sie auf die NHL wetten<\/h2>\n\n\n\n<p>Sie ben\u00f6tigen zun\u00e4chst ein Guthaben auf einem Konto bei einem Buchmacher aus dem Portfolio von Betting.com. Am besten melden Sie sich dazu bei einem der hier verifizierten Buchmacher an, der kostenlose Wetten anbietet. Sie k\u00f6nnen die besten Angebote von allen Top-Buchmachern auf unserer Seite f\u00fcr kostenlose Wetten vergleichen.&nbsp;<\/p>\n\n\n\n<p>Wenn es um das Wetten auf das Spiel selbst geht, m\u00f6chten Sie sicher informiert werden. Unsere NHL-Wetten werden von Branchenexperten nach einer ausf\u00fchrlichen Analyse von Statistiken, Form und externen Faktoren ausgew\u00e4hlt. Sie k\u00f6nnen diese Tipps auch um Ihr eigenes Wissen erg\u00e4nzen. In diesem Fall gibt es einige Faktoren, die Sie ber\u00fccksichtigen k\u00f6nnen.<\/p>\n\n\n\n<h2 class=\"wp-block-heading\" id=\"leitfaden-mit-eishockey-wett-tipps\">Leitfaden mit Eishockey-Wett-Tipps<\/h2>\n\n\n\n<p>In erster Linie k\u00f6nnen Sie direkt auf den Sieg einer Mannschaft in einem Wettbewerb wetten. Sie k\u00f6nnten zum Beispiel die Cardiff Devils unterst\u00fctzen, um die Champions Hockey League mit den neuesten Tipps und Quoten f\u00fcr Eishockey-Wetten zu gewinnen.<\/p>\n\n\n\n<p>Die Eishockey-Weltmeisterschaft ist die gr\u00f6\u00dfte j\u00e4hrliche Veranstaltung, bei der die besten internationalen Teams um die Vorherrschaft k\u00e4mpfen.<\/p>\n\n\n\n<p>Eishockey ist auch bei den Olympischen Winterspielen ein herausragendes Ereignis, aber die Spieler m\u00fcssen auf ihre Eishockey-Wett-Tipps lange warten, da sie nur alle vier Jahre stattfinden.<\/p>\n\n\n\n<h2 class=\"wp-block-heading\" id=\"welche-art-von-eishockey-wett-tipps-finde-ich-auf-der-betting-com-website\">Welche Art von Eishockey-Wett-Tipps finde ich auf der Betting.com Website?<\/h2>\n\n\n\n<p>Wir von Betting.com sind stets bestrebt, das Wetten von Spielern profitabel zu machen und den Service der Tipster einfacher und transparenter zu gestalten. Aus diesem Grund haben wir verschiedene hilfreiche Wett-Tools entwickelt, die wir t\u00e4glich verbessern. Unser Wett-Tipp-Bereich ist der Ort, an dem beide Seiten miteinander kommunizieren und ihre Kr\u00e4fte b\u00fcndeln k\u00f6nnen, um die Buchmacher zu schlagen.&nbsp;<\/p>\n\n\n\n<p>In diesem Bereich d\u00fcrfen die Tipster sowohl kostenlose als auch bezahlte Tipps abgeben. Wenn ein Spieler sich jedoch daf\u00fcr entscheidet, bezahlte Tipps in Anspruch zu nehmen, kann er sicher sein, dass die zahlungspflichtigen Tipster durch eine zus\u00e4tzliche Sicherheits\u00fcberpr\u00fcfung verifiziert werden.<\/p>\n\n\n\n<p>In unserem Bereich f\u00fcr Wett-Tipps k\u00f6nnen Sie Eishockey-Wett-Tipps f\u00fcr die verschiedensten M\u00e4rkte nutzen, die folgenden M\u00e4rkte sind jedoch die beliebtesten:<\/p>\n\n\n\n<ul><li>Geldlinie<\/li><li>Gewinner einschlie\u00dflich Spielverl\u00e4ngerung<\/li><li>Ziele &#8211; Unter\/\u00dcber<\/li><li>Behinderungen<\/li><li>Ergebnis innerhalb eines bestimmten Zeitraums<\/li><li>Mannschaft erzielt den ersten Treffer<\/li><li>Zeit des 1. Spielstandes<\/li><li>Wettlauf zu 3 Zielen<\/li><li>Gewinnmarge<\/li><li>Korrektes Ergebnis<\/li><li>H\u00f6chste Wertungsperiode und viele andere<\/li><\/ul>\n\n\n\n<p>Um langfristig ein erfolgreicher Anbieter von Eishockey-Wetten zu sein, sollten Ihre Kenntnisse der Eishockey-Wettm\u00e4rkte mit Ihrer Wettstrategie Hand in Hand gehen. Eine Wettstrategie ist einzigartig, was Spielwissen und Intuition anbelangt.&nbsp;<\/p>\n\n\n\n<p>Zur Erarbeitung einer Wettstrategie sollten Sie zun\u00e4chst damit beginnen, sich \u00fcber alle aktuellen Nachrichten rund um die beteiligten Teams, das Spiel und die Liga\/das Turnier, auf die Sie wetten m\u00f6chten, auf dem Laufenden zu halten.<\/p>\n\n\t\t<\/article>\n\t\t<div class=\"lg:w-[300px] lg:flex-shrink-0 relative\" x-data=\"{show_toc: false}\">\n\t\t\t<div class=\"lg:sticky lg:top-4 z-30\">\n\t\t\t\t<div class=\"fixed -top-64 left-0 w-full z-50 lg:static transition-all hidden lg:block\" id=\"fixed-toc\">\n\t\t\t\t\t<div>\n\t\t\t\t<div class=\"border-b border-solid border-gray-30 text-lg font-bold lg:pt-7 max-lg:px-4 py-3 flex items-center justify-between bg-white lg:bg-transparent\">\n\t\t\tWas gibt es auf dieser Seite\n\t\t\t<button @click=\"show_toc = true\" class=\"btn btn-red-outline-white block lg:hidden\">Jump to<\/button>\n\t\t<\/div>\n\t\t\t\t<div\n\t\t\tclass=\"max-lg:fixed max-lg:top-0 max-lg:left-0 max-lg:w-screen max-lg:h-screen max-lg:bg-gray-70 max-lg:bg-opacity-75 max-lg:hidden\"\n\t\t\t:class=\"{'max-lg:hidden': !show_toc}\"\n\t\t\t@click=\"show_toc = false\"\n\t\t>\n\t\t\t<div class=\"max-lg:absolute max-lg:bottom-0 max-lg:left-0 max-lg:w-screen bg-white lg:bg-transparent\">\n\t\t\t\t\t\t\t\t<div class=\"flex lg:hidden items-center justify-between mx-4 border-b border-solid border-gray-30 pt-6 pb-2 font-bold\">\n\n\t\t\t\t\tAuf dieser Seite\n\t\t\t\t\t<button @click=\"show_toc = false\">\n\t\t\t\t\t\t<svg class=\"w-5 h-5 text-gray-100\" xmlns=\"http:\/\/www.w3.org\/2000\/svg\" fill=\"none\" stroke=\"currentColor\" stroke-width=\"1.5\" class=\"w-6 h-6\" viewBox=\"0 0 24 24\"><path stroke-linecap=\"round\" stroke-linejoin=\"round\" d=\"M6 18 18 6M6 6l12 12\"\/><\/svg>\t\t\t\t\t<\/button>\n\t\t\t\t<\/div>\n\t\t\t\t<ul id=\"toc\" class=\"mt-5 max-h-[85vh] overflow-y-auto list-none bt-scrollbars\">\n\n\t\t\t\t\t\t\t\t\t\t\t<li>\n\t\t\t\t\t\t\t<a href=\"#eishockey-wett-tipps-fur-die-heutigen-veranstaltungen\" data-bt-toc-item=\"eishockey-wett-tipps-fur-die-heutigen-veranstaltungen\"\n\t\t\t\t\t\t\t\t @click=\"show_toc = false\"\n\t\t\t\t\t\t\t\t class=\"block px-4 py-2 text-black border-l-4 border-solid border-transparent hover:border-red-100 transition-all hover:!border-b-0 hover:font-bold\">\nEishockey-Wett Tipps f\u00fcr die heutigen Veranstaltungen\n<\/a>\n\t\t\t\t\t\t<\/li>\n\t\t\t\t\t\t\t\t\t\t\t<li>\n\t\t\t\t\t\t\t<a href=\"#fur-welche-eishockey-ligen-und-veranstaltungen-bieten-wir-tipps\" data-bt-toc-item=\"fur-welche-eishockey-ligen-und-veranstaltungen-bieten-wir-tipps\"\n\t\t\t\t\t\t\t\t @click=\"show_toc = false\"\n\t\t\t\t\t\t\t\t class=\"block px-4 py-2 text-black border-l-4 border-solid border-transparent hover:border-red-100 transition-all hover:!border-b-0 hover:font-bold\">\nF\u00fcr welche Eishockey-Ligen und -Veranstaltungen bieten wir Tipps?\n<\/a>\n\t\t\t\t\t\t<\/li>\n\t\t\t\t\t\t\t\t\t\t\t<li>\n\t\t\t\t\t\t\t<a href=\"#eishockey-wett-tipps-eishockey-prognosen\" data-bt-toc-item=\"eishockey-wett-tipps-eishockey-prognosen\"\n\t\t\t\t\t\t\t\t @click=\"show_toc = false\"\n\t\t\t\t\t\t\t\t class=\"block px-4 py-2 text-black border-l-4 border-solid border-transparent hover:border-red-100 transition-all hover:!border-b-0 hover:font-bold\">\nEishockey-Wett-Tipps: Eishockey-Prognosen\n<\/a>\n\t\t\t\t\t\t<\/li>\n\t\t\t\t\t\t\t\t\t\t\t<li>\n\t\t\t\t\t\t\t<a href=\"#wann-erhalten-sie-tipps-fur-eishockey-wetten\" data-bt-toc-item=\"wann-erhalten-sie-tipps-fur-eishockey-wetten\"\n\t\t\t\t\t\t\t\t @click=\"show_toc = false\"\n\t\t\t\t\t\t\t\t class=\"block px-4 py-2 text-black border-l-4 border-solid border-transparent hover:border-red-100 transition-all hover:!border-b-0 hover:font-bold\">\nWann erhalten Sie Tipps f\u00fcr Eishockey-Wetten?\n<\/a>\n\t\t\t\t\t\t<\/li>\n\t\t\t\t\t\t\t\t\t\t\t<li>\n\t\t\t\t\t\t\t<a href=\"#so-konnen-sie-auf-die-nhl-wetten\" data-bt-toc-item=\"so-konnen-sie-auf-die-nhl-wetten\"\n\t\t\t\t\t\t\t\t @click=\"show_toc = false\"\n\t\t\t\t\t\t\t\t class=\"block px-4 py-2 text-black border-l-4 border-solid border-transparent hover:border-red-100 transition-all hover:!border-b-0 hover:font-bold\">\nSo k\u00f6nnen Sie auf die NHL wetten\n<\/a>\n\t\t\t\t\t\t<\/li>\n\t\t\t\t\t\t\t\t\t\t\t<li>\n\t\t\t\t\t\t\t<a href=\"#leitfaden-mit-eishockey-wett-tipps\" data-bt-toc-item=\"leitfaden-mit-eishockey-wett-tipps\"\n\t\t\t\t\t\t\t\t @click=\"show_toc = false\"\n\t\t\t\t\t\t\t\t class=\"block px-4 py-2 text-black border-l-4 border-solid border-transparent hover:border-red-100 transition-all hover:!border-b-0 hover:font-bold\">\nLeitfaden mit Eishockey-Wett-Tipps\n<\/a>\n\t\t\t\t\t\t<\/li>\n\t\t\t\t\t\t\t\t\t\t\t<li>\n\t\t\t\t\t\t\t<a href=\"#welche-art-von-eishockey-wett-tipps-finde-ich-auf-der-betting-com-website\" data-bt-toc-item=\"welche-art-von-eishockey-wett-tipps-finde-ich-auf-der-betting-com-website\"\n\t\t\t\t\t\t\t\t @click=\"show_toc = false\"\n\t\t\t\t\t\t\t\t class=\"block px-4 py-2 text-black border-l-4 border-solid border-transparent hover:border-red-100 transition-all hover:!border-b-0 hover:font-bold\">\nWelche Art von Eishockey-Wett-Tipps finde ich auf der Betting.com Website?\n<\/a>\n\t\t\t\t\t\t<\/li>\n\t\t\t\t\t\t\t\t\t<\/ul>\n\t\t\t\t\t\t\t\t\t\t\t<\/div>\n\t\t<\/div>\n\t<\/div>\n\t\t\t\t\t<\/div>\n\t\t\t<\/div>\n\t\t<\/div>\n\t<\/div>\n<\/div>\n\t<\/div>\n<\/div>\n\n","protected":false},"excerpt":{"rendered":"","protected":false},"author":6,"featured_media":490,"parent":1007,"menu_order":1000,"comment_status":"closed","ping_status":"closed","template":"","meta":{"footnotes":""},"tags":[],"acf":[],"_links":{"self":[{"href":"https:\/\/betting.com\/de\/wp-json\/wp\/v2\/pages\/101"}],"collection":[{"href":"https:\/\/betting.com\/de\/wp-json\/wp\/v2\/pages"}],"about":[{"href":"https:\/\/betting.com\/de\/wp-json\/wp\/v2\/types\/page"}],"author":[{"embeddable":true,"href":"https:\/\/betting.com\/de\/wp-json\/wp\/v2\/users\/6"}],"replies":[{"embeddable":true,"href":"https:\/\/betting.com\/de\/wp-json\/wp\/v2\/comments?post=101"}],"version-history":[{"count":4,"href":"https:\/\/betting.com\/de\/wp-json\/wp\/v2\/pages\/101\/revisions"}],"predecessor-version":[{"id":6156,"href":"https:\/\/betting.com\/de\/wp-json\/wp\/v2\/pages\/101\/revisions\/6156"}],"up":[{"embeddable":true,"href":"https:\/\/betting.com\/de\/wp-json\/wp\/v2\/pages\/1007"}],"wp:featuredmedia":[{"embeddable":true,"href":"https:\/\/betting.com\/de\/wp-json\/wp\/v2\/media\/490"}],"wp:attachment":[{"href":"https:\/\/betting.com\/de\/wp-json\/wp\/v2\/media?parent=101"}],"wp:term":[{"taxonomy":"post_tag","embeddable":true,"href":"https:\/\/betting.com\/de\/wp-json\/wp\/v2\/tags?post=101"}],"curies":[{"name":"wp","href":"https:\/\/api.w.org\/{rel}","templated":true}]}}