{"id":1009,"date":"2023-04-13T14:44:40","date_gmt":"2023-04-13T14:44:40","guid":{"rendered":"https:\/\/betting.com\/de\/?page_id=1009"},"modified":"2023-08-02T12:31:05","modified_gmt":"2023-08-02T12:31:05","slug":"esports","status":"publish","type":"page","link":"https:\/\/betting.com\/de\/esports","title":{"rendered":"Vollst\u00e4ndige Anleitung f\u00fcr eSports Wetten"},"content":{"rendered":"<div class=\" container-white py-8\">\n\t<div class=\"wp-block-container-toc  \">\n\t\t\t<div class=\"bg-white\">\n\t<div class=\"flex flex-col-reverse lg:flex-row lg:gap-8 py-10\">\n\t\t<article class=\"max-w-[960px] flex-grow\" data-bt-content>\n\t\t\t\n<p>Die Digitalisierung hat auch den Sport l\u00e4ngst erfasst und es ist mittlerweile klar, dass dieser Trend nicht mehr umkehrbar ist. Seit \u00fcber 20 Jahren gibt es Computerspiele inzwischen und seitdem immer mehr Menschen schnelles Internet zur Verf\u00fcgung steht, ist es auch nicht weiter verwunderlich, dass es inzwischen internationale Online-Turniere gibt.<\/p>\n\n\n\n<p>Dadurch entstehen nat\u00fcrlich zahlreiche M\u00f6glichkeiten um eSports-Wetten abzuschlie\u00dfen und damit Geld zu gewinnen. Wir verraten Ihnen alles, was es \u00fcber eSports und eSports-Wetten zu wissen gibt.<\/p>\n\n\n\n<h2 class=\"wp-block-heading\" id=\"die-spiele\">Die Spiele<\/h2>\n\n\n\n<p>eSports ist ein \u00dcberbegriff f\u00fcr alle digitalen Spiele, die als Wettkampf betrieben werden. Zwar gibt es inzwischen insgesamt tausende verschiedene Videospiele, aber nur wenige davon werden derzeit ausreichend professionell betrieben und medial verfolgt, um wirklich von professionellen eSports zu sprechen.<\/p>\n\n\n\n<p>Da ein gewisses Ma\u00df an Professionalit\u00e4t f\u00fcr eSports-Wetten notwendig ist, werden diese eSports-Wetten eben leider derzeit noch immer nur f\u00fcr wenige Spiele angeboten. <\/p>\n\n\n\n<p>Dass regul\u00e4re Buchmacher eSports nun aber \u00fcberhaupt in ihr Portfolio aufnehmen, zeigt deutlich, dass hier ein Trend vorhanden ist und dass in der Zukunft bestimmt immer mehr Spiele dazukommen werden.<\/p>\n\n\n\n<p>Das Ganze ist im \u00dcbrigen ein sich selbst verst\u00e4rkender Effekt. Denn je mehr Spiele die Buchmacher f\u00fcr eSports-Wetten aufnehmen, desto breiter wird die Bekanntheit und Akzeptanz von eSports in der Bev\u00f6lkerung \u2013 und das f\u00fchrt wiederum zu mehr Spielern, die auch mit neuen Spielen professionell durchstarten. <\/p>\n\n\n\n<p>Wir wollen Ihnen die aktuell beliebtesten eSports-Spiele vorstellen, damit Sie einen \u00dcberblick \u00fcber die derzeitigen M\u00f6glichkeiten bei eSports-Wetten haben.<\/p>\n\n\n\n<p><strong>Counter-Strike<\/strong><\/p>\n\n\n\n<p>Ein seit vielen Jahren bekanntes Spiel ist Counter-Strike, kurz CS. Die aktuelle Version \u201eCounter-Strike:Global-Offensive\u201c (\u201eCS:GO\u201c) wurde 2012 ver\u00f6ffentlicht und ist die derzeit \u00fcberwiegend gespielte Version des Spiels. Bei Counter-Strike treten zwei Teams \u00e1 f\u00fcnf Spieler gegeneinander an.<\/p>\n\n\n\n<p>Es handelt sich dabei um einen taktischen Ego-Shooter. Counter-Strike erfordert von den Spielern ein hohes Ma\u00df an Geschwindigkeit, Reaktionsverm\u00f6gen und Teamkoordination. Counter-Strike war lange Zeit der bekannteste und verbreitetste Ego-Shooter. In den letzten Jahren wurde die Vormachtstellung von Counter-Strike allerdings durch \u201ePlayUnknown\u2019s Battleground\u201c, \u201eFortnite\u201c und \u201eCall Of Duty\u201c abgel\u00f6st.<\/p>\n\n\n\n<p><strong>Dota2<\/strong><\/p>\n\n\n\n<p>Das legend\u00e4re Spiel Dota wurde als Custom-Mode im Spiel Warcraft3 erfunden und 2013 von Valve auf Steam adaptiert. Seither wird es \u00fcber Steam kostenlos angeboten. Dota2 ist international sehr beliebt und z\u00e4hlt seit langem zu einem der meistgespielten Spiele weltweit. <\/p>\n\n\n\n<p>Dota2 hat dem eSports insgesamt einen enormen Vorsto\u00df gebracht, weil seit seiner Einf\u00fchrung bei der Weltmeisterschaft sehr hohe Preisgelder ausgesch\u00fcttet werden. Finanziert werden die Preispools durch die Spieler, die im Vorfeld einen so genannten \u201eBattle-Pass\u201c kaufen k\u00f6nnen, der ihnen bestimmte Specials, wie ein besonderes Aussehen der Charaktere, bringt.<\/p>\n\n\n\n<p>Dabei geht jeweils die H\u00e4lfte der Kosten f\u00fcr einen Battle-Pass in den Preisgeld-Topf, was in den letzten Jahren zu konstant wachsenden Preisgeldern von bis zu 30 Millionen Euro gef\u00fchrt hat. <\/p>\n\n\n\n<p>Durch diese erstmalig sehr hohen Preisgelder im eSports-Bereich wurde dessen Akzeptanz international gef\u00f6rdert und immer mehr Menschen sehen eSports nicht nur als Randerscheinung und Keller-T\u00e4tigkeit an. Insbesondere in China sind Videospiele seit jeher sehr beliebt und asiatische Teams sind im internationalen Wettkampf seit Jahren vorn mit dabei.<\/p>\n\n\n\n<p>Bei Dota2 treten ebenfalls jeweils f\u00fcnf Spieler als Team gegeneinander an. Dabei kontrolliert jeder Spieler einen einzigartigen Helden und es erfordert viel taktisches Geschick und Teamkoordination, um die F\u00e4higkeiten der einzelnen Helden miteinander zu kombinieren und die Gegner so zu bezwingen. Ein Dota2-Spiel dauert durchschnittlich ca. 60 Minuten, wobei sich Spiele manchmal auch schon in den ersten 30 Minuten entscheiden k\u00f6nnen.<\/p>\n\n\n\n<p><strong>League of Legends<\/strong><\/p>\n\n\n\n<p>League of Legends ist Dota2 sehr \u00e4hnlich und trotz teilweise schw\u00e4cheren Bewertungen weiterhin international sehr beliebt und bei eSports-Turnieren stets vertreten. Allerdings mangelt es League of Legends teilweise an professionellem Management und Marketing. <\/p>\n\n\n\n<p>Dennoch scheint kein Ende in Sicht zu sein, da nach wie vor Millionen von Spielern League of Legends gern spielen und sich das K\u00f6nnen der Profis auch bei diesem Spiel auf einem extrem hohen Niveau befindet.<\/p>\n\n\n\n<p><strong>Fortnite<\/strong><\/p>\n\n\n\n<p>Fortnite ist ein Koop-Survival-Spiel und eines der verr\u00fccktesten Spiele der letzten Jahre. Wenn Sie ein Fortnite-Spiel zum ersten Mal sehen, werden Sie kaum etwas davon verstehen, weil Fortnite-Profis viel zu schnell sind, als dass Sie irgendwie mitkommen k\u00f6nnten.<\/p>\n\n\n\n<p>Die Spieler treten hier in Arenen mit 100 Spielern gegeneinander an, wobei es nur einen Sieger geben kann. W\u00e4hrend des Spiels k\u00f6nnen die Spieler Rohstoffe sammeln, Konstruktionen errichten und sich nat\u00fcrlich gegenseitig umbringen. Insbesondere die Aspekte Rohstoffsammeln und Errichten von Konstruktionen bringt Fortnite eine Art Alleinstellungsmerkmal.<\/p>\n\n\n\n<p><strong>eSoccer<\/strong><\/p>\n\n\n\n<p>Viele von Ihnen werden die Videospiele kennen, bei denen echte Sportarten simuliert und nachgespielt werden. Diese Art der Videospiele hat eine lange Tradition und die neuste Generation dieser Spiele werden auf der ganzen Welt professionell gespielt und es gibt zunehmend mehr Turniere f\u00fcr diese Spiele. <\/p>\n\n\n\n<p>Bei eSoccer handelt es sich um eine Fu\u00dfball-Simulation, deren Turniere professionell ausgetragen werden.<\/p>\n\n\n\n<p><strong>Starcraft II<\/strong><\/p>\n\n\n\n<p>Starcraft II ist das letzte Spiel das wir Ihnen vorstellen m\u00f6chten, aber bei weitem nicht das unwichtigste. Starcraft II ist das derzeit einzige Aufbau-Strategie-Spiel, dass international und professionell gespielt wird. <\/p>\n\n\n\n<p>Es handelt sich dabei um einen vergleichsweise alten Titel von Blizzard, der bereits 2010 ver\u00f6ffentlicht wurde. <\/p>\n\n\n\n<p>Allerdings werden nach wie vor neue Inhalt-Patches von Blizzard ver\u00f6ffentlicht, sodass ein Ende der Starcraft-II-\u00c4ra nicht absehbar ist. Auf jeden Fall k\u00f6nnen Sie heute noch immer eSport-Wetten auf Starcraft-II-Spiele abschlie\u00dfen.<\/p>\n\n\n\n<h2 class=\"wp-block-heading\" id=\"die-besonderheiten-von-esports\">Die Besonderheiten von eSports<\/h2>\n\n\n\n<p>Auch wenn eSports zunehmend als Sport akzeptiert wird, muss man sich nat\u00fcrlich eingestehen, dass es grundlegende Unterschiede zwischen herk\u00f6mmlichen Sportarten und eSports gibt \u2013 das sollten Sie bei eSports-Wetten nie vergessen.<\/p>\n\n\n\n<p>Eine der wichtigsten Besonderheiten ist die, dass die Spieler ohne Probleme digital von Zuhause aus gegeneinander antreten k\u00f6nnen und sich daf\u00fcr nicht physisch treffen m\u00fcssen. Dabei sollten Sie aber wissen, dass sich die Teams dennoch h\u00e4ufig im echten Leben treffen \u2013 denn hier wurde erkannt, dass das f\u00fcr professionelles Team-Building nach wie vor entscheidend ist.<\/p>\n\n\n\n<p>Au\u00dferdem werden gro\u00dfe Turniere heute immer vor Ort veranstaltet. Dabei sitzen sich die zwei Teams dann meist in abgeriegelten R\u00e4umen gegen\u00fcber. Spannend ist hier, dass immer mehr Menschen Live zu diesen Turnieren str\u00f6men und es die Top-Teams geschafft haben, gro\u00dfe Fangemeinden aufzubauen. <\/p>\n\n\n\n<p>Dennoch ist es nat\u00fcrlich auch hier, wie bei anderen Sportarten, so, dass die meisten Spieler die Spiele digital von Zuhause aus verfolgen.<\/p>\n\n\n\n<p>Wir hoffen, dass Sie inzwischen verstanden haben, dass es sich bei eSports schon lange nicht mehr um eine unbedeutende Randerscheinung handelt. eSports ist schon heute f\u00fcr viele junge Menschen von zentraler Bedeutung und die Tendenz ist dabei stark steigend.<\/p>\n\n\n\n<p>Die zunehmende Professionalisierung hat dazu gef\u00fchrt, dass die st\u00e4rksten Teams heute immer besser unterst\u00fctzt werden und professionelle Trainer und Ern\u00e4hrungsberater an ihrer Seite haben. Denn auch beim eSports zeigt sich, dass gute Ern\u00e4hrung und richtiges Training zum Erfolg f\u00fchren k\u00f6nnen.<\/p>\n\n\n\n<p>Eine weitere Besonderheit von eSports ist die, dass sich eSports sehr schnell weiterentwickelt \u2013 ganz im Gegensatz zu herk\u00f6mmlichen Sportarten wie Fu\u00dfball, welche seit Jahren mehr oder weniger gleich ablaufen und lediglich kleine \u00c4nderungen innerhalb der Ligen bez\u00fcglich des Qualifikationssystems vorgenommen werden.<\/p>\n\n\n\n<p>Bei eSports-Spielen werden sehr h\u00e4ufig neue Patches mit neuen Funktionen eingef\u00fchrt, die das Spiel teilweise grundlegend umkrempeln und von den Spielern ein hohes Ma\u00df an Flexibilit\u00e4t und Umdenkungsverm\u00f6gen erfordern.<\/p>\n\n\n\n<p>Wenn Sie sich heute ein Spiel Dota2 anschauen und dasselbe in zwei Jahren noch einmal machen, dann werden Sie zwar mit Gl\u00fcck immer noch dasselbe Spiel und ein paar gleiche Charaktere erkennen, aber die Spielmechanik kann sich in der Zwischenzeit viermal ge\u00e4ndert haben und es kann sein, dass eine Reihe neuer Helden ganz neue Kombinationsm\u00f6glichkeiten f\u00fcr die Teams geschaffen hat.<\/p>\n\n\n\n<p>Spannend ist au\u00dferdem, dass etablierte Sportvereine, wie der FC Bayern M\u00fcnchen oder der FC Schalke 04, mittlerweile zunehmend eigene eSports-Teams ins Leben gerufen haben. <\/p>\n\n\n\n<p>Die Vereine erhoffen sich dadurch einen Image-Gewinn und au\u00dferdem wollen die gro\u00dfen Vereine hier nicht den Anschluss an einen schnell wachsenden Markt verlieren. Ausgestattet mit viel Geld k\u00f6nnen es sich diese Teams leisten, gute Spieler oder bestehende Teams f\u00fcr sich zu verpflichten.<\/p>\n\n\n\n<p>Die Vereine kommen hier allerdings bislang an ihre Grenzen und m\u00fcssen auf diesem neuen Gebiet noch einiges lernen. Dasselbe gilt auch f\u00fcr Sie, wenn Sie ernsthaft bei eSports-Wetten einsteigen m\u00f6chten.<\/p>\n\n\n\n<h2 class=\"wp-block-heading\" id=\"allgemeine-tipps-fur-esports-wetten\">Allgemeine Tipps f\u00fcr eSports-Wetten<\/h2>\n\n\n\n<p>Damit Sie bei eSports-Wetten erfolgreich sein k\u00f6nnen, sollten Sie sich auf ein Spiel konzentrieren und dieses auf jeden Fall auch selbst einmal spielen. Machen Sie sich mit der Spielmechanik vertraut und sehen Sie sich parallel immer wieder professionelle Spiele an. <\/p>\n\n\n\n<p>Zum einen k\u00f6nnen Sie dabei etwas f\u00fcr Ihr eigenes Spiel lernen und au\u00dferdem werden Sie durch das eigene Spielen, die Handlungen der Profis zunehmend besser verstehen.<\/p>\n\n\n\n<p>Wenn Sie die Grundprinzipien des Spiels verstanden haben, werden Sie die einzelnen Spieler und Teams sowie deren St\u00e4rken und Schw\u00e4chen kennen lernen.<\/p>\n\n\n\n<p>Wenn Sie ausgestattet mit diesem Basiswissen anfangen, konsequent Spiele zu verfolgen und das aktuelle Leistungsniveau der Teams korrekt einsch\u00e4tzen k\u00f6nnen, werden Sie mit eSports-Wetten bares Geld gewinnen k\u00f6nnen. Denn Buchmacher vernachl\u00e4ssigen diesen Bereich nach wie vor, auch wenn sie mittlerweile eSports-Wetten anbieten.<\/p>\n\n\n\n<p>Nutzen Sie die Gunst der Stunde und schlagen Sie den Buchmachern bei eSports-Wetten ein Schnippchen. Mit fundiertem Insider-Wissen werden Sie die Prognosen der Buchmacher \u00fcbertreffen und mit ein paar wohl platzierten Value-Wetten k\u00f6nnen sie so schnell und sicher Geld abstauben.<\/p>\n\n\n\n<p>Dabei sollten Sie allerdings auf keinen Fall ungeduldig sein und gleich zu Beginn anfangen, gro\u00dfe Wetten abzuschlie\u00dfen, denn wenn Sie die Dynamik der eSports-Szene nicht kennen, dann verstehen Sie auch nicht, dass hier immer wieder unbekannte und neue Teams aus dem Nichts heraus ein Turnier an sich rei\u00dfen k\u00f6nnen.<\/p>\n\n\n\n<p>Sie sollten bei eSports-Wetten also auch immer einen Blick auf die unbekannten Nachwuchstalente werfen. Sollte es einer Ihrer Favoriten dann einmal in die Qualifikation f\u00fcr eine Weltmeisterschaft schaffen, k\u00f6nnen Sie von guten Quoten profitieren und auf diese setzen und mit etwas Gl\u00fcck hoch gewinnen.<\/p>\n\n\n\n<p>G\u00f6nnen Sie sich auf jeden Fall den Spa\u00df, die Spiele zu verfolgen, auf die Sie tippen. Bei eSports ist das sehr einfach, da in der Regel alle Spiele mit einer kleinen Zeitverz\u00f6gerung von wenigen Minuten kostenlos online \u00fcbertragen werden.<\/p>\n\n\n\n<h2 class=\"wp-block-heading\" id=\"fazit\">Fazit<\/h2>\n\n\n\n<p>Wir hoffen, dass wir Ihnen zeigen konnten, dass es sich bei eSports um ein zunehmend professioneller werdendes Umfeld handelt, bei dem auch immer h\u00f6here Preisgelder ausgesch\u00fcttet werden.<\/p>\n\n\n\n<p>Mit eSports-Wetten k\u00f6nnen Sie schon heute Teil an diesem wachsenden Markt haben und gute Gewinne erzielen, wenn Sie sich ein bisschen auskennen oder Gl\u00fcck haben.<\/p>\n\n\n\n<p>Da auch das Gehalt der eSports-Spieler immer weiter ansteigt, str\u00f6men immer mehr junge Menschen in diesen Bereich und es ist zu erwarten, dass sich in den kommenden Jahren noch mehr professionelle Ligen etablieren und sich der Kampf deutlich intensiviert.<\/p>\n\n\n\n<p>Insbesondere Asien hat derzeit im Bereich eSports die Nase vorn, da dort eSports schon lange gesellschaftlich akzeptiert ist. Es bleibt spannend zu sehen, wie sich das internationale Umfeld ver\u00e4ndert, wenn eSports auch in den alten Industrienationen endlich akzeptiert wird.<\/p>\n\n\t\t<\/article>\n\t\t<div class=\"lg:w-[300px] lg:flex-shrink-0 relative\" x-data=\"{show_toc: false}\">\n\t\t\t<div class=\"lg:sticky lg:top-4 z-30\">\n\t\t\t\t<div class=\"fixed -top-64 left-0 w-full z-50 lg:static transition-all hidden lg:block\" id=\"fixed-toc\">\n\t\t\t\t\t<div>\n\t\t\t\t<div class=\"border-b border-solid border-gray-30 text-lg font-bold lg:pt-7 max-lg:px-4 py-3 flex items-center justify-between bg-white lg:bg-transparent\">\n\t\t\tWas gibt es auf dieser Seite\n\t\t\t<button @click=\"show_toc = true\" class=\"btn btn-red-outline-white block lg:hidden\">Jump to<\/button>\n\t\t<\/div>\n\t\t\t\t<div\n\t\t\tclass=\"max-lg:fixed max-lg:top-0 max-lg:left-0 max-lg:w-screen max-lg:h-screen max-lg:bg-gray-70 max-lg:bg-opacity-75 max-lg:hidden\"\n\t\t\t:class=\"{'max-lg:hidden': !show_toc}\"\n\t\t\t@click=\"show_toc = false\"\n\t\t>\n\t\t\t<div class=\"max-lg:absolute max-lg:bottom-0 max-lg:left-0 max-lg:w-screen bg-white lg:bg-transparent\">\n\t\t\t\t\t\t\t\t<div class=\"flex lg:hidden items-center justify-between mx-4 border-b border-solid border-gray-30 pt-6 pb-2 font-bold\">\n\n\t\t\t\t\tAuf dieser Seite\n\t\t\t\t\t<button @click=\"show_toc = false\">\n\t\t\t\t\t\t<svg class=\"w-5 h-5 text-gray-100\" xmlns=\"http:\/\/www.w3.org\/2000\/svg\" fill=\"none\" stroke=\"currentColor\" stroke-width=\"1.5\" class=\"w-6 h-6\" viewBox=\"0 0 24 24\"><path stroke-linecap=\"round\" stroke-linejoin=\"round\" d=\"M6 18 18 6M6 6l12 12\"\/><\/svg>\t\t\t\t\t<\/button>\n\t\t\t\t<\/div>\n\t\t\t\t<ul id=\"toc\" class=\"mt-5 max-h-[85vh] overflow-y-auto list-none bt-scrollbars\">\n\n\t\t\t\t\t\t\t\t\t\t\t<li>\n\t\t\t\t\t\t\t<a href=\"#die-spiele\" data-bt-toc-item=\"die-spiele\"\n\t\t\t\t\t\t\t\t @click=\"show_toc = false\"\n\t\t\t\t\t\t\t\t class=\"block px-4 py-2 text-black border-l-4 border-solid border-transparent hover:border-red-100 transition-all hover:!border-b-0 hover:font-bold\">\nDie Spiele\n<\/a>\n\t\t\t\t\t\t<\/li>\n\t\t\t\t\t\t\t\t\t\t\t<li>\n\t\t\t\t\t\t\t<a href=\"#die-besonderheiten-von-esports\" data-bt-toc-item=\"die-besonderheiten-von-esports\"\n\t\t\t\t\t\t\t\t @click=\"show_toc = false\"\n\t\t\t\t\t\t\t\t class=\"block px-4 py-2 text-black border-l-4 border-solid border-transparent hover:border-red-100 transition-all hover:!border-b-0 hover:font-bold\">\nDie Besonderheiten von eSports\n<\/a>\n\t\t\t\t\t\t<\/li>\n\t\t\t\t\t\t\t\t\t\t\t<li>\n\t\t\t\t\t\t\t<a href=\"#allgemeine-tipps-fur-esports-wetten\" data-bt-toc-item=\"allgemeine-tipps-fur-esports-wetten\"\n\t\t\t\t\t\t\t\t @click=\"show_toc = false\"\n\t\t\t\t\t\t\t\t class=\"block px-4 py-2 text-black border-l-4 border-solid border-transparent hover:border-red-100 transition-all hover:!border-b-0 hover:font-bold\">\nAllgemeine Tipps f\u00fcr eSports-Wetten\n<\/a>\n\t\t\t\t\t\t<\/li>\n\t\t\t\t\t\t\t\t\t\t\t<li>\n\t\t\t\t\t\t\t<a href=\"#fazit\" data-bt-toc-item=\"fazit\"\n\t\t\t\t\t\t\t\t @click=\"show_toc = false\"\n\t\t\t\t\t\t\t\t class=\"block px-4 py-2 text-black border-l-4 border-solid border-transparent hover:border-red-100 transition-all hover:!border-b-0 hover:font-bold\">\nFazit\n<\/a>\n\t\t\t\t\t\t<\/li>\n\t\t\t\t\t\t\t\t\t<\/ul>\n\t\t\t\t\t\t\t\t\t\t\t<\/div>\n\t\t<\/div>\n\t<\/div>\n\t\t\t\t\t<\/div>\n\t\t\t<\/div>\n\t\t<\/div>\n\t<\/div>\n<\/div>\n\t<\/div>\n<\/div>\n\n","protected":false},"excerpt":{"rendered":"","protected":false},"author":31,"featured_media":0,"parent":0,"menu_order":0,"comment_status":"closed","ping_status":"closed","template":"","meta":{"footnotes":""},"tags":[],"acf":[],"_links":{"self":[{"href":"https:\/\/betting.com\/de\/wp-json\/wp\/v2\/pages\/1009"}],"collection":[{"href":"https:\/\/betting.com\/de\/wp-json\/wp\/v2\/pages"}],"about":[{"href":"https:\/\/betting.com\/de\/wp-json\/wp\/v2\/types\/page"}],"author":[{"embeddable":true,"href":"https:\/\/betting.com\/de\/wp-json\/wp\/v2\/users\/31"}],"replies":[{"embeddable":true,"href":"https:\/\/betting.com\/de\/wp-json\/wp\/v2\/comments?post=1009"}],"version-history":[{"count":3,"href":"https:\/\/betting.com\/de\/wp-json\/wp\/v2\/pages\/1009\/revisions"}],"predecessor-version":[{"id":6241,"href":"https:\/\/betting.com\/de\/wp-json\/wp\/v2\/pages\/1009\/revisions\/6241"}],"wp:attachment":[{"href":"https:\/\/betting.com\/de\/wp-json\/wp\/v2\/media?parent=1009"}],"wp:term":[{"taxonomy":"post_tag","embeddable":true,"href":"https:\/\/betting.com\/de\/wp-json\/wp\/v2\/tags?post=1009"}],"curies":[{"name":"wp","href":"https:\/\/api.w.org\/{rel}","templated":true}]}}