{"id":1007,"date":"2023-04-13T14:37:46","date_gmt":"2023-04-13T14:37:46","guid":{"rendered":"https:\/\/betting.com\/de\/?page_id=1007"},"modified":"2023-08-02T12:31:05","modified_gmt":"2023-08-02T12:31:05","slug":"eishockey","status":"publish","type":"page","link":"https:\/\/betting.com\/de\/eishockey","title":{"rendered":"Vollst\u00e4ndige Anleitung f\u00fcr Eishockey-Wetten"},"content":{"rendered":"<div class=\" container-white py-8\">\n\t<div class=\"wp-block-container-toc  \">\n\t\t\t<div class=\"bg-white\">\n\t<div class=\"flex flex-col-reverse lg:flex-row lg:gap-8 py-10\">\n\t\t<article class=\"max-w-[960px] flex-grow\" data-bt-content>\n\t\t\t\n<p>Eishockey ist ein spannender und vor allem schneller Sport, der zahlreiche M\u00f6glichkeiten f\u00fcr Eishockey-Wetten bietet. Wenn Sie denken, dass Sie nur im Winter auf Eishockey-Wetten k\u00f6nnen, dann irren Sie sich allerdings, denn mittlerweile verf\u00fcgt jeder professionelle Eishockey-Verein \u00fcber gek\u00fchlte Eishallen, sodass der Spielbetrieb ganzj\u00e4hrig aufrechterhalten werden kann.<\/p>\n\n\n\n<p>In Kanada, den USA und einigen anderen L\u00e4ndern mit langem Winter ist Eishockey deutlich beliebter als beispielsweise Fu\u00dfball. Der Grund f\u00fcr die verst\u00e4rkte Entwicklung von Eishockey in diesen L\u00e4ndern liegt prim\u00e4r daran, dass dort auch vor der Erfindung der K\u00e4ltemaschine schon viel Eishockey gespielt werden konnte.<\/p>\n\n\n\n<p>Wir verraten Ihnen in diesem Artikel alles, was Sie f\u00fcr erfolgreiches Eishockey-Wetten wissen m\u00fcssen und wie Sie dabei langfristig erfolgreich sein k\u00f6nnen.<\/p>\n\n\n\n<h2 class=\"wp-block-heading\">Was Sie \u00fcber Eishockey wissen sollten<\/h2>\n\n\n\n<p>Bevor Sie anfangen auf Eishockey zu wetten, sollten Sie sich mit den Grundlagen dieses Sports vertraut machen. Wir werden Ihnen deshalb kurz die Hintergr\u00fcnde von Eishockey erl\u00e4utern und dabei auch auf die Regeln und Besonderheiten eingehen.<\/p>\n\n\n\n<p>Denn wenn Sie die Grundlagen dieses Sports nicht verstehen, werden Sie unweigerlich Fehler bei Eishockey-Wetten machen und dadurch Geld verlieren. Passen Sie deshalb gut auf und nutzen Sie unser Wissen f\u00fcr Ihre zuk\u00fcnftigen Eishockey-Wetten.<\/p>\n\n\n\n<h2 class=\"wp-block-heading\">Geschichtlicher Hintergrund von Eishockey<\/h2>\n\n\n\n<p>Die ersten Formen von Eishockey gehen auf das Jahr 1134 in D\u00e4nemark zur\u00fcck, wobei sich dabei lediglich auf Abbildungen bezogen wird und nichts \u00fcber die Regeln bekannt ist. Die heutige Form von Eishockey entstand vermutlich durch die Vermischung verschiedener Sportarten, wie Hurling, Shinty und Spielen der amerikanischen Ureinwohner in Kanada.<\/p>\n\n\n\n<p>Das erste belegbare Eishockeyspiel in einer Halle kann dabei genau auf das Jahr 1875 im kanadischen Montreal datiert werden. Bemerkenswert dabei ist, dass die Schlittschuhe bis zur Industrialisierung aus Knochen gefertigt wurden.<\/p>\n\n\n\n<h2 class=\"wp-block-heading\">Das Spielprinzip<\/h2>\n\n\n\n<p>Das Grundprinzip von Eishockey ist in Deutschland den meisten gel\u00e4ufig. Wenn es allerdings an die genauen Regeln geht, dann kennen sich die meisten schon nicht mehr aus. Der Ball beim Eishockey ist der sogenannte Puk, eine flache Hartgummischeibe, die mit dem Eishockeyschl\u00e4ger ins Tor geschoben oder geschossen werden muss.<\/p>\n\n\n\n<p>Jedes Team besteht dabei aus 22 Spielern, wobei sich zeitgleich lediglich 6 Spieler auf dem Eis befinden d\u00fcrfen. Anders als beim Fu\u00dfball, d\u00fcrfen Spielerwechsel hier allerdings nicht nur in Unterbrechungen durchgef\u00fchrt werden, sondern auch w\u00e4hrend des Spielverlaufs. Man spricht dann von einem \u201efliegenden Wechsel\u201c.<\/p>\n\n\n\n<p>Ein Eishockey-Spiel dauert immer 60 Minuten und ist in drei Drittel \u00e1 20 Minuten unterteilt. Jedes dieser Drittel beginnt dabei mit einem Ansto\u00df in der Spielfeldmitte. \u00c4hnlich wie beim Fu\u00dfball gibt es eine Reihe von Verst\u00f6\u00dfen, die vom Schiedsrichter bestraft werden k\u00f6nnen.<\/p>\n\n\n\n<p>Neben dem Freisto\u00df, der von einigen Fixpunkten aus erfolgen kann, gibt es beim Eishockey dabei die M\u00f6glichkeit, die Spieler mit Bankstrafen zu belegen. Bei einer Bankstrafe muss der bestrafte Spieler f\u00fcr eine feste Zeitspanne auf die Auswechselbank, sodass sein Team w\u00e4hrend dieser Zeit in Unterzahl spielen muss. \u00dcbliche Strafzeiten bewegen sich zwischen 2 und 10 Minuten.<br>Worauf Sie beim Eishockey wetten k\u00f6nnen<\/p>\n\n\n\n<p>Kommen wir zum wichtigsten Teil von Eishockey-Wetten. Bei Eishockey k\u00f6nnen Sie nat\u00fcrlich auf den Endsieger eines Spiels wetten. Dabei stehen Ihnen in der Regel auch Handicap-Wetten zur Verf\u00fcgung, wodurch das Wetten auf den Favoriten mit guten Quoten m\u00f6glich wird. Beachten Sie hier, dass Eishockey kein Spiel der vielen Tore ist \u2013 die Anzahl der durchschnittlichen Tore pro Spiel ist beim Eishockey \u00e4hnlich wie beim Fu\u00dfball.<\/p>\n\n\n\n<p>Da jedes Eishockey-Spiel in drei Drittel unterteilt ist, sind hier auch Wetten auf jedes der einzelnen Drittel m\u00f6glich, meist sogar Handicap-Wetten. Au\u00dferdem k\u00f6nnen Sie darauf wetten, welches Team das erste Tor schie\u00dft, ob das Spiel in die Verl\u00e4ngerung geht, wer genau ein Tor erzielen wird oder auch wie viele Tore insgesamt in den jeweiligen Dritteln erzielt werden.<\/p>\n\n\n\n<h2 class=\"wp-block-heading\">Professionell auf Eishockey wetten<\/h2>\n\n\n\n<p>Auch wenn Eishockey in Deutschland lange Zeit weniger professionell betrieben wurde als beispielsweise in den USA und Kanada, kann die Deutsche Eishockey-Liga heute auf jeden Fall als Profi-Liga bezeichnet werden.<\/p>\n\n\n\n<p>Ungeachtet dessen befindet sich Eishockey international auf hohem Niveau und neben USA und Kanada sind es vor allem Russland, die skandinavischen L\u00e4nder, die Schweiz und \u00d6sterreich, die als international stark angesehen werden. Durch die hohe Professionalit\u00e4t in diesen L\u00e4ndern k\u00f6nnen Sie auch bei den Buchmachern ein entsprechend professionelles Wettangebot erwarten.<\/p>\n\n\n\n<p>Um hier mit Eishockey-Wetten erfolgreich zu sein, sollten Sie eine \u00e4hnliche Professionalit\u00e4t an den Tag legen und nicht einfach nur drauflos wetten.<\/p>\n\n\n\n<h2 class=\"wp-block-heading\">Nutzen unserer datenbasierten Eishockey-Prognosen<\/h2>\n\n\n\n<p>Ein sehr guter Ansatz f\u00fcr erfolgreiche Eishockey-Wetten ist die Nutzung unserer datenbasierten Prognosen f\u00fcr Eishockey-Spiele. Wir haben einen eigenen Algorithmus entwickelt, der Spielergebnisse bei Eishockey mit hoher Pr\u00e4zision vorhersagen kann.<\/p>\n\n\n\n<p>Dem Algorithmus stehen dabei nicht nur die klassischen Statistiken der Spiele zur Verf\u00fcgung, sondern auch eine Vielzahl von Daten der Spieler, Vereine und Spiele. So berechnet der Algorithmus f\u00fcr seine Prognosen beispielsweise erteilte Strafzeiten, Anzahl der Tore, Zeitpunkt der Tore, Art und Weise der Tore und vieles mehr.<\/p>\n\n\n\n<p>Durch das gezielte Verkn\u00fcpfen dieser Daten erstellt der Algorithmus umfangreiche Profile der Spieler und Vereine und kann somit flexibel auf sich ver\u00e4ndernde Bedingungen reagieren. Es hat sich in der Vergangenheit gezeigt, dass unsere Eishockey-Prognosen den Prognosen der Buchmacher deutlich \u00fcberlegen sind, und Sie dadurch mit Eishockey-Wetten und unseren Prognosen einen entscheidenden Vorteil gegen\u00fcber den Buchmachern haben.<br>Allgemeine Tipps f\u00fcr Eishockey-Wetten<\/p>\n\n\n\n<p>Die folgenden Tipps sind teilweise spezifisch f\u00fcr Eishockey-Wetten, teils gelten Sie allgemein f\u00fcr alle Arten von Sportwetten. Wenn Sie bei Eishockey-Wetten neu sind, sollten Sie sich die Tipps auf jeden Fall sorgf\u00e4ltig durchlesen, zu Herzen nehmen und ausprobieren.<\/p>\n\n\n\n<p>Wenn Sie bereits Erfahrung mit anderen Sportwetten gemacht haben, werden Sie einige der Tipps bereits kennen. Dennoch werden mit Sicherheit auch f\u00fcr Sie einige Anregungen dabei sein, mit denen Sie Ihre Strategie bei Eishockey-Wetten noch erfolgreicher machen k\u00f6nnen.<\/p>\n\n\n\n<h3 class=\"wp-block-heading\">Informieren Sie sich gr\u00fcndlich<\/h3>\n\n\n\n<p>Wenn Sie mit Eishockey-Wetten erfolgreich sein wollen, dann sollten Sie sich gr\u00fcndlich \u00fcber die Ligen, Vereine und Spieler informieren. Je mehr Sie \u00fcber die Ligen und Vereine wissen, desto wahrscheinlicher ist es, dass Sie mit Ihrem Informationsvorsprung mit Eishockey-Wetten Geld gewinnen.<\/p>\n\n\n\n<h3 class=\"wp-block-heading\">Nutzen Sie verschiedene Wettm\u00f6glichkeiten<\/h3>\n\n\n\n<p>Wetten Sie bei Eishockey nicht immer nur auf den Endsieger, weil sich das Spiel hier gegen Ende durch Strafzeiten, Power-Play-Situationen und Situationen, in denen das Netz kurz leer bleibt, weil der Torh\u00fcter mit in den Angriff \u00fcbergegangen ist, schnell \u00e4ndern kann. Probieren Sie die verschiedenen Eishockey-Wetten einfach mal aus \u2013 sehr beliebt ist beispielsweise das Wetten auf die Gesamtpunktzahl..<br>Wetten Sie auch auf die Frauen-Liga<\/p>\n\n\n\n<p>Insbesondere in Amerika und Kanada gibt es auch eine sehr starke Frauen-Eishockey-Liga, die auf einem sehr hohen Niveau spielt. Wetten Sie je nach Verf\u00fcgbarkeit auch mal auf die Frauen-Liga, denn dort l\u00e4sst die Professionalit\u00e4t der Buchmacher auf jeden Fall noch zu w\u00fcnschen \u00fcbrig und somit ist es dort leichter gute Value-Wetten zu finden. Beachten Sie, dass hier teilweise etwas andere Regeln gelten.<br>Sieh dir Eishockey-Spiele an<\/p>\n\n\n\n<p>Du solltest dir auf jeden Fall einige Eishockey Spiele anschauen, um ein Gef\u00fchl f\u00fcr diese Sportart zu entwickeln. Suche dir dabei sowohl ein ausgeglichenes Spiel als auch ein Spiel mit sehr unterschiedlich starken Teams raus, um zu verstehen wie sich die Dinge hier beim Eishockey verhalten.<\/p>\n\n\n\n<p>Wir hoffen, Ihnen einen guten \u00dcberblick \u00fcber Eishockey und Eishockey-Wetten gegeben zu haben. Eishockey ist ein rasantes und fesselndes Spiel, dass sich oft innerhalb weniger Minuten \u00e4ndern kann. Insbesondere gegen Spielende kommt es h\u00e4ufig zu extrem zugespitzten Situationen, die durch Strafzeiten und Freisch\u00fcsse weiter angefeuert werden.<\/p>\n\n\n\n<h2 class=\"wp-block-heading\">Fazit<\/h2>\n\n\n\n<p>Das Wetten auf die Gesamttorzahl beim Eishockey ist dabei ein beliebtes Instrument, um sich bei ausgeglichenen Spielen nicht auf einen Sieger festlegen zu m\u00fcssen und trotzdem mit guten Quoten an den Spielen teilzunehmen. Wir w\u00fcnschen Ihnen auf jeden Fall viel Gl\u00fcck und Erfolg bei Ihren n\u00e4chsten Eishockey-Wetten!<\/p>\n\n\t\t<\/article>\n\t\t<div class=\"lg:w-[300px] lg:flex-shrink-0 relative\" x-data=\"{show_toc: false}\">\n\t\t\t<div class=\"lg:sticky lg:top-4 z-30\">\n\t\t\t\t<div class=\"fixed -top-64 left-0 w-full z-50 lg:static transition-all hidden lg:block\" id=\"fixed-toc\">\n\t\t\t\t\t<div>\n\t\t\t\t<div\n\t\t\tclass=\"max-lg:fixed max-lg:top-0 max-lg:left-0 max-lg:w-screen max-lg:h-screen max-lg:bg-gray-70 max-lg:bg-opacity-75 max-lg:hidden\"\n\t\t\t:class=\"{'max-lg:hidden': !show_toc}\"\n\t\t\t@click=\"show_toc = false\"\n\t\t>\n\t\t\t<div class=\"max-lg:absolute max-lg:bottom-0 max-lg:left-0 max-lg:w-screen bg-white lg:bg-transparent\">\n\t\t\t\t\t\t\t\t\t\t\t<\/div>\n\t\t<\/div>\n\t<\/div>\n\t\t\t\t\t<\/div>\n\t\t\t<\/div>\n\t\t<\/div>\n\t<\/div>\n<\/div>\n\t<\/div>\n<\/div>\n\n","protected":false},"excerpt":{"rendered":"","protected":false},"author":31,"featured_media":0,"parent":0,"menu_order":0,"comment_status":"closed","ping_status":"closed","template":"","meta":{"footnotes":""},"tags":[],"acf":[],"_links":{"self":[{"href":"https:\/\/betting.com\/de\/wp-json\/wp\/v2\/pages\/1007"}],"collection":[{"href":"https:\/\/betting.com\/de\/wp-json\/wp\/v2\/pages"}],"about":[{"href":"https:\/\/betting.com\/de\/wp-json\/wp\/v2\/types\/page"}],"author":[{"embeddable":true,"href":"https:\/\/betting.com\/de\/wp-json\/wp\/v2\/users\/31"}],"replies":[{"embeddable":true,"href":"https:\/\/betting.com\/de\/wp-json\/wp\/v2\/comments?post=1007"}],"version-history":[{"count":3,"href":"https:\/\/betting.com\/de\/wp-json\/wp\/v2\/pages\/1007\/revisions"}],"predecessor-version":[{"id":6240,"href":"https:\/\/betting.com\/de\/wp-json\/wp\/v2\/pages\/1007\/revisions\/6240"}],"wp:attachment":[{"href":"https:\/\/betting.com\/de\/wp-json\/wp\/v2\/media?parent=1007"}],"wp:term":[{"taxonomy":"post_tag","embeddable":true,"href":"https:\/\/betting.com\/de\/wp-json\/wp\/v2\/tags?post=1007"}],"curies":[{"name":"wp","href":"https:\/\/api.w.org\/{rel}","templated":true}]}}