{"id":4931,"date":"2024-04-30T04:53:15","date_gmt":"2024-04-30T07:53:15","guid":{"rendered":"https:\/\/betting.com\/br\/?page_id=4931"},"modified":"2024-04-30T04:53:15","modified_gmt":"2024-04-30T07:53:15","slug":"odds","status":"publish","type":"page","link":"https:\/\/betting.com\/br\/odds","title":{"rendered":"Odds"},"content":{"rendered":"\n<p>As probabilidades de apostas mostram a probabilidade de um resultado particular e seus retornos potenciais se suas previs\u00f5es ocorrerem conforme o previsto. Continue lendo para descobrir mais.<\/p>\n\n\n\n<h2 class=\"wp-block-heading\" id=\"o-que-sao-odds-de-apostas\">O que s\u00e3o Odds de Apostas<\/h2>\n\n\n\n<p>As odds de apostas fornecem informa\u00e7\u00f5es sobre o poss\u00edvel resultado de um evento espec\u00edfico. As casas de apostas fornecem odds de apostas esportivas ap\u00f3s analisar as apostas e as tend\u00eancias esportivas. As odds de apostas tamb\u00e9m permitem que voc\u00ea calcule seus retornos potenciais. Comparar as odds de apostas \u00e9 uma parte integrante das apostas esportivas, pois permite encontrar o melhor valor poss\u00edvel.<br>Tipos de odds de apostas<\/p>\n\n\n\n<p>O mercado do Reino Unido oferece odds para uma ampla gama de esportes. Os mais comuns s\u00e3o futebol e corridas de cavalos, juntamente com v\u00e1rios outros esportes tradicionais para espectadores, artistas e apostadores, incluindo futebol, rugby, cr\u00edquete, t\u00eanis, snooker e basquete. Voc\u00ea tamb\u00e9m pode apostar em esportes mais de nicho, como xadrez, v\u00f4lei e badminton. Voc\u00ea pode apostar nos vencedores de ligas e torneios, e em partidas individuais, bem como em v\u00e1rios mercados de propostas e em eventos especiais relacionados ao esporte. Esses s\u00e3o os mercados mais t\u00edpicos para os quais voc\u00ea pode encontrar odds no Reino Unido.<\/p>\n\n\n\n<p><strong>Aposta Futura<\/strong><\/p>\n\n\n\n<p>Esta \u00e9 uma aposta em um evento que geralmente est\u00e1 bastante longe no futuro. Os apostadores geralmente apostam nos vencedores absolutos (o vencedor de uma competi\u00e7\u00e3o, por exemplo, Premier League, Champions League, US Masters, Wimbledon). Varia\u00e7\u00f5es disso podem incluir apostar em quais equipes terminar\u00e3o entre os quatro primeiros da Premier League, chegar\u00e3o aos playoffs na NFL ou quais equipes ser\u00e3o rebaixadas da Championship. Apostas como essa tamb\u00e9m podem ser feitas em jogadores individuais, por exemplo, o artilheiro principal da SPL. Os melhores sites de apostas no Reino Unido oferecer\u00e3o uma boa variedade desses tipos de apostas.<\/p>\n\n\n\n<p><strong>Apostas de Linha de Dinheiro<\/strong><\/p>\n\n\n\n<p>Para uma partida individual, os apostadores apostam em qual equipe vencer\u00e1, ou se o jogo terminar\u00e1 em empate, ou se um cavalo vencer\u00e1 uma corrida. Uma extens\u00e3o disso \u00e9 apostar em um resultado espec\u00edfico (Manchester City para vencer 2-1) ou apostar em ambos os times para marcar (Newcastle United para vencer, ambos os times para marcar).<\/p>\n\n\n\n<p><strong>Apostas de Mais\/Menos (Total)<\/strong><\/p>\n\n\n\n<p>Apostar mais\/menos em uma partida significa simplesmente que voc\u00ea est\u00e1 apostando em quantos gols ser\u00e3o marcados no total, N\u00c3O quantos um time marcar\u00e1, nem quem vencer\u00e1. Ent\u00e3o, por exemplo, voc\u00ea pode apostar que Arsenal x Spurs ter\u00e1 menos de 3.5 gols, ou pode apostar que Real Madrid x Sevilla ter\u00e1 mais de 3.5 gols no total. Al\u00e9m do futebol, este tipo de aposta \u00e9 comum no basquete, rugby e futebol americano.<\/p>\n\n\n\n<p><strong>Dupla Chance<\/strong><\/p>\n\n\n\n<p>Como o pr\u00f3prio nome sugere, as apostas de dupla chance envolvem prever dois dos tr\u00eas resultados poss\u00edveis em uma partida de futebol. Em qualquer jogo, voc\u00ea ter\u00e1 tr\u00eas op\u00e7\u00f5es de dupla chance: Time 1 vence + empate (por exemplo, Nottingham Forest e empate). Time 2 vence + empate (por exemplo, Newcastle United FC e empate). Time 1 ou Time 2 vence (por exemplo, Nottingham Forest ou Newcastle United vencem).<\/p>\n\n\n\n<p><strong>Apostas M\u00faltiplas<\/strong><\/p>\n\n\n\n<p><strong>Parlay:<\/strong> Um parlay envolve mais de uma aposta combinada para odds maiores. Voc\u00ea pode fazer um parlay da mesma Premier League, com v\u00e1rios eventos de um \u00fanico confronto, ou alternativamente, eventos em v\u00e1rios jogos. Um Trixie compreende tr\u00eas sele\u00e7\u00f5es e quatro apostas. Pelo menos duas das sele\u00e7\u00f5es devem acertar para garantir um pagamento.<\/p>\n\n\n\n<p>Como mencionado anteriormente, os acumuladores, onde os apostadores tentam igualar uma s\u00e9rie de resultados, s\u00e3o muito populares nas apostas de futebol. Os acumuladores combinam v\u00e1rias sele\u00e7\u00f5es em uma \u00fanica aposta e est\u00e3o entre as formas mais populares de apostar em futebol. Isso ocorre porque eles oferecem o potencial de grandes retornos com apostas pequenas, j\u00e1 que os ganhos de cada sele\u00e7\u00e3o s\u00e3o colocados na pr\u00f3xima.<\/p>\n\n\n\n<p>O risco \u00f3bvio \u00e9 que todas as apostas devem vencer para que o apostador receba um pagamento. No entanto, alguns corretores de apostas oferecem um seguro de acumulador, ent\u00e3o se uma de suas sele\u00e7\u00f5es (m\u00ednimo cinco sele\u00e7\u00f5es) decepcionar, voc\u00ea receber\u00e1 sua aposta de volta como uma aposta gratuita.<\/p>\n\n\n\n<h2 class=\"wp-block-heading\" id=\"apostas-de-spread\">Apostas de Spread<\/h2>\n\n\n\n<p>Apostar em spreads ou contra o spread, tamb\u00e9m conhecido como ATS, \u00e9 uma das formas mais populares de apostar em basquete. Por exemplo, se os New York Knicks estiverem jogando contra o Orlando Magic e forem favoritos para vencer, o spread pode ser algo como &#8216;New York Knicks -5 \/ Orlando Magic +5&#8217;. Portanto, uma aposta nos Knicks para &#8216;vencer&#8217; o spread de pontos pagar\u00e1 se<\/p>\n","protected":false},"excerpt":{"rendered":"<p>As probabilidades de apostas mostram a probabilidade de um resultado particular e seus retornos potenciais se suas previs\u00f5es ocorrerem conforme o previsto. Continue lendo para descobrir mais. O que s\u00e3o Odds de Apostas As odds de apostas fornecem informa\u00e7\u00f5es sobre o poss\u00edvel resultado de um evento espec\u00edfico. As casas de apostas fornecem odds de apostas&#8230;<\/p>\n","protected":false},"author":7,"featured_media":0,"parent":0,"menu_order":0,"comment_status":"closed","ping_status":"closed","template":"","meta":{"footnotes":""},"tags":[],"acf":[],"_links":{"self":[{"href":"https:\/\/betting.com\/br\/wp-json\/wp\/v2\/pages\/4931"}],"collection":[{"href":"https:\/\/betting.com\/br\/wp-json\/wp\/v2\/pages"}],"about":[{"href":"https:\/\/betting.com\/br\/wp-json\/wp\/v2\/types\/page"}],"author":[{"embeddable":true,"href":"https:\/\/betting.com\/br\/wp-json\/wp\/v2\/users\/7"}],"replies":[{"embeddable":true,"href":"https:\/\/betting.com\/br\/wp-json\/wp\/v2\/comments?post=4931"}],"version-history":[{"count":2,"href":"https:\/\/betting.com\/br\/wp-json\/wp\/v2\/pages\/4931\/revisions"}],"predecessor-version":[{"id":4933,"href":"https:\/\/betting.com\/br\/wp-json\/wp\/v2\/pages\/4931\/revisions\/4933"}],"wp:attachment":[{"href":"https:\/\/betting.com\/br\/wp-json\/wp\/v2\/media?parent=4931"}],"wp:term":[{"taxonomy":"post_tag","embeddable":true,"href":"https:\/\/betting.com\/br\/wp-json\/wp\/v2\/tags?post=4931"}],"curies":[{"name":"wp","href":"https:\/\/api.w.org\/{rel}","templated":true}]}}