{"id":2837,"date":"2023-11-20T15:05:10","date_gmt":"2023-11-20T18:05:10","guid":{"rendered":"https:\/\/betting.com\/br\/?page_id=2837"},"modified":"2024-01-02T09:56:49","modified_gmt":"2024-01-02T12:56:49","slug":"jogo-responsavel","status":"publish","type":"page","link":"https:\/\/betting.com\/br\/info\/jogo-responsavel","title":{"rendered":"Jogo respons\u00e1vel 2024 no Brasil\u00a0"},"content":{"rendered":"<div class=\" container-white py-8\">\n\t<div class=\"wp-block-container-toc  \">\n\t\t\t<div class=\"bg-white\">\n\t<div class=\"flex flex-col-reverse lg:flex-row lg:gap-8 py-10\">\n\t\t<article class=\"max-w-[960px] flex-grow\" data-bt-content>\n\t\t\t\n\n<h2 class=\"wp-block-heading\" id=\"Jogo-respons\u00e1vel\">O que \u00e9 jogo respons\u00e1vel<\/h2>\n\n\n\n<p>O jogo respons\u00e1vel ocorre quando indiv\u00edduos podem usufruir de variadas formas de apostas, incluindo as esportivas, sem comprometerem suas vidas pessoais ou experienciarem efeitos nocivos.&nbsp;<\/p>\n\n\n\n<h2 class=\"wp-block-heading\" id=\"Autoavalia\u00e7\u00e3o\">Voc\u00ea tem um potencial v\u00edcio em jogo?<\/h2>\n\n\n\n<p>Caso acredite que possa ter algum problema com jogo, confira as perguntas que os nossos especialistas preparam. O encorajamos a respond\u00ea-las honestamente e, caso a sua resposta seja sim para mais da metade delas, recomendamos que voc\u00ea procure ajuda especializada.<\/p>\n\n\n\n<ol>\n<li>Voc\u00ea se sente culpado cada vez que aposta um certo valor em dinheiro?<\/li>\n\n\n\n<li>Voc\u00ea sente que apostar enormes quantias de dinheiro vai ajud\u00e1-lo em suas necessidades?<\/li>\n\n\n\n<li>Voc\u00ea tem problemas para parar depois de perdas?<\/li>\n\n\n\n<li>Apostar j\u00e1 resultou em problemas financeiros, familiares ou de trabalho?<\/li>\n\n\n\n<li>Voc\u00ea sente que apostar tem afetado negativamente as suas rela\u00e7\u00f5es pessoais e o seu comportamento?<\/li>\n\n\n\n<li>Voc\u00ea se sente estressado ou ansioso quando para de apostar por um certo per\u00edodo?<\/li>\n\n\n\n<li>Voc\u00ea j\u00e1 desenvolveu algum problema de sa\u00fade, mesmo que seja m\u00ednimo, por causa de jogo?<\/li>\n\n\n\n<li>Voc\u00ea considera que pode perder o controle no jogo, mas nega isso para si mesmo e, inclusive, para as pessoas ao seu redor?<\/li>\n<\/ol>\n\n\n\n<h2 class=\"wp-block-heading\" id=\"Ajuda\">Como ajudar quem tem v\u00edcio em jogo<\/h2>\n\n\n\n<p>\u00c9 essencial evitar o v\u00edcio em jogo em si mesmo. E voc\u00ea tamb\u00e9m pode ajudar pessoas ao seu redor com tais quest\u00f5es caso acredite que elas estejam enfrentando problemas de v\u00edcio em jogo.<\/p>\n\n\n\n<p>Aqui est\u00e1 uma lista de sintomas que pode ajud\u00e1-lo a identificar poss\u00edveis v\u00edcios.<\/p>\n\n\n\n<p><strong>Sinais financeiros:<\/strong><\/p>\n\n\n\n<ul>\n<li>Sumi\u00e7o de dinheiro na conta do banco ou carteira;<\/li>\n\n\n\n<li>Itens da casa ou de valor que desaparecem;<\/li>\n\n\n\n<li>Falta de dinheiro, apesar de ter um sal\u00e1rio est\u00e1vel;<\/li>\n\n\n\n<li>Grande n\u00famero de empr\u00e9stimos ao mesmo tempo;<\/li>\n\n\n\n<li>Contas atrasadas;<\/li>\n\n\n\n<li>Pegar dinheiro emprestado regularmente;<\/li>\n\n\n\n<li>Manter segredo sobre os registros financeiros;<\/li>\n\n\n\n<li>Falta de itens b\u00e1sicos em casa, como comida.<\/li>\n<\/ul>\n\n\n\n<p><strong>Sinais comportamentais e de humor:<\/strong><\/p>\n\n\n\n<ul>\n<li>Performance no trabalho \u00e9 afetada;<\/li>\n\n\n\n<li>Mudan\u00e7as de personalidade;<\/li>\n\n\n\n<li>Afastamento de pessoas do conv\u00edvio;<\/li>\n\n\n\n<li>Comportamento manipulativo;<\/li>\n\n\n\n<li>Agita\u00e7\u00e3o, tristeza e preocupa\u00e7\u00e3o sem raz\u00e3o aparente;<\/li>\n\n\n\n<li>Usar de amea\u00e7as e mentiras para manipular outras pessoas;<\/li>\n\n\n\n<li>Desesperan\u00e7a, frusta\u00e7\u00e3o e depress\u00e3o.<\/li>\n<\/ul>\n\n\n\n<p><strong>Indica\u00e7\u00f5es de tempo:<\/strong><\/p>\n\n\n\n<ul>\n<li>Passar cada vez mais tempo apostando;<\/li>\n\n\n\n<li>Demorar muito para fazer tarefas simples;<\/li>\n\n\n\n<li>Aus\u00eancia secreta e inexplic\u00e1vel;<\/li>\n\n\n\n<li>Sempre atrasado para compromissos;<\/li>\n\n\n\n<li>Usar muitos dias de trabalho para apostar.<\/li>\n<\/ul>\n\n\n\n<h2 class=\"wp-block-heading\" id=\"Idade\">Prote\u00e7\u00e3o de menores e idade legal<\/h2>\n\n\n\n<p>No Brasil, voc\u00ea precisa respeitar a idade legal para apostar online. Apenas pessoas com 18 ou mais podem se cadastrar nas casas de apostas e fazer bets valendo dinheiro.<\/p>\n\n\n\n<h2 class=\"wp-block-heading\" id=\"Acesso\">Como as casas de apostas pro\u00edbem o acesso de menores?<\/h2>\n\n\n\n<p>As casas de apostas online conseguem identificar a idade de seus usu\u00e1rios logo no cadastro, seja via n\u00famero do CPF, documento de identifica\u00e7\u00e3o e\/ou m\u00e9todo de pagamento.<\/p>\n\n\n\n<p>Por\u00e9m, se voc\u00ea se deparar com sites que n\u00e3o est\u00e3o cumprindo com a restri\u00e7\u00e3o et\u00e1ria e legal relacionado ao jogo respons\u00e1vel, recomendados alguns aplicativos que podem auxiliar no bloqueio e prote\u00e7\u00e3o de menores.<\/p>\n\n\n\n<ul>\n<li>Google Family Link<\/li>\n\n\n\n<li>Qustodio&nbsp;<\/li>\n\n\n\n<li>Karspersky Safekids<\/li>\n\n\n\n<li>Fami Safe<\/li>\n\n\n\n<li>Kids Place<\/li>\n\n\n\n<li>Bet Blocker<\/li>\n\n\n\n<li>Gamban<\/li>\n\n\n\n<li>GamBlock<\/li>\n<\/ul>\n\n\n\n<h2 class=\"wp-block-heading\" id=\"Ferramentas\">Ferramentas de jogo respons\u00e1vel<\/h2>\n\n\n\n<p>Para apoiar que voc\u00ea jogue com responsabilidade, bem como todos os jogadores, as casas de apostas oferecem determinadas ferramentas de controle, tais como:<\/p>\n\n\n\n<h3 class=\"wp-block-heading\">Limites de dep\u00f3sito<\/h3>\n\n\n\n<p>Op\u00e7\u00e3o que permite a voc\u00ea estabelecer valor m\u00e1ximo para dep\u00f3sitos di\u00e1rios, semanais ou mensais na casa de aposta.<\/p>\n\n\n\n<h3 class=\"wp-block-heading\">Limites de perda<\/h3>\n\n\n\n<p>A ferramenta de limite de perdas oferece a voc\u00ea a op\u00e7\u00e3o de estabelecer um valor m\u00e1ximo perdido e, dessa maneira, evita-se gastar mais do que realmente pode bancar.<\/p>\n\n\n\n<h3 class=\"wp-block-heading\">Limite de tempo<\/h3>\n\n\n\n<p>Isso possibilita determinar o tempo de jogo gasto no site de aposta. Um vez que o tempo termina, n\u00e3o ser\u00e1 poss\u00edvel apostar at\u00e9 ao menos o pr\u00f3ximo dia.<\/p>\n\n\n\n<h3 class=\"wp-block-heading\">Per\u00edodo de pausa<\/h3>\n\n\n\n<p>D\u00e1 ao apostador o poder de indicar um per\u00edodo de pausa e, dentro do prazo estabelecido, ele n\u00e3o poder\u00e1 acessar a casa de aposta em quest\u00e3o.<\/p>\n\n\n\n<h3 class=\"wp-block-heading\">Limite de aposta<\/h3>\n\n\n\n<p>A ferramenta \u00e9 oferecida para que os usu\u00e1rios do site possam definir limites de aposta, programados por dia, semana ou at\u00e9 mesmo m\u00eas.&nbsp;<\/p>\n\n\n\n<h3 class=\"wp-block-heading\">Hist\u00f3rico de transa\u00e7\u00f5es<\/h3>\n\n\n\n<p>Voc\u00ea ainda ter\u00e1 a op\u00e7\u00e3o de verificar toda a sua atividade, especialmente dep\u00f3sitos e retiradas, assim como saber quanto ganhou e perdeu.<\/p>\n\n\n\n<h3 class=\"wp-block-heading\">Autoexclus\u00e3o<\/h3>\n\n\n\n<p>Quando um usu\u00e1rio identifica que n\u00e3o consegue ter controle no jogo e decide se autoexcluir, a casa de aposta n\u00e3o permitir\u00e1 que ele aposte de forma permanente.<\/p>\n\n\n\n<h3 class=\"wp-block-heading\">Autoavalia\u00e7\u00e3o<\/h3>\n\n\n\n<p>A autoavalia\u00e7\u00e3o \u00e9 uma ferramenta para que o usu\u00e1rio responda honestamente perguntas, como as indicadas acima, para determinar se voc\u00ea est\u00e1 apto para continuar apostando.<\/p>\n\n\n\n<h2 class=\"wp-block-heading\" id=\"Entidades\">Entidades de aconselhamento contra v\u00edcio no jogo no Brasil<\/h2>\n\n\n\n<p>H\u00e1 algumas entidades no Brasil trabalham com a promo\u00e7\u00e3o do jogo respons\u00e1vel e oferecem aconselhamento de forma an\u00f4nima para quem enfrenta problemas com jogo.<\/p>\n\n\n\n<p><strong>Jogadores An\u00f4nimos<\/strong><\/p>\n\n\n\n<p>Site: <a href=\"https:\/\/jogadoresanonimos.com.br\/\" target=\"_blank\" rel=\"noreferrer noopener\">https:\/\/jogadoresanonimos.com.br\/<\/a><\/p>\n\n\n\n<p>Atendimento Whatsapp: 11 99571 6942 (SP) \/ 21 99750 3174 (RJ)&nbsp;<\/p>\n\n\n\n<p><strong>Instituto Brasileiro de Jogo Respons\u00e1vel (IBJR)<\/strong><\/p>\n\n\n\n<ul>\n<li>Site: <a href=\"https:\/\/ibjr.org\/\">https:\/\/ibjr.org\/<\/a><\/li>\n\n\n\n<li>E-mail: ibjr@sherlockcomms.com<\/li>\n<\/ul>\n\n\n\t\t<\/article>\n\t\t<div class=\"lg:w-[300px] lg:flex-shrink-0 relative\" x-data=\"{show_toc: false}\">\n\t\t\t<div class=\"lg:sticky lg:top-4 z-30\">\n\t\t\t\t<div class=\"fixed -top-64 left-0 w-full z-50 lg:static transition-all hidden lg:block\" id=\"fixed-toc\">\n\t\t\t\t\t<div>\n\t\t\t\t<div class=\"border-b border-solid border-gray-30 text-lg font-bold lg:pt-7 max-lg:px-4 py-3 flex items-center justify-between bg-white lg:bg-transparent\">\n\t\t\tO que h\u00e1 nesta p\u00e1gina\n\t\t\t<button @click=\"show_toc = true\" class=\"btn btn-red-outline-white block lg:hidden\">Jump to<\/button>\n\t\t<\/div>\n\t\t\t\t<div\n\t\t\tclass=\"max-lg:fixed max-lg:top-0 max-lg:left-0 max-lg:w-screen max-lg:h-screen max-lg:bg-gray-70 max-lg:bg-opacity-75 max-lg:hidden\"\n\t\t\t:class=\"{'max-lg:hidden': !show_toc}\"\n\t\t\t@click=\"show_toc = false\"\n\t\t>\n\t\t\t<div class=\"max-lg:absolute max-lg:bottom-0 max-lg:left-0 max-lg:w-screen bg-white lg:bg-transparent\">\n\t\t\t\t\t\t\t\t<div class=\"flex lg:hidden items-center justify-between mx-4 border-b border-solid border-gray-30 pt-6 pb-2 font-bold\">\n\n\t\t\t\t\tNesta p\u00e1gina\n\t\t\t\t\t<button @click=\"show_toc = false\">\n\t\t\t\t\t\t<svg class=\"w-5 h-5 text-gray-100\" xmlns=\"http:\/\/www.w3.org\/2000\/svg\" fill=\"none\" stroke=\"currentColor\" stroke-width=\"1.5\" class=\"w-6 h-6\" viewBox=\"0 0 24 24\"><path stroke-linecap=\"round\" stroke-linejoin=\"round\" d=\"M6 18 18 6M6 6l12 12\"\/><\/svg>\t\t\t\t\t<\/button>\n\t\t\t\t<\/div>\n\t\t\t\t<ul id=\"toc\" class=\"mt-5 max-h-[85vh] overflow-y-auto list-none bt-scrollbars\">\n\n\t\t\t\t\t\t\t\t\t\t\t<li>\n\t\t\t\t\t\t\t<a href=\"#Jogo-respons\u00c3\u00a1vel\" data-bt-toc-item=\"Jogo-respons\u00c3\u00a1vel\"\n\t\t\t\t\t\t\t\t @click=\"show_toc = false\"\n\t\t\t\t\t\t\t\t class=\"block px-4 py-2 text-black border-l-4 border-solid border-transparent hover:border-red-100 transition-all hover:!border-b-0 hover:font-bold\">\nO que \u00e9 jogo respons\u00e1vel\n<\/a>\n\t\t\t\t\t\t<\/li>\n\t\t\t\t\t\t\t\t\t\t\t<li>\n\t\t\t\t\t\t\t<a href=\"#Autoavalia\u00c3\u00a7\u00c3\u00a3o\" data-bt-toc-item=\"Autoavalia\u00c3\u00a7\u00c3\u00a3o\"\n\t\t\t\t\t\t\t\t @click=\"show_toc = false\"\n\t\t\t\t\t\t\t\t class=\"block px-4 py-2 text-black border-l-4 border-solid border-transparent hover:border-red-100 transition-all hover:!border-b-0 hover:font-bold\">\nVoc\u00ea tem um potencial v\u00edcio em jogo?\n<\/a>\n\t\t\t\t\t\t<\/li>\n\t\t\t\t\t\t\t\t\t\t\t<li>\n\t\t\t\t\t\t\t<a href=\"#Ajuda\" data-bt-toc-item=\"Ajuda\"\n\t\t\t\t\t\t\t\t @click=\"show_toc = false\"\n\t\t\t\t\t\t\t\t class=\"block px-4 py-2 text-black border-l-4 border-solid border-transparent hover:border-red-100 transition-all hover:!border-b-0 hover:font-bold\">\nComo ajudar quem tem v\u00edcio em jogo\n<\/a>\n\t\t\t\t\t\t<\/li>\n\t\t\t\t\t\t\t\t\t\t\t<li>\n\t\t\t\t\t\t\t<a href=\"#Idade\" data-bt-toc-item=\"Idade\"\n\t\t\t\t\t\t\t\t @click=\"show_toc = false\"\n\t\t\t\t\t\t\t\t class=\"block px-4 py-2 text-black border-l-4 border-solid border-transparent hover:border-red-100 transition-all hover:!border-b-0 hover:font-bold\">\nProte\u00e7\u00e3o de menores e idade legal\n<\/a>\n\t\t\t\t\t\t<\/li>\n\t\t\t\t\t\t\t\t\t\t\t<li>\n\t\t\t\t\t\t\t<a href=\"#Acesso\" data-bt-toc-item=\"Acesso\"\n\t\t\t\t\t\t\t\t @click=\"show_toc = false\"\n\t\t\t\t\t\t\t\t class=\"block px-4 py-2 text-black border-l-4 border-solid border-transparent hover:border-red-100 transition-all hover:!border-b-0 hover:font-bold\">\nComo as casas de apostas pro\u00edbem o acesso de menores?\n<\/a>\n\t\t\t\t\t\t<\/li>\n\t\t\t\t\t\t\t\t\t\t\t<li>\n\t\t\t\t\t\t\t<a href=\"#Ferramentas\" data-bt-toc-item=\"Ferramentas\"\n\t\t\t\t\t\t\t\t @click=\"show_toc = false\"\n\t\t\t\t\t\t\t\t class=\"block px-4 py-2 text-black border-l-4 border-solid border-transparent hover:border-red-100 transition-all hover:!border-b-0 hover:font-bold\">\nFerramentas de jogo respons\u00e1vel\n<\/a>\n\t\t\t\t\t\t<\/li>\n\t\t\t\t\t\t\t\t\t\t\t<li>\n\t\t\t\t\t\t\t<a href=\"#Entidades\" data-bt-toc-item=\"Entidades\"\n\t\t\t\t\t\t\t\t @click=\"show_toc = false\"\n\t\t\t\t\t\t\t\t class=\"block px-4 py-2 text-black border-l-4 border-solid border-transparent hover:border-red-100 transition-all hover:!border-b-0 hover:font-bold\">\nEntidades de aconselhamento contra v\u00edcio no jogo no Brasil\n<\/a>\n\t\t\t\t\t\t<\/li>\n\t\t\t\t\t\t\t\t\t<\/ul>\n\t\t\t\t\t\t\t\t\t\t\t<\/div>\n\t\t<\/div>\n\t<\/div>\n\t\t\t\t\t<\/div>\n\t\t\t<\/div>\n\t\t<\/div>\n\t<\/div>\n<\/div>\n\t<\/div>\n<\/div>\n\n","protected":false},"excerpt":{"rendered":"","protected":false},"author":67,"featured_media":0,"parent":2660,"menu_order":0,"comment_status":"closed","ping_status":"closed","template":"","meta":{"footnotes":""},"tags":[],"acf":[],"_links":{"self":[{"href":"https:\/\/betting.com\/br\/wp-json\/wp\/v2\/pages\/2837"}],"collection":[{"href":"https:\/\/betting.com\/br\/wp-json\/wp\/v2\/pages"}],"about":[{"href":"https:\/\/betting.com\/br\/wp-json\/wp\/v2\/types\/page"}],"author":[{"embeddable":true,"href":"https:\/\/betting.com\/br\/wp-json\/wp\/v2\/users\/67"}],"replies":[{"embeddable":true,"href":"https:\/\/betting.com\/br\/wp-json\/wp\/v2\/comments?post=2837"}],"version-history":[{"count":9,"href":"https:\/\/betting.com\/br\/wp-json\/wp\/v2\/pages\/2837\/revisions"}],"predecessor-version":[{"id":3279,"href":"https:\/\/betting.com\/br\/wp-json\/wp\/v2\/pages\/2837\/revisions\/3279"}],"up":[{"embeddable":true,"href":"https:\/\/betting.com\/br\/wp-json\/wp\/v2\/pages\/2660"}],"wp:attachment":[{"href":"https:\/\/betting.com\/br\/wp-json\/wp\/v2\/media?parent=2837"}],"wp:term":[{"taxonomy":"post_tag","embeddable":true,"href":"https:\/\/betting.com\/br\/wp-json\/wp\/v2\/tags?post=2837"}],"curies":[{"name":"wp","href":"https:\/\/api.w.org\/{rel}","templated":true}]}}