{"id":2721,"date":"2023-11-15T15:52:38","date_gmt":"2023-11-15T18:52:38","guid":{"rendered":"https:\/\/betting.com\/br\/?page_id=2721"},"modified":"2024-04-19T06:44:01","modified_gmt":"2024-04-19T09:44:01","slug":"pagamentos","status":"publish","type":"page","link":"https:\/\/betting.com\/br\/pagamentos","title":{"rendered":"Pagamentos"},"content":{"rendered":"<div class=\" container-white py-8\">\n\t<div class=\"wp-block-container-toc  \">\n\t\t\t<div class=\"bg-white\">\n\t<div class=\"flex flex-col-reverse lg:flex-row lg:gap-8 py-10\">\n\t\t<article class=\"max-w-[960px] flex-grow\" data-bt-content>\n\t\t\t\n\n<h2 class=\"wp-block-heading\" id=\"Pagamentos-populares\">5 m\u00e9todos de pagamento mais populares de casas de apostas no Brasil em 2024<\/h2>\n\n\n\n<p>Sem surpresa, um dos m\u00e9todos de pagamento de casas de apostas mais usados no Brasil \u00e9 o Pix. Rapidez e seguran\u00e7a s\u00e3o os principais motivos para o uso do pagamento instant\u00e2neo.<\/p>\n\n\n\n<p>Obviamente, h\u00e1 outros bons meios dispon\u00edveis para os apostadores brasileiros. Confira:<\/p>\n\n\n\n<figure class=\"wp-block-table\"><table><tbody><tr><td><strong>M\u00e9todo de pagamento<\/strong><\/td><td><strong>Tipo<\/strong><\/td><td><strong>Tempo m\u00e9dio de dep\u00f3sito<\/strong><\/td><td><strong>Tempo m\u00e9dio de saque<\/strong><\/td><td><strong>Taxas<\/strong><\/td><td><strong>Por que \u00e9 um m\u00e9todo popular?<\/strong><\/td><\/tr><tr><td><strong>Pix<\/strong><\/td><td>Pagamento instant\u00e2neo<\/td><td>Imediato<\/td><td>Imediato<\/td><td>Sem taxas<\/td><td>Rapidez, seguran\u00e7a 100% sem taxa<\/td><\/tr><tr><td><strong>Cart\u00e3o<\/strong><\/td><td>D\u00e9bito <\/td><td>Imediato<\/td><td>At\u00e9 2 dias<\/td><td>IOF<\/td><td>Dep\u00f3sito imediato, permite uso de b\u00f4nus<\/td><\/tr><tr><td><strong>Paypal<\/strong><\/td><td>Carteira digital<\/td><td>Imediato<\/td><td>Aprox. 2 horas<\/td><td>2% por transa\u00e7\u00e3o<\/td><td>Saques r\u00e1pidos e navegac\u00e3o f\u00e1cil<\/td><\/tr><tr><td><strong>Astropay<\/strong><\/td><td>Carteira digital \/ cart\u00e3o pr\u00e9-pago<\/td><td>Imediato<\/td><td>At\u00e9 2 dias \u00fateis<\/td><td>2% por transa\u00e7\u00e3o<\/td><td>Integrado com Pix, baixas taxas<\/td><\/tr><\/tbody><\/table><\/figure>\n\n\n\n<figure class=\"wp-block-table\"><table><tbody><tr><td>Voc\u00ea sabia? Pix \u00e9 um dos m\u00e9todos mais usados para apostas<\/td><\/tr><tr><td><\/td><\/tr><\/tbody><\/table><\/figure>\n\n\n\n<h2 class=\"wp-block-heading\" id=\"Tipos\">Diferentes tipos de m\u00e9todos de pagamento<\/h2>\n\n\n\n<p>Diferentes tipos de m\u00e9todos de pagamento de casas de apostas est\u00e3o dispon\u00edveis para os brasileiros.&nbsp;<\/p>\n\n\n\n<p>Cada um deles tem vantagens e desvantagens quando utilizado para fazer apostas esportivas. A seguir, vamos falar sobre os principais meios.<\/p>\n\n\n\n<ol>\n<li><a href=\"#Cart\u00e3o\">Cart\u00f5es de d\u00e9bito<\/a>;<\/li>\n\n\n\n<li><a href=\"#Pix\">Transfer\u00eancias banc\u00e1rias<\/a>;<\/li>\n\n\n\n<li><a href=\"#Criptomoedas\">Criptomoedas<\/a>;<\/li>\n\n\n\n<li><a href=\"#Carteiras-digitais\">Carteiras digitais<\/a>;<\/li>\n\n\n\n<li><a href=\"#App\">Aplicativos<\/a>;&nbsp;<\/li>\n\n\n\n<li><a href=\"#pre-pago\">Cart\u00f5es pr\u00e9-pagos, cupons e vouchers<\/a>.<\/li>\n<\/ol>\n\n\n\n<h3 class=\"wp-block-heading\" id=\"Cart\u00e3o\">Cart\u00f5es de d\u00e9bito<\/h3>\n\n\n\n<p><strong>O que \u00e9:<\/strong><\/p>\n\n\n\n<p>O nome j\u00e1 diz tudo, uma vez que os cart\u00f5es de d\u00e9bito e cr\u00e9dito s\u00e3o vastamente utilizados nos Brasil.&nbsp;<\/p>\n\n\n\n<p>H\u00e1 v\u00e1rias casas de apostas que aceitam cart\u00f5es de cr\u00e9dito de diferentes bandeiras. O m\u00e9todo pode ser utilizado para fazer dep\u00f3sitos e efetivamente apostar nos palpites em eventos esportivos.<\/p>\n\n\n\n<figure class=\"wp-block-table\"><table><tbody><tr><td>Vale a pena usar cart\u00e3o para apostar?<\/td><\/tr><tr><td>A vantagem desse tipo de m\u00e9todo \u00e9 o fato de que h\u00e1 muitas casas de apostas que aceitam cart\u00f5es de d\u00e9bito para dep\u00f3sitos. Por isso, pode ser mais c\u00f4modo utilizar o meio, j\u00e1 que \u00e9 aceito vastamente nos sites. Por\u00e9m, taxas podem ser cobradas, como o IOF, especialmente se a casa de aposta ter servidor localizado no exterior.<\/td><\/tr><\/tbody><\/table><\/figure>\n\n\n\n<h3 class=\"wp-block-heading\" id=\"Pix\">Transfer\u00eancia \/ Pagamento instant\u00e2neo<\/h3>\n\n\n\n<p>Transfer\u00eancias e m\u00e9todos de pagamento instant\u00e2neo, como \u00e9 o caso do Pix, s\u00e3o os m\u00e9todos de pagamento de casas de apostas mais usados pelos brasileiros.&nbsp;<\/p>\n\n\n\n<p>A praticidade, rapidez e seguran\u00e7a s\u00e3o os principais fatores para o uso deles para fazer bets, especialmente para a retirada de eventuais ganhos.<\/p>\n\n\n\n<ul>\n<li><strong>Pix<\/strong>: as casas de apostas com saque pix crescem cada vez mais, especialmente por ser um dos meios mais utilizados pelos brasileiros. Tamb\u00e9m \u00e9 aceito para dep\u00f3sitos;<\/li>\n\n\n\n<li><strong>Transfer\u00eancia banc\u00e1ria<\/strong>: op\u00e7\u00e3o usada por apostadores principalmente para retiradas;<\/li>\n\n\n\n<li><strong>Transfer\u00eancia internacional<\/strong>: m\u00e9todo de pagamento de casas de apostas estrangeiras e que oferecem bets no Brasil.<\/li>\n<\/ul>\n\n\n\n<h3 class=\"wp-block-heading\" id=\"Criptomoedas\">Criptomoedas<\/h3>\n\n\n\n<p>Tanto por conta da praticidade quanto privacidade das transa\u00e7\u00f5es, o n\u00famero de casas de apostas que aceitam criptomoedas aumenta a cada ano.&nbsp;<\/p>\n\n\n\n<p>Por\u00e9m, conforme nova legisla\u00e7\u00e3o, apostas Bitcoin e outras criptomoedas n\u00e3o ser\u00e3o mais permitidas no Brasil.<\/p>\n\n\n\n<h3 class=\"wp-block-heading\" id=\"Carteiras-digitais\">Carteiras digitais<\/h3>\n\n\n\n<p>As carteiras digitais, e-wallets, tamb\u00e9m fazem parte da ofertas de m\u00e9todos de pagamento de casas de apostas.&nbsp;<\/p>\n\n\n\n<p>Notadamente, as mais populares s\u00e3o:<\/p>\n\n\n\n<ul>\n<li><strong>Paypal<\/strong> \u2014 casas de apostas que aceitam paypal s\u00e3o muito comuns entre as plataformas para bets no Brasil, tanto por conta da popularidade quanto da facilidade de fazer transa\u00e7\u00f5es;<\/li>\n\n\n\n<li><strong>Pay4Fun<\/strong> \u2014 tamb\u00e9m h\u00e1 diversas casas de apostas que aceitam pay4fun, uma carteira digital 100% brasileira e criada para dar agilidade \u00e0s movimenta\u00e7\u00f5es financeiras;<\/li>\n\n\n\n<li><strong>Skrill<\/strong> \u2014 um dos mais tradicionais m\u00e9todos de pagamento de casas de apostas, amplamente utilizado e seguro;<\/li>\n\n\n\n<li><strong>PicPay<\/strong> \u2014 outra carteira digital que permite voc\u00ea fazer dep\u00f3sitos e saques de sua conta nas casas de apostas no Brasil;<\/li>\n\n\n\n<li><strong>MuchBetter<\/strong> \u2014 \u00e9 uma e-wallet presente na maioria dos sites de apostas brasileiras, com grande n\u00famero de recursos e que aceita diversas moedas, incluindo real;<\/li>\n\n\n\n<li><strong>Neteller<\/strong> \u2014 op\u00e7\u00e3o para fazer dep\u00f3sitos e saques internacionais sem a necessidade de pagar taxas.<\/li>\n<\/ul>\n\n\n\n<h3 class=\"wp-block-heading\" id=\"App\">Aplicativo mobile<\/h3>\n\n\n\n<p>Como muitos apostadores fazem dep\u00f3sitos e saques via aplicativo, nada melhor do que contar com op\u00e7\u00f5es top de linha fazer para bets esportivas.&nbsp;<\/p>\n\n\n\n<p>Algumas das mais oferecidas nos sites s\u00e3o:<\/p>\n\n\n\n<ul>\n<li><strong>Pay4Fun app<\/strong> \u2014 aplicativo bastante popular, dispon\u00edvel para iOS e Android, e que conta com suporte via app 24 horas;<\/li>\n\n\n\n<li><strong>PicPay app<\/strong> \u2014 tamb\u00e9m \u00e9 um app vastamente utilizado para apostas esportivas, com boas funcionalidades e 100% gratuito;<\/li>\n\n\n\n<li><strong>Skrill app<\/strong> \u2014 outro aplicativo de destaque entre os m\u00e9todos de pagamento de casas de apostas, muito por conta da versalidade e aceita\u00e7\u00e3o nas plataformas;<\/li>\n\n\n\n<li><strong>Neteller app<\/strong> \u2014 f\u00e1cil de navegar, o app permite transa\u00e7\u00f5es r\u00e1pidas e seguras para quem deseja fazer bets em sites de apostas esportivas.<\/li>\n<\/ul>\n\n\n\n<h3 class=\"wp-block-heading\" id=\"pre-pago\">Cart\u00f5es pr\u00e9-pagos, cupons e vouchers<\/h3>\n\n\n\n<p>Ainda n\u00e3o t\u00e3o comuns entre os m\u00e9todos de pagamento de casas de apostas, os cart\u00f5es pr\u00e9-pagos, cupons e vouchers tamb\u00e9m configuram entre op\u00e7\u00f5es para dep\u00f3sitos e saques.<\/p>\n\n\n\n<ul>\n<li><strong>Paysafecard<\/strong> \u2014 \u00e9 um cart\u00e3o pr\u00e9-pago que o apostador pode carregar e usar em casas de apostas;<\/li>\n\n\n\n<li><strong>Astropay<\/strong> \u2014 boa op\u00e7\u00e3o para dep\u00f3sitos em sites de apostas esportivas, uma vez que aceita m\u00faltiplas moedas e \u00e9 confi\u00e1vel.<\/li>\n<\/ul>\n\n\n\n<figure class=\"wp-block-table\"><table><tbody><tr><td>Voc\u00ea sabia?&nbsp;Pix \u00e9 um dos m\u00e9todos mais usados para apostas<\/td><\/tr><tr><td>H\u00e1 mais de 133 milh\u00f5es de brasileiros utilizando o Pix, de acordo com dados da Ag\u00eancia Brasil. O Pix \u00e9, inclusive, um dos principais m\u00e9todos de pagamento de casas de apostas. <\/td><\/tr><\/tbody><\/table><\/figure>\n\n\n\n<h2 class=\"wp-block-heading\" id=\"Solu\u00e7\u00f5es\">Solu\u00e7\u00f5es para problemas comuns com m\u00e9todos de pagamento para apostas<\/h2>\n\n\n\n<p>Em geral, ao escolher um site seguro e m\u00e9todos de pagamento de casas de apostas confi\u00e1vel, dificilmente enfrentar\u00e1 problemas.&nbsp;<\/p>\n\n\n\n<p>Por\u00e9m, \u00e0s vezes algo pode n\u00e3o sair como o esperado, voc\u00ea pode consultar a nossa lista de solu\u00e7\u00f5es para problemas mais comuns, indicada logo a seguir:<\/p>\n\n\n\n<p><\/p>\n\n\n\n<div class=\"wp-block-cover is-light\" style=\"min-height:50px;aspect-ratio:unset;\"><span aria-hidden=\"true\" class=\"wp-block-cover__background has-yellow-70-background-color has-background-dim-100 has-background-dim\"><\/span><div class=\"wp-block-cover__inner-container is-layout-constrained wp-block-cover-is-layout-constrained\">\n<p class=\"has-text-align-left\"><strong>1.N\u00e3o sei onde verificar o meu pagamento no site de aposta<\/strong><\/p>\n<\/div><\/div>\n\n\n\n<p><\/p>\n\n\n\n<p>Na maioria dos casos, o processo de verifica\u00e7\u00e3o ser\u00e1 solicitado quando voc\u00ea for efetuar o seu primeiro saque. A equipe da casa de aposta poder\u00e1 solicitar comprovante de identidade, de pagamento e, em alguns casos, at\u00e9 mesmo de renda.<\/p>\n\n\n\n<p><\/p>\n\n\n\n<div class=\"wp-block-cover is-light\" style=\"min-height:50px;aspect-ratio:unset;\"><span aria-hidden=\"true\" class=\"wp-block-cover__background has-yellow-70-background-color has-background-dim-100 has-background-dim\"><\/span><div class=\"wp-block-cover__inner-container is-layout-constrained wp-block-cover-is-layout-constrained\">\n<p class=\"has-text-align-left\"><strong>2.N\u00e3o consigo alterar o m\u00e9todo de pagamento na minha conta<\/strong><\/p>\n<\/div><\/div>\n\n\n\n<p><\/p>\n\n\n\n<p>Uma vez que voc\u00ea escolheu 1 entre os m\u00e9todos de pagamento de casas de apostas e ter passado pelo processo de verifica\u00e7\u00e3o, s\u00f3 ser\u00e1 poss\u00edvel alter\u00e1-lo, em alguns casos, entrando em contato com a equipe do site, via chat online ou e-mail.&nbsp;<\/p>\n\n\n\n<p><\/p>\n\n\n\n<div class=\"wp-block-cover is-light\" style=\"min-height:50px;aspect-ratio:unset;\"><span aria-hidden=\"true\" class=\"wp-block-cover__background has-yellow-70-background-color has-background-dim-100 has-background-dim\"><\/span><div class=\"wp-block-cover__inner-container is-layout-constrained wp-block-cover-is-layout-constrained\">\n<p class=\"has-text-align-left\"><strong>3.Fiz um saque Pix e ainda n\u00e3o foi creditado na minha conta<\/strong><\/p>\n<\/div><\/div>\n\n\n\n<p><\/p>\n\n\n\n<p>Casas de apostas com saque pix, em geral, creditam o valor solicitado para retirada imediatamente. No entanto, h\u00e1 um per\u00edodo de processamento do pedido de saque por parte das casas de apostas, que dura entre 24 e 72 horas.&nbsp;<\/p>\n\n\n\n<p><\/p>\n\n\n\n<div class=\"wp-block-cover is-light\" style=\"min-height:50px;aspect-ratio:unset;\"><span aria-hidden=\"true\" class=\"wp-block-cover__background has-yellow-70-background-color has-background-dim-100 has-background-dim\"><\/span><div class=\"wp-block-cover__inner-container is-layout-constrained wp-block-cover-is-layout-constrained\">\n<p class=\"has-text-align-left\"><strong>4.Depositei com um m\u00e9todo de pagamento, mas n\u00e3o consigo fazer saque com outro meio. O que fazer?<\/strong><\/p>\n<\/div><\/div>\n\n\n\n<p><\/p>\n\n\n\n<p>Confire nos termos e condi\u00e7\u00f5es de uso da casa de aposta esportiva em quest\u00e3o se isso \u00e9 permitido. Muitos sites s\u00f3 autorizam saques feitos por meio do mesmo m\u00e9todo de dep\u00f3sito.<\/p>\n\n\n\n<p><\/p>\n\n\n\n<div class=\"wp-block-cover is-light\" style=\"min-height:50px;aspect-ratio:unset;\"><span aria-hidden=\"true\" class=\"wp-block-cover__background has-yellow-70-background-color has-background-dim-100 has-background-dim\"><\/span><div class=\"wp-block-cover__inner-container is-layout-constrained wp-block-cover-is-layout-constrained\">\n<p class=\"has-text-align-left\"><strong>5.Fiz um saque Pix e ainda n\u00e3o foi creditado na minha conta<\/strong><\/p>\n<\/div><\/div>\n\n\n\n<p><\/p>\n\n\n\n<p>Casas de apostas com saque pix, em geral, creditam o valor solicitado para retirada imediatamente. No entanto, h\u00e1 um per\u00edodo de processamento do pedido de saque por parte das casas de apostas, que dura entre 24 e 72 horas.<\/p>\n\n\n\n<p><\/p>\n\n\n\n<div class=\"wp-block-cover is-light\" style=\"min-height:50px;aspect-ratio:unset;\"><span aria-hidden=\"true\" class=\"wp-block-cover__background has-yellow-70-background-color has-background-dim-100 has-background-dim\"><\/span><div class=\"wp-block-cover__inner-container is-layout-constrained wp-block-cover-is-layout-constrained\">\n<p class=\"has-text-align-left\"><strong>6.<strong>Fiz um dep\u00f3sito, mas o valor n\u00e3o caiu na minha conta na casa de apostas<\/strong><\/strong><\/p>\n<\/div><\/div>\n\n\n\n<p><\/p>\n\n\n\n<p>Alguns m\u00e9todos de pagamento t\u00eam um per\u00edodo pr\u00f3prio para processar as transa\u00e7\u00f5es e, por isso, um dep\u00f3sito realizado pode ainda n\u00e3o ter ca\u00eddo na conta da casa de aposta.<\/p>\n\n\n\n<p><\/p>\n\n\n\n<div class=\"wp-block-cover is-light\" style=\"min-height:50px;aspect-ratio:unset;\"><span aria-hidden=\"true\" class=\"wp-block-cover__background has-yellow-70-background-color has-background-dim-100 has-background-dim\"><\/span><div class=\"wp-block-cover__inner-container is-layout-constrained wp-block-cover-is-layout-constrained\">\n<p class=\"has-text-align-left\"><strong>7.Estou impossibilitado de fazer saques. Por qu\u00ea?<\/strong><\/p>\n<\/div><\/div>\n\n\n\n<p><\/p>\n\n\n\n<p>Muito provavelmente voc\u00ea ainda n\u00e3o atingiu o saldo suficiente definido pela casa de aposta para sacar de sua conta. Caso n\u00e3o seja esse o motivo, entre em contato com a equipe de atendimento do site.<\/p>\n\n\n\n<p><\/p>\n\n\n\n<div class=\"wp-block-cover is-light\" style=\"min-height:50px;aspect-ratio:unset;\"><span aria-hidden=\"true\" class=\"wp-block-cover__background has-yellow-70-background-color has-background-dim-100 has-background-dim\"><\/span><div class=\"wp-block-cover__inner-container is-layout-constrained wp-block-cover-is-layout-constrained\">\n<p class=\"has-text-align-left\"><strong>8.N\u00e3o consigo cancelar a minha retirada<\/strong><\/p>\n<\/div><\/div>\n\n\n\n<p><\/p>\n\n\n\n<p>N\u00e3o s\u00e3o todas as casas de aposta que oferecem a op\u00e7\u00e3o de cancelar um pedido de saque. Uma vez que ele foi feito, o sistema j\u00e1 identifica o pedido e, certas vezes, at\u00e9 bloqueia o valor do saldo solicitado para saque, impossibilitando de apost\u00e1-lo enquanto a retirada n\u00e3o for processada\/finalizada.<\/p>\n\n\n\n<p><\/p>\n\n\n\n<div class=\"wp-block-cover is-light\" style=\"min-height:50px;aspect-ratio:unset;\"><span aria-hidden=\"true\" class=\"wp-block-cover__background has-yellow-70-background-color has-background-dim-100 has-background-dim\"><\/span><div class=\"wp-block-cover__inner-container is-layout-constrained wp-block-cover-is-layout-constrained\">\n<p class=\"has-text-align-left\"><strong>9.N\u00e3o recebi o valor total dos meus ganhos<\/strong><\/p>\n<\/div><\/div>\n\n\n\n<p><\/p>\n\n\n\n<p>Se o valor for superior ao limite determinado pelo m\u00e9todo de pagamento de aposta ou at\u00e9 mesmo pela plataforma onde voc\u00ea apostou, o saque ser\u00e1 feito em parcelas e n\u00e3o de uma vez s\u00f3.<\/p>\n\n\n\n<p><\/p>\n\n\n\n<figure class=\"wp-block-table\"><table><tbody><tr><td>Voc\u00ea sabia?<\/td><\/tr><tr><td>Algo que acaba passando batido por muito apostador \u00e9 o fato de que existe um per\u00edodo de processamento do pagamento por parte da casa de aposta. Normalmente, a equipe financeira da plataforma leva entre 24 e 72 horas para confirmar um saque. Depois disso, passa a contar o prazo do m\u00e9todo de pagamento utilizado.<\/td><\/tr><\/tbody><\/table><\/figure>\n\n\n\n<h2 class=\"wp-block-heading\" id=\"Dicas\">8 dicas para ajud\u00e1-lo a escolher o melhor m\u00e9todo para apostar<\/h2>\n\n\n\n<p>Escolher m\u00e9todos de pagamento de casas de apostas certos para voc\u00ea \u00e9 fundamental para uma boa experi\u00eancia de jogo.&nbsp;<\/p>\n\n\n\n<p>Afinal, \u00e9 o primeiro passo para fazer apostas em seus palpites e sacar ganhos tamb\u00e9m. Por isso, aqui v\u00e3o algumas dicas:<\/p>\n\n\n\n<ol>\n<li>As casas de apostas com saque pix v\u00e3o exigir o seu n\u00famero de CPF como chave, que deve ser o mesmo informado no cadastro;<\/li>\n\n\n\n<li>Certifique-se de que o m\u00e9todo de pagamento usado por voc\u00ea \u00e9 realmente aceito nas casas de apostas de sua escolha;<\/li>\n\n\n\n<li>Confira os valores m\u00ednimos e m\u00e1ximos para dep\u00f3sitos e saques, j\u00e1 que tais quantias podem variar de acordo com os m\u00e9todos de pagamento de casas de apostas;<\/li>\n\n\n\n<li>Em alguns sites de apostas estrangeiros dep\u00f3sitos e saques podem ter flutua\u00e7\u00f5es por conta do c\u00e2mbio;<\/li>\n\n\n\n<li>Quando for resgatar b\u00f4nus de apostas, verifique se o mesmo s\u00f3 pode ser utilizado com um m\u00e9todo de pagamento espec\u00edfico;<\/li>\n\n\n\n<li>Na maioria dos casos, os saques s\u00f3 s\u00e3o efetuados por meio do mesmo m\u00e9todo de dep\u00f3sito. Leia os termos e condi\u00e7\u00f5es de uso das casas de apostas para ter certeza disso;<\/li>\n\n\n\n<li>Confira se o site em que voc\u00ea deseja apostar garante a seguran\u00e7a das transa\u00e7\u00f5es financeiras;<\/li>\n\n\n\n<li>N\u00e3o deixe de conferir se h\u00e1 taxas para a realiza\u00e7\u00e3o de dep\u00f3sitos e saques dos m\u00e9todos de pagamento de casas de apostas;<\/li>\n\n\n\n<li>Considere criar uma conta no m\u00e9todo de pagamento de sua escolha apenas para apostas.<\/li>\n<\/ol>\n\n\n\n<h2 class=\"wp-block-heading\" id=\"Dep\u00f3sitos-saques\">Como fazer dep\u00f3sito e saque dos seus ganhos<\/h2>\n\n\n\n<p>Mesmo com algumas poucas diferen\u00e7as, dep\u00f3sitos e saques com a maioria dos m\u00e9todos de pagamento de casas de aposta funcionam de forma semelhante.&nbsp;<\/p>\n\n\n\n<h3 class=\"wp-block-heading\" id=\"Dep\u00f3sito\">Como fazer um dep\u00f3sito<\/h3>\n\n\n\n<p>Antes de tudo, leia os termos e condi\u00e7\u00f5es de uso da casa de aposta escolhida para fazer as suas bets.&nbsp;<\/p>\n\n\n\n<p>Feito isso e ap\u00f3s cadastrar-se na plataforma, voc\u00ea dever\u00e1:<\/p>\n\n\n\n<ol>\n<li>Clica em sua conta ou no bot\u00e3o dep\u00f3sito;<\/li>\n\n\n\n<li>Selecionar um dos m\u00e9todo de pagamento de casas de apostas oferecidos;<\/li>\n\n\n\n<li>Indicar o valor e os dados solicitados;<\/li>\n\n\n\n<li>Confirmar a opera\u00e7\u00e3o.<\/li>\n<\/ol>\n\n\n\n<h3 class=\"wp-block-heading\" id=\"Saque\">Como fazer saque<\/h3>\n\n\n\n<p>O saque dos seus ganhos nas casas de apostas seguem um processo parecido com o do dep\u00f3sito.&nbsp;<\/p>\n\n\n\n<p>Se houver saldo v\u00e1lido para retirada, voc\u00ea precisar\u00e1:<\/p>\n\n\n\n<ol>\n<li>Clicar em retirada ou saque na sua conta da casa de aposta;<\/li>\n\n\n\n<li>Informar o valor desejado para saque;<\/li>\n\n\n\n<li>Observe se a quantia est\u00e1 de acordo com os limites m\u00ednimos e m\u00e1ximos do site;<\/li>\n\n\n\n<li>Informe os dados solicitados;<\/li>\n\n\n\n<li>Finalize o processo.<\/li>\n<\/ol>\n\n\n\n<figure class=\"wp-block-table\"><table><tbody><tr><td>Voc\u00ea sabia?<\/td><\/tr><tr><td>De acordo com as regras v\u00e1lidas para as apostas esportivas no Brasil, ser\u00e1 obrigat\u00f3rio informar o CPF ao fazer cadastro em casas de apostas. E o mesmo CPF deve ser utilizado para a verifica\u00e7\u00e3o do m\u00e9todo de pagamento, etapa imprescind\u00edvel para a realiza\u00e7\u00e3o de saques.<\/td><\/tr><\/tbody><\/table><\/figure>\n\n\n\n<h2 class=\"wp-block-heading\" id=\"Conclus\u00e3o\">Escolha m\u00e9todos de pagamento de casas de apostas seguros<\/h2>\n\n\n\n<p>Optar por um dos m\u00e9todos de pagamento de casas de apostas dispon\u00edveis no Brasil \u00e9 uma decis\u00e3o particular de cada jogador.&nbsp;<\/p>\n\n\n\n<p>No entanto, garantir a seguran\u00e7a, seja da transa\u00e7\u00e3o em si quanto de seus dados financeiros e pessoais, \u00e9 algo crucial que o meio de pagamento deve proporcionar para voc\u00ea.<\/p>\n\n\n\n<p>Ent\u00e3o, escolha com cuidado a carteira digital, cart\u00e3o, aplicativo e criptomoedas. Como muitos brasileiros preferem usar Pix, certifique-se de que o site de aposta \u00e9 id\u00f4neo, criptografado e realmente confi\u00e1vel antes de compartilhar informa\u00e7\u00f5es como o CPF.<\/p>\n\n\n\n<p>Todo mundo j\u00e1 sabe, mas n\u00e3o custa lembrar: para evitar dor de cabe\u00e7a na hora de utilizar m\u00e9todos de pagamento de casas de apostas, leia os termos e condi\u00e7\u00f5es de uso do site antes de fazer suas bets.<\/p>\n\n\n\t\t<\/article>\n\t\t<div class=\"lg:w-[300px] lg:flex-shrink-0 relative\" x-data=\"{show_toc: false}\">\n\t\t\t<div class=\"lg:sticky lg:top-4 z-30\">\n\t\t\t\t<div class=\"fixed -top-64 left-0 w-full z-50 lg:static transition-all hidden lg:block\" id=\"fixed-toc\">\n\t\t\t\t\t<div>\n\t\t\t\t<div class=\"border-b border-solid border-gray-30 text-lg font-bold lg:pt-7 max-lg:px-4 py-3 flex items-center justify-between bg-white lg:bg-transparent\">\n\t\t\tO que h\u00e1 nesta p\u00e1gina\n\t\t\t<button @click=\"show_toc = true\" class=\"btn btn-red-outline-white block lg:hidden\">Jump to<\/button>\n\t\t<\/div>\n\t\t\t\t<div\n\t\t\tclass=\"max-lg:fixed max-lg:top-0 max-lg:left-0 max-lg:w-screen max-lg:h-screen max-lg:bg-gray-70 max-lg:bg-opacity-75 max-lg:hidden\"\n\t\t\t:class=\"{'max-lg:hidden': !show_toc}\"\n\t\t\t@click=\"show_toc = false\"\n\t\t>\n\t\t\t<div class=\"max-lg:absolute max-lg:bottom-0 max-lg:left-0 max-lg:w-screen bg-white lg:bg-transparent\">\n\t\t\t\t\t\t\t\t<div class=\"flex lg:hidden items-center justify-between mx-4 border-b border-solid border-gray-30 pt-6 pb-2 font-bold\">\n\n\t\t\t\t\tNesta p\u00e1gina\n\t\t\t\t\t<button @click=\"show_toc = false\">\n\t\t\t\t\t\t<svg class=\"w-5 h-5 text-gray-100\" xmlns=\"http:\/\/www.w3.org\/2000\/svg\" fill=\"none\" stroke=\"currentColor\" stroke-width=\"1.5\" class=\"w-6 h-6\" viewBox=\"0 0 24 24\"><path stroke-linecap=\"round\" stroke-linejoin=\"round\" d=\"M6 18 18 6M6 6l12 12\"\/><\/svg>\t\t\t\t\t<\/button>\n\t\t\t\t<\/div>\n\t\t\t\t<ul id=\"toc\" class=\"mt-5 max-h-[85vh] overflow-y-auto list-none bt-scrollbars\">\n\n\t\t\t\t\t\t\t\t\t\t\t<li>\n\t\t\t\t\t\t\t<a href=\"#Pagamentos-populares\" data-bt-toc-item=\"Pagamentos-populares\"\n\t\t\t\t\t\t\t\t @click=\"show_toc = false\"\n\t\t\t\t\t\t\t\t class=\"block px-4 py-2 text-black border-l-4 border-solid border-transparent hover:border-red-100 transition-all hover:!border-b-0 hover:font-bold\">\n5 m\u00e9todos de pagamento mais populares de casas de apostas no Brasil em 2024\n<\/a>\n\t\t\t\t\t\t<\/li>\n\t\t\t\t\t\t\t\t\t\t\t<li>\n\t\t\t\t\t\t\t<a href=\"#Tipos\" data-bt-toc-item=\"Tipos\"\n\t\t\t\t\t\t\t\t @click=\"show_toc = false\"\n\t\t\t\t\t\t\t\t class=\"block px-4 py-2 text-black border-l-4 border-solid border-transparent hover:border-red-100 transition-all hover:!border-b-0 hover:font-bold\">\nDiferentes tipos de m\u00e9todos de pagamento\n<\/a>\n\t\t\t\t\t\t<\/li>\n\t\t\t\t\t\t\t\t\t\t\t<li>\n\t\t\t\t\t\t\t<a href=\"#Solu\u00c3\u00a7\u00c3\u00b5es\" data-bt-toc-item=\"Solu\u00c3\u00a7\u00c3\u00b5es\"\n\t\t\t\t\t\t\t\t @click=\"show_toc = false\"\n\t\t\t\t\t\t\t\t class=\"block px-4 py-2 text-black border-l-4 border-solid border-transparent hover:border-red-100 transition-all hover:!border-b-0 hover:font-bold\">\nSolu\u00e7\u00f5es para problemas comuns com m\u00e9todos de pagamento para apostas\n<\/a>\n\t\t\t\t\t\t<\/li>\n\t\t\t\t\t\t\t\t\t\t\t<li>\n\t\t\t\t\t\t\t<a href=\"#Dicas\" data-bt-toc-item=\"Dicas\"\n\t\t\t\t\t\t\t\t @click=\"show_toc = false\"\n\t\t\t\t\t\t\t\t class=\"block px-4 py-2 text-black border-l-4 border-solid border-transparent hover:border-red-100 transition-all hover:!border-b-0 hover:font-bold\">\n8 dicas para ajud\u00e1-lo a escolher o melhor m\u00e9todo para apostar\n<\/a>\n\t\t\t\t\t\t<\/li>\n\t\t\t\t\t\t\t\t\t\t\t<li>\n\t\t\t\t\t\t\t<a href=\"#Dep\u00c3\u00b3sitos-saques\" data-bt-toc-item=\"Dep\u00c3\u00b3sitos-saques\"\n\t\t\t\t\t\t\t\t @click=\"show_toc = false\"\n\t\t\t\t\t\t\t\t class=\"block px-4 py-2 text-black border-l-4 border-solid border-transparent hover:border-red-100 transition-all hover:!border-b-0 hover:font-bold\">\nComo fazer dep\u00f3sito e saque dos seus ganhos\n<\/a>\n\t\t\t\t\t\t<\/li>\n\t\t\t\t\t\t\t\t\t\t\t<li>\n\t\t\t\t\t\t\t<a href=\"#Conclus\u00c3\u00a3o\" data-bt-toc-item=\"Conclus\u00c3\u00a3o\"\n\t\t\t\t\t\t\t\t @click=\"show_toc = false\"\n\t\t\t\t\t\t\t\t class=\"block px-4 py-2 text-black border-l-4 border-solid border-transparent hover:border-red-100 transition-all hover:!border-b-0 hover:font-bold\">\nEscolha m\u00e9todos de pagamento de casas de apostas seguros\n<\/a>\n\t\t\t\t\t\t<\/li>\n\t\t\t\t\t\t\t\t\t<\/ul>\n\t\t\t\t\t\t\t\t\t\t\t<\/div>\n\t\t<\/div>\n\t<\/div>\n\t\t\t\t\t<\/div>\n\t\t\t<\/div>\n\t\t<\/div>\n\t<\/div>\n<\/div>\n\t<\/div>\n<\/div>\n\n","protected":false},"excerpt":{"rendered":"","protected":false},"author":67,"featured_media":0,"parent":0,"menu_order":0,"comment_status":"closed","ping_status":"closed","template":"","meta":{"footnotes":""},"tags":[],"acf":[],"_links":{"self":[{"href":"https:\/\/betting.com\/br\/wp-json\/wp\/v2\/pages\/2721"}],"collection":[{"href":"https:\/\/betting.com\/br\/wp-json\/wp\/v2\/pages"}],"about":[{"href":"https:\/\/betting.com\/br\/wp-json\/wp\/v2\/types\/page"}],"author":[{"embeddable":true,"href":"https:\/\/betting.com\/br\/wp-json\/wp\/v2\/users\/67"}],"replies":[{"embeddable":true,"href":"https:\/\/betting.com\/br\/wp-json\/wp\/v2\/comments?post=2721"}],"version-history":[{"count":14,"href":"https:\/\/betting.com\/br\/wp-json\/wp\/v2\/pages\/2721\/revisions"}],"predecessor-version":[{"id":4733,"href":"https:\/\/betting.com\/br\/wp-json\/wp\/v2\/pages\/2721\/revisions\/4733"}],"wp:attachment":[{"href":"https:\/\/betting.com\/br\/wp-json\/wp\/v2\/media?parent=2721"}],"wp:term":[{"taxonomy":"post_tag","embeddable":true,"href":"https:\/\/betting.com\/br\/wp-json\/wp\/v2\/tags?post=2721"}],"curies":[{"name":"wp","href":"https:\/\/api.w.org\/{rel}","templated":true}]}}