{"id":2660,"date":"2023-11-10T10:50:43","date_gmt":"2023-11-10T13:50:43","guid":{"rendered":"https:\/\/betting.com\/br\/?page_id=2660"},"modified":"2023-12-20T06:59:57","modified_gmt":"2023-12-20T09:59:57","slug":"info","status":"publish","type":"page","link":"https:\/\/betting.com\/br\/info","title":{"rendered":"Informa\u00e7\u00f5es"},"content":{"rendered":"\n<h2 class=\"wp-block-heading\">Informa\u00e7\u00f5es sobre leis e regulamenta\u00e7\u00e3o de aposta no Brasil<\/h2>\n\n\n\n<p>Apostas esportivas no Brasil n\u00e3o \u00e9 algo novo. Em 2018, a Lei n\u00famero 13.756\/2018 oficialmente introduziu a pr\u00e1tica no pa\u00eds, o que ficou conhecida como a Lei de Apostas Quota Fixas.&nbsp;<\/p>\n\n\n\n<p>Por\u00e9m, na \u00e9poca, a lei n\u00e3o indicou mais detalhes sobre as regras aplic\u00e1veis tanto para operadores, casas de apostas online e jogadores.&nbsp;<\/p>\n\n\n\n<p>J\u00e1 no ano de 2023, por meio da Medida Provis\u00f3ria 1182\/23, as apostas esportivas foram regulamentadas no Brasil.&nbsp;<\/p>\n\n\n\n<p>Entre os pontos mais importantes, o texto determinou que pessoas menores de 18 anos est\u00e3o pro\u00edbidas de fazer apostas esportivas, bem como dirigentes de empresas de apostas e agentes p\u00fablicos envolvidos na fiscaliza\u00e7\u00e3o.<\/p>\n\n\n\n<p>No momento, o Senado Federal discute o tema das bets no Brasil. O que est\u00e1 em an\u00e1lise \u00e9 o Projeto de Lei n\u00famero 3626\/23.&nbsp;<\/p>\n\n\n\n<p>De acordo com o texto, somentes empresas licenciadas e autorizadas pelo Minist\u00e9rio da Fazenda poder\u00e3o oferecer apostas esportivas no pa\u00eds.&nbsp;<\/p>\n\n\n\n<p>Para obter a permiss\u00e3o, as empresas de bets submeter o pedido, que ter\u00e1 validade de 5 anos, e dever\u00e3o arcar com um custo de R$30 milh\u00f5es.&nbsp;<\/p>\n\n\n\n<h3 class=\"wp-block-heading\">Betting.com\/br atualiza voc\u00ea com as \u00faltimas not\u00edcias de aposta no Brasil<\/h3>\n\n\n\n<p>Como o setor de apostas esportivas no Brasil est\u00e1 prestes a ser regulamentado, \u00e9 fundamental para o apostador se manter atualizado sobre os principais acontecimentos.&nbsp;<\/p>\n\n\n\n<p>Por isso, sempre acompanhamos as principais novidades sobre o setor e, de forma completa e direta, explicamos todos os \u00faltimos desenvolvimentos no que diz respeito \u00e0s leis e regras de apostas.&nbsp;<\/p>\n\n\n\n<h2 class=\"wp-block-heading\">Betting.com\/br responde suas d\u00favidas sobre apostas no Brasil<\/h2>\n\n\n\n<p>Aqui no betting.com\/br, voc\u00ea pode tirar todas as suas d\u00favidas para ter uma experi\u00eancia de aposta mais satisfat\u00f3ria e segura.&nbsp;<\/p>\n\n\n\n<p>Contamos com \u00e1reas espec\u00edficas em nosso site, onde abordamos conte\u00fados aprofundados sobre jogo respons\u00e1vel, licen\u00e7as, impostos sobre pr\u00eamios e mais.&nbsp;<\/p>\n\n\n\n<h3 class=\"wp-block-heading\">Licen\u00e7as para casas de aposta no Brasil<\/h3>\n\n\n\n<p>Apostar em sites licenciados \u00e9 algo fundamental para garantir a integridade da sua experi\u00eancia de jogo.<\/p>\n\n\n\n<p>As casas de apostas presentes neste site s\u00e3o licenciadas e autorizadas para fornecer esse tipo de entretenimento, tanto a n\u00edvel internacional quanto nacional.<\/p>\n\n\n\n<h3 class=\"wp-block-heading\">Jogue com responsabilidade<\/h3>\n\n\n\n<p>Outro pilar do betting.com\/br \u00e9 promover a\u00e7\u00f5es para que voc\u00ea jogue com responsabilidade.&nbsp;<\/p>\n\n\n\n<p>N\u00e3o apenas fornecemos informa\u00e7\u00f5es sobre as ferramentas de jogo respons\u00e1vel das casas de apostas que analisamos aqui, como tamb\u00e9m atualizamos os apostadores com as \u00faltimas novidades sobre o assunto.<\/p>\n\n\n\n<h3 class=\"wp-block-heading\">Impostos sobre pr\u00eamios de apostas no BR<\/h3>\n\n\n\n<p>Assim como acontece com as loterias no Brasil, h\u00e1 incid\u00eancia de imposto nos pr\u00eamios acima do valor limite do Imposto de Renda.&nbsp;<\/p>\n\n\n\n<p>O valor \u00e9 de 30%, descontado diretamente na fonte pagadora.<\/p>\n\n\n\n<h3 class=\"wp-block-heading\">Por que as casas de apostas solicitam documentos pessoais?<\/h3>\n\n\n\n<p>As casas de apostas licenciadas e que cumprem as regras para oferta de bets esportivas tamb\u00e9m s\u00e3o obrigadas a solicitar documentos pessoais de seus usu\u00e1rios.&nbsp;<\/p>\n\n\n\n<p>H\u00e1 alguns motivos por tr\u00e1s dessa exig\u00eancia. Um deles \u00e9 por conta da proibi\u00e7\u00e3o do cadastro de menores de 18 anos. Outro motivo relevante \u00e9 devido \u00e0s a\u00e7\u00f5es contra lavagem de dinheiro.<\/p>\n\n\n\n<h2 class=\"wp-block-heading\">Por que confiar no betting.com\/br?<\/h2>\n\n\n\n<p>Aqui no betting.com\/br voc\u00ea vai encontrar um conte\u00fado direto, informativo, honesto e transparente sobre as apostas esportivas no Brasil.&nbsp;<\/p>\n\n\n\n<p>O objetivo da <a href=\"https:\/\/betting.com\/br\/sobre-nos\">nossa equipe<\/a> \u00e9 que, com a informa\u00e7\u00e3o precisa e relevante, voc\u00ea possa fazer boas e conscientes escolhas na hora de apostar.&nbsp;<\/p>\n\n\n\n<p>Pesquisamos e destrinchamos as informa\u00e7\u00f5es, e mantemos voc\u00ea atualizado com os principais aspectos da ind\u00fastria de jogos, de forma clara e objetiva.<\/p>\n\n\n\n<p>Defendemos o uso de casas de apostas licenciadas e seguras e, \u00e9 claro, sempre alertamos os apostadores a lerem atentamente os termos e condi\u00e7\u00f5es, bem como seguir as orienta\u00e7\u00f5es para que jogue com responsabilidade.<\/p>\n","protected":false},"excerpt":{"rendered":"<p>Informa\u00e7\u00f5es sobre leis e regulamenta\u00e7\u00e3o de aposta no Brasil Apostas esportivas no Brasil n\u00e3o \u00e9 algo novo. Em 2018, a Lei n\u00famero 13.756\/2018 oficialmente introduziu a pr\u00e1tica no pa\u00eds, o que ficou conhecida como a Lei de Apostas Quota Fixas.&nbsp; Por\u00e9m, na \u00e9poca, a lei n\u00e3o indicou mais detalhes sobre as regras aplic\u00e1veis tanto para&#8230;<\/p>\n","protected":false},"author":67,"featured_media":0,"parent":0,"menu_order":0,"comment_status":"closed","ping_status":"closed","template":"","meta":{"footnotes":""},"tags":[],"acf":[],"_links":{"self":[{"href":"https:\/\/betting.com\/br\/wp-json\/wp\/v2\/pages\/2660"}],"collection":[{"href":"https:\/\/betting.com\/br\/wp-json\/wp\/v2\/pages"}],"about":[{"href":"https:\/\/betting.com\/br\/wp-json\/wp\/v2\/types\/page"}],"author":[{"embeddable":true,"href":"https:\/\/betting.com\/br\/wp-json\/wp\/v2\/users\/67"}],"replies":[{"embeddable":true,"href":"https:\/\/betting.com\/br\/wp-json\/wp\/v2\/comments?post=2660"}],"version-history":[{"count":15,"href":"https:\/\/betting.com\/br\/wp-json\/wp\/v2\/pages\/2660\/revisions"}],"predecessor-version":[{"id":3251,"href":"https:\/\/betting.com\/br\/wp-json\/wp\/v2\/pages\/2660\/revisions\/3251"}],"wp:attachment":[{"href":"https:\/\/betting.com\/br\/wp-json\/wp\/v2\/media?parent=2660"}],"wp:term":[{"taxonomy":"post_tag","embeddable":true,"href":"https:\/\/betting.com\/br\/wp-json\/wp\/v2\/tags?post=2660"}],"curies":[{"name":"wp","href":"https:\/\/api.w.org\/{rel}","templated":true}]}}