{"id":2503,"date":"2023-11-02T06:13:51","date_gmt":"2023-11-02T09:13:51","guid":{"rendered":"https:\/\/betting.com\/br\/?page_id=2503"},"modified":"2023-12-20T06:58:31","modified_gmt":"2023-12-20T09:58:31","slug":"autores","status":"publish","type":"page","link":"https:\/\/betting.com\/br\/autores","title":{"rendered":"Autores"},"content":{"rendered":"\n<p>Os nossos redatores do <a href=\"https:\/\/betting.com\/br\/\">betting.com\/br<\/a> trazem para campo vasta experi\u00eancia e conhecimento sobre esportes, apostas esportivas e ind\u00fastria de jogos. Eles oferecem a voc\u00ea tudo sobre as bets, desde compreens\u00edveis an\u00e1lises de casas de apostas at\u00e9 os principais eventos esportivos. Aqui voc\u00ea tem acesso aos perfis dos redatores que elaboram todo o conte\u00fado relevante sobre apostas esportivas no Brasil.<\/p>\n\n\n<section class=\"py-4 lg:py-8 relative wp-block-user-grid\">\n\t\t\t<div class=\"grid grid-cols-12 justify-center gap-4 lg:gap-8\">\n\t\t\t\t\t\t\t\t\t\t\t\t<div class=\"col-span-6 lg:col-span-3\">\n\t<div class=\"flex flex-col\">\n\t\t\t<img\n\t\t\t\t\tsrcset=\"https:\/\/betting.com\/br\/wp-content\/uploads\/sites\/7\/Ligia-Napolitano-180x180.webp 180w, https:\/\/betting.com\/br\/wp-content\/uploads\/sites\/7\/Ligia-Napolitano-180x180.png 180w, https:\/\/betting.com\/br\/wp-content\/uploads\/sites\/7\/Ligia-Napolitano.webp 300w, https:\/\/betting.com\/br\/wp-content\/uploads\/sites\/7\/Ligia-Napolitano.png 300w\"\n\t\t\t\tsizes=\"290w\"\n\t\tsrc=\"https:\/\/betting.com\/br\/wp-content\/uploads\/sites\/7\/Ligia-Napolitano.png\"\n\t\talt=\"Ligia Gauri\"\n\t\t\t\t\twidth=\"290\"\n\t\t\t\t\t\t\theight=\"290\"\n\t\t\t\tclass=\"object-cover object-center bg-cover bg-center object-cover max-lg:h-full w-[290px] h-[290px] mx-auto\"\n\t\tstyle=\" \"\n\t\tloading=\"lazy\"\n\t\t\t>\n\t\t\t<div class=\"font-bold text-xl lg:text-2xl text-center text-green-100 mt-2 lg:mt-4\">\n\t\t\t\t<a href=\"https:\/\/betting.com\/br\/autores\/ligianapolitano\" class=\"text-green-100\">\t\t\t\t\tLigia Gauri\n\t\t\t\t<\/a>\t\t\t<\/div>\n\t\t\t\t\t\t\t\t\t\t<span class=\"text-xs lg:text-base text-center text-yellow-140 lg:mt-1\">Redator de conte\u00fado<\/span>\n\t\t\t\t\t\t\t\t\t\t<div class=\"flex flex-row justify-center items-center gap-x-6 mt-4\">\n\n\t\t\t\t\t\t\t\t\t\t\n\t\t\t\t\t\t\t\t\t\t\n\t\t\t\t\t\t\t\t\t\t\n\t\t\t\t\t\t\t\t\t\t\n\t\t\t\t\t\t\t\t\t\t\n\t\t\t\t\t\t\t\t\t\t\t\t\t\t\t\t<a href=\"https:\/\/linkedin.com\/in\/ligia-gauri\/\" target=\"_blank\" rel=\"nofollow noopener noreferrer\">\n\t\t\t\t\t\t\t<svg class=\"w-4 h-4 text-red-100 transition-all duration-300 hover:brightness-75\" xmlns=\"http:\/\/www.w3.org\/2000\/svg\" width=\"20\" height=\"19\" fill=\"currentColor\" viewBox=\"0 0 20 19\"><path d=\"M4.94 2.125a2 2 0 1 1-4-.002 2 2 0 0 1 4 .002M5 5.605H1v12.52h4zm6.32 0H7.34v12.52h3.94v-6.57c0-3.66 4.77-4 4.77 0v6.57H20v-7.93c0-6.17-7.06-5.94-8.72-2.91z\"\/><\/svg>\t\t\t\t\t\t<\/a>\n\t\t\t\t\t\n\t\t\t\t\t\t\t\t\t\t\t\t\t\t<\/div>\n\t\t\t\t<\/div>\n<\/div>\n\t\t\t\t\t\t\t\t\t\t\t\t\t\t\t\t<div class=\"col-span-6 lg:col-span-3\">\n\t<div class=\"flex flex-col\">\n\t\t\t<img\n\t\t\t\t\tsrcset=\"https:\/\/betting.com\/br\/wp-content\/uploads\/sites\/7\/Enrique-Manzanares-180x180.webp 180w, https:\/\/betting.com\/br\/wp-content\/uploads\/sites\/7\/Enrique-Manzanares-180x180.png 180w, https:\/\/betting.com\/br\/wp-content\/uploads\/sites\/7\/Enrique-Manzanares.webp 300w, https:\/\/betting.com\/br\/wp-content\/uploads\/sites\/7\/Enrique-Manzanares.png 300w\"\n\t\t\t\tsizes=\"290w\"\n\t\tsrc=\"https:\/\/betting.com\/br\/wp-content\/uploads\/sites\/7\/Enrique-Manzanares.png\"\n\t\talt=\"Enrique\"\n\t\t\t\t\twidth=\"290\"\n\t\t\t\t\t\t\theight=\"290\"\n\t\t\t\tclass=\"object-cover object-center bg-cover bg-center object-cover max-lg:h-full w-[290px] h-[290px] mx-auto\"\n\t\tstyle=\" \"\n\t\tloading=\"lazy\"\n\t\t\t>\n\t\t\t<div class=\"font-bold text-xl lg:text-2xl text-center text-green-100 mt-2 lg:mt-4\">\n\t\t\t\t<a href=\"https:\/\/betting.com\/br\/autores\/enriquemanzanares\" class=\"text-green-100\">\t\t\t\t\tEnrique\n\t\t\t\t<\/a>\t\t\t<\/div>\n\t\t\t\t\t\t\t\t\t\t<span class=\"text-xs lg:text-base text-center text-yellow-140 lg:mt-1\">Redator de conte\u00fado<\/span>\n\t\t\t\t\t\t\t\t\t\t<div class=\"flex flex-row justify-center items-center gap-x-6 mt-4\">\n\n\t\t\t\t\t\t\t\t\t\t\n\t\t\t\t\t\t\t\t\t\t\n\t\t\t\t\t\t\t\t\t\t\n\t\t\t\t\t\t\t\t\t\t\n\t\t\t\t\t\t\t\t\t\t\n\t\t\t\t\t\t\t\t\t\t\n\t\t\t\t\t\t\t\t\t\t\t\t\t\t<\/div>\n\t\t\t\t<\/div>\n<\/div>\n\t\t\t\t\t\t\t\t\t<\/div>\n  <\/section>\n","protected":false},"excerpt":{"rendered":"<p>Os nossos redatores do betting.com\/br trazem para campo vasta experi\u00eancia e conhecimento sobre esportes, apostas esportivas e ind\u00fastria de jogos. Eles oferecem a voc\u00ea tudo sobre as bets, desde compreens\u00edveis an\u00e1lises de casas de apostas at\u00e9 os principais eventos esportivos. Aqui voc\u00ea tem acesso aos perfis dos redatores que elaboram todo o conte\u00fado relevante sobre&#8230;<\/p>\n","protected":false},"author":67,"featured_media":0,"parent":0,"menu_order":0,"comment_status":"closed","ping_status":"closed","template":"","meta":{"footnotes":""},"tags":[],"acf":[],"_links":{"self":[{"href":"https:\/\/betting.com\/br\/wp-json\/wp\/v2\/pages\/2503"}],"collection":[{"href":"https:\/\/betting.com\/br\/wp-json\/wp\/v2\/pages"}],"about":[{"href":"https:\/\/betting.com\/br\/wp-json\/wp\/v2\/types\/page"}],"author":[{"embeddable":true,"href":"https:\/\/betting.com\/br\/wp-json\/wp\/v2\/users\/67"}],"replies":[{"embeddable":true,"href":"https:\/\/betting.com\/br\/wp-json\/wp\/v2\/comments?post=2503"}],"version-history":[{"count":15,"href":"https:\/\/betting.com\/br\/wp-json\/wp\/v2\/pages\/2503\/revisions"}],"predecessor-version":[{"id":3245,"href":"https:\/\/betting.com\/br\/wp-json\/wp\/v2\/pages\/2503\/revisions\/3245"}],"wp:attachment":[{"href":"https:\/\/betting.com\/br\/wp-json\/wp\/v2\/media?parent=2503"}],"wp:term":[{"taxonomy":"post_tag","embeddable":true,"href":"https:\/\/betting.com\/br\/wp-json\/wp\/v2\/tags?post=2503"}],"curies":[{"name":"wp","href":"https:\/\/api.w.org\/{rel}","templated":true}]}}