{"id":2403,"date":"2023-10-30T07:44:38","date_gmt":"2023-10-30T10:44:38","guid":{"rendered":"https:\/\/betting.com\/br\/?page_id=2403"},"modified":"2023-12-20T06:58:55","modified_gmt":"2023-12-20T09:58:55","slug":"politica-editorial","status":"publish","type":"page","link":"https:\/\/betting.com\/br\/sobre-nos\/politica-editorial","title":{"rendered":"Pol\u00edtica editorial"},"content":{"rendered":"\n<p>Bem-vindo ao Betting.com, a sua fonte confi\u00e1vel, compreens\u00edvel e fidedigna de informa\u00e7\u00f5es de apostas. O nosso objetivo \u00e9 guiar apostadores como voc\u00ea a encontrarem os melhores e mais respeit\u00e1veis sites de apostas, todos verificados e testados pelo nosso time de profissionais de redatores de esportes e apostas.<\/p>\n\n\n\n<p>Seguimos as orienta\u00e7\u00f5es indicadas abaixo para garantir que tudo o que informamos a voc\u00ea possa contribuir para a sua jornada como apostador esportivo. Seja em nossas an\u00e1lises de sites de apostas, competi\u00e7\u00f5es populares, estrat\u00e9gias de gerenciamento de budget, guias, b\u00f4nus e mais, todo o conte\u00fado que elaboramos aqui \u00e9 dedicado a ajud\u00e1-lo.&nbsp;<\/p>\n\n\n\n<p>Para alcan\u00e7ar esse objetivo, n\u00f3s aderimos \u00e0 uma rigorosa linha editorial, que enfatiza opin\u00f5es imparciais, precis\u00e3o, clareza de informa\u00e7\u00e3o e divulga\u00e7\u00e3o transparente de fontes, assim como estamos comprometidos com revis\u00f5es e corre\u00e7\u00f5es de erros.&nbsp;<\/p>\n\n\n\n<p>Estaremos ao seu lado \u00e0 medida em que voc\u00ea inicia a sua jornada nas apostas, oferecendo uma abordagem jornal\u00edstica atualiza e descritiva que o empodera a tomar decis\u00f5es confiantes e bem informadas.<\/p>\n\n\n\n<p>Reconhemos a import\u00e2ncia de mantermos a continuidade da nossa opera\u00e7\u00e3o. Ao mesmo tempo, estamos comprometidos com uma comunica\u00e7\u00e3o inabalavelmente transparente e a nossa linha editorial honesta permanece intacta ao longo de todo o nosso <a href=\"https:\/\/betting.com\/br\/sobre-nos\/aviso-publicidade\">conte\u00fado publicit\u00e1rio<\/a> publicado.&nbsp;<\/p>\n\n\n\n<p>Mesmo mantendo acordos com sites de apostas licenciados para operar em mercados variados, as nossas an\u00e1lises tem como base a verdade e avalia\u00e7\u00e3o dos fatos. As nossas recomenda\u00e7\u00f5es partem de um ponto de vista aut\u00eantico, garantindo uma perpectiva sempre imparcial.<\/p>\n\n\n\n<h2 class=\"wp-block-heading\">Princ\u00edpios editorias do Betting.com\/br<\/h2>\n\n\n\n<h3 class=\"wp-block-heading\">1.Opini\u00f5es imparciais: empoderando as suas escolhas<\/h3>\n\n\n\n<p>A linha editorial do Betting.com\/br \u00e9 constru\u00edda sob o princ\u00edpio da imparcialidade. Nossos redadores esportivos profissionais garantem que as nossas recomenda\u00e7\u00f5es sejam resultado de uma perspectiva aut\u00eantica e sempre isenta.<\/p>\n\n\n\n<p>Nossa opini\u00e3o \u00e9 imparcial e focada em gui\u00e1-lo em dire\u00e7\u00e3o \u00e0s plataformas mais confi\u00e1veis dispon\u00edveis.&nbsp;<\/p>\n\n\n\n<p>Temos como miss\u00e3o emponderar as suas escolhas, para que voc\u00ea possa escolher com confian\u00e7a os sites de apostas que est\u00e3o alinhados com suas prefer\u00eancias e necessidades.<\/p>\n\n\n\n<h3 class=\"wp-block-heading\">2.Precis\u00e3o: a base da confian\u00e7a<\/h3>\n\n\n\n<p>No Betting.com\/br, o nosso time dedicado formado por experientes redatores de esportes e apostas d\u00e1 especial aten\u00e7\u00e3o \u00e0 precis\u00e3o.&nbsp;<\/p>\n\n\n\n<p>N\u00f3s conduzimos pesquisas completas, apoiamo-nos em insights baseados em fatos e priorizamos estat\u00edsticas verificadas para proporcionar informa\u00e7\u00e3o atualizada e confi\u00e1vel.&nbsp;<\/p>\n\n\n\n<p>As nossas recomenda\u00e7\u00f5es de sites, que tem como base avalia\u00e7\u00e3o cr\u00edtica e objetiva, garantem indica\u00e7\u00f5es precisas e genu\u00ednas para decis\u00f5es de apostas bem-informadas.<\/p>\n\n\n\n<h3 class=\"wp-block-heading\">3.Informa\u00e7\u00e3o clara: navegando pela complexidade com clareza<\/h3>\n\n\n\n<p>Aposta \u00e9 um conceito que pode ser complexo. Para ajud\u00e1-lo a navegar por esse universo, nos esfor\u00e7amos para apresentar informa\u00e7\u00e3o clara, concisa e facilmente compreens\u00edvel. Os nossos redatores esportivos produzem conte\u00fado acess\u00edvel para todos os apostadores. Explicamos g\u00edrias, jarg\u00f5es e desmistificamos o processo de apostas.<\/p>\n\n\n\n<h3 class=\"wp-block-heading\">4. Transpar\u00eancia: o pilar da confian\u00e7a<\/h3>\n\n\n\n<p>Confian\u00e7a \u00e9 a base do nosso relacionamento com os nossos leitores. Para manter a confiabilidade, somos comprometidos com a total transpar\u00eancia. Nossa linha editorial determina que divulguemos abertamente nossas fontes de informa\u00e7\u00e3o.&nbsp;<\/p>\n\n\n\n<p>Baseamos as nossas recomenda\u00e7\u00f5es em dados respeit\u00e1veis e verificados da ind\u00fastria de apostas, organiza\u00e7\u00f5es esportivas e declara\u00e7\u00f5es oficiais. Essa transpar\u00eancia garante que voc\u00ea tome decis\u00f5es plenamente informadas sobre os sites que deseja explorar.<\/p>\n\n\n\n<h3 class=\"wp-block-heading\">5. Revis\u00f5es e corre\u00e7\u00f5es de erros: a jornada em dire\u00e7\u00e3o \u00e0 perfei\u00e7\u00e3o<\/h3>\n\n\n\n<p>N\u00f3s reconhecemos que erros podem acontecer ocasionalmente. Nossos redatores esportivos e time editorial o encoraja a enviar o seu feedback para n\u00f3s.&nbsp;<\/p>\n\n\n\n<p>Caso tenha identificado imprecis\u00f5es ou erros em nossos artigos, por favor, informe-nos a respeito por meio do formul\u00e1rio da <a href=\"https:\/\/betting.com\/br\/sobre-nos\">p\u00e1gina Sobre n\u00f3s<\/a>.&nbsp;<\/p>\n\n\n\n<p>As suas contribui\u00e7\u00f5es s\u00e3o valiosas para n\u00f3s, e estamos comprometidos em resolver quaisquer problemas identificados prontamente.<\/p>\n\n\n\n<h2 class=\"wp-block-heading\">Nosso time editorial<\/h2>\n\n\n\n<p>Contamos apenas com especialistas em apostas esportivas. Em nosso time temos jornalistas e profissionais talentosos e experientes em suas respectivas \u00e1reas e esportes.<\/p>\n\n\n\n<p>Eles t\u00eam experi\u00eancia em apostas esportivas e na ind\u00fastria de jogos, e querem que os apostadores se beneficiem do cont\u00e9udo apresentado aqui.<\/p>\n\n\n\n<p>Quando solicitado, o nosso editor chefe, head de departamento e experts podem comentar publicamente sobre seus conhecimentos, bem como todos os servi\u00e7os dispon\u00edveis no Betting.com\/br.<\/p>\n","protected":false},"excerpt":{"rendered":"<p>Bem-vindo ao Betting.com, a sua fonte confi\u00e1vel, compreens\u00edvel e fidedigna de informa\u00e7\u00f5es de apostas. O nosso objetivo \u00e9 guiar apostadores como voc\u00ea a encontrarem os melhores e mais respeit\u00e1veis sites de apostas, todos verificados e testados pelo nosso time de profissionais de redatores de esportes e apostas. Seguimos as orienta\u00e7\u00f5es indicadas abaixo para garantir que&#8230;<\/p>\n","protected":false},"author":67,"featured_media":0,"parent":2332,"menu_order":0,"comment_status":"closed","ping_status":"closed","template":"","meta":{"footnotes":""},"tags":[],"acf":[],"_links":{"self":[{"href":"https:\/\/betting.com\/br\/wp-json\/wp\/v2\/pages\/2403"}],"collection":[{"href":"https:\/\/betting.com\/br\/wp-json\/wp\/v2\/pages"}],"about":[{"href":"https:\/\/betting.com\/br\/wp-json\/wp\/v2\/types\/page"}],"author":[{"embeddable":true,"href":"https:\/\/betting.com\/br\/wp-json\/wp\/v2\/users\/67"}],"replies":[{"embeddable":true,"href":"https:\/\/betting.com\/br\/wp-json\/wp\/v2\/comments?post=2403"}],"version-history":[{"count":6,"href":"https:\/\/betting.com\/br\/wp-json\/wp\/v2\/pages\/2403\/revisions"}],"predecessor-version":[{"id":3246,"href":"https:\/\/betting.com\/br\/wp-json\/wp\/v2\/pages\/2403\/revisions\/3246"}],"up":[{"embeddable":true,"href":"https:\/\/betting.com\/br\/wp-json\/wp\/v2\/pages\/2332"}],"wp:attachment":[{"href":"https:\/\/betting.com\/br\/wp-json\/wp\/v2\/media?parent=2403"}],"wp:term":[{"taxonomy":"post_tag","embeddable":true,"href":"https:\/\/betting.com\/br\/wp-json\/wp\/v2\/tags?post=2403"}],"curies":[{"name":"wp","href":"https:\/\/api.w.org\/{rel}","templated":true}]}}