{"id":2398,"date":"2023-10-30T06:08:36","date_gmt":"2023-10-30T09:08:36","guid":{"rendered":"https:\/\/betting.com\/br\/?page_id=2398"},"modified":"2024-01-30T09:58:48","modified_gmt":"2024-01-30T12:58:48","slug":"aviso-publicidade","status":"publish","type":"page","link":"https:\/\/betting.com\/br\/sobre-nos\/aviso-publicidade","title":{"rendered":"Aviso publicidade"},"content":{"rendered":"\n<p>O Betting.com\/br empenha-se em transmitir o conhecimento e as informa\u00e7\u00f5es necess\u00e1rias para que os apostares tomem boas decis\u00f5es em prol da melhor experi\u00eancia ao apostar.<\/p>\n\n\n\n<p>Para alcan\u00e7ar esse objetivo, os nossos profissionais redatores de apostas esportivas pesquisam extensivamente e indica diversos sites de apostas, produtos e servi\u00e7os que atendem \u00e0s diferentes prefer\u00eancias.&nbsp;O nosso dedicado time investe incont\u00e1veis horas a cada m\u00eas avaliando uma ampla gama de sites e servi\u00e7os de apostas.<\/p>\n\n\n\n<p>Compreendemos a import\u00e2ncia de manter as nossas opera\u00e7\u00f5es. Para apoiar a nossa produ\u00e7\u00e3o de conte\u00fado, mantemos acordos financeiros com alguns dos sites de apostas apresentados em nossa plataforma.&nbsp;Isso significa que, em certos casos, recebemos comiss\u00e3o quando um leitor clica em um dos links presentes em nosso site.&nbsp;<\/p>\n\n\n\n<p>Entretanto, \u00e9 crucial notar que tais parcerias n\u00e3o influenciam indevidamente em nossas recomenda\u00e7\u00f5es e conselhos oferecidos por n\u00f3s e n\u00e3o interferem a nossa confiabilidade.<\/p>\n\n\n\n<p>Tenha certeza de que somos comprometidos com a transpar\u00eancia e em proporcionar aos nossos leitores insights imparciais e objetivos para que possam estar bem-informados na hora de tomar decis\u00f5es relacionadas \u00e0s apostas.<\/p>\n","protected":false},"excerpt":{"rendered":"<p>O Betting.com\/br empenha-se em transmitir o conhecimento e as informa\u00e7\u00f5es necess\u00e1rias para que os apostares tomem boas decis\u00f5es em prol da melhor experi\u00eancia ao apostar. Para alcan\u00e7ar esse objetivo, os nossos profissionais redatores de apostas esportivas pesquisam extensivamente e indica diversos sites de apostas, produtos e servi\u00e7os que atendem \u00e0s diferentes prefer\u00eancias.&nbsp;O nosso dedicado time&#8230;<\/p>\n","protected":false},"author":67,"featured_media":0,"parent":2332,"menu_order":0,"comment_status":"closed","ping_status":"closed","template":"","meta":{"footnotes":""},"tags":[],"acf":[],"_links":{"self":[{"href":"https:\/\/betting.com\/br\/wp-json\/wp\/v2\/pages\/2398"}],"collection":[{"href":"https:\/\/betting.com\/br\/wp-json\/wp\/v2\/pages"}],"about":[{"href":"https:\/\/betting.com\/br\/wp-json\/wp\/v2\/types\/page"}],"author":[{"embeddable":true,"href":"https:\/\/betting.com\/br\/wp-json\/wp\/v2\/users\/67"}],"replies":[{"embeddable":true,"href":"https:\/\/betting.com\/br\/wp-json\/wp\/v2\/comments?post=2398"}],"version-history":[{"count":6,"href":"https:\/\/betting.com\/br\/wp-json\/wp\/v2\/pages\/2398\/revisions"}],"predecessor-version":[{"id":3688,"href":"https:\/\/betting.com\/br\/wp-json\/wp\/v2\/pages\/2398\/revisions\/3688"}],"up":[{"embeddable":true,"href":"https:\/\/betting.com\/br\/wp-json\/wp\/v2\/pages\/2332"}],"wp:attachment":[{"href":"https:\/\/betting.com\/br\/wp-json\/wp\/v2\/media?parent=2398"}],"wp:term":[{"taxonomy":"post_tag","embeddable":true,"href":"https:\/\/betting.com\/br\/wp-json\/wp\/v2\/tags?post=2398"}],"curies":[{"name":"wp","href":"https:\/\/api.w.org\/{rel}","templated":true}]}}