{"id":2332,"date":"2023-10-26T10:32:11","date_gmt":"2023-10-26T13:32:11","guid":{"rendered":"https:\/\/betting.com\/br\/?page_id=2332"},"modified":"2024-07-31T12:29:30","modified_gmt":"2024-07-31T15:29:30","slug":"sobre-nos","status":"publish","type":"page","link":"https:\/\/betting.com\/br\/sobre-nos","title":{"rendered":"Sobre n\u00f3s"},"content":{"rendered":"\n<h2 class=\"wp-block-heading\" id=\"betting-com-br-o-seu-guia-de-sites-de-apostas-esportivas\">Betting.com\/br \u2014 O seu guia de sites de apostas esportivas<\/h2>\n\n\n\n<p>O Betting.com\/br \u00e9 formado por um time de especialistas que tem sabe tudo sobre uma das coisas que o brasileiro mais gosta: apostas esportivas.<\/p>\n\n\n\n<p>Nossos experts da ind\u00fastria das apostas esportivas est\u00e3o aqui para gui\u00e1-lo no universo das bets e deix\u00e1-lo confiante e confort\u00e1vel o suficiente para voc\u00ea fazer aquela fezinha esperta.<\/p>\n\n\n\n<h2 class=\"wp-block-heading\" id=\"nossos-objetivos\">Nossos objetivos<\/h2>\n\n\n\n<p>O nosso principal objetivo \u00e9 que voc\u00ea se torne um apostador esportivo ainda mais experiente.&nbsp;<\/p>\n\n\n\n<p>Por isso, o nosso time de especialistas est\u00e1 aqui para fornecer as informa\u00e7\u00f5es mais precisas e palpites valiosos para ajud\u00e1-lo a tirar o melhor proveito das casas de apostas.<\/p>\n\n\n\n<ul>\n<li><strong>An\u00e1lises de sites de apostas honestas<\/strong><\/li>\n<\/ul>\n\n\n\n<p>Testamos e avaliamos pessoalmente todas as an\u00e1lise de <a href=\"https:\/\/betting.com\/br\/sites-de-apostas\">sites de apostas<\/a> presentes no Betting.com\/br, fornecendo opini\u00e3o imparcial sobre cada um deles.<\/p>\n\n\n\n<ul>\n<li><strong>B\u00f4nus de apostas<\/strong><\/li>\n<\/ul>\n\n\n\n<p>Tamb\u00e9m analisamos os melhores b\u00f4nus, apostas gr\u00e1tis e outras promo\u00e7\u00f5es oferecidas pelos sites de apostas, trazendo para voc\u00ea sempre as ofertas mais vantajosas.<\/p>\n\n\n\n<ul>\n<li><strong>Odds, palpites e an\u00e1lises de m\u00e9todos de pagamento<\/strong><\/li>\n<\/ul>\n\n\n\n<p>Outra parte fundamental de nosso trabalho aqui \u00e9 mostrar para voc\u00ea quais sites oferecem odds honestas e interessantes. Al\u00e9m disso, explicamos como montar os seus palpites e quais s\u00e3o as melhores op\u00e7\u00f5es tanto para fazer a aposta quanto para sacar seus ganhos.<\/p>\n\n\n\n<ul>\n<li><strong>Guias de apostas<\/strong><\/li>\n<\/ul>\n\n\n\n<p>Aqui, voc\u00ea tem acesso aos nossos guias sobre como fazer as melhores apostas e quais s\u00e3o as estrat\u00e9gias devem ser utilizadas em casa de aposta.<\/p>\n\n\n\n<ul>\n<li><strong>Not\u00edcias sobre o mercado BR de apostas esportivas<\/strong><\/li>\n<\/ul>\n\n\n\n<p>Reunimos, ainda, todas as principais not\u00edcias sobre apostas esportivas no Brasil, indicado o impacto delas nas suas bets.<\/p>\n\n\n\n<h2 class=\"wp-block-heading\" id=\"o-que-fazemos\">O que fazemos<\/h2>\n\n\n\n<p>O nosso time trabalha para proporcionar a voc\u00ea a melhor experi\u00eancia de aposta poss\u00edvel.&nbsp;<\/p>\n\n\n\n<p>Neste site, os apostadores v\u00e3o encontrar todas as informa\u00e7\u00f5es necess\u00e1rias para decidirem quais s\u00e3o os melhores sites para apostar.<\/p>\n\n\n\n<p>Para n\u00f3s, quanto mais voc\u00ea souber e entender o funcionamento das casas de bets e do universo das apostas esportivas, jogar\u00e1 melhor e de forma respons\u00e1vel.<\/p>\n\n\n\n<h3 class=\"wp-block-heading\" id=\"historia-do-betting-com-br\">Hist\u00f3ria do Betting.com\/br<\/h3>\n\n\n\n<p>O site do Betting.com surgiu em 1994, no Canad\u00e1. De l\u00e1 para c\u00e1, a plataforma cresceu e, em 2020, foi adquirida pelo.<\/p>\n\n\n\n<p>Para proporcionar uma melhor experi\u00eancia para voc\u00ea, apostador, o Betting.com passou implementou recursos e melhorou o design nos \u00faltimos anos.&nbsp;<\/p>\n\n\n\n<p>E, em 2023, foi lan\u00e7ada a vers\u00e3o em portugu\u00eas para mercado de apostadores brasileiros apaixonados por esportes.<\/p>\n\n\n\n<h2 class=\"wp-block-heading\" id=\"o-time-do-betting-com-br\">O time do Betting.com\/br<\/h2>\n\n\n\n<p>A equipe do Betting.com\/br conta com especialistas em apostas esportivas e f\u00e3s das mais variadas modalidades de esporte, especialmente futebol.<\/p>\n\n\n\n<p>E \u00e9 por isso que aqui voc\u00ea s\u00f3 vai encontrar conte\u00fado relevante e de qualidade para que possa fazer bets cada vez mais lucrativas.<\/p>\n\n\n\n<h2 class=\"wp-block-heading\" id=\"entre-em-contato-com-a-gente\">Entre em contato com a gente<\/h2>\n\n\n\n<p>Se tiver qualquer d\u00favida ou coment\u00e1rio, sinta-se \u00e0 vontade para entrar em contato com a gente por meio do formul\u00e1rio abaixo:<\/p>\n\n\n<div class=\"wp-block-contact-form\">\n\t\t<style>\n\tinput[type=\"checkbox\"]:checked{\n\t\tbackground-image: url(\"data:image\/svg+xml;charset=utf-8,%3Csvg viewBox='0 0 16 16' fill='%23fff' xmlns='http:\/\/www.w3.org\/2000\/svg'%3E%3Cpath d='M12.207 4.793a1 1 0 0 1 0 1.414l-5 5a1 1 0 0 1-1.414 0l-2-2a1 1 0 0 1 1.414-1.414L6.5 9.086l4.293-4.293a1 1 0 0 1 1.414 0z'\/%3E%3C\/svg%3E\");\n\t}\n\t.select-wrapper:after{\n\t\tcontent: '';\n\t\tposition: absolute;\n\t\ttop: 41px;\n\t\tright: 7px;\n\t\twidth: 20px;\n\t\theight: 20px;\n\t\tpointer-events: none;\n\t\tbackground-image: url('data:image\/svg+xml,<svg xmlns=\"http:\/\/www.w3.org\/2000\/svg\" width=\"20\" height=\"20\" viewBox=\"0 0 20 20\" fill=\"none\"><path d=\"M5 7.5L10 12.5L15 7.5\" stroke=\"%23FE594F\" stroke-width=\"1.67\" stroke-linecap=\"round\" stroke-linejoin=\"round\"\/><\/svg>');\n\t}\n\tbutton:disabled{\n\t\topacity: 0.5;\n\t\tpointer-events: none;\n\t}\n<\/style>\n\n<form  x-data=\"contactForm()\" x-init=\"init()\"  action=\"https:\/\/betting.com\/br\/wp-admin\/admin-ajax.php\" method=\"POST\" novalidate>\n\t<div class=\"flex flex-col gap-y-4\">\n\t\t<div class=\"flex flex-col lg:flex-row max-lg:gap-y-4 gap-x-4\">\n\t\t\t<div class=\"w-full\">\n\t\t\t\t<label for=\"name\">Seu nome<\/label>\n\t\t\t\t<input type=\"text\" id=\"name\" name=\"name\"  x-model=\"form.name\" :class=\"{ 'border border-red-100': errors.name }\"  class=\"mt-2 w-full px-3 py-2 bg-ball-white-40 border border-ball-white-40 text-sm placeholder-gray-40 focus:outline-none focus:border-yellow-100\" placeholder=\"John Doe\" required>\n\t\t\t\t\t\t\t\t\t<span x-show=\"errors.name\" x-text=\"errors.name\" class=\"block text-sm text-red-100 mt-1\"><\/span>\n\t\t\t\t\t\t\t<\/div>\n\t\t\t<div class=\"w-full\">\n\t\t\t\t<label for=\"email\">Seu e-mail<\/label>\n\t\t\t\t<input type=\"email\" id=\"email\" name=\"email\"  x-model=\"form.email\" :class=\"{ 'border border-red-100': errors.email }\"  class=\"mt-2 w-full px-3 py-2 bg-ball-white-40 border border-ball-white-40 text-sm placeholder-gray-40 focus:outline-none focus:border-yellow-100\" placeholder=\"johndoe@gmail.com\" required>\n\t\t\t\t\t\t\t\t\t<span x-show=\"errors.email\" x-text=\"errors.email\" class=\"block text-sm text-red-100 mt-1\"><\/span>\n\t\t\t\t\t\t\t<\/div>\n\t\t<\/div>\n\t\t<div class=\"block w-full select-wrapper relative\">\n\t\t\t<label for=\"department\">Departamento<\/label>\n\t\t\t<select id=\"department\" name=\"department\"  x-model=\"form.department\" :class=\"{ 'border border-red-100': errors.department }\"  class=\"mt-2 w-full px-3 py-2 bg-ball-white-40 border border-ball-white-40 text-sm appearance-none focus:outline-none focus:border-yellow-100\" required>\n\t\t\t\t<option value=\"\" disabled selected>Selecionar um departamento<\/option>\n\t\t\t\t<option value=\"info\">Geral<\/option>\n\t\t\t\t<option value=\"sales\">Vendas<\/option>\n\t\t\t\t<option value=\"data_protection\">Prote\u00e7\u00e3o de Dados<\/option>\n\t\t\t<\/select>\n\t\t\t\t\t\t\t<span x-show=\"errors.department\" x-text=\"errors.department\" class=\"block text-sm text-red-100 mt-1\"><\/span>\n\t\t\t\t\t<\/div>\n\t\t<div class=\"block w-full\">\n\t\t\t<label for=\"message\">Mensagem<\/label>\n\t\t\t<textarea id=\"message\" rows=\"7\" name=\"message\"  x-model=\"form.message\" :class=\"{ 'border border-red-100': errors.message }\"  class=\"mt-2 w-full px-3 py-2 bg-ball-white-40 border border-ball-white-40 text-sm placeholder-gray-40 focus:outline-none focus:border-yellow-100\" placeholder=\"Informe-nos mais sobre a sua mensagem\" required><\/textarea>\n\t\t\t\t\t\t\t<span x-show=\"errors.message\" x-text=\"errors.message\" class=\"block text-sm text-red-100 mt-1\"><\/span>\n\t\t\t\t\t<\/div>\n\t\t<div class=\"flex flex-col lg:flex-row gap-x-6\">\n\t\t\t<label class=\"flex flex-row items-center\">\n\t\t\t\t<input type=\"checkbox\"  x-model=\"form.ageChecked\"  class=\"appearance-none w-4 h-4 text-white bg-transparent border border-gray-40 rounded checked:bg-yellow-100 checked:border-yellow-100 me-2\" required>\n\t\t\t\tVoc\u00ea deve ter 18 anos ou mais\n\t\t\t<\/label>\n\t\t\t<label class=\"flex flex-row items-center\">\n\t\t\t\t<input type=\"checkbox\"  x-model=\"form.termsChecked\"  class=\"appearance-none w-4 h-4 text-white bg-transparent border border-gray-40 rounded checked:bg-yellow-100 checked:border-yellow-100 me-2\" required>\n\t\t\t\tConcordar com nossos termos &amp; condi\u00e7\u00f5es\n\t\t\t<\/label>\n\t\t<\/div>\n\t\t\t\t<span x-show=\"errors.ageChecked\" x-text=\"errors.ageChecked\" class=\"block text-sm text-red-100\"><\/span>\n\t\t<span x-show=\"errors.termsChecked\" x-text=\"errors.termsChecked\" class=\"block text-sm text-red-100\"><\/span>\n\t\t\t\t<div>\n\t\t\t<input type=\"hidden\" name=\"mzc_ts\" value=\"0\">\n\t\t\t<input type=\"hidden\" name=\"action\" value=\"submit_contact_form\">\n\t\t\t<button type=\"submit\" name=\"submit\" @click=\"submitForm\" class=\"btn btn-red-outline-transparent-text-red\" id=\"mzc_contact_submit\" disabled>Enviar e-mail<\/button>\n\t\t<\/div>\n\t<\/div>\n<\/form>\n\n\n<script>!function(){document.querySelectorAll('input[name=\"mzc_ts\"]').forEach(function(e){e.value=Math.round((new Date).getTime()\/1e3)});var e=document.getElementById(\"mzc_contact_submit\"),t=e.innerText,n=5,a=setInterval(function(){n<=0?(e.innerText=t,e.disabled=!1,clearInterval(a)):(e.innerText=t+\" - \"+n,n--)},1e3)}();<\/script>\n\n<script>\n\tfunction contactForm() {\n\t\treturn {\n\t\t\tform: {\n\t\t\t\tname: '',\n\t\t\t\temail: '',\n\t\t\t\tdepartment: '',\n\t\t\t\tmessage: '',\n\t\t\t\tageChecked: false,\n\t\t\t\ttermsChecked: false,\n\t\t\t},\n\t\t\terrors: {},\n\t\t\tinit() {\n\t\t\t\tthis.errors = {};\n\t\t\t},\n\t\t\tsubmitForm( e ) {\n\t\t\t\te.preventDefault();\n\t\t\t\tconsole.log(this.form);\n\t\t\t\tthis.errors = {};\n\n\t\t\t\tif (!this.validateForm()) {\n\t\t\t\t\treturn;\n\t\t\t\t}\n\n\t\t\t\tconst formData = {\n\t\t\t\t\tname: this.form.name,\n\t\t\t\t\temail: this.form.email,\n\t\t\t\t\tdepartment: this.form.department,\n\t\t\t\t\tmessage: this.form.message,\n\t\t\t\t\taction: 'submit_contact_form',\n\t\t\t\t\tnonce: 'bc3c3c6bd9',\n\t\t\t\t}\n\n\t\t\t\t\/\/ Convert the form data object to a JSON string\n\t\t\t\tconst encodedFormData = JSON.stringify(formData);\n\n\t\t\t\t\/\/ Send the form data to the server\n\t\t\t\tthis.sendFormData(encodedFormData);\n\t\t\t},\n\t\t\tvalidateForm() {\n\t\t\t\tlet isValid = true;\n\n\t\t\t\tif (!this.form.name) {\n\t\t\t\t\tthis.errors.name = \"Por favor, informe o seu nome.\";\n\t\t\t\t\tisValid = false;\n\t\t\t\t} else if (!this.isValidName(this.form.name)) {\n\t\t\t\t\tthis.errors.name = \"Por favor, insira seu nome.\";\n\t\t\t\t\tisValid = false;\n\t\t\t\t}\n\n\t\t\t\tif (!this.form.email) {\n\t\t\t\t\tthis.errors.email = \"Por favor, informe o seu e-mail.\";\n\t\t\t\t\tisValid = false;\n\t\t\t\t} else if (!this.isValidEmail(this.form.email)) {\n\t\t\t\t\tisValid = false;\n\t\t\t\t\tthis.errors.email = \"Por favor, insira um e-mail v\u00e1lido.\";\n\t\t\t\t}\n\n\t\t\t\tif (!this.form.department) {\n\t\t\t\t\tthis.errors.department = \"Por favor, selecione um departamento.\";\n\t\t\t\t\tisValid = false;\n\t\t\t\t}\n\n\t\t\t\tif (!this.form.message) {\n\t\t\t\t\tthis.errors.message = \"Por favor, escreva a messagem.\";\n\t\t\t\t\tisValid = false;\n\t\t\t\t}\n\n\t\t\t\tif (!this.form.ageChecked) {\n\t\t\t\t\tthis.errors.ageChecked = \"Por favor, confirme que voc\u00ea \u00e9 maior de idade.\";\n\t\t\t\t\tisValid = false;\n\t\t\t\t}\n\n\t\t\t\tif (!this.form.termsChecked) {\n\t\t\t\t\tthis.errors.termsChecked = \"Por favor, concorde com os termos e condi\u00e7\u00f5es.\";\n\t\t\t\t\tisValid = false;\n\t\t\t\t}\n\n\t\t\t\treturn isValid;\n\t\t\t},\n\t\t\tsendFormData(formData){\n\t\t\t\tthis.button = true;\n\t\t\t\tconst ajaxUrl = 'https:\/\/betting.com\/br\/wp-admin\/admin-ajax.php';\n\t\t\t\tfetch( ajaxUrl + '\/wp-admin\/admin-ajax.php?action=submit_contact_form', {\n\t\t\t\t\tmethod: 'POST',\n\t\t\t\t\theaders: {\n\t\t\t\t\t\t'Content-Type': 'application\/json',\n\t\t\t\t\t},\n\t\t\t\t\tbody: formData,\n\t\t\t\t})\n\t\t\t\t.then(response => {\n\t\t\t\t\tif (!response.ok) {\n\t\t\t\t\t\tif (response.status === 403) {\n\t\t\t\t\t\t\talert('Sua sess\u00e3o expirou. Por favor, atualize a p\u00e1gina.');\n\t\t\t\t\t\t\tthrow new Error('Invalid nonce');\n\t\t\t\t\t\t} else {\n\t\t\t\t\t\t\talert( \"Um erro ocorreu ao enviar o formul\u00e1rio. Por favor, tente novamente.\" );\n\t\t\t\t\t\t}\n\t\t\t\t\t} else {\n\t\t\t\t\t\talert( \"Mensagem enviada com sucesso!\" );\n\t\t\t\t\t}\n\t\t\t\t})\n\t\t\t\t.catch(error => {\n\t\t\t\t\tconsole.error(error)\n\t\t\t\t})\n\t\t\t\t.finally(() => {\n\t\t\t\t\t\tthis.resetForm();\n\t\t\t\t\t}\n\t\t\t\t);\n\t\t\t},\n\t\t\tisValidEmail(email) {\n\t\t\t\tconst emailRegex = \/^(([^<>()[\\]\\\\.,;:\\s@\\\"]+(\\.[^<>()[\\]\\\\.,;:\\s@\\\"]+)*)|(\\\".+\\\"))@((\\[[0-9]{1,3}\\.[0-9]{1,3}\\.[0-9]{1,3}\\.[0-9]{1,3}\\])|(([a-zA-Z\\-0-9]+\\.)+[a-zA-Z]{2,}))$\/;\n\t\t\t\treturn emailRegex.test(email);\n\t\t\t},\n\t\t\tisValidName(name){\n\t\t\t\tconst nameRegex = \/^[a-zA-Z]+(([',. -][a-zA-Z ])?[a-zA-Z]*)*$\/;\n\t\t\t\tif (name.length < 2 || name.length > 40) {\n\t\t\t\t\treturn false;\n\t\t\t\t} else {\n\t\t\t\t\treturn nameRegex.test(name);\n\t\t\t\t}\n\t\t\t},\n\t\t\tresetForm() {\n\t\t\t\tthis.form = {\n\t\t\t\t\tname: '',\n\t\t\t\t\temail: '',\n\t\t\t\t\tdepartment: '',\n\t\t\t\t\tmessage: '',\n\t\t\t\t\tageChecked: false,\n\t\t\t\t\ttermsChecked: false,\n\t\t\t\t};\n\t\t\t}\n\t\t};\n\t}\n<\/script>\n\n<\/div>\n","protected":false},"excerpt":{"rendered":"<p>Betting.com\/br \u2014 O seu guia de sites de apostas esportivas O Betting.com\/br \u00e9 formado por um time de especialistas que tem sabe tudo sobre uma das coisas que o brasileiro mais gosta: apostas esportivas. Nossos experts da ind\u00fastria das apostas esportivas est\u00e3o aqui para gui\u00e1-lo no universo das bets e deix\u00e1-lo confiante e confort\u00e1vel o&#8230;<\/p>\n","protected":false},"author":67,"featured_media":0,"parent":0,"menu_order":0,"comment_status":"closed","ping_status":"closed","template":"","meta":{"footnotes":""},"tags":[],"acf":[],"_links":{"self":[{"href":"https:\/\/betting.com\/br\/wp-json\/wp\/v2\/pages\/2332"}],"collection":[{"href":"https:\/\/betting.com\/br\/wp-json\/wp\/v2\/pages"}],"about":[{"href":"https:\/\/betting.com\/br\/wp-json\/wp\/v2\/types\/page"}],"author":[{"embeddable":true,"href":"https:\/\/betting.com\/br\/wp-json\/wp\/v2\/users\/67"}],"replies":[{"embeddable":true,"href":"https:\/\/betting.com\/br\/wp-json\/wp\/v2\/comments?post=2332"}],"version-history":[{"count":16,"href":"https:\/\/betting.com\/br\/wp-json\/wp\/v2\/pages\/2332\/revisions"}],"predecessor-version":[{"id":4958,"href":"https:\/\/betting.com\/br\/wp-json\/wp\/v2\/pages\/2332\/revisions\/4958"}],"wp:attachment":[{"href":"https:\/\/betting.com\/br\/wp-json\/wp\/v2\/media?parent=2332"}],"wp:term":[{"taxonomy":"post_tag","embeddable":true,"href":"https:\/\/betting.com\/br\/wp-json\/wp\/v2\/tags?post=2332"}],"curies":[{"name":"wp","href":"https:\/\/api.w.org\/{rel}","templated":true}]}}