{"id":120,"date":"2022-07-11T08:50:28","date_gmt":"2022-07-11T08:50:28","guid":{"rendered":"https:\/\/betting.com\/br\/?page_id=120"},"modified":"2023-09-20T04:27:08","modified_gmt":"2023-09-20T07:27:08","slug":"palpites","status":"publish","type":"page","link":"https:\/\/betting.com\/br\/palpites","title":{"rendered":"Palpites"},"content":{"rendered":"<div class=\" container-white py-8\">\n\t<div class=\"wp-block-container-toc  \">\n\t\t\t<div class=\"bg-white\">\n\t<div class=\"flex flex-col-reverse lg:flex-row lg:gap-8 py-10\">\n\t\t<article class=\"max-w-[960px] flex-grow\" data-bt-content>\n\t\t\t\n\n<h2 class=\"wp-block-heading\" id=\"a-importancia-das-dicas-dadas-por-especialistas\">A import\u00e2ncia dos palpites dos especialistas<\/h2>\n\n\n\n<p>Hoje em dia, existem v\u00e1rias empresas que criaram se\u00e7\u00f5es especiais de dicas. Afinal, fornecer informa\u00e7\u00f5es detalhadas sobre todos os eventos esportivos mostra o carinho que temos por nossos clientes.<\/p>\n\n\n\n<p>Por isso, n\u00f3s do Betting.com\/br, procuramos ajudar voc\u00ea a encontrar as melhores dicas de apostas. E n\u00e3o s\u00f3 isto, mas garantir que todas sejam verdadeiras e realistas, a fim de proteg\u00ea-lo poss\u00edveis golpes bem como ajud\u00e1-lo a ganhar mais com as apostas esportivas. N\u00f3s sabemos que as dicas aqui mencionadas s\u00e3o reais porque todos os especialistas que deixam suas dicas, passam por um processo de filtragem e confiabilidade. Dessa forma, os dados deles s\u00e3o verificados bem como a probabilidade dos resultados mencionados.<\/p>\n\n\n\n<p>Nesta p\u00e1gina, voc\u00ea encontrar\u00e1 as dicas de apostas mais recentes publicadas em todos os especialistas. Voc\u00ea pode filtrar as dicas por esporte caso queira ver apenas sugest\u00f5es de para um esporte espec\u00edfico. Al\u00e9m disso, fizemos um esfor\u00e7o para reunir todas as informa\u00e7\u00f5es importantes. Dessa forma, voc\u00ea pode tomar decis\u00f5es mais assertivas.<\/p>\n\n\n\n<h2 class=\"wp-block-heading\" id=\"5-razoes-para-seguir-as-dicas-de-apostas\">5 raz\u00f5es para seguir os palpites de apostas<\/h2>\n\n\n\n<ol>\n<li>Atualmente, \u00e9 realmente importante garantir que utilizemos nosso tempo com efici\u00eancia. Para ganhar regularmente com apostas esportivas, voc\u00ea precisa dedicar muito tempo pesquisando e assim saber o que est\u00e1 acontecendo com cada equipe ou jogador. Por\u00e9m, isso de \u00e9 muito desafiador e poucas pessoas t\u00eam sucesso com isso. Seguindo as dicas elaboradas pelos especialistas, voc\u00ea est\u00e1 usando o conhecimento deles a seu favor. Dessa forma, sem perder tempo, voc\u00ea age melhor. Sem d\u00favida, apostar com as informa\u00e7\u00f5es e dicas certas em nossas m\u00e3os, aumentamos nossa chance de ganhar de forma significativa.<\/li>\n\n\n\n<li>Se voc\u00ea conhece um determinado desporto em profundidade, isso \u00e9 \u00f3timo. Por\u00e9m, mesmo assim, voc\u00ea precisar\u00e1 de dicas de apostas para o esporte escolhido. Principalmente se voc\u00ea estiver tratando as apostas esportivas como um investimento. H\u00e1 uma grande chance de ver seu\u00a0portf\u00f3lio de apostas\u00a0bem diversificado. Ou seja, isto significa que voc\u00ea deve apostar em mais de um esporte. Dessa maneira, voc\u00ea aumenta suas chances de lucrar mais. Informa\u00e7\u00e3o \u00e9 tudo Portanto, \u00e9 importante ter especialistas que fornecer\u00e3o dicas de apostas bem elaboradas sobre diferentes desportos. Certamente, este \u00e9 o caminho certo para criar um portf\u00f3lio lucrativo a experi\u00eancia de especialistas.<\/li>\n\n\n\n<li>Assuma um risco calculado, n\u00e3o seja pego de surpresa. As apostas desportivas n\u00e3o s\u00e3o jogos de azar, mas sim de estrat\u00e9gias. Dessa forma, prud\u00eancia e informa\u00e7\u00e3o resultar\u00e3o em lucros a longo prazo. Seguindo as dicas de apostas, voc\u00ea enxerga mais longe e garante que n\u00e3o ser\u00e1 pego desprevenido. Na verdade, as apostas s\u00e3o um jogo de chances e probabilidades, mas \u00e9 sempre bom saber que quais probabilidades est\u00e3o a seu favor. Por isso, as dicas de apostas s\u00e3o a ferramenta que o ajudar\u00e1 a conseguir isso.<\/li>\n\n\n\n<li>Raz\u00e3o acima da remo\u00e7\u00e3o &#8211; muito importante. As dicas de apostas ser\u00e3o adicionadas \u00e0 sua conveni\u00eancia e o ajudar\u00e3o a tomar decis\u00f5es mais rapidamente. De fato, existem muitos c\u00e1lculos envolvidos nas apostas desportivas, mas os fatores psicol\u00f3gicos n\u00e3o devemos subestimar. Ver o que outros analistas e especialistas em apostas desportivas t\u00eam a dizer, refor\u00e7a sua vis\u00e3o. Al\u00e9m disso, aumenta sua confian\u00e7a e ajuda na tomada decis\u00f5es importantes na hora de jogar. <\/li>\n\n\n\n<li>Adquira novos conhecimentos e torne-se uma vers\u00e3o melhor de si mesmo. Duvidoso, se voc\u00ea quer ser lucrativo ao apostar, deve se esfor\u00e7ar para obter novos conhecimentos todos os dias. Seguir v\u00e1rias dicas de apostas o ajudar\u00e1 a fazer isso. Isto porque a maioria das dicas \u00e9 acompanhada por an\u00e1lises e estat\u00edsticas detalhadas do jogo. Ao usar dicas de apostas, voc\u00ea tamb\u00e9m poder\u00e1 estar no topo das tend\u00eancias de apostas, not\u00edcias de equipes e jogadores, isto te d\u00e1 uma vis\u00e3o mais ampla para uma decis\u00e3o s\u00e1bia.<\/li>\n<\/ol>\n\n\n\n<p>Independentemente de voc\u00ea ser um apostador desportivo novato ou experiente, as dicas de apostas s\u00e3o uma ferramenta \u00fatil para ajudar voc\u00ea a fazer suas apostas com efici\u00eancia.<\/p>\n\n\n\n<h2 class=\"wp-block-heading\" id=\"consideracoes-finais-sobre-as-dicas-de-apostas-betting-com\">Considera\u00e7\u00f5esfinais sobre palpites de apostas Betting.com\/br<\/h2>\n\n\n\n<p>Com as dicas de apostas desportivas da Betting.com, voc\u00ea elimina uma porcentagem enorme de erros. Especialistas s\u00e3o pessoas que conhecem a fundo todos os cen\u00e1rios poss\u00edveis das apostas online. Seguir os conselhos de v\u00e1rios especialistas que j\u00e1 possuem anos e, talvez, d\u00e9cadas de experi\u00eancia, aumentam consideravelmente suas chances de acerto. Portanto, recomendamos que em todas as suas apostas, venha e confira as nossas dicas que s\u00e3o atualizadas de 2 em 2 minutos.<\/p>\n\n\n\t\t<\/article>\n\t\t<div class=\"lg:w-[300px] lg:flex-shrink-0 relative\" x-data=\"{show_toc: false}\">\n\t\t\t<div class=\"lg:sticky lg:top-4 z-30\">\n\t\t\t\t<div class=\"fixed -top-64 left-0 w-full z-50 lg:static transition-all hidden lg:block\" id=\"fixed-toc\">\n\t\t\t\t\t<div>\n\t\t\t\t<div class=\"border-b border-solid border-gray-30 text-lg font-bold lg:pt-7 max-lg:px-4 py-3 flex items-center justify-between bg-white lg:bg-transparent\">\n\t\t\tO que h\u00e1 nesta p\u00e1gina\n\t\t\t<button @click=\"show_toc = true\" class=\"btn btn-red-outline-white block lg:hidden\">Jump to<\/button>\n\t\t<\/div>\n\t\t\t\t<div\n\t\t\tclass=\"max-lg:fixed max-lg:top-0 max-lg:left-0 max-lg:w-screen max-lg:h-screen max-lg:bg-gray-70 max-lg:bg-opacity-75 max-lg:hidden\"\n\t\t\t:class=\"{'max-lg:hidden': !show_toc}\"\n\t\t\t@click=\"show_toc = false\"\n\t\t>\n\t\t\t<div class=\"max-lg:absolute max-lg:bottom-0 max-lg:left-0 max-lg:w-screen bg-white lg:bg-transparent\">\n\t\t\t\t\t\t\t\t<div class=\"flex lg:hidden items-center justify-between mx-4 border-b border-solid border-gray-30 pt-6 pb-2 font-bold\">\n\n\t\t\t\t\tNesta p\u00e1gina\n\t\t\t\t\t<button @click=\"show_toc = false\">\n\t\t\t\t\t\t<svg class=\"w-5 h-5 text-gray-100\" xmlns=\"http:\/\/www.w3.org\/2000\/svg\" fill=\"none\" stroke=\"currentColor\" stroke-width=\"1.5\" class=\"w-6 h-6\" viewBox=\"0 0 24 24\"><path stroke-linecap=\"round\" stroke-linejoin=\"round\" d=\"M6 18 18 6M6 6l12 12\"\/><\/svg>\t\t\t\t\t<\/button>\n\t\t\t\t<\/div>\n\t\t\t\t<ul id=\"toc\" class=\"mt-5 max-h-[85vh] overflow-y-auto list-none bt-scrollbars\">\n\n\t\t\t\t\t\t\t\t\t\t\t<li>\n\t\t\t\t\t\t\t<a href=\"#a-importancia-das-dicas-dadas-por-especialistas\" data-bt-toc-item=\"a-importancia-das-dicas-dadas-por-especialistas\"\n\t\t\t\t\t\t\t\t @click=\"show_toc = false\"\n\t\t\t\t\t\t\t\t class=\"block px-4 py-2 text-black border-l-4 border-solid border-transparent hover:border-red-100 transition-all hover:!border-b-0 hover:font-bold\">\nA import\u00e2ncia dos palpites dos especialistas\n<\/a>\n\t\t\t\t\t\t<\/li>\n\t\t\t\t\t\t\t\t\t\t\t<li>\n\t\t\t\t\t\t\t<a href=\"#5-razoes-para-seguir-as-dicas-de-apostas\" data-bt-toc-item=\"5-razoes-para-seguir-as-dicas-de-apostas\"\n\t\t\t\t\t\t\t\t @click=\"show_toc = false\"\n\t\t\t\t\t\t\t\t class=\"block px-4 py-2 text-black border-l-4 border-solid border-transparent hover:border-red-100 transition-all hover:!border-b-0 hover:font-bold\">\n5 raz\u00f5es para seguir os palpites de apostas\n<\/a>\n\t\t\t\t\t\t<\/li>\n\t\t\t\t\t\t\t\t\t\t\t<li>\n\t\t\t\t\t\t\t<a href=\"#consideracoes-finais-sobre-as-dicas-de-apostas-betting-com\" data-bt-toc-item=\"consideracoes-finais-sobre-as-dicas-de-apostas-betting-com\"\n\t\t\t\t\t\t\t\t @click=\"show_toc = false\"\n\t\t\t\t\t\t\t\t class=\"block px-4 py-2 text-black border-l-4 border-solid border-transparent hover:border-red-100 transition-all hover:!border-b-0 hover:font-bold\">\nConsidera\u00e7\u00f5esfinais sobre palpites de apostas Betting.com\/br\n<\/a>\n\t\t\t\t\t\t<\/li>\n\t\t\t\t\t\t\t\t\t<\/ul>\n\t\t\t\t\t\t\t\t\t\t\t<\/div>\n\t\t<\/div>\n\t<\/div>\n\t\t\t\t\t<\/div>\n\t\t\t<\/div>\n\t\t<\/div>\n\t<\/div>\n<\/div>\n\t<\/div>\n<\/div>\n\n","protected":false},"excerpt":{"rendered":"","protected":false},"author":9,"featured_media":0,"parent":0,"menu_order":0,"comment_status":"closed","ping_status":"closed","template":"","meta":{"footnotes":""},"tags":[],"acf":[],"_links":{"self":[{"href":"https:\/\/betting.com\/br\/wp-json\/wp\/v2\/pages\/120"}],"collection":[{"href":"https:\/\/betting.com\/br\/wp-json\/wp\/v2\/pages"}],"about":[{"href":"https:\/\/betting.com\/br\/wp-json\/wp\/v2\/types\/page"}],"author":[{"embeddable":true,"href":"https:\/\/betting.com\/br\/wp-json\/wp\/v2\/users\/9"}],"replies":[{"embeddable":true,"href":"https:\/\/betting.com\/br\/wp-json\/wp\/v2\/comments?post=120"}],"version-history":[{"count":6,"href":"https:\/\/betting.com\/br\/wp-json\/wp\/v2\/pages\/120\/revisions"}],"predecessor-version":[{"id":2059,"href":"https:\/\/betting.com\/br\/wp-json\/wp\/v2\/pages\/120\/revisions\/2059"}],"wp:attachment":[{"href":"https:\/\/betting.com\/br\/wp-json\/wp\/v2\/media?parent=120"}],"wp:term":[{"taxonomy":"post_tag","embeddable":true,"href":"https:\/\/betting.com\/br\/wp-json\/wp\/v2\/tags?post=120"}],"curies":[{"name":"wp","href":"https:\/\/api.w.org\/{rel}","templated":true}]}}