{"id":100,"date":"2022-07-07T15:59:00","date_gmt":"2022-07-07T15:59:00","guid":{"rendered":"https:\/\/betting.com\/br\/?page_id=100"},"modified":"2024-02-05T07:44:23","modified_gmt":"2024-02-05T10:44:23","slug":"bonus","status":"publish","type":"page","link":"https:\/\/betting.com\/br\/bonus","title":{"rendered":"B\u00f4nus de casas de apostas"},"content":{"rendered":"<div class=\" container-white py-8\">\n\t<div class=\"wp-block-container-toc  \">\n\t\t\t<div class=\"bg-white\">\n\t<div class=\"flex flex-col-reverse lg:flex-row lg:gap-8 py-10\">\n\t\t<article class=\"max-w-[960px] flex-grow\" data-bt-content>\n\t\t\t\n\n<h2 class=\"wp-block-heading\" id=\"bonus-e-promocoes-de-casas-de-apostas-recentemente-verificas\">B\u00f4nus e promo\u00e7\u00f5es de casas de apostas recentemente verificas<\/h2>\n\n\n\n<p>Sabemos que pode ser desafiante encontrar uma nova casa de apostas que seja fi\u00e1vel e na qual tenha confian\u00e7a em depositar o dinheiro que lhe custou tanto a ganhar. Para o ajudar a poupar tempo, tir\u00e1mos esse peso dos seus ombros e fizemos uma pesquisa na web para encontrar uma lista das casas de apostas que est\u00e3o totalmente licenciadas e que s\u00e3o verificadas por um membro da nossa equipa.&nbsp;Todos os b\u00f3nus de boas-vindas indicados no nosso website s\u00e3o atualizados regularmente para garantir que mostramos apenas informa\u00e7\u00f5es precisas.<\/p>\n\n\n\n<h2 class=\"wp-block-heading\" id=\"como-e-que-a-betting-com-o-ajuda-a-escolher-novas-casas-de-apostas-e-a-reclamar-o-bonus\">Como \u00e9 que o Betting.com o ajuda a escolher novas casas de apostas e a resgatar o b\u00f4nus?<\/h2>\n\n\n\n<p>Selecionamos os melhores b\u00f4nus para voc\u00ea das melhores casas de apostas. Sinta-se \u00e0 vontade para navegar na p\u00e1gina, verificar os b\u00f4nus de apostas e ler as nossas an\u00e1lises detalhadas sobre as casas de apostas. Fa\u00e7a a escolha certa e aposte com confian\u00e7a!<\/p>\n\n\n\n<p>Bem-vindo \u00e0 p\u00e1gina de b\u00f4nus da casa de apostas de Betting.com\/br. Fizemos o esfor\u00e7o e conseguimos agregar uma grande quantidade de informa\u00e7\u00e3o gra\u00e7as \u00e0 nossa equipe. Analisamos v\u00e1rias casas de apostas que est\u00e3o a operar no Brasil e em todo o mundo. A nossa equipe selecionou as que cumprem os nossos padr\u00f5es de alta qualidade e apresentou-as aqui. O objetivo da nossa p\u00e1gina de b\u00f4nus de casas de apostas \u00e9 ajud\u00e1-lo a tomar decis\u00f5es informadas quando procura uma nova casa de apostas para adicionar \u00e0 sua lista de sites favoritos.<\/p>\n\n\n\n<p>Quer pretenda testar a sua nova estrat\u00e9gia de apostas, encontrar um novo e emocionante b\u00f4nus de casa de aposta ou uma aposta gr\u00e1tis,  aconselhamos voc\u00ea a explorar a nossa p\u00e1gina de b\u00f4nus de casa de aposta, onde encontrar\u00e1 bastantes informa\u00e7\u00f5es interessantes. Podemos garantir que encontrar\u00e1 a nova casa de apostas que procura e que, al\u00e9m disso, receber\u00e1 o b\u00f4nus de aposta mais atualizado oferecido pela mesma.<\/p>\n\n\n\n<p>No Betting.com\/br, colocamos sempre o usu\u00e1rio no centro de tudo o que fazemos. Aconselhamos a voc\u00ea ler as nossas an\u00e1lises sobre as casas de apostas antes de escolher uma. Todas as an\u00e1lises que encontrar\u00e1 na p\u00e1gina de b\u00f4nus de casa de apostas da Betting.com s\u00e3o verdadeiras, visto que testamos pessoalmente cada uma das casas de apostas antes de as destacar. Ao ler as nossas an\u00e1lises, ir\u00e1 certamente ficar a conhecer muito melhor as casas de apostas, para al\u00e9m de obter informa\u00e7\u00f5es importantes sobre a ind\u00fastria.<\/p>\n\n\n\n<p>Escolher uma nova casa de apostas \u00e9 sempre positivo, n\u00e3o s\u00f3 por causa das probabilidades mais elevadas e do melhor servi\u00e7o de apoio ao cliente como tamb\u00e9m por causa do b\u00f4nus de aposta oferecido aos novos utilizadores. Todos os b\u00f4nus de casa de aposta que est\u00e3o em destaque na Betting.com foram cuidadosamente testados e validados por um membro da nossa equipa. Embora estejamos totalmente dedicados em manter todas as ofertas de b\u00f4nus, apostas gr\u00e1tis e promo\u00e7\u00f5es de casa de aposta atualizadas na nossa p\u00e1gina, por vezes as casas de apostas podem surpreender-nos.<\/p>\n\n\n\n<h3 class=\"wp-block-heading\" id=\"tipos-de-bonus-de-casa-de-apostas\">Tipos de b\u00f4nus de casa de apostas<\/h3>\n\n\n\n<p>Sabemos que, por vezes, os b\u00f4nus de casa de apostas podem ser confusos por haver v\u00e1rios tipos de promo\u00e7\u00f5es e serem utilizados nomes diferentes para um mesmo tipo dele. Toda a filosofia por detr\u00e1s da Betting.com \u00e9 ajudar o utilizar a tomar decis\u00f5es mais informadas e conhecedoras, por isso decidimos explicar-lhe o que significam os v\u00e1rias b\u00f4nus de casa de aposta para os utilizadores.<\/p>\n\n\n\n<h2 class=\"wp-block-heading\" id=\"aposta-gratis-aposta-correspondida-de-casa-de-apostas\">Aposta gr\u00e1tis (aposta correspondida) de casa de apostas<\/h2>\n\n\n\n<p>Uma aposta gr\u00e1tis \u00e9 quando uma casa de apostas lhe d\u00e1 algum dinheiro gratuitamente. \u00c9 um montante que n\u00e3o pode levantar, mas que pode utilizar para fazer apostas mediante determinadas condi\u00e7\u00f5es. Por exemplo, digamos que abriu uma conta na casa de apostas X e recebeu R$25<s>\u00a3<\/s> em apostas gr\u00e1tis. Faz uma aposta com o valor total na vit\u00f3ria do Corinthians com probabilidades de 2 e ganha&nbsp; R$50<s>\u00a3<\/s>. A casa de apostas pagar\u00e1 apenas os ganhos \u2014 neste caso, R$25<s>\u00a3<\/s>. O seu novo saldo na casa de apostas ser\u00e1 de R$25<s>\u00a3<\/s>, que pode levantar ou continuar a apostar.<\/p>\n\n\n\n<p>H\u00e1 alguns subtipos de apostas gr\u00e1tis. Por exemplo, o jogador abre uma nova conta na casa de apostas X e recebe uma aposta gr\u00e1tis de R$25<s>\u00a3<\/s>. H\u00e1 muitas casas de apostas que ir\u00e3o oferecer-lhe apostas gr\u00e1tis constantemente para garantir que permanece satisfeito. As casas de apostas tamb\u00e9m utilizam apostas gr\u00e1tis para fazer com que fa\u00e7a uma aposta caso esteja inativo h\u00e1 algum tempo.<\/p>\n\n\n\n<p>Quando recebe uma aposta gr\u00e1tis e esta \u00e9 ganha, s\u00f3 recebe os ganhos. A isto chama-se aposta gr\u00e1tis com participa\u00e7\u00e3o n\u00e3o devolvida. Muitas casas de apostas tamb\u00e9m utilizam outro termo para aposta gr\u00e1tis, chamando-lhe \u201caposta correspondida\u201d, na qual acaba com a sua participa\u00e7\u00e3o duplicada.<\/p>\n\n\n\n<p>No caso de perder a aposta gr\u00e1tis, o cart\u00e3o de d\u00e9bito n\u00e3o ser\u00e1 debitado. A aposta gr\u00e1tis \u00e9 atribu\u00edda exclusivamente a si e, se perder, n\u00e3o tem de se preocupar.<\/p>\n\n\n\n<h2 class=\"wp-block-heading\" id=\"bonus-de-registo-de-casa-de-aposta-bonus-de-boas-vindas\">B\u00f4nus de registro de casa de aposta (b\u00f4nus de boas-vindas)<\/h2>\n\n\n\n<p>Este tipo de b\u00f4nus de casa de aposta \u00e9 muito comum e amplamente popular na ind\u00fastria. A maioria das casas de apostas utiliza o b\u00f4nus de registo para atrair novos clientes e, em 99% dos casos, esse b\u00f4nus \u00e9 oferecido apenas uma vez por cliente pela casa de apostas, em compara\u00e7\u00e3o com a aposta gr\u00e1tis que pode ser oferecida v\u00e1rias vezes ao mesmo utilizado durante a utiliza\u00e7\u00e3o da casa de apostas.<\/p>\n\n\n\n<p>O b\u00f4nus de registo tamb\u00e9m \u00e9 conhecido como b\u00f4nus de boas-vindas e, na maioria dos casos, \u00e9 um montante limitado oferecido pela casas de apostas igual ao primeiro dep\u00f3sito. Por exemplo, a casa de apostas X oferece um b\u00f4nus de boas-vindas de at\u00e9 R$150<s>\u00a3<\/s>, igual ao seu primeiro dep\u00f3sito. Se abrir uma conta nesta casa de apostas e depositar 60\u00a3, eles igualar\u00e3o o seu dep\u00f3sito com R$60<s>\u00a3<\/s> em dinheiro de b\u00f4nus, fazendo com que o saldo da conta seja de R$120<s>\u00a3<\/s>. Caso queira resgatar a totalidade do b\u00f4nus de boas-vindas, tem de depositar R$150<s>\u00a3<\/s> e receber\u00e1 o montante total de fundos, fazendo com que o saldo da conta seja de R$300<s>\u00a3<\/s> (dep\u00f3sito de R$150<s>\u00a3<\/s> + dinheiro de b\u00f4nus de R$150<s>\u00a3<\/s>).<\/p>\n\n\n\n<p>A maioria dos b\u00f4nus de boas-vindas das casas de apostas t\u00eam termos e condi\u00e7\u00f5es associados. Deve prestar aten\u00e7\u00e3o aos requisitos espec\u00edficos ao abrir uma nova conta. O que \u00e9 mais um motivo para ler as nossas an\u00e1lises abrangentes sobre as casas de apostas. Pode haver requisitos como probabilidades m\u00ednimas para apostar, o n\u00famero de vezes que tem de apostar antes de poder fazer um levantamento, etc.<\/p>\n\n\n\n<p>Basicamente, os requisitos de aposta significam que tem de apostar o montante do b\u00f4nus X vezes. Por exemplo, se tiver direito a um b\u00f4nus de registo de R$50<s>\u00a3<\/s> com requisitos de aposta de 3 vezes. Isto significa que tem de apostar os R$50<s>\u00a3<\/s> tr\u00eas vezes para gerar um volume de apostas de R$150<s>\u00a3<\/s> com as probabilidades necess\u00e1rias antes de poder levantar o dinheiro de b\u00f4nus!<\/p>\n\n\n\n<h2 class=\"wp-block-heading\" id=\"como-e-que-a-betting-com-pontua-as-casas-de-apostas\">Como \u00e9 que a Betting.com pontua as casas de apostas<\/h2>\n\n\n\n<p>Esperamos que j\u00e1 tenha percebido de que forma a p\u00e1gina de b\u00f4nus de casa de apostas da Betting.com o pode ajudar a fazer as escolhas certas quando anda \u00e0 procura de algo novo. N\u00e3o obstante, deixe-nos falar-lhe um pouco mais sobre a forma como avaliamos as casas de apostas quando estamos a analis\u00e1-las.<\/p>\n\n\n\n<p>Quando um membro da equipe Betting.com analisa uma casa de apostas, a primeira coisa que avalia \u00e9 o design da casa de apostas, a velocidade do site e a facilidade de abertura de conta.<\/p>\n\n\n\n<p>As casas de apostas utilizam v\u00e1rias abordagens para se posicionarem no mercador e atra\u00edrem novos utilizadores. Ter um website r\u00e1pido e um bom design que destaca de forma clara as vantagens de fazer o registo numa determinada casa de apostas \u00e9 extremamente importante, especialmente no altamente competitivo mercado atual das apostas.<br>A Betting.com d\u00e1 pontua\u00e7\u00e3o elevada \u00e0s casas de apostas que conseguem articular de forma clara as suas vantagens face \u00e0 concorr\u00eancia, que possuam um website que carregue r\u00e1pido, que tenham um processo de registo simples e, claro, que ofere\u00e7am um b\u00f4nus de boas-vindas atrativo.<\/p>\n\n\n\n<p>A Betting.com d\u00e1 pontua\u00e7\u00e3o elevada \u00e0s casas de apostas que conseguem articular de forma clara as suas vantagens face \u00e0 concorr\u00eancia, que possuam um website que carregue r\u00e1pido, que tenham um processo de registo simples e, claro, que ofere\u00e7am um b\u00f4nus de boas-vindas atrativo.<\/p>\n\n\n\n<p>Outra coisa na qual gastamos algum tempo extra durante a an\u00e1lise a uma casa de apostas s\u00e3o as oportunidades de apostas oferecidas. Uma boa casa de apostas deve oferecer v\u00e1rios desportos (pelo menos, 20) e abranger n\u00e3o s\u00f3 as principais ligas. Tamb\u00e9m t\u00eam de incluir as ligas inferiores, para al\u00e9m de garantir uma boa cobertura de eventos pr\u00e9-jogo e ao vivo. Uma boa casa de apostas deve abranger, no m\u00ednimo, 80 mercados de apostas por evento de n\u00edvel superior e 40 nas ligas inferiores para ter uma pontua\u00e7\u00e3o elevada na an\u00e1lise da Betting.com.<\/p>\n\n\n\n<p>Outro componente que valorizamos bastante quando avaliamos uma casa de apostas s\u00e3o as probabilidades oferecidas. Quando se fala em apostas desportivas online, as probabilidades s\u00e3o um dos elementos mais importantes para se ter lucro. As casas de apostas que est\u00e3o constantemente a oferecer probabilidades mais elevadas obt\u00eam melhores resultados nas an\u00e1lises da Betting.com.<\/p>\n\n\n\n<p>Para terem uma pontua\u00e7\u00e3o elevada nas an\u00e1lises da Betting.com, as casas de apostas devem oferecer um apoio ao cliente excecionalmente bom. J\u00e1 aconteceu a toda a gente. Quando aparece uma casa de apostas nova, somos atra\u00eddos pelo design bonito e pelo emocionante b\u00f4nus de registo, mas n\u00e3o fazemos ideia sobre como reclam\u00e1-lo. Temos duas op\u00e7\u00f5es: passar horas a ler as perguntas frequentes ou obter a resposta em 2 minutos ao falar com algu\u00e9m no chat ao vivo. Qual preferia? A op\u00e7\u00e3o de chat ao vivo, claro! Basta contactar um dos nossos representantes do apoio ao cliente, fazer a sua pergunta e, em menos de nada, saber\u00e1 como resgatar o b\u00f4nus de casa de aposta.<\/p>\n\n\n\n<p>Tamb\u00e9m prestaremos aten\u00e7\u00e3o \u00e0 intera\u00e7\u00e3o da casa de apostas com os jogadores. As casas de apostas que t\u00eam um b\u00f4nus de boas-vindas extremamente emocionante mas que n\u00e3o oferecem promo\u00e7\u00f5es ou apostas gr\u00e1tis cont\u00ednuas ter\u00e3o uma pontua\u00e7\u00e3o inferior na Betting.com em compara\u00e7\u00e3o com as casas que apostas que t\u00eam um b\u00f4nus de boas-vindas ligeiramente menos atrativo, mas que cativam continuamente os apostadores e lhes oferecem apostas e promo\u00e7\u00f5es especiais.<\/p>\n\n\n\n<p>As promo\u00e7\u00f5es e os b\u00f4nus das casas de apostas s\u00e3o importantes, mas tamb\u00e9m avaliamos os n\u00edveis de restri\u00e7\u00e3o dos jogadores. H\u00e1 v\u00e1rios tipos de apostadores: h\u00e1 pessoas que apostam de vez em quando, h\u00e1 pessoas que fazem apostas todos os s\u00e1bados e h\u00e1 apostadores que levam as apostas um pouco mais a s\u00e9rio. H\u00e1 casas de apostas que tendem a limitar os apostadores que tenham um comportamento de aposta espec\u00edfico e que ganham um ou dois eventos com probabilidades elevadas. Nas nossas an\u00e1lises, n\u00e3o damos pontua\u00e7\u00f5es muito elevadas \u00e0s casas de apostas que limitam os jogadores assim que eles come\u00e7am a ganhar algum dinheiro.<\/p>\n\n\n\n<p>Por \u00faltimo, mas n\u00e3o menos importante, damos grande aten\u00e7\u00e3o \u00e0s quest\u00f5es legais relacionadas com a casa de apostas. Verificamos as licen\u00e7as que possuem, de que pa\u00edses t\u00eam autoriza\u00e7\u00e3o para aceitar jogadores e at\u00e9 temos uma pessoa dedicada a investigar problemas na web relacionados com cada casa de apostas! As casas de apostas que est\u00e3o regulamentadas e que n\u00e3o t\u00eam reclama\u00e7\u00f5es espalhadas na web obt\u00eam logicamente uma pontua\u00e7\u00e3o elevada da Betting.com\/br, visto que isso significa que s\u00e3o seguras para os jogadores.<\/p>\n\n\n\t\t<\/article>\n\t\t<div class=\"lg:w-[300px] lg:flex-shrink-0 relative\" x-data=\"{show_toc: false}\">\n\t\t\t<div class=\"lg:sticky lg:top-4 z-30\">\n\t\t\t\t<div class=\"fixed -top-64 left-0 w-full z-50 lg:static transition-all hidden lg:block\" id=\"fixed-toc\">\n\t\t\t\t\t<div>\n\t\t\t\t<div class=\"border-b border-solid border-gray-30 text-lg font-bold lg:pt-7 max-lg:px-4 py-3 flex items-center justify-between bg-white lg:bg-transparent\">\n\t\t\tO que h\u00e1 nesta p\u00e1gina\n\t\t\t<button @click=\"show_toc = true\" class=\"btn btn-red-outline-white block lg:hidden\">Jump to<\/button>\n\t\t<\/div>\n\t\t\t\t<div\n\t\t\tclass=\"max-lg:fixed max-lg:top-0 max-lg:left-0 max-lg:w-screen max-lg:h-screen max-lg:bg-gray-70 max-lg:bg-opacity-75 max-lg:hidden\"\n\t\t\t:class=\"{'max-lg:hidden': !show_toc}\"\n\t\t\t@click=\"show_toc = false\"\n\t\t>\n\t\t\t<div class=\"max-lg:absolute max-lg:bottom-0 max-lg:left-0 max-lg:w-screen bg-white lg:bg-transparent\">\n\t\t\t\t\t\t\t\t<div class=\"flex lg:hidden items-center justify-between mx-4 border-b border-solid border-gray-30 pt-6 pb-2 font-bold\">\n\n\t\t\t\t\tNesta p\u00e1gina\n\t\t\t\t\t<button @click=\"show_toc = false\">\n\t\t\t\t\t\t<svg class=\"w-5 h-5 text-gray-100\" xmlns=\"http:\/\/www.w3.org\/2000\/svg\" fill=\"none\" stroke=\"currentColor\" stroke-width=\"1.5\" class=\"w-6 h-6\" viewBox=\"0 0 24 24\"><path stroke-linecap=\"round\" stroke-linejoin=\"round\" d=\"M6 18 18 6M6 6l12 12\"\/><\/svg>\t\t\t\t\t<\/button>\n\t\t\t\t<\/div>\n\t\t\t\t<ul id=\"toc\" class=\"mt-5 max-h-[85vh] overflow-y-auto list-none bt-scrollbars\">\n\n\t\t\t\t\t\t\t\t\t\t\t<li>\n\t\t\t\t\t\t\t<a href=\"#bonus-e-promocoes-de-casas-de-apostas-recentemente-verificas\" data-bt-toc-item=\"bonus-e-promocoes-de-casas-de-apostas-recentemente-verificas\"\n\t\t\t\t\t\t\t\t @click=\"show_toc = false\"\n\t\t\t\t\t\t\t\t class=\"block px-4 py-2 text-black border-l-4 border-solid border-transparent hover:border-red-100 transition-all hover:!border-b-0 hover:font-bold\">\nB\u00f4nus e promo\u00e7\u00f5es de casas de apostas recentemente verificas\n<\/a>\n\t\t\t\t\t\t<\/li>\n\t\t\t\t\t\t\t\t\t\t\t<li>\n\t\t\t\t\t\t\t<a href=\"#como-e-que-a-betting-com-o-ajuda-a-escolher-novas-casas-de-apostas-e-a-reclamar-o-bonus\" data-bt-toc-item=\"como-e-que-a-betting-com-o-ajuda-a-escolher-novas-casas-de-apostas-e-a-reclamar-o-bonus\"\n\t\t\t\t\t\t\t\t @click=\"show_toc = false\"\n\t\t\t\t\t\t\t\t class=\"block px-4 py-2 text-black border-l-4 border-solid border-transparent hover:border-red-100 transition-all hover:!border-b-0 hover:font-bold\">\nComo \u00e9 que o Betting.com o ajuda a escolher novas casas de apostas e a resgatar o b\u00f4nus?\n<\/a>\n\t\t\t\t\t\t<\/li>\n\t\t\t\t\t\t\t\t\t\t\t<li>\n\t\t\t\t\t\t\t<a href=\"#aposta-gratis-aposta-correspondida-de-casa-de-apostas\" data-bt-toc-item=\"aposta-gratis-aposta-correspondida-de-casa-de-apostas\"\n\t\t\t\t\t\t\t\t @click=\"show_toc = false\"\n\t\t\t\t\t\t\t\t class=\"block px-4 py-2 text-black border-l-4 border-solid border-transparent hover:border-red-100 transition-all hover:!border-b-0 hover:font-bold\">\nAposta gr\u00e1tis (aposta correspondida) de casa de apostas\n<\/a>\n\t\t\t\t\t\t<\/li>\n\t\t\t\t\t\t\t\t\t\t\t<li>\n\t\t\t\t\t\t\t<a href=\"#bonus-de-registo-de-casa-de-aposta-bonus-de-boas-vindas\" data-bt-toc-item=\"bonus-de-registo-de-casa-de-aposta-bonus-de-boas-vindas\"\n\t\t\t\t\t\t\t\t @click=\"show_toc = false\"\n\t\t\t\t\t\t\t\t class=\"block px-4 py-2 text-black border-l-4 border-solid border-transparent hover:border-red-100 transition-all hover:!border-b-0 hover:font-bold\">\nB\u00f4nus de registro de casa de aposta (b\u00f4nus de boas-vindas)\n<\/a>\n\t\t\t\t\t\t<\/li>\n\t\t\t\t\t\t\t\t\t\t\t<li>\n\t\t\t\t\t\t\t<a href=\"#como-e-que-a-betting-com-pontua-as-casas-de-apostas\" data-bt-toc-item=\"como-e-que-a-betting-com-pontua-as-casas-de-apostas\"\n\t\t\t\t\t\t\t\t @click=\"show_toc = false\"\n\t\t\t\t\t\t\t\t class=\"block px-4 py-2 text-black border-l-4 border-solid border-transparent hover:border-red-100 transition-all hover:!border-b-0 hover:font-bold\">\nComo \u00e9 que a Betting.com pontua as casas de apostas\n<\/a>\n\t\t\t\t\t\t<\/li>\n\t\t\t\t\t\t\t\t\t<\/ul>\n\t\t\t\t\t\t\t\t\t\t\t<\/div>\n\t\t<\/div>\n\t<\/div>\n\t\t\t\t\t<\/div>\n\t\t\t<\/div>\n\t\t<\/div>\n\t<\/div>\n<\/div>\n\t<\/div>\n<\/div>\n\n","protected":false},"excerpt":{"rendered":"","protected":false},"author":9,"featured_media":0,"parent":0,"menu_order":0,"comment_status":"closed","ping_status":"closed","template":"","meta":{"footnotes":""},"tags":[],"acf":[],"_links":{"self":[{"href":"https:\/\/betting.com\/br\/wp-json\/wp\/v2\/pages\/100"}],"collection":[{"href":"https:\/\/betting.com\/br\/wp-json\/wp\/v2\/pages"}],"about":[{"href":"https:\/\/betting.com\/br\/wp-json\/wp\/v2\/types\/page"}],"author":[{"embeddable":true,"href":"https:\/\/betting.com\/br\/wp-json\/wp\/v2\/users\/9"}],"replies":[{"embeddable":true,"href":"https:\/\/betting.com\/br\/wp-json\/wp\/v2\/comments?post=100"}],"version-history":[{"count":7,"href":"https:\/\/betting.com\/br\/wp-json\/wp\/v2\/pages\/100\/revisions"}],"predecessor-version":[{"id":3739,"href":"https:\/\/betting.com\/br\/wp-json\/wp\/v2\/pages\/100\/revisions\/3739"}],"wp:attachment":[{"href":"https:\/\/betting.com\/br\/wp-json\/wp\/v2\/media?parent=100"}],"wp:term":[{"taxonomy":"post_tag","embeddable":true,"href":"https:\/\/betting.com\/br\/wp-json\/wp\/v2\/tags?post=100"}],"curies":[{"name":"wp","href":"https:\/\/api.w.org\/{rel}","templated":true}]}}